{"id":998123,"date":"2022-02-21T15:42:30","date_gmt":"2022-02-21T13:42:30","guid":{"rendered":"https:\/\/dolores.ee\/product\/gigi-new-age-g4-neck-decollete-cream-50ml\/"},"modified":"2025-08-24T09:50:24","modified_gmt":"2025-08-24T06:50:24","slug":"gigi-new-age-g4-neck-decollete-cream-50ml","status":"publish","type":"product","link":"https:\/\/dolores.ee\/lv\/product\/gigi-new-age-g4-neck-decollete-cream-50ml\/","title":{"rendered":"GIGI NEW AGE G4 NECK &#038; DECOLLETE CREAM 50ml"},"content":{"rendered":"<div class=\"vgblk-rw-wrapper limit-wrapper\">\n<p data-start=\"113\" data-end=\"139\"><strong data-start=\"113\" data-end=\"139\">Kakla un dekolt\u0113 kr\u0113ms<\/strong><\/p>\n<p data-start=\"141\" data-end=\"181\">Keram\u012bdu un pept\u012bdu matricu tehnolo\u0123ija.<\/p>\n<p data-start=\"183\" data-end=\"679\">Barojo\u0161s kr\u0113ms kakla un dekolt\u0113 zonai stiprina \u0101du un pie\u0161\u0137ir tai pat\u012bkamu gludu tekst\u016bru. \u0100tra mitruma un kolag\u0113na l\u012bme\u0146a paaugstin\u0101\u0161an\u0101s. \u0100das draudz\u012bgs keram\u012bdu un pept\u012bdu komplekss palielina \u0101das dabisko aizsargbarjeru, nostiprina un uzlabo t\u0101s tekst\u016bru, elast\u012bbu un toni. Stresa mazin\u0101\u0161anai aromterapijas ekstrakti padara \u0101du z\u012bdaini maigu. Regul\u0101ra ikdienas lieto\u0161ana pal\u012bdz uztur\u0113t optim\u0101lu mitruma l\u012bmeni un samazina s\u012bkas grumbi\u0146as. \u0100da k\u013c\u016bst gluda, elast\u012bga un ieg\u016bst jaunu dz\u012bvotsp\u0113ju.<\/p>\n<p data-start=\"681\" data-end=\"820\"><strong data-start=\"681\" data-end=\"695\">Lieto\u0161ana:<\/strong><br data-start=\"695\" data-end=\"698\" \/>Kr\u0113mu lietojiet no r\u012bta un vakar\u0101, vienm\u0113r\u012bgi uzkl\u0101jot kaklam un dekolt\u0113 zonai. Maigi iemas\u0113jiet l\u012bdz piln\u012bgai uzs\u016bk\u0161anai.<\/p>\n<p data-start=\"822\" data-end=\"845\">Dermatolo\u0123iski test\u0113ts.<\/p>\n<hr data-start=\"847\" data-end=\"850\" \/>\n<p data-start=\"852\" data-end=\"1736\"><strong data-start=\"852\" data-end=\"868\">Sast\u0101vda\u013cas:<\/strong><br data-start=\"868\" data-end=\"871\" \/><em data-start=\"871\" data-end=\"1736\">Water (Aqua), Propanediol, Ethoxydiglycol, Cetyl Alcohol, Isononyl Isononanoate, Cetearyl Alcohol, PEG-40 Stearate, C15-19 Alkane, Glycerin, Methyl Gluceth-20, Polysorbate 60, Coco-Caprylate\/Caprate, Sorbitan Tristearate, Cetearyl Glucoside, Pentylene Glycol, 1,2-Hexanediol, Butyrospermum Parkii (Shea) Butter, Fragrance (Parfum), Ethylhexylglycerin, Caprylyl Glycol, Hydrogenated Vegetable Oil, Prunus Amygdalus Dulcis (Sweet Almond) Oil, Xanthan Gum, Tocopheryl Acetate, Alcohol, Sodium Hyaluronate, Copper Tripeptide-1, Coco-Glucoside, Polysorbate 80, BHT, Nonapeptide-1, Sodium Acrylates Copolymer, Lecithin, Acetyl Hexapeptide-8, Coffea Arabica (Coffee) Seed Oil, Glucose, Tetrapeptide-4, Sodium Citrate, Khaya Senegalensis Bark Extract, Maltodextrin, Glaucine, Citric Acid, Soy Isoflavones, Tocopherol, Biotin, Benzyl Salicylate, Citral, Geraniol, Linalool<\/em><\/p>\n<\/div>\n<p><!-- .vgblk-rw-wrapper --><\/p>\n","protected":false},"excerpt":{"rendered":"<p>Kr\u0113ms kakla un dekolt\u0113 baro \u0101du, stiprina to un pie\u0161\u0137ir pat\u012bkamu gludu tekst\u016bru.<\/p>\n","protected":false},"featured_media":998124,"comment_status":"open","ping_status":"closed","template":"","meta":[],"product_brand":[],"product_cat":[720,676,718],"product_tag":[],"giftcard-category":[],"class_list":{"0":"post-998123","1":"product","2":"type-product","3":"status-publish","4":"has-post-thumbnail","6":"product_cat-kakla-kopsana","7":"product_cat-sale-lv","8":"product_cat-sejas-kopsana","10":"first","11":"instock","12":"taxable","13":"shipping-taxable","14":"purchasable","15":"product-type-simple"},"yoast_head":"<!-- This site is optimized with the Yoast SEO Premium plugin v25.1 (Yoast SEO v25.7) - https:\/\/yoast.com\/wordpress\/plugins\/seo\/ -->\n<title>GIGI NEW AGE G4 NECK &amp; DECOLLETE CREAM 50ml ~ Dolores<\/title>\n<meta name=\"robots\" content=\"index, follow, max-snippet:-1, max-image-preview:large, max-video-preview:-1\" \/>\n<link rel=\"canonical\" href=\"https:\/\/dolores.ee\/lv\/product\/gigi-new-age-g4-neck-decollete-cream-50ml\/\" \/>\n<meta property=\"og:locale\" content=\"lv_LV\" \/>\n<meta property=\"og:type\" content=\"article\" \/>\n<meta property=\"og:title\" content=\"GIGI NEW AGE G4 NECK &amp; DECOLLETE CREAM 50ml\" \/>\n<meta property=\"og:description\" content=\"Kr\u0113ms kakla un dekolt\u0113 baro \u0101du, stiprina to un pie\u0161\u0137ir pat\u012bkamu gludu tekst\u016bru.\" \/>\n<meta property=\"og:url\" content=\"https:\/\/dolores.ee\/lv\/product\/gigi-new-age-g4-neck-decollete-cream-50ml\/\" \/>\n<meta property=\"og:site_name\" content=\"Dolores\" \/>\n<meta property=\"article:publisher\" content=\"https:\/\/www.facebook.com\/doloresepood\/\" \/>\n<meta property=\"article:modified_time\" content=\"2025-08-24T06:50:24+00:00\" \/>\n<meta property=\"og:image\" content=\"https:\/\/dolores.ee\/wp-content\/uploads\/2022\/02\/GIGI-G4-Neck-Decollete-cream-web.jpg\" \/>\n\t<meta property=\"og:image:width\" content=\"1200\" \/>\n\t<meta property=\"og:image:height\" content=\"922\" \/>\n\t<meta property=\"og:image:type\" content=\"image\/jpeg\" \/>\n<meta name=\"twitter:card\" content=\"summary_large_image\" \/>\n<meta name=\"twitter:label1\" content=\"Est. reading time\" \/>\n\t<meta name=\"twitter:data1\" content=\"1 minute\" \/>\n<script type=\"application\/ld+json\" class=\"yoast-schema-graph\">{\"@context\":\"https:\/\/schema.org\",\"@graph\":[{\"@type\":\"WebPage\",\"@id\":\"https:\/\/dolores.ee\/lv\/product\/gigi-new-age-g4-neck-decollete-cream-50ml\/\",\"url\":\"https:\/\/dolores.ee\/lv\/product\/gigi-new-age-g4-neck-decollete-cream-50ml\/\",\"name\":\"GIGI NEW AGE G4 NECK & DECOLLETE CREAM 50ml ~ Dolores\",\"isPartOf\":{\"@id\":\"https:\/\/dolores.ee\/lv\/#website\"},\"primaryImageOfPage\":{\"@id\":\"https:\/\/dolores.ee\/lv\/product\/gigi-new-age-g4-neck-decollete-cream-50ml\/#primaryimage\"},\"image\":{\"@id\":\"https:\/\/dolores.ee\/lv\/product\/gigi-new-age-g4-neck-decollete-cream-50ml\/#primaryimage\"},\"thumbnailUrl\":\"https:\/\/dolores.ee\/wp-content\/uploads\/2022\/02\/GIGI-G4-Neck-Decollete-cream-web.jpg\",\"datePublished\":\"2022-02-21T13:42:30+00:00\",\"dateModified\":\"2025-08-24T06:50:24+00:00\",\"breadcrumb\":{\"@id\":\"https:\/\/dolores.ee\/lv\/product\/gigi-new-age-g4-neck-decollete-cream-50ml\/#breadcrumb\"},\"inLanguage\":\"lv-LV\",\"potentialAction\":[{\"@type\":\"ReadAction\",\"target\":[\"https:\/\/dolores.ee\/lv\/product\/gigi-new-age-g4-neck-decollete-cream-50ml\/\"]}]},{\"@type\":\"ImageObject\",\"inLanguage\":\"lv-LV\",\"@id\":\"https:\/\/dolores.ee\/lv\/product\/gigi-new-age-g4-neck-decollete-cream-50ml\/#primaryimage\",\"url\":\"https:\/\/dolores.ee\/wp-content\/uploads\/2022\/02\/GIGI-G4-Neck-Decollete-cream-web.jpg\",\"contentUrl\":\"https:\/\/dolores.ee\/wp-content\/uploads\/2022\/02\/GIGI-G4-Neck-Decollete-cream-web.jpg\",\"width\":1200,\"height\":922},{\"@type\":\"BreadcrumbList\",\"@id\":\"https:\/\/dolores.ee\/lv\/product\/gigi-new-age-g4-neck-decollete-cream-50ml\/#breadcrumb\",\"itemListElement\":[{\"@type\":\"ListItem\",\"position\":1,\"name\":\"Home\",\"item\":\"https:\/\/dolores.ee\/lv\/\"},{\"@type\":\"ListItem\",\"position\":2,\"name\":\"E-veikals\",\"item\":\"https:\/\/dolores.ee\/lv\/e-veikals\/\"},{\"@type\":\"ListItem\",\"position\":3,\"name\":\"GIGI NEW AGE G4 NECK &#038; DECOLLETE CREAM 50ml\"}]},{\"@type\":\"WebSite\",\"@id\":\"https:\/\/dolores.ee\/lv\/#website\",\"url\":\"https:\/\/dolores.ee\/lv\/\",\"name\":\"Dolores e-pood\",\"description\":\"Beauty Shop\",\"publisher\":{\"@id\":\"https:\/\/dolores.ee\/lv\/#organization\"},\"alternateName\":\"Dolores\",\"potentialAction\":[{\"@type\":\"SearchAction\",\"target\":{\"@type\":\"EntryPoint\",\"urlTemplate\":\"https:\/\/dolores.ee\/lv\/?s={search_term_string}\"},\"query-input\":{\"@type\":\"PropertyValueSpecification\",\"valueRequired\":true,\"valueName\":\"search_term_string\"}}],\"inLanguage\":\"lv-LV\"},{\"@type\":\"Organization\",\"@id\":\"https:\/\/dolores.ee\/lv\/#organization\",\"name\":\"Dolores O\u00dc\",\"alternateName\":\"Dolores e-pood\",\"url\":\"https:\/\/dolores.ee\/lv\/\",\"logo\":{\"@type\":\"ImageObject\",\"inLanguage\":\"lv-LV\",\"@id\":\"https:\/\/dolores.ee\/lv\/#\/schema\/logo\/image\/\",\"url\":\"https:\/\/dolores.ee\/wp-content\/uploads\/2025\/04\/logo-1.jpg\",\"contentUrl\":\"https:\/\/dolores.ee\/wp-content\/uploads\/2025\/04\/logo-1.jpg\",\"width\":1951,\"height\":660,\"caption\":\"Dolores O\u00dc\"},\"image\":{\"@id\":\"https:\/\/dolores.ee\/lv\/#\/schema\/logo\/image\/\"},\"sameAs\":[\"https:\/\/www.facebook.com\/doloresepood\/\"],\"description\":\"Dolores.ee on kaasaegne veebipood, kust leiad tuntud kaubam\u00e4rkide \u2013 GIGI, Anna Lotan, Hikari, Hlavin \u2013 originaalkosmeetikat. Pakume kvaliteetseid hooldustooteid taskukohaste hindadega ja kiire kohaletoimetamisega \u00fcle Eesti. Nahahooldus pole kunagi olnud nii lihtne ja soodne!\",\"email\":\"dolores@dolores.ee\",\"telephone\":\"372 644 2440\",\"legalName\":\"Dolores O\u00dc\",\"foundingDate\":\"1998-02-09\",\"vatID\":\"EE100050280\",\"numberOfEmployees\":{\"@type\":\"QuantitativeValue\",\"minValue\":\"11\",\"maxValue\":\"50\"}}]}<\/script>\n<!-- \/ Yoast SEO Premium plugin. -->","yoast_head_json":{"title":"GIGI NEW AGE G4 NECK & DECOLLETE CREAM 50ml ~ Dolores","robots":{"index":"index","follow":"follow","max-snippet":"max-snippet:-1","max-image-preview":"max-image-preview:large","max-video-preview":"max-video-preview:-1"},"canonical":"https:\/\/dolores.ee\/lv\/product\/gigi-new-age-g4-neck-decollete-cream-50ml\/","og_locale":"lv_LV","og_type":"article","og_title":"GIGI NEW AGE G4 NECK & DECOLLETE CREAM 50ml","og_description":"Kr\u0113ms kakla un dekolt\u0113 baro \u0101du, stiprina to un pie\u0161\u0137ir pat\u012bkamu gludu tekst\u016bru.","og_url":"https:\/\/dolores.ee\/lv\/product\/gigi-new-age-g4-neck-decollete-cream-50ml\/","og_site_name":"Dolores","article_publisher":"https:\/\/www.facebook.com\/doloresepood\/","article_modified_time":"2025-08-24T06:50:24+00:00","og_image":[{"width":1200,"height":922,"url":"https:\/\/dolores.ee\/wp-content\/uploads\/2022\/02\/GIGI-G4-Neck-Decollete-cream-web.jpg","type":"image\/jpeg"}],"twitter_card":"summary_large_image","twitter_misc":{"Est. reading time":"1 minute"},"schema":{"@context":"https:\/\/schema.org","@graph":[{"@type":"WebPage","@id":"https:\/\/dolores.ee\/lv\/product\/gigi-new-age-g4-neck-decollete-cream-50ml\/","url":"https:\/\/dolores.ee\/lv\/product\/gigi-new-age-g4-neck-decollete-cream-50ml\/","name":"GIGI NEW AGE G4 NECK & DECOLLETE CREAM 50ml ~ Dolores","isPartOf":{"@id":"https:\/\/dolores.ee\/lv\/#website"},"primaryImageOfPage":{"@id":"https:\/\/dolores.ee\/lv\/product\/gigi-new-age-g4-neck-decollete-cream-50ml\/#primaryimage"},"image":{"@id":"https:\/\/dolores.ee\/lv\/product\/gigi-new-age-g4-neck-decollete-cream-50ml\/#primaryimage"},"thumbnailUrl":"https:\/\/dolores.ee\/wp-content\/uploads\/2022\/02\/GIGI-G4-Neck-Decollete-cream-web.jpg","datePublished":"2022-02-21T13:42:30+00:00","dateModified":"2025-08-24T06:50:24+00:00","breadcrumb":{"@id":"https:\/\/dolores.ee\/lv\/product\/gigi-new-age-g4-neck-decollete-cream-50ml\/#breadcrumb"},"inLanguage":"lv-LV","potentialAction":[{"@type":"ReadAction","target":["https:\/\/dolores.ee\/lv\/product\/gigi-new-age-g4-neck-decollete-cream-50ml\/"]}]},{"@type":"ImageObject","inLanguage":"lv-LV","@id":"https:\/\/dolores.ee\/lv\/product\/gigi-new-age-g4-neck-decollete-cream-50ml\/#primaryimage","url":"https:\/\/dolores.ee\/wp-content\/uploads\/2022\/02\/GIGI-G4-Neck-Decollete-cream-web.jpg","contentUrl":"https:\/\/dolores.ee\/wp-content\/uploads\/2022\/02\/GIGI-G4-Neck-Decollete-cream-web.jpg","width":1200,"height":922},{"@type":"BreadcrumbList","@id":"https:\/\/dolores.ee\/lv\/product\/gigi-new-age-g4-neck-decollete-cream-50ml\/#breadcrumb","itemListElement":[{"@type":"ListItem","position":1,"name":"Home","item":"https:\/\/dolores.ee\/lv\/"},{"@type":"ListItem","position":2,"name":"E-veikals","item":"https:\/\/dolores.ee\/lv\/e-veikals\/"},{"@type":"ListItem","position":3,"name":"GIGI NEW AGE G4 NECK &#038; DECOLLETE CREAM 50ml"}]},{"@type":"WebSite","@id":"https:\/\/dolores.ee\/lv\/#website","url":"https:\/\/dolores.ee\/lv\/","name":"Dolores e-pood","description":"Beauty Shop","publisher":{"@id":"https:\/\/dolores.ee\/lv\/#organization"},"alternateName":"Dolores","potentialAction":[{"@type":"SearchAction","target":{"@type":"EntryPoint","urlTemplate":"https:\/\/dolores.ee\/lv\/?s={search_term_string}"},"query-input":{"@type":"PropertyValueSpecification","valueRequired":true,"valueName":"search_term_string"}}],"inLanguage":"lv-LV"},{"@type":"Organization","@id":"https:\/\/dolores.ee\/lv\/#organization","name":"Dolores O\u00dc","alternateName":"Dolores e-pood","url":"https:\/\/dolores.ee\/lv\/","logo":{"@type":"ImageObject","inLanguage":"lv-LV","@id":"https:\/\/dolores.ee\/lv\/#\/schema\/logo\/image\/","url":"https:\/\/dolores.ee\/wp-content\/uploads\/2025\/04\/logo-1.jpg","contentUrl":"https:\/\/dolores.ee\/wp-content\/uploads\/2025\/04\/logo-1.jpg","width":1951,"height":660,"caption":"Dolores O\u00dc"},"image":{"@id":"https:\/\/dolores.ee\/lv\/#\/schema\/logo\/image\/"},"sameAs":["https:\/\/www.facebook.com\/doloresepood\/"],"description":"Dolores.ee on kaasaegne veebipood, kust leiad tuntud kaubam\u00e4rkide \u2013 GIGI, Anna Lotan, Hikari, Hlavin \u2013 originaalkosmeetikat. Pakume kvaliteetseid hooldustooteid taskukohaste hindadega ja kiire kohaletoimetamisega \u00fcle Eesti. Nahahooldus pole kunagi olnud nii lihtne ja soodne!","email":"dolores@dolores.ee","telephone":"372 644 2440","legalName":"Dolores O\u00dc","foundingDate":"1998-02-09","vatID":"EE100050280","numberOfEmployees":{"@type":"QuantitativeValue","minValue":"11","maxValue":"50"}}]}},"_links":{"self":[{"href":"https:\/\/dolores.ee\/lv\/wp-json\/wp\/v2\/product\/998123","targetHints":{"allow":["GET"]}}],"collection":[{"href":"https:\/\/dolores.ee\/lv\/wp-json\/wp\/v2\/product"}],"about":[{"href":"https:\/\/dolores.ee\/lv\/wp-json\/wp\/v2\/types\/product"}],"replies":[{"embeddable":true,"href":"https:\/\/dolores.ee\/lv\/wp-json\/wp\/v2\/comments?post=998123"}],"version-history":[{"count":0,"href":"https:\/\/dolores.ee\/lv\/wp-json\/wp\/v2\/product\/998123\/revisions"}],"wp:featuredmedia":[{"embeddable":true,"href":"https:\/\/dolores.ee\/lv\/wp-json\/wp\/v2\/media\/998124"}],"wp:attachment":[{"href":"https:\/\/dolores.ee\/lv\/wp-json\/wp\/v2\/media?parent=998123"}],"wp:term":[{"taxonomy":"product_brand","embeddable":true,"href":"https:\/\/dolores.ee\/lv\/wp-json\/wp\/v2\/product_brand?post=998123"},{"taxonomy":"product_cat","embeddable":true,"href":"https:\/\/dolores.ee\/lv\/wp-json\/wp\/v2\/product_cat?post=998123"},{"taxonomy":"product_tag","embeddable":true,"href":"https:\/\/dolores.ee\/lv\/wp-json\/wp\/v2\/product_tag?post=998123"},{"taxonomy":"giftcard-category","embeddable":true,"href":"https:\/\/dolores.ee\/lv\/wp-json\/wp\/v2\/giftcard-category?post=998123"}],"curies":[{"name":"wp","href":"https:\/\/api.w.org\/{rel}","templated":true}]}}