{"id":998126,"date":"2022-02-21T15:07:51","date_gmt":"2022-02-21T13:07:51","guid":{"rendered":"https:\/\/dolores.ee\/product\/gigi-new-age-g4-powerful-eye-cream-20ml\/"},"modified":"2025-07-01T11:06:21","modified_gmt":"2025-07-01T08:06:21","slug":"gigi-new-age-g4-powerful-eye-cream-20ml","status":"publish","type":"product","link":"https:\/\/dolores.ee\/lv\/product\/gigi-new-age-g4-powerful-eye-cream-20ml\/","title":{"rendered":"GIGI NEW AGE G4 POWERFUL EYE CREAM 20ml"},"content":{"rendered":"<div class=\"vgblk-rw-wrapper limit-wrapper\">\n<p data-start=\"94\" data-end=\"122\"><strong data-start=\"94\" data-end=\"122\">Efekt\u012bvs acu zonas kr\u0113ms<\/strong><\/p>\n<p data-start=\"124\" data-end=\"835\">Mitro\u0161s acu zonas kr\u0113ms iedarbojas \u0101tri un dzi\u013ci, nodro\u0161inot t\u016bl\u012bt\u0113ju izl\u012bdzino\u0161u efektu.<br data-start=\"213\" data-end=\"216\" \/>Tas palielina \u0101das virsmas sl\u0101\u0146u mitruma l\u012bmeni un pal\u012bdz to saglab\u0101t visos \u0101das sl\u0101\u0146os. \u0100dai draudz\u012bgais ceram\u012bdu un pept\u012bdu komplekss pa\u0101trina acu zonas \u0101das atjauno\u0161anos un atjaunotni, samazina grumbi\u0146as un uzlabo \u0101das tekst\u016bru, elast\u012bbu un stingr\u012bbu.<br data-start=\"470\" data-end=\"473\" \/>Satur \u0101du mitrino\u0161as un nomierino\u0161as sast\u0101vda\u013cas, tostarp sviesta s\u0113klu e\u013c\u013cu, kvinojas ekstraktu, a\u013c\u0123u ekstraktu, hialuronsk\u0101bi, allantoinu, pentanolu un ol\u012bve\u013c\u013cu.<br data-start=\"636\" data-end=\"639\" \/>Stiprina \u0101das aizsargbarjeru, nov\u0113r\u0161ot boj\u0101jumus, ko izraisa apk\u0101rt\u0113j\u0101s vides faktori un starojums.<br data-start=\"738\" data-end=\"741\" \/>Regul\u0101ra ikdienas lieto\u0161ana nostiprina jut\u012bgo \u0101du un pie\u0161\u0137ir acu zonai svaigu un t\u012bru izskatu.<\/p>\n<p data-start=\"837\" data-end=\"995\"><strong data-start=\"837\" data-end=\"851\">Lieto\u0161ana:<\/strong><br data-start=\"851\" data-end=\"854\" \/>Lietojiet kr\u0113mu no r\u012bta un vakar\u0101 k\u0101 pirmo soli \u0101das kop\u0161anas ritu\u0101l\u0101, viegli iemas\u0113jot ar ap\u013cveida kust\u012bb\u0101m ap ac\u012bm. Piem\u0113rots jut\u012bgai \u0101dai.<\/p>\n<p data-start=\"997\" data-end=\"1020\">Dermatolo\u0123iski test\u0113ts.<\/p>\n<p data-start=\"1022\" data-end=\"2050\"><strong data-start=\"1022\" data-end=\"1038\">Sast\u0101vda\u013cas:<\/strong><br data-start=\"1038\" data-end=\"1041\" \/><em data-start=\"1041\" data-end=\"2050\">Water (Aqua), Glycerin, Alcohol Denat., Cetyl Alcohol, PEG-40 Stearate, Propanediol, Pentylene Glycol, Niacinamide, Tranexamic Acid, Triethanolamine, Squalane, PEG-8 Beeswax, Esculin, Succinic Acid, Sorbitan Tristearate, Sodium Hyaluronate, Butylene Glycol, Phenoxyethanol, Butyrospermum Parkii (Shea) Butter, Glyceryl Rosinate, Carthamus Tinctorius (Safflower) Seed Oil, Hydroxyethyl Acrylate\/Sodium Acryloyldimethyl Taurate Copolymer, Titanium Dioxide, Albizia Julibrissin Bark Extract, Isohexadecane, Octyldodecanol, PVP, Fragrance (Parfum), Silica, Allantoin, Bisabolol, Xanthan Gum, Chlorphenesin, Olea Europaea (Olive) Oil Unsaponifiables, Polysorbate 60, Caprylyl Glycol, Tocopheryl Acetate, Spilanthes Acmella Flower\/Leaf\/Stem Extract, Astragalus Membranaceus Root Extract, Sorbitan Isostearate, BHT, Glyceryl Acrylate\/Acrylic Acid Copolymer, Chenopodium Quinoa Seed Extract, Mica, PVM\/MA Copolymer, Ubiquinone, Sodium Benzoate, Tocopherol, Darutoside, Benzyl Salicylate, Citral, Geraniol, Linalool.<\/em><\/p>\n<\/div>\n<p><!-- .vgblk-rw-wrapper --><\/p>\n","protected":false},"excerpt":{"rendered":"<p>Mitro\u0161s acu zonas kr\u0113ms iedarbojas \u0101tri un dzi\u013ci, nodro\u0161inot t\u016bl\u012bt\u0113ju izl\u012bdzino\u0161u efektu.<\/p>\n","protected":false},"featured_media":998127,"comment_status":"open","ping_status":"closed","template":"","meta":[],"product_brand":[],"product_cat":[728,676,718],"product_tag":[],"giftcard-category":[],"class_list":{"0":"post-998126","1":"product","2":"type-product","3":"status-publish","4":"has-post-thumbnail","6":"product_cat-acu-kopsana","7":"product_cat-sale-lv","8":"product_cat-sejas-kopsana","10":"first","11":"instock","12":"taxable","13":"shipping-taxable","14":"purchasable","15":"product-type-simple"},"yoast_head":"<!-- This site is optimized with the Yoast SEO Premium plugin v25.1 (Yoast SEO v25.7) - https:\/\/yoast.com\/wordpress\/plugins\/seo\/ -->\n<title>GIGI NEW AGE G4 POWERFUL EYE CREAM 20ml ~ Dolores<\/title>\n<meta name=\"robots\" content=\"index, follow, max-snippet:-1, max-image-preview:large, max-video-preview:-1\" \/>\n<link rel=\"canonical\" href=\"https:\/\/dolores.ee\/lv\/product\/gigi-new-age-g4-powerful-eye-cream-20ml\/\" \/>\n<meta property=\"og:locale\" content=\"lv_LV\" \/>\n<meta property=\"og:type\" content=\"article\" \/>\n<meta property=\"og:title\" content=\"GIGI NEW AGE G4 POWERFUL EYE CREAM 20ml\" \/>\n<meta property=\"og:description\" content=\"Mitro\u0161s acu zonas kr\u0113ms iedarbojas \u0101tri un dzi\u013ci, nodro\u0161inot t\u016bl\u012bt\u0113ju izl\u012bdzino\u0161u efektu.\" \/>\n<meta property=\"og:url\" content=\"https:\/\/dolores.ee\/lv\/product\/gigi-new-age-g4-powerful-eye-cream-20ml\/\" \/>\n<meta property=\"og:site_name\" content=\"Dolores\" \/>\n<meta property=\"article:publisher\" content=\"https:\/\/www.facebook.com\/doloresepood\/\" \/>\n<meta property=\"article:modified_time\" content=\"2025-07-01T08:06:21+00:00\" \/>\n<meta property=\"og:image\" content=\"https:\/\/dolores.ee\/wp-content\/uploads\/2022\/02\/GIGI-G4-Eye-Cream-20ml.jpg\" \/>\n\t<meta property=\"og:image:width\" content=\"800\" \/>\n\t<meta property=\"og:image:height\" content=\"800\" \/>\n\t<meta property=\"og:image:type\" content=\"image\/jpeg\" \/>\n<meta name=\"twitter:card\" content=\"summary_large_image\" \/>\n<meta name=\"twitter:label1\" content=\"Est. reading time\" \/>\n\t<meta name=\"twitter:data1\" content=\"1 minute\" \/>\n<script type=\"application\/ld+json\" class=\"yoast-schema-graph\">{\"@context\":\"https:\/\/schema.org\",\"@graph\":[{\"@type\":\"WebPage\",\"@id\":\"https:\/\/dolores.ee\/lv\/product\/gigi-new-age-g4-powerful-eye-cream-20ml\/\",\"url\":\"https:\/\/dolores.ee\/lv\/product\/gigi-new-age-g4-powerful-eye-cream-20ml\/\",\"name\":\"GIGI NEW AGE G4 POWERFUL EYE CREAM 20ml ~ Dolores\",\"isPartOf\":{\"@id\":\"https:\/\/dolores.ee\/lv\/#website\"},\"primaryImageOfPage\":{\"@id\":\"https:\/\/dolores.ee\/lv\/product\/gigi-new-age-g4-powerful-eye-cream-20ml\/#primaryimage\"},\"image\":{\"@id\":\"https:\/\/dolores.ee\/lv\/product\/gigi-new-age-g4-powerful-eye-cream-20ml\/#primaryimage\"},\"thumbnailUrl\":\"https:\/\/dolores.ee\/wp-content\/uploads\/2022\/02\/GIGI-G4-Eye-Cream-20ml.jpg\",\"datePublished\":\"2022-02-21T13:07:51+00:00\",\"dateModified\":\"2025-07-01T08:06:21+00:00\",\"breadcrumb\":{\"@id\":\"https:\/\/dolores.ee\/lv\/product\/gigi-new-age-g4-powerful-eye-cream-20ml\/#breadcrumb\"},\"inLanguage\":\"lv-LV\",\"potentialAction\":[{\"@type\":\"ReadAction\",\"target\":[\"https:\/\/dolores.ee\/lv\/product\/gigi-new-age-g4-powerful-eye-cream-20ml\/\"]}]},{\"@type\":\"ImageObject\",\"inLanguage\":\"lv-LV\",\"@id\":\"https:\/\/dolores.ee\/lv\/product\/gigi-new-age-g4-powerful-eye-cream-20ml\/#primaryimage\",\"url\":\"https:\/\/dolores.ee\/wp-content\/uploads\/2022\/02\/GIGI-G4-Eye-Cream-20ml.jpg\",\"contentUrl\":\"https:\/\/dolores.ee\/wp-content\/uploads\/2022\/02\/GIGI-G4-Eye-Cream-20ml.jpg\",\"width\":800,\"height\":800},{\"@type\":\"BreadcrumbList\",\"@id\":\"https:\/\/dolores.ee\/lv\/product\/gigi-new-age-g4-powerful-eye-cream-20ml\/#breadcrumb\",\"itemListElement\":[{\"@type\":\"ListItem\",\"position\":1,\"name\":\"Home\",\"item\":\"https:\/\/dolores.ee\/lv\/\"},{\"@type\":\"ListItem\",\"position\":2,\"name\":\"E-veikals\",\"item\":\"https:\/\/dolores.ee\/lv\/e-veikals\/\"},{\"@type\":\"ListItem\",\"position\":3,\"name\":\"GIGI NEW AGE G4 POWERFUL EYE CREAM 20ml\"}]},{\"@type\":\"WebSite\",\"@id\":\"https:\/\/dolores.ee\/lv\/#website\",\"url\":\"https:\/\/dolores.ee\/lv\/\",\"name\":\"Dolores e-pood\",\"description\":\"Beauty Shop\",\"publisher\":{\"@id\":\"https:\/\/dolores.ee\/lv\/#organization\"},\"alternateName\":\"Dolores\",\"potentialAction\":[{\"@type\":\"SearchAction\",\"target\":{\"@type\":\"EntryPoint\",\"urlTemplate\":\"https:\/\/dolores.ee\/lv\/?s={search_term_string}\"},\"query-input\":{\"@type\":\"PropertyValueSpecification\",\"valueRequired\":true,\"valueName\":\"search_term_string\"}}],\"inLanguage\":\"lv-LV\"},{\"@type\":\"Organization\",\"@id\":\"https:\/\/dolores.ee\/lv\/#organization\",\"name\":\"Dolores O\u00dc\",\"alternateName\":\"Dolores e-pood\",\"url\":\"https:\/\/dolores.ee\/lv\/\",\"logo\":{\"@type\":\"ImageObject\",\"inLanguage\":\"lv-LV\",\"@id\":\"https:\/\/dolores.ee\/lv\/#\/schema\/logo\/image\/\",\"url\":\"https:\/\/dolores.ee\/wp-content\/uploads\/2025\/04\/logo-1.jpg\",\"contentUrl\":\"https:\/\/dolores.ee\/wp-content\/uploads\/2025\/04\/logo-1.jpg\",\"width\":1951,\"height\":660,\"caption\":\"Dolores O\u00dc\"},\"image\":{\"@id\":\"https:\/\/dolores.ee\/lv\/#\/schema\/logo\/image\/\"},\"sameAs\":[\"https:\/\/www.facebook.com\/doloresepood\/\"],\"description\":\"Dolores.ee on kaasaegne veebipood, kust leiad tuntud kaubam\u00e4rkide \u2013 GIGI, Anna Lotan, Hikari, Hlavin \u2013 originaalkosmeetikat. Pakume kvaliteetseid hooldustooteid taskukohaste hindadega ja kiire kohaletoimetamisega \u00fcle Eesti. Nahahooldus pole kunagi olnud nii lihtne ja soodne!\",\"email\":\"dolores@dolores.ee\",\"telephone\":\"372 644 2440\",\"legalName\":\"Dolores O\u00dc\",\"foundingDate\":\"1998-02-09\",\"vatID\":\"EE100050280\",\"numberOfEmployees\":{\"@type\":\"QuantitativeValue\",\"minValue\":\"11\",\"maxValue\":\"50\"}}]}<\/script>\n<!-- \/ Yoast SEO Premium plugin. -->","yoast_head_json":{"title":"GIGI NEW AGE G4 POWERFUL EYE CREAM 20ml ~ Dolores","robots":{"index":"index","follow":"follow","max-snippet":"max-snippet:-1","max-image-preview":"max-image-preview:large","max-video-preview":"max-video-preview:-1"},"canonical":"https:\/\/dolores.ee\/lv\/product\/gigi-new-age-g4-powerful-eye-cream-20ml\/","og_locale":"lv_LV","og_type":"article","og_title":"GIGI NEW AGE G4 POWERFUL EYE CREAM 20ml","og_description":"Mitro\u0161s acu zonas kr\u0113ms iedarbojas \u0101tri un dzi\u013ci, nodro\u0161inot t\u016bl\u012bt\u0113ju izl\u012bdzino\u0161u efektu.","og_url":"https:\/\/dolores.ee\/lv\/product\/gigi-new-age-g4-powerful-eye-cream-20ml\/","og_site_name":"Dolores","article_publisher":"https:\/\/www.facebook.com\/doloresepood\/","article_modified_time":"2025-07-01T08:06:21+00:00","og_image":[{"width":800,"height":800,"url":"https:\/\/dolores.ee\/wp-content\/uploads\/2022\/02\/GIGI-G4-Eye-Cream-20ml.jpg","type":"image\/jpeg"}],"twitter_card":"summary_large_image","twitter_misc":{"Est. reading time":"1 minute"},"schema":{"@context":"https:\/\/schema.org","@graph":[{"@type":"WebPage","@id":"https:\/\/dolores.ee\/lv\/product\/gigi-new-age-g4-powerful-eye-cream-20ml\/","url":"https:\/\/dolores.ee\/lv\/product\/gigi-new-age-g4-powerful-eye-cream-20ml\/","name":"GIGI NEW AGE G4 POWERFUL EYE CREAM 20ml ~ Dolores","isPartOf":{"@id":"https:\/\/dolores.ee\/lv\/#website"},"primaryImageOfPage":{"@id":"https:\/\/dolores.ee\/lv\/product\/gigi-new-age-g4-powerful-eye-cream-20ml\/#primaryimage"},"image":{"@id":"https:\/\/dolores.ee\/lv\/product\/gigi-new-age-g4-powerful-eye-cream-20ml\/#primaryimage"},"thumbnailUrl":"https:\/\/dolores.ee\/wp-content\/uploads\/2022\/02\/GIGI-G4-Eye-Cream-20ml.jpg","datePublished":"2022-02-21T13:07:51+00:00","dateModified":"2025-07-01T08:06:21+00:00","breadcrumb":{"@id":"https:\/\/dolores.ee\/lv\/product\/gigi-new-age-g4-powerful-eye-cream-20ml\/#breadcrumb"},"inLanguage":"lv-LV","potentialAction":[{"@type":"ReadAction","target":["https:\/\/dolores.ee\/lv\/product\/gigi-new-age-g4-powerful-eye-cream-20ml\/"]}]},{"@type":"ImageObject","inLanguage":"lv-LV","@id":"https:\/\/dolores.ee\/lv\/product\/gigi-new-age-g4-powerful-eye-cream-20ml\/#primaryimage","url":"https:\/\/dolores.ee\/wp-content\/uploads\/2022\/02\/GIGI-G4-Eye-Cream-20ml.jpg","contentUrl":"https:\/\/dolores.ee\/wp-content\/uploads\/2022\/02\/GIGI-G4-Eye-Cream-20ml.jpg","width":800,"height":800},{"@type":"BreadcrumbList","@id":"https:\/\/dolores.ee\/lv\/product\/gigi-new-age-g4-powerful-eye-cream-20ml\/#breadcrumb","itemListElement":[{"@type":"ListItem","position":1,"name":"Home","item":"https:\/\/dolores.ee\/lv\/"},{"@type":"ListItem","position":2,"name":"E-veikals","item":"https:\/\/dolores.ee\/lv\/e-veikals\/"},{"@type":"ListItem","position":3,"name":"GIGI NEW AGE G4 POWERFUL EYE CREAM 20ml"}]},{"@type":"WebSite","@id":"https:\/\/dolores.ee\/lv\/#website","url":"https:\/\/dolores.ee\/lv\/","name":"Dolores e-pood","description":"Beauty Shop","publisher":{"@id":"https:\/\/dolores.ee\/lv\/#organization"},"alternateName":"Dolores","potentialAction":[{"@type":"SearchAction","target":{"@type":"EntryPoint","urlTemplate":"https:\/\/dolores.ee\/lv\/?s={search_term_string}"},"query-input":{"@type":"PropertyValueSpecification","valueRequired":true,"valueName":"search_term_string"}}],"inLanguage":"lv-LV"},{"@type":"Organization","@id":"https:\/\/dolores.ee\/lv\/#organization","name":"Dolores O\u00dc","alternateName":"Dolores e-pood","url":"https:\/\/dolores.ee\/lv\/","logo":{"@type":"ImageObject","inLanguage":"lv-LV","@id":"https:\/\/dolores.ee\/lv\/#\/schema\/logo\/image\/","url":"https:\/\/dolores.ee\/wp-content\/uploads\/2025\/04\/logo-1.jpg","contentUrl":"https:\/\/dolores.ee\/wp-content\/uploads\/2025\/04\/logo-1.jpg","width":1951,"height":660,"caption":"Dolores O\u00dc"},"image":{"@id":"https:\/\/dolores.ee\/lv\/#\/schema\/logo\/image\/"},"sameAs":["https:\/\/www.facebook.com\/doloresepood\/"],"description":"Dolores.ee on kaasaegne veebipood, kust leiad tuntud kaubam\u00e4rkide \u2013 GIGI, Anna Lotan, Hikari, Hlavin \u2013 originaalkosmeetikat. Pakume kvaliteetseid hooldustooteid taskukohaste hindadega ja kiire kohaletoimetamisega \u00fcle Eesti. Nahahooldus pole kunagi olnud nii lihtne ja soodne!","email":"dolores@dolores.ee","telephone":"372 644 2440","legalName":"Dolores O\u00dc","foundingDate":"1998-02-09","vatID":"EE100050280","numberOfEmployees":{"@type":"QuantitativeValue","minValue":"11","maxValue":"50"}}]}},"_links":{"self":[{"href":"https:\/\/dolores.ee\/lv\/wp-json\/wp\/v2\/product\/998126","targetHints":{"allow":["GET"]}}],"collection":[{"href":"https:\/\/dolores.ee\/lv\/wp-json\/wp\/v2\/product"}],"about":[{"href":"https:\/\/dolores.ee\/lv\/wp-json\/wp\/v2\/types\/product"}],"replies":[{"embeddable":true,"href":"https:\/\/dolores.ee\/lv\/wp-json\/wp\/v2\/comments?post=998126"}],"version-history":[{"count":0,"href":"https:\/\/dolores.ee\/lv\/wp-json\/wp\/v2\/product\/998126\/revisions"}],"wp:featuredmedia":[{"embeddable":true,"href":"https:\/\/dolores.ee\/lv\/wp-json\/wp\/v2\/media\/998127"}],"wp:attachment":[{"href":"https:\/\/dolores.ee\/lv\/wp-json\/wp\/v2\/media?parent=998126"}],"wp:term":[{"taxonomy":"product_brand","embeddable":true,"href":"https:\/\/dolores.ee\/lv\/wp-json\/wp\/v2\/product_brand?post=998126"},{"taxonomy":"product_cat","embeddable":true,"href":"https:\/\/dolores.ee\/lv\/wp-json\/wp\/v2\/product_cat?post=998126"},{"taxonomy":"product_tag","embeddable":true,"href":"https:\/\/dolores.ee\/lv\/wp-json\/wp\/v2\/product_tag?post=998126"},{"taxonomy":"giftcard-category","embeddable":true,"href":"https:\/\/dolores.ee\/lv\/wp-json\/wp\/v2\/giftcard-category?post=998126"}],"curies":[{"name":"wp","href":"https:\/\/api.w.org\/{rel}","templated":true}]}}