{"id":998131,"date":"2022-02-10T14:30:07","date_gmt":"2022-02-10T12:30:07","guid":{"rendered":"https:\/\/dolores.ee\/product\/gigi-new-age-g4-day-cream-spf20-50-ml\/"},"modified":"2025-07-01T11:06:18","modified_gmt":"2025-07-01T08:06:18","slug":"gigi-new-age-g4-day-cream-spf20-50-ml","status":"publish","type":"product","link":"https:\/\/dolores.ee\/lv\/product\/gigi-new-age-g4-day-cream-spf20-50-ml\/","title":{"rendered":"GIGI NEW AGE G4 DAY CREAM SPF20 50 ml"},"content":{"rendered":"<div class=\"vgblk-rw-wrapper limit-wrapper\">\n<p data-start=\"0\" data-end=\"379\">Intens\u012bvi mitrino\u0161s un barojo\u0161s kr\u0113ms nodro\u0161ina \u0101das labsaj\u016btu visu dienu. Satur inovat\u012bvu akt\u012bvo vielu kompleksu.<br data-start=\"114\" data-end=\"117\" \/>Aizsarg\u0101 epidermu no UV staru agr\u012bn\u0101m boj\u0101jumu stadij\u0101m, pastiprina saules aizsardz\u012bbas l\u012bdzek\u013cu iedarb\u012bbu, samazina br\u012bvo radik\u0101\u013cu veido\u0161anos, ko izraisa saules starojums un citi stresa faktori, samazina epidermas mitruma zudumu un stiprina \u0101das aizsargbarjeru.<\/p>\n<p data-start=\"381\" data-end=\"573\"><strong data-start=\"381\" data-end=\"394\">\u012aPA\u0160\u012aBAS:<\/strong><br data-start=\"394\" data-end=\"397\" \/>Mitrina un baro \u0101du dzi\u013ci * aizsarg\u0101 pret oksidat\u012bvo stresu * atjauno \u0101das aizsargbarjeru * aizsarg\u0101 no UV staru kait\u012bg\u0101s ietekmes * stimul\u0113 hialuronsk\u0101bes un kolag\u0113na sint\u0113zi.<\/p>\n<p data-start=\"575\" data-end=\"673\"><strong data-start=\"575\" data-end=\"589\">Lieto\u0161ana:<\/strong><br data-start=\"589\" data-end=\"592\" \/>Uzkl\u0101jiet nelielu kr\u0113ma daudzumu uz sejas un iemas\u0113jiet l\u012bdz piln\u012bgai ies\u016bk\u0161anai.<\/p>\n<p data-start=\"675\" data-end=\"1906\" data-is-last-node=\"\" data-is-only-node=\"\"><em data-start=\"675\" data-end=\"689\">Ingredients:<\/em> <em data-start=\"690\" data-end=\"1906\" data-is-last-node=\"\">Water (Aqua), Ethylhexyl Methoxycinnamate, Octocrylene, Propanediol, Isononyl Isononanoate, Ethoxydiglycol, Cetearyl Ethylhexanoate, Cetearyl Alcohol, Diethylamino Hydroxybenzoyl Hexyl Benzoate, Butyl Methoxydibenzoylmethane, Cetyl Alcohol, Glycerin, Alcohol, Sorbitan Tristearate, Butyrospermum Parkii (Shea) Butter, Aluminum Starch Octenylsuccinate, PEG-100 Stearate, Glyceryl Stearate, Pentylene Glycol, 1,2-Hexanediol, Phenyl Trimethicone, Cetearyl Glucoside, Dimethicone, Ethylhexylglycerin, Fragrance (Parfum), Glycine Soja (Soybean) Oil, Sodium Hyaluronate, Allantoin, Caprylyl Glycol, Xanthan Gum, Tocopheryl Acetate, Copper Tripeptide-1, Onopordum Acanthium Flower\/Leaf\/Stem Extract, Glyceryl Polyacrylate, BHT, Nonapeptide-1, Squalane, Acetyl Hexapeptide-8, Tetrapeptide-4, Glucose, Glucosyl Ceramide, Sodium Acrylates Copolymer, Jasminum Officinale (Jasmine) Flower Extract, Paeonia Officinalis Flower Extract, Prunus Serrulata Flower Extract, Citrus Aurantium Amara (Bitter Orange) Flower Extract, Lavandula Angustifolia (Lavender) Flower Extract, Sambucus Nigra Flower Extract, Lecithin, Tocopherol, Helianthus Annuus Seed Oil, Rosa Damascena Flower Oil, Benzyl Salicylate, Citral, Geraniol, Linalool.<\/em><\/p>\n<\/div>\n<p><!-- .vgblk-rw-wrapper --><\/p>\n","protected":false},"excerpt":{"rendered":"<p>Intens\u012bvi mitrino\u0161s un barojo\u0161s kr\u0113ms nodro\u0161ina \u0101das labsaj\u016btu visu dienu.<\/p>\n","protected":false},"featured_media":998132,"comment_status":"open","ping_status":"closed","template":"","meta":[],"product_brand":[],"product_cat":[725,716,783,676,704,718],"product_tag":[],"giftcard-category":[],"class_list":{"0":"post-998131","1":"product","2":"type-product","3":"status-publish","4":"has-post-thumbnail","6":"product_cat-dienas-krems","7":"product_cat-mitrinosi-produkti","8":"product_cat-pavasara-adas-kopsana","9":"product_cat-sale-lv","10":"product_cat-saules-aizsardziba","11":"product_cat-sejas-kopsana","13":"first","14":"instock","15":"taxable","16":"shipping-taxable","17":"purchasable","18":"product-type-simple"},"yoast_head":"<!-- This site is optimized with the Yoast SEO Premium plugin v25.1 (Yoast SEO v25.7) - https:\/\/yoast.com\/wordpress\/plugins\/seo\/ -->\n<title>GIGI NEW AGE G4 DAY CREAM SPF20 50 ml ~ Dolores<\/title>\n<meta name=\"robots\" content=\"index, follow, max-snippet:-1, max-image-preview:large, max-video-preview:-1\" \/>\n<link rel=\"canonical\" href=\"https:\/\/dolores.ee\/lv\/product\/gigi-new-age-g4-day-cream-spf20-50-ml\/\" \/>\n<meta property=\"og:locale\" content=\"lv_LV\" \/>\n<meta property=\"og:type\" content=\"article\" \/>\n<meta property=\"og:title\" content=\"GIGI NEW AGE G4 DAY CREAM SPF20 50 ml\" \/>\n<meta property=\"og:description\" content=\"Intens\u012bvi mitrino\u0161s un barojo\u0161s kr\u0113ms nodro\u0161ina \u0101das labsaj\u016btu visu dienu.\" \/>\n<meta property=\"og:url\" content=\"https:\/\/dolores.ee\/lv\/product\/gigi-new-age-g4-day-cream-spf20-50-ml\/\" \/>\n<meta property=\"og:site_name\" content=\"Dolores\" \/>\n<meta property=\"article:publisher\" content=\"https:\/\/www.facebook.com\/doloresepood\/\" \/>\n<meta property=\"article:modified_time\" content=\"2025-07-01T08:06:18+00:00\" \/>\n<meta property=\"og:image\" content=\"https:\/\/dolores.ee\/wp-content\/uploads\/2022\/02\/Day-cream-spf20.jpg\" \/>\n\t<meta property=\"og:image:width\" content=\"1200\" \/>\n\t<meta property=\"og:image:height\" content=\"960\" \/>\n\t<meta property=\"og:image:type\" content=\"image\/jpeg\" \/>\n<meta name=\"twitter:card\" content=\"summary_large_image\" \/>\n<meta name=\"twitter:label1\" content=\"Est. reading time\" \/>\n\t<meta name=\"twitter:data1\" content=\"1 minute\" \/>\n<script type=\"application\/ld+json\" class=\"yoast-schema-graph\">{\"@context\":\"https:\/\/schema.org\",\"@graph\":[{\"@type\":\"WebPage\",\"@id\":\"https:\/\/dolores.ee\/lv\/product\/gigi-new-age-g4-day-cream-spf20-50-ml\/\",\"url\":\"https:\/\/dolores.ee\/lv\/product\/gigi-new-age-g4-day-cream-spf20-50-ml\/\",\"name\":\"GIGI NEW AGE G4 DAY CREAM SPF20 50 ml ~ Dolores\",\"isPartOf\":{\"@id\":\"https:\/\/dolores.ee\/lv\/#website\"},\"primaryImageOfPage\":{\"@id\":\"https:\/\/dolores.ee\/lv\/product\/gigi-new-age-g4-day-cream-spf20-50-ml\/#primaryimage\"},\"image\":{\"@id\":\"https:\/\/dolores.ee\/lv\/product\/gigi-new-age-g4-day-cream-spf20-50-ml\/#primaryimage\"},\"thumbnailUrl\":\"https:\/\/dolores.ee\/wp-content\/uploads\/2022\/02\/Day-cream-spf20.jpg\",\"datePublished\":\"2022-02-10T12:30:07+00:00\",\"dateModified\":\"2025-07-01T08:06:18+00:00\",\"breadcrumb\":{\"@id\":\"https:\/\/dolores.ee\/lv\/product\/gigi-new-age-g4-day-cream-spf20-50-ml\/#breadcrumb\"},\"inLanguage\":\"lv-LV\",\"potentialAction\":[{\"@type\":\"ReadAction\",\"target\":[\"https:\/\/dolores.ee\/lv\/product\/gigi-new-age-g4-day-cream-spf20-50-ml\/\"]}]},{\"@type\":\"ImageObject\",\"inLanguage\":\"lv-LV\",\"@id\":\"https:\/\/dolores.ee\/lv\/product\/gigi-new-age-g4-day-cream-spf20-50-ml\/#primaryimage\",\"url\":\"https:\/\/dolores.ee\/wp-content\/uploads\/2022\/02\/Day-cream-spf20.jpg\",\"contentUrl\":\"https:\/\/dolores.ee\/wp-content\/uploads\/2022\/02\/Day-cream-spf20.jpg\",\"width\":1200,\"height\":960},{\"@type\":\"BreadcrumbList\",\"@id\":\"https:\/\/dolores.ee\/lv\/product\/gigi-new-age-g4-day-cream-spf20-50-ml\/#breadcrumb\",\"itemListElement\":[{\"@type\":\"ListItem\",\"position\":1,\"name\":\"Home\",\"item\":\"https:\/\/dolores.ee\/lv\/\"},{\"@type\":\"ListItem\",\"position\":2,\"name\":\"E-veikals\",\"item\":\"https:\/\/dolores.ee\/lv\/e-veikals\/\"},{\"@type\":\"ListItem\",\"position\":3,\"name\":\"GIGI NEW AGE G4 DAY CREAM SPF20 50 ml\"}]},{\"@type\":\"WebSite\",\"@id\":\"https:\/\/dolores.ee\/lv\/#website\",\"url\":\"https:\/\/dolores.ee\/lv\/\",\"name\":\"Dolores e-pood\",\"description\":\"Beauty Shop\",\"publisher\":{\"@id\":\"https:\/\/dolores.ee\/lv\/#organization\"},\"alternateName\":\"Dolores\",\"potentialAction\":[{\"@type\":\"SearchAction\",\"target\":{\"@type\":\"EntryPoint\",\"urlTemplate\":\"https:\/\/dolores.ee\/lv\/?s={search_term_string}\"},\"query-input\":{\"@type\":\"PropertyValueSpecification\",\"valueRequired\":true,\"valueName\":\"search_term_string\"}}],\"inLanguage\":\"lv-LV\"},{\"@type\":\"Organization\",\"@id\":\"https:\/\/dolores.ee\/lv\/#organization\",\"name\":\"Dolores O\u00dc\",\"alternateName\":\"Dolores e-pood\",\"url\":\"https:\/\/dolores.ee\/lv\/\",\"logo\":{\"@type\":\"ImageObject\",\"inLanguage\":\"lv-LV\",\"@id\":\"https:\/\/dolores.ee\/lv\/#\/schema\/logo\/image\/\",\"url\":\"https:\/\/dolores.ee\/wp-content\/uploads\/2025\/04\/logo-1.jpg\",\"contentUrl\":\"https:\/\/dolores.ee\/wp-content\/uploads\/2025\/04\/logo-1.jpg\",\"width\":1951,\"height\":660,\"caption\":\"Dolores O\u00dc\"},\"image\":{\"@id\":\"https:\/\/dolores.ee\/lv\/#\/schema\/logo\/image\/\"},\"sameAs\":[\"https:\/\/www.facebook.com\/doloresepood\/\"],\"description\":\"Dolores.ee on kaasaegne veebipood, kust leiad tuntud kaubam\u00e4rkide \u2013 GIGI, Anna Lotan, Hikari, Hlavin \u2013 originaalkosmeetikat. Pakume kvaliteetseid hooldustooteid taskukohaste hindadega ja kiire kohaletoimetamisega \u00fcle Eesti. Nahahooldus pole kunagi olnud nii lihtne ja soodne!\",\"email\":\"dolores@dolores.ee\",\"telephone\":\"372 644 2440\",\"legalName\":\"Dolores O\u00dc\",\"foundingDate\":\"1998-02-09\",\"vatID\":\"EE100050280\",\"numberOfEmployees\":{\"@type\":\"QuantitativeValue\",\"minValue\":\"11\",\"maxValue\":\"50\"}}]}<\/script>\n<!-- \/ Yoast SEO Premium plugin. -->","yoast_head_json":{"title":"GIGI NEW AGE G4 DAY CREAM SPF20 50 ml ~ Dolores","robots":{"index":"index","follow":"follow","max-snippet":"max-snippet:-1","max-image-preview":"max-image-preview:large","max-video-preview":"max-video-preview:-1"},"canonical":"https:\/\/dolores.ee\/lv\/product\/gigi-new-age-g4-day-cream-spf20-50-ml\/","og_locale":"lv_LV","og_type":"article","og_title":"GIGI NEW AGE G4 DAY CREAM SPF20 50 ml","og_description":"Intens\u012bvi mitrino\u0161s un barojo\u0161s kr\u0113ms nodro\u0161ina \u0101das labsaj\u016btu visu dienu.","og_url":"https:\/\/dolores.ee\/lv\/product\/gigi-new-age-g4-day-cream-spf20-50-ml\/","og_site_name":"Dolores","article_publisher":"https:\/\/www.facebook.com\/doloresepood\/","article_modified_time":"2025-07-01T08:06:18+00:00","og_image":[{"width":1200,"height":960,"url":"https:\/\/dolores.ee\/wp-content\/uploads\/2022\/02\/Day-cream-spf20.jpg","type":"image\/jpeg"}],"twitter_card":"summary_large_image","twitter_misc":{"Est. reading time":"1 minute"},"schema":{"@context":"https:\/\/schema.org","@graph":[{"@type":"WebPage","@id":"https:\/\/dolores.ee\/lv\/product\/gigi-new-age-g4-day-cream-spf20-50-ml\/","url":"https:\/\/dolores.ee\/lv\/product\/gigi-new-age-g4-day-cream-spf20-50-ml\/","name":"GIGI NEW AGE G4 DAY CREAM SPF20 50 ml ~ Dolores","isPartOf":{"@id":"https:\/\/dolores.ee\/lv\/#website"},"primaryImageOfPage":{"@id":"https:\/\/dolores.ee\/lv\/product\/gigi-new-age-g4-day-cream-spf20-50-ml\/#primaryimage"},"image":{"@id":"https:\/\/dolores.ee\/lv\/product\/gigi-new-age-g4-day-cream-spf20-50-ml\/#primaryimage"},"thumbnailUrl":"https:\/\/dolores.ee\/wp-content\/uploads\/2022\/02\/Day-cream-spf20.jpg","datePublished":"2022-02-10T12:30:07+00:00","dateModified":"2025-07-01T08:06:18+00:00","breadcrumb":{"@id":"https:\/\/dolores.ee\/lv\/product\/gigi-new-age-g4-day-cream-spf20-50-ml\/#breadcrumb"},"inLanguage":"lv-LV","potentialAction":[{"@type":"ReadAction","target":["https:\/\/dolores.ee\/lv\/product\/gigi-new-age-g4-day-cream-spf20-50-ml\/"]}]},{"@type":"ImageObject","inLanguage":"lv-LV","@id":"https:\/\/dolores.ee\/lv\/product\/gigi-new-age-g4-day-cream-spf20-50-ml\/#primaryimage","url":"https:\/\/dolores.ee\/wp-content\/uploads\/2022\/02\/Day-cream-spf20.jpg","contentUrl":"https:\/\/dolores.ee\/wp-content\/uploads\/2022\/02\/Day-cream-spf20.jpg","width":1200,"height":960},{"@type":"BreadcrumbList","@id":"https:\/\/dolores.ee\/lv\/product\/gigi-new-age-g4-day-cream-spf20-50-ml\/#breadcrumb","itemListElement":[{"@type":"ListItem","position":1,"name":"Home","item":"https:\/\/dolores.ee\/lv\/"},{"@type":"ListItem","position":2,"name":"E-veikals","item":"https:\/\/dolores.ee\/lv\/e-veikals\/"},{"@type":"ListItem","position":3,"name":"GIGI NEW AGE G4 DAY CREAM SPF20 50 ml"}]},{"@type":"WebSite","@id":"https:\/\/dolores.ee\/lv\/#website","url":"https:\/\/dolores.ee\/lv\/","name":"Dolores e-pood","description":"Beauty Shop","publisher":{"@id":"https:\/\/dolores.ee\/lv\/#organization"},"alternateName":"Dolores","potentialAction":[{"@type":"SearchAction","target":{"@type":"EntryPoint","urlTemplate":"https:\/\/dolores.ee\/lv\/?s={search_term_string}"},"query-input":{"@type":"PropertyValueSpecification","valueRequired":true,"valueName":"search_term_string"}}],"inLanguage":"lv-LV"},{"@type":"Organization","@id":"https:\/\/dolores.ee\/lv\/#organization","name":"Dolores O\u00dc","alternateName":"Dolores e-pood","url":"https:\/\/dolores.ee\/lv\/","logo":{"@type":"ImageObject","inLanguage":"lv-LV","@id":"https:\/\/dolores.ee\/lv\/#\/schema\/logo\/image\/","url":"https:\/\/dolores.ee\/wp-content\/uploads\/2025\/04\/logo-1.jpg","contentUrl":"https:\/\/dolores.ee\/wp-content\/uploads\/2025\/04\/logo-1.jpg","width":1951,"height":660,"caption":"Dolores O\u00dc"},"image":{"@id":"https:\/\/dolores.ee\/lv\/#\/schema\/logo\/image\/"},"sameAs":["https:\/\/www.facebook.com\/doloresepood\/"],"description":"Dolores.ee on kaasaegne veebipood, kust leiad tuntud kaubam\u00e4rkide \u2013 GIGI, Anna Lotan, Hikari, Hlavin \u2013 originaalkosmeetikat. Pakume kvaliteetseid hooldustooteid taskukohaste hindadega ja kiire kohaletoimetamisega \u00fcle Eesti. Nahahooldus pole kunagi olnud nii lihtne ja soodne!","email":"dolores@dolores.ee","telephone":"372 644 2440","legalName":"Dolores O\u00dc","foundingDate":"1998-02-09","vatID":"EE100050280","numberOfEmployees":{"@type":"QuantitativeValue","minValue":"11","maxValue":"50"}}]}},"_links":{"self":[{"href":"https:\/\/dolores.ee\/lv\/wp-json\/wp\/v2\/product\/998131","targetHints":{"allow":["GET"]}}],"collection":[{"href":"https:\/\/dolores.ee\/lv\/wp-json\/wp\/v2\/product"}],"about":[{"href":"https:\/\/dolores.ee\/lv\/wp-json\/wp\/v2\/types\/product"}],"replies":[{"embeddable":true,"href":"https:\/\/dolores.ee\/lv\/wp-json\/wp\/v2\/comments?post=998131"}],"version-history":[{"count":0,"href":"https:\/\/dolores.ee\/lv\/wp-json\/wp\/v2\/product\/998131\/revisions"}],"wp:featuredmedia":[{"embeddable":true,"href":"https:\/\/dolores.ee\/lv\/wp-json\/wp\/v2\/media\/998132"}],"wp:attachment":[{"href":"https:\/\/dolores.ee\/lv\/wp-json\/wp\/v2\/media?parent=998131"}],"wp:term":[{"taxonomy":"product_brand","embeddable":true,"href":"https:\/\/dolores.ee\/lv\/wp-json\/wp\/v2\/product_brand?post=998131"},{"taxonomy":"product_cat","embeddable":true,"href":"https:\/\/dolores.ee\/lv\/wp-json\/wp\/v2\/product_cat?post=998131"},{"taxonomy":"product_tag","embeddable":true,"href":"https:\/\/dolores.ee\/lv\/wp-json\/wp\/v2\/product_tag?post=998131"},{"taxonomy":"giftcard-category","embeddable":true,"href":"https:\/\/dolores.ee\/lv\/wp-json\/wp\/v2\/giftcard-category?post=998131"}],"curies":[{"name":"wp","href":"https:\/\/api.w.org\/{rel}","templated":true}]}}