{"id":998134,"date":"2022-02-10T14:12:36","date_gmt":"2022-02-10T12:12:36","guid":{"rendered":"https:\/\/dolores.ee\/product\/gigi-new-age-g4-mega-oil-serum-30-ml\/"},"modified":"2025-07-01T11:06:18","modified_gmt":"2025-07-01T08:06:18","slug":"gigi-new-age-g4-mega-oil-serum-30-ml","status":"publish","type":"product","link":"https:\/\/dolores.ee\/lv\/product\/gigi-new-age-g4-mega-oil-serum-30-ml\/","title":{"rendered":"GIGI NEW AGE G4 MEGA OIL SERUM 30 ml"},"content":{"rendered":"<div class=\"vgblk-rw-wrapper limit-wrapper\">\n<p data-start=\"0\" data-end=\"375\">Seerums satur v\u0113rt\u012bgu dab\u012bgo e\u013c\u013cu kompleksu, kas baro \u0101du, veicina \u0161\u016bnu vielmai\u0146u un stiprina visas \u0101das funkcijas.<br data-start=\"115\" data-end=\"118\" \/>\u0136ir\u0161u, mandar\u012bnu un gur\u0137u ekstrakti un e\u013c\u013cas satur A-, C-, E- un B5 vitam\u012bnus, k\u0101 ar\u012b miner\u0101lvielas un antioksidantus.<br data-start=\"236\" data-end=\"239\" data-is-only-node=\"\" \/>\u0100das st\u0101voklis uzlabojas t\u016bl\u012bt p\u0113c lieto\u0161anas. Regul\u0101ra sejas seruma lieto\u0161ana nodro\u0161ina glud\u0101ku tekst\u016bru, m\u012bkst\u0101ku un elast\u012bg\u0101ku \u0101du.<\/p>\n<p data-start=\"377\" data-end=\"495\"><strong data-start=\"377\" data-end=\"391\">Lieto\u0161ana:<\/strong><br data-start=\"391\" data-end=\"394\" \/>Uzkl\u0101jiet serumu ar pirkstu gali\u0146iem, viegli piespie\u017eot uz sejas un kakla l\u012bdz piln\u012bgai ies\u016bk\u0161anai.<\/p>\n<p data-start=\"497\" data-end=\"1198\" data-is-last-node=\"\" data-is-only-node=\"\"><strong><em data-start=\"497\" data-end=\"511\">Ingredients:<\/em><\/strong> <em data-start=\"512\" data-end=\"1198\" data-is-last-node=\"\">C15-19 Alkane, Coco-Caprylate\/Caprate, Prunus Cerasus (Bitter Cherry) Seed Oil, Ascorbyl Tetraisopalmitate, Octyldodecanol, Tocopheryl Acetate, Cucumis Sativus (Cucumber) Oil, Citrus Nobilis (Mandarin Orange) Peel Oil, Carthamus Tinctorius (Safflower) Seed Oil, Helianthus Annuus (Sunflower) Seed Oil, Bisabolol, Ubiquinone, Ceramide 2, Spilanthes Acmella Flower\/Leaf\/Stem Extract, Astragalus Membranaceus Root Extract, BHT, Lavandula Hybrida Oil, Rubus Idaeus Seed Oil, Moringa Oleifera Seed Oil, Ribes Nigrum (Black Currant) Seed Oil, Octyldodecyl Oleate, Tocopherol, Octyldodecyl Stearoyl Stearate, Paeonia Suffruticosa Root Extract, Rosmarinus Officinalis (Rosemary) Leaf Extract.<\/em><\/p>\n<\/div>\n<p><!-- .vgblk-rw-wrapper --><\/p>\n","protected":false},"excerpt":{"rendered":"<p>Seerums satur v\u0113rt\u012bgu dab\u012bgo e\u013c\u013cu kompleksu.<\/p>\n","protected":false},"featured_media":998135,"comment_status":"open","ping_status":"closed","template":"","meta":[],"product_brand":[],"product_cat":[676,718,727],"product_tag":[],"giftcard-category":[],"class_list":{"0":"post-998134","1":"product","2":"type-product","3":"status-publish","4":"has-post-thumbnail","6":"product_cat-sale-lv","7":"product_cat-sejas-kopsana","8":"product_cat-serumi-ellas","10":"first","11":"instock","12":"taxable","13":"shipping-taxable","14":"purchasable","15":"product-type-simple"},"yoast_head":"<!-- This site is optimized with the Yoast SEO Premium plugin v25.1 (Yoast SEO v25.7) - https:\/\/yoast.com\/wordpress\/plugins\/seo\/ -->\n<title>GIGI NEW AGE G4 MEGA OIL SERUM 30 ml ~ Dolores<\/title>\n<meta name=\"robots\" content=\"index, follow, max-snippet:-1, max-image-preview:large, max-video-preview:-1\" \/>\n<link rel=\"canonical\" href=\"https:\/\/dolores.ee\/lv\/product\/gigi-new-age-g4-mega-oil-serum-30-ml\/\" \/>\n<meta property=\"og:locale\" content=\"lv_LV\" \/>\n<meta property=\"og:type\" content=\"article\" \/>\n<meta property=\"og:title\" content=\"GIGI NEW AGE G4 MEGA OIL SERUM 30 ml\" \/>\n<meta property=\"og:description\" content=\"Seerums satur v\u0113rt\u012bgu dab\u012bgo e\u013c\u013cu kompleksu.\" \/>\n<meta property=\"og:url\" content=\"https:\/\/dolores.ee\/lv\/product\/gigi-new-age-g4-mega-oil-serum-30-ml\/\" \/>\n<meta property=\"og:site_name\" content=\"Dolores\" \/>\n<meta property=\"article:publisher\" content=\"https:\/\/www.facebook.com\/doloresepood\/\" \/>\n<meta property=\"article:modified_time\" content=\"2025-07-01T08:06:18+00:00\" \/>\n<meta property=\"og:image\" content=\"https:\/\/dolores.ee\/wp-content\/uploads\/2022\/02\/Mega-Oil-Serum.jpg\" \/>\n\t<meta property=\"og:image:width\" content=\"1200\" \/>\n\t<meta property=\"og:image:height\" content=\"1200\" \/>\n\t<meta property=\"og:image:type\" content=\"image\/jpeg\" \/>\n<meta name=\"twitter:card\" content=\"summary_large_image\" \/>\n<meta name=\"twitter:label1\" content=\"Est. reading time\" \/>\n\t<meta name=\"twitter:data1\" content=\"1 minute\" \/>\n<script type=\"application\/ld+json\" class=\"yoast-schema-graph\">{\"@context\":\"https:\/\/schema.org\",\"@graph\":[{\"@type\":\"WebPage\",\"@id\":\"https:\/\/dolores.ee\/lv\/product\/gigi-new-age-g4-mega-oil-serum-30-ml\/\",\"url\":\"https:\/\/dolores.ee\/lv\/product\/gigi-new-age-g4-mega-oil-serum-30-ml\/\",\"name\":\"GIGI NEW AGE G4 MEGA OIL SERUM 30 ml ~ Dolores\",\"isPartOf\":{\"@id\":\"https:\/\/dolores.ee\/lv\/#website\"},\"primaryImageOfPage\":{\"@id\":\"https:\/\/dolores.ee\/lv\/product\/gigi-new-age-g4-mega-oil-serum-30-ml\/#primaryimage\"},\"image\":{\"@id\":\"https:\/\/dolores.ee\/lv\/product\/gigi-new-age-g4-mega-oil-serum-30-ml\/#primaryimage\"},\"thumbnailUrl\":\"https:\/\/dolores.ee\/wp-content\/uploads\/2022\/02\/Mega-Oil-Serum.jpg\",\"datePublished\":\"2022-02-10T12:12:36+00:00\",\"dateModified\":\"2025-07-01T08:06:18+00:00\",\"breadcrumb\":{\"@id\":\"https:\/\/dolores.ee\/lv\/product\/gigi-new-age-g4-mega-oil-serum-30-ml\/#breadcrumb\"},\"inLanguage\":\"lv-LV\",\"potentialAction\":[{\"@type\":\"ReadAction\",\"target\":[\"https:\/\/dolores.ee\/lv\/product\/gigi-new-age-g4-mega-oil-serum-30-ml\/\"]}]},{\"@type\":\"ImageObject\",\"inLanguage\":\"lv-LV\",\"@id\":\"https:\/\/dolores.ee\/lv\/product\/gigi-new-age-g4-mega-oil-serum-30-ml\/#primaryimage\",\"url\":\"https:\/\/dolores.ee\/wp-content\/uploads\/2022\/02\/Mega-Oil-Serum.jpg\",\"contentUrl\":\"https:\/\/dolores.ee\/wp-content\/uploads\/2022\/02\/Mega-Oil-Serum.jpg\",\"width\":1200,\"height\":1200},{\"@type\":\"BreadcrumbList\",\"@id\":\"https:\/\/dolores.ee\/lv\/product\/gigi-new-age-g4-mega-oil-serum-30-ml\/#breadcrumb\",\"itemListElement\":[{\"@type\":\"ListItem\",\"position\":1,\"name\":\"Home\",\"item\":\"https:\/\/dolores.ee\/lv\/\"},{\"@type\":\"ListItem\",\"position\":2,\"name\":\"E-veikals\",\"item\":\"https:\/\/dolores.ee\/lv\/e-veikals\/\"},{\"@type\":\"ListItem\",\"position\":3,\"name\":\"GIGI NEW AGE G4 MEGA OIL SERUM 30 ml\"}]},{\"@type\":\"WebSite\",\"@id\":\"https:\/\/dolores.ee\/lv\/#website\",\"url\":\"https:\/\/dolores.ee\/lv\/\",\"name\":\"Dolores e-pood\",\"description\":\"Beauty Shop\",\"publisher\":{\"@id\":\"https:\/\/dolores.ee\/lv\/#organization\"},\"alternateName\":\"Dolores\",\"potentialAction\":[{\"@type\":\"SearchAction\",\"target\":{\"@type\":\"EntryPoint\",\"urlTemplate\":\"https:\/\/dolores.ee\/lv\/?s={search_term_string}\"},\"query-input\":{\"@type\":\"PropertyValueSpecification\",\"valueRequired\":true,\"valueName\":\"search_term_string\"}}],\"inLanguage\":\"lv-LV\"},{\"@type\":\"Organization\",\"@id\":\"https:\/\/dolores.ee\/lv\/#organization\",\"name\":\"Dolores O\u00dc\",\"alternateName\":\"Dolores e-pood\",\"url\":\"https:\/\/dolores.ee\/lv\/\",\"logo\":{\"@type\":\"ImageObject\",\"inLanguage\":\"lv-LV\",\"@id\":\"https:\/\/dolores.ee\/lv\/#\/schema\/logo\/image\/\",\"url\":\"https:\/\/dolores.ee\/wp-content\/uploads\/2025\/04\/logo-1.jpg\",\"contentUrl\":\"https:\/\/dolores.ee\/wp-content\/uploads\/2025\/04\/logo-1.jpg\",\"width\":1951,\"height\":660,\"caption\":\"Dolores O\u00dc\"},\"image\":{\"@id\":\"https:\/\/dolores.ee\/lv\/#\/schema\/logo\/image\/\"},\"sameAs\":[\"https:\/\/www.facebook.com\/doloresepood\/\"],\"description\":\"Dolores.ee on kaasaegne veebipood, kust leiad tuntud kaubam\u00e4rkide \u2013 GIGI, Anna Lotan, Hikari, Hlavin \u2013 originaalkosmeetikat. Pakume kvaliteetseid hooldustooteid taskukohaste hindadega ja kiire kohaletoimetamisega \u00fcle Eesti. Nahahooldus pole kunagi olnud nii lihtne ja soodne!\",\"email\":\"dolores@dolores.ee\",\"telephone\":\"372 644 2440\",\"legalName\":\"Dolores O\u00dc\",\"foundingDate\":\"1998-02-09\",\"vatID\":\"EE100050280\",\"numberOfEmployees\":{\"@type\":\"QuantitativeValue\",\"minValue\":\"11\",\"maxValue\":\"50\"}}]}<\/script>\n<!-- \/ Yoast SEO Premium plugin. -->","yoast_head_json":{"title":"GIGI NEW AGE G4 MEGA OIL SERUM 30 ml ~ Dolores","robots":{"index":"index","follow":"follow","max-snippet":"max-snippet:-1","max-image-preview":"max-image-preview:large","max-video-preview":"max-video-preview:-1"},"canonical":"https:\/\/dolores.ee\/lv\/product\/gigi-new-age-g4-mega-oil-serum-30-ml\/","og_locale":"lv_LV","og_type":"article","og_title":"GIGI NEW AGE G4 MEGA OIL SERUM 30 ml","og_description":"Seerums satur v\u0113rt\u012bgu dab\u012bgo e\u013c\u013cu kompleksu.","og_url":"https:\/\/dolores.ee\/lv\/product\/gigi-new-age-g4-mega-oil-serum-30-ml\/","og_site_name":"Dolores","article_publisher":"https:\/\/www.facebook.com\/doloresepood\/","article_modified_time":"2025-07-01T08:06:18+00:00","og_image":[{"width":1200,"height":1200,"url":"https:\/\/dolores.ee\/wp-content\/uploads\/2022\/02\/Mega-Oil-Serum.jpg","type":"image\/jpeg"}],"twitter_card":"summary_large_image","twitter_misc":{"Est. reading time":"1 minute"},"schema":{"@context":"https:\/\/schema.org","@graph":[{"@type":"WebPage","@id":"https:\/\/dolores.ee\/lv\/product\/gigi-new-age-g4-mega-oil-serum-30-ml\/","url":"https:\/\/dolores.ee\/lv\/product\/gigi-new-age-g4-mega-oil-serum-30-ml\/","name":"GIGI NEW AGE G4 MEGA OIL SERUM 30 ml ~ Dolores","isPartOf":{"@id":"https:\/\/dolores.ee\/lv\/#website"},"primaryImageOfPage":{"@id":"https:\/\/dolores.ee\/lv\/product\/gigi-new-age-g4-mega-oil-serum-30-ml\/#primaryimage"},"image":{"@id":"https:\/\/dolores.ee\/lv\/product\/gigi-new-age-g4-mega-oil-serum-30-ml\/#primaryimage"},"thumbnailUrl":"https:\/\/dolores.ee\/wp-content\/uploads\/2022\/02\/Mega-Oil-Serum.jpg","datePublished":"2022-02-10T12:12:36+00:00","dateModified":"2025-07-01T08:06:18+00:00","breadcrumb":{"@id":"https:\/\/dolores.ee\/lv\/product\/gigi-new-age-g4-mega-oil-serum-30-ml\/#breadcrumb"},"inLanguage":"lv-LV","potentialAction":[{"@type":"ReadAction","target":["https:\/\/dolores.ee\/lv\/product\/gigi-new-age-g4-mega-oil-serum-30-ml\/"]}]},{"@type":"ImageObject","inLanguage":"lv-LV","@id":"https:\/\/dolores.ee\/lv\/product\/gigi-new-age-g4-mega-oil-serum-30-ml\/#primaryimage","url":"https:\/\/dolores.ee\/wp-content\/uploads\/2022\/02\/Mega-Oil-Serum.jpg","contentUrl":"https:\/\/dolores.ee\/wp-content\/uploads\/2022\/02\/Mega-Oil-Serum.jpg","width":1200,"height":1200},{"@type":"BreadcrumbList","@id":"https:\/\/dolores.ee\/lv\/product\/gigi-new-age-g4-mega-oil-serum-30-ml\/#breadcrumb","itemListElement":[{"@type":"ListItem","position":1,"name":"Home","item":"https:\/\/dolores.ee\/lv\/"},{"@type":"ListItem","position":2,"name":"E-veikals","item":"https:\/\/dolores.ee\/lv\/e-veikals\/"},{"@type":"ListItem","position":3,"name":"GIGI NEW AGE G4 MEGA OIL SERUM 30 ml"}]},{"@type":"WebSite","@id":"https:\/\/dolores.ee\/lv\/#website","url":"https:\/\/dolores.ee\/lv\/","name":"Dolores e-pood","description":"Beauty Shop","publisher":{"@id":"https:\/\/dolores.ee\/lv\/#organization"},"alternateName":"Dolores","potentialAction":[{"@type":"SearchAction","target":{"@type":"EntryPoint","urlTemplate":"https:\/\/dolores.ee\/lv\/?s={search_term_string}"},"query-input":{"@type":"PropertyValueSpecification","valueRequired":true,"valueName":"search_term_string"}}],"inLanguage":"lv-LV"},{"@type":"Organization","@id":"https:\/\/dolores.ee\/lv\/#organization","name":"Dolores O\u00dc","alternateName":"Dolores e-pood","url":"https:\/\/dolores.ee\/lv\/","logo":{"@type":"ImageObject","inLanguage":"lv-LV","@id":"https:\/\/dolores.ee\/lv\/#\/schema\/logo\/image\/","url":"https:\/\/dolores.ee\/wp-content\/uploads\/2025\/04\/logo-1.jpg","contentUrl":"https:\/\/dolores.ee\/wp-content\/uploads\/2025\/04\/logo-1.jpg","width":1951,"height":660,"caption":"Dolores O\u00dc"},"image":{"@id":"https:\/\/dolores.ee\/lv\/#\/schema\/logo\/image\/"},"sameAs":["https:\/\/www.facebook.com\/doloresepood\/"],"description":"Dolores.ee on kaasaegne veebipood, kust leiad tuntud kaubam\u00e4rkide \u2013 GIGI, Anna Lotan, Hikari, Hlavin \u2013 originaalkosmeetikat. Pakume kvaliteetseid hooldustooteid taskukohaste hindadega ja kiire kohaletoimetamisega \u00fcle Eesti. Nahahooldus pole kunagi olnud nii lihtne ja soodne!","email":"dolores@dolores.ee","telephone":"372 644 2440","legalName":"Dolores O\u00dc","foundingDate":"1998-02-09","vatID":"EE100050280","numberOfEmployees":{"@type":"QuantitativeValue","minValue":"11","maxValue":"50"}}]}},"_links":{"self":[{"href":"https:\/\/dolores.ee\/lv\/wp-json\/wp\/v2\/product\/998134","targetHints":{"allow":["GET"]}}],"collection":[{"href":"https:\/\/dolores.ee\/lv\/wp-json\/wp\/v2\/product"}],"about":[{"href":"https:\/\/dolores.ee\/lv\/wp-json\/wp\/v2\/types\/product"}],"replies":[{"embeddable":true,"href":"https:\/\/dolores.ee\/lv\/wp-json\/wp\/v2\/comments?post=998134"}],"version-history":[{"count":0,"href":"https:\/\/dolores.ee\/lv\/wp-json\/wp\/v2\/product\/998134\/revisions"}],"wp:featuredmedia":[{"embeddable":true,"href":"https:\/\/dolores.ee\/lv\/wp-json\/wp\/v2\/media\/998135"}],"wp:attachment":[{"href":"https:\/\/dolores.ee\/lv\/wp-json\/wp\/v2\/media?parent=998134"}],"wp:term":[{"taxonomy":"product_brand","embeddable":true,"href":"https:\/\/dolores.ee\/lv\/wp-json\/wp\/v2\/product_brand?post=998134"},{"taxonomy":"product_cat","embeddable":true,"href":"https:\/\/dolores.ee\/lv\/wp-json\/wp\/v2\/product_cat?post=998134"},{"taxonomy":"product_tag","embeddable":true,"href":"https:\/\/dolores.ee\/lv\/wp-json\/wp\/v2\/product_tag?post=998134"},{"taxonomy":"giftcard-category","embeddable":true,"href":"https:\/\/dolores.ee\/lv\/wp-json\/wp\/v2\/giftcard-category?post=998134"}],"curies":[{"name":"wp","href":"https:\/\/api.w.org\/{rel}","templated":true}]}}