{"id":998137,"date":"2022-02-10T13:53:45","date_gmt":"2022-02-10T11:53:45","guid":{"rendered":"https:\/\/dolores.ee\/product\/gigi-new-age-g4-glow-up-serum-30-ml\/"},"modified":"2025-07-01T11:06:18","modified_gmt":"2025-07-01T08:06:18","slug":"gigi-new-age-g4-glow-up-serum-30-ml","status":"publish","type":"product","link":"https:\/\/dolores.ee\/lv\/product\/gigi-new-age-g4-glow-up-serum-30-ml\/","title":{"rendered":"GIGI NEW AGE G4 GLOW UP SERUM 30 ml"},"content":{"rendered":"<div class=\"vgblk-rw-wrapper limit-wrapper\">\n<p data-start=\"0\" data-end=\"341\"><strong data-start=\"0\" data-end=\"68\">Sp\u0113c\u012bgs pret noveco\u0161anos v\u0113rsts un m\u012bksto audu pacel\u0161anas serums<\/strong><br data-start=\"68\" data-end=\"71\" \/>Nodro\u0161ina gan t\u016bl\u012bt\u0113ju, gan kumulat\u012bvu liftinga efektu. Intens\u012bvi mitrina un darbojas k\u0101 antioksidants. Piem\u0113rots lieto\u0161anai gan salon\u0101, gan m\u0101j\u0101s. R\u016bp\u012bgi izv\u0113l\u0113ts akt\u012bvo vielu komplekss nodro\u0161ina mesoefektu: serums dzi\u013ci iek\u013c\u016bst \u0101d\u0101, nodro\u0161inot DMAE ilgsto\u0161u iedarb\u012bbu.<\/p>\n<p data-start=\"343\" data-end=\"645\"><strong data-start=\"343\" data-end=\"356\">\u012aPA\u0160\u012aBAS:<\/strong><br data-start=\"356\" data-end=\"359\" \/>Dzi\u013ci mitrino\u0161a iedarb\u012bba, aizsarg\u0101 \u0101du pret mitruma zudumu * uzlabo mikrocirkul\u0101ciju * sp\u0113c\u012bgs antioksidants * atjauno \u0101das elast\u012bbu * samazina grumbas * mazina \u0101das stresu * uzlabo \u0101das vielmai\u0146u un uzturvielu uzs\u016bk\u0161anos * pal\u0113nina audu noveco\u0161anos * \u0101trs un ilgsto\u0161s liftinga efekts.<\/p>\n<p data-start=\"647\" data-end=\"770\"><strong data-start=\"647\" data-end=\"673\">Lieto\u0161anas nor\u0101d\u012bjumi:<\/strong><br data-start=\"673\" data-end=\"676\" \/>Uzkl\u0101jiet serumu ar pirkstu galiem, viegli piesitot, sejai un kaklam l\u012bdz piln\u012bgai ies\u016bk\u0161anai.<\/p>\n<p data-start=\"772\" data-end=\"1271\" data-is-last-node=\"\" data-is-only-node=\"\"><strong data-start=\"772\" data-end=\"784\">Sast\u0101vs:<\/strong><br data-start=\"784\" data-end=\"787\" \/><em data-start=\"787\" data-end=\"1271\" data-is-last-node=\"\">Water (Aqua), Lactic Acid, Dimethylaminoethanol Tartrate, Propylene Glycol, Dimethyl Isosorbide, Pentylene Glycol, Ethoxydiglycol, Sodium Hyaluronate, Glutathione, Polysorbate 20, Phenoxyethanol, Fragrance (Parfum), Glycerin, Chlorphenesin, Alpha-Glucan Oligosaccharide, Squalane, Polymnia Sonchifolia Root Juice, Maltodextrin, Copper Tripeptide-1, Tetrapeptide-4, Acetyl Hexapeptide-8, Nonapeptide-1, Glucosyl Ceramide, Lactobacillus, Benzyl Salicylate, Citral, Geraniol, Linalool.<\/em><\/p>\n<\/div>\n<p><!-- .vgblk-rw-wrapper --><\/p>\n","protected":false},"excerpt":{"rendered":"<article class=\"text-token-text-primary w-full\" dir=\"auto\" data-testid=\"conversation-turn-66\" data-scroll-anchor=\"true\">\n<div class=\"text-base my-auto mx-auto py-5 [--thread-content-margin:--spacing(4)] @[37rem]:[--thread-content-margin:--spacing(6)] @[72rem]:[--thread-content-margin:--spacing(16)] px-(--thread-content-margin)\">\n<div class=\"[--thread-content-max-width:32rem] @[34rem]:[--thread-content-max-width:40rem] @[64rem]:[--thread-content-max-width:48rem] mx-auto flex max-w-(--thread-content-max-width) flex-1 text-base gap-4 md:gap-5 lg:gap-6 group\/turn-messages focus-visible:outline-hidden\" tabindex=\"-1\">\n<div class=\"group\/conversation-turn relative flex w-full min-w-0 flex-col agent-turn\">\n<div class=\"relative flex-col gap-1 md:gap-3\">\n<div class=\"flex max-w-full flex-col grow\">\n<div class=\"min-h-8 text-message relative flex w-full flex-col items-end gap-2 text-start break-words whitespace-normal [.text-message+&amp;]:mt-5\" dir=\"auto\" data-message-author-role=\"assistant\" data-message-id=\"5b4af75d-a261-4a42-9fec-608a035eeeda\" data-message-model-slug=\"gpt-4-1-mini\">\n<div class=\"flex w-full flex-col gap-1 empty:hidden first:pt-[3px]\">\n<div class=\"markdown prose dark:prose-invert w-full break-words dark\">\n<p data-start=\"0\" data-end=\"57\" data-is-last-node=\"\" data-is-only-node=\"\">Sp\u0113c\u012bgs pretnoveco\u0161an\u0101s un m\u012bksto audu pacel\u0161anas serums.<\/p>\n<\/div>\n<\/div>\n<\/div>\n<\/div>\n<\/div>\n<\/div>\n<\/div>\n<\/div>\n<\/article>\n","protected":false},"featured_media":998138,"comment_status":"open","ping_status":"closed","template":"","meta":[],"product_brand":[],"product_cat":[716,676,718,727],"product_tag":[],"giftcard-category":[],"class_list":{"0":"post-998137","1":"product","2":"type-product","3":"status-publish","4":"has-post-thumbnail","6":"product_cat-mitrinosi-produkti","7":"product_cat-sale-lv","8":"product_cat-sejas-kopsana","9":"product_cat-serumi-ellas","11":"first","12":"instock","13":"taxable","14":"shipping-taxable","15":"purchasable","16":"product-type-simple"},"yoast_head":"<!-- This site is optimized with the Yoast SEO Premium plugin v25.1 (Yoast SEO v25.7) - https:\/\/yoast.com\/wordpress\/plugins\/seo\/ -->\n<title>GIGI NEW AGE G4 GLOW UP SERUM 30 ml ~ Dolores<\/title>\n<meta name=\"robots\" content=\"index, follow, max-snippet:-1, max-image-preview:large, max-video-preview:-1\" \/>\n<link rel=\"canonical\" href=\"https:\/\/dolores.ee\/lv\/product\/gigi-new-age-g4-glow-up-serum-30-ml\/\" \/>\n<meta property=\"og:locale\" content=\"lv_LV\" \/>\n<meta property=\"og:type\" content=\"article\" \/>\n<meta property=\"og:title\" content=\"GIGI NEW AGE G4 GLOW UP SERUM 30 ml\" \/>\n<meta property=\"og:description\" content=\"Sp\u0113c\u012bgs pretnoveco\u0161an\u0101s un m\u012bksto audu pacel\u0161anas serums.\" \/>\n<meta property=\"og:url\" content=\"https:\/\/dolores.ee\/lv\/product\/gigi-new-age-g4-glow-up-serum-30-ml\/\" \/>\n<meta property=\"og:site_name\" content=\"Dolores\" \/>\n<meta property=\"article:publisher\" content=\"https:\/\/www.facebook.com\/doloresepood\/\" \/>\n<meta property=\"article:modified_time\" content=\"2025-07-01T08:06:18+00:00\" \/>\n<meta property=\"og:image\" content=\"https:\/\/dolores.ee\/wp-content\/uploads\/2022\/02\/Glow-up-Serum.jpg\" \/>\n\t<meta property=\"og:image:width\" content=\"1200\" \/>\n\t<meta property=\"og:image:height\" content=\"1200\" \/>\n\t<meta property=\"og:image:type\" content=\"image\/jpeg\" \/>\n<meta name=\"twitter:card\" content=\"summary_large_image\" \/>\n<meta name=\"twitter:label1\" content=\"Est. reading time\" \/>\n\t<meta name=\"twitter:data1\" content=\"1 minute\" \/>\n<script type=\"application\/ld+json\" class=\"yoast-schema-graph\">{\"@context\":\"https:\/\/schema.org\",\"@graph\":[{\"@type\":\"WebPage\",\"@id\":\"https:\/\/dolores.ee\/lv\/product\/gigi-new-age-g4-glow-up-serum-30-ml\/\",\"url\":\"https:\/\/dolores.ee\/lv\/product\/gigi-new-age-g4-glow-up-serum-30-ml\/\",\"name\":\"GIGI NEW AGE G4 GLOW UP SERUM 30 ml ~ Dolores\",\"isPartOf\":{\"@id\":\"https:\/\/dolores.ee\/lv\/#website\"},\"primaryImageOfPage\":{\"@id\":\"https:\/\/dolores.ee\/lv\/product\/gigi-new-age-g4-glow-up-serum-30-ml\/#primaryimage\"},\"image\":{\"@id\":\"https:\/\/dolores.ee\/lv\/product\/gigi-new-age-g4-glow-up-serum-30-ml\/#primaryimage\"},\"thumbnailUrl\":\"https:\/\/dolores.ee\/wp-content\/uploads\/2022\/02\/Glow-up-Serum.jpg\",\"datePublished\":\"2022-02-10T11:53:45+00:00\",\"dateModified\":\"2025-07-01T08:06:18+00:00\",\"breadcrumb\":{\"@id\":\"https:\/\/dolores.ee\/lv\/product\/gigi-new-age-g4-glow-up-serum-30-ml\/#breadcrumb\"},\"inLanguage\":\"lv-LV\",\"potentialAction\":[{\"@type\":\"ReadAction\",\"target\":[\"https:\/\/dolores.ee\/lv\/product\/gigi-new-age-g4-glow-up-serum-30-ml\/\"]}]},{\"@type\":\"ImageObject\",\"inLanguage\":\"lv-LV\",\"@id\":\"https:\/\/dolores.ee\/lv\/product\/gigi-new-age-g4-glow-up-serum-30-ml\/#primaryimage\",\"url\":\"https:\/\/dolores.ee\/wp-content\/uploads\/2022\/02\/Glow-up-Serum.jpg\",\"contentUrl\":\"https:\/\/dolores.ee\/wp-content\/uploads\/2022\/02\/Glow-up-Serum.jpg\",\"width\":1200,\"height\":1200},{\"@type\":\"BreadcrumbList\",\"@id\":\"https:\/\/dolores.ee\/lv\/product\/gigi-new-age-g4-glow-up-serum-30-ml\/#breadcrumb\",\"itemListElement\":[{\"@type\":\"ListItem\",\"position\":1,\"name\":\"Home\",\"item\":\"https:\/\/dolores.ee\/lv\/\"},{\"@type\":\"ListItem\",\"position\":2,\"name\":\"E-veikals\",\"item\":\"https:\/\/dolores.ee\/lv\/e-veikals\/\"},{\"@type\":\"ListItem\",\"position\":3,\"name\":\"GIGI NEW AGE G4 GLOW UP SERUM 30 ml\"}]},{\"@type\":\"WebSite\",\"@id\":\"https:\/\/dolores.ee\/lv\/#website\",\"url\":\"https:\/\/dolores.ee\/lv\/\",\"name\":\"Dolores e-pood\",\"description\":\"Beauty Shop\",\"publisher\":{\"@id\":\"https:\/\/dolores.ee\/lv\/#organization\"},\"alternateName\":\"Dolores\",\"potentialAction\":[{\"@type\":\"SearchAction\",\"target\":{\"@type\":\"EntryPoint\",\"urlTemplate\":\"https:\/\/dolores.ee\/lv\/?s={search_term_string}\"},\"query-input\":{\"@type\":\"PropertyValueSpecification\",\"valueRequired\":true,\"valueName\":\"search_term_string\"}}],\"inLanguage\":\"lv-LV\"},{\"@type\":\"Organization\",\"@id\":\"https:\/\/dolores.ee\/lv\/#organization\",\"name\":\"Dolores O\u00dc\",\"alternateName\":\"Dolores e-pood\",\"url\":\"https:\/\/dolores.ee\/lv\/\",\"logo\":{\"@type\":\"ImageObject\",\"inLanguage\":\"lv-LV\",\"@id\":\"https:\/\/dolores.ee\/lv\/#\/schema\/logo\/image\/\",\"url\":\"https:\/\/dolores.ee\/wp-content\/uploads\/2025\/04\/logo-1.jpg\",\"contentUrl\":\"https:\/\/dolores.ee\/wp-content\/uploads\/2025\/04\/logo-1.jpg\",\"width\":1951,\"height\":660,\"caption\":\"Dolores O\u00dc\"},\"image\":{\"@id\":\"https:\/\/dolores.ee\/lv\/#\/schema\/logo\/image\/\"},\"sameAs\":[\"https:\/\/www.facebook.com\/doloresepood\/\"],\"description\":\"Dolores.ee on kaasaegne veebipood, kust leiad tuntud kaubam\u00e4rkide \u2013 GIGI, Anna Lotan, Hikari, Hlavin \u2013 originaalkosmeetikat. Pakume kvaliteetseid hooldustooteid taskukohaste hindadega ja kiire kohaletoimetamisega \u00fcle Eesti. Nahahooldus pole kunagi olnud nii lihtne ja soodne!\",\"email\":\"dolores@dolores.ee\",\"telephone\":\"372 644 2440\",\"legalName\":\"Dolores O\u00dc\",\"foundingDate\":\"1998-02-09\",\"vatID\":\"EE100050280\",\"numberOfEmployees\":{\"@type\":\"QuantitativeValue\",\"minValue\":\"11\",\"maxValue\":\"50\"}}]}<\/script>\n<!-- \/ Yoast SEO Premium plugin. -->","yoast_head_json":{"title":"GIGI NEW AGE G4 GLOW UP SERUM 30 ml ~ Dolores","robots":{"index":"index","follow":"follow","max-snippet":"max-snippet:-1","max-image-preview":"max-image-preview:large","max-video-preview":"max-video-preview:-1"},"canonical":"https:\/\/dolores.ee\/lv\/product\/gigi-new-age-g4-glow-up-serum-30-ml\/","og_locale":"lv_LV","og_type":"article","og_title":"GIGI NEW AGE G4 GLOW UP SERUM 30 ml","og_description":"Sp\u0113c\u012bgs pretnoveco\u0161an\u0101s un m\u012bksto audu pacel\u0161anas serums.","og_url":"https:\/\/dolores.ee\/lv\/product\/gigi-new-age-g4-glow-up-serum-30-ml\/","og_site_name":"Dolores","article_publisher":"https:\/\/www.facebook.com\/doloresepood\/","article_modified_time":"2025-07-01T08:06:18+00:00","og_image":[{"width":1200,"height":1200,"url":"https:\/\/dolores.ee\/wp-content\/uploads\/2022\/02\/Glow-up-Serum.jpg","type":"image\/jpeg"}],"twitter_card":"summary_large_image","twitter_misc":{"Est. reading time":"1 minute"},"schema":{"@context":"https:\/\/schema.org","@graph":[{"@type":"WebPage","@id":"https:\/\/dolores.ee\/lv\/product\/gigi-new-age-g4-glow-up-serum-30-ml\/","url":"https:\/\/dolores.ee\/lv\/product\/gigi-new-age-g4-glow-up-serum-30-ml\/","name":"GIGI NEW AGE G4 GLOW UP SERUM 30 ml ~ Dolores","isPartOf":{"@id":"https:\/\/dolores.ee\/lv\/#website"},"primaryImageOfPage":{"@id":"https:\/\/dolores.ee\/lv\/product\/gigi-new-age-g4-glow-up-serum-30-ml\/#primaryimage"},"image":{"@id":"https:\/\/dolores.ee\/lv\/product\/gigi-new-age-g4-glow-up-serum-30-ml\/#primaryimage"},"thumbnailUrl":"https:\/\/dolores.ee\/wp-content\/uploads\/2022\/02\/Glow-up-Serum.jpg","datePublished":"2022-02-10T11:53:45+00:00","dateModified":"2025-07-01T08:06:18+00:00","breadcrumb":{"@id":"https:\/\/dolores.ee\/lv\/product\/gigi-new-age-g4-glow-up-serum-30-ml\/#breadcrumb"},"inLanguage":"lv-LV","potentialAction":[{"@type":"ReadAction","target":["https:\/\/dolores.ee\/lv\/product\/gigi-new-age-g4-glow-up-serum-30-ml\/"]}]},{"@type":"ImageObject","inLanguage":"lv-LV","@id":"https:\/\/dolores.ee\/lv\/product\/gigi-new-age-g4-glow-up-serum-30-ml\/#primaryimage","url":"https:\/\/dolores.ee\/wp-content\/uploads\/2022\/02\/Glow-up-Serum.jpg","contentUrl":"https:\/\/dolores.ee\/wp-content\/uploads\/2022\/02\/Glow-up-Serum.jpg","width":1200,"height":1200},{"@type":"BreadcrumbList","@id":"https:\/\/dolores.ee\/lv\/product\/gigi-new-age-g4-glow-up-serum-30-ml\/#breadcrumb","itemListElement":[{"@type":"ListItem","position":1,"name":"Home","item":"https:\/\/dolores.ee\/lv\/"},{"@type":"ListItem","position":2,"name":"E-veikals","item":"https:\/\/dolores.ee\/lv\/e-veikals\/"},{"@type":"ListItem","position":3,"name":"GIGI NEW AGE G4 GLOW UP SERUM 30 ml"}]},{"@type":"WebSite","@id":"https:\/\/dolores.ee\/lv\/#website","url":"https:\/\/dolores.ee\/lv\/","name":"Dolores e-pood","description":"Beauty Shop","publisher":{"@id":"https:\/\/dolores.ee\/lv\/#organization"},"alternateName":"Dolores","potentialAction":[{"@type":"SearchAction","target":{"@type":"EntryPoint","urlTemplate":"https:\/\/dolores.ee\/lv\/?s={search_term_string}"},"query-input":{"@type":"PropertyValueSpecification","valueRequired":true,"valueName":"search_term_string"}}],"inLanguage":"lv-LV"},{"@type":"Organization","@id":"https:\/\/dolores.ee\/lv\/#organization","name":"Dolores O\u00dc","alternateName":"Dolores e-pood","url":"https:\/\/dolores.ee\/lv\/","logo":{"@type":"ImageObject","inLanguage":"lv-LV","@id":"https:\/\/dolores.ee\/lv\/#\/schema\/logo\/image\/","url":"https:\/\/dolores.ee\/wp-content\/uploads\/2025\/04\/logo-1.jpg","contentUrl":"https:\/\/dolores.ee\/wp-content\/uploads\/2025\/04\/logo-1.jpg","width":1951,"height":660,"caption":"Dolores O\u00dc"},"image":{"@id":"https:\/\/dolores.ee\/lv\/#\/schema\/logo\/image\/"},"sameAs":["https:\/\/www.facebook.com\/doloresepood\/"],"description":"Dolores.ee on kaasaegne veebipood, kust leiad tuntud kaubam\u00e4rkide \u2013 GIGI, Anna Lotan, Hikari, Hlavin \u2013 originaalkosmeetikat. Pakume kvaliteetseid hooldustooteid taskukohaste hindadega ja kiire kohaletoimetamisega \u00fcle Eesti. Nahahooldus pole kunagi olnud nii lihtne ja soodne!","email":"dolores@dolores.ee","telephone":"372 644 2440","legalName":"Dolores O\u00dc","foundingDate":"1998-02-09","vatID":"EE100050280","numberOfEmployees":{"@type":"QuantitativeValue","minValue":"11","maxValue":"50"}}]}},"_links":{"self":[{"href":"https:\/\/dolores.ee\/lv\/wp-json\/wp\/v2\/product\/998137","targetHints":{"allow":["GET"]}}],"collection":[{"href":"https:\/\/dolores.ee\/lv\/wp-json\/wp\/v2\/product"}],"about":[{"href":"https:\/\/dolores.ee\/lv\/wp-json\/wp\/v2\/types\/product"}],"replies":[{"embeddable":true,"href":"https:\/\/dolores.ee\/lv\/wp-json\/wp\/v2\/comments?post=998137"}],"version-history":[{"count":0,"href":"https:\/\/dolores.ee\/lv\/wp-json\/wp\/v2\/product\/998137\/revisions"}],"wp:featuredmedia":[{"embeddable":true,"href":"https:\/\/dolores.ee\/lv\/wp-json\/wp\/v2\/media\/998138"}],"wp:attachment":[{"href":"https:\/\/dolores.ee\/lv\/wp-json\/wp\/v2\/media?parent=998137"}],"wp:term":[{"taxonomy":"product_brand","embeddable":true,"href":"https:\/\/dolores.ee\/lv\/wp-json\/wp\/v2\/product_brand?post=998137"},{"taxonomy":"product_cat","embeddable":true,"href":"https:\/\/dolores.ee\/lv\/wp-json\/wp\/v2\/product_cat?post=998137"},{"taxonomy":"product_tag","embeddable":true,"href":"https:\/\/dolores.ee\/lv\/wp-json\/wp\/v2\/product_tag?post=998137"},{"taxonomy":"giftcard-category","embeddable":true,"href":"https:\/\/dolores.ee\/lv\/wp-json\/wp\/v2\/giftcard-category?post=998137"}],"curies":[{"name":"wp","href":"https:\/\/api.w.org\/{rel}","templated":true}]}}