{"id":998150,"date":"2021-11-18T12:21:59","date_gmt":"2021-11-18T10:21:59","guid":{"rendered":"https:\/\/dolores.ee\/product\/hikari-silky-rose-masazas-maska-50ml\/"},"modified":"2025-07-01T11:06:17","modified_gmt":"2025-07-01T08:06:17","slug":"hikari-silky-rose-masazas-maska-50ml","status":"publish","type":"product","link":"https:\/\/dolores.ee\/lv\/product\/hikari-silky-rose-masazas-maska-50ml\/","title":{"rendered":"HIKARI SILKY ROSE mas\u0101\u017eas maska 50ml"},"content":{"rendered":"<div class=\"vgblk-rw-wrapper limit-wrapper\">\n<p data-start=\"82\" data-end=\"243\"><strong data-start=\"82\" data-end=\"243\">Luksusa maska uzlabo \u0101das visp\u0101r\u0113jo st\u0101vokli, redzami to atjaunojot, samazina smalk\u0101s grumbi\u0146as, padara \u0101du gludu un pie\u0161\u0137ir tai vesel\u012bgu, starojo\u0161u izskatu.<\/strong><\/p>\n<p data-start=\"245\" data-end=\"467\">Maigs ro\u017eu arom\u0101ts rada romantiskas asoci\u0101cijas, kas pal\u012bdz relaks\u0113ties un l\u012bdzsvarot gan \u0137ermeni, gan pr\u0101tu. No Marokas \u0101rstniec\u012bbas augiem ieg\u016bto dab\u012bgo akt\u012bvo vielu bag\u0101t\u0101 kombin\u0101cija ir gods senaj\u0101m skaistuma recept\u0113m.<\/p>\n<p data-start=\"469\" data-end=\"1227\">Marokas roze satur daudz A, C, D un E vitam\u012bnu un tauksk\u0101bju, kas piepilda \u0101du ar jaunu ener\u0123iju un dz\u012bvotsp\u0113ju.<br data-start=\"581\" data-end=\"584\" \/>Arg\u0101na e\u013c\u013ca ir bag\u0101ta ar omega tauksk\u0101b\u0113m, E vitam\u012bnu un linolsk\u0101bi, kas mitrina \u0101du, padara to elast\u012bgu un stiprina \u0161\u016bnu membr\u0101nas, aizsarg\u0101jot \u0101du no dehidrat\u0101cijas.<br data-start=\"751\" data-end=\"754\" \/>Gran\u0101t\u0101bolu ekstrakts ir viens no sp\u0113c\u012bg\u0101kajiem dabiskajiem antioksidantiem, kas veicina kolag\u0113na sint\u0113zi un att\u012bra \u0101du no toks\u012bniem.<br data-start=\"887\" data-end=\"890\" \/>Produkts satur HIKARI Laboratories patent\u0113to akt\u012bvo vielu NAD-NOBEL\u2122, izstr\u0101d\u0101tu sadarb\u012bb\u0101 ar Telavivas universit\u0101tes zin\u0101tniekiem.<br data-start=\"1021\" data-end=\"1024\" \/>Ekskluz\u012bv\u0101 akt\u012bv\u0101 viela iedarbojas daudzpus\u012bgi:<br data-start=\"1071\" data-end=\"1074\" \/>t\u0101 izl\u012bdzina \u0101das toni, gludina \u0101du, samazina grumbi\u0146as, pace\u013c sejas m\u012bkstos audus un pie\u0161\u0137ir papildu ener\u0123iju, pa\u0101trinot \u0101das \u0161\u016bnu atjauno\u0161an\u0101s procesu.<\/p>\n<\/div>\n<p><!-- .vgblk-rw-wrapper --><\/p>\n","protected":false},"excerpt":{"rendered":"<p>HIKARI SILKY ROSE MASA\u017dAS MASKA 50ml<\/p>\n","protected":false},"featured_media":998153,"comment_status":"open","ping_status":"closed","template":"","meta":[],"product_brand":[],"product_cat":[689,687,690,716,676,718,722],"product_tag":[],"giftcard-category":[],"class_list":{"0":"post-998150","1":"product","2":"type-product","3":"status-publish","4":"has-post-thumbnail","6":"product_cat-fountain-of-youth-lv","7":"product_cat-hikari-lv","8":"product_cat-massage-masks-lv","9":"product_cat-mitrinosi-produkti","10":"product_cat-sale-lv","11":"product_cat-sejas-kopsana","12":"product_cat-sejas-maska","14":"first","15":"instock","16":"sale","17":"taxable","18":"shipping-taxable","19":"purchasable","20":"product-type-simple"},"yoast_head":"<!-- This site is optimized with the Yoast SEO Premium plugin v25.1 (Yoast SEO v25.7) - https:\/\/yoast.com\/wordpress\/plugins\/seo\/ -->\n<title>HIKARI SILKY ROSE mas\u0101\u017eas maska 50ml ~ Dolores<\/title>\n<meta name=\"robots\" content=\"index, follow, max-snippet:-1, max-image-preview:large, max-video-preview:-1\" \/>\n<link rel=\"canonical\" href=\"https:\/\/dolores.ee\/lv\/product\/hikari-silky-rose-masazas-maska-50ml\/\" \/>\n<meta property=\"og:locale\" content=\"lv_LV\" \/>\n<meta property=\"og:type\" content=\"article\" \/>\n<meta property=\"og:title\" content=\"HIKARI SILKY ROSE mas\u0101\u017eas maska 50ml\" \/>\n<meta property=\"og:description\" content=\"HIKARI SILKY ROSE MASA\u017dAS MASKA 50ml\" \/>\n<meta property=\"og:url\" content=\"https:\/\/dolores.ee\/lv\/product\/hikari-silky-rose-masazas-maska-50ml\/\" \/>\n<meta property=\"og:site_name\" content=\"Dolores\" \/>\n<meta property=\"article:publisher\" content=\"https:\/\/www.facebook.com\/doloresepood\/\" \/>\n<meta property=\"article:modified_time\" content=\"2025-07-01T08:06:17+00:00\" \/>\n<meta property=\"og:image\" content=\"https:\/\/dolores.ee\/wp-content\/uploads\/2021\/11\/620ce679d664fc45160a09ef.750.1x1.jpg\" \/>\n\t<meta property=\"og:image:width\" content=\"750\" \/>\n\t<meta property=\"og:image:height\" content=\"750\" \/>\n\t<meta property=\"og:image:type\" content=\"image\/jpeg\" \/>\n<meta name=\"twitter:card\" content=\"summary_large_image\" \/>\n<meta name=\"twitter:label1\" content=\"Est. reading time\" \/>\n\t<meta name=\"twitter:data1\" content=\"1 minute\" \/>\n<script type=\"application\/ld+json\" class=\"yoast-schema-graph\">{\"@context\":\"https:\/\/schema.org\",\"@graph\":[{\"@type\":\"WebPage\",\"@id\":\"https:\/\/dolores.ee\/lv\/product\/hikari-silky-rose-masazas-maska-50ml\/\",\"url\":\"https:\/\/dolores.ee\/lv\/product\/hikari-silky-rose-masazas-maska-50ml\/\",\"name\":\"HIKARI SILKY ROSE mas\u0101\u017eas maska 50ml ~ Dolores\",\"isPartOf\":{\"@id\":\"https:\/\/dolores.ee\/lv\/#website\"},\"primaryImageOfPage\":{\"@id\":\"https:\/\/dolores.ee\/lv\/product\/hikari-silky-rose-masazas-maska-50ml\/#primaryimage\"},\"image\":{\"@id\":\"https:\/\/dolores.ee\/lv\/product\/hikari-silky-rose-masazas-maska-50ml\/#primaryimage\"},\"thumbnailUrl\":\"https:\/\/dolores.ee\/wp-content\/uploads\/2021\/11\/620ce679d664fc45160a09ef.750.1x1.jpg\",\"datePublished\":\"2021-11-18T10:21:59+00:00\",\"dateModified\":\"2025-07-01T08:06:17+00:00\",\"breadcrumb\":{\"@id\":\"https:\/\/dolores.ee\/lv\/product\/hikari-silky-rose-masazas-maska-50ml\/#breadcrumb\"},\"inLanguage\":\"lv-LV\",\"potentialAction\":[{\"@type\":\"ReadAction\",\"target\":[\"https:\/\/dolores.ee\/lv\/product\/hikari-silky-rose-masazas-maska-50ml\/\"]}]},{\"@type\":\"ImageObject\",\"inLanguage\":\"lv-LV\",\"@id\":\"https:\/\/dolores.ee\/lv\/product\/hikari-silky-rose-masazas-maska-50ml\/#primaryimage\",\"url\":\"https:\/\/dolores.ee\/wp-content\/uploads\/2021\/11\/620ce679d664fc45160a09ef.750.1x1.jpg\",\"contentUrl\":\"https:\/\/dolores.ee\/wp-content\/uploads\/2021\/11\/620ce679d664fc45160a09ef.750.1x1.jpg\",\"width\":750,\"height\":750},{\"@type\":\"BreadcrumbList\",\"@id\":\"https:\/\/dolores.ee\/lv\/product\/hikari-silky-rose-masazas-maska-50ml\/#breadcrumb\",\"itemListElement\":[{\"@type\":\"ListItem\",\"position\":1,\"name\":\"Home\",\"item\":\"https:\/\/dolores.ee\/lv\/\"},{\"@type\":\"ListItem\",\"position\":2,\"name\":\"E-veikals\",\"item\":\"https:\/\/dolores.ee\/lv\/e-veikals\/\"},{\"@type\":\"ListItem\",\"position\":3,\"name\":\"HIKARI SILKY ROSE mas\u0101\u017eas maska 50ml\"}]},{\"@type\":\"WebSite\",\"@id\":\"https:\/\/dolores.ee\/lv\/#website\",\"url\":\"https:\/\/dolores.ee\/lv\/\",\"name\":\"Dolores e-pood\",\"description\":\"Beauty Shop\",\"publisher\":{\"@id\":\"https:\/\/dolores.ee\/lv\/#organization\"},\"alternateName\":\"Dolores\",\"potentialAction\":[{\"@type\":\"SearchAction\",\"target\":{\"@type\":\"EntryPoint\",\"urlTemplate\":\"https:\/\/dolores.ee\/lv\/?s={search_term_string}\"},\"query-input\":{\"@type\":\"PropertyValueSpecification\",\"valueRequired\":true,\"valueName\":\"search_term_string\"}}],\"inLanguage\":\"lv-LV\"},{\"@type\":\"Organization\",\"@id\":\"https:\/\/dolores.ee\/lv\/#organization\",\"name\":\"Dolores O\u00dc\",\"alternateName\":\"Dolores e-pood\",\"url\":\"https:\/\/dolores.ee\/lv\/\",\"logo\":{\"@type\":\"ImageObject\",\"inLanguage\":\"lv-LV\",\"@id\":\"https:\/\/dolores.ee\/lv\/#\/schema\/logo\/image\/\",\"url\":\"https:\/\/dolores.ee\/wp-content\/uploads\/2025\/04\/logo-1.jpg\",\"contentUrl\":\"https:\/\/dolores.ee\/wp-content\/uploads\/2025\/04\/logo-1.jpg\",\"width\":1951,\"height\":660,\"caption\":\"Dolores O\u00dc\"},\"image\":{\"@id\":\"https:\/\/dolores.ee\/lv\/#\/schema\/logo\/image\/\"},\"sameAs\":[\"https:\/\/www.facebook.com\/doloresepood\/\"],\"description\":\"Dolores.ee on kaasaegne veebipood, kust leiad tuntud kaubam\u00e4rkide \u2013 GIGI, Anna Lotan, Hikari, Hlavin \u2013 originaalkosmeetikat. Pakume kvaliteetseid hooldustooteid taskukohaste hindadega ja kiire kohaletoimetamisega \u00fcle Eesti. Nahahooldus pole kunagi olnud nii lihtne ja soodne!\",\"email\":\"dolores@dolores.ee\",\"telephone\":\"372 644 2440\",\"legalName\":\"Dolores O\u00dc\",\"foundingDate\":\"1998-02-09\",\"vatID\":\"EE100050280\",\"numberOfEmployees\":{\"@type\":\"QuantitativeValue\",\"minValue\":\"11\",\"maxValue\":\"50\"}}]}<\/script>\n<!-- \/ Yoast SEO Premium plugin. -->","yoast_head_json":{"title":"HIKARI SILKY ROSE mas\u0101\u017eas maska 50ml ~ Dolores","robots":{"index":"index","follow":"follow","max-snippet":"max-snippet:-1","max-image-preview":"max-image-preview:large","max-video-preview":"max-video-preview:-1"},"canonical":"https:\/\/dolores.ee\/lv\/product\/hikari-silky-rose-masazas-maska-50ml\/","og_locale":"lv_LV","og_type":"article","og_title":"HIKARI SILKY ROSE mas\u0101\u017eas maska 50ml","og_description":"HIKARI SILKY ROSE MASA\u017dAS MASKA 50ml","og_url":"https:\/\/dolores.ee\/lv\/product\/hikari-silky-rose-masazas-maska-50ml\/","og_site_name":"Dolores","article_publisher":"https:\/\/www.facebook.com\/doloresepood\/","article_modified_time":"2025-07-01T08:06:17+00:00","og_image":[{"width":750,"height":750,"url":"https:\/\/dolores.ee\/wp-content\/uploads\/2021\/11\/620ce679d664fc45160a09ef.750.1x1.jpg","type":"image\/jpeg"}],"twitter_card":"summary_large_image","twitter_misc":{"Est. reading time":"1 minute"},"schema":{"@context":"https:\/\/schema.org","@graph":[{"@type":"WebPage","@id":"https:\/\/dolores.ee\/lv\/product\/hikari-silky-rose-masazas-maska-50ml\/","url":"https:\/\/dolores.ee\/lv\/product\/hikari-silky-rose-masazas-maska-50ml\/","name":"HIKARI SILKY ROSE mas\u0101\u017eas maska 50ml ~ Dolores","isPartOf":{"@id":"https:\/\/dolores.ee\/lv\/#website"},"primaryImageOfPage":{"@id":"https:\/\/dolores.ee\/lv\/product\/hikari-silky-rose-masazas-maska-50ml\/#primaryimage"},"image":{"@id":"https:\/\/dolores.ee\/lv\/product\/hikari-silky-rose-masazas-maska-50ml\/#primaryimage"},"thumbnailUrl":"https:\/\/dolores.ee\/wp-content\/uploads\/2021\/11\/620ce679d664fc45160a09ef.750.1x1.jpg","datePublished":"2021-11-18T10:21:59+00:00","dateModified":"2025-07-01T08:06:17+00:00","breadcrumb":{"@id":"https:\/\/dolores.ee\/lv\/product\/hikari-silky-rose-masazas-maska-50ml\/#breadcrumb"},"inLanguage":"lv-LV","potentialAction":[{"@type":"ReadAction","target":["https:\/\/dolores.ee\/lv\/product\/hikari-silky-rose-masazas-maska-50ml\/"]}]},{"@type":"ImageObject","inLanguage":"lv-LV","@id":"https:\/\/dolores.ee\/lv\/product\/hikari-silky-rose-masazas-maska-50ml\/#primaryimage","url":"https:\/\/dolores.ee\/wp-content\/uploads\/2021\/11\/620ce679d664fc45160a09ef.750.1x1.jpg","contentUrl":"https:\/\/dolores.ee\/wp-content\/uploads\/2021\/11\/620ce679d664fc45160a09ef.750.1x1.jpg","width":750,"height":750},{"@type":"BreadcrumbList","@id":"https:\/\/dolores.ee\/lv\/product\/hikari-silky-rose-masazas-maska-50ml\/#breadcrumb","itemListElement":[{"@type":"ListItem","position":1,"name":"Home","item":"https:\/\/dolores.ee\/lv\/"},{"@type":"ListItem","position":2,"name":"E-veikals","item":"https:\/\/dolores.ee\/lv\/e-veikals\/"},{"@type":"ListItem","position":3,"name":"HIKARI SILKY ROSE mas\u0101\u017eas maska 50ml"}]},{"@type":"WebSite","@id":"https:\/\/dolores.ee\/lv\/#website","url":"https:\/\/dolores.ee\/lv\/","name":"Dolores e-pood","description":"Beauty Shop","publisher":{"@id":"https:\/\/dolores.ee\/lv\/#organization"},"alternateName":"Dolores","potentialAction":[{"@type":"SearchAction","target":{"@type":"EntryPoint","urlTemplate":"https:\/\/dolores.ee\/lv\/?s={search_term_string}"},"query-input":{"@type":"PropertyValueSpecification","valueRequired":true,"valueName":"search_term_string"}}],"inLanguage":"lv-LV"},{"@type":"Organization","@id":"https:\/\/dolores.ee\/lv\/#organization","name":"Dolores O\u00dc","alternateName":"Dolores e-pood","url":"https:\/\/dolores.ee\/lv\/","logo":{"@type":"ImageObject","inLanguage":"lv-LV","@id":"https:\/\/dolores.ee\/lv\/#\/schema\/logo\/image\/","url":"https:\/\/dolores.ee\/wp-content\/uploads\/2025\/04\/logo-1.jpg","contentUrl":"https:\/\/dolores.ee\/wp-content\/uploads\/2025\/04\/logo-1.jpg","width":1951,"height":660,"caption":"Dolores O\u00dc"},"image":{"@id":"https:\/\/dolores.ee\/lv\/#\/schema\/logo\/image\/"},"sameAs":["https:\/\/www.facebook.com\/doloresepood\/"],"description":"Dolores.ee on kaasaegne veebipood, kust leiad tuntud kaubam\u00e4rkide \u2013 GIGI, Anna Lotan, Hikari, Hlavin \u2013 originaalkosmeetikat. Pakume kvaliteetseid hooldustooteid taskukohaste hindadega ja kiire kohaletoimetamisega \u00fcle Eesti. Nahahooldus pole kunagi olnud nii lihtne ja soodne!","email":"dolores@dolores.ee","telephone":"372 644 2440","legalName":"Dolores O\u00dc","foundingDate":"1998-02-09","vatID":"EE100050280","numberOfEmployees":{"@type":"QuantitativeValue","minValue":"11","maxValue":"50"}}]}},"_links":{"self":[{"href":"https:\/\/dolores.ee\/lv\/wp-json\/wp\/v2\/product\/998150","targetHints":{"allow":["GET"]}}],"collection":[{"href":"https:\/\/dolores.ee\/lv\/wp-json\/wp\/v2\/product"}],"about":[{"href":"https:\/\/dolores.ee\/lv\/wp-json\/wp\/v2\/types\/product"}],"replies":[{"embeddable":true,"href":"https:\/\/dolores.ee\/lv\/wp-json\/wp\/v2\/comments?post=998150"}],"version-history":[{"count":0,"href":"https:\/\/dolores.ee\/lv\/wp-json\/wp\/v2\/product\/998150\/revisions"}],"wp:featuredmedia":[{"embeddable":true,"href":"https:\/\/dolores.ee\/lv\/wp-json\/wp\/v2\/media\/998153"}],"wp:attachment":[{"href":"https:\/\/dolores.ee\/lv\/wp-json\/wp\/v2\/media?parent=998150"}],"wp:term":[{"taxonomy":"product_brand","embeddable":true,"href":"https:\/\/dolores.ee\/lv\/wp-json\/wp\/v2\/product_brand?post=998150"},{"taxonomy":"product_cat","embeddable":true,"href":"https:\/\/dolores.ee\/lv\/wp-json\/wp\/v2\/product_cat?post=998150"},{"taxonomy":"product_tag","embeddable":true,"href":"https:\/\/dolores.ee\/lv\/wp-json\/wp\/v2\/product_tag?post=998150"},{"taxonomy":"giftcard-category","embeddable":true,"href":"https:\/\/dolores.ee\/lv\/wp-json\/wp\/v2\/giftcard-category?post=998150"}],"curies":[{"name":"wp","href":"https:\/\/api.w.org\/{rel}","templated":true}]}}