{"id":998154,"date":"2021-11-18T12:13:17","date_gmt":"2021-11-18T10:13:17","guid":{"rendered":"https:\/\/dolores.ee\/product\/hikari-fountain-of-youth-retouch-cleansing-gel-120ml\/"},"modified":"2025-07-01T11:06:17","modified_gmt":"2025-07-01T08:06:17","slug":"hikari-fountain-of-youth-retouch-cleansing-gel-120ml","status":"publish","type":"product","link":"https:\/\/dolores.ee\/lv\/product\/hikari-fountain-of-youth-retouch-cleansing-gel-120ml\/","title":{"rendered":"HIKARI Fountain Of Youth RETOUCH CLEANSING GEL 120ml"},"content":{"rendered":"<div class=\"vgblk-rw-wrapper limit-wrapper\"><strong data-start=\"69\" data-end=\"151\">Klasiskais du\u0161as gels visiem \u0101das tipiem satur dab\u012bgas virsmas akt\u012bv\u0101s vielas.<\/strong><br data-start=\"151\" data-end=\"154\" \/>Tas no\u0146em no \u0101das atlikumus un net\u012brumus, padarot to t\u012bru un gludu.<br data-start=\"221\" data-end=\"224\" \/>\u017delat\u012bn\u0101 ir daudz sp\u0113c\u012bgu antioksidantu \u2014 za\u013c\u0101s t\u0113jas, gran\u0101t\u0101bola un Vird\u017e\u012bnijas ozolkoka ekstraktu,<br data-start=\"325\" data-end=\"328\" \/>kas pal\u012bdz \u0101dai c\u012bn\u012bties ar kait\u012bgajiem vides faktoriem.<br data-start=\"384\" data-end=\"387\" \/>Kumel\u012bte nomierina aps\u0101rtumu, bet salicilsk\u0101be veicina \u0161\u016bnu atjauno\u0161anos. Turkl\u0101t gels satur patent\u0113to NAD NOBEL\u2122 pret noveco\u0161anos kompleksu.<\/div>\n<p><!-- .vgblk-rw-wrapper --><\/p>\n","protected":false},"excerpt":{"rendered":"<p>HIKARI Fountain Of Youth RETOUCH CLEANSING GEL 120ml<\/p>\n","protected":false},"featured_media":998155,"comment_status":"open","ping_status":"closed","template":"","meta":[],"product_brand":[],"product_cat":[689,687,684,676,718,726],"product_tag":[],"giftcard-category":[],"class_list":{"0":"post-998154","1":"product","2":"type-product","3":"status-publish","4":"has-post-thumbnail","6":"product_cat-fountain-of-youth-lv","7":"product_cat-hikari-lv","8":"product_cat-pirms-pilinga","9":"product_cat-sale-lv","10":"product_cat-sejas-kopsana","11":"product_cat-tirisana","13":"first","14":"instock","15":"taxable","16":"shipping-taxable","17":"purchasable","18":"product-type-simple"},"yoast_head":"<!-- This site is optimized with the Yoast SEO Premium plugin v25.1 (Yoast SEO v25.7) - https:\/\/yoast.com\/wordpress\/plugins\/seo\/ -->\n<title>HIKARI Fountain Of Youth RETOUCH CLEANSING GEL 120ml ~ Dolores<\/title>\n<meta name=\"robots\" content=\"index, follow, max-snippet:-1, max-image-preview:large, max-video-preview:-1\" \/>\n<link rel=\"canonical\" href=\"https:\/\/dolores.ee\/lv\/product\/hikari-fountain-of-youth-retouch-cleansing-gel-120ml\/\" \/>\n<meta property=\"og:locale\" content=\"lv_LV\" \/>\n<meta property=\"og:type\" content=\"article\" \/>\n<meta property=\"og:title\" content=\"HIKARI Fountain Of Youth RETOUCH CLEANSING GEL 120ml\" \/>\n<meta property=\"og:description\" content=\"HIKARI Fountain Of Youth RETOUCH CLEANSING GEL 120ml\" \/>\n<meta property=\"og:url\" content=\"https:\/\/dolores.ee\/lv\/product\/hikari-fountain-of-youth-retouch-cleansing-gel-120ml\/\" \/>\n<meta property=\"og:site_name\" content=\"Dolores\" \/>\n<meta property=\"article:publisher\" content=\"https:\/\/www.facebook.com\/doloresepood\/\" \/>\n<meta property=\"article:modified_time\" content=\"2025-07-01T08:06:17+00:00\" \/>\n<meta property=\"og:image\" content=\"https:\/\/dolores.ee\/wp-content\/uploads\/2021\/10\/RETOUCH-CLEANSING-GEL_120.jpg\" \/>\n\t<meta property=\"og:image:width\" content=\"908\" \/>\n\t<meta property=\"og:image:height\" content=\"1600\" \/>\n\t<meta property=\"og:image:type\" content=\"image\/jpeg\" \/>\n<meta name=\"twitter:card\" content=\"summary_large_image\" \/>\n<script type=\"application\/ld+json\" class=\"yoast-schema-graph\">{\"@context\":\"https:\/\/schema.org\",\"@graph\":[{\"@type\":\"WebPage\",\"@id\":\"https:\/\/dolores.ee\/lv\/product\/hikari-fountain-of-youth-retouch-cleansing-gel-120ml\/\",\"url\":\"https:\/\/dolores.ee\/lv\/product\/hikari-fountain-of-youth-retouch-cleansing-gel-120ml\/\",\"name\":\"HIKARI Fountain Of Youth RETOUCH CLEANSING GEL 120ml ~ Dolores\",\"isPartOf\":{\"@id\":\"https:\/\/dolores.ee\/lv\/#website\"},\"primaryImageOfPage\":{\"@id\":\"https:\/\/dolores.ee\/lv\/product\/hikari-fountain-of-youth-retouch-cleansing-gel-120ml\/#primaryimage\"},\"image\":{\"@id\":\"https:\/\/dolores.ee\/lv\/product\/hikari-fountain-of-youth-retouch-cleansing-gel-120ml\/#primaryimage\"},\"thumbnailUrl\":\"https:\/\/dolores.ee\/wp-content\/uploads\/2021\/10\/RETOUCH-CLEANSING-GEL_120.jpg\",\"datePublished\":\"2021-11-18T10:13:17+00:00\",\"dateModified\":\"2025-07-01T08:06:17+00:00\",\"breadcrumb\":{\"@id\":\"https:\/\/dolores.ee\/lv\/product\/hikari-fountain-of-youth-retouch-cleansing-gel-120ml\/#breadcrumb\"},\"inLanguage\":\"lv-LV\",\"potentialAction\":[{\"@type\":\"ReadAction\",\"target\":[\"https:\/\/dolores.ee\/lv\/product\/hikari-fountain-of-youth-retouch-cleansing-gel-120ml\/\"]}]},{\"@type\":\"ImageObject\",\"inLanguage\":\"lv-LV\",\"@id\":\"https:\/\/dolores.ee\/lv\/product\/hikari-fountain-of-youth-retouch-cleansing-gel-120ml\/#primaryimage\",\"url\":\"https:\/\/dolores.ee\/wp-content\/uploads\/2021\/10\/RETOUCH-CLEANSING-GEL_120.jpg\",\"contentUrl\":\"https:\/\/dolores.ee\/wp-content\/uploads\/2021\/10\/RETOUCH-CLEANSING-GEL_120.jpg\",\"width\":908,\"height\":1600},{\"@type\":\"BreadcrumbList\",\"@id\":\"https:\/\/dolores.ee\/lv\/product\/hikari-fountain-of-youth-retouch-cleansing-gel-120ml\/#breadcrumb\",\"itemListElement\":[{\"@type\":\"ListItem\",\"position\":1,\"name\":\"Home\",\"item\":\"https:\/\/dolores.ee\/lv\/\"},{\"@type\":\"ListItem\",\"position\":2,\"name\":\"E-veikals\",\"item\":\"https:\/\/dolores.ee\/lv\/e-veikals\/\"},{\"@type\":\"ListItem\",\"position\":3,\"name\":\"HIKARI Fountain Of Youth RETOUCH CLEANSING GEL 120ml\"}]},{\"@type\":\"WebSite\",\"@id\":\"https:\/\/dolores.ee\/lv\/#website\",\"url\":\"https:\/\/dolores.ee\/lv\/\",\"name\":\"Dolores e-pood\",\"description\":\"Beauty Shop\",\"publisher\":{\"@id\":\"https:\/\/dolores.ee\/lv\/#organization\"},\"alternateName\":\"Dolores\",\"potentialAction\":[{\"@type\":\"SearchAction\",\"target\":{\"@type\":\"EntryPoint\",\"urlTemplate\":\"https:\/\/dolores.ee\/lv\/?s={search_term_string}\"},\"query-input\":{\"@type\":\"PropertyValueSpecification\",\"valueRequired\":true,\"valueName\":\"search_term_string\"}}],\"inLanguage\":\"lv-LV\"},{\"@type\":\"Organization\",\"@id\":\"https:\/\/dolores.ee\/lv\/#organization\",\"name\":\"Dolores O\u00dc\",\"alternateName\":\"Dolores e-pood\",\"url\":\"https:\/\/dolores.ee\/lv\/\",\"logo\":{\"@type\":\"ImageObject\",\"inLanguage\":\"lv-LV\",\"@id\":\"https:\/\/dolores.ee\/lv\/#\/schema\/logo\/image\/\",\"url\":\"https:\/\/dolores.ee\/wp-content\/uploads\/2025\/04\/logo-1.jpg\",\"contentUrl\":\"https:\/\/dolores.ee\/wp-content\/uploads\/2025\/04\/logo-1.jpg\",\"width\":1951,\"height\":660,\"caption\":\"Dolores O\u00dc\"},\"image\":{\"@id\":\"https:\/\/dolores.ee\/lv\/#\/schema\/logo\/image\/\"},\"sameAs\":[\"https:\/\/www.facebook.com\/doloresepood\/\"],\"description\":\"Dolores.ee on kaasaegne veebipood, kust leiad tuntud kaubam\u00e4rkide \u2013 GIGI, Anna Lotan, Hikari, Hlavin \u2013 originaalkosmeetikat. Pakume kvaliteetseid hooldustooteid taskukohaste hindadega ja kiire kohaletoimetamisega \u00fcle Eesti. Nahahooldus pole kunagi olnud nii lihtne ja soodne!\",\"email\":\"dolores@dolores.ee\",\"telephone\":\"372 644 2440\",\"legalName\":\"Dolores O\u00dc\",\"foundingDate\":\"1998-02-09\",\"vatID\":\"EE100050280\",\"numberOfEmployees\":{\"@type\":\"QuantitativeValue\",\"minValue\":\"11\",\"maxValue\":\"50\"}}]}<\/script>\n<!-- \/ Yoast SEO Premium plugin. -->","yoast_head_json":{"title":"HIKARI Fountain Of Youth RETOUCH CLEANSING GEL 120ml ~ Dolores","robots":{"index":"index","follow":"follow","max-snippet":"max-snippet:-1","max-image-preview":"max-image-preview:large","max-video-preview":"max-video-preview:-1"},"canonical":"https:\/\/dolores.ee\/lv\/product\/hikari-fountain-of-youth-retouch-cleansing-gel-120ml\/","og_locale":"lv_LV","og_type":"article","og_title":"HIKARI Fountain Of Youth RETOUCH CLEANSING GEL 120ml","og_description":"HIKARI Fountain Of Youth RETOUCH CLEANSING GEL 120ml","og_url":"https:\/\/dolores.ee\/lv\/product\/hikari-fountain-of-youth-retouch-cleansing-gel-120ml\/","og_site_name":"Dolores","article_publisher":"https:\/\/www.facebook.com\/doloresepood\/","article_modified_time":"2025-07-01T08:06:17+00:00","og_image":[{"width":908,"height":1600,"url":"https:\/\/dolores.ee\/wp-content\/uploads\/2021\/10\/RETOUCH-CLEANSING-GEL_120.jpg","type":"image\/jpeg"}],"twitter_card":"summary_large_image","schema":{"@context":"https:\/\/schema.org","@graph":[{"@type":"WebPage","@id":"https:\/\/dolores.ee\/lv\/product\/hikari-fountain-of-youth-retouch-cleansing-gel-120ml\/","url":"https:\/\/dolores.ee\/lv\/product\/hikari-fountain-of-youth-retouch-cleansing-gel-120ml\/","name":"HIKARI Fountain Of Youth RETOUCH CLEANSING GEL 120ml ~ Dolores","isPartOf":{"@id":"https:\/\/dolores.ee\/lv\/#website"},"primaryImageOfPage":{"@id":"https:\/\/dolores.ee\/lv\/product\/hikari-fountain-of-youth-retouch-cleansing-gel-120ml\/#primaryimage"},"image":{"@id":"https:\/\/dolores.ee\/lv\/product\/hikari-fountain-of-youth-retouch-cleansing-gel-120ml\/#primaryimage"},"thumbnailUrl":"https:\/\/dolores.ee\/wp-content\/uploads\/2021\/10\/RETOUCH-CLEANSING-GEL_120.jpg","datePublished":"2021-11-18T10:13:17+00:00","dateModified":"2025-07-01T08:06:17+00:00","breadcrumb":{"@id":"https:\/\/dolores.ee\/lv\/product\/hikari-fountain-of-youth-retouch-cleansing-gel-120ml\/#breadcrumb"},"inLanguage":"lv-LV","potentialAction":[{"@type":"ReadAction","target":["https:\/\/dolores.ee\/lv\/product\/hikari-fountain-of-youth-retouch-cleansing-gel-120ml\/"]}]},{"@type":"ImageObject","inLanguage":"lv-LV","@id":"https:\/\/dolores.ee\/lv\/product\/hikari-fountain-of-youth-retouch-cleansing-gel-120ml\/#primaryimage","url":"https:\/\/dolores.ee\/wp-content\/uploads\/2021\/10\/RETOUCH-CLEANSING-GEL_120.jpg","contentUrl":"https:\/\/dolores.ee\/wp-content\/uploads\/2021\/10\/RETOUCH-CLEANSING-GEL_120.jpg","width":908,"height":1600},{"@type":"BreadcrumbList","@id":"https:\/\/dolores.ee\/lv\/product\/hikari-fountain-of-youth-retouch-cleansing-gel-120ml\/#breadcrumb","itemListElement":[{"@type":"ListItem","position":1,"name":"Home","item":"https:\/\/dolores.ee\/lv\/"},{"@type":"ListItem","position":2,"name":"E-veikals","item":"https:\/\/dolores.ee\/lv\/e-veikals\/"},{"@type":"ListItem","position":3,"name":"HIKARI Fountain Of Youth RETOUCH CLEANSING GEL 120ml"}]},{"@type":"WebSite","@id":"https:\/\/dolores.ee\/lv\/#website","url":"https:\/\/dolores.ee\/lv\/","name":"Dolores e-pood","description":"Beauty Shop","publisher":{"@id":"https:\/\/dolores.ee\/lv\/#organization"},"alternateName":"Dolores","potentialAction":[{"@type":"SearchAction","target":{"@type":"EntryPoint","urlTemplate":"https:\/\/dolores.ee\/lv\/?s={search_term_string}"},"query-input":{"@type":"PropertyValueSpecification","valueRequired":true,"valueName":"search_term_string"}}],"inLanguage":"lv-LV"},{"@type":"Organization","@id":"https:\/\/dolores.ee\/lv\/#organization","name":"Dolores O\u00dc","alternateName":"Dolores e-pood","url":"https:\/\/dolores.ee\/lv\/","logo":{"@type":"ImageObject","inLanguage":"lv-LV","@id":"https:\/\/dolores.ee\/lv\/#\/schema\/logo\/image\/","url":"https:\/\/dolores.ee\/wp-content\/uploads\/2025\/04\/logo-1.jpg","contentUrl":"https:\/\/dolores.ee\/wp-content\/uploads\/2025\/04\/logo-1.jpg","width":1951,"height":660,"caption":"Dolores O\u00dc"},"image":{"@id":"https:\/\/dolores.ee\/lv\/#\/schema\/logo\/image\/"},"sameAs":["https:\/\/www.facebook.com\/doloresepood\/"],"description":"Dolores.ee on kaasaegne veebipood, kust leiad tuntud kaubam\u00e4rkide \u2013 GIGI, Anna Lotan, Hikari, Hlavin \u2013 originaalkosmeetikat. Pakume kvaliteetseid hooldustooteid taskukohaste hindadega ja kiire kohaletoimetamisega \u00fcle Eesti. Nahahooldus pole kunagi olnud nii lihtne ja soodne!","email":"dolores@dolores.ee","telephone":"372 644 2440","legalName":"Dolores O\u00dc","foundingDate":"1998-02-09","vatID":"EE100050280","numberOfEmployees":{"@type":"QuantitativeValue","minValue":"11","maxValue":"50"}}]}},"_links":{"self":[{"href":"https:\/\/dolores.ee\/lv\/wp-json\/wp\/v2\/product\/998154","targetHints":{"allow":["GET"]}}],"collection":[{"href":"https:\/\/dolores.ee\/lv\/wp-json\/wp\/v2\/product"}],"about":[{"href":"https:\/\/dolores.ee\/lv\/wp-json\/wp\/v2\/types\/product"}],"replies":[{"embeddable":true,"href":"https:\/\/dolores.ee\/lv\/wp-json\/wp\/v2\/comments?post=998154"}],"version-history":[{"count":0,"href":"https:\/\/dolores.ee\/lv\/wp-json\/wp\/v2\/product\/998154\/revisions"}],"wp:featuredmedia":[{"embeddable":true,"href":"https:\/\/dolores.ee\/lv\/wp-json\/wp\/v2\/media\/998155"}],"wp:attachment":[{"href":"https:\/\/dolores.ee\/lv\/wp-json\/wp\/v2\/media?parent=998154"}],"wp:term":[{"taxonomy":"product_brand","embeddable":true,"href":"https:\/\/dolores.ee\/lv\/wp-json\/wp\/v2\/product_brand?post=998154"},{"taxonomy":"product_cat","embeddable":true,"href":"https:\/\/dolores.ee\/lv\/wp-json\/wp\/v2\/product_cat?post=998154"},{"taxonomy":"product_tag","embeddable":true,"href":"https:\/\/dolores.ee\/lv\/wp-json\/wp\/v2\/product_tag?post=998154"},{"taxonomy":"giftcard-category","embeddable":true,"href":"https:\/\/dolores.ee\/lv\/wp-json\/wp\/v2\/giftcard-category?post=998154"}],"curies":[{"name":"wp","href":"https:\/\/api.w.org\/{rel}","templated":true}]}}