{"id":998164,"date":"2021-07-15T14:25:30","date_gmt":"2021-07-15T11:25:30","guid":{"rendered":"https:\/\/dolores.ee\/product\/hikari-scrubglow-powder-100-ml\/"},"modified":"2025-07-01T11:06:17","modified_gmt":"2025-07-01T08:06:17","slug":"hikari-scrubglow-powder-100-ml","status":"publish","type":"product","link":"https:\/\/dolores.ee\/lv\/product\/hikari-scrubglow-powder-100-ml\/","title":{"rendered":"HIKARI Scrub&#038;Glow Powder 100 ml"},"content":{"rendered":"<div class=\"vgblk-rw-wrapper limit-wrapper\">\n<p data-start=\"78\" data-end=\"385\"><strong data-start=\"78\" data-end=\"202\">KUIVS skrub\u0113jo\u0161s produkts sast\u0101v no sarkan\u0101s j\u016bras a\u013c\u0123es (Chondrus crispus) un jap\u0101\u0146u bambusa koncentr\u0113tiem ekstraktiem.<\/strong><br data-start=\"202\" data-end=\"205\" \/>Detoksik\u0101cijas efektu nodro\u0161ina augstas kvalit\u0101tes skrub\u0113jo\u0161\u0101 pulvera inov\u0101cija \u2014 dabisko sast\u0101vda\u013cu prec\u012bza proporcija. Piem\u0113rots gan profesion\u0101lai lieto\u0161anai, gan m\u0101jas kop\u0161anai.<\/p>\n<p data-start=\"387\" data-end=\"533\">Maigi, bet dzi\u013ci att\u012bra \u0101du, no\u0146em noguruma paz\u012bmes un stimul\u0113 \u0101das vielmai\u0146u. Aktiviz\u0113 \u0101du aizsarg\u0101jo\u0161o prote\u012bnu sint\u0113zi un uzlabo \u0101das elast\u012bbu.<\/p>\n<p data-start=\"535\" data-end=\"752\">Sarkan\u0101s a\u013c\u0123es Chondrus crispus ekstrakts satur bag\u0101t\u012bgi \u0101das nepiecie\u0161am\u0101s bar\u012bbas vielas un tam ir pretiekaisuma, antibakteri\u0101la un mitrino\u0161a iedarb\u012bba. Padara \u0101du elast\u012bgu un iztur\u012bgu, uzlabo t\u0101s tekst\u016bru un kr\u0101su.<\/p>\n<p data-start=\"754\" data-end=\"981\">Bambusa ekstrakts iek\u013cauts formul\u0101, pateicoties t\u0101 att\u012bro\u0161ajai, mitrino\u0161ajai un toks\u012bnus izvado\u0161ajai iedarb\u012bbai. Turkl\u0101t bambusa ekstrakts ir bag\u0101ts ar biolo\u0123iski pieejamu sil\u012bciju, kas pie\u0161\u0137ir \u0101dai skaistu un mirdzo\u0161u izskatu.<\/p>\n<p data-start=\"983\" data-end=\"1209\"><strong data-start=\"983\" data-end=\"996\">Uzman\u012bbu!<\/strong> Daudzi kosm\u0113tikas produkti mitros apst\u0101k\u013cos veicina bakt\u0113riju vairo\u0161anos, kas var izrais\u012bt \u0101das kairin\u0101jumus, jo produktus bie\u017ei uzkl\u0101j ar net\u012br\u0101m rok\u0101m. \u0160\u012b skrubja pulverveida konsistence nov\u0113r\u0161 \u0161\u0101das probl\u0113mas.<\/p>\n<hr data-start=\"1211\" data-end=\"1214\" \/>\n<p data-start=\"1216\" data-end=\"1229\"><strong data-start=\"1216\" data-end=\"1229\">LIETO\u0160ANA<\/strong><\/p>\n<p data-start=\"1231\" data-end=\"1587\">Ielejiet aptuveni pusi t\u0113jkarotes pulvera mitr\u0101s rok\u0101s un berz\u0113jiet l\u012bdz izveidojas kr\u0113mveida pasta. Uzkl\u0101jiet pastu ar ap\u013cveida kust\u012bb\u0101m uz sejas, izvairoties no acu apk\u0101rtnes. Mas\u0113jiet \u0101du apm\u0113ram 3 min\u016btes, p\u0113c tam r\u016bp\u012bgi nomazg\u0101jiet atlikumus ar siltu \u016bdeni. Piem\u0113rots ikdienas lieto\u0161anai. Regul\u0101ri lietojot, \u0101da k\u013c\u016bs neticami maiga, gluda un mirdzo\u0161a.<\/p>\n<p data-start=\"1589\" data-end=\"1743\">Ekonomisks \u2014 pulvera pat\u0113ri\u0146\u0161 ir iev\u0113rojami maz\u0101ks nek\u0101 tradicion\u0101lajiem skrubjiem, pateicoties augst\u0101kai akt\u012bvo vielu koncentr\u0101cijai un \u016bdens neesam\u012bbai.<\/p>\n<p data-start=\"1745\" data-end=\"1852\">Glab\u0101\u0161anas termi\u0146\u0161 \u2014 \u016bdens neesam\u012bba sast\u0101v\u0101 \u013cauj pagarin\u0101t produkta glab\u0101\u0161anas laiku par vair\u0101kiem gadiem.<\/p>\n<\/div>\n<p><!-- .vgblk-rw-wrapper --><\/p>\n","protected":false},"excerpt":{"rendered":"<p>HIKARI Scrub&amp;Glow Powder 100 ml<\/p>\n","protected":false},"featured_media":998979,"comment_status":"open","ping_status":"closed","template":"","meta":[],"product_brand":[],"product_cat":[688,687,723,676,718],"product_tag":[],"giftcard-category":[],"class_list":{"0":"post-998164","1":"product","2":"type-product","3":"status-publish","4":"has-post-thumbnail","6":"product_cat-dermis-direct-lv","7":"product_cat-hikari-lv","8":"product_cat-peelings","9":"product_cat-sale-lv","10":"product_cat-sejas-kopsana","12":"first","13":"instock","14":"taxable","15":"shipping-taxable","16":"purchasable","17":"product-type-simple"},"yoast_head":"<!-- This site is optimized with the Yoast SEO Premium plugin v25.1 (Yoast SEO v25.7) - https:\/\/yoast.com\/wordpress\/plugins\/seo\/ -->\n<title>HIKARI Scrub&amp;Glow Powder 100 ml ~ Dolores<\/title>\n<meta name=\"robots\" content=\"index, follow, max-snippet:-1, max-image-preview:large, max-video-preview:-1\" \/>\n<link rel=\"canonical\" href=\"https:\/\/dolores.ee\/lv\/product\/hikari-scrubglow-powder-100-ml\/\" \/>\n<meta property=\"og:locale\" content=\"lv_LV\" \/>\n<meta property=\"og:type\" content=\"article\" \/>\n<meta property=\"og:title\" content=\"HIKARI Scrub&amp;Glow Powder 100 ml\" \/>\n<meta property=\"og:description\" content=\"HIKARI Scrub&amp;Glow Powder 100 ml\" \/>\n<meta property=\"og:url\" content=\"https:\/\/dolores.ee\/lv\/product\/hikari-scrubglow-powder-100-ml\/\" \/>\n<meta property=\"og:site_name\" content=\"Dolores\" \/>\n<meta property=\"article:publisher\" content=\"https:\/\/www.facebook.com\/doloresepood\/\" \/>\n<meta property=\"article:modified_time\" content=\"2025-07-01T08:06:17+00:00\" \/>\n<meta property=\"og:image\" content=\"https:\/\/dolores.ee\/wp-content\/uploads\/2025\/05\/seo.jpg\" \/>\n\t<meta property=\"og:image:width\" content=\"1200\" \/>\n\t<meta property=\"og:image:height\" content=\"675\" \/>\n\t<meta property=\"og:image:type\" content=\"image\/jpeg\" \/>\n<meta name=\"twitter:card\" content=\"summary_large_image\" \/>\n<meta name=\"twitter:label1\" content=\"Est. reading time\" \/>\n\t<meta name=\"twitter:data1\" content=\"2 minutes\" \/>\n<script type=\"application\/ld+json\" class=\"yoast-schema-graph\">{\"@context\":\"https:\/\/schema.org\",\"@graph\":[{\"@type\":\"WebPage\",\"@id\":\"https:\/\/dolores.ee\/lv\/product\/hikari-scrubglow-powder-100-ml\/\",\"url\":\"https:\/\/dolores.ee\/lv\/product\/hikari-scrubglow-powder-100-ml\/\",\"name\":\"HIKARI Scrub&Glow Powder 100 ml ~ Dolores\",\"isPartOf\":{\"@id\":\"https:\/\/dolores.ee\/lv\/#website\"},\"primaryImageOfPage\":{\"@id\":\"https:\/\/dolores.ee\/lv\/product\/hikari-scrubglow-powder-100-ml\/#primaryimage\"},\"image\":{\"@id\":\"https:\/\/dolores.ee\/lv\/product\/hikari-scrubglow-powder-100-ml\/#primaryimage\"},\"thumbnailUrl\":\"https:\/\/dolores.ee\/wp-content\/uploads\/2021\/07\/hikari-scrub-glow-powder.webp\",\"datePublished\":\"2021-07-15T11:25:30+00:00\",\"dateModified\":\"2025-07-01T08:06:17+00:00\",\"breadcrumb\":{\"@id\":\"https:\/\/dolores.ee\/lv\/product\/hikari-scrubglow-powder-100-ml\/#breadcrumb\"},\"inLanguage\":\"lv-LV\",\"potentialAction\":[{\"@type\":\"ReadAction\",\"target\":[\"https:\/\/dolores.ee\/lv\/product\/hikari-scrubglow-powder-100-ml\/\"]}]},{\"@type\":\"ImageObject\",\"inLanguage\":\"lv-LV\",\"@id\":\"https:\/\/dolores.ee\/lv\/product\/hikari-scrubglow-powder-100-ml\/#primaryimage\",\"url\":\"https:\/\/dolores.ee\/wp-content\/uploads\/2021\/07\/hikari-scrub-glow-powder.webp\",\"contentUrl\":\"https:\/\/dolores.ee\/wp-content\/uploads\/2021\/07\/hikari-scrub-glow-powder.webp\",\"width\":800,\"height\":800},{\"@type\":\"BreadcrumbList\",\"@id\":\"https:\/\/dolores.ee\/lv\/product\/hikari-scrubglow-powder-100-ml\/#breadcrumb\",\"itemListElement\":[{\"@type\":\"ListItem\",\"position\":1,\"name\":\"Home\",\"item\":\"https:\/\/dolores.ee\/lv\/\"},{\"@type\":\"ListItem\",\"position\":2,\"name\":\"E-veikals\",\"item\":\"https:\/\/dolores.ee\/lv\/e-veikals\/\"},{\"@type\":\"ListItem\",\"position\":3,\"name\":\"HIKARI Scrub&#038;Glow Powder 100 ml\"}]},{\"@type\":\"WebSite\",\"@id\":\"https:\/\/dolores.ee\/lv\/#website\",\"url\":\"https:\/\/dolores.ee\/lv\/\",\"name\":\"Dolores e-pood\",\"description\":\"Beauty Shop\",\"publisher\":{\"@id\":\"https:\/\/dolores.ee\/lv\/#organization\"},\"alternateName\":\"Dolores\",\"potentialAction\":[{\"@type\":\"SearchAction\",\"target\":{\"@type\":\"EntryPoint\",\"urlTemplate\":\"https:\/\/dolores.ee\/lv\/?s={search_term_string}\"},\"query-input\":{\"@type\":\"PropertyValueSpecification\",\"valueRequired\":true,\"valueName\":\"search_term_string\"}}],\"inLanguage\":\"lv-LV\"},{\"@type\":\"Organization\",\"@id\":\"https:\/\/dolores.ee\/lv\/#organization\",\"name\":\"Dolores O\u00dc\",\"alternateName\":\"Dolores e-pood\",\"url\":\"https:\/\/dolores.ee\/lv\/\",\"logo\":{\"@type\":\"ImageObject\",\"inLanguage\":\"lv-LV\",\"@id\":\"https:\/\/dolores.ee\/lv\/#\/schema\/logo\/image\/\",\"url\":\"https:\/\/dolores.ee\/wp-content\/uploads\/2025\/04\/logo-1.jpg\",\"contentUrl\":\"https:\/\/dolores.ee\/wp-content\/uploads\/2025\/04\/logo-1.jpg\",\"width\":1951,\"height\":660,\"caption\":\"Dolores O\u00dc\"},\"image\":{\"@id\":\"https:\/\/dolores.ee\/lv\/#\/schema\/logo\/image\/\"},\"sameAs\":[\"https:\/\/www.facebook.com\/doloresepood\/\"],\"description\":\"Dolores.ee on kaasaegne veebipood, kust leiad tuntud kaubam\u00e4rkide \u2013 GIGI, Anna Lotan, Hikari, Hlavin \u2013 originaalkosmeetikat. Pakume kvaliteetseid hooldustooteid taskukohaste hindadega ja kiire kohaletoimetamisega \u00fcle Eesti. Nahahooldus pole kunagi olnud nii lihtne ja soodne!\",\"email\":\"dolores@dolores.ee\",\"telephone\":\"372 644 2440\",\"legalName\":\"Dolores O\u00dc\",\"foundingDate\":\"1998-02-09\",\"vatID\":\"EE100050280\",\"numberOfEmployees\":{\"@type\":\"QuantitativeValue\",\"minValue\":\"11\",\"maxValue\":\"50\"}}]}<\/script>\n<!-- \/ Yoast SEO Premium plugin. -->","yoast_head_json":{"title":"HIKARI Scrub&Glow Powder 100 ml ~ Dolores","robots":{"index":"index","follow":"follow","max-snippet":"max-snippet:-1","max-image-preview":"max-image-preview:large","max-video-preview":"max-video-preview:-1"},"canonical":"https:\/\/dolores.ee\/lv\/product\/hikari-scrubglow-powder-100-ml\/","og_locale":"lv_LV","og_type":"article","og_title":"HIKARI Scrub&Glow Powder 100 ml","og_description":"HIKARI Scrub&amp;Glow Powder 100 ml","og_url":"https:\/\/dolores.ee\/lv\/product\/hikari-scrubglow-powder-100-ml\/","og_site_name":"Dolores","article_publisher":"https:\/\/www.facebook.com\/doloresepood\/","article_modified_time":"2025-07-01T08:06:17+00:00","og_image":[{"width":1200,"height":675,"url":"https:\/\/dolores.ee\/wp-content\/uploads\/2025\/05\/seo.jpg","type":"image\/jpeg"}],"twitter_card":"summary_large_image","twitter_misc":{"Est. reading time":"2 minutes"},"schema":{"@context":"https:\/\/schema.org","@graph":[{"@type":"WebPage","@id":"https:\/\/dolores.ee\/lv\/product\/hikari-scrubglow-powder-100-ml\/","url":"https:\/\/dolores.ee\/lv\/product\/hikari-scrubglow-powder-100-ml\/","name":"HIKARI Scrub&Glow Powder 100 ml ~ Dolores","isPartOf":{"@id":"https:\/\/dolores.ee\/lv\/#website"},"primaryImageOfPage":{"@id":"https:\/\/dolores.ee\/lv\/product\/hikari-scrubglow-powder-100-ml\/#primaryimage"},"image":{"@id":"https:\/\/dolores.ee\/lv\/product\/hikari-scrubglow-powder-100-ml\/#primaryimage"},"thumbnailUrl":"https:\/\/dolores.ee\/wp-content\/uploads\/2021\/07\/hikari-scrub-glow-powder.webp","datePublished":"2021-07-15T11:25:30+00:00","dateModified":"2025-07-01T08:06:17+00:00","breadcrumb":{"@id":"https:\/\/dolores.ee\/lv\/product\/hikari-scrubglow-powder-100-ml\/#breadcrumb"},"inLanguage":"lv-LV","potentialAction":[{"@type":"ReadAction","target":["https:\/\/dolores.ee\/lv\/product\/hikari-scrubglow-powder-100-ml\/"]}]},{"@type":"ImageObject","inLanguage":"lv-LV","@id":"https:\/\/dolores.ee\/lv\/product\/hikari-scrubglow-powder-100-ml\/#primaryimage","url":"https:\/\/dolores.ee\/wp-content\/uploads\/2021\/07\/hikari-scrub-glow-powder.webp","contentUrl":"https:\/\/dolores.ee\/wp-content\/uploads\/2021\/07\/hikari-scrub-glow-powder.webp","width":800,"height":800},{"@type":"BreadcrumbList","@id":"https:\/\/dolores.ee\/lv\/product\/hikari-scrubglow-powder-100-ml\/#breadcrumb","itemListElement":[{"@type":"ListItem","position":1,"name":"Home","item":"https:\/\/dolores.ee\/lv\/"},{"@type":"ListItem","position":2,"name":"E-veikals","item":"https:\/\/dolores.ee\/lv\/e-veikals\/"},{"@type":"ListItem","position":3,"name":"HIKARI Scrub&#038;Glow Powder 100 ml"}]},{"@type":"WebSite","@id":"https:\/\/dolores.ee\/lv\/#website","url":"https:\/\/dolores.ee\/lv\/","name":"Dolores e-pood","description":"Beauty Shop","publisher":{"@id":"https:\/\/dolores.ee\/lv\/#organization"},"alternateName":"Dolores","potentialAction":[{"@type":"SearchAction","target":{"@type":"EntryPoint","urlTemplate":"https:\/\/dolores.ee\/lv\/?s={search_term_string}"},"query-input":{"@type":"PropertyValueSpecification","valueRequired":true,"valueName":"search_term_string"}}],"inLanguage":"lv-LV"},{"@type":"Organization","@id":"https:\/\/dolores.ee\/lv\/#organization","name":"Dolores O\u00dc","alternateName":"Dolores e-pood","url":"https:\/\/dolores.ee\/lv\/","logo":{"@type":"ImageObject","inLanguage":"lv-LV","@id":"https:\/\/dolores.ee\/lv\/#\/schema\/logo\/image\/","url":"https:\/\/dolores.ee\/wp-content\/uploads\/2025\/04\/logo-1.jpg","contentUrl":"https:\/\/dolores.ee\/wp-content\/uploads\/2025\/04\/logo-1.jpg","width":1951,"height":660,"caption":"Dolores O\u00dc"},"image":{"@id":"https:\/\/dolores.ee\/lv\/#\/schema\/logo\/image\/"},"sameAs":["https:\/\/www.facebook.com\/doloresepood\/"],"description":"Dolores.ee on kaasaegne veebipood, kust leiad tuntud kaubam\u00e4rkide \u2013 GIGI, Anna Lotan, Hikari, Hlavin \u2013 originaalkosmeetikat. Pakume kvaliteetseid hooldustooteid taskukohaste hindadega ja kiire kohaletoimetamisega \u00fcle Eesti. Nahahooldus pole kunagi olnud nii lihtne ja soodne!","email":"dolores@dolores.ee","telephone":"372 644 2440","legalName":"Dolores O\u00dc","foundingDate":"1998-02-09","vatID":"EE100050280","numberOfEmployees":{"@type":"QuantitativeValue","minValue":"11","maxValue":"50"}}]}},"_links":{"self":[{"href":"https:\/\/dolores.ee\/lv\/wp-json\/wp\/v2\/product\/998164","targetHints":{"allow":["GET"]}}],"collection":[{"href":"https:\/\/dolores.ee\/lv\/wp-json\/wp\/v2\/product"}],"about":[{"href":"https:\/\/dolores.ee\/lv\/wp-json\/wp\/v2\/types\/product"}],"replies":[{"embeddable":true,"href":"https:\/\/dolores.ee\/lv\/wp-json\/wp\/v2\/comments?post=998164"}],"version-history":[{"count":0,"href":"https:\/\/dolores.ee\/lv\/wp-json\/wp\/v2\/product\/998164\/revisions"}],"wp:featuredmedia":[{"embeddable":true,"href":"https:\/\/dolores.ee\/lv\/wp-json\/wp\/v2\/media\/998979"}],"wp:attachment":[{"href":"https:\/\/dolores.ee\/lv\/wp-json\/wp\/v2\/media?parent=998164"}],"wp:term":[{"taxonomy":"product_brand","embeddable":true,"href":"https:\/\/dolores.ee\/lv\/wp-json\/wp\/v2\/product_brand?post=998164"},{"taxonomy":"product_cat","embeddable":true,"href":"https:\/\/dolores.ee\/lv\/wp-json\/wp\/v2\/product_cat?post=998164"},{"taxonomy":"product_tag","embeddable":true,"href":"https:\/\/dolores.ee\/lv\/wp-json\/wp\/v2\/product_tag?post=998164"},{"taxonomy":"giftcard-category","embeddable":true,"href":"https:\/\/dolores.ee\/lv\/wp-json\/wp\/v2\/giftcard-category?post=998164"}],"curies":[{"name":"wp","href":"https:\/\/api.w.org\/{rel}","templated":true}]}}