{"id":998167,"date":"2021-06-10T10:10:25","date_gmt":"2021-06-10T07:10:25","guid":{"rendered":"https:\/\/dolores.ee\/product\/hikari-anti-stress-massage-mask-50-ml\/"},"modified":"2026-02-27T14:51:17","modified_gmt":"2026-02-27T12:51:17","slug":"hikari-anti-stress-massage-mask-50-ml","status":"publish","type":"product","link":"https:\/\/dolores.ee\/lv\/product\/hikari-anti-stress-massage-mask-50-ml\/","title":{"rendered":"HIKARI Anti Stress Massage Mask 50 ml"},"content":{"rendered":"<div class=\"vgblk-rw-wrapper limit-wrapper\">\n<p data-start=\"78\" data-end=\"98\"><strong data-start=\"78\" data-end=\"98\">Pretstresa maska<\/strong><\/p>\n<p data-start=\"100\" data-end=\"203\">Unik\u0101la maska satur dabiskas pret noveco\u0161anos v\u0113rstas sast\u0101vda\u013cas, ko jau sen izmanto Alpu iedz\u012bvot\u0101ji.<\/p>\n<ol data-start=\"205\" data-end=\"1014\">\n<li data-start=\"205\" data-end=\"449\">\n<p data-start=\"208\" data-end=\"449\">Sniega a\u013c\u0123u pulveris iedarbojas uz \u0161\u016bnu l\u012bmeni, aktiviz\u0113jot \u0101das \u0161\u016bnu dz\u012bvotsp\u0113ju (Klotho prote\u012bni) un prote\u012bnk\u012bn\u0101zi AMPK, kas darbojas k\u0101 ener\u0123ijas sign\u0101la sensors. T\u0101d\u0113\u013c pret noveco\u0161anos v\u0113rstais efekts ir redzams jau t\u016bl\u012bt p\u0113c lieto\u0161anas.<\/p>\n<\/li>\n<li data-start=\"451\" data-end=\"736\">\n<p data-start=\"454\" data-end=\"736\">Sniega a\u013c\u0123u ekstrakts uzlabo \u0101das aizsargmeh\u0101nismus, stimul\u0113 \u0161\u016bnu att\u012br\u012b\u0161anos no toks\u012bniem un paaugstina iztur\u012bbu pret kait\u012bgiem \u0101r\u0113jiem faktoriem. T\u0101 darb\u012bbas meh\u0101nisms balst\u0101s uz dermas un epidermas strukt\u016bru nostiprin\u0101\u0161anu, kas pal\u012bdz nov\u0113rst vecuma pigmenta plankumu veido\u0161anos.<\/p>\n<\/li>\n<li data-start=\"738\" data-end=\"869\">\n<p data-start=\"741\" data-end=\"869\">Eedelveis ir majest\u0101tiska ziedaugs, kas aug Alpos. Pa\u0101trina \u0101das atjauno\u0161anos, darbojas k\u0101 antioksidants un sp\u0113c\u012bgi atjauno \u0101du.<\/p>\n<\/li>\n<li data-start=\"871\" data-end=\"1014\">\n<p data-start=\"874\" data-end=\"1014\">Arnika ir sena \u0101rstniec\u012bbas auga, kura lieto\u0161ana dat\u0113ta ar 16. gadsimtu. T\u0101 satur pretiekaisuma laktonu un lieliski nomierina kairin\u0101tu \u0101du.<\/p>\n<\/li>\n<\/ol>\n<\/div>\n<p><!-- .vgblk-rw-wrapper --><\/p>\n","protected":false},"excerpt":{"rendered":"<p>HIKARI Anti Stress Massage Mask 50 ml<\/p>\n","protected":false},"featured_media":999150,"comment_status":"open","ping_status":"closed","template":"","meta":[],"product_brand":[],"product_cat":[689,687,690,716,676,718,722],"product_tag":[],"giftcard-category":[],"class_list":{"0":"post-998167","1":"product","2":"type-product","3":"status-publish","4":"has-post-thumbnail","6":"product_cat-fountain-of-youth-lv","7":"product_cat-hikari-lv","8":"product_cat-massage-masks-lv","9":"product_cat-mitrinosi-produkti","10":"product_cat-sale-lv","11":"product_cat-sejas-kopsana","12":"product_cat-sejas-maska","14":"first","15":"instock","16":"taxable","17":"shipping-taxable","18":"purchasable","19":"product-type-simple"},"yoast_head":"<!-- This site is optimized with the Yoast SEO Premium plugin v25.1 (Yoast SEO v25.7) - https:\/\/yoast.com\/wordpress\/plugins\/seo\/ -->\n<title>HIKARI Anti Stress Massage Mask 50 ml ~ Dolores<\/title>\n<meta name=\"robots\" content=\"index, follow, max-snippet:-1, max-image-preview:large, max-video-preview:-1\" \/>\n<link rel=\"canonical\" href=\"https:\/\/dolores.ee\/lv\/product\/hikari-anti-stress-massage-mask-50-ml\/\" \/>\n<meta property=\"og:locale\" content=\"lv_LV\" \/>\n<meta property=\"og:type\" content=\"article\" \/>\n<meta property=\"og:title\" content=\"HIKARI Anti Stress Massage Mask 50 ml\" \/>\n<meta property=\"og:description\" content=\"HIKARI Anti Stress Massage Mask 50 ml\" \/>\n<meta property=\"og:url\" content=\"https:\/\/dolores.ee\/lv\/product\/hikari-anti-stress-massage-mask-50-ml\/\" \/>\n<meta property=\"og:site_name\" content=\"Dolores\" \/>\n<meta property=\"article:publisher\" content=\"https:\/\/www.facebook.com\/doloresepood\/\" \/>\n<meta property=\"article:modified_time\" content=\"2026-02-27T12:51:17+00:00\" \/>\n<meta property=\"og:image\" content=\"https:\/\/dolores.ee\/wp-content\/uploads\/2021\/06\/copy-of-anti-stress_box_pr_wb-scaled.jpg\" \/>\n\t<meta property=\"og:image:width\" content=\"2560\" \/>\n\t<meta property=\"og:image:height\" content=\"2315\" \/>\n\t<meta property=\"og:image:type\" content=\"image\/jpeg\" \/>\n<meta name=\"twitter:card\" content=\"summary_large_image\" \/>\n<meta name=\"twitter:label1\" content=\"Est. reading time\" \/>\n\t<meta name=\"twitter:data1\" content=\"1 minute\" \/>\n<script type=\"application\/ld+json\" class=\"yoast-schema-graph\">{\"@context\":\"https:\/\/schema.org\",\"@graph\":[{\"@type\":\"WebPage\",\"@id\":\"https:\/\/dolores.ee\/lv\/product\/hikari-anti-stress-massage-mask-50-ml\/\",\"url\":\"https:\/\/dolores.ee\/lv\/product\/hikari-anti-stress-massage-mask-50-ml\/\",\"name\":\"HIKARI Anti Stress Massage Mask 50 ml ~ Dolores\",\"isPartOf\":{\"@id\":\"https:\/\/dolores.ee\/lv\/#website\"},\"primaryImageOfPage\":{\"@id\":\"https:\/\/dolores.ee\/lv\/product\/hikari-anti-stress-massage-mask-50-ml\/#primaryimage\"},\"image\":{\"@id\":\"https:\/\/dolores.ee\/lv\/product\/hikari-anti-stress-massage-mask-50-ml\/#primaryimage\"},\"thumbnailUrl\":\"https:\/\/dolores.ee\/wp-content\/uploads\/2021\/06\/copy-of-anti-stress_box_pr_wb-scaled.jpg\",\"datePublished\":\"2021-06-10T07:10:25+00:00\",\"dateModified\":\"2026-02-27T12:51:17+00:00\",\"breadcrumb\":{\"@id\":\"https:\/\/dolores.ee\/lv\/product\/hikari-anti-stress-massage-mask-50-ml\/#breadcrumb\"},\"inLanguage\":\"lv-LV\",\"potentialAction\":[{\"@type\":\"ReadAction\",\"target\":[\"https:\/\/dolores.ee\/lv\/product\/hikari-anti-stress-massage-mask-50-ml\/\"]}]},{\"@type\":\"ImageObject\",\"inLanguage\":\"lv-LV\",\"@id\":\"https:\/\/dolores.ee\/lv\/product\/hikari-anti-stress-massage-mask-50-ml\/#primaryimage\",\"url\":\"https:\/\/dolores.ee\/wp-content\/uploads\/2021\/06\/copy-of-anti-stress_box_pr_wb-scaled.jpg\",\"contentUrl\":\"https:\/\/dolores.ee\/wp-content\/uploads\/2021\/06\/copy-of-anti-stress_box_pr_wb-scaled.jpg\",\"width\":2560,\"height\":2315},{\"@type\":\"BreadcrumbList\",\"@id\":\"https:\/\/dolores.ee\/lv\/product\/hikari-anti-stress-massage-mask-50-ml\/#breadcrumb\",\"itemListElement\":[{\"@type\":\"ListItem\",\"position\":1,\"name\":\"Home\",\"item\":\"https:\/\/dolores.ee\/lv\/\"},{\"@type\":\"ListItem\",\"position\":2,\"name\":\"E-veikals\",\"item\":\"https:\/\/dolores.ee\/lv\/e-veikals\/\"},{\"@type\":\"ListItem\",\"position\":3,\"name\":\"HIKARI Anti Stress Massage Mask 50 ml\"}]},{\"@type\":\"WebSite\",\"@id\":\"https:\/\/dolores.ee\/lv\/#website\",\"url\":\"https:\/\/dolores.ee\/lv\/\",\"name\":\"Dolores e-pood\",\"description\":\"Beauty Shop\",\"publisher\":{\"@id\":\"https:\/\/dolores.ee\/lv\/#organization\"},\"alternateName\":\"Dolores\",\"potentialAction\":[{\"@type\":\"SearchAction\",\"target\":{\"@type\":\"EntryPoint\",\"urlTemplate\":\"https:\/\/dolores.ee\/lv\/?s={search_term_string}\"},\"query-input\":{\"@type\":\"PropertyValueSpecification\",\"valueRequired\":true,\"valueName\":\"search_term_string\"}}],\"inLanguage\":\"lv-LV\"},{\"@type\":\"Organization\",\"@id\":\"https:\/\/dolores.ee\/lv\/#organization\",\"name\":\"Dolores O\u00dc\",\"alternateName\":\"Dolores e-pood\",\"url\":\"https:\/\/dolores.ee\/lv\/\",\"logo\":{\"@type\":\"ImageObject\",\"inLanguage\":\"lv-LV\",\"@id\":\"https:\/\/dolores.ee\/lv\/#\/schema\/logo\/image\/\",\"url\":\"https:\/\/dolores.ee\/wp-content\/uploads\/2025\/04\/logo-1.jpg\",\"contentUrl\":\"https:\/\/dolores.ee\/wp-content\/uploads\/2025\/04\/logo-1.jpg\",\"width\":1951,\"height\":660,\"caption\":\"Dolores O\u00dc\"},\"image\":{\"@id\":\"https:\/\/dolores.ee\/lv\/#\/schema\/logo\/image\/\"},\"sameAs\":[\"https:\/\/www.facebook.com\/doloresepood\/\"],\"description\":\"Dolores.ee on kaasaegne veebipood, kust leiad tuntud kaubam\u00e4rkide \u2013 GIGI, Anna Lotan, Hikari, Hlavin \u2013 originaalkosmeetikat. Pakume kvaliteetseid hooldustooteid taskukohaste hindadega ja kiire kohaletoimetamisega \u00fcle Eesti. Nahahooldus pole kunagi olnud nii lihtne ja soodne!\",\"email\":\"dolores@dolores.ee\",\"telephone\":\"372 644 2440\",\"legalName\":\"Dolores O\u00dc\",\"foundingDate\":\"1998-02-09\",\"vatID\":\"EE100050280\",\"numberOfEmployees\":{\"@type\":\"QuantitativeValue\",\"minValue\":\"11\",\"maxValue\":\"50\"}}]}<\/script>\n<!-- \/ Yoast SEO Premium plugin. -->","yoast_head_json":{"title":"HIKARI Anti Stress Massage Mask 50 ml ~ Dolores","robots":{"index":"index","follow":"follow","max-snippet":"max-snippet:-1","max-image-preview":"max-image-preview:large","max-video-preview":"max-video-preview:-1"},"canonical":"https:\/\/dolores.ee\/lv\/product\/hikari-anti-stress-massage-mask-50-ml\/","og_locale":"lv_LV","og_type":"article","og_title":"HIKARI Anti Stress Massage Mask 50 ml","og_description":"HIKARI Anti Stress Massage Mask 50 ml","og_url":"https:\/\/dolores.ee\/lv\/product\/hikari-anti-stress-massage-mask-50-ml\/","og_site_name":"Dolores","article_publisher":"https:\/\/www.facebook.com\/doloresepood\/","article_modified_time":"2026-02-27T12:51:17+00:00","og_image":[{"width":2560,"height":2315,"url":"https:\/\/dolores.ee\/wp-content\/uploads\/2021\/06\/copy-of-anti-stress_box_pr_wb-scaled.jpg","type":"image\/jpeg"}],"twitter_card":"summary_large_image","twitter_misc":{"Est. reading time":"1 minute"},"schema":{"@context":"https:\/\/schema.org","@graph":[{"@type":"WebPage","@id":"https:\/\/dolores.ee\/lv\/product\/hikari-anti-stress-massage-mask-50-ml\/","url":"https:\/\/dolores.ee\/lv\/product\/hikari-anti-stress-massage-mask-50-ml\/","name":"HIKARI Anti Stress Massage Mask 50 ml ~ Dolores","isPartOf":{"@id":"https:\/\/dolores.ee\/lv\/#website"},"primaryImageOfPage":{"@id":"https:\/\/dolores.ee\/lv\/product\/hikari-anti-stress-massage-mask-50-ml\/#primaryimage"},"image":{"@id":"https:\/\/dolores.ee\/lv\/product\/hikari-anti-stress-massage-mask-50-ml\/#primaryimage"},"thumbnailUrl":"https:\/\/dolores.ee\/wp-content\/uploads\/2021\/06\/copy-of-anti-stress_box_pr_wb-scaled.jpg","datePublished":"2021-06-10T07:10:25+00:00","dateModified":"2026-02-27T12:51:17+00:00","breadcrumb":{"@id":"https:\/\/dolores.ee\/lv\/product\/hikari-anti-stress-massage-mask-50-ml\/#breadcrumb"},"inLanguage":"lv-LV","potentialAction":[{"@type":"ReadAction","target":["https:\/\/dolores.ee\/lv\/product\/hikari-anti-stress-massage-mask-50-ml\/"]}]},{"@type":"ImageObject","inLanguage":"lv-LV","@id":"https:\/\/dolores.ee\/lv\/product\/hikari-anti-stress-massage-mask-50-ml\/#primaryimage","url":"https:\/\/dolores.ee\/wp-content\/uploads\/2021\/06\/copy-of-anti-stress_box_pr_wb-scaled.jpg","contentUrl":"https:\/\/dolores.ee\/wp-content\/uploads\/2021\/06\/copy-of-anti-stress_box_pr_wb-scaled.jpg","width":2560,"height":2315},{"@type":"BreadcrumbList","@id":"https:\/\/dolores.ee\/lv\/product\/hikari-anti-stress-massage-mask-50-ml\/#breadcrumb","itemListElement":[{"@type":"ListItem","position":1,"name":"Home","item":"https:\/\/dolores.ee\/lv\/"},{"@type":"ListItem","position":2,"name":"E-veikals","item":"https:\/\/dolores.ee\/lv\/e-veikals\/"},{"@type":"ListItem","position":3,"name":"HIKARI Anti Stress Massage Mask 50 ml"}]},{"@type":"WebSite","@id":"https:\/\/dolores.ee\/lv\/#website","url":"https:\/\/dolores.ee\/lv\/","name":"Dolores e-pood","description":"Beauty Shop","publisher":{"@id":"https:\/\/dolores.ee\/lv\/#organization"},"alternateName":"Dolores","potentialAction":[{"@type":"SearchAction","target":{"@type":"EntryPoint","urlTemplate":"https:\/\/dolores.ee\/lv\/?s={search_term_string}"},"query-input":{"@type":"PropertyValueSpecification","valueRequired":true,"valueName":"search_term_string"}}],"inLanguage":"lv-LV"},{"@type":"Organization","@id":"https:\/\/dolores.ee\/lv\/#organization","name":"Dolores O\u00dc","alternateName":"Dolores e-pood","url":"https:\/\/dolores.ee\/lv\/","logo":{"@type":"ImageObject","inLanguage":"lv-LV","@id":"https:\/\/dolores.ee\/lv\/#\/schema\/logo\/image\/","url":"https:\/\/dolores.ee\/wp-content\/uploads\/2025\/04\/logo-1.jpg","contentUrl":"https:\/\/dolores.ee\/wp-content\/uploads\/2025\/04\/logo-1.jpg","width":1951,"height":660,"caption":"Dolores O\u00dc"},"image":{"@id":"https:\/\/dolores.ee\/lv\/#\/schema\/logo\/image\/"},"sameAs":["https:\/\/www.facebook.com\/doloresepood\/"],"description":"Dolores.ee on kaasaegne veebipood, kust leiad tuntud kaubam\u00e4rkide \u2013 GIGI, Anna Lotan, Hikari, Hlavin \u2013 originaalkosmeetikat. Pakume kvaliteetseid hooldustooteid taskukohaste hindadega ja kiire kohaletoimetamisega \u00fcle Eesti. Nahahooldus pole kunagi olnud nii lihtne ja soodne!","email":"dolores@dolores.ee","telephone":"372 644 2440","legalName":"Dolores O\u00dc","foundingDate":"1998-02-09","vatID":"EE100050280","numberOfEmployees":{"@type":"QuantitativeValue","minValue":"11","maxValue":"50"}}]}},"_links":{"self":[{"href":"https:\/\/dolores.ee\/lv\/wp-json\/wp\/v2\/product\/998167","targetHints":{"allow":["GET"]}}],"collection":[{"href":"https:\/\/dolores.ee\/lv\/wp-json\/wp\/v2\/product"}],"about":[{"href":"https:\/\/dolores.ee\/lv\/wp-json\/wp\/v2\/types\/product"}],"replies":[{"embeddable":true,"href":"https:\/\/dolores.ee\/lv\/wp-json\/wp\/v2\/comments?post=998167"}],"version-history":[{"count":0,"href":"https:\/\/dolores.ee\/lv\/wp-json\/wp\/v2\/product\/998167\/revisions"}],"wp:featuredmedia":[{"embeddable":true,"href":"https:\/\/dolores.ee\/lv\/wp-json\/wp\/v2\/media\/999150"}],"wp:attachment":[{"href":"https:\/\/dolores.ee\/lv\/wp-json\/wp\/v2\/media?parent=998167"}],"wp:term":[{"taxonomy":"product_brand","embeddable":true,"href":"https:\/\/dolores.ee\/lv\/wp-json\/wp\/v2\/product_brand?post=998167"},{"taxonomy":"product_cat","embeddable":true,"href":"https:\/\/dolores.ee\/lv\/wp-json\/wp\/v2\/product_cat?post=998167"},{"taxonomy":"product_tag","embeddable":true,"href":"https:\/\/dolores.ee\/lv\/wp-json\/wp\/v2\/product_tag?post=998167"},{"taxonomy":"giftcard-category","embeddable":true,"href":"https:\/\/dolores.ee\/lv\/wp-json\/wp\/v2\/giftcard-category?post=998167"}],"curies":[{"name":"wp","href":"https:\/\/api.w.org\/{rel}","templated":true}]}}