{"id":998171,"date":"2021-06-08T16:30:55","date_gmt":"2021-06-08T13:30:55","guid":{"rendered":"https:\/\/dolores.ee\/product\/hikari-chocolate-power-massage-mask-50ml\/"},"modified":"2025-07-01T11:06:17","modified_gmt":"2025-07-01T08:06:17","slug":"hikari-chocolate-power-massage-mask-50ml","status":"publish","type":"product","link":"https:\/\/dolores.ee\/lv\/product\/hikari-chocolate-power-massage-mask-50ml\/","title":{"rendered":"HIKARI Chocolate Power Massage Mask 50ml"},"content":{"rendered":"<div class=\"vgblk-rw-wrapper limit-wrapper\">\n<p data-start=\"76\" data-end=\"116\"><strong data-start=\"76\" data-end=\"116\">Sp\u0113cino\u0161a maska ar \u0161okol\u0101des arom\u0101tu<\/strong><\/p>\n<p data-start=\"118\" data-end=\"502\">Unik\u0101la maska stiprina un atjauno \u0101das strukt\u016bru, pie\u0161\u0137irot tai nepiecie\u0161amo mitrin\u0101\u0161anu. Gar\u0161\u012bgais \u0161okol\u0101des arom\u0101ts mazina stresu un pat\u012bkami relaks\u0113 visu \u0137ermeni, kas pozit\u012bvi ietekm\u0113 ar\u012b \u0101das st\u0101vokli. Akt\u012bv\u0101s vielas ieg\u016btas no Amazones lietusme\u017eos augo\u0161iem augiem, tostarp kakao sviesta, lielziedu kakao koka (Theobroma grandiflora) aug\u013cu e\u013c\u013cas, bi\u0161u vaska un kokosriekstu e\u013c\u013cas.<\/p>\n<ol data-start=\"504\" data-end=\"1167\">\n<li data-start=\"504\" data-end=\"718\">\n<p data-start=\"507\" data-end=\"718\">Kakao sviests veicina \u0161\u016bnu atjauno\u0161an\u0101s procesus; tas satur daudz magnija, C vitam\u012bnu un omega-6 tauksk\u0101bes. Pateicoties antioksidantiem, tas izvada no organisma toks\u012bnus, nostiprina \u0101du un padara to elast\u012bg\u0101ku.<\/p>\n<\/li>\n<li data-start=\"720\" data-end=\"885\">\n<p data-start=\"723\" data-end=\"885\">Pateicoties tauksk\u0101bju saturam, maskai ir pretiekaisuma iedarb\u012bba un t\u0101 veicina br\u016b\u010du un mikrotraumu dzied\u0113\u0161anu; maska stimul\u0113 mikrocirkul\u0101ciju un samazina t\u016bsku.<\/p>\n<\/li>\n<li data-start=\"887\" data-end=\"1167\">\n<p data-start=\"890\" data-end=\"1167\">Lielziedu kakao koka e\u013c\u013cai ir pretiekaisuma \u012bpa\u0161\u012bbas, un t\u0101 ir izcils m\u012bkstino\u0161s l\u012bdzeklis, kas padara \u0101du gludu un maigu. Atjauno boj\u0101tas \u0101das optim\u0101lu mitruma l\u012bmeni un dabisko elast\u012bbu. Viena no t\u0101s v\u0113rt\u012bg\u0101kaj\u0101m \u012bpa\u0161\u012bb\u0101m ir sp\u0113ja saist\u012bt mitrumu \u2014 240% vair\u0101k nek\u0101 lanol\u012bns!<\/p>\n<\/li>\n<\/ol>\n<\/div>\n<p><!-- .vgblk-rw-wrapper --><\/p>\n","protected":false},"excerpt":{"rendered":"<p>HIKARI Chocolate Power Massage Mask 50ml<\/p>\n","protected":false},"featured_media":998172,"comment_status":"open","ping_status":"closed","template":"","meta":[],"product_brand":[],"product_cat":[689,687,690,716,676,718,722],"product_tag":[],"giftcard-category":[],"class_list":{"0":"post-998171","1":"product","2":"type-product","3":"status-publish","4":"has-post-thumbnail","6":"product_cat-fountain-of-youth-lv","7":"product_cat-hikari-lv","8":"product_cat-massage-masks-lv","9":"product_cat-mitrinosi-produkti","10":"product_cat-sale-lv","11":"product_cat-sejas-kopsana","12":"product_cat-sejas-maska","14":"first","15":"instock","16":"sale","17":"taxable","18":"shipping-taxable","19":"purchasable","20":"product-type-simple"},"yoast_head":"<!-- This site is optimized with the Yoast SEO Premium plugin v25.1 (Yoast SEO v25.7) - https:\/\/yoast.com\/wordpress\/plugins\/seo\/ -->\n<title>HIKARI Chocolate Power Massage Mask 50ml ~ Dolores<\/title>\n<meta name=\"robots\" content=\"index, follow, max-snippet:-1, max-image-preview:large, max-video-preview:-1\" \/>\n<link rel=\"canonical\" href=\"https:\/\/dolores.ee\/lv\/product\/hikari-chocolate-power-massage-mask-50ml\/\" \/>\n<meta property=\"og:locale\" content=\"lv_LV\" \/>\n<meta property=\"og:type\" content=\"article\" \/>\n<meta property=\"og:title\" content=\"HIKARI Chocolate Power Massage Mask 50ml\" \/>\n<meta property=\"og:description\" content=\"HIKARI Chocolate Power Massage Mask 50ml\" \/>\n<meta property=\"og:url\" content=\"https:\/\/dolores.ee\/lv\/product\/hikari-chocolate-power-massage-mask-50ml\/\" \/>\n<meta property=\"og:site_name\" content=\"Dolores\" \/>\n<meta property=\"article:publisher\" content=\"https:\/\/www.facebook.com\/doloresepood\/\" \/>\n<meta property=\"article:modified_time\" content=\"2025-07-01T08:06:17+00:00\" \/>\n<meta property=\"og:image\" content=\"https:\/\/dolores.ee\/wp-content\/uploads\/2021\/06\/thumbnail_PHOTO-2021-04-07-13-43-50.jpg\" \/>\n\t<meta property=\"og:image:width\" content=\"1024\" \/>\n\t<meta property=\"og:image:height\" content=\"925\" \/>\n\t<meta property=\"og:image:type\" content=\"image\/jpeg\" \/>\n<meta name=\"twitter:card\" content=\"summary_large_image\" \/>\n<meta name=\"twitter:label1\" content=\"Est. reading time\" \/>\n\t<meta name=\"twitter:data1\" content=\"1 minute\" \/>\n<script type=\"application\/ld+json\" class=\"yoast-schema-graph\">{\"@context\":\"https:\/\/schema.org\",\"@graph\":[{\"@type\":\"WebPage\",\"@id\":\"https:\/\/dolores.ee\/lv\/product\/hikari-chocolate-power-massage-mask-50ml\/\",\"url\":\"https:\/\/dolores.ee\/lv\/product\/hikari-chocolate-power-massage-mask-50ml\/\",\"name\":\"HIKARI Chocolate Power Massage Mask 50ml ~ Dolores\",\"isPartOf\":{\"@id\":\"https:\/\/dolores.ee\/lv\/#website\"},\"primaryImageOfPage\":{\"@id\":\"https:\/\/dolores.ee\/lv\/product\/hikari-chocolate-power-massage-mask-50ml\/#primaryimage\"},\"image\":{\"@id\":\"https:\/\/dolores.ee\/lv\/product\/hikari-chocolate-power-massage-mask-50ml\/#primaryimage\"},\"thumbnailUrl\":\"https:\/\/dolores.ee\/wp-content\/uploads\/2021\/06\/thumbnail_PHOTO-2021-04-07-13-43-50.jpg\",\"datePublished\":\"2021-06-08T13:30:55+00:00\",\"dateModified\":\"2025-07-01T08:06:17+00:00\",\"breadcrumb\":{\"@id\":\"https:\/\/dolores.ee\/lv\/product\/hikari-chocolate-power-massage-mask-50ml\/#breadcrumb\"},\"inLanguage\":\"lv-LV\",\"potentialAction\":[{\"@type\":\"ReadAction\",\"target\":[\"https:\/\/dolores.ee\/lv\/product\/hikari-chocolate-power-massage-mask-50ml\/\"]}]},{\"@type\":\"ImageObject\",\"inLanguage\":\"lv-LV\",\"@id\":\"https:\/\/dolores.ee\/lv\/product\/hikari-chocolate-power-massage-mask-50ml\/#primaryimage\",\"url\":\"https:\/\/dolores.ee\/wp-content\/uploads\/2021\/06\/thumbnail_PHOTO-2021-04-07-13-43-50.jpg\",\"contentUrl\":\"https:\/\/dolores.ee\/wp-content\/uploads\/2021\/06\/thumbnail_PHOTO-2021-04-07-13-43-50.jpg\",\"width\":1024,\"height\":925},{\"@type\":\"BreadcrumbList\",\"@id\":\"https:\/\/dolores.ee\/lv\/product\/hikari-chocolate-power-massage-mask-50ml\/#breadcrumb\",\"itemListElement\":[{\"@type\":\"ListItem\",\"position\":1,\"name\":\"Home\",\"item\":\"https:\/\/dolores.ee\/lv\/\"},{\"@type\":\"ListItem\",\"position\":2,\"name\":\"E-veikals\",\"item\":\"https:\/\/dolores.ee\/lv\/e-veikals\/\"},{\"@type\":\"ListItem\",\"position\":3,\"name\":\"HIKARI Chocolate Power Massage Mask 50ml\"}]},{\"@type\":\"WebSite\",\"@id\":\"https:\/\/dolores.ee\/lv\/#website\",\"url\":\"https:\/\/dolores.ee\/lv\/\",\"name\":\"Dolores e-pood\",\"description\":\"Beauty Shop\",\"publisher\":{\"@id\":\"https:\/\/dolores.ee\/lv\/#organization\"},\"alternateName\":\"Dolores\",\"potentialAction\":[{\"@type\":\"SearchAction\",\"target\":{\"@type\":\"EntryPoint\",\"urlTemplate\":\"https:\/\/dolores.ee\/lv\/?s={search_term_string}\"},\"query-input\":{\"@type\":\"PropertyValueSpecification\",\"valueRequired\":true,\"valueName\":\"search_term_string\"}}],\"inLanguage\":\"lv-LV\"},{\"@type\":\"Organization\",\"@id\":\"https:\/\/dolores.ee\/lv\/#organization\",\"name\":\"Dolores O\u00dc\",\"alternateName\":\"Dolores e-pood\",\"url\":\"https:\/\/dolores.ee\/lv\/\",\"logo\":{\"@type\":\"ImageObject\",\"inLanguage\":\"lv-LV\",\"@id\":\"https:\/\/dolores.ee\/lv\/#\/schema\/logo\/image\/\",\"url\":\"https:\/\/dolores.ee\/wp-content\/uploads\/2025\/04\/logo-1.jpg\",\"contentUrl\":\"https:\/\/dolores.ee\/wp-content\/uploads\/2025\/04\/logo-1.jpg\",\"width\":1951,\"height\":660,\"caption\":\"Dolores O\u00dc\"},\"image\":{\"@id\":\"https:\/\/dolores.ee\/lv\/#\/schema\/logo\/image\/\"},\"sameAs\":[\"https:\/\/www.facebook.com\/doloresepood\/\"],\"description\":\"Dolores.ee on kaasaegne veebipood, kust leiad tuntud kaubam\u00e4rkide \u2013 GIGI, Anna Lotan, Hikari, Hlavin \u2013 originaalkosmeetikat. Pakume kvaliteetseid hooldustooteid taskukohaste hindadega ja kiire kohaletoimetamisega \u00fcle Eesti. Nahahooldus pole kunagi olnud nii lihtne ja soodne!\",\"email\":\"dolores@dolores.ee\",\"telephone\":\"372 644 2440\",\"legalName\":\"Dolores O\u00dc\",\"foundingDate\":\"1998-02-09\",\"vatID\":\"EE100050280\",\"numberOfEmployees\":{\"@type\":\"QuantitativeValue\",\"minValue\":\"11\",\"maxValue\":\"50\"}}]}<\/script>\n<!-- \/ Yoast SEO Premium plugin. -->","yoast_head_json":{"title":"HIKARI Chocolate Power Massage Mask 50ml ~ Dolores","robots":{"index":"index","follow":"follow","max-snippet":"max-snippet:-1","max-image-preview":"max-image-preview:large","max-video-preview":"max-video-preview:-1"},"canonical":"https:\/\/dolores.ee\/lv\/product\/hikari-chocolate-power-massage-mask-50ml\/","og_locale":"lv_LV","og_type":"article","og_title":"HIKARI Chocolate Power Massage Mask 50ml","og_description":"HIKARI Chocolate Power Massage Mask 50ml","og_url":"https:\/\/dolores.ee\/lv\/product\/hikari-chocolate-power-massage-mask-50ml\/","og_site_name":"Dolores","article_publisher":"https:\/\/www.facebook.com\/doloresepood\/","article_modified_time":"2025-07-01T08:06:17+00:00","og_image":[{"width":1024,"height":925,"url":"https:\/\/dolores.ee\/wp-content\/uploads\/2021\/06\/thumbnail_PHOTO-2021-04-07-13-43-50.jpg","type":"image\/jpeg"}],"twitter_card":"summary_large_image","twitter_misc":{"Est. reading time":"1 minute"},"schema":{"@context":"https:\/\/schema.org","@graph":[{"@type":"WebPage","@id":"https:\/\/dolores.ee\/lv\/product\/hikari-chocolate-power-massage-mask-50ml\/","url":"https:\/\/dolores.ee\/lv\/product\/hikari-chocolate-power-massage-mask-50ml\/","name":"HIKARI Chocolate Power Massage Mask 50ml ~ Dolores","isPartOf":{"@id":"https:\/\/dolores.ee\/lv\/#website"},"primaryImageOfPage":{"@id":"https:\/\/dolores.ee\/lv\/product\/hikari-chocolate-power-massage-mask-50ml\/#primaryimage"},"image":{"@id":"https:\/\/dolores.ee\/lv\/product\/hikari-chocolate-power-massage-mask-50ml\/#primaryimage"},"thumbnailUrl":"https:\/\/dolores.ee\/wp-content\/uploads\/2021\/06\/thumbnail_PHOTO-2021-04-07-13-43-50.jpg","datePublished":"2021-06-08T13:30:55+00:00","dateModified":"2025-07-01T08:06:17+00:00","breadcrumb":{"@id":"https:\/\/dolores.ee\/lv\/product\/hikari-chocolate-power-massage-mask-50ml\/#breadcrumb"},"inLanguage":"lv-LV","potentialAction":[{"@type":"ReadAction","target":["https:\/\/dolores.ee\/lv\/product\/hikari-chocolate-power-massage-mask-50ml\/"]}]},{"@type":"ImageObject","inLanguage":"lv-LV","@id":"https:\/\/dolores.ee\/lv\/product\/hikari-chocolate-power-massage-mask-50ml\/#primaryimage","url":"https:\/\/dolores.ee\/wp-content\/uploads\/2021\/06\/thumbnail_PHOTO-2021-04-07-13-43-50.jpg","contentUrl":"https:\/\/dolores.ee\/wp-content\/uploads\/2021\/06\/thumbnail_PHOTO-2021-04-07-13-43-50.jpg","width":1024,"height":925},{"@type":"BreadcrumbList","@id":"https:\/\/dolores.ee\/lv\/product\/hikari-chocolate-power-massage-mask-50ml\/#breadcrumb","itemListElement":[{"@type":"ListItem","position":1,"name":"Home","item":"https:\/\/dolores.ee\/lv\/"},{"@type":"ListItem","position":2,"name":"E-veikals","item":"https:\/\/dolores.ee\/lv\/e-veikals\/"},{"@type":"ListItem","position":3,"name":"HIKARI Chocolate Power Massage Mask 50ml"}]},{"@type":"WebSite","@id":"https:\/\/dolores.ee\/lv\/#website","url":"https:\/\/dolores.ee\/lv\/","name":"Dolores e-pood","description":"Beauty Shop","publisher":{"@id":"https:\/\/dolores.ee\/lv\/#organization"},"alternateName":"Dolores","potentialAction":[{"@type":"SearchAction","target":{"@type":"EntryPoint","urlTemplate":"https:\/\/dolores.ee\/lv\/?s={search_term_string}"},"query-input":{"@type":"PropertyValueSpecification","valueRequired":true,"valueName":"search_term_string"}}],"inLanguage":"lv-LV"},{"@type":"Organization","@id":"https:\/\/dolores.ee\/lv\/#organization","name":"Dolores O\u00dc","alternateName":"Dolores e-pood","url":"https:\/\/dolores.ee\/lv\/","logo":{"@type":"ImageObject","inLanguage":"lv-LV","@id":"https:\/\/dolores.ee\/lv\/#\/schema\/logo\/image\/","url":"https:\/\/dolores.ee\/wp-content\/uploads\/2025\/04\/logo-1.jpg","contentUrl":"https:\/\/dolores.ee\/wp-content\/uploads\/2025\/04\/logo-1.jpg","width":1951,"height":660,"caption":"Dolores O\u00dc"},"image":{"@id":"https:\/\/dolores.ee\/lv\/#\/schema\/logo\/image\/"},"sameAs":["https:\/\/www.facebook.com\/doloresepood\/"],"description":"Dolores.ee on kaasaegne veebipood, kust leiad tuntud kaubam\u00e4rkide \u2013 GIGI, Anna Lotan, Hikari, Hlavin \u2013 originaalkosmeetikat. Pakume kvaliteetseid hooldustooteid taskukohaste hindadega ja kiire kohaletoimetamisega \u00fcle Eesti. Nahahooldus pole kunagi olnud nii lihtne ja soodne!","email":"dolores@dolores.ee","telephone":"372 644 2440","legalName":"Dolores O\u00dc","foundingDate":"1998-02-09","vatID":"EE100050280","numberOfEmployees":{"@type":"QuantitativeValue","minValue":"11","maxValue":"50"}}]}},"_links":{"self":[{"href":"https:\/\/dolores.ee\/lv\/wp-json\/wp\/v2\/product\/998171","targetHints":{"allow":["GET"]}}],"collection":[{"href":"https:\/\/dolores.ee\/lv\/wp-json\/wp\/v2\/product"}],"about":[{"href":"https:\/\/dolores.ee\/lv\/wp-json\/wp\/v2\/types\/product"}],"replies":[{"embeddable":true,"href":"https:\/\/dolores.ee\/lv\/wp-json\/wp\/v2\/comments?post=998171"}],"version-history":[{"count":0,"href":"https:\/\/dolores.ee\/lv\/wp-json\/wp\/v2\/product\/998171\/revisions"}],"wp:featuredmedia":[{"embeddable":true,"href":"https:\/\/dolores.ee\/lv\/wp-json\/wp\/v2\/media\/998172"}],"wp:attachment":[{"href":"https:\/\/dolores.ee\/lv\/wp-json\/wp\/v2\/media?parent=998171"}],"wp:term":[{"taxonomy":"product_brand","embeddable":true,"href":"https:\/\/dolores.ee\/lv\/wp-json\/wp\/v2\/product_brand?post=998171"},{"taxonomy":"product_cat","embeddable":true,"href":"https:\/\/dolores.ee\/lv\/wp-json\/wp\/v2\/product_cat?post=998171"},{"taxonomy":"product_tag","embeddable":true,"href":"https:\/\/dolores.ee\/lv\/wp-json\/wp\/v2\/product_tag?post=998171"},{"taxonomy":"giftcard-category","embeddable":true,"href":"https:\/\/dolores.ee\/lv\/wp-json\/wp\/v2\/giftcard-category?post=998171"}],"curies":[{"name":"wp","href":"https:\/\/api.w.org\/{rel}","templated":true}]}}