{"id":998176,"date":"2021-04-05T13:25:08","date_gmt":"2021-04-05T10:25:08","guid":{"rendered":"https:\/\/dolores.ee\/product\/gigi-city-nap-platinum-heating-mask-75-ml\/"},"modified":"2025-07-01T11:06:17","modified_gmt":"2025-07-01T08:06:17","slug":"gigi-city-nap-platinum-heating-mask-75-ml","status":"publish","type":"product","link":"https:\/\/dolores.ee\/lv\/product\/gigi-city-nap-platinum-heating-mask-75-ml\/","title":{"rendered":"GIGI City NAP Platinum Heating Mask 75 ml"},"content":{"rendered":"<div class=\"vgblk-rw-wrapper limit-wrapper\">\n<p data-start=\"98\" data-end=\"130\"><strong data-start=\"98\" data-end=\"130\">Att\u012bro\u0161a sildo\u0161\u0101 sejas maska<\/strong><\/p>\n<p data-start=\"132\" data-end=\"306\">Sildo\u0161as iedarb\u012bbas maska ar att\u012bro\u0161u efektu. Uzkl\u0101jot uz \u0101das, siltums veicina net\u012brumu izvad\u012b\u0161anu, liek\u0101 sebuma uzs\u016bk\u0161anos no por\u0101m un atmiru\u0161o \u0101das \u0161\u016bnu maigu nolob\u012b\u0161anos.<\/p>\n<p data-start=\"308\" data-end=\"680\"><strong data-start=\"308\" data-end=\"322\">Lieto\u0161ana:<\/strong><br data-start=\"322\" data-end=\"325\" \/>Lai ieg\u016btu ilgsto\u0161\u0101ku sildo\u0161o efektu un lab\u0101ko rezult\u0101tu, uzkl\u0101jiet masku uz iepriek\u0161 att\u012br\u012btas un mitras \u0101das. Izmantojot mitrus pirkstus, vienm\u0113r\u012bgi uzkl\u0101jiet biezu k\u0101rtu uz samitrin\u0101tas sejas un iemas\u0113jiet \u0101d\u0101 2\u20133 min\u016btes. Siltuma saj\u016bta rodas jau uzkl\u0101\u0161anas br\u012bd\u012b. \u013baujiet maskai iedarboties 10\u201315 min\u016btes un p\u0113c tam r\u016bp\u012bgi noskalojiet ar siltu \u016bdeni.<\/p>\n<p data-start=\"682\" data-end=\"778\"><strong data-start=\"682\" data-end=\"695\">Uzman\u012bbu!<\/strong><br data-start=\"695\" data-end=\"698\" \/>Nelietot uz kuperozas \u0101das, k\u0101 ar\u012b sausas, jut\u012bgas vai kairin\u0101tas \u0101das gad\u012bjum\u0101.<\/p>\n<p data-start=\"780\" data-end=\"1560\"><strong data-start=\"780\" data-end=\"806\">Sast\u0101vs (Ingredients):<\/strong><br data-start=\"806\" data-end=\"809\" \/>Propylene Glycol, Glycerin, Zeolite, Aqua (Water), Polyacrylamide, Aluminum Powder, C14-13 Isoparaffin, Parfum (Fragrance), Linoleic Acid, Laureth-7, Oleic Acid, Sodium PCA, Silica, Propanediol, Sodium Lactate, Sea Water, Arginine, Butylene Glycol, Aspartic Acid, PCA, Glycine, Alanine, Buddleja Officinalis Flower Extract, Linolenic Acid, Serine, Polysiphonia Elongata Extract, Valine, Benzyl Alcohol, Calendula Officinalis Flower Extract, Proline, Threonine, Isoleucine, Sodium Benzoate, Histidine, Phenylalanine, Spirulina Platensis Extract, Tocopherol, Phenoxyethanol, Potassium Sorbate, Citric Acid, Hydrolyzed Rhodophyceae Extract, Benzyl Benzoate, Benzyl Salicylate, Butylphenyl Methylpropional, Citronellol, Hexyl Cinnamal, Limonene, Linalool.<\/p>\n<\/div>\n<p><!-- .vgblk-rw-wrapper --><\/p>\n","protected":false},"excerpt":{"rendered":"<p>GIGI City NAP Platinum Heating Mask 75 ml<\/p>\n","protected":false},"featured_media":329150,"comment_status":"open","ping_status":"closed","template":"","meta":[],"product_brand":[],"product_cat":[676,718,722],"product_tag":[],"giftcard-category":[],"class_list":{"0":"post-998176","1":"product","2":"type-product","3":"status-publish","4":"has-post-thumbnail","6":"product_cat-sale-lv","7":"product_cat-sejas-kopsana","8":"product_cat-sejas-maska","10":"first","11":"instock","12":"taxable","13":"shipping-taxable","14":"purchasable","15":"product-type-simple"},"yoast_head":"<!-- This site is optimized with the Yoast SEO Premium plugin v25.1 (Yoast SEO v25.7) - https:\/\/yoast.com\/wordpress\/plugins\/seo\/ -->\n<title>GIGI City NAP Platinum Heating Mask 75 ml ~ Dolores<\/title>\n<meta name=\"robots\" content=\"index, follow, max-snippet:-1, max-image-preview:large, max-video-preview:-1\" \/>\n<link rel=\"canonical\" href=\"https:\/\/dolores.ee\/lv\/product\/gigi-city-nap-platinum-heating-mask-75-ml\/\" \/>\n<meta property=\"og:locale\" content=\"lv_LV\" \/>\n<meta property=\"og:type\" content=\"article\" \/>\n<meta property=\"og:title\" content=\"GIGI City NAP Platinum Heating Mask 75 ml\" \/>\n<meta property=\"og:description\" content=\"GIGI City NAP Platinum Heating Mask 75 ml\" \/>\n<meta property=\"og:url\" content=\"https:\/\/dolores.ee\/lv\/product\/gigi-city-nap-platinum-heating-mask-75-ml\/\" \/>\n<meta property=\"og:site_name\" content=\"Dolores\" \/>\n<meta property=\"article:publisher\" content=\"https:\/\/www.facebook.com\/doloresepood\/\" \/>\n<meta property=\"article:modified_time\" content=\"2025-07-01T08:06:17+00:00\" \/>\n<meta property=\"og:image\" content=\"https:\/\/dolores.ee\/wp-content\/uploads\/2025\/05\/seo.jpg\" \/>\n\t<meta property=\"og:image:width\" content=\"1200\" \/>\n\t<meta property=\"og:image:height\" content=\"675\" \/>\n\t<meta property=\"og:image:type\" content=\"image\/jpeg\" \/>\n<meta name=\"twitter:card\" content=\"summary_large_image\" \/>\n<meta name=\"twitter:label1\" content=\"Est. reading time\" \/>\n\t<meta name=\"twitter:data1\" content=\"1 minute\" \/>\n<script type=\"application\/ld+json\" class=\"yoast-schema-graph\">{\"@context\":\"https:\/\/schema.org\",\"@graph\":[{\"@type\":\"WebPage\",\"@id\":\"https:\/\/dolores.ee\/lv\/product\/gigi-city-nap-platinum-heating-mask-75-ml\/\",\"url\":\"https:\/\/dolores.ee\/lv\/product\/gigi-city-nap-platinum-heating-mask-75-ml\/\",\"name\":\"GIGI City NAP Platinum Heating Mask 75 ml ~ Dolores\",\"isPartOf\":{\"@id\":\"https:\/\/dolores.ee\/lv\/#website\"},\"primaryImageOfPage\":{\"@id\":\"https:\/\/dolores.ee\/lv\/product\/gigi-city-nap-platinum-heating-mask-75-ml\/#primaryimage\"},\"image\":{\"@id\":\"https:\/\/dolores.ee\/lv\/product\/gigi-city-nap-platinum-heating-mask-75-ml\/#primaryimage\"},\"thumbnailUrl\":\"https:\/\/dolores.ee\/wp-content\/uploads\/2021\/04\/heat.jpg\",\"datePublished\":\"2021-04-05T10:25:08+00:00\",\"dateModified\":\"2025-07-01T08:06:17+00:00\",\"breadcrumb\":{\"@id\":\"https:\/\/dolores.ee\/lv\/product\/gigi-city-nap-platinum-heating-mask-75-ml\/#breadcrumb\"},\"inLanguage\":\"lv-LV\",\"potentialAction\":[{\"@type\":\"ReadAction\",\"target\":[\"https:\/\/dolores.ee\/lv\/product\/gigi-city-nap-platinum-heating-mask-75-ml\/\"]}]},{\"@type\":\"ImageObject\",\"inLanguage\":\"lv-LV\",\"@id\":\"https:\/\/dolores.ee\/lv\/product\/gigi-city-nap-platinum-heating-mask-75-ml\/#primaryimage\",\"url\":\"https:\/\/dolores.ee\/wp-content\/uploads\/2021\/04\/heat.jpg\",\"contentUrl\":\"https:\/\/dolores.ee\/wp-content\/uploads\/2021\/04\/heat.jpg\",\"width\":800,\"height\":800},{\"@type\":\"BreadcrumbList\",\"@id\":\"https:\/\/dolores.ee\/lv\/product\/gigi-city-nap-platinum-heating-mask-75-ml\/#breadcrumb\",\"itemListElement\":[{\"@type\":\"ListItem\",\"position\":1,\"name\":\"Home\",\"item\":\"https:\/\/dolores.ee\/lv\/\"},{\"@type\":\"ListItem\",\"position\":2,\"name\":\"E-veikals\",\"item\":\"https:\/\/dolores.ee\/lv\/e-veikals\/\"},{\"@type\":\"ListItem\",\"position\":3,\"name\":\"GIGI City NAP Platinum Heating Mask 75 ml\"}]},{\"@type\":\"WebSite\",\"@id\":\"https:\/\/dolores.ee\/lv\/#website\",\"url\":\"https:\/\/dolores.ee\/lv\/\",\"name\":\"Dolores e-pood\",\"description\":\"Beauty Shop\",\"publisher\":{\"@id\":\"https:\/\/dolores.ee\/lv\/#organization\"},\"alternateName\":\"Dolores\",\"potentialAction\":[{\"@type\":\"SearchAction\",\"target\":{\"@type\":\"EntryPoint\",\"urlTemplate\":\"https:\/\/dolores.ee\/lv\/?s={search_term_string}\"},\"query-input\":{\"@type\":\"PropertyValueSpecification\",\"valueRequired\":true,\"valueName\":\"search_term_string\"}}],\"inLanguage\":\"lv-LV\"},{\"@type\":\"Organization\",\"@id\":\"https:\/\/dolores.ee\/lv\/#organization\",\"name\":\"Dolores O\u00dc\",\"alternateName\":\"Dolores e-pood\",\"url\":\"https:\/\/dolores.ee\/lv\/\",\"logo\":{\"@type\":\"ImageObject\",\"inLanguage\":\"lv-LV\",\"@id\":\"https:\/\/dolores.ee\/lv\/#\/schema\/logo\/image\/\",\"url\":\"https:\/\/dolores.ee\/wp-content\/uploads\/2025\/04\/logo-1.jpg\",\"contentUrl\":\"https:\/\/dolores.ee\/wp-content\/uploads\/2025\/04\/logo-1.jpg\",\"width\":1951,\"height\":660,\"caption\":\"Dolores O\u00dc\"},\"image\":{\"@id\":\"https:\/\/dolores.ee\/lv\/#\/schema\/logo\/image\/\"},\"sameAs\":[\"https:\/\/www.facebook.com\/doloresepood\/\"],\"description\":\"Dolores.ee on kaasaegne veebipood, kust leiad tuntud kaubam\u00e4rkide \u2013 GIGI, Anna Lotan, Hikari, Hlavin \u2013 originaalkosmeetikat. Pakume kvaliteetseid hooldustooteid taskukohaste hindadega ja kiire kohaletoimetamisega \u00fcle Eesti. Nahahooldus pole kunagi olnud nii lihtne ja soodne!\",\"email\":\"dolores@dolores.ee\",\"telephone\":\"372 644 2440\",\"legalName\":\"Dolores O\u00dc\",\"foundingDate\":\"1998-02-09\",\"vatID\":\"EE100050280\",\"numberOfEmployees\":{\"@type\":\"QuantitativeValue\",\"minValue\":\"11\",\"maxValue\":\"50\"}}]}<\/script>\n<!-- \/ Yoast SEO Premium plugin. -->","yoast_head_json":{"title":"GIGI City NAP Platinum Heating Mask 75 ml ~ Dolores","robots":{"index":"index","follow":"follow","max-snippet":"max-snippet:-1","max-image-preview":"max-image-preview:large","max-video-preview":"max-video-preview:-1"},"canonical":"https:\/\/dolores.ee\/lv\/product\/gigi-city-nap-platinum-heating-mask-75-ml\/","og_locale":"lv_LV","og_type":"article","og_title":"GIGI City NAP Platinum Heating Mask 75 ml","og_description":"GIGI City NAP Platinum Heating Mask 75 ml","og_url":"https:\/\/dolores.ee\/lv\/product\/gigi-city-nap-platinum-heating-mask-75-ml\/","og_site_name":"Dolores","article_publisher":"https:\/\/www.facebook.com\/doloresepood\/","article_modified_time":"2025-07-01T08:06:17+00:00","og_image":[{"width":1200,"height":675,"url":"https:\/\/dolores.ee\/wp-content\/uploads\/2025\/05\/seo.jpg","type":"image\/jpeg"}],"twitter_card":"summary_large_image","twitter_misc":{"Est. reading time":"1 minute"},"schema":{"@context":"https:\/\/schema.org","@graph":[{"@type":"WebPage","@id":"https:\/\/dolores.ee\/lv\/product\/gigi-city-nap-platinum-heating-mask-75-ml\/","url":"https:\/\/dolores.ee\/lv\/product\/gigi-city-nap-platinum-heating-mask-75-ml\/","name":"GIGI City NAP Platinum Heating Mask 75 ml ~ Dolores","isPartOf":{"@id":"https:\/\/dolores.ee\/lv\/#website"},"primaryImageOfPage":{"@id":"https:\/\/dolores.ee\/lv\/product\/gigi-city-nap-platinum-heating-mask-75-ml\/#primaryimage"},"image":{"@id":"https:\/\/dolores.ee\/lv\/product\/gigi-city-nap-platinum-heating-mask-75-ml\/#primaryimage"},"thumbnailUrl":"https:\/\/dolores.ee\/wp-content\/uploads\/2021\/04\/heat.jpg","datePublished":"2021-04-05T10:25:08+00:00","dateModified":"2025-07-01T08:06:17+00:00","breadcrumb":{"@id":"https:\/\/dolores.ee\/lv\/product\/gigi-city-nap-platinum-heating-mask-75-ml\/#breadcrumb"},"inLanguage":"lv-LV","potentialAction":[{"@type":"ReadAction","target":["https:\/\/dolores.ee\/lv\/product\/gigi-city-nap-platinum-heating-mask-75-ml\/"]}]},{"@type":"ImageObject","inLanguage":"lv-LV","@id":"https:\/\/dolores.ee\/lv\/product\/gigi-city-nap-platinum-heating-mask-75-ml\/#primaryimage","url":"https:\/\/dolores.ee\/wp-content\/uploads\/2021\/04\/heat.jpg","contentUrl":"https:\/\/dolores.ee\/wp-content\/uploads\/2021\/04\/heat.jpg","width":800,"height":800},{"@type":"BreadcrumbList","@id":"https:\/\/dolores.ee\/lv\/product\/gigi-city-nap-platinum-heating-mask-75-ml\/#breadcrumb","itemListElement":[{"@type":"ListItem","position":1,"name":"Home","item":"https:\/\/dolores.ee\/lv\/"},{"@type":"ListItem","position":2,"name":"E-veikals","item":"https:\/\/dolores.ee\/lv\/e-veikals\/"},{"@type":"ListItem","position":3,"name":"GIGI City NAP Platinum Heating Mask 75 ml"}]},{"@type":"WebSite","@id":"https:\/\/dolores.ee\/lv\/#website","url":"https:\/\/dolores.ee\/lv\/","name":"Dolores e-pood","description":"Beauty Shop","publisher":{"@id":"https:\/\/dolores.ee\/lv\/#organization"},"alternateName":"Dolores","potentialAction":[{"@type":"SearchAction","target":{"@type":"EntryPoint","urlTemplate":"https:\/\/dolores.ee\/lv\/?s={search_term_string}"},"query-input":{"@type":"PropertyValueSpecification","valueRequired":true,"valueName":"search_term_string"}}],"inLanguage":"lv-LV"},{"@type":"Organization","@id":"https:\/\/dolores.ee\/lv\/#organization","name":"Dolores O\u00dc","alternateName":"Dolores e-pood","url":"https:\/\/dolores.ee\/lv\/","logo":{"@type":"ImageObject","inLanguage":"lv-LV","@id":"https:\/\/dolores.ee\/lv\/#\/schema\/logo\/image\/","url":"https:\/\/dolores.ee\/wp-content\/uploads\/2025\/04\/logo-1.jpg","contentUrl":"https:\/\/dolores.ee\/wp-content\/uploads\/2025\/04\/logo-1.jpg","width":1951,"height":660,"caption":"Dolores O\u00dc"},"image":{"@id":"https:\/\/dolores.ee\/lv\/#\/schema\/logo\/image\/"},"sameAs":["https:\/\/www.facebook.com\/doloresepood\/"],"description":"Dolores.ee on kaasaegne veebipood, kust leiad tuntud kaubam\u00e4rkide \u2013 GIGI, Anna Lotan, Hikari, Hlavin \u2013 originaalkosmeetikat. Pakume kvaliteetseid hooldustooteid taskukohaste hindadega ja kiire kohaletoimetamisega \u00fcle Eesti. Nahahooldus pole kunagi olnud nii lihtne ja soodne!","email":"dolores@dolores.ee","telephone":"372 644 2440","legalName":"Dolores O\u00dc","foundingDate":"1998-02-09","vatID":"EE100050280","numberOfEmployees":{"@type":"QuantitativeValue","minValue":"11","maxValue":"50"}}]}},"_links":{"self":[{"href":"https:\/\/dolores.ee\/lv\/wp-json\/wp\/v2\/product\/998176","targetHints":{"allow":["GET"]}}],"collection":[{"href":"https:\/\/dolores.ee\/lv\/wp-json\/wp\/v2\/product"}],"about":[{"href":"https:\/\/dolores.ee\/lv\/wp-json\/wp\/v2\/types\/product"}],"replies":[{"embeddable":true,"href":"https:\/\/dolores.ee\/lv\/wp-json\/wp\/v2\/comments?post=998176"}],"version-history":[{"count":0,"href":"https:\/\/dolores.ee\/lv\/wp-json\/wp\/v2\/product\/998176\/revisions"}],"wp:featuredmedia":[{"embeddable":true,"href":"https:\/\/dolores.ee\/lv\/wp-json\/wp\/v2\/media\/329150"}],"wp:attachment":[{"href":"https:\/\/dolores.ee\/lv\/wp-json\/wp\/v2\/media?parent=998176"}],"wp:term":[{"taxonomy":"product_brand","embeddable":true,"href":"https:\/\/dolores.ee\/lv\/wp-json\/wp\/v2\/product_brand?post=998176"},{"taxonomy":"product_cat","embeddable":true,"href":"https:\/\/dolores.ee\/lv\/wp-json\/wp\/v2\/product_cat?post=998176"},{"taxonomy":"product_tag","embeddable":true,"href":"https:\/\/dolores.ee\/lv\/wp-json\/wp\/v2\/product_tag?post=998176"},{"taxonomy":"giftcard-category","embeddable":true,"href":"https:\/\/dolores.ee\/lv\/wp-json\/wp\/v2\/giftcard-category?post=998176"}],"curies":[{"name":"wp","href":"https:\/\/api.w.org\/{rel}","templated":true}]}}