{"id":998190,"date":"2020-11-13T14:07:35","date_gmt":"2020-11-13T12:07:35","guid":{"rendered":"https:\/\/dolores.ee\/product\/gigi-solar-energy-drying-lotion-for-oily-and-large-pore-skin-20-ml\/"},"modified":"2025-07-01T11:06:17","modified_gmt":"2025-07-01T08:06:17","slug":"gigi-solar-energy-drying-lotion-for-oily-and-large-pore-skin-20-ml","status":"publish","type":"product","link":"https:\/\/dolores.ee\/lv\/product\/gigi-solar-energy-drying-lotion-for-oily-and-large-pore-skin-20-ml\/","title":{"rendered":"GIGI Solar Energy Drying Lotion for oily and large pore skin 20 ml"},"content":{"rendered":"<div class=\"vgblk-rw-wrapper limit-wrapper\">\n<p data-start=\"60\" data-end=\"119\"><strong data-start=\"60\" data-end=\"119\">Loks\u0113t\u0101js sejas \u0101dai ar probl\u0113m\u0101m un noslieci uz pinn\u0113m<\/strong><\/p>\n<p data-start=\"121\" data-end=\"262\">\u0100du att\u012bro\u0161s, pretiekaisuma un sausino\u0161s l\u012bdzeklis. Ide\u0101li piem\u0113rots lieto\u0161anai p\u0113c profesion\u0101las sejas t\u012br\u012b\u0161anas salon\u0101 vai m\u0101jas apst\u0101k\u013cos.<\/p>\n<p data-start=\"264\" data-end=\"669\">Var lietot lok\u0101li uz problem\u0101tisk\u0101s \u0101das vai vis\u0101 sej\u0101 (k\u0101 pirmo masku). \u013boti piem\u0113rots p\u0113c meh\u0101niskas sejas \u0101das t\u012br\u012b\u0161anas un patolo\u0123isko procesu lokaliz\u0113\u0161anai kr\u016b\u0161u un muguras rajon\u0101. Tam ir pretiekaisuma, sausino\u0161a, savelko\u0161a, izgaismojo\u0161a, nomierino\u0161a, s\u0101pju mazin\u0101\u0161anas un atsvaidzino\u0161a iedarb\u012bba. Lieto da\u017e\u0101du pinnes formu, pinnes p\u0113cte\u010du un seborejas gad\u012bjum\u0101. \u0100du padara gai\u0161\u0101ku, z\u012bdainu un maigu.<\/p>\n<p data-start=\"671\" data-end=\"980\">Pirms lieto\u0161anas pudel\u012bti r\u016bp\u012bgi sakrat\u012bt. Sejas \u016bdeni uzkl\u0101j uz problem\u0101tiskaj\u0101m \u0101das viet\u0101m vai vis\u0101 sej\u0101, lok\u0101li uz pustul\u0101m un komedoniem vai iekaisuma per\u0113k\u013ciem. P\u0113c l\u012bdzek\u013ca no\u017e\u016b\u0161anas var uzkl\u0101t atk\u0101rtoti. P\u0113c lieto\u0161anas no\u0146emt l\u012bdzek\u013ca atlikumus ar vates pl\u0101ksn\u012bti vai toniku, kas piem\u0113rots \u0101das tipam.<\/p>\n<p data-start=\"982\" data-end=\"1419\"><strong data-start=\"982\" data-end=\"994\">Sast\u0101vs:<\/strong><br data-start=\"994\" data-end=\"997\" \/><em data-start=\"997\" data-end=\"1419\">Water (Aqua), Kaolin, Glycerin, Zinc Oxide, Cetearyl Alcohol, Magnesium Carbonate, Maris Sal (Mineral Water), Silt (Dead Sea Mineral Mud), Sodium Laureth Sulfate, Phenoxyethanol &amp; Methylparaben &amp; Ethylparaben &amp; Butylparaben &amp; Propylparaben &amp; Isobutylaparaben, Thymus Vulgaris (Thyme) Flower\/Leaf Oil, DMDM Hydratoin, Eucalyptus Globulus Leaf Oil, Sodium Chloride, FD&amp;C Blue 1 &amp; FD&amp;C Yellow 6 &amp; FD&amp;C Red 4, D&amp;C Yellow 10.<\/em><\/p>\n<\/div>\n<p><!-- .vgblk-rw-wrapper --><\/p>\n","protected":false},"excerpt":{"rendered":"<p>GIGI Solar Energy Drying Lotion for oily and large pore skin 20 ml<\/p>\n","protected":false},"featured_media":0,"comment_status":"open","ping_status":"closed","template":"","meta":[],"product_brand":[],"product_cat":[678,709,685,676],"product_tag":[],"giftcard-category":[],"class_list":{"0":"post-998190","1":"product","2":"type-product","3":"status-publish","5":"product_cat-home-face-care-lv","6":"product_cat-populari-produkti","7":"product_cat-proceduras","8":"product_cat-sale-lv","10":"first","11":"outofstock","12":"taxable","13":"shipping-taxable","14":"purchasable","15":"product-type-simple"},"yoast_head":"<!-- This site is optimized with the Yoast SEO Premium plugin v25.1 (Yoast SEO v25.7) - https:\/\/yoast.com\/wordpress\/plugins\/seo\/ -->\n<title>GIGI Solar Energy Drying Lotion for oily and large pore skin 20 ml ~ Dolores<\/title>\n<meta name=\"robots\" content=\"index, follow, max-snippet:-1, max-image-preview:large, max-video-preview:-1\" \/>\n<link rel=\"canonical\" href=\"https:\/\/dolores.ee\/lv\/product\/gigi-solar-energy-drying-lotion-for-oily-and-large-pore-skin-20-ml\/\" \/>\n<meta property=\"og:locale\" content=\"lv_LV\" \/>\n<meta property=\"og:type\" content=\"article\" \/>\n<meta property=\"og:title\" content=\"GIGI Solar Energy Drying Lotion for oily and large pore skin 20 ml\" \/>\n<meta property=\"og:description\" content=\"GIGI Solar Energy Drying Lotion for oily and large pore skin 20 ml\" \/>\n<meta property=\"og:url\" content=\"https:\/\/dolores.ee\/lv\/product\/gigi-solar-energy-drying-lotion-for-oily-and-large-pore-skin-20-ml\/\" \/>\n<meta property=\"og:site_name\" content=\"Dolores\" \/>\n<meta property=\"article:publisher\" content=\"https:\/\/www.facebook.com\/doloresepood\/\" \/>\n<meta property=\"article:modified_time\" content=\"2025-07-01T08:06:17+00:00\" \/>\n<meta property=\"og:image\" content=\"https:\/\/dolores.ee\/wp-content\/uploads\/2025\/05\/seo.jpg\" \/>\n\t<meta property=\"og:image:width\" content=\"1200\" \/>\n\t<meta property=\"og:image:height\" content=\"675\" \/>\n\t<meta property=\"og:image:type\" content=\"image\/jpeg\" \/>\n<meta name=\"twitter:card\" content=\"summary_large_image\" \/>\n<meta name=\"twitter:label1\" content=\"Est. reading time\" \/>\n\t<meta name=\"twitter:data1\" content=\"1 minute\" \/>\n<script type=\"application\/ld+json\" class=\"yoast-schema-graph\">{\"@context\":\"https:\/\/schema.org\",\"@graph\":[{\"@type\":\"WebPage\",\"@id\":\"https:\/\/dolores.ee\/lv\/product\/gigi-solar-energy-drying-lotion-for-oily-and-large-pore-skin-20-ml\/\",\"url\":\"https:\/\/dolores.ee\/lv\/product\/gigi-solar-energy-drying-lotion-for-oily-and-large-pore-skin-20-ml\/\",\"name\":\"GIGI Solar Energy Drying Lotion for oily and large pore skin 20 ml ~ Dolores\",\"isPartOf\":{\"@id\":\"https:\/\/dolores.ee\/lv\/#website\"},\"datePublished\":\"2020-11-13T12:07:35+00:00\",\"dateModified\":\"2025-07-01T08:06:17+00:00\",\"breadcrumb\":{\"@id\":\"https:\/\/dolores.ee\/lv\/product\/gigi-solar-energy-drying-lotion-for-oily-and-large-pore-skin-20-ml\/#breadcrumb\"},\"inLanguage\":\"lv-LV\",\"potentialAction\":[{\"@type\":\"ReadAction\",\"target\":[\"https:\/\/dolores.ee\/lv\/product\/gigi-solar-energy-drying-lotion-for-oily-and-large-pore-skin-20-ml\/\"]}]},{\"@type\":\"BreadcrumbList\",\"@id\":\"https:\/\/dolores.ee\/lv\/product\/gigi-solar-energy-drying-lotion-for-oily-and-large-pore-skin-20-ml\/#breadcrumb\",\"itemListElement\":[{\"@type\":\"ListItem\",\"position\":1,\"name\":\"Home\",\"item\":\"https:\/\/dolores.ee\/lv\/\"},{\"@type\":\"ListItem\",\"position\":2,\"name\":\"E-veikals\",\"item\":\"https:\/\/dolores.ee\/lv\/e-veikals\/\"},{\"@type\":\"ListItem\",\"position\":3,\"name\":\"GIGI Solar Energy Drying Lotion for oily and large pore skin 20 ml\"}]},{\"@type\":\"WebSite\",\"@id\":\"https:\/\/dolores.ee\/lv\/#website\",\"url\":\"https:\/\/dolores.ee\/lv\/\",\"name\":\"Dolores e-pood\",\"description\":\"Beauty Shop\",\"publisher\":{\"@id\":\"https:\/\/dolores.ee\/lv\/#organization\"},\"alternateName\":\"Dolores\",\"potentialAction\":[{\"@type\":\"SearchAction\",\"target\":{\"@type\":\"EntryPoint\",\"urlTemplate\":\"https:\/\/dolores.ee\/lv\/?s={search_term_string}\"},\"query-input\":{\"@type\":\"PropertyValueSpecification\",\"valueRequired\":true,\"valueName\":\"search_term_string\"}}],\"inLanguage\":\"lv-LV\"},{\"@type\":\"Organization\",\"@id\":\"https:\/\/dolores.ee\/lv\/#organization\",\"name\":\"Dolores O\u00dc\",\"alternateName\":\"Dolores e-pood\",\"url\":\"https:\/\/dolores.ee\/lv\/\",\"logo\":{\"@type\":\"ImageObject\",\"inLanguage\":\"lv-LV\",\"@id\":\"https:\/\/dolores.ee\/lv\/#\/schema\/logo\/image\/\",\"url\":\"https:\/\/dolores.ee\/wp-content\/uploads\/2025\/04\/logo-1.jpg\",\"contentUrl\":\"https:\/\/dolores.ee\/wp-content\/uploads\/2025\/04\/logo-1.jpg\",\"width\":1951,\"height\":660,\"caption\":\"Dolores O\u00dc\"},\"image\":{\"@id\":\"https:\/\/dolores.ee\/lv\/#\/schema\/logo\/image\/\"},\"sameAs\":[\"https:\/\/www.facebook.com\/doloresepood\/\"],\"description\":\"Dolores.ee on kaasaegne veebipood, kust leiad tuntud kaubam\u00e4rkide \u2013 GIGI, Anna Lotan, Hikari, Hlavin \u2013 originaalkosmeetikat. Pakume kvaliteetseid hooldustooteid taskukohaste hindadega ja kiire kohaletoimetamisega \u00fcle Eesti. Nahahooldus pole kunagi olnud nii lihtne ja soodne!\",\"email\":\"dolores@dolores.ee\",\"telephone\":\"372 644 2440\",\"legalName\":\"Dolores O\u00dc\",\"foundingDate\":\"1998-02-09\",\"vatID\":\"EE100050280\",\"numberOfEmployees\":{\"@type\":\"QuantitativeValue\",\"minValue\":\"11\",\"maxValue\":\"50\"}}]}<\/script>\n<!-- \/ Yoast SEO Premium plugin. -->","yoast_head_json":{"title":"GIGI Solar Energy Drying Lotion for oily and large pore skin 20 ml ~ Dolores","robots":{"index":"index","follow":"follow","max-snippet":"max-snippet:-1","max-image-preview":"max-image-preview:large","max-video-preview":"max-video-preview:-1"},"canonical":"https:\/\/dolores.ee\/lv\/product\/gigi-solar-energy-drying-lotion-for-oily-and-large-pore-skin-20-ml\/","og_locale":"lv_LV","og_type":"article","og_title":"GIGI Solar Energy Drying Lotion for oily and large pore skin 20 ml","og_description":"GIGI Solar Energy Drying Lotion for oily and large pore skin 20 ml","og_url":"https:\/\/dolores.ee\/lv\/product\/gigi-solar-energy-drying-lotion-for-oily-and-large-pore-skin-20-ml\/","og_site_name":"Dolores","article_publisher":"https:\/\/www.facebook.com\/doloresepood\/","article_modified_time":"2025-07-01T08:06:17+00:00","og_image":[{"width":1200,"height":675,"url":"https:\/\/dolores.ee\/wp-content\/uploads\/2025\/05\/seo.jpg","type":"image\/jpeg"}],"twitter_card":"summary_large_image","twitter_misc":{"Est. reading time":"1 minute"},"schema":{"@context":"https:\/\/schema.org","@graph":[{"@type":"WebPage","@id":"https:\/\/dolores.ee\/lv\/product\/gigi-solar-energy-drying-lotion-for-oily-and-large-pore-skin-20-ml\/","url":"https:\/\/dolores.ee\/lv\/product\/gigi-solar-energy-drying-lotion-for-oily-and-large-pore-skin-20-ml\/","name":"GIGI Solar Energy Drying Lotion for oily and large pore skin 20 ml ~ Dolores","isPartOf":{"@id":"https:\/\/dolores.ee\/lv\/#website"},"datePublished":"2020-11-13T12:07:35+00:00","dateModified":"2025-07-01T08:06:17+00:00","breadcrumb":{"@id":"https:\/\/dolores.ee\/lv\/product\/gigi-solar-energy-drying-lotion-for-oily-and-large-pore-skin-20-ml\/#breadcrumb"},"inLanguage":"lv-LV","potentialAction":[{"@type":"ReadAction","target":["https:\/\/dolores.ee\/lv\/product\/gigi-solar-energy-drying-lotion-for-oily-and-large-pore-skin-20-ml\/"]}]},{"@type":"BreadcrumbList","@id":"https:\/\/dolores.ee\/lv\/product\/gigi-solar-energy-drying-lotion-for-oily-and-large-pore-skin-20-ml\/#breadcrumb","itemListElement":[{"@type":"ListItem","position":1,"name":"Home","item":"https:\/\/dolores.ee\/lv\/"},{"@type":"ListItem","position":2,"name":"E-veikals","item":"https:\/\/dolores.ee\/lv\/e-veikals\/"},{"@type":"ListItem","position":3,"name":"GIGI Solar Energy Drying Lotion for oily and large pore skin 20 ml"}]},{"@type":"WebSite","@id":"https:\/\/dolores.ee\/lv\/#website","url":"https:\/\/dolores.ee\/lv\/","name":"Dolores e-pood","description":"Beauty Shop","publisher":{"@id":"https:\/\/dolores.ee\/lv\/#organization"},"alternateName":"Dolores","potentialAction":[{"@type":"SearchAction","target":{"@type":"EntryPoint","urlTemplate":"https:\/\/dolores.ee\/lv\/?s={search_term_string}"},"query-input":{"@type":"PropertyValueSpecification","valueRequired":true,"valueName":"search_term_string"}}],"inLanguage":"lv-LV"},{"@type":"Organization","@id":"https:\/\/dolores.ee\/lv\/#organization","name":"Dolores O\u00dc","alternateName":"Dolores e-pood","url":"https:\/\/dolores.ee\/lv\/","logo":{"@type":"ImageObject","inLanguage":"lv-LV","@id":"https:\/\/dolores.ee\/lv\/#\/schema\/logo\/image\/","url":"https:\/\/dolores.ee\/wp-content\/uploads\/2025\/04\/logo-1.jpg","contentUrl":"https:\/\/dolores.ee\/wp-content\/uploads\/2025\/04\/logo-1.jpg","width":1951,"height":660,"caption":"Dolores O\u00dc"},"image":{"@id":"https:\/\/dolores.ee\/lv\/#\/schema\/logo\/image\/"},"sameAs":["https:\/\/www.facebook.com\/doloresepood\/"],"description":"Dolores.ee on kaasaegne veebipood, kust leiad tuntud kaubam\u00e4rkide \u2013 GIGI, Anna Lotan, Hikari, Hlavin \u2013 originaalkosmeetikat. Pakume kvaliteetseid hooldustooteid taskukohaste hindadega ja kiire kohaletoimetamisega \u00fcle Eesti. Nahahooldus pole kunagi olnud nii lihtne ja soodne!","email":"dolores@dolores.ee","telephone":"372 644 2440","legalName":"Dolores O\u00dc","foundingDate":"1998-02-09","vatID":"EE100050280","numberOfEmployees":{"@type":"QuantitativeValue","minValue":"11","maxValue":"50"}}]}},"_links":{"self":[{"href":"https:\/\/dolores.ee\/lv\/wp-json\/wp\/v2\/product\/998190","targetHints":{"allow":["GET"]}}],"collection":[{"href":"https:\/\/dolores.ee\/lv\/wp-json\/wp\/v2\/product"}],"about":[{"href":"https:\/\/dolores.ee\/lv\/wp-json\/wp\/v2\/types\/product"}],"replies":[{"embeddable":true,"href":"https:\/\/dolores.ee\/lv\/wp-json\/wp\/v2\/comments?post=998190"}],"version-history":[{"count":0,"href":"https:\/\/dolores.ee\/lv\/wp-json\/wp\/v2\/product\/998190\/revisions"}],"wp:attachment":[{"href":"https:\/\/dolores.ee\/lv\/wp-json\/wp\/v2\/media?parent=998190"}],"wp:term":[{"taxonomy":"product_brand","embeddable":true,"href":"https:\/\/dolores.ee\/lv\/wp-json\/wp\/v2\/product_brand?post=998190"},{"taxonomy":"product_cat","embeddable":true,"href":"https:\/\/dolores.ee\/lv\/wp-json\/wp\/v2\/product_cat?post=998190"},{"taxonomy":"product_tag","embeddable":true,"href":"https:\/\/dolores.ee\/lv\/wp-json\/wp\/v2\/product_tag?post=998190"},{"taxonomy":"giftcard-category","embeddable":true,"href":"https:\/\/dolores.ee\/lv\/wp-json\/wp\/v2\/giftcard-category?post=998190"}],"curies":[{"name":"wp","href":"https:\/\/api.w.org\/{rel}","templated":true}]}}