{"id":998195,"date":"2020-11-13T13:38:42","date_gmt":"2020-11-13T11:38:42","guid":{"rendered":"https:\/\/dolores.ee\/product\/anna-lotan-barbados-barbados-seba-foam-tirosa-putas-200-ml\/"},"modified":"2025-10-17T12:21:19","modified_gmt":"2025-10-17T09:21:19","slug":"anna-lotan-barbados-barbados-seba-foam-tirosa-putas-200-ml","status":"publish","type":"product","link":"https:\/\/dolores.ee\/lv\/product\/anna-lotan-barbados-barbados-seba-foam-tirosa-putas-200-ml\/","title":{"rendered":"Anna Lotan Barbados Barbados Seba Foam T\u012bro\u0161\u0101 putas 200 ml"},"content":{"rendered":"<div class=\"vgblk-rw-wrapper limit-wrapper\">\n<p data-start=\"0\" data-end=\"315\">Barbados Seba Foam \u2014 maigi att\u012bro\u0161s putu t\u012br\u012b\u0161anas l\u012bdzeklis jut\u012bgai \u0101dai. Gais\u012bgas putas ikdienas lieto\u0161anai, kas r\u016bp\u012bgi kopj \u0101du, kas ir pak\u013cauta aps\u0101rtumam un kairin\u0101jumiem. Uzkl\u0101jiet putas uz \u0101das, viegli mas\u0113jiet ar ap\u013cveida kust\u012bb\u0101m un noskalojiet ar \u016bdeni. Lietojiet 1\u20132 reizes dien\u0101 vai p\u0113c nepiecie\u0161am\u012bbas.<\/p>\n<ul data-start=\"317\" data-end=\"493\">\n<li data-start=\"317\" data-end=\"353\">\n<p data-start=\"319\" data-end=\"353\">Izvairieties no non\u0101k\u0161anas ac\u012bs!<\/p>\n<\/li>\n<li data-start=\"354\" data-end=\"393\">\n<p data-start=\"356\" data-end=\"393\">Glab\u0101jiet b\u0113rniem nepieejam\u0101 viet\u0101!<\/p>\n<\/li>\n<li data-start=\"394\" data-end=\"493\">\n<p data-start=\"396\" data-end=\"493\">Ja par\u0101d\u0101s negat\u012bvas \u0101das reakcijas (kairin\u0101jums \/ izsitumi), nekav\u0113joties p\u0101rtrauciet lieto\u0161anu.<\/p>\n<\/li>\n<\/ul>\n<p data-start=\"495\" data-end=\"962\" data-is-last-node=\"\" data-is-only-node=\"\"><em data-start=\"495\" data-end=\"509\">Ingredients:<\/em> <em data-start=\"510\" data-end=\"962\" data-is-last-node=\"\">Aqua (Water), Sodium Lauryl Glucose Carboxylate \/ Lauryl Glucoside, Disodium Cocoyl Glutamate, Coco Glucoside \/ Glyceryl Oleate, Camellia Sinensis Leaf Extract, Undecylenoyl Glycine, Sodium Cocoyl Hydrolyzed Wheat Protein, Sea Water (Dead Sea Mineral Water), Lonicera Caprifolium Extract, Elettaria Cardamomum Seed Oil &amp; Myristica Fragrans (Nutmeg) Kernel Oil &amp; Citrus Aurantium Dulcis (Orange) Peel Oil &amp; Pogostemon Cablin (Patchouly) Oil, Limonene.<\/em><\/p>\n<\/div>\n<p><!-- .vgblk-rw-wrapper --><\/p>\n","protected":false},"excerpt":{"rendered":"<p>Maigi att\u012bro\u0161s putas l\u012bdzeklis jut\u012bgai \u0101dai<\/p>\n","protected":false},"featured_media":998196,"comment_status":"open","ping_status":"closed","template":"","meta":[],"product_brand":[],"product_cat":[660,662,678,676,726],"product_tag":[],"giftcard-category":[],"class_list":{"0":"post-998195","1":"product","2":"type-product","3":"status-publish","4":"has-post-thumbnail","6":"product_cat-anna-lotan-lv","7":"product_cat-barbados-lv","8":"product_cat-home-face-care-lv","9":"product_cat-sale-lv","10":"product_cat-tirisana","12":"first","13":"instock","14":"taxable","15":"shipping-taxable","16":"purchasable","17":"product-type-simple"},"yoast_head":"<!-- This site is optimized with the Yoast SEO Premium plugin v25.1 (Yoast SEO v25.7) - https:\/\/yoast.com\/wordpress\/plugins\/seo\/ -->\n<title>Anna Lotan Barbados Barbados Seba Foam T\u012bro\u0161\u0101 putas 200 ml ~ Dolores<\/title>\n<meta name=\"robots\" content=\"index, follow, max-snippet:-1, max-image-preview:large, max-video-preview:-1\" \/>\n<link rel=\"canonical\" href=\"https:\/\/dolores.ee\/lv\/product\/anna-lotan-barbados-barbados-seba-foam-tirosa-putas-200-ml\/\" \/>\n<meta property=\"og:locale\" content=\"lv_LV\" \/>\n<meta property=\"og:type\" content=\"article\" \/>\n<meta property=\"og:title\" content=\"Anna Lotan Barbados Barbados Seba Foam T\u012bro\u0161\u0101 putas 200 ml\" \/>\n<meta property=\"og:description\" content=\"Maigi att\u012bro\u0161s putas l\u012bdzeklis jut\u012bgai \u0101dai\" \/>\n<meta property=\"og:url\" content=\"https:\/\/dolores.ee\/lv\/product\/anna-lotan-barbados-barbados-seba-foam-tirosa-putas-200-ml\/\" \/>\n<meta property=\"og:site_name\" content=\"Dolores\" \/>\n<meta property=\"article:publisher\" content=\"https:\/\/www.facebook.com\/doloresepood\/\" \/>\n<meta property=\"article:modified_time\" content=\"2025-10-17T09:21:19+00:00\" \/>\n<meta property=\"og:image\" content=\"https:\/\/dolores.ee\/wp-content\/uploads\/2020\/11\/270.jpg\" \/>\n\t<meta property=\"og:image:width\" content=\"500\" \/>\n\t<meta property=\"og:image:height\" content=\"500\" \/>\n\t<meta property=\"og:image:type\" content=\"image\/jpeg\" \/>\n<meta name=\"twitter:card\" content=\"summary_large_image\" \/>\n<meta name=\"twitter:label1\" content=\"Est. reading time\" \/>\n\t<meta name=\"twitter:data1\" content=\"1 minute\" \/>\n<script type=\"application\/ld+json\" class=\"yoast-schema-graph\">{\"@context\":\"https:\/\/schema.org\",\"@graph\":[{\"@type\":\"WebPage\",\"@id\":\"https:\/\/dolores.ee\/lv\/product\/anna-lotan-barbados-barbados-seba-foam-tirosa-putas-200-ml\/\",\"url\":\"https:\/\/dolores.ee\/lv\/product\/anna-lotan-barbados-barbados-seba-foam-tirosa-putas-200-ml\/\",\"name\":\"Anna Lotan Barbados Barbados Seba Foam T\u012bro\u0161\u0101 putas 200 ml ~ Dolores\",\"isPartOf\":{\"@id\":\"https:\/\/dolores.ee\/lv\/#website\"},\"primaryImageOfPage\":{\"@id\":\"https:\/\/dolores.ee\/lv\/product\/anna-lotan-barbados-barbados-seba-foam-tirosa-putas-200-ml\/#primaryimage\"},\"image\":{\"@id\":\"https:\/\/dolores.ee\/lv\/product\/anna-lotan-barbados-barbados-seba-foam-tirosa-putas-200-ml\/#primaryimage\"},\"thumbnailUrl\":\"https:\/\/dolores.ee\/wp-content\/uploads\/2020\/11\/270.jpg\",\"datePublished\":\"2020-11-13T11:38:42+00:00\",\"dateModified\":\"2025-10-17T09:21:19+00:00\",\"breadcrumb\":{\"@id\":\"https:\/\/dolores.ee\/lv\/product\/anna-lotan-barbados-barbados-seba-foam-tirosa-putas-200-ml\/#breadcrumb\"},\"inLanguage\":\"lv-LV\",\"potentialAction\":[{\"@type\":\"ReadAction\",\"target\":[\"https:\/\/dolores.ee\/lv\/product\/anna-lotan-barbados-barbados-seba-foam-tirosa-putas-200-ml\/\"]}]},{\"@type\":\"ImageObject\",\"inLanguage\":\"lv-LV\",\"@id\":\"https:\/\/dolores.ee\/lv\/product\/anna-lotan-barbados-barbados-seba-foam-tirosa-putas-200-ml\/#primaryimage\",\"url\":\"https:\/\/dolores.ee\/wp-content\/uploads\/2020\/11\/270.jpg\",\"contentUrl\":\"https:\/\/dolores.ee\/wp-content\/uploads\/2020\/11\/270.jpg\",\"width\":500,\"height\":500},{\"@type\":\"BreadcrumbList\",\"@id\":\"https:\/\/dolores.ee\/lv\/product\/anna-lotan-barbados-barbados-seba-foam-tirosa-putas-200-ml\/#breadcrumb\",\"itemListElement\":[{\"@type\":\"ListItem\",\"position\":1,\"name\":\"Home\",\"item\":\"https:\/\/dolores.ee\/lv\/\"},{\"@type\":\"ListItem\",\"position\":2,\"name\":\"E-veikals\",\"item\":\"https:\/\/dolores.ee\/lv\/e-veikals\/\"},{\"@type\":\"ListItem\",\"position\":3,\"name\":\"Anna Lotan Barbados Barbados Seba Foam T\u012bro\u0161\u0101 putas 200 ml\"}]},{\"@type\":\"WebSite\",\"@id\":\"https:\/\/dolores.ee\/lv\/#website\",\"url\":\"https:\/\/dolores.ee\/lv\/\",\"name\":\"Dolores e-pood\",\"description\":\"Beauty Shop\",\"publisher\":{\"@id\":\"https:\/\/dolores.ee\/lv\/#organization\"},\"alternateName\":\"Dolores\",\"potentialAction\":[{\"@type\":\"SearchAction\",\"target\":{\"@type\":\"EntryPoint\",\"urlTemplate\":\"https:\/\/dolores.ee\/lv\/?s={search_term_string}\"},\"query-input\":{\"@type\":\"PropertyValueSpecification\",\"valueRequired\":true,\"valueName\":\"search_term_string\"}}],\"inLanguage\":\"lv-LV\"},{\"@type\":\"Organization\",\"@id\":\"https:\/\/dolores.ee\/lv\/#organization\",\"name\":\"Dolores O\u00dc\",\"alternateName\":\"Dolores e-pood\",\"url\":\"https:\/\/dolores.ee\/lv\/\",\"logo\":{\"@type\":\"ImageObject\",\"inLanguage\":\"lv-LV\",\"@id\":\"https:\/\/dolores.ee\/lv\/#\/schema\/logo\/image\/\",\"url\":\"https:\/\/dolores.ee\/wp-content\/uploads\/2025\/04\/logo-1.jpg\",\"contentUrl\":\"https:\/\/dolores.ee\/wp-content\/uploads\/2025\/04\/logo-1.jpg\",\"width\":1951,\"height\":660,\"caption\":\"Dolores O\u00dc\"},\"image\":{\"@id\":\"https:\/\/dolores.ee\/lv\/#\/schema\/logo\/image\/\"},\"sameAs\":[\"https:\/\/www.facebook.com\/doloresepood\/\"],\"description\":\"Dolores.ee on kaasaegne veebipood, kust leiad tuntud kaubam\u00e4rkide \u2013 GIGI, Anna Lotan, Hikari, Hlavin \u2013 originaalkosmeetikat. Pakume kvaliteetseid hooldustooteid taskukohaste hindadega ja kiire kohaletoimetamisega \u00fcle Eesti. Nahahooldus pole kunagi olnud nii lihtne ja soodne!\",\"email\":\"dolores@dolores.ee\",\"telephone\":\"372 644 2440\",\"legalName\":\"Dolores O\u00dc\",\"foundingDate\":\"1998-02-09\",\"vatID\":\"EE100050280\",\"numberOfEmployees\":{\"@type\":\"QuantitativeValue\",\"minValue\":\"11\",\"maxValue\":\"50\"}}]}<\/script>\n<!-- \/ Yoast SEO Premium plugin. -->","yoast_head_json":{"title":"Anna Lotan Barbados Barbados Seba Foam T\u012bro\u0161\u0101 putas 200 ml ~ Dolores","robots":{"index":"index","follow":"follow","max-snippet":"max-snippet:-1","max-image-preview":"max-image-preview:large","max-video-preview":"max-video-preview:-1"},"canonical":"https:\/\/dolores.ee\/lv\/product\/anna-lotan-barbados-barbados-seba-foam-tirosa-putas-200-ml\/","og_locale":"lv_LV","og_type":"article","og_title":"Anna Lotan Barbados Barbados Seba Foam T\u012bro\u0161\u0101 putas 200 ml","og_description":"Maigi att\u012bro\u0161s putas l\u012bdzeklis jut\u012bgai \u0101dai","og_url":"https:\/\/dolores.ee\/lv\/product\/anna-lotan-barbados-barbados-seba-foam-tirosa-putas-200-ml\/","og_site_name":"Dolores","article_publisher":"https:\/\/www.facebook.com\/doloresepood\/","article_modified_time":"2025-10-17T09:21:19+00:00","og_image":[{"width":500,"height":500,"url":"https:\/\/dolores.ee\/wp-content\/uploads\/2020\/11\/270.jpg","type":"image\/jpeg"}],"twitter_card":"summary_large_image","twitter_misc":{"Est. reading time":"1 minute"},"schema":{"@context":"https:\/\/schema.org","@graph":[{"@type":"WebPage","@id":"https:\/\/dolores.ee\/lv\/product\/anna-lotan-barbados-barbados-seba-foam-tirosa-putas-200-ml\/","url":"https:\/\/dolores.ee\/lv\/product\/anna-lotan-barbados-barbados-seba-foam-tirosa-putas-200-ml\/","name":"Anna Lotan Barbados Barbados Seba Foam T\u012bro\u0161\u0101 putas 200 ml ~ Dolores","isPartOf":{"@id":"https:\/\/dolores.ee\/lv\/#website"},"primaryImageOfPage":{"@id":"https:\/\/dolores.ee\/lv\/product\/anna-lotan-barbados-barbados-seba-foam-tirosa-putas-200-ml\/#primaryimage"},"image":{"@id":"https:\/\/dolores.ee\/lv\/product\/anna-lotan-barbados-barbados-seba-foam-tirosa-putas-200-ml\/#primaryimage"},"thumbnailUrl":"https:\/\/dolores.ee\/wp-content\/uploads\/2020\/11\/270.jpg","datePublished":"2020-11-13T11:38:42+00:00","dateModified":"2025-10-17T09:21:19+00:00","breadcrumb":{"@id":"https:\/\/dolores.ee\/lv\/product\/anna-lotan-barbados-barbados-seba-foam-tirosa-putas-200-ml\/#breadcrumb"},"inLanguage":"lv-LV","potentialAction":[{"@type":"ReadAction","target":["https:\/\/dolores.ee\/lv\/product\/anna-lotan-barbados-barbados-seba-foam-tirosa-putas-200-ml\/"]}]},{"@type":"ImageObject","inLanguage":"lv-LV","@id":"https:\/\/dolores.ee\/lv\/product\/anna-lotan-barbados-barbados-seba-foam-tirosa-putas-200-ml\/#primaryimage","url":"https:\/\/dolores.ee\/wp-content\/uploads\/2020\/11\/270.jpg","contentUrl":"https:\/\/dolores.ee\/wp-content\/uploads\/2020\/11\/270.jpg","width":500,"height":500},{"@type":"BreadcrumbList","@id":"https:\/\/dolores.ee\/lv\/product\/anna-lotan-barbados-barbados-seba-foam-tirosa-putas-200-ml\/#breadcrumb","itemListElement":[{"@type":"ListItem","position":1,"name":"Home","item":"https:\/\/dolores.ee\/lv\/"},{"@type":"ListItem","position":2,"name":"E-veikals","item":"https:\/\/dolores.ee\/lv\/e-veikals\/"},{"@type":"ListItem","position":3,"name":"Anna Lotan Barbados Barbados Seba Foam T\u012bro\u0161\u0101 putas 200 ml"}]},{"@type":"WebSite","@id":"https:\/\/dolores.ee\/lv\/#website","url":"https:\/\/dolores.ee\/lv\/","name":"Dolores e-pood","description":"Beauty Shop","publisher":{"@id":"https:\/\/dolores.ee\/lv\/#organization"},"alternateName":"Dolores","potentialAction":[{"@type":"SearchAction","target":{"@type":"EntryPoint","urlTemplate":"https:\/\/dolores.ee\/lv\/?s={search_term_string}"},"query-input":{"@type":"PropertyValueSpecification","valueRequired":true,"valueName":"search_term_string"}}],"inLanguage":"lv-LV"},{"@type":"Organization","@id":"https:\/\/dolores.ee\/lv\/#organization","name":"Dolores O\u00dc","alternateName":"Dolores e-pood","url":"https:\/\/dolores.ee\/lv\/","logo":{"@type":"ImageObject","inLanguage":"lv-LV","@id":"https:\/\/dolores.ee\/lv\/#\/schema\/logo\/image\/","url":"https:\/\/dolores.ee\/wp-content\/uploads\/2025\/04\/logo-1.jpg","contentUrl":"https:\/\/dolores.ee\/wp-content\/uploads\/2025\/04\/logo-1.jpg","width":1951,"height":660,"caption":"Dolores O\u00dc"},"image":{"@id":"https:\/\/dolores.ee\/lv\/#\/schema\/logo\/image\/"},"sameAs":["https:\/\/www.facebook.com\/doloresepood\/"],"description":"Dolores.ee on kaasaegne veebipood, kust leiad tuntud kaubam\u00e4rkide \u2013 GIGI, Anna Lotan, Hikari, Hlavin \u2013 originaalkosmeetikat. Pakume kvaliteetseid hooldustooteid taskukohaste hindadega ja kiire kohaletoimetamisega \u00fcle Eesti. Nahahooldus pole kunagi olnud nii lihtne ja soodne!","email":"dolores@dolores.ee","telephone":"372 644 2440","legalName":"Dolores O\u00dc","foundingDate":"1998-02-09","vatID":"EE100050280","numberOfEmployees":{"@type":"QuantitativeValue","minValue":"11","maxValue":"50"}}]}},"_links":{"self":[{"href":"https:\/\/dolores.ee\/lv\/wp-json\/wp\/v2\/product\/998195","targetHints":{"allow":["GET"]}}],"collection":[{"href":"https:\/\/dolores.ee\/lv\/wp-json\/wp\/v2\/product"}],"about":[{"href":"https:\/\/dolores.ee\/lv\/wp-json\/wp\/v2\/types\/product"}],"replies":[{"embeddable":true,"href":"https:\/\/dolores.ee\/lv\/wp-json\/wp\/v2\/comments?post=998195"}],"version-history":[{"count":0,"href":"https:\/\/dolores.ee\/lv\/wp-json\/wp\/v2\/product\/998195\/revisions"}],"wp:featuredmedia":[{"embeddable":true,"href":"https:\/\/dolores.ee\/lv\/wp-json\/wp\/v2\/media\/998196"}],"wp:attachment":[{"href":"https:\/\/dolores.ee\/lv\/wp-json\/wp\/v2\/media?parent=998195"}],"wp:term":[{"taxonomy":"product_brand","embeddable":true,"href":"https:\/\/dolores.ee\/lv\/wp-json\/wp\/v2\/product_brand?post=998195"},{"taxonomy":"product_cat","embeddable":true,"href":"https:\/\/dolores.ee\/lv\/wp-json\/wp\/v2\/product_cat?post=998195"},{"taxonomy":"product_tag","embeddable":true,"href":"https:\/\/dolores.ee\/lv\/wp-json\/wp\/v2\/product_tag?post=998195"},{"taxonomy":"giftcard-category","embeddable":true,"href":"https:\/\/dolores.ee\/lv\/wp-json\/wp\/v2\/giftcard-category?post=998195"}],"curies":[{"name":"wp","href":"https:\/\/api.w.org\/{rel}","templated":true}]}}