{"id":998198,"date":"2020-11-13T13:33:59","date_gmt":"2020-11-13T11:33:59","guid":{"rendered":"https:\/\/dolores.ee\/product\/hlavin-lavilin-top-intimate-wipes-dezodoranta-sievietem-37-g-x-10-gab\/"},"modified":"2025-07-01T11:06:17","modified_gmt":"2025-07-01T08:06:17","slug":"hlavin-lavilin-top-intimate-wipes-dezodoranta-sievietem-37-g-x-10-gab","status":"publish","type":"product","link":"https:\/\/dolores.ee\/lv\/product\/hlavin-lavilin-top-intimate-wipes-dezodoranta-sievietem-37-g-x-10-gab\/","title":{"rendered":"Hlavin Lavilin TOP Intimate Wipes dezodoranta sieviet\u0113m 3,7 g \u00d7 10 gab."},"content":{"rendered":"<div class=\"vgblk-rw-wrapper limit-wrapper\">\n<p data-start=\"73\" data-end=\"520\">Lavilin Intimate Wipes vienreiz\u0113j\u0101s lieto\u0161anas salvetes pal\u012bdz neitraliz\u0113t nepat\u012bkamu smaku jut\u012bgaj\u0101 int\u012bmaj\u0101 zon\u0101. \u0112rtas lieto\u0161an\u0101, salvetes ir mitrin\u0101tas ar kumel\u012btes un r\u016bgt\u0101 \u0137ir\u0161a ekstraktiem, kas nomierina \u0101du un mazina aps\u0101rtumu. Intimate Wipes atbalsta \u0137erme\u0146a dabisko l\u012bdzsvaru un viegli mitrina \u0101du, jau s\u0101kotn\u0113ji neitraliz\u0113jot smaku izraiso\u0161\u0101s bakt\u0113rijas. Probiotikas un antioksidanti rada uz \u0101das ilgsto\u0161u svaiguma un labsaj\u016btas saj\u016btu.<\/p>\n<p data-start=\"522\" data-end=\"617\">Lieto\u0161ana: Atveriet iepakojumu, iz\u0146emiet aug\u0161\u0113jo salveti un izbaudiet t\u016bl\u012bt\u0113ju svaiguma saj\u016btu.<\/p>\n<p data-start=\"619\" data-end=\"1214\" data-is-last-node=\"\" data-is-only-node=\"\"><em data-start=\"619\" data-end=\"643\">Ingredients (Sast\u0101vs):<\/em><br data-start=\"643\" data-end=\"646\" \/><em data-start=\"646\" data-end=\"1214\" data-is-last-node=\"\">Aqua (\u016bdens), Isopropyl Myristate, C14-22 spirtu mais\u012bjums, Ethylhexylglycerin, Capryloyl Glycine, Undecylenoyl Glycine, Glycine Soja (sojas e\u013c\u013ca), Chamomilla Recutita (kumel\u012btes) ziedu \u016bdens, Bifida Ferment Lysate, Calendula Officinalis (saulespu\u0137es) ziedu ekstrakts, Arnica Montana (arnikas) ziedu ekstrakts, Tocopherol, Laktoze, Laktozes prote\u012bns, Glyceryl Laurate, Ethyl Lauroyl Arginate Laurate, C12-20 alkil glikoz\u012bds, Parfum (arom\u0101ts), Xanthan Gum, N\u0101trija hidroks\u012bds, Hydroxyethyl Acrylate\/Sodium Acryloyldimethyltaurate Copolymer, Pentylene Glycol, Glucose.<\/em><\/p>\n<\/div>\n<p><!-- .vgblk-rw-wrapper --><\/p>\n","protected":false},"excerpt":{"rendered":"<p>Hlavin Lavilin TOP Intimate Wipes Deodorant Women 3.7g\u00d710tk<\/p>\n","protected":false},"featured_media":283877,"comment_status":"open","ping_status":"closed","template":"","meta":[],"product_brand":[],"product_cat":[699,682,680,691,677,698,676],"product_tag":[],"giftcard-category":[],"class_list":{"0":"post-998198","1":"product","2":"type-product","3":"status-publish","4":"has-post-thumbnail","6":"product_cat-deodoranti","7":"product_cat-deodoranti-sievietem","8":"product_cat-deodorants-intim-lv","9":"product_cat-hlavin-lv","10":"product_cat-home-body-care-lv","11":"product_cat-kermena-kopsana","12":"product_cat-sale-lv","14":"first","15":"instock","16":"taxable","17":"shipping-taxable","18":"purchasable","19":"product-type-simple"},"yoast_head":"<!-- This site is optimized with the Yoast SEO Premium plugin v25.1 (Yoast SEO v25.7) - https:\/\/yoast.com\/wordpress\/plugins\/seo\/ -->\n<title>Hlavin Lavilin TOP Intimate Wipes dezodoranta sieviet\u0113m 3,7 g \u00d7 10 gab. ~ Dolores<\/title>\n<meta name=\"robots\" content=\"index, follow, max-snippet:-1, max-image-preview:large, max-video-preview:-1\" \/>\n<link rel=\"canonical\" href=\"https:\/\/dolores.ee\/lv\/product\/hlavin-lavilin-top-intimate-wipes-dezodoranta-sievietem-37-g-x-10-gab\/\" \/>\n<meta property=\"og:locale\" content=\"lv_LV\" \/>\n<meta property=\"og:type\" content=\"article\" \/>\n<meta property=\"og:title\" content=\"Hlavin Lavilin TOP Intimate Wipes dezodoranta sieviet\u0113m 3,7 g \u00d7 10 gab.\" \/>\n<meta property=\"og:description\" content=\"Hlavin Lavilin TOP Intimate Wipes Deodorant Women 3.7g\u00d710tk\" \/>\n<meta property=\"og:url\" content=\"https:\/\/dolores.ee\/lv\/product\/hlavin-lavilin-top-intimate-wipes-dezodoranta-sievietem-37-g-x-10-gab\/\" \/>\n<meta property=\"og:site_name\" content=\"Dolores\" \/>\n<meta property=\"article:publisher\" content=\"https:\/\/www.facebook.com\/doloresepood\/\" \/>\n<meta property=\"article:modified_time\" content=\"2025-07-01T08:06:17+00:00\" \/>\n<meta property=\"og:image\" content=\"https:\/\/dolores.ee\/wp-content\/uploads\/2020\/11\/TOP-deo-int.jpg\" \/>\n\t<meta property=\"og:image:width\" content=\"500\" \/>\n\t<meta property=\"og:image:height\" content=\"500\" \/>\n\t<meta property=\"og:image:type\" content=\"image\/jpeg\" \/>\n<meta name=\"twitter:card\" content=\"summary_large_image\" \/>\n<meta name=\"twitter:label1\" content=\"Est. reading time\" \/>\n\t<meta name=\"twitter:data1\" content=\"1 minute\" \/>\n<script type=\"application\/ld+json\" class=\"yoast-schema-graph\">{\"@context\":\"https:\/\/schema.org\",\"@graph\":[{\"@type\":\"WebPage\",\"@id\":\"https:\/\/dolores.ee\/lv\/product\/hlavin-lavilin-top-intimate-wipes-dezodoranta-sievietem-37-g-x-10-gab\/\",\"url\":\"https:\/\/dolores.ee\/lv\/product\/hlavin-lavilin-top-intimate-wipes-dezodoranta-sievietem-37-g-x-10-gab\/\",\"name\":\"Hlavin Lavilin TOP Intimate Wipes dezodoranta sieviet\u0113m 3,7 g \u00d7 10 gab. ~ Dolores\",\"isPartOf\":{\"@id\":\"https:\/\/dolores.ee\/lv\/#website\"},\"primaryImageOfPage\":{\"@id\":\"https:\/\/dolores.ee\/lv\/product\/hlavin-lavilin-top-intimate-wipes-dezodoranta-sievietem-37-g-x-10-gab\/#primaryimage\"},\"image\":{\"@id\":\"https:\/\/dolores.ee\/lv\/product\/hlavin-lavilin-top-intimate-wipes-dezodoranta-sievietem-37-g-x-10-gab\/#primaryimage\"},\"thumbnailUrl\":\"https:\/\/dolores.ee\/wp-content\/uploads\/2020\/11\/TOP-deo-int.jpg\",\"datePublished\":\"2020-11-13T11:33:59+00:00\",\"dateModified\":\"2025-07-01T08:06:17+00:00\",\"breadcrumb\":{\"@id\":\"https:\/\/dolores.ee\/lv\/product\/hlavin-lavilin-top-intimate-wipes-dezodoranta-sievietem-37-g-x-10-gab\/#breadcrumb\"},\"inLanguage\":\"lv-LV\",\"potentialAction\":[{\"@type\":\"ReadAction\",\"target\":[\"https:\/\/dolores.ee\/lv\/product\/hlavin-lavilin-top-intimate-wipes-dezodoranta-sievietem-37-g-x-10-gab\/\"]}]},{\"@type\":\"ImageObject\",\"inLanguage\":\"lv-LV\",\"@id\":\"https:\/\/dolores.ee\/lv\/product\/hlavin-lavilin-top-intimate-wipes-dezodoranta-sievietem-37-g-x-10-gab\/#primaryimage\",\"url\":\"https:\/\/dolores.ee\/wp-content\/uploads\/2020\/11\/TOP-deo-int.jpg\",\"contentUrl\":\"https:\/\/dolores.ee\/wp-content\/uploads\/2020\/11\/TOP-deo-int.jpg\",\"width\":500,\"height\":500},{\"@type\":\"BreadcrumbList\",\"@id\":\"https:\/\/dolores.ee\/lv\/product\/hlavin-lavilin-top-intimate-wipes-dezodoranta-sievietem-37-g-x-10-gab\/#breadcrumb\",\"itemListElement\":[{\"@type\":\"ListItem\",\"position\":1,\"name\":\"Home\",\"item\":\"https:\/\/dolores.ee\/lv\/\"},{\"@type\":\"ListItem\",\"position\":2,\"name\":\"E-veikals\",\"item\":\"https:\/\/dolores.ee\/lv\/e-veikals\/\"},{\"@type\":\"ListItem\",\"position\":3,\"name\":\"Hlavin Lavilin TOP Intimate Wipes dezodoranta sieviet\u0113m 3,7 g \u00d7 10 gab.\"}]},{\"@type\":\"WebSite\",\"@id\":\"https:\/\/dolores.ee\/lv\/#website\",\"url\":\"https:\/\/dolores.ee\/lv\/\",\"name\":\"Dolores e-pood\",\"description\":\"Beauty Shop\",\"publisher\":{\"@id\":\"https:\/\/dolores.ee\/lv\/#organization\"},\"alternateName\":\"Dolores\",\"potentialAction\":[{\"@type\":\"SearchAction\",\"target\":{\"@type\":\"EntryPoint\",\"urlTemplate\":\"https:\/\/dolores.ee\/lv\/?s={search_term_string}\"},\"query-input\":{\"@type\":\"PropertyValueSpecification\",\"valueRequired\":true,\"valueName\":\"search_term_string\"}}],\"inLanguage\":\"lv-LV\"},{\"@type\":\"Organization\",\"@id\":\"https:\/\/dolores.ee\/lv\/#organization\",\"name\":\"Dolores O\u00dc\",\"alternateName\":\"Dolores e-pood\",\"url\":\"https:\/\/dolores.ee\/lv\/\",\"logo\":{\"@type\":\"ImageObject\",\"inLanguage\":\"lv-LV\",\"@id\":\"https:\/\/dolores.ee\/lv\/#\/schema\/logo\/image\/\",\"url\":\"https:\/\/dolores.ee\/wp-content\/uploads\/2025\/04\/logo-1.jpg\",\"contentUrl\":\"https:\/\/dolores.ee\/wp-content\/uploads\/2025\/04\/logo-1.jpg\",\"width\":1951,\"height\":660,\"caption\":\"Dolores O\u00dc\"},\"image\":{\"@id\":\"https:\/\/dolores.ee\/lv\/#\/schema\/logo\/image\/\"},\"sameAs\":[\"https:\/\/www.facebook.com\/doloresepood\/\"],\"description\":\"Dolores.ee on kaasaegne veebipood, kust leiad tuntud kaubam\u00e4rkide \u2013 GIGI, Anna Lotan, Hikari, Hlavin \u2013 originaalkosmeetikat. Pakume kvaliteetseid hooldustooteid taskukohaste hindadega ja kiire kohaletoimetamisega \u00fcle Eesti. Nahahooldus pole kunagi olnud nii lihtne ja soodne!\",\"email\":\"dolores@dolores.ee\",\"telephone\":\"372 644 2440\",\"legalName\":\"Dolores O\u00dc\",\"foundingDate\":\"1998-02-09\",\"vatID\":\"EE100050280\",\"numberOfEmployees\":{\"@type\":\"QuantitativeValue\",\"minValue\":\"11\",\"maxValue\":\"50\"}}]}<\/script>\n<!-- \/ Yoast SEO Premium plugin. -->","yoast_head_json":{"title":"Hlavin Lavilin TOP Intimate Wipes dezodoranta sieviet\u0113m 3,7 g \u00d7 10 gab. ~ Dolores","robots":{"index":"index","follow":"follow","max-snippet":"max-snippet:-1","max-image-preview":"max-image-preview:large","max-video-preview":"max-video-preview:-1"},"canonical":"https:\/\/dolores.ee\/lv\/product\/hlavin-lavilin-top-intimate-wipes-dezodoranta-sievietem-37-g-x-10-gab\/","og_locale":"lv_LV","og_type":"article","og_title":"Hlavin Lavilin TOP Intimate Wipes dezodoranta sieviet\u0113m 3,7 g \u00d7 10 gab.","og_description":"Hlavin Lavilin TOP Intimate Wipes Deodorant Women 3.7g\u00d710tk","og_url":"https:\/\/dolores.ee\/lv\/product\/hlavin-lavilin-top-intimate-wipes-dezodoranta-sievietem-37-g-x-10-gab\/","og_site_name":"Dolores","article_publisher":"https:\/\/www.facebook.com\/doloresepood\/","article_modified_time":"2025-07-01T08:06:17+00:00","og_image":[{"width":500,"height":500,"url":"https:\/\/dolores.ee\/wp-content\/uploads\/2020\/11\/TOP-deo-int.jpg","type":"image\/jpeg"}],"twitter_card":"summary_large_image","twitter_misc":{"Est. reading time":"1 minute"},"schema":{"@context":"https:\/\/schema.org","@graph":[{"@type":"WebPage","@id":"https:\/\/dolores.ee\/lv\/product\/hlavin-lavilin-top-intimate-wipes-dezodoranta-sievietem-37-g-x-10-gab\/","url":"https:\/\/dolores.ee\/lv\/product\/hlavin-lavilin-top-intimate-wipes-dezodoranta-sievietem-37-g-x-10-gab\/","name":"Hlavin Lavilin TOP Intimate Wipes dezodoranta sieviet\u0113m 3,7 g \u00d7 10 gab. ~ Dolores","isPartOf":{"@id":"https:\/\/dolores.ee\/lv\/#website"},"primaryImageOfPage":{"@id":"https:\/\/dolores.ee\/lv\/product\/hlavin-lavilin-top-intimate-wipes-dezodoranta-sievietem-37-g-x-10-gab\/#primaryimage"},"image":{"@id":"https:\/\/dolores.ee\/lv\/product\/hlavin-lavilin-top-intimate-wipes-dezodoranta-sievietem-37-g-x-10-gab\/#primaryimage"},"thumbnailUrl":"https:\/\/dolores.ee\/wp-content\/uploads\/2020\/11\/TOP-deo-int.jpg","datePublished":"2020-11-13T11:33:59+00:00","dateModified":"2025-07-01T08:06:17+00:00","breadcrumb":{"@id":"https:\/\/dolores.ee\/lv\/product\/hlavin-lavilin-top-intimate-wipes-dezodoranta-sievietem-37-g-x-10-gab\/#breadcrumb"},"inLanguage":"lv-LV","potentialAction":[{"@type":"ReadAction","target":["https:\/\/dolores.ee\/lv\/product\/hlavin-lavilin-top-intimate-wipes-dezodoranta-sievietem-37-g-x-10-gab\/"]}]},{"@type":"ImageObject","inLanguage":"lv-LV","@id":"https:\/\/dolores.ee\/lv\/product\/hlavin-lavilin-top-intimate-wipes-dezodoranta-sievietem-37-g-x-10-gab\/#primaryimage","url":"https:\/\/dolores.ee\/wp-content\/uploads\/2020\/11\/TOP-deo-int.jpg","contentUrl":"https:\/\/dolores.ee\/wp-content\/uploads\/2020\/11\/TOP-deo-int.jpg","width":500,"height":500},{"@type":"BreadcrumbList","@id":"https:\/\/dolores.ee\/lv\/product\/hlavin-lavilin-top-intimate-wipes-dezodoranta-sievietem-37-g-x-10-gab\/#breadcrumb","itemListElement":[{"@type":"ListItem","position":1,"name":"Home","item":"https:\/\/dolores.ee\/lv\/"},{"@type":"ListItem","position":2,"name":"E-veikals","item":"https:\/\/dolores.ee\/lv\/e-veikals\/"},{"@type":"ListItem","position":3,"name":"Hlavin Lavilin TOP Intimate Wipes dezodoranta sieviet\u0113m 3,7 g \u00d7 10 gab."}]},{"@type":"WebSite","@id":"https:\/\/dolores.ee\/lv\/#website","url":"https:\/\/dolores.ee\/lv\/","name":"Dolores e-pood","description":"Beauty Shop","publisher":{"@id":"https:\/\/dolores.ee\/lv\/#organization"},"alternateName":"Dolores","potentialAction":[{"@type":"SearchAction","target":{"@type":"EntryPoint","urlTemplate":"https:\/\/dolores.ee\/lv\/?s={search_term_string}"},"query-input":{"@type":"PropertyValueSpecification","valueRequired":true,"valueName":"search_term_string"}}],"inLanguage":"lv-LV"},{"@type":"Organization","@id":"https:\/\/dolores.ee\/lv\/#organization","name":"Dolores O\u00dc","alternateName":"Dolores e-pood","url":"https:\/\/dolores.ee\/lv\/","logo":{"@type":"ImageObject","inLanguage":"lv-LV","@id":"https:\/\/dolores.ee\/lv\/#\/schema\/logo\/image\/","url":"https:\/\/dolores.ee\/wp-content\/uploads\/2025\/04\/logo-1.jpg","contentUrl":"https:\/\/dolores.ee\/wp-content\/uploads\/2025\/04\/logo-1.jpg","width":1951,"height":660,"caption":"Dolores O\u00dc"},"image":{"@id":"https:\/\/dolores.ee\/lv\/#\/schema\/logo\/image\/"},"sameAs":["https:\/\/www.facebook.com\/doloresepood\/"],"description":"Dolores.ee on kaasaegne veebipood, kust leiad tuntud kaubam\u00e4rkide \u2013 GIGI, Anna Lotan, Hikari, Hlavin \u2013 originaalkosmeetikat. Pakume kvaliteetseid hooldustooteid taskukohaste hindadega ja kiire kohaletoimetamisega \u00fcle Eesti. Nahahooldus pole kunagi olnud nii lihtne ja soodne!","email":"dolores@dolores.ee","telephone":"372 644 2440","legalName":"Dolores O\u00dc","foundingDate":"1998-02-09","vatID":"EE100050280","numberOfEmployees":{"@type":"QuantitativeValue","minValue":"11","maxValue":"50"}}]}},"_links":{"self":[{"href":"https:\/\/dolores.ee\/lv\/wp-json\/wp\/v2\/product\/998198","targetHints":{"allow":["GET"]}}],"collection":[{"href":"https:\/\/dolores.ee\/lv\/wp-json\/wp\/v2\/product"}],"about":[{"href":"https:\/\/dolores.ee\/lv\/wp-json\/wp\/v2\/types\/product"}],"replies":[{"embeddable":true,"href":"https:\/\/dolores.ee\/lv\/wp-json\/wp\/v2\/comments?post=998198"}],"version-history":[{"count":0,"href":"https:\/\/dolores.ee\/lv\/wp-json\/wp\/v2\/product\/998198\/revisions"}],"wp:featuredmedia":[{"embeddable":true,"href":"https:\/\/dolores.ee\/lv\/wp-json\/wp\/v2\/media\/283877"}],"wp:attachment":[{"href":"https:\/\/dolores.ee\/lv\/wp-json\/wp\/v2\/media?parent=998198"}],"wp:term":[{"taxonomy":"product_brand","embeddable":true,"href":"https:\/\/dolores.ee\/lv\/wp-json\/wp\/v2\/product_brand?post=998198"},{"taxonomy":"product_cat","embeddable":true,"href":"https:\/\/dolores.ee\/lv\/wp-json\/wp\/v2\/product_cat?post=998198"},{"taxonomy":"product_tag","embeddable":true,"href":"https:\/\/dolores.ee\/lv\/wp-json\/wp\/v2\/product_tag?post=998198"},{"taxonomy":"giftcard-category","embeddable":true,"href":"https:\/\/dolores.ee\/lv\/wp-json\/wp\/v2\/giftcard-category?post=998198"}],"curies":[{"name":"wp","href":"https:\/\/api.w.org\/{rel}","templated":true}]}}