{"id":998199,"date":"2020-11-13T13:29:02","date_gmt":"2020-11-13T11:29:02","guid":{"rendered":"https:\/\/dolores.ee\/product\/hlavin-lavilin-intima-dezodoranta-krems-sportistiem-bez-aluminija-bez-spirta-bez-parabeniem-10-ml\/"},"modified":"2025-07-01T11:06:17","modified_gmt":"2025-07-01T08:06:17","slug":"hlavin-lavilin-intima-dezodoranta-krems-sportistiem-bez-aluminija-bez-spirta-bez-parabeniem-10-ml","status":"publish","type":"product","link":"https:\/\/dolores.ee\/lv\/product\/hlavin-lavilin-intima-dezodoranta-krems-sportistiem-bez-aluminija-bez-spirta-bez-parabeniem-10-ml\/","title":{"rendered":"Hlavin Lavilin Int\u012bm\u0101 dezodoranta kr\u0113ms sportistiem Bez alum\u012bnija \/ Bez spirta \/ Bez parab\u0113niem 10 ml"},"content":{"rendered":"<div class=\"vgblk-rw-wrapper limit-wrapper\">\n<p data-start=\"103\" data-end=\"751\">Lavilin zempad\u017eu dezodoranta kr\u0113ms ir inovat\u012bvs produkts, kas piln\u012bb\u0101 maina tradicion\u0101lo smar\u017eas aizsardz\u012bbas konceptu. Augu izcelsmes sast\u0101vs ir rad\u012bts, lai jau s\u0101kotn\u0113ji neitraliz\u0113tu sviedru smaku izraiso\u0161\u0101s bakt\u0113rijas. Dezodorants neaizsprost\u0113 poras un neietekm\u0113 \u0137erme\u0146a dabisk\u0101s funkcijas. Lavilin nodro\u0161ina \u012bstu, kl\u012bniski pier\u0101d\u012btu efektu. Augu ekstrakti pal\u012bdz aizsarg\u0101t jut\u012bgo paduses \u0101du. Viena lieto\u0161anas reize nodro\u0161ina aizsardz\u012bbu l\u012bdz septi\u0146\u0101m dien\u0101m. Lavilina dezodoranta iedarb\u012bba saglab\u0101jas ar\u012b p\u0113c du\u0161as, treni\u0146a un peld\u0113\u0161an\u0101s, piem\u0113rots ikdienas akt\u012bvam dz\u012bvesveidam. Dezodoranta vieglais arom\u0101ts nekait\u0113 j\u016bsu iecien\u012btajai smar\u017eai.<\/p>\n<p data-start=\"753\" data-end=\"918\"><strong>NB!<\/strong> Tikai \u0101r\u012bgai lieto\u0161anai. Izvair\u012bties no dezodoranta nok\u013c\u016b\u0161anas mut\u0113 vai ac\u012bs. Glab\u0101t b\u0113rniem nepieejam\u0101 viet\u0101. Nelietot, ja ir aler\u0123ija pret k\u0101du no sast\u0101vda\u013c\u0101m.<\/p>\n<p data-start=\"920\" data-end=\"1525\" data-is-last-node=\"\" data-is-only-node=\"\"><strong data-start=\"920\" data-end=\"932\">Sast\u0101vs:<\/strong><br data-start=\"932\" data-end=\"935\" \/>Ricinus Communis (riekstkoka) s\u0113klu e\u013c\u013ca, Talk\u0101ls (Cl 77718), Cinks oks\u012bds (Cl 77947), Modific\u0113ts kartupe\u013cu ciete, Hidrogen\u0113ta riekstkoka e\u013c\u013ca, Copernicia Cerifera (karnaubas vasks), Glycine soja (sojas e\u013c\u013ca), \u016adens (Aqua), Chamomilla Recutita (kumel\u012b\u0161u) ziedu \u016bdens, Ethylhexylglycerin, Trietil citr\u0101ts, Laktoze, Lakt\u012bna prote\u012bns (piena prote\u012bns), Bifida Ferment Lysate, Calendula Officinalis (saulespu\u0137es) ziedu ekstrakts, Parfum (smar\u017eviela), Fenoksietanols, O-cymen-5-ol, Benzilspirts, Arnica Montana (arnikas) ziedu ekstrakts, N\u0101trija benzo\u0101ts, Tokoferols (E vitam\u012bns), K\u0101lija sorb\u0101ts.<\/p>\n<\/div>\n<p><!-- .vgblk-rw-wrapper --><\/p>\n","protected":false},"excerpt":{"rendered":"<p>Hlavin Lavilin Int\u012bm\u0101 dezodoranta kr\u0113ms sportistiem 10 ml<\/p>\n","protected":false},"featured_media":283872,"comment_status":"open","ping_status":"closed","template":"","meta":[],"product_brand":[],"product_cat":[699,714,691,677,698,709,676,683,713],"product_tag":[],"giftcard-category":[],"class_list":{"0":"post-998199","1":"product","2":"type-product","3":"status-publish","4":"has-post-thumbnail","6":"product_cat-deodoranti","7":"product_cat-deodoranti-viriesiem-lv","8":"product_cat-hlavin-lv","9":"product_cat-home-body-care-lv","10":"product_cat-kermena-kopsana","11":"product_cat-populari-produkti","12":"product_cat-sale-lv","13":"product_cat-sporta-deodoranti","14":"product_cat-viriesiem","16":"first","17":"instock","18":"taxable","19":"shipping-taxable","20":"purchasable","21":"product-type-simple"},"yoast_head":"<!-- This site is optimized with the Yoast SEO Premium plugin v25.1 (Yoast SEO v25.7) - https:\/\/yoast.com\/wordpress\/plugins\/seo\/ -->\n<title>Hlavin Lavilin Int\u012bm\u0101 dezodoranta kr\u0113ms sportistiem Bez alum\u012bnija \/ Bez spirta \/ Bez parab\u0113niem 10 ml ~ Dolores<\/title>\n<meta name=\"robots\" content=\"index, follow, max-snippet:-1, max-image-preview:large, max-video-preview:-1\" \/>\n<link rel=\"canonical\" href=\"https:\/\/dolores.ee\/lv\/product\/hlavin-lavilin-intima-dezodoranta-krems-sportistiem-bez-aluminija-bez-spirta-bez-parabeniem-10-ml\/\" \/>\n<meta property=\"og:locale\" content=\"lv_LV\" \/>\n<meta property=\"og:type\" content=\"article\" \/>\n<meta property=\"og:title\" content=\"Hlavin Lavilin Int\u012bm\u0101 dezodoranta kr\u0113ms sportistiem Bez alum\u012bnija \/ Bez spirta \/ Bez parab\u0113niem 10 ml\" \/>\n<meta property=\"og:description\" content=\"Hlavin Lavilin Int\u012bm\u0101 dezodoranta kr\u0113ms sportistiem 10 ml\" \/>\n<meta property=\"og:url\" content=\"https:\/\/dolores.ee\/lv\/product\/hlavin-lavilin-intima-dezodoranta-krems-sportistiem-bez-aluminija-bez-spirta-bez-parabeniem-10-ml\/\" \/>\n<meta property=\"og:site_name\" content=\"Dolores\" \/>\n<meta property=\"article:publisher\" content=\"https:\/\/www.facebook.com\/doloresepood\/\" \/>\n<meta property=\"article:modified_time\" content=\"2025-07-01T08:06:17+00:00\" \/>\n<meta property=\"og:image\" content=\"https:\/\/dolores.ee\/wp-content\/uploads\/2025\/05\/seo.jpg\" \/>\n\t<meta property=\"og:image:width\" content=\"1200\" \/>\n\t<meta property=\"og:image:height\" content=\"675\" \/>\n\t<meta property=\"og:image:type\" content=\"image\/jpeg\" \/>\n<meta name=\"twitter:card\" content=\"summary_large_image\" \/>\n<meta name=\"twitter:label1\" content=\"Est. reading time\" \/>\n\t<meta name=\"twitter:data1\" content=\"1 minute\" \/>\n<script type=\"application\/ld+json\" class=\"yoast-schema-graph\">{\"@context\":\"https:\/\/schema.org\",\"@graph\":[{\"@type\":\"WebPage\",\"@id\":\"https:\/\/dolores.ee\/lv\/product\/hlavin-lavilin-intima-dezodoranta-krems-sportistiem-bez-aluminija-bez-spirta-bez-parabeniem-10-ml\/\",\"url\":\"https:\/\/dolores.ee\/lv\/product\/hlavin-lavilin-intima-dezodoranta-krems-sportistiem-bez-aluminija-bez-spirta-bez-parabeniem-10-ml\/\",\"name\":\"Hlavin Lavilin Int\u012bm\u0101 dezodoranta kr\u0113ms sportistiem Bez alum\u012bnija \/ Bez spirta \/ Bez parab\u0113niem 10 ml ~ Dolores\",\"isPartOf\":{\"@id\":\"https:\/\/dolores.ee\/lv\/#website\"},\"primaryImageOfPage\":{\"@id\":\"https:\/\/dolores.ee\/lv\/product\/hlavin-lavilin-intima-dezodoranta-krems-sportistiem-bez-aluminija-bez-spirta-bez-parabeniem-10-ml\/#primaryimage\"},\"image\":{\"@id\":\"https:\/\/dolores.ee\/lv\/product\/hlavin-lavilin-intima-dezodoranta-krems-sportistiem-bez-aluminija-bez-spirta-bez-parabeniem-10-ml\/#primaryimage\"},\"thumbnailUrl\":\"https:\/\/dolores.ee\/wp-content\/uploads\/2020\/11\/TOP-deo-sport.jpg\",\"datePublished\":\"2020-11-13T11:29:02+00:00\",\"dateModified\":\"2025-07-01T08:06:17+00:00\",\"breadcrumb\":{\"@id\":\"https:\/\/dolores.ee\/lv\/product\/hlavin-lavilin-intima-dezodoranta-krems-sportistiem-bez-aluminija-bez-spirta-bez-parabeniem-10-ml\/#breadcrumb\"},\"inLanguage\":\"lv-LV\",\"potentialAction\":[{\"@type\":\"ReadAction\",\"target\":[\"https:\/\/dolores.ee\/lv\/product\/hlavin-lavilin-intima-dezodoranta-krems-sportistiem-bez-aluminija-bez-spirta-bez-parabeniem-10-ml\/\"]}]},{\"@type\":\"ImageObject\",\"inLanguage\":\"lv-LV\",\"@id\":\"https:\/\/dolores.ee\/lv\/product\/hlavin-lavilin-intima-dezodoranta-krems-sportistiem-bez-aluminija-bez-spirta-bez-parabeniem-10-ml\/#primaryimage\",\"url\":\"https:\/\/dolores.ee\/wp-content\/uploads\/2020\/11\/TOP-deo-sport.jpg\",\"contentUrl\":\"https:\/\/dolores.ee\/wp-content\/uploads\/2020\/11\/TOP-deo-sport.jpg\",\"width\":500,\"height\":500},{\"@type\":\"BreadcrumbList\",\"@id\":\"https:\/\/dolores.ee\/lv\/product\/hlavin-lavilin-intima-dezodoranta-krems-sportistiem-bez-aluminija-bez-spirta-bez-parabeniem-10-ml\/#breadcrumb\",\"itemListElement\":[{\"@type\":\"ListItem\",\"position\":1,\"name\":\"Home\",\"item\":\"https:\/\/dolores.ee\/lv\/\"},{\"@type\":\"ListItem\",\"position\":2,\"name\":\"E-veikals\",\"item\":\"https:\/\/dolores.ee\/lv\/e-veikals\/\"},{\"@type\":\"ListItem\",\"position\":3,\"name\":\"Hlavin Lavilin Int\u012bm\u0101 dezodoranta kr\u0113ms sportistiem Bez alum\u012bnija \/ Bez spirta \/ Bez parab\u0113niem 10 ml\"}]},{\"@type\":\"WebSite\",\"@id\":\"https:\/\/dolores.ee\/lv\/#website\",\"url\":\"https:\/\/dolores.ee\/lv\/\",\"name\":\"Dolores e-pood\",\"description\":\"Beauty Shop\",\"publisher\":{\"@id\":\"https:\/\/dolores.ee\/lv\/#organization\"},\"alternateName\":\"Dolores\",\"potentialAction\":[{\"@type\":\"SearchAction\",\"target\":{\"@type\":\"EntryPoint\",\"urlTemplate\":\"https:\/\/dolores.ee\/lv\/?s={search_term_string}\"},\"query-input\":{\"@type\":\"PropertyValueSpecification\",\"valueRequired\":true,\"valueName\":\"search_term_string\"}}],\"inLanguage\":\"lv-LV\"},{\"@type\":\"Organization\",\"@id\":\"https:\/\/dolores.ee\/lv\/#organization\",\"name\":\"Dolores O\u00dc\",\"alternateName\":\"Dolores e-pood\",\"url\":\"https:\/\/dolores.ee\/lv\/\",\"logo\":{\"@type\":\"ImageObject\",\"inLanguage\":\"lv-LV\",\"@id\":\"https:\/\/dolores.ee\/lv\/#\/schema\/logo\/image\/\",\"url\":\"https:\/\/dolores.ee\/wp-content\/uploads\/2025\/04\/logo-1.jpg\",\"contentUrl\":\"https:\/\/dolores.ee\/wp-content\/uploads\/2025\/04\/logo-1.jpg\",\"width\":1951,\"height\":660,\"caption\":\"Dolores O\u00dc\"},\"image\":{\"@id\":\"https:\/\/dolores.ee\/lv\/#\/schema\/logo\/image\/\"},\"sameAs\":[\"https:\/\/www.facebook.com\/doloresepood\/\"],\"description\":\"Dolores.ee on kaasaegne veebipood, kust leiad tuntud kaubam\u00e4rkide \u2013 GIGI, Anna Lotan, Hikari, Hlavin \u2013 originaalkosmeetikat. Pakume kvaliteetseid hooldustooteid taskukohaste hindadega ja kiire kohaletoimetamisega \u00fcle Eesti. Nahahooldus pole kunagi olnud nii lihtne ja soodne!\",\"email\":\"dolores@dolores.ee\",\"telephone\":\"372 644 2440\",\"legalName\":\"Dolores O\u00dc\",\"foundingDate\":\"1998-02-09\",\"vatID\":\"EE100050280\",\"numberOfEmployees\":{\"@type\":\"QuantitativeValue\",\"minValue\":\"11\",\"maxValue\":\"50\"}}]}<\/script>\n<!-- \/ Yoast SEO Premium plugin. -->","yoast_head_json":{"title":"Hlavin Lavilin Int\u012bm\u0101 dezodoranta kr\u0113ms sportistiem Bez alum\u012bnija \/ Bez spirta \/ Bez parab\u0113niem 10 ml ~ Dolores","robots":{"index":"index","follow":"follow","max-snippet":"max-snippet:-1","max-image-preview":"max-image-preview:large","max-video-preview":"max-video-preview:-1"},"canonical":"https:\/\/dolores.ee\/lv\/product\/hlavin-lavilin-intima-dezodoranta-krems-sportistiem-bez-aluminija-bez-spirta-bez-parabeniem-10-ml\/","og_locale":"lv_LV","og_type":"article","og_title":"Hlavin Lavilin Int\u012bm\u0101 dezodoranta kr\u0113ms sportistiem Bez alum\u012bnija \/ Bez spirta \/ Bez parab\u0113niem 10 ml","og_description":"Hlavin Lavilin Int\u012bm\u0101 dezodoranta kr\u0113ms sportistiem 10 ml","og_url":"https:\/\/dolores.ee\/lv\/product\/hlavin-lavilin-intima-dezodoranta-krems-sportistiem-bez-aluminija-bez-spirta-bez-parabeniem-10-ml\/","og_site_name":"Dolores","article_publisher":"https:\/\/www.facebook.com\/doloresepood\/","article_modified_time":"2025-07-01T08:06:17+00:00","og_image":[{"width":1200,"height":675,"url":"https:\/\/dolores.ee\/wp-content\/uploads\/2025\/05\/seo.jpg","type":"image\/jpeg"}],"twitter_card":"summary_large_image","twitter_misc":{"Est. reading time":"1 minute"},"schema":{"@context":"https:\/\/schema.org","@graph":[{"@type":"WebPage","@id":"https:\/\/dolores.ee\/lv\/product\/hlavin-lavilin-intima-dezodoranta-krems-sportistiem-bez-aluminija-bez-spirta-bez-parabeniem-10-ml\/","url":"https:\/\/dolores.ee\/lv\/product\/hlavin-lavilin-intima-dezodoranta-krems-sportistiem-bez-aluminija-bez-spirta-bez-parabeniem-10-ml\/","name":"Hlavin Lavilin Int\u012bm\u0101 dezodoranta kr\u0113ms sportistiem Bez alum\u012bnija \/ Bez spirta \/ Bez parab\u0113niem 10 ml ~ Dolores","isPartOf":{"@id":"https:\/\/dolores.ee\/lv\/#website"},"primaryImageOfPage":{"@id":"https:\/\/dolores.ee\/lv\/product\/hlavin-lavilin-intima-dezodoranta-krems-sportistiem-bez-aluminija-bez-spirta-bez-parabeniem-10-ml\/#primaryimage"},"image":{"@id":"https:\/\/dolores.ee\/lv\/product\/hlavin-lavilin-intima-dezodoranta-krems-sportistiem-bez-aluminija-bez-spirta-bez-parabeniem-10-ml\/#primaryimage"},"thumbnailUrl":"https:\/\/dolores.ee\/wp-content\/uploads\/2020\/11\/TOP-deo-sport.jpg","datePublished":"2020-11-13T11:29:02+00:00","dateModified":"2025-07-01T08:06:17+00:00","breadcrumb":{"@id":"https:\/\/dolores.ee\/lv\/product\/hlavin-lavilin-intima-dezodoranta-krems-sportistiem-bez-aluminija-bez-spirta-bez-parabeniem-10-ml\/#breadcrumb"},"inLanguage":"lv-LV","potentialAction":[{"@type":"ReadAction","target":["https:\/\/dolores.ee\/lv\/product\/hlavin-lavilin-intima-dezodoranta-krems-sportistiem-bez-aluminija-bez-spirta-bez-parabeniem-10-ml\/"]}]},{"@type":"ImageObject","inLanguage":"lv-LV","@id":"https:\/\/dolores.ee\/lv\/product\/hlavin-lavilin-intima-dezodoranta-krems-sportistiem-bez-aluminija-bez-spirta-bez-parabeniem-10-ml\/#primaryimage","url":"https:\/\/dolores.ee\/wp-content\/uploads\/2020\/11\/TOP-deo-sport.jpg","contentUrl":"https:\/\/dolores.ee\/wp-content\/uploads\/2020\/11\/TOP-deo-sport.jpg","width":500,"height":500},{"@type":"BreadcrumbList","@id":"https:\/\/dolores.ee\/lv\/product\/hlavin-lavilin-intima-dezodoranta-krems-sportistiem-bez-aluminija-bez-spirta-bez-parabeniem-10-ml\/#breadcrumb","itemListElement":[{"@type":"ListItem","position":1,"name":"Home","item":"https:\/\/dolores.ee\/lv\/"},{"@type":"ListItem","position":2,"name":"E-veikals","item":"https:\/\/dolores.ee\/lv\/e-veikals\/"},{"@type":"ListItem","position":3,"name":"Hlavin Lavilin Int\u012bm\u0101 dezodoranta kr\u0113ms sportistiem Bez alum\u012bnija \/ Bez spirta \/ Bez parab\u0113niem 10 ml"}]},{"@type":"WebSite","@id":"https:\/\/dolores.ee\/lv\/#website","url":"https:\/\/dolores.ee\/lv\/","name":"Dolores e-pood","description":"Beauty Shop","publisher":{"@id":"https:\/\/dolores.ee\/lv\/#organization"},"alternateName":"Dolores","potentialAction":[{"@type":"SearchAction","target":{"@type":"EntryPoint","urlTemplate":"https:\/\/dolores.ee\/lv\/?s={search_term_string}"},"query-input":{"@type":"PropertyValueSpecification","valueRequired":true,"valueName":"search_term_string"}}],"inLanguage":"lv-LV"},{"@type":"Organization","@id":"https:\/\/dolores.ee\/lv\/#organization","name":"Dolores O\u00dc","alternateName":"Dolores e-pood","url":"https:\/\/dolores.ee\/lv\/","logo":{"@type":"ImageObject","inLanguage":"lv-LV","@id":"https:\/\/dolores.ee\/lv\/#\/schema\/logo\/image\/","url":"https:\/\/dolores.ee\/wp-content\/uploads\/2025\/04\/logo-1.jpg","contentUrl":"https:\/\/dolores.ee\/wp-content\/uploads\/2025\/04\/logo-1.jpg","width":1951,"height":660,"caption":"Dolores O\u00dc"},"image":{"@id":"https:\/\/dolores.ee\/lv\/#\/schema\/logo\/image\/"},"sameAs":["https:\/\/www.facebook.com\/doloresepood\/"],"description":"Dolores.ee on kaasaegne veebipood, kust leiad tuntud kaubam\u00e4rkide \u2013 GIGI, Anna Lotan, Hikari, Hlavin \u2013 originaalkosmeetikat. Pakume kvaliteetseid hooldustooteid taskukohaste hindadega ja kiire kohaletoimetamisega \u00fcle Eesti. Nahahooldus pole kunagi olnud nii lihtne ja soodne!","email":"dolores@dolores.ee","telephone":"372 644 2440","legalName":"Dolores O\u00dc","foundingDate":"1998-02-09","vatID":"EE100050280","numberOfEmployees":{"@type":"QuantitativeValue","minValue":"11","maxValue":"50"}}]}},"_links":{"self":[{"href":"https:\/\/dolores.ee\/lv\/wp-json\/wp\/v2\/product\/998199","targetHints":{"allow":["GET"]}}],"collection":[{"href":"https:\/\/dolores.ee\/lv\/wp-json\/wp\/v2\/product"}],"about":[{"href":"https:\/\/dolores.ee\/lv\/wp-json\/wp\/v2\/types\/product"}],"replies":[{"embeddable":true,"href":"https:\/\/dolores.ee\/lv\/wp-json\/wp\/v2\/comments?post=998199"}],"version-history":[{"count":0,"href":"https:\/\/dolores.ee\/lv\/wp-json\/wp\/v2\/product\/998199\/revisions"}],"wp:featuredmedia":[{"embeddable":true,"href":"https:\/\/dolores.ee\/lv\/wp-json\/wp\/v2\/media\/283872"}],"wp:attachment":[{"href":"https:\/\/dolores.ee\/lv\/wp-json\/wp\/v2\/media?parent=998199"}],"wp:term":[{"taxonomy":"product_brand","embeddable":true,"href":"https:\/\/dolores.ee\/lv\/wp-json\/wp\/v2\/product_brand?post=998199"},{"taxonomy":"product_cat","embeddable":true,"href":"https:\/\/dolores.ee\/lv\/wp-json\/wp\/v2\/product_cat?post=998199"},{"taxonomy":"product_tag","embeddable":true,"href":"https:\/\/dolores.ee\/lv\/wp-json\/wp\/v2\/product_tag?post=998199"},{"taxonomy":"giftcard-category","embeddable":true,"href":"https:\/\/dolores.ee\/lv\/wp-json\/wp\/v2\/giftcard-category?post=998199"}],"curies":[{"name":"wp","href":"https:\/\/api.w.org\/{rel}","templated":true}]}}