{"id":998201,"date":"2020-11-13T13:17:48","date_gmt":"2020-11-13T11:17:48","guid":{"rendered":"https:\/\/dolores.ee\/product\/hlavin-lavilin-top-pulks-dezodorants-sportistiem-72-stundam-bez-aluminija-bez-alkohola-bez-parabeniem-60-ml\/"},"modified":"2025-08-07T10:31:43","modified_gmt":"2025-08-07T07:31:43","slug":"hlavin-lavilin-top-pulks-dezodorants-sportistiem-72-stundam-bez-aluminija-bez-alkohola-bez-parabeniem-60-ml","status":"publish","type":"product","link":"https:\/\/dolores.ee\/lv\/product\/hlavin-lavilin-top-pulks-dezodorants-sportistiem-72-stundam-bez-aluminija-bez-alkohola-bez-parabeniem-60-ml\/","title":{"rendered":"Hlavin Lavilin TOP Pulks dezodorants sportistiem 72 stund\u0101m Bez alum\u012bnija \/ Bez alkohola \/ Bez parab\u0113niem, 60 ml"},"content":{"rendered":"<div class=\"vgblk-rw-wrapper limit-wrapper\">\n<p data-start=\"114\" data-end=\"550\">Lavilin Stick dezodorants piln\u012bb\u0101 atbalsta akt\u012bvu dz\u012bvesveidu, efekt\u012bvi likvid\u0113jot nepat\u012bkamo sviedru smaku. Profesion\u0101lu sportistu test\u0113tais pulkdezodorants neitraliz\u0113 smaku izraiso\u0161\u0101s bakt\u0113rijas jau s\u0101kotn\u0113ji, neaizsprostojot poras un nekait\u0113jot \u0137erme\u0146a dabiskajai l\u012bdzsvarai. Lavilina unik\u0101lais dezodorants satur augu ekstraktus, kas padara to \u016bdensnotur\u012bgu un nodro\u0161ina maksim\u0101lu aizsardz\u012bbu pat treni\u0146a, peld\u0113\u0161an\u0101s vai du\u0161as laik\u0101.<\/p>\n<p data-start=\"552\" data-end=\"929\">Lieto\u0161anas instrukcija: Lai ieg\u016btu lab\u0101kos rezult\u0101tus, lietojiet dezodorantu pirms gul\u0113tie\u0161anas, uzkl\u0101jot to uz t\u012bras un sausas paduses \u0101das. Nav ieteicams lietot uz kairin\u0101tas vai boj\u0101tas \u0101das. \u013baujiet dezodorantam piln\u012bb\u0101 no\u017e\u016bt pirms \u0123\u0113rb\u0161an\u0101s. Nav nepiecie\u0161ams atk\u0101rtot proced\u016bru pirms sviedru smakas par\u0101d\u012b\u0161an\u0101s. Optim\u0101ls rezult\u0101ts tiek sasniegts p\u0113c 5\u20137 lieto\u0161anas reiz\u0113m.<\/p>\n<p data-start=\"931\" data-end=\"1104\">NB! Tikai \u0101r\u012bgai lieto\u0161anai. Izvair\u012bties, lai produkts nenok\u013c\u016bst mut\u0113 vai ac\u012bs. Glab\u0101t b\u0113rniem nepieejam\u0101 viet\u0101. Nelietot, ja ir aler\u0123iska reakcija pret k\u0101du no sast\u0101vda\u013c\u0101m.<\/p>\n<p data-start=\"1106\" data-end=\"1630\" data-is-last-node=\"\" data-is-only-node=\"\"><strong data-start=\"1106\" data-end=\"1118\">Sast\u0101vs:<\/strong><br data-start=\"1118\" data-end=\"1121\" \/>Propil\u0113nglikols, \u016bdens (Aqua), dimetilimidazolino rice ciete, n\u0101trija stear\u0101ts, sojas e\u013c\u013ca (Glycine soja), kapriloilglik\u012bns, laktoze, piena prote\u012bns (Lactis proteinum), Bifida fermenta liz\u0101ts, Calendula officinalis ziedu ekstrakts, tokoferols, Arnica montana ziedu ekstrakts, kokojlprolins, kam\u0113lijas recutita ziedu \u016bdens, benzilalkohols, n\u0101trija benzo\u0101ts, k\u0101lija sorb\u0101ts, maltodekstr\u012bns, Hyssopus officinalis ekstrakts, Eugenia caryophyllus (krustnagli\u0146u) ziedu ekstrakts, smar\u017eviela (Parfum), O-cimen-5-ols.<\/p>\n<\/div>\n<p><!-- .vgblk-rw-wrapper --><\/p>\n","protected":false},"excerpt":{"rendered":"<article class=\"text-token-text-primary w-full\" dir=\"auto\" data-testid=\"conversation-turn-92\" data-scroll-anchor=\"true\">\n<div class=\"text-base my-auto mx-auto py-5 [--thread-content-margin:--spacing(4)] @[37rem]:[--thread-content-margin:--spacing(6)] @[72rem]:[--thread-content-margin:--spacing(16)] px-(--thread-content-margin)\">\n<div class=\"[--thread-content-max-width:32rem] @[34rem]:[--thread-content-max-width:40rem] @[64rem]:[--thread-content-max-width:48rem] mx-auto flex max-w-(--thread-content-max-width) flex-1 text-base gap-4 md:gap-5 lg:gap-6 group\/turn-messages focus-visible:outline-hidden\" tabindex=\"-1\">\n<div class=\"group\/conversation-turn relative flex w-full min-w-0 flex-col agent-turn\">\n<div class=\"relative flex-col gap-1 md:gap-3\">\n<div class=\"flex max-w-full flex-col grow\">\n<div class=\"min-h-8 text-message relative flex w-full flex-col items-end gap-2 text-start break-words whitespace-normal [.text-message+&amp;]:mt-5\" dir=\"auto\" data-message-author-role=\"assistant\" data-message-id=\"3d95ec6a-fb18-4f43-a3e7-3886e859e7c2\" data-message-model-slug=\"gpt-4-1-mini\">\n<div class=\"flex w-full flex-col gap-1 empty:hidden first:pt-[3px]\">\n<div class=\"markdown prose dark:prose-invert w-full break-words dark\">\n<p data-start=\"0\" data-end=\"66\" data-is-last-node=\"\" data-is-only-node=\"\">Hlavin Lavilin TOP Pulks dezodorants sportistiem 72 stund\u0101m, 60 ml<\/p>\n<\/div>\n<\/div>\n<\/div>\n<\/div>\n<\/div>\n<\/div>\n<\/div>\n<\/div>\n<\/article>\n","protected":false},"featured_media":283854,"comment_status":"open","ping_status":"closed","template":"","meta":[],"product_brand":[],"product_cat":[699,714,691,677,698,709,676,683,713],"product_tag":[],"giftcard-category":[],"class_list":{"0":"post-998201","1":"product","2":"type-product","3":"status-publish","4":"has-post-thumbnail","6":"product_cat-deodoranti","7":"product_cat-deodoranti-viriesiem-lv","8":"product_cat-hlavin-lv","9":"product_cat-home-body-care-lv","10":"product_cat-kermena-kopsana","11":"product_cat-populari-produkti","12":"product_cat-sale-lv","13":"product_cat-sporta-deodoranti","14":"product_cat-viriesiem","16":"first","17":"instock","18":"taxable","19":"shipping-taxable","20":"purchasable","21":"product-type-simple"},"yoast_head":"<!-- This site is optimized with the Yoast SEO Premium plugin v25.1 (Yoast SEO v25.7) - https:\/\/yoast.com\/wordpress\/plugins\/seo\/ -->\n<title>Hlavin Lavilin TOP Pulks dezodorants sportistiem 72 stund\u0101m Bez alum\u012bnija \/ Bez alkohola \/ Bez parab\u0113niem, 60 ml ~ Dolores<\/title>\n<meta name=\"robots\" content=\"index, follow, max-snippet:-1, max-image-preview:large, max-video-preview:-1\" \/>\n<link rel=\"canonical\" href=\"https:\/\/dolores.ee\/lv\/product\/hlavin-lavilin-top-pulks-dezodorants-sportistiem-72-stundam-bez-aluminija-bez-alkohola-bez-parabeniem-60-ml\/\" \/>\n<meta property=\"og:locale\" content=\"lv_LV\" \/>\n<meta property=\"og:type\" content=\"article\" \/>\n<meta property=\"og:title\" content=\"Hlavin Lavilin TOP Pulks dezodorants sportistiem 72 stund\u0101m Bez alum\u012bnija \/ Bez alkohola \/ Bez parab\u0113niem, 60 ml\" \/>\n<meta property=\"og:description\" content=\"Hlavin Lavilin TOP Pulks dezodorants sportistiem 72 stund\u0101m, 60 ml\" \/>\n<meta property=\"og:url\" content=\"https:\/\/dolores.ee\/lv\/product\/hlavin-lavilin-top-pulks-dezodorants-sportistiem-72-stundam-bez-aluminija-bez-alkohola-bez-parabeniem-60-ml\/\" \/>\n<meta property=\"og:site_name\" content=\"Dolores\" \/>\n<meta property=\"article:publisher\" content=\"https:\/\/www.facebook.com\/doloresepood\/\" \/>\n<meta property=\"article:modified_time\" content=\"2025-08-07T07:31:43+00:00\" \/>\n<meta property=\"og:image\" content=\"https:\/\/dolores.ee\/wp-content\/uploads\/2025\/05\/seo.jpg\" \/>\n\t<meta property=\"og:image:width\" content=\"1200\" \/>\n\t<meta property=\"og:image:height\" content=\"675\" \/>\n\t<meta property=\"og:image:type\" content=\"image\/jpeg\" \/>\n<meta name=\"twitter:card\" content=\"summary_large_image\" \/>\n<meta name=\"twitter:label1\" content=\"Est. reading time\" \/>\n\t<meta name=\"twitter:data1\" content=\"1 minute\" \/>\n<script type=\"application\/ld+json\" class=\"yoast-schema-graph\">{\"@context\":\"https:\/\/schema.org\",\"@graph\":[{\"@type\":\"WebPage\",\"@id\":\"https:\/\/dolores.ee\/lv\/product\/hlavin-lavilin-top-pulks-dezodorants-sportistiem-72-stundam-bez-aluminija-bez-alkohola-bez-parabeniem-60-ml\/\",\"url\":\"https:\/\/dolores.ee\/lv\/product\/hlavin-lavilin-top-pulks-dezodorants-sportistiem-72-stundam-bez-aluminija-bez-alkohola-bez-parabeniem-60-ml\/\",\"name\":\"Hlavin Lavilin TOP Pulks dezodorants sportistiem 72 stund\u0101m Bez alum\u012bnija \/ Bez alkohola \/ Bez parab\u0113niem, 60 ml ~ Dolores\",\"isPartOf\":{\"@id\":\"https:\/\/dolores.ee\/lv\/#website\"},\"primaryImageOfPage\":{\"@id\":\"https:\/\/dolores.ee\/lv\/product\/hlavin-lavilin-top-pulks-dezodorants-sportistiem-72-stundam-bez-aluminija-bez-alkohola-bez-parabeniem-60-ml\/#primaryimage\"},\"image\":{\"@id\":\"https:\/\/dolores.ee\/lv\/product\/hlavin-lavilin-top-pulks-dezodorants-sportistiem-72-stundam-bez-aluminija-bez-alkohola-bez-parabeniem-60-ml\/#primaryimage\"},\"thumbnailUrl\":\"https:\/\/dolores.ee\/wp-content\/uploads\/2020\/11\/TOP-STICK-sport.jpg\",\"datePublished\":\"2020-11-13T11:17:48+00:00\",\"dateModified\":\"2025-08-07T07:31:43+00:00\",\"breadcrumb\":{\"@id\":\"https:\/\/dolores.ee\/lv\/product\/hlavin-lavilin-top-pulks-dezodorants-sportistiem-72-stundam-bez-aluminija-bez-alkohola-bez-parabeniem-60-ml\/#breadcrumb\"},\"inLanguage\":\"lv-LV\",\"potentialAction\":[{\"@type\":\"ReadAction\",\"target\":[\"https:\/\/dolores.ee\/lv\/product\/hlavin-lavilin-top-pulks-dezodorants-sportistiem-72-stundam-bez-aluminija-bez-alkohola-bez-parabeniem-60-ml\/\"]}]},{\"@type\":\"ImageObject\",\"inLanguage\":\"lv-LV\",\"@id\":\"https:\/\/dolores.ee\/lv\/product\/hlavin-lavilin-top-pulks-dezodorants-sportistiem-72-stundam-bez-aluminija-bez-alkohola-bez-parabeniem-60-ml\/#primaryimage\",\"url\":\"https:\/\/dolores.ee\/wp-content\/uploads\/2020\/11\/TOP-STICK-sport.jpg\",\"contentUrl\":\"https:\/\/dolores.ee\/wp-content\/uploads\/2020\/11\/TOP-STICK-sport.jpg\",\"width\":500,\"height\":500},{\"@type\":\"BreadcrumbList\",\"@id\":\"https:\/\/dolores.ee\/lv\/product\/hlavin-lavilin-top-pulks-dezodorants-sportistiem-72-stundam-bez-aluminija-bez-alkohola-bez-parabeniem-60-ml\/#breadcrumb\",\"itemListElement\":[{\"@type\":\"ListItem\",\"position\":1,\"name\":\"Home\",\"item\":\"https:\/\/dolores.ee\/lv\/\"},{\"@type\":\"ListItem\",\"position\":2,\"name\":\"E-veikals\",\"item\":\"https:\/\/dolores.ee\/lv\/e-veikals\/\"},{\"@type\":\"ListItem\",\"position\":3,\"name\":\"Hlavin Lavilin TOP Pulks dezodorants sportistiem 72 stund\u0101m Bez alum\u012bnija \/ Bez alkohola \/ Bez parab\u0113niem, 60 ml\"}]},{\"@type\":\"WebSite\",\"@id\":\"https:\/\/dolores.ee\/lv\/#website\",\"url\":\"https:\/\/dolores.ee\/lv\/\",\"name\":\"Dolores e-pood\",\"description\":\"Beauty Shop\",\"publisher\":{\"@id\":\"https:\/\/dolores.ee\/lv\/#organization\"},\"alternateName\":\"Dolores\",\"potentialAction\":[{\"@type\":\"SearchAction\",\"target\":{\"@type\":\"EntryPoint\",\"urlTemplate\":\"https:\/\/dolores.ee\/lv\/?s={search_term_string}\"},\"query-input\":{\"@type\":\"PropertyValueSpecification\",\"valueRequired\":true,\"valueName\":\"search_term_string\"}}],\"inLanguage\":\"lv-LV\"},{\"@type\":\"Organization\",\"@id\":\"https:\/\/dolores.ee\/lv\/#organization\",\"name\":\"Dolores O\u00dc\",\"alternateName\":\"Dolores e-pood\",\"url\":\"https:\/\/dolores.ee\/lv\/\",\"logo\":{\"@type\":\"ImageObject\",\"inLanguage\":\"lv-LV\",\"@id\":\"https:\/\/dolores.ee\/lv\/#\/schema\/logo\/image\/\",\"url\":\"https:\/\/dolores.ee\/wp-content\/uploads\/2025\/04\/logo-1.jpg\",\"contentUrl\":\"https:\/\/dolores.ee\/wp-content\/uploads\/2025\/04\/logo-1.jpg\",\"width\":1951,\"height\":660,\"caption\":\"Dolores O\u00dc\"},\"image\":{\"@id\":\"https:\/\/dolores.ee\/lv\/#\/schema\/logo\/image\/\"},\"sameAs\":[\"https:\/\/www.facebook.com\/doloresepood\/\"],\"description\":\"Dolores.ee on kaasaegne veebipood, kust leiad tuntud kaubam\u00e4rkide \u2013 GIGI, Anna Lotan, Hikari, Hlavin \u2013 originaalkosmeetikat. Pakume kvaliteetseid hooldustooteid taskukohaste hindadega ja kiire kohaletoimetamisega \u00fcle Eesti. Nahahooldus pole kunagi olnud nii lihtne ja soodne!\",\"email\":\"dolores@dolores.ee\",\"telephone\":\"372 644 2440\",\"legalName\":\"Dolores O\u00dc\",\"foundingDate\":\"1998-02-09\",\"vatID\":\"EE100050280\",\"numberOfEmployees\":{\"@type\":\"QuantitativeValue\",\"minValue\":\"11\",\"maxValue\":\"50\"}}]}<\/script>\n<!-- \/ Yoast SEO Premium plugin. -->","yoast_head_json":{"title":"Hlavin Lavilin TOP Pulks dezodorants sportistiem 72 stund\u0101m Bez alum\u012bnija \/ Bez alkohola \/ Bez parab\u0113niem, 60 ml ~ Dolores","robots":{"index":"index","follow":"follow","max-snippet":"max-snippet:-1","max-image-preview":"max-image-preview:large","max-video-preview":"max-video-preview:-1"},"canonical":"https:\/\/dolores.ee\/lv\/product\/hlavin-lavilin-top-pulks-dezodorants-sportistiem-72-stundam-bez-aluminija-bez-alkohola-bez-parabeniem-60-ml\/","og_locale":"lv_LV","og_type":"article","og_title":"Hlavin Lavilin TOP Pulks dezodorants sportistiem 72 stund\u0101m Bez alum\u012bnija \/ Bez alkohola \/ Bez parab\u0113niem, 60 ml","og_description":"Hlavin Lavilin TOP Pulks dezodorants sportistiem 72 stund\u0101m, 60 ml","og_url":"https:\/\/dolores.ee\/lv\/product\/hlavin-lavilin-top-pulks-dezodorants-sportistiem-72-stundam-bez-aluminija-bez-alkohola-bez-parabeniem-60-ml\/","og_site_name":"Dolores","article_publisher":"https:\/\/www.facebook.com\/doloresepood\/","article_modified_time":"2025-08-07T07:31:43+00:00","og_image":[{"width":1200,"height":675,"url":"https:\/\/dolores.ee\/wp-content\/uploads\/2025\/05\/seo.jpg","type":"image\/jpeg"}],"twitter_card":"summary_large_image","twitter_misc":{"Est. reading time":"1 minute"},"schema":{"@context":"https:\/\/schema.org","@graph":[{"@type":"WebPage","@id":"https:\/\/dolores.ee\/lv\/product\/hlavin-lavilin-top-pulks-dezodorants-sportistiem-72-stundam-bez-aluminija-bez-alkohola-bez-parabeniem-60-ml\/","url":"https:\/\/dolores.ee\/lv\/product\/hlavin-lavilin-top-pulks-dezodorants-sportistiem-72-stundam-bez-aluminija-bez-alkohola-bez-parabeniem-60-ml\/","name":"Hlavin Lavilin TOP Pulks dezodorants sportistiem 72 stund\u0101m Bez alum\u012bnija \/ Bez alkohola \/ Bez parab\u0113niem, 60 ml ~ Dolores","isPartOf":{"@id":"https:\/\/dolores.ee\/lv\/#website"},"primaryImageOfPage":{"@id":"https:\/\/dolores.ee\/lv\/product\/hlavin-lavilin-top-pulks-dezodorants-sportistiem-72-stundam-bez-aluminija-bez-alkohola-bez-parabeniem-60-ml\/#primaryimage"},"image":{"@id":"https:\/\/dolores.ee\/lv\/product\/hlavin-lavilin-top-pulks-dezodorants-sportistiem-72-stundam-bez-aluminija-bez-alkohola-bez-parabeniem-60-ml\/#primaryimage"},"thumbnailUrl":"https:\/\/dolores.ee\/wp-content\/uploads\/2020\/11\/TOP-STICK-sport.jpg","datePublished":"2020-11-13T11:17:48+00:00","dateModified":"2025-08-07T07:31:43+00:00","breadcrumb":{"@id":"https:\/\/dolores.ee\/lv\/product\/hlavin-lavilin-top-pulks-dezodorants-sportistiem-72-stundam-bez-aluminija-bez-alkohola-bez-parabeniem-60-ml\/#breadcrumb"},"inLanguage":"lv-LV","potentialAction":[{"@type":"ReadAction","target":["https:\/\/dolores.ee\/lv\/product\/hlavin-lavilin-top-pulks-dezodorants-sportistiem-72-stundam-bez-aluminija-bez-alkohola-bez-parabeniem-60-ml\/"]}]},{"@type":"ImageObject","inLanguage":"lv-LV","@id":"https:\/\/dolores.ee\/lv\/product\/hlavin-lavilin-top-pulks-dezodorants-sportistiem-72-stundam-bez-aluminija-bez-alkohola-bez-parabeniem-60-ml\/#primaryimage","url":"https:\/\/dolores.ee\/wp-content\/uploads\/2020\/11\/TOP-STICK-sport.jpg","contentUrl":"https:\/\/dolores.ee\/wp-content\/uploads\/2020\/11\/TOP-STICK-sport.jpg","width":500,"height":500},{"@type":"BreadcrumbList","@id":"https:\/\/dolores.ee\/lv\/product\/hlavin-lavilin-top-pulks-dezodorants-sportistiem-72-stundam-bez-aluminija-bez-alkohola-bez-parabeniem-60-ml\/#breadcrumb","itemListElement":[{"@type":"ListItem","position":1,"name":"Home","item":"https:\/\/dolores.ee\/lv\/"},{"@type":"ListItem","position":2,"name":"E-veikals","item":"https:\/\/dolores.ee\/lv\/e-veikals\/"},{"@type":"ListItem","position":3,"name":"Hlavin Lavilin TOP Pulks dezodorants sportistiem 72 stund\u0101m Bez alum\u012bnija \/ Bez alkohola \/ Bez parab\u0113niem, 60 ml"}]},{"@type":"WebSite","@id":"https:\/\/dolores.ee\/lv\/#website","url":"https:\/\/dolores.ee\/lv\/","name":"Dolores e-pood","description":"Beauty Shop","publisher":{"@id":"https:\/\/dolores.ee\/lv\/#organization"},"alternateName":"Dolores","potentialAction":[{"@type":"SearchAction","target":{"@type":"EntryPoint","urlTemplate":"https:\/\/dolores.ee\/lv\/?s={search_term_string}"},"query-input":{"@type":"PropertyValueSpecification","valueRequired":true,"valueName":"search_term_string"}}],"inLanguage":"lv-LV"},{"@type":"Organization","@id":"https:\/\/dolores.ee\/lv\/#organization","name":"Dolores O\u00dc","alternateName":"Dolores e-pood","url":"https:\/\/dolores.ee\/lv\/","logo":{"@type":"ImageObject","inLanguage":"lv-LV","@id":"https:\/\/dolores.ee\/lv\/#\/schema\/logo\/image\/","url":"https:\/\/dolores.ee\/wp-content\/uploads\/2025\/04\/logo-1.jpg","contentUrl":"https:\/\/dolores.ee\/wp-content\/uploads\/2025\/04\/logo-1.jpg","width":1951,"height":660,"caption":"Dolores O\u00dc"},"image":{"@id":"https:\/\/dolores.ee\/lv\/#\/schema\/logo\/image\/"},"sameAs":["https:\/\/www.facebook.com\/doloresepood\/"],"description":"Dolores.ee on kaasaegne veebipood, kust leiad tuntud kaubam\u00e4rkide \u2013 GIGI, Anna Lotan, Hikari, Hlavin \u2013 originaalkosmeetikat. Pakume kvaliteetseid hooldustooteid taskukohaste hindadega ja kiire kohaletoimetamisega \u00fcle Eesti. Nahahooldus pole kunagi olnud nii lihtne ja soodne!","email":"dolores@dolores.ee","telephone":"372 644 2440","legalName":"Dolores O\u00dc","foundingDate":"1998-02-09","vatID":"EE100050280","numberOfEmployees":{"@type":"QuantitativeValue","minValue":"11","maxValue":"50"}}]}},"_links":{"self":[{"href":"https:\/\/dolores.ee\/lv\/wp-json\/wp\/v2\/product\/998201","targetHints":{"allow":["GET"]}}],"collection":[{"href":"https:\/\/dolores.ee\/lv\/wp-json\/wp\/v2\/product"}],"about":[{"href":"https:\/\/dolores.ee\/lv\/wp-json\/wp\/v2\/types\/product"}],"replies":[{"embeddable":true,"href":"https:\/\/dolores.ee\/lv\/wp-json\/wp\/v2\/comments?post=998201"}],"version-history":[{"count":0,"href":"https:\/\/dolores.ee\/lv\/wp-json\/wp\/v2\/product\/998201\/revisions"}],"wp:featuredmedia":[{"embeddable":true,"href":"https:\/\/dolores.ee\/lv\/wp-json\/wp\/v2\/media\/283854"}],"wp:attachment":[{"href":"https:\/\/dolores.ee\/lv\/wp-json\/wp\/v2\/media?parent=998201"}],"wp:term":[{"taxonomy":"product_brand","embeddable":true,"href":"https:\/\/dolores.ee\/lv\/wp-json\/wp\/v2\/product_brand?post=998201"},{"taxonomy":"product_cat","embeddable":true,"href":"https:\/\/dolores.ee\/lv\/wp-json\/wp\/v2\/product_cat?post=998201"},{"taxonomy":"product_tag","embeddable":true,"href":"https:\/\/dolores.ee\/lv\/wp-json\/wp\/v2\/product_tag?post=998201"},{"taxonomy":"giftcard-category","embeddable":true,"href":"https:\/\/dolores.ee\/lv\/wp-json\/wp\/v2\/giftcard-category?post=998201"}],"curies":[{"name":"wp","href":"https:\/\/api.w.org\/{rel}","templated":true}]}}