{"id":998207,"date":"2020-11-13T12:57:35","date_gmt":"2020-11-13T10:57:35","guid":{"rendered":"https:\/\/dolores.ee\/product\/hlavin-lavilin-top-roll-on-dezodorants-sportistiem-72-stundam-bez-aluminija-bez-spirta-bez-parabeniem-80-ml\/"},"modified":"2025-07-01T11:06:17","modified_gmt":"2025-07-01T08:06:17","slug":"hlavin-lavilin-top-roll-on-dezodorants-sportistiem-72-stundam-bez-aluminija-bez-spirta-bez-parabeniem-80-ml","status":"publish","type":"product","link":"https:\/\/dolores.ee\/lv\/product\/hlavin-lavilin-top-roll-on-dezodorants-sportistiem-72-stundam-bez-aluminija-bez-spirta-bez-parabeniem-80-ml\/","title":{"rendered":"Hlavin Lavilin TOP Roll-On dezodorants sportistiem 72 stund\u0101m Bez alum\u012bnija \/ Bez spirta \/ Bez parab\u0113niem 80 ml"},"content":{"rendered":"<div class=\"vgblk-rw-wrapper limit-wrapper\">\n<p data-start=\"117\" data-end=\"556\">Lavilin Roll-on dezodorants atbalsta akt\u012bvu dz\u012bvesveidu, efekt\u012bvi neitraliz\u0113jot nepat\u012bkamas sviedru smakas. Profesion\u0101lu sportistu test\u0113tais roll-on dezodorants neitraliz\u0113 smaku izraiso\u0161\u0101s bakt\u0113rijas jau no s\u0101kuma, neaizsprostojot poras un nekait\u0113jot \u0137erme\u0146a dabiskajai l\u012bdzsvarai. Lavilina unik\u0101lais dezodorants satur augu ekstraktus, kas padara to \u016bdensiztur\u012bgu un nodro\u0161ina maksim\u0101lu aizsardz\u012bbu ar\u012b treni\u0146u, peld\u0113\u0161an\u0101s vai du\u0161as laik\u0101.<\/p>\n<p data-start=\"558\" data-end=\"876\"><strong data-start=\"558\" data-end=\"572\">Lieto\u0161ana:<\/strong><br data-start=\"572\" data-end=\"575\" \/>Lai sasniegtu vislab\u0101ko rezult\u0101tu, lietojiet dezodorantu pirms gul\u0113tie\u0161anas, uzkl\u0101jot to uz t\u012bras, sausas paduses. Nelietot, ja ir \u0101das kairin\u0101jums vai boj\u0101jumi. \u013baujiet piln\u012bb\u0101 no\u017e\u016bt pirms \u0123\u0113rb\u0161an\u0101s. Proced\u016bru atk\u0101rtot nav nepiecie\u0161ams pirms smakas ra\u0161an\u0101s. Optim\u0101ls efekts p\u0113c 5\u20137 lieto\u0161anas reiz\u0113m.<\/p>\n<p data-start=\"878\" data-end=\"1061\"><strong data-start=\"878\" data-end=\"894\">Br\u012bdin\u0101jums!<\/strong> Tikai \u0101r\u012bgai lieto\u0161anai. Izvair\u012bties no dezodoranta nok\u013c\u016b\u0161anas mut\u0113 vai ac\u012bs. Glab\u0101t b\u0113rniem nepieejam\u0101 viet\u0101. Nelietot, ja ir zin\u0101ma jut\u012bba pret k\u0101du no sast\u0101vda\u013c\u0101m.<\/p>\n<p data-start=\"1063\" data-end=\"1603\" data-is-last-node=\"\" data-is-only-node=\"\"><strong data-start=\"1063\" data-end=\"1075\">Sast\u0101vs:<\/strong><br data-start=\"1075\" data-end=\"1078\" \/><em data-start=\"1078\" data-end=\"1603\" data-is-last-node=\"\">Propil\u0113nglikols, \u016bdens (Aqua), dimetilmidazoli\u0146ons, r\u012bsu ciete, n\u0101trija stear\u0101ts, sojas e\u013c\u013ca (Glycine soja), kapriloilglik\u012bns, laktoze, laktozes prote\u012bns, Bifida fermenta liz\u0101ts, kli\u0146\u0123er\u012b\u0161u ekstrakts (Calendula officinalis), tokoferols, arnikas ekstrakts (Arnica montana), kokoylprolins, kumel\u012b\u0161u zied\u016bdens (Chamomilla recutita), benzilspirts, n\u0101trija benzo\u0101ts, k\u0101lija sorb\u0101ts, maltodekstr\u012bns, isopa ekstrakts (Hyssopus officinalis), krustnagli\u0146u ziedu ekstrakts (Eugenia caryophyllus), smar\u017eviela (Parfum), o-c\u012bmens-5-ols.<\/em><\/p>\n<\/div>\n<p><!-- .vgblk-rw-wrapper --><\/p>\n","protected":false},"excerpt":{"rendered":"<p>Hlavin Lavilin TOP Roll-On dezodorants sportam 72 stund\u0101m 80 ml<\/p>\n","protected":false},"featured_media":283832,"comment_status":"open","ping_status":"closed","template":"","meta":[],"product_brand":[],"product_cat":[699,714,691,677,698,709,676,683,713],"product_tag":[],"giftcard-category":[],"class_list":{"0":"post-998207","1":"product","2":"type-product","3":"status-publish","4":"has-post-thumbnail","6":"product_cat-deodoranti","7":"product_cat-deodoranti-viriesiem-lv","8":"product_cat-hlavin-lv","9":"product_cat-home-body-care-lv","10":"product_cat-kermena-kopsana","11":"product_cat-populari-produkti","12":"product_cat-sale-lv","13":"product_cat-sporta-deodoranti","14":"product_cat-viriesiem","16":"first","17":"instock","18":"taxable","19":"shipping-taxable","20":"purchasable","21":"product-type-simple"},"yoast_head":"<!-- This site is optimized with the Yoast SEO Premium plugin v25.1 (Yoast SEO v25.7) - https:\/\/yoast.com\/wordpress\/plugins\/seo\/ -->\n<title>Hlavin Lavilin TOP Roll-On dezodorants sportistiem 72 stund\u0101m Bez alum\u012bnija \/ Bez spirta \/ Bez parab\u0113niem 80 ml ~ Dolores<\/title>\n<meta name=\"robots\" content=\"index, follow, max-snippet:-1, max-image-preview:large, max-video-preview:-1\" \/>\n<link rel=\"canonical\" href=\"https:\/\/dolores.ee\/lv\/product\/hlavin-lavilin-top-roll-on-dezodorants-sportistiem-72-stundam-bez-aluminija-bez-spirta-bez-parabeniem-80-ml\/\" \/>\n<meta property=\"og:locale\" content=\"lv_LV\" \/>\n<meta property=\"og:type\" content=\"article\" \/>\n<meta property=\"og:title\" content=\"Hlavin Lavilin TOP Roll-On dezodorants sportistiem 72 stund\u0101m Bez alum\u012bnija \/ Bez spirta \/ Bez parab\u0113niem 80 ml\" \/>\n<meta property=\"og:description\" content=\"Hlavin Lavilin TOP Roll-On dezodorants sportam 72 stund\u0101m 80 ml\" \/>\n<meta property=\"og:url\" content=\"https:\/\/dolores.ee\/lv\/product\/hlavin-lavilin-top-roll-on-dezodorants-sportistiem-72-stundam-bez-aluminija-bez-spirta-bez-parabeniem-80-ml\/\" \/>\n<meta property=\"og:site_name\" content=\"Dolores\" \/>\n<meta property=\"article:publisher\" content=\"https:\/\/www.facebook.com\/doloresepood\/\" \/>\n<meta property=\"article:modified_time\" content=\"2025-07-01T08:06:17+00:00\" \/>\n<meta property=\"og:image\" content=\"https:\/\/dolores.ee\/wp-content\/uploads\/2025\/05\/seo.jpg\" \/>\n\t<meta property=\"og:image:width\" content=\"1200\" \/>\n\t<meta property=\"og:image:height\" content=\"675\" \/>\n\t<meta property=\"og:image:type\" content=\"image\/jpeg\" \/>\n<meta name=\"twitter:card\" content=\"summary_large_image\" \/>\n<meta name=\"twitter:label1\" content=\"Est. reading time\" \/>\n\t<meta name=\"twitter:data1\" content=\"1 minute\" \/>\n<script type=\"application\/ld+json\" class=\"yoast-schema-graph\">{\"@context\":\"https:\/\/schema.org\",\"@graph\":[{\"@type\":\"WebPage\",\"@id\":\"https:\/\/dolores.ee\/lv\/product\/hlavin-lavilin-top-roll-on-dezodorants-sportistiem-72-stundam-bez-aluminija-bez-spirta-bez-parabeniem-80-ml\/\",\"url\":\"https:\/\/dolores.ee\/lv\/product\/hlavin-lavilin-top-roll-on-dezodorants-sportistiem-72-stundam-bez-aluminija-bez-spirta-bez-parabeniem-80-ml\/\",\"name\":\"Hlavin Lavilin TOP Roll-On dezodorants sportistiem 72 stund\u0101m Bez alum\u012bnija \/ Bez spirta \/ Bez parab\u0113niem 80 ml ~ Dolores\",\"isPartOf\":{\"@id\":\"https:\/\/dolores.ee\/lv\/#website\"},\"primaryImageOfPage\":{\"@id\":\"https:\/\/dolores.ee\/lv\/product\/hlavin-lavilin-top-roll-on-dezodorants-sportistiem-72-stundam-bez-aluminija-bez-spirta-bez-parabeniem-80-ml\/#primaryimage\"},\"image\":{\"@id\":\"https:\/\/dolores.ee\/lv\/product\/hlavin-lavilin-top-roll-on-dezodorants-sportistiem-72-stundam-bez-aluminija-bez-spirta-bez-parabeniem-80-ml\/#primaryimage\"},\"thumbnailUrl\":\"https:\/\/dolores.ee\/wp-content\/uploads\/2020\/11\/TOP-Roll-sport.jpg\",\"datePublished\":\"2020-11-13T10:57:35+00:00\",\"dateModified\":\"2025-07-01T08:06:17+00:00\",\"breadcrumb\":{\"@id\":\"https:\/\/dolores.ee\/lv\/product\/hlavin-lavilin-top-roll-on-dezodorants-sportistiem-72-stundam-bez-aluminija-bez-spirta-bez-parabeniem-80-ml\/#breadcrumb\"},\"inLanguage\":\"lv-LV\",\"potentialAction\":[{\"@type\":\"ReadAction\",\"target\":[\"https:\/\/dolores.ee\/lv\/product\/hlavin-lavilin-top-roll-on-dezodorants-sportistiem-72-stundam-bez-aluminija-bez-spirta-bez-parabeniem-80-ml\/\"]}]},{\"@type\":\"ImageObject\",\"inLanguage\":\"lv-LV\",\"@id\":\"https:\/\/dolores.ee\/lv\/product\/hlavin-lavilin-top-roll-on-dezodorants-sportistiem-72-stundam-bez-aluminija-bez-spirta-bez-parabeniem-80-ml\/#primaryimage\",\"url\":\"https:\/\/dolores.ee\/wp-content\/uploads\/2020\/11\/TOP-Roll-sport.jpg\",\"contentUrl\":\"https:\/\/dolores.ee\/wp-content\/uploads\/2020\/11\/TOP-Roll-sport.jpg\",\"width\":500,\"height\":500},{\"@type\":\"BreadcrumbList\",\"@id\":\"https:\/\/dolores.ee\/lv\/product\/hlavin-lavilin-top-roll-on-dezodorants-sportistiem-72-stundam-bez-aluminija-bez-spirta-bez-parabeniem-80-ml\/#breadcrumb\",\"itemListElement\":[{\"@type\":\"ListItem\",\"position\":1,\"name\":\"Home\",\"item\":\"https:\/\/dolores.ee\/lv\/\"},{\"@type\":\"ListItem\",\"position\":2,\"name\":\"E-veikals\",\"item\":\"https:\/\/dolores.ee\/lv\/e-veikals\/\"},{\"@type\":\"ListItem\",\"position\":3,\"name\":\"Hlavin Lavilin TOP Roll-On dezodorants sportistiem 72 stund\u0101m Bez alum\u012bnija \/ Bez spirta \/ Bez parab\u0113niem 80 ml\"}]},{\"@type\":\"WebSite\",\"@id\":\"https:\/\/dolores.ee\/lv\/#website\",\"url\":\"https:\/\/dolores.ee\/lv\/\",\"name\":\"Dolores e-pood\",\"description\":\"Beauty Shop\",\"publisher\":{\"@id\":\"https:\/\/dolores.ee\/lv\/#organization\"},\"alternateName\":\"Dolores\",\"potentialAction\":[{\"@type\":\"SearchAction\",\"target\":{\"@type\":\"EntryPoint\",\"urlTemplate\":\"https:\/\/dolores.ee\/lv\/?s={search_term_string}\"},\"query-input\":{\"@type\":\"PropertyValueSpecification\",\"valueRequired\":true,\"valueName\":\"search_term_string\"}}],\"inLanguage\":\"lv-LV\"},{\"@type\":\"Organization\",\"@id\":\"https:\/\/dolores.ee\/lv\/#organization\",\"name\":\"Dolores O\u00dc\",\"alternateName\":\"Dolores e-pood\",\"url\":\"https:\/\/dolores.ee\/lv\/\",\"logo\":{\"@type\":\"ImageObject\",\"inLanguage\":\"lv-LV\",\"@id\":\"https:\/\/dolores.ee\/lv\/#\/schema\/logo\/image\/\",\"url\":\"https:\/\/dolores.ee\/wp-content\/uploads\/2025\/04\/logo-1.jpg\",\"contentUrl\":\"https:\/\/dolores.ee\/wp-content\/uploads\/2025\/04\/logo-1.jpg\",\"width\":1951,\"height\":660,\"caption\":\"Dolores O\u00dc\"},\"image\":{\"@id\":\"https:\/\/dolores.ee\/lv\/#\/schema\/logo\/image\/\"},\"sameAs\":[\"https:\/\/www.facebook.com\/doloresepood\/\"],\"description\":\"Dolores.ee on kaasaegne veebipood, kust leiad tuntud kaubam\u00e4rkide \u2013 GIGI, Anna Lotan, Hikari, Hlavin \u2013 originaalkosmeetikat. Pakume kvaliteetseid hooldustooteid taskukohaste hindadega ja kiire kohaletoimetamisega \u00fcle Eesti. Nahahooldus pole kunagi olnud nii lihtne ja soodne!\",\"email\":\"dolores@dolores.ee\",\"telephone\":\"372 644 2440\",\"legalName\":\"Dolores O\u00dc\",\"foundingDate\":\"1998-02-09\",\"vatID\":\"EE100050280\",\"numberOfEmployees\":{\"@type\":\"QuantitativeValue\",\"minValue\":\"11\",\"maxValue\":\"50\"}}]}<\/script>\n<!-- \/ Yoast SEO Premium plugin. -->","yoast_head_json":{"title":"Hlavin Lavilin TOP Roll-On dezodorants sportistiem 72 stund\u0101m Bez alum\u012bnija \/ Bez spirta \/ Bez parab\u0113niem 80 ml ~ Dolores","robots":{"index":"index","follow":"follow","max-snippet":"max-snippet:-1","max-image-preview":"max-image-preview:large","max-video-preview":"max-video-preview:-1"},"canonical":"https:\/\/dolores.ee\/lv\/product\/hlavin-lavilin-top-roll-on-dezodorants-sportistiem-72-stundam-bez-aluminija-bez-spirta-bez-parabeniem-80-ml\/","og_locale":"lv_LV","og_type":"article","og_title":"Hlavin Lavilin TOP Roll-On dezodorants sportistiem 72 stund\u0101m Bez alum\u012bnija \/ Bez spirta \/ Bez parab\u0113niem 80 ml","og_description":"Hlavin Lavilin TOP Roll-On dezodorants sportam 72 stund\u0101m 80 ml","og_url":"https:\/\/dolores.ee\/lv\/product\/hlavin-lavilin-top-roll-on-dezodorants-sportistiem-72-stundam-bez-aluminija-bez-spirta-bez-parabeniem-80-ml\/","og_site_name":"Dolores","article_publisher":"https:\/\/www.facebook.com\/doloresepood\/","article_modified_time":"2025-07-01T08:06:17+00:00","og_image":[{"width":1200,"height":675,"url":"https:\/\/dolores.ee\/wp-content\/uploads\/2025\/05\/seo.jpg","type":"image\/jpeg"}],"twitter_card":"summary_large_image","twitter_misc":{"Est. reading time":"1 minute"},"schema":{"@context":"https:\/\/schema.org","@graph":[{"@type":"WebPage","@id":"https:\/\/dolores.ee\/lv\/product\/hlavin-lavilin-top-roll-on-dezodorants-sportistiem-72-stundam-bez-aluminija-bez-spirta-bez-parabeniem-80-ml\/","url":"https:\/\/dolores.ee\/lv\/product\/hlavin-lavilin-top-roll-on-dezodorants-sportistiem-72-stundam-bez-aluminija-bez-spirta-bez-parabeniem-80-ml\/","name":"Hlavin Lavilin TOP Roll-On dezodorants sportistiem 72 stund\u0101m Bez alum\u012bnija \/ Bez spirta \/ Bez parab\u0113niem 80 ml ~ Dolores","isPartOf":{"@id":"https:\/\/dolores.ee\/lv\/#website"},"primaryImageOfPage":{"@id":"https:\/\/dolores.ee\/lv\/product\/hlavin-lavilin-top-roll-on-dezodorants-sportistiem-72-stundam-bez-aluminija-bez-spirta-bez-parabeniem-80-ml\/#primaryimage"},"image":{"@id":"https:\/\/dolores.ee\/lv\/product\/hlavin-lavilin-top-roll-on-dezodorants-sportistiem-72-stundam-bez-aluminija-bez-spirta-bez-parabeniem-80-ml\/#primaryimage"},"thumbnailUrl":"https:\/\/dolores.ee\/wp-content\/uploads\/2020\/11\/TOP-Roll-sport.jpg","datePublished":"2020-11-13T10:57:35+00:00","dateModified":"2025-07-01T08:06:17+00:00","breadcrumb":{"@id":"https:\/\/dolores.ee\/lv\/product\/hlavin-lavilin-top-roll-on-dezodorants-sportistiem-72-stundam-bez-aluminija-bez-spirta-bez-parabeniem-80-ml\/#breadcrumb"},"inLanguage":"lv-LV","potentialAction":[{"@type":"ReadAction","target":["https:\/\/dolores.ee\/lv\/product\/hlavin-lavilin-top-roll-on-dezodorants-sportistiem-72-stundam-bez-aluminija-bez-spirta-bez-parabeniem-80-ml\/"]}]},{"@type":"ImageObject","inLanguage":"lv-LV","@id":"https:\/\/dolores.ee\/lv\/product\/hlavin-lavilin-top-roll-on-dezodorants-sportistiem-72-stundam-bez-aluminija-bez-spirta-bez-parabeniem-80-ml\/#primaryimage","url":"https:\/\/dolores.ee\/wp-content\/uploads\/2020\/11\/TOP-Roll-sport.jpg","contentUrl":"https:\/\/dolores.ee\/wp-content\/uploads\/2020\/11\/TOP-Roll-sport.jpg","width":500,"height":500},{"@type":"BreadcrumbList","@id":"https:\/\/dolores.ee\/lv\/product\/hlavin-lavilin-top-roll-on-dezodorants-sportistiem-72-stundam-bez-aluminija-bez-spirta-bez-parabeniem-80-ml\/#breadcrumb","itemListElement":[{"@type":"ListItem","position":1,"name":"Home","item":"https:\/\/dolores.ee\/lv\/"},{"@type":"ListItem","position":2,"name":"E-veikals","item":"https:\/\/dolores.ee\/lv\/e-veikals\/"},{"@type":"ListItem","position":3,"name":"Hlavin Lavilin TOP Roll-On dezodorants sportistiem 72 stund\u0101m Bez alum\u012bnija \/ Bez spirta \/ Bez parab\u0113niem 80 ml"}]},{"@type":"WebSite","@id":"https:\/\/dolores.ee\/lv\/#website","url":"https:\/\/dolores.ee\/lv\/","name":"Dolores e-pood","description":"Beauty Shop","publisher":{"@id":"https:\/\/dolores.ee\/lv\/#organization"},"alternateName":"Dolores","potentialAction":[{"@type":"SearchAction","target":{"@type":"EntryPoint","urlTemplate":"https:\/\/dolores.ee\/lv\/?s={search_term_string}"},"query-input":{"@type":"PropertyValueSpecification","valueRequired":true,"valueName":"search_term_string"}}],"inLanguage":"lv-LV"},{"@type":"Organization","@id":"https:\/\/dolores.ee\/lv\/#organization","name":"Dolores O\u00dc","alternateName":"Dolores e-pood","url":"https:\/\/dolores.ee\/lv\/","logo":{"@type":"ImageObject","inLanguage":"lv-LV","@id":"https:\/\/dolores.ee\/lv\/#\/schema\/logo\/image\/","url":"https:\/\/dolores.ee\/wp-content\/uploads\/2025\/04\/logo-1.jpg","contentUrl":"https:\/\/dolores.ee\/wp-content\/uploads\/2025\/04\/logo-1.jpg","width":1951,"height":660,"caption":"Dolores O\u00dc"},"image":{"@id":"https:\/\/dolores.ee\/lv\/#\/schema\/logo\/image\/"},"sameAs":["https:\/\/www.facebook.com\/doloresepood\/"],"description":"Dolores.ee on kaasaegne veebipood, kust leiad tuntud kaubam\u00e4rkide \u2013 GIGI, Anna Lotan, Hikari, Hlavin \u2013 originaalkosmeetikat. Pakume kvaliteetseid hooldustooteid taskukohaste hindadega ja kiire kohaletoimetamisega \u00fcle Eesti. Nahahooldus pole kunagi olnud nii lihtne ja soodne!","email":"dolores@dolores.ee","telephone":"372 644 2440","legalName":"Dolores O\u00dc","foundingDate":"1998-02-09","vatID":"EE100050280","numberOfEmployees":{"@type":"QuantitativeValue","minValue":"11","maxValue":"50"}}]}},"_links":{"self":[{"href":"https:\/\/dolores.ee\/lv\/wp-json\/wp\/v2\/product\/998207","targetHints":{"allow":["GET"]}}],"collection":[{"href":"https:\/\/dolores.ee\/lv\/wp-json\/wp\/v2\/product"}],"about":[{"href":"https:\/\/dolores.ee\/lv\/wp-json\/wp\/v2\/types\/product"}],"replies":[{"embeddable":true,"href":"https:\/\/dolores.ee\/lv\/wp-json\/wp\/v2\/comments?post=998207"}],"version-history":[{"count":0,"href":"https:\/\/dolores.ee\/lv\/wp-json\/wp\/v2\/product\/998207\/revisions"}],"wp:featuredmedia":[{"embeddable":true,"href":"https:\/\/dolores.ee\/lv\/wp-json\/wp\/v2\/media\/283832"}],"wp:attachment":[{"href":"https:\/\/dolores.ee\/lv\/wp-json\/wp\/v2\/media?parent=998207"}],"wp:term":[{"taxonomy":"product_brand","embeddable":true,"href":"https:\/\/dolores.ee\/lv\/wp-json\/wp\/v2\/product_brand?post=998207"},{"taxonomy":"product_cat","embeddable":true,"href":"https:\/\/dolores.ee\/lv\/wp-json\/wp\/v2\/product_cat?post=998207"},{"taxonomy":"product_tag","embeddable":true,"href":"https:\/\/dolores.ee\/lv\/wp-json\/wp\/v2\/product_tag?post=998207"},{"taxonomy":"giftcard-category","embeddable":true,"href":"https:\/\/dolores.ee\/lv\/wp-json\/wp\/v2\/giftcard-category?post=998207"}],"curies":[{"name":"wp","href":"https:\/\/api.w.org\/{rel}","templated":true}]}}