{"id":998208,"date":"2020-11-13T12:48:46","date_gmt":"2020-11-13T10:48:46","guid":{"rendered":"https:\/\/dolores.ee\/product\/hlavin-lavilin-top-roll-on-dezodorants-viriesiem-72-stundam-80-ml\/"},"modified":"2025-07-01T11:06:17","modified_gmt":"2025-07-01T08:06:17","slug":"hlavin-lavilin-top-roll-on-dezodorants-viriesiem-72-stundam-80-ml","status":"publish","type":"product","link":"https:\/\/dolores.ee\/lv\/product\/hlavin-lavilin-top-roll-on-dezodorants-viriesiem-72-stundam-80-ml\/","title":{"rendered":"Hlavin Lavilin TOP Roll-On dezodorants v\u012brie\u0161iem 72 stund\u0101m, 80 ml"},"content":{"rendered":"<div class=\"vgblk-rw-wrapper limit-wrapper\">\n<p data-start=\"72\" data-end=\"509\">Lavilin Roll-on dezodorants piln\u012bb\u0101 atbalsta akt\u012bvu dz\u012bvesveidu, efekt\u012bvi nov\u0113r\u0161ot nepat\u012bkamu sviedru smaku. Sportistu p\u0101rbaud\u012btais roll-on dezodorants neitraliz\u0113 smakas izraiso\u0161\u0101s bakt\u0113rijas jau pa\u0161\u0101 s\u0101kum\u0101, nepasliktinot poru st\u0101vokli un nekait\u0113jot \u0137erme\u0146a dabiskajai l\u012bdzsvarai. Lavilina unik\u0101lais dezodorants satur augu ekstraktus, kas padara to \u016bdensiztur\u012bgu un nodro\u0161ina maksim\u0101lu aizsardz\u012bbu ar\u012b treni\u0146u laik\u0101, peldoties vai du\u0161\u0101.<\/p>\n<p data-start=\"511\" data-end=\"845\"><strong data-start=\"511\" data-end=\"525\">Lieto\u0161ana:<\/strong> Lai ieg\u016btu lab\u0101kos rezult\u0101tus, lietojiet dezodorantu pirms gul\u0113tie\u0161anas, uzkl\u0101jot to uz t\u012bras un sausas paduses \u0101das. Nelietot, ja ir \u0101das kairin\u0101jums vai boj\u0101jumi. \u013baujiet piln\u012bb\u0101 no\u017e\u016bt pirms \u0123\u0113rb\u0161an\u0101s. Nav nepiecie\u0161ams atk\u0101rtot proced\u016bru pirms sviedru smakas par\u0101d\u012b\u0161an\u0101s. Optim\u0101ls rezult\u0101ts p\u0113c 5-7 lieto\u0161anas reiz\u0113m.<\/p>\n<p data-start=\"847\" data-end=\"1033\"><strong data-start=\"847\" data-end=\"863\">Br\u012bdin\u0101jums!<\/strong> Tikai \u0101r\u012bgai lieto\u0161anai. Izvairieties no dezodoranta nok\u013c\u016b\u0161anas mut\u0113 vai ac\u012bs. Glab\u0101t b\u0113rniem nepieejam\u0101 viet\u0101. Nelietot, ja ir zin\u0101ma aler\u0123ija pret k\u0101du no sast\u0101vda\u013c\u0101m.<\/p>\n<p data-start=\"1035\" data-end=\"1520\" data-is-last-node=\"\" data-is-only-node=\"\"><em data-start=\"1035\" data-end=\"1049\">Ingredients:<\/em> <em data-start=\"1050\" data-end=\"1520\" data-is-last-node=\"\">Propyleneglycol, Aqua (Water), Dimethylmidazoliolinone Rice Starch, Sodium Stearate, Glycine Soja (Soybean) Oil, Capryloyl Glycine, Lactose, Lactis proteinum, Bifida Ferment Lysate, Calendula Officinalis Flower Extract, Tocopherol, Arnica Montana Flower Extract, Cocoyl Proline, Chamomilla Recutita Flower Water, Benzyl Alcohol, Sodium Benzoate, Potassium Sorbate, Maltodextrin, Hyssopus Officinalis Extract, Eugenia Caryophyllus Flower Extract, Perfume, O-Cymen-5-Ol.<\/em><\/p>\n<\/div>\n<p><!-- .vgblk-rw-wrapper --><\/p>\n","protected":false},"excerpt":{"rendered":"<p>Hlavin Lavilin TOP Roll-On dezodorants v\u012brie\u0161iem 72 stund\u0101m, 80 ml<\/p>\n","protected":false},"featured_media":283825,"comment_status":"open","ping_status":"closed","template":"","meta":[],"product_brand":[],"product_cat":[699,714,691,677,698,709,676,713],"product_tag":[],"giftcard-category":[],"class_list":{"0":"post-998208","1":"product","2":"type-product","3":"status-publish","4":"has-post-thumbnail","6":"product_cat-deodoranti","7":"product_cat-deodoranti-viriesiem-lv","8":"product_cat-hlavin-lv","9":"product_cat-home-body-care-lv","10":"product_cat-kermena-kopsana","11":"product_cat-populari-produkti","12":"product_cat-sale-lv","13":"product_cat-viriesiem","15":"first","16":"instock","17":"taxable","18":"shipping-taxable","19":"purchasable","20":"product-type-simple"},"yoast_head":"<!-- This site is optimized with the Yoast SEO Premium plugin v25.1 (Yoast SEO v25.7) - https:\/\/yoast.com\/wordpress\/plugins\/seo\/ -->\n<title>Hlavin Lavilin TOP Roll-On dezodorants v\u012brie\u0161iem 72 stund\u0101m, 80 ml ~ Dolores<\/title>\n<meta name=\"robots\" content=\"index, follow, max-snippet:-1, max-image-preview:large, max-video-preview:-1\" \/>\n<link rel=\"canonical\" href=\"https:\/\/dolores.ee\/lv\/product\/hlavin-lavilin-top-roll-on-dezodorants-viriesiem-72-stundam-80-ml\/\" \/>\n<meta property=\"og:locale\" content=\"lv_LV\" \/>\n<meta property=\"og:type\" content=\"article\" \/>\n<meta property=\"og:title\" content=\"Hlavin Lavilin TOP Roll-On dezodorants v\u012brie\u0161iem 72 stund\u0101m, 80 ml\" \/>\n<meta property=\"og:description\" content=\"Hlavin Lavilin TOP Roll-On dezodorants v\u012brie\u0161iem 72 stund\u0101m, 80 ml\" \/>\n<meta property=\"og:url\" content=\"https:\/\/dolores.ee\/lv\/product\/hlavin-lavilin-top-roll-on-dezodorants-viriesiem-72-stundam-80-ml\/\" \/>\n<meta property=\"og:site_name\" content=\"Dolores\" \/>\n<meta property=\"article:publisher\" content=\"https:\/\/www.facebook.com\/doloresepood\/\" \/>\n<meta property=\"article:modified_time\" content=\"2025-07-01T08:06:17+00:00\" \/>\n<meta property=\"og:image\" content=\"https:\/\/dolores.ee\/wp-content\/uploads\/2025\/05\/seo.jpg\" \/>\n\t<meta property=\"og:image:width\" content=\"1200\" \/>\n\t<meta property=\"og:image:height\" content=\"675\" \/>\n\t<meta property=\"og:image:type\" content=\"image\/jpeg\" \/>\n<meta name=\"twitter:card\" content=\"summary_large_image\" \/>\n<meta name=\"twitter:label1\" content=\"Est. reading time\" \/>\n\t<meta name=\"twitter:data1\" content=\"1 minute\" \/>\n<script type=\"application\/ld+json\" class=\"yoast-schema-graph\">{\"@context\":\"https:\/\/schema.org\",\"@graph\":[{\"@type\":\"WebPage\",\"@id\":\"https:\/\/dolores.ee\/lv\/product\/hlavin-lavilin-top-roll-on-dezodorants-viriesiem-72-stundam-80-ml\/\",\"url\":\"https:\/\/dolores.ee\/lv\/product\/hlavin-lavilin-top-roll-on-dezodorants-viriesiem-72-stundam-80-ml\/\",\"name\":\"Hlavin Lavilin TOP Roll-On dezodorants v\u012brie\u0161iem 72 stund\u0101m, 80 ml ~ Dolores\",\"isPartOf\":{\"@id\":\"https:\/\/dolores.ee\/lv\/#website\"},\"primaryImageOfPage\":{\"@id\":\"https:\/\/dolores.ee\/lv\/product\/hlavin-lavilin-top-roll-on-dezodorants-viriesiem-72-stundam-80-ml\/#primaryimage\"},\"image\":{\"@id\":\"https:\/\/dolores.ee\/lv\/product\/hlavin-lavilin-top-roll-on-dezodorants-viriesiem-72-stundam-80-ml\/#primaryimage\"},\"thumbnailUrl\":\"https:\/\/dolores.ee\/wp-content\/uploads\/2020\/11\/TOP-Roll-men.jpg\",\"datePublished\":\"2020-11-13T10:48:46+00:00\",\"dateModified\":\"2025-07-01T08:06:17+00:00\",\"breadcrumb\":{\"@id\":\"https:\/\/dolores.ee\/lv\/product\/hlavin-lavilin-top-roll-on-dezodorants-viriesiem-72-stundam-80-ml\/#breadcrumb\"},\"inLanguage\":\"lv-LV\",\"potentialAction\":[{\"@type\":\"ReadAction\",\"target\":[\"https:\/\/dolores.ee\/lv\/product\/hlavin-lavilin-top-roll-on-dezodorants-viriesiem-72-stundam-80-ml\/\"]}]},{\"@type\":\"ImageObject\",\"inLanguage\":\"lv-LV\",\"@id\":\"https:\/\/dolores.ee\/lv\/product\/hlavin-lavilin-top-roll-on-dezodorants-viriesiem-72-stundam-80-ml\/#primaryimage\",\"url\":\"https:\/\/dolores.ee\/wp-content\/uploads\/2020\/11\/TOP-Roll-men.jpg\",\"contentUrl\":\"https:\/\/dolores.ee\/wp-content\/uploads\/2020\/11\/TOP-Roll-men.jpg\",\"width\":500,\"height\":500},{\"@type\":\"BreadcrumbList\",\"@id\":\"https:\/\/dolores.ee\/lv\/product\/hlavin-lavilin-top-roll-on-dezodorants-viriesiem-72-stundam-80-ml\/#breadcrumb\",\"itemListElement\":[{\"@type\":\"ListItem\",\"position\":1,\"name\":\"Home\",\"item\":\"https:\/\/dolores.ee\/lv\/\"},{\"@type\":\"ListItem\",\"position\":2,\"name\":\"E-veikals\",\"item\":\"https:\/\/dolores.ee\/lv\/e-veikals\/\"},{\"@type\":\"ListItem\",\"position\":3,\"name\":\"Hlavin Lavilin TOP Roll-On dezodorants v\u012brie\u0161iem 72 stund\u0101m, 80 ml\"}]},{\"@type\":\"WebSite\",\"@id\":\"https:\/\/dolores.ee\/lv\/#website\",\"url\":\"https:\/\/dolores.ee\/lv\/\",\"name\":\"Dolores e-pood\",\"description\":\"Beauty Shop\",\"publisher\":{\"@id\":\"https:\/\/dolores.ee\/lv\/#organization\"},\"alternateName\":\"Dolores\",\"potentialAction\":[{\"@type\":\"SearchAction\",\"target\":{\"@type\":\"EntryPoint\",\"urlTemplate\":\"https:\/\/dolores.ee\/lv\/?s={search_term_string}\"},\"query-input\":{\"@type\":\"PropertyValueSpecification\",\"valueRequired\":true,\"valueName\":\"search_term_string\"}}],\"inLanguage\":\"lv-LV\"},{\"@type\":\"Organization\",\"@id\":\"https:\/\/dolores.ee\/lv\/#organization\",\"name\":\"Dolores O\u00dc\",\"alternateName\":\"Dolores e-pood\",\"url\":\"https:\/\/dolores.ee\/lv\/\",\"logo\":{\"@type\":\"ImageObject\",\"inLanguage\":\"lv-LV\",\"@id\":\"https:\/\/dolores.ee\/lv\/#\/schema\/logo\/image\/\",\"url\":\"https:\/\/dolores.ee\/wp-content\/uploads\/2025\/04\/logo-1.jpg\",\"contentUrl\":\"https:\/\/dolores.ee\/wp-content\/uploads\/2025\/04\/logo-1.jpg\",\"width\":1951,\"height\":660,\"caption\":\"Dolores O\u00dc\"},\"image\":{\"@id\":\"https:\/\/dolores.ee\/lv\/#\/schema\/logo\/image\/\"},\"sameAs\":[\"https:\/\/www.facebook.com\/doloresepood\/\"],\"description\":\"Dolores.ee on kaasaegne veebipood, kust leiad tuntud kaubam\u00e4rkide \u2013 GIGI, Anna Lotan, Hikari, Hlavin \u2013 originaalkosmeetikat. Pakume kvaliteetseid hooldustooteid taskukohaste hindadega ja kiire kohaletoimetamisega \u00fcle Eesti. Nahahooldus pole kunagi olnud nii lihtne ja soodne!\",\"email\":\"dolores@dolores.ee\",\"telephone\":\"372 644 2440\",\"legalName\":\"Dolores O\u00dc\",\"foundingDate\":\"1998-02-09\",\"vatID\":\"EE100050280\",\"numberOfEmployees\":{\"@type\":\"QuantitativeValue\",\"minValue\":\"11\",\"maxValue\":\"50\"}}]}<\/script>\n<!-- \/ Yoast SEO Premium plugin. -->","yoast_head_json":{"title":"Hlavin Lavilin TOP Roll-On dezodorants v\u012brie\u0161iem 72 stund\u0101m, 80 ml ~ Dolores","robots":{"index":"index","follow":"follow","max-snippet":"max-snippet:-1","max-image-preview":"max-image-preview:large","max-video-preview":"max-video-preview:-1"},"canonical":"https:\/\/dolores.ee\/lv\/product\/hlavin-lavilin-top-roll-on-dezodorants-viriesiem-72-stundam-80-ml\/","og_locale":"lv_LV","og_type":"article","og_title":"Hlavin Lavilin TOP Roll-On dezodorants v\u012brie\u0161iem 72 stund\u0101m, 80 ml","og_description":"Hlavin Lavilin TOP Roll-On dezodorants v\u012brie\u0161iem 72 stund\u0101m, 80 ml","og_url":"https:\/\/dolores.ee\/lv\/product\/hlavin-lavilin-top-roll-on-dezodorants-viriesiem-72-stundam-80-ml\/","og_site_name":"Dolores","article_publisher":"https:\/\/www.facebook.com\/doloresepood\/","article_modified_time":"2025-07-01T08:06:17+00:00","og_image":[{"width":1200,"height":675,"url":"https:\/\/dolores.ee\/wp-content\/uploads\/2025\/05\/seo.jpg","type":"image\/jpeg"}],"twitter_card":"summary_large_image","twitter_misc":{"Est. reading time":"1 minute"},"schema":{"@context":"https:\/\/schema.org","@graph":[{"@type":"WebPage","@id":"https:\/\/dolores.ee\/lv\/product\/hlavin-lavilin-top-roll-on-dezodorants-viriesiem-72-stundam-80-ml\/","url":"https:\/\/dolores.ee\/lv\/product\/hlavin-lavilin-top-roll-on-dezodorants-viriesiem-72-stundam-80-ml\/","name":"Hlavin Lavilin TOP Roll-On dezodorants v\u012brie\u0161iem 72 stund\u0101m, 80 ml ~ Dolores","isPartOf":{"@id":"https:\/\/dolores.ee\/lv\/#website"},"primaryImageOfPage":{"@id":"https:\/\/dolores.ee\/lv\/product\/hlavin-lavilin-top-roll-on-dezodorants-viriesiem-72-stundam-80-ml\/#primaryimage"},"image":{"@id":"https:\/\/dolores.ee\/lv\/product\/hlavin-lavilin-top-roll-on-dezodorants-viriesiem-72-stundam-80-ml\/#primaryimage"},"thumbnailUrl":"https:\/\/dolores.ee\/wp-content\/uploads\/2020\/11\/TOP-Roll-men.jpg","datePublished":"2020-11-13T10:48:46+00:00","dateModified":"2025-07-01T08:06:17+00:00","breadcrumb":{"@id":"https:\/\/dolores.ee\/lv\/product\/hlavin-lavilin-top-roll-on-dezodorants-viriesiem-72-stundam-80-ml\/#breadcrumb"},"inLanguage":"lv-LV","potentialAction":[{"@type":"ReadAction","target":["https:\/\/dolores.ee\/lv\/product\/hlavin-lavilin-top-roll-on-dezodorants-viriesiem-72-stundam-80-ml\/"]}]},{"@type":"ImageObject","inLanguage":"lv-LV","@id":"https:\/\/dolores.ee\/lv\/product\/hlavin-lavilin-top-roll-on-dezodorants-viriesiem-72-stundam-80-ml\/#primaryimage","url":"https:\/\/dolores.ee\/wp-content\/uploads\/2020\/11\/TOP-Roll-men.jpg","contentUrl":"https:\/\/dolores.ee\/wp-content\/uploads\/2020\/11\/TOP-Roll-men.jpg","width":500,"height":500},{"@type":"BreadcrumbList","@id":"https:\/\/dolores.ee\/lv\/product\/hlavin-lavilin-top-roll-on-dezodorants-viriesiem-72-stundam-80-ml\/#breadcrumb","itemListElement":[{"@type":"ListItem","position":1,"name":"Home","item":"https:\/\/dolores.ee\/lv\/"},{"@type":"ListItem","position":2,"name":"E-veikals","item":"https:\/\/dolores.ee\/lv\/e-veikals\/"},{"@type":"ListItem","position":3,"name":"Hlavin Lavilin TOP Roll-On dezodorants v\u012brie\u0161iem 72 stund\u0101m, 80 ml"}]},{"@type":"WebSite","@id":"https:\/\/dolores.ee\/lv\/#website","url":"https:\/\/dolores.ee\/lv\/","name":"Dolores e-pood","description":"Beauty Shop","publisher":{"@id":"https:\/\/dolores.ee\/lv\/#organization"},"alternateName":"Dolores","potentialAction":[{"@type":"SearchAction","target":{"@type":"EntryPoint","urlTemplate":"https:\/\/dolores.ee\/lv\/?s={search_term_string}"},"query-input":{"@type":"PropertyValueSpecification","valueRequired":true,"valueName":"search_term_string"}}],"inLanguage":"lv-LV"},{"@type":"Organization","@id":"https:\/\/dolores.ee\/lv\/#organization","name":"Dolores O\u00dc","alternateName":"Dolores e-pood","url":"https:\/\/dolores.ee\/lv\/","logo":{"@type":"ImageObject","inLanguage":"lv-LV","@id":"https:\/\/dolores.ee\/lv\/#\/schema\/logo\/image\/","url":"https:\/\/dolores.ee\/wp-content\/uploads\/2025\/04\/logo-1.jpg","contentUrl":"https:\/\/dolores.ee\/wp-content\/uploads\/2025\/04\/logo-1.jpg","width":1951,"height":660,"caption":"Dolores O\u00dc"},"image":{"@id":"https:\/\/dolores.ee\/lv\/#\/schema\/logo\/image\/"},"sameAs":["https:\/\/www.facebook.com\/doloresepood\/"],"description":"Dolores.ee on kaasaegne veebipood, kust leiad tuntud kaubam\u00e4rkide \u2013 GIGI, Anna Lotan, Hikari, Hlavin \u2013 originaalkosmeetikat. Pakume kvaliteetseid hooldustooteid taskukohaste hindadega ja kiire kohaletoimetamisega \u00fcle Eesti. Nahahooldus pole kunagi olnud nii lihtne ja soodne!","email":"dolores@dolores.ee","telephone":"372 644 2440","legalName":"Dolores O\u00dc","foundingDate":"1998-02-09","vatID":"EE100050280","numberOfEmployees":{"@type":"QuantitativeValue","minValue":"11","maxValue":"50"}}]}},"_links":{"self":[{"href":"https:\/\/dolores.ee\/lv\/wp-json\/wp\/v2\/product\/998208","targetHints":{"allow":["GET"]}}],"collection":[{"href":"https:\/\/dolores.ee\/lv\/wp-json\/wp\/v2\/product"}],"about":[{"href":"https:\/\/dolores.ee\/lv\/wp-json\/wp\/v2\/types\/product"}],"replies":[{"embeddable":true,"href":"https:\/\/dolores.ee\/lv\/wp-json\/wp\/v2\/comments?post=998208"}],"version-history":[{"count":0,"href":"https:\/\/dolores.ee\/lv\/wp-json\/wp\/v2\/product\/998208\/revisions"}],"wp:featuredmedia":[{"embeddable":true,"href":"https:\/\/dolores.ee\/lv\/wp-json\/wp\/v2\/media\/283825"}],"wp:attachment":[{"href":"https:\/\/dolores.ee\/lv\/wp-json\/wp\/v2\/media?parent=998208"}],"wp:term":[{"taxonomy":"product_brand","embeddable":true,"href":"https:\/\/dolores.ee\/lv\/wp-json\/wp\/v2\/product_brand?post=998208"},{"taxonomy":"product_cat","embeddable":true,"href":"https:\/\/dolores.ee\/lv\/wp-json\/wp\/v2\/product_cat?post=998208"},{"taxonomy":"product_tag","embeddable":true,"href":"https:\/\/dolores.ee\/lv\/wp-json\/wp\/v2\/product_tag?post=998208"},{"taxonomy":"giftcard-category","embeddable":true,"href":"https:\/\/dolores.ee\/lv\/wp-json\/wp\/v2\/giftcard-category?post=998208"}],"curies":[{"name":"wp","href":"https:\/\/api.w.org\/{rel}","templated":true}]}}