{"id":998210,"date":"2020-11-13T12:27:18","date_gmt":"2020-11-13T10:27:18","guid":{"rendered":"https:\/\/dolores.ee\/product\/hlavin-lavilin-top-sport-krems-dezodorants-kajam-10-ml\/"},"modified":"2025-08-01T01:00:03","modified_gmt":"2025-07-31T22:00:03","slug":"hlavin-lavilin-top-sport-krems-dezodorants-kajam-10-ml","status":"publish","type":"product","link":"https:\/\/dolores.ee\/lv\/product\/hlavin-lavilin-top-sport-krems-dezodorants-kajam-10-ml\/","title":{"rendered":"Hlavin Lavilin TOP SPORT Kr\u0113ms-dezodorants k\u0101j\u0101m 10 ml"},"content":{"rendered":"<div class=\"vgblk-rw-wrapper limit-wrapper\">\n<p data-start=\"62\" data-end=\"170\"><br data-start=\"120\" data-end=\"123\" \/><em data-start=\"123\" data-end=\"170\">Bez alum\u012bnija \/ Bez alkohola \/ Bez parab\u0113niem<\/em><\/p>\n<p data-start=\"172\" data-end=\"548\">Lavilin k\u0101ju kr\u0113ms-dezodorants sniedz izcilu aizsardz\u012bbu, kas darbojas ar\u012b pie \u013coti sp\u0113c\u012bgas smakas un smagiem apst\u0101k\u013ciem. Unik\u0101la formula balst\u012bta uz efekt\u012bviem augu ekstraktiem, kas pal\u012bdz saglab\u0101t \u0101das dabisko l\u012bdzsvaru. \u016adensiztur\u012bgs dezodorants nezaud\u0113 savu iedarb\u012bbu pat peldoties un nodro\u0161ina pat\u012bkamu svaiguma saj\u016btu katru dienu, neatkar\u012bgi no j\u016bsu aktivit\u0101tes l\u012bme\u0146a.<\/p>\n<p data-start=\"550\" data-end=\"1111\"><strong data-start=\"550\" data-end=\"562\">Sast\u0101vs:<\/strong><br data-start=\"562\" data-end=\"565\" \/><em data-start=\"565\" data-end=\"1111\">Ricinus Communis (r\u012bcine\u013c\u013ca), Talks (Cl 77718), Cl 77947 (cinka oks\u012bds), Modific\u0113ts kartupe\u013cu ciete, Hidrogen\u0113ta r\u012bcine\u013c\u013ca, Copernicia Cerifera (karnaubas vasks), Glycine soja (sojas e\u013c\u013ca), Aqua (\u016bdens), Chamomilla Recutita (kumel\u012b\u0161u) ziedu \u016bdens, Ethylhexylglycerin, Triethyl Citrate, Laktoze, Lactic Proteinum (piena prote\u012bns), Bifida fermenta liz\u0101ts, Calendula Officinalis (ne\u013c\u0137u) ziedu ekstrakts, Parfum (smar\u017eviela), Phenoxyethanol, O-Cymen-5-Ol., Benzilspirts, Arnica Montana ziedu ekstrakts, N\u0101trija benzo\u0101ts, Tokoferols, K\u0101lija sorb\u0101ts.<\/em><\/p>\n<\/div>\n<p><!-- .vgblk-rw-wrapper --><\/p>\n","protected":false},"excerpt":{"rendered":"<p>Hlavin Lavilin TOP SPORT Kr\u0113ms-dezodorants k\u0101j\u0101m 10 ml<\/p>\n","protected":false},"featured_media":998211,"comment_status":"open","ping_status":"closed","template":"","meta":[],"product_brand":[],"product_cat":[774,699,682,714,691,677,698,709,702,676,683,713],"product_tag":[],"giftcard-category":[],"class_list":{"0":"post-998210","1":"product","2":"type-product","3":"status-publish","4":"has-post-thumbnail","6":"product_cat-bf2025-lv","7":"product_cat-deodoranti","8":"product_cat-deodoranti-sievietem","9":"product_cat-deodoranti-viriesiem-lv","10":"product_cat-hlavin-lv","11":"product_cat-home-body-care-lv","12":"product_cat-kermena-kopsana","13":"product_cat-populari-produkti","14":"product_cat-rokas-nagi-un-pedas","15":"product_cat-sale-lv","16":"product_cat-sporta-deodoranti","17":"product_cat-viriesiem","19":"first","20":"instock","21":"sale","22":"taxable","23":"shipping-taxable","24":"purchasable","25":"product-type-simple"},"yoast_head":"<!-- This site is optimized with the Yoast SEO Premium plugin v25.1 (Yoast SEO v25.7) - https:\/\/yoast.com\/wordpress\/plugins\/seo\/ -->\n<title>Hlavin Lavilin TOP SPORT Kr\u0113ms-dezodorants k\u0101j\u0101m 10 ml ~ Dolores<\/title>\n<meta name=\"robots\" content=\"index, follow, max-snippet:-1, max-image-preview:large, max-video-preview:-1\" \/>\n<link rel=\"canonical\" href=\"https:\/\/dolores.ee\/lv\/product\/hlavin-lavilin-top-sport-krems-dezodorants-kajam-10-ml\/\" \/>\n<meta property=\"og:locale\" content=\"lv_LV\" \/>\n<meta property=\"og:type\" content=\"article\" \/>\n<meta property=\"og:title\" content=\"Hlavin Lavilin TOP SPORT Kr\u0113ms-dezodorants k\u0101j\u0101m 10 ml\" \/>\n<meta property=\"og:description\" content=\"Hlavin Lavilin TOP SPORT Kr\u0113ms-dezodorants k\u0101j\u0101m 10 ml\" \/>\n<meta property=\"og:url\" content=\"https:\/\/dolores.ee\/lv\/product\/hlavin-lavilin-top-sport-krems-dezodorants-kajam-10-ml\/\" \/>\n<meta property=\"og:site_name\" content=\"Dolores\" \/>\n<meta property=\"article:publisher\" content=\"https:\/\/www.facebook.com\/doloresepood\/\" \/>\n<meta property=\"article:modified_time\" content=\"2025-07-31T22:00:03+00:00\" \/>\n<meta property=\"og:image\" content=\"https:\/\/dolores.ee\/wp-content\/uploads\/2020\/11\/Hlavin-foot-sport.jpg\" \/>\n\t<meta property=\"og:image:width\" content=\"500\" \/>\n\t<meta property=\"og:image:height\" content=\"500\" \/>\n\t<meta property=\"og:image:type\" content=\"image\/jpeg\" \/>\n<meta name=\"twitter:card\" content=\"summary_large_image\" \/>\n<meta name=\"twitter:label1\" content=\"Est. reading time\" \/>\n\t<meta name=\"twitter:data1\" content=\"1 minute\" \/>\n<script type=\"application\/ld+json\" class=\"yoast-schema-graph\">{\"@context\":\"https:\/\/schema.org\",\"@graph\":[{\"@type\":\"WebPage\",\"@id\":\"https:\/\/dolores.ee\/lv\/product\/hlavin-lavilin-top-sport-krems-dezodorants-kajam-10-ml\/\",\"url\":\"https:\/\/dolores.ee\/lv\/product\/hlavin-lavilin-top-sport-krems-dezodorants-kajam-10-ml\/\",\"name\":\"Hlavin Lavilin TOP SPORT Kr\u0113ms-dezodorants k\u0101j\u0101m 10 ml ~ Dolores\",\"isPartOf\":{\"@id\":\"https:\/\/dolores.ee\/lv\/#website\"},\"primaryImageOfPage\":{\"@id\":\"https:\/\/dolores.ee\/lv\/product\/hlavin-lavilin-top-sport-krems-dezodorants-kajam-10-ml\/#primaryimage\"},\"image\":{\"@id\":\"https:\/\/dolores.ee\/lv\/product\/hlavin-lavilin-top-sport-krems-dezodorants-kajam-10-ml\/#primaryimage\"},\"thumbnailUrl\":\"https:\/\/dolores.ee\/wp-content\/uploads\/2020\/11\/Hlavin-foot-sport.jpg\",\"datePublished\":\"2020-11-13T10:27:18+00:00\",\"dateModified\":\"2025-07-31T22:00:03+00:00\",\"breadcrumb\":{\"@id\":\"https:\/\/dolores.ee\/lv\/product\/hlavin-lavilin-top-sport-krems-dezodorants-kajam-10-ml\/#breadcrumb\"},\"inLanguage\":\"lv-LV\",\"potentialAction\":[{\"@type\":\"ReadAction\",\"target\":[\"https:\/\/dolores.ee\/lv\/product\/hlavin-lavilin-top-sport-krems-dezodorants-kajam-10-ml\/\"]}]},{\"@type\":\"ImageObject\",\"inLanguage\":\"lv-LV\",\"@id\":\"https:\/\/dolores.ee\/lv\/product\/hlavin-lavilin-top-sport-krems-dezodorants-kajam-10-ml\/#primaryimage\",\"url\":\"https:\/\/dolores.ee\/wp-content\/uploads\/2020\/11\/Hlavin-foot-sport.jpg\",\"contentUrl\":\"https:\/\/dolores.ee\/wp-content\/uploads\/2020\/11\/Hlavin-foot-sport.jpg\",\"width\":500,\"height\":500},{\"@type\":\"BreadcrumbList\",\"@id\":\"https:\/\/dolores.ee\/lv\/product\/hlavin-lavilin-top-sport-krems-dezodorants-kajam-10-ml\/#breadcrumb\",\"itemListElement\":[{\"@type\":\"ListItem\",\"position\":1,\"name\":\"Home\",\"item\":\"https:\/\/dolores.ee\/lv\/\"},{\"@type\":\"ListItem\",\"position\":2,\"name\":\"E-veikals\",\"item\":\"https:\/\/dolores.ee\/lv\/e-veikals\/\"},{\"@type\":\"ListItem\",\"position\":3,\"name\":\"Hlavin Lavilin TOP SPORT Kr\u0113ms-dezodorants k\u0101j\u0101m 10 ml\"}]},{\"@type\":\"WebSite\",\"@id\":\"https:\/\/dolores.ee\/lv\/#website\",\"url\":\"https:\/\/dolores.ee\/lv\/\",\"name\":\"Dolores e-pood\",\"description\":\"Beauty Shop\",\"publisher\":{\"@id\":\"https:\/\/dolores.ee\/lv\/#organization\"},\"alternateName\":\"Dolores\",\"potentialAction\":[{\"@type\":\"SearchAction\",\"target\":{\"@type\":\"EntryPoint\",\"urlTemplate\":\"https:\/\/dolores.ee\/lv\/?s={search_term_string}\"},\"query-input\":{\"@type\":\"PropertyValueSpecification\",\"valueRequired\":true,\"valueName\":\"search_term_string\"}}],\"inLanguage\":\"lv-LV\"},{\"@type\":\"Organization\",\"@id\":\"https:\/\/dolores.ee\/lv\/#organization\",\"name\":\"Dolores O\u00dc\",\"alternateName\":\"Dolores e-pood\",\"url\":\"https:\/\/dolores.ee\/lv\/\",\"logo\":{\"@type\":\"ImageObject\",\"inLanguage\":\"lv-LV\",\"@id\":\"https:\/\/dolores.ee\/lv\/#\/schema\/logo\/image\/\",\"url\":\"https:\/\/dolores.ee\/wp-content\/uploads\/2025\/04\/logo-1.jpg\",\"contentUrl\":\"https:\/\/dolores.ee\/wp-content\/uploads\/2025\/04\/logo-1.jpg\",\"width\":1951,\"height\":660,\"caption\":\"Dolores O\u00dc\"},\"image\":{\"@id\":\"https:\/\/dolores.ee\/lv\/#\/schema\/logo\/image\/\"},\"sameAs\":[\"https:\/\/www.facebook.com\/doloresepood\/\"],\"description\":\"Dolores.ee on kaasaegne veebipood, kust leiad tuntud kaubam\u00e4rkide \u2013 GIGI, Anna Lotan, Hikari, Hlavin \u2013 originaalkosmeetikat. Pakume kvaliteetseid hooldustooteid taskukohaste hindadega ja kiire kohaletoimetamisega \u00fcle Eesti. Nahahooldus pole kunagi olnud nii lihtne ja soodne!\",\"email\":\"dolores@dolores.ee\",\"telephone\":\"372 644 2440\",\"legalName\":\"Dolores O\u00dc\",\"foundingDate\":\"1998-02-09\",\"vatID\":\"EE100050280\",\"numberOfEmployees\":{\"@type\":\"QuantitativeValue\",\"minValue\":\"11\",\"maxValue\":\"50\"}}]}<\/script>\n<!-- \/ Yoast SEO Premium plugin. -->","yoast_head_json":{"title":"Hlavin Lavilin TOP SPORT Kr\u0113ms-dezodorants k\u0101j\u0101m 10 ml ~ Dolores","robots":{"index":"index","follow":"follow","max-snippet":"max-snippet:-1","max-image-preview":"max-image-preview:large","max-video-preview":"max-video-preview:-1"},"canonical":"https:\/\/dolores.ee\/lv\/product\/hlavin-lavilin-top-sport-krems-dezodorants-kajam-10-ml\/","og_locale":"lv_LV","og_type":"article","og_title":"Hlavin Lavilin TOP SPORT Kr\u0113ms-dezodorants k\u0101j\u0101m 10 ml","og_description":"Hlavin Lavilin TOP SPORT Kr\u0113ms-dezodorants k\u0101j\u0101m 10 ml","og_url":"https:\/\/dolores.ee\/lv\/product\/hlavin-lavilin-top-sport-krems-dezodorants-kajam-10-ml\/","og_site_name":"Dolores","article_publisher":"https:\/\/www.facebook.com\/doloresepood\/","article_modified_time":"2025-07-31T22:00:03+00:00","og_image":[{"width":500,"height":500,"url":"https:\/\/dolores.ee\/wp-content\/uploads\/2020\/11\/Hlavin-foot-sport.jpg","type":"image\/jpeg"}],"twitter_card":"summary_large_image","twitter_misc":{"Est. reading time":"1 minute"},"schema":{"@context":"https:\/\/schema.org","@graph":[{"@type":"WebPage","@id":"https:\/\/dolores.ee\/lv\/product\/hlavin-lavilin-top-sport-krems-dezodorants-kajam-10-ml\/","url":"https:\/\/dolores.ee\/lv\/product\/hlavin-lavilin-top-sport-krems-dezodorants-kajam-10-ml\/","name":"Hlavin Lavilin TOP SPORT Kr\u0113ms-dezodorants k\u0101j\u0101m 10 ml ~ Dolores","isPartOf":{"@id":"https:\/\/dolores.ee\/lv\/#website"},"primaryImageOfPage":{"@id":"https:\/\/dolores.ee\/lv\/product\/hlavin-lavilin-top-sport-krems-dezodorants-kajam-10-ml\/#primaryimage"},"image":{"@id":"https:\/\/dolores.ee\/lv\/product\/hlavin-lavilin-top-sport-krems-dezodorants-kajam-10-ml\/#primaryimage"},"thumbnailUrl":"https:\/\/dolores.ee\/wp-content\/uploads\/2020\/11\/Hlavin-foot-sport.jpg","datePublished":"2020-11-13T10:27:18+00:00","dateModified":"2025-07-31T22:00:03+00:00","breadcrumb":{"@id":"https:\/\/dolores.ee\/lv\/product\/hlavin-lavilin-top-sport-krems-dezodorants-kajam-10-ml\/#breadcrumb"},"inLanguage":"lv-LV","potentialAction":[{"@type":"ReadAction","target":["https:\/\/dolores.ee\/lv\/product\/hlavin-lavilin-top-sport-krems-dezodorants-kajam-10-ml\/"]}]},{"@type":"ImageObject","inLanguage":"lv-LV","@id":"https:\/\/dolores.ee\/lv\/product\/hlavin-lavilin-top-sport-krems-dezodorants-kajam-10-ml\/#primaryimage","url":"https:\/\/dolores.ee\/wp-content\/uploads\/2020\/11\/Hlavin-foot-sport.jpg","contentUrl":"https:\/\/dolores.ee\/wp-content\/uploads\/2020\/11\/Hlavin-foot-sport.jpg","width":500,"height":500},{"@type":"BreadcrumbList","@id":"https:\/\/dolores.ee\/lv\/product\/hlavin-lavilin-top-sport-krems-dezodorants-kajam-10-ml\/#breadcrumb","itemListElement":[{"@type":"ListItem","position":1,"name":"Home","item":"https:\/\/dolores.ee\/lv\/"},{"@type":"ListItem","position":2,"name":"E-veikals","item":"https:\/\/dolores.ee\/lv\/e-veikals\/"},{"@type":"ListItem","position":3,"name":"Hlavin Lavilin TOP SPORT Kr\u0113ms-dezodorants k\u0101j\u0101m 10 ml"}]},{"@type":"WebSite","@id":"https:\/\/dolores.ee\/lv\/#website","url":"https:\/\/dolores.ee\/lv\/","name":"Dolores e-pood","description":"Beauty Shop","publisher":{"@id":"https:\/\/dolores.ee\/lv\/#organization"},"alternateName":"Dolores","potentialAction":[{"@type":"SearchAction","target":{"@type":"EntryPoint","urlTemplate":"https:\/\/dolores.ee\/lv\/?s={search_term_string}"},"query-input":{"@type":"PropertyValueSpecification","valueRequired":true,"valueName":"search_term_string"}}],"inLanguage":"lv-LV"},{"@type":"Organization","@id":"https:\/\/dolores.ee\/lv\/#organization","name":"Dolores O\u00dc","alternateName":"Dolores e-pood","url":"https:\/\/dolores.ee\/lv\/","logo":{"@type":"ImageObject","inLanguage":"lv-LV","@id":"https:\/\/dolores.ee\/lv\/#\/schema\/logo\/image\/","url":"https:\/\/dolores.ee\/wp-content\/uploads\/2025\/04\/logo-1.jpg","contentUrl":"https:\/\/dolores.ee\/wp-content\/uploads\/2025\/04\/logo-1.jpg","width":1951,"height":660,"caption":"Dolores O\u00dc"},"image":{"@id":"https:\/\/dolores.ee\/lv\/#\/schema\/logo\/image\/"},"sameAs":["https:\/\/www.facebook.com\/doloresepood\/"],"description":"Dolores.ee on kaasaegne veebipood, kust leiad tuntud kaubam\u00e4rkide \u2013 GIGI, Anna Lotan, Hikari, Hlavin \u2013 originaalkosmeetikat. Pakume kvaliteetseid hooldustooteid taskukohaste hindadega ja kiire kohaletoimetamisega \u00fcle Eesti. Nahahooldus pole kunagi olnud nii lihtne ja soodne!","email":"dolores@dolores.ee","telephone":"372 644 2440","legalName":"Dolores O\u00dc","foundingDate":"1998-02-09","vatID":"EE100050280","numberOfEmployees":{"@type":"QuantitativeValue","minValue":"11","maxValue":"50"}}]}},"_links":{"self":[{"href":"https:\/\/dolores.ee\/lv\/wp-json\/wp\/v2\/product\/998210","targetHints":{"allow":["GET"]}}],"collection":[{"href":"https:\/\/dolores.ee\/lv\/wp-json\/wp\/v2\/product"}],"about":[{"href":"https:\/\/dolores.ee\/lv\/wp-json\/wp\/v2\/types\/product"}],"replies":[{"embeddable":true,"href":"https:\/\/dolores.ee\/lv\/wp-json\/wp\/v2\/comments?post=998210"}],"version-history":[{"count":0,"href":"https:\/\/dolores.ee\/lv\/wp-json\/wp\/v2\/product\/998210\/revisions"}],"wp:featuredmedia":[{"embeddable":true,"href":"https:\/\/dolores.ee\/lv\/wp-json\/wp\/v2\/media\/998211"}],"wp:attachment":[{"href":"https:\/\/dolores.ee\/lv\/wp-json\/wp\/v2\/media?parent=998210"}],"wp:term":[{"taxonomy":"product_brand","embeddable":true,"href":"https:\/\/dolores.ee\/lv\/wp-json\/wp\/v2\/product_brand?post=998210"},{"taxonomy":"product_cat","embeddable":true,"href":"https:\/\/dolores.ee\/lv\/wp-json\/wp\/v2\/product_cat?post=998210"},{"taxonomy":"product_tag","embeddable":true,"href":"https:\/\/dolores.ee\/lv\/wp-json\/wp\/v2\/product_tag?post=998210"},{"taxonomy":"giftcard-category","embeddable":true,"href":"https:\/\/dolores.ee\/lv\/wp-json\/wp\/v2\/giftcard-category?post=998210"}],"curies":[{"name":"wp","href":"https:\/\/api.w.org\/{rel}","templated":true}]}}