{"id":998219,"date":"2020-08-13T13:01:05","date_gmt":"2020-08-13T10:01:05","guid":{"rendered":"https:\/\/dolores.ee\/product\/hikari-perfect-neck-cream-50ml\/"},"modified":"2025-07-01T11:06:13","modified_gmt":"2025-07-01T08:06:13","slug":"hikari-perfect-neck-cream-50ml","status":"publish","type":"product","link":"https:\/\/dolores.ee\/lv\/product\/hikari-perfect-neck-cream-50ml\/","title":{"rendered":"HIKARI PERFECT NECK CREAM 50ml"},"content":{"rendered":"<div class=\"vgblk-rw-wrapper limit-wrapper\">\n<p data-start=\"81\" data-end=\"265\"><strong data-start=\"81\" data-end=\"128\">PERFECT NECK kr\u0113ms \u2013 73 akt\u012bv\u0101s sast\u0101vda\u013cas<\/strong><br data-start=\"128\" data-end=\"131\" \/>\u013boti efekt\u012bva atjaunojo\u0161a kop\u0161ana kaklam un dekolt\u0113 zonai. Padara \u0101du elast\u012bg\u0101ku, nostiprina to un samazina smalko krunci\u0146u dzi\u013cumu.<\/p>\n<p data-start=\"267\" data-end=\"292\"><strong data-start=\"267\" data-end=\"283\">PERFECT NECK<\/strong> satur:<\/p>\n<ol data-start=\"293\" data-end=\"923\">\n<li data-start=\"293\" data-end=\"365\">\n<p data-start=\"296\" data-end=\"365\"><em data-start=\"296\" data-end=\"310\">Fitoster\u012bnus<\/em> (avokadi\u012bnu un sojadi\u012bnu), kas uzlabo \u0101das elast\u012bbu;<\/p>\n<\/li>\n<li data-start=\"366\" data-end=\"500\">\n<p data-start=\"369\" data-end=\"500\"><em data-start=\"369\" data-end=\"409\">Jaun\u0101k\u0101s paaudzes biomim\u0113tisko pept\u012bdu<\/em>, kuram piem\u012bt DHEA l\u012bdz\u012bga (jeb \u201cjaun\u012bbas hormona\u201d) nostiprino\u0161a un mitrino\u0161a iedarb\u012bba;<\/p>\n<\/li>\n<li data-start=\"501\" data-end=\"584\">\n<p data-start=\"504\" data-end=\"584\"><em data-start=\"504\" data-end=\"539\">Inovat\u012bvus biomim\u0113tiskos pept\u012bdus<\/em>, kas stimul\u0113 kolag\u0113na un elast\u012bna sint\u0113zi;<\/p>\n<\/li>\n<li data-start=\"585\" data-end=\"686\">\n<p data-start=\"588\" data-end=\"686\"><em data-start=\"588\" data-end=\"638\">Akt\u012bv\u0101s sast\u0101vda\u013cas ar kalcija l\u012bdz\u012bgu iedarb\u012bbu<\/em>, kas pal\u012bdz saglab\u0101t \u0101das strukt\u016bras biezumu;<\/p>\n<\/li>\n<li data-start=\"687\" data-end=\"923\">\n<p data-start=\"690\" data-end=\"923\"><em data-start=\"690\" data-end=\"731\">Sp\u0113c\u012bgu mitrino\u0161u un barojo\u0161u kompleksu<\/em>, ko da\u013c\u0113ji nodro\u0161ina ar\u012b <strong data-start=\"757\" data-end=\"768\">kupuasu<\/strong> (Theobroma grandiflora) aug\u013cu ekstrakts no Amazones lietusme\u017eiem \u2013 ilgsto\u0161i mitrina \u0101du un uzlabo t\u0101s elast\u012bbu ar augstu \u016bdens aiztures sp\u0113ju (l\u012bdz 440%).<\/p>\n<\/li>\n<\/ol>\n<p data-start=\"925\" data-end=\"1105\"><strong data-start=\"925\" data-end=\"939\">Lieto\u0161ana:<\/strong> Uzkl\u0101jiet pietiekamu daudzumu kr\u0113ma uz iepriek\u0161 att\u012br\u012btas \u0101das. Viegli iemas\u0113jiet ar pirkstu galiem l\u012bdz piln\u012bgai uzs\u016bk\u0161an\u0101s br\u012bdim. Ieteicams lietot katru vakaru.<\/p>\n<p data-start=\"1107\" data-end=\"1265\"><strong data-start=\"1107\" data-end=\"1123\">Br\u012bdin\u0101jums:<\/strong> Lietot tikai paredz\u0113tajam nol\u016bkam. Nok\u013c\u016bstot ac\u012bs, nekav\u0113joties izskalot ar lielu \u016bdens daudzumu. Tikai \u0101r\u012bgai lieto\u0161anai! Sarg\u0101t no b\u0113rniem.<\/p>\n<\/div>\n<p><!-- .vgblk-rw-wrapper --><\/p>\n","protected":false},"excerpt":{"rendered":"<p>HIKARI PERFECT NECK CREAM 50ml<\/p>\n","protected":false},"featured_media":1002284,"comment_status":"open","ping_status":"closed","template":"","meta":[],"product_brand":[],"product_cat":[774,688,687,720,709,733,676,718],"product_tag":[],"giftcard-category":[],"class_list":{"0":"post-998219","1":"product","2":"type-product","3":"status-publish","4":"has-post-thumbnail","6":"product_cat-bf2025-lv","7":"product_cat-dermis-direct-lv","8":"product_cat-hikari-lv","9":"product_cat-kakla-kopsana","10":"product_cat-populari-produkti","11":"product_cat-retinols","12":"product_cat-sale-lv","13":"product_cat-sejas-kopsana","15":"first","16":"instock","17":"sale","18":"taxable","19":"shipping-taxable","20":"purchasable","21":"product-type-simple"},"yoast_head":"<!-- This site is optimized with the Yoast SEO Premium plugin v25.1 (Yoast SEO v25.7) - https:\/\/yoast.com\/wordpress\/plugins\/seo\/ -->\n<title>HIKARI PERFECT NECK CREAM 50ml ~ Dolores<\/title>\n<meta name=\"robots\" content=\"index, follow, max-snippet:-1, max-image-preview:large, max-video-preview:-1\" \/>\n<link rel=\"canonical\" href=\"https:\/\/dolores.ee\/lv\/product\/hikari-perfect-neck-cream-50ml\/\" \/>\n<meta property=\"og:locale\" content=\"lv_LV\" \/>\n<meta property=\"og:type\" content=\"article\" \/>\n<meta property=\"og:title\" content=\"HIKARI PERFECT NECK CREAM 50ml\" \/>\n<meta property=\"og:description\" content=\"HIKARI PERFECT NECK CREAM 50ml\" \/>\n<meta property=\"og:url\" content=\"https:\/\/dolores.ee\/lv\/product\/hikari-perfect-neck-cream-50ml\/\" \/>\n<meta property=\"og:site_name\" content=\"Dolores\" \/>\n<meta property=\"article:publisher\" content=\"https:\/\/www.facebook.com\/doloresepood\/\" \/>\n<meta property=\"article:modified_time\" content=\"2025-07-01T08:06:13+00:00\" \/>\n<meta property=\"og:image\" content=\"https:\/\/dolores.ee\/wp-content\/uploads\/2025\/05\/seo.jpg\" \/>\n\t<meta property=\"og:image:width\" content=\"1200\" \/>\n\t<meta property=\"og:image:height\" content=\"675\" \/>\n\t<meta property=\"og:image:type\" content=\"image\/jpeg\" \/>\n<meta name=\"twitter:card\" content=\"summary_large_image\" \/>\n<meta name=\"twitter:label1\" content=\"Est. reading time\" \/>\n\t<meta name=\"twitter:data1\" content=\"1 minute\" \/>\n<script type=\"application\/ld+json\" class=\"yoast-schema-graph\">{\"@context\":\"https:\/\/schema.org\",\"@graph\":[{\"@type\":\"WebPage\",\"@id\":\"https:\/\/dolores.ee\/lv\/product\/hikari-perfect-neck-cream-50ml\/\",\"url\":\"https:\/\/dolores.ee\/lv\/product\/hikari-perfect-neck-cream-50ml\/\",\"name\":\"HIKARI PERFECT NECK CREAM 50ml ~ Dolores\",\"isPartOf\":{\"@id\":\"https:\/\/dolores.ee\/lv\/#website\"},\"primaryImageOfPage\":{\"@id\":\"https:\/\/dolores.ee\/lv\/product\/hikari-perfect-neck-cream-50ml\/#primaryimage\"},\"image\":{\"@id\":\"https:\/\/dolores.ee\/lv\/product\/hikari-perfect-neck-cream-50ml\/#primaryimage\"},\"thumbnailUrl\":\"https:\/\/dolores.ee\/wp-content\/uploads\/2020\/08\/perfect_neck_cream-hikari-labs.webp\",\"datePublished\":\"2020-08-13T10:01:05+00:00\",\"dateModified\":\"2025-07-01T08:06:13+00:00\",\"breadcrumb\":{\"@id\":\"https:\/\/dolores.ee\/lv\/product\/hikari-perfect-neck-cream-50ml\/#breadcrumb\"},\"inLanguage\":\"lv-LV\",\"potentialAction\":[{\"@type\":\"ReadAction\",\"target\":[\"https:\/\/dolores.ee\/lv\/product\/hikari-perfect-neck-cream-50ml\/\"]}]},{\"@type\":\"ImageObject\",\"inLanguage\":\"lv-LV\",\"@id\":\"https:\/\/dolores.ee\/lv\/product\/hikari-perfect-neck-cream-50ml\/#primaryimage\",\"url\":\"https:\/\/dolores.ee\/wp-content\/uploads\/2020\/08\/perfect_neck_cream-hikari-labs.webp\",\"contentUrl\":\"https:\/\/dolores.ee\/wp-content\/uploads\/2020\/08\/perfect_neck_cream-hikari-labs.webp\",\"width\":500,\"height\":500},{\"@type\":\"BreadcrumbList\",\"@id\":\"https:\/\/dolores.ee\/lv\/product\/hikari-perfect-neck-cream-50ml\/#breadcrumb\",\"itemListElement\":[{\"@type\":\"ListItem\",\"position\":1,\"name\":\"Home\",\"item\":\"https:\/\/dolores.ee\/lv\/\"},{\"@type\":\"ListItem\",\"position\":2,\"name\":\"E-veikals\",\"item\":\"https:\/\/dolores.ee\/lv\/e-veikals\/\"},{\"@type\":\"ListItem\",\"position\":3,\"name\":\"HIKARI PERFECT NECK CREAM 50ml\"}]},{\"@type\":\"WebSite\",\"@id\":\"https:\/\/dolores.ee\/lv\/#website\",\"url\":\"https:\/\/dolores.ee\/lv\/\",\"name\":\"Dolores e-pood\",\"description\":\"Beauty Shop\",\"publisher\":{\"@id\":\"https:\/\/dolores.ee\/lv\/#organization\"},\"alternateName\":\"Dolores\",\"potentialAction\":[{\"@type\":\"SearchAction\",\"target\":{\"@type\":\"EntryPoint\",\"urlTemplate\":\"https:\/\/dolores.ee\/lv\/?s={search_term_string}\"},\"query-input\":{\"@type\":\"PropertyValueSpecification\",\"valueRequired\":true,\"valueName\":\"search_term_string\"}}],\"inLanguage\":\"lv-LV\"},{\"@type\":\"Organization\",\"@id\":\"https:\/\/dolores.ee\/lv\/#organization\",\"name\":\"Dolores O\u00dc\",\"alternateName\":\"Dolores e-pood\",\"url\":\"https:\/\/dolores.ee\/lv\/\",\"logo\":{\"@type\":\"ImageObject\",\"inLanguage\":\"lv-LV\",\"@id\":\"https:\/\/dolores.ee\/lv\/#\/schema\/logo\/image\/\",\"url\":\"https:\/\/dolores.ee\/wp-content\/uploads\/2025\/04\/logo-1.jpg\",\"contentUrl\":\"https:\/\/dolores.ee\/wp-content\/uploads\/2025\/04\/logo-1.jpg\",\"width\":1951,\"height\":660,\"caption\":\"Dolores O\u00dc\"},\"image\":{\"@id\":\"https:\/\/dolores.ee\/lv\/#\/schema\/logo\/image\/\"},\"sameAs\":[\"https:\/\/www.facebook.com\/doloresepood\/\"],\"description\":\"Dolores.ee on kaasaegne veebipood, kust leiad tuntud kaubam\u00e4rkide \u2013 GIGI, Anna Lotan, Hikari, Hlavin \u2013 originaalkosmeetikat. Pakume kvaliteetseid hooldustooteid taskukohaste hindadega ja kiire kohaletoimetamisega \u00fcle Eesti. Nahahooldus pole kunagi olnud nii lihtne ja soodne!\",\"email\":\"dolores@dolores.ee\",\"telephone\":\"372 644 2440\",\"legalName\":\"Dolores O\u00dc\",\"foundingDate\":\"1998-02-09\",\"vatID\":\"EE100050280\",\"numberOfEmployees\":{\"@type\":\"QuantitativeValue\",\"minValue\":\"11\",\"maxValue\":\"50\"}}]}<\/script>\n<!-- \/ Yoast SEO Premium plugin. -->","yoast_head_json":{"title":"HIKARI PERFECT NECK CREAM 50ml ~ Dolores","robots":{"index":"index","follow":"follow","max-snippet":"max-snippet:-1","max-image-preview":"max-image-preview:large","max-video-preview":"max-video-preview:-1"},"canonical":"https:\/\/dolores.ee\/lv\/product\/hikari-perfect-neck-cream-50ml\/","og_locale":"lv_LV","og_type":"article","og_title":"HIKARI PERFECT NECK CREAM 50ml","og_description":"HIKARI PERFECT NECK CREAM 50ml","og_url":"https:\/\/dolores.ee\/lv\/product\/hikari-perfect-neck-cream-50ml\/","og_site_name":"Dolores","article_publisher":"https:\/\/www.facebook.com\/doloresepood\/","article_modified_time":"2025-07-01T08:06:13+00:00","og_image":[{"width":1200,"height":675,"url":"https:\/\/dolores.ee\/wp-content\/uploads\/2025\/05\/seo.jpg","type":"image\/jpeg"}],"twitter_card":"summary_large_image","twitter_misc":{"Est. reading time":"1 minute"},"schema":{"@context":"https:\/\/schema.org","@graph":[{"@type":"WebPage","@id":"https:\/\/dolores.ee\/lv\/product\/hikari-perfect-neck-cream-50ml\/","url":"https:\/\/dolores.ee\/lv\/product\/hikari-perfect-neck-cream-50ml\/","name":"HIKARI PERFECT NECK CREAM 50ml ~ Dolores","isPartOf":{"@id":"https:\/\/dolores.ee\/lv\/#website"},"primaryImageOfPage":{"@id":"https:\/\/dolores.ee\/lv\/product\/hikari-perfect-neck-cream-50ml\/#primaryimage"},"image":{"@id":"https:\/\/dolores.ee\/lv\/product\/hikari-perfect-neck-cream-50ml\/#primaryimage"},"thumbnailUrl":"https:\/\/dolores.ee\/wp-content\/uploads\/2020\/08\/perfect_neck_cream-hikari-labs.webp","datePublished":"2020-08-13T10:01:05+00:00","dateModified":"2025-07-01T08:06:13+00:00","breadcrumb":{"@id":"https:\/\/dolores.ee\/lv\/product\/hikari-perfect-neck-cream-50ml\/#breadcrumb"},"inLanguage":"lv-LV","potentialAction":[{"@type":"ReadAction","target":["https:\/\/dolores.ee\/lv\/product\/hikari-perfect-neck-cream-50ml\/"]}]},{"@type":"ImageObject","inLanguage":"lv-LV","@id":"https:\/\/dolores.ee\/lv\/product\/hikari-perfect-neck-cream-50ml\/#primaryimage","url":"https:\/\/dolores.ee\/wp-content\/uploads\/2020\/08\/perfect_neck_cream-hikari-labs.webp","contentUrl":"https:\/\/dolores.ee\/wp-content\/uploads\/2020\/08\/perfect_neck_cream-hikari-labs.webp","width":500,"height":500},{"@type":"BreadcrumbList","@id":"https:\/\/dolores.ee\/lv\/product\/hikari-perfect-neck-cream-50ml\/#breadcrumb","itemListElement":[{"@type":"ListItem","position":1,"name":"Home","item":"https:\/\/dolores.ee\/lv\/"},{"@type":"ListItem","position":2,"name":"E-veikals","item":"https:\/\/dolores.ee\/lv\/e-veikals\/"},{"@type":"ListItem","position":3,"name":"HIKARI PERFECT NECK CREAM 50ml"}]},{"@type":"WebSite","@id":"https:\/\/dolores.ee\/lv\/#website","url":"https:\/\/dolores.ee\/lv\/","name":"Dolores e-pood","description":"Beauty Shop","publisher":{"@id":"https:\/\/dolores.ee\/lv\/#organization"},"alternateName":"Dolores","potentialAction":[{"@type":"SearchAction","target":{"@type":"EntryPoint","urlTemplate":"https:\/\/dolores.ee\/lv\/?s={search_term_string}"},"query-input":{"@type":"PropertyValueSpecification","valueRequired":true,"valueName":"search_term_string"}}],"inLanguage":"lv-LV"},{"@type":"Organization","@id":"https:\/\/dolores.ee\/lv\/#organization","name":"Dolores O\u00dc","alternateName":"Dolores e-pood","url":"https:\/\/dolores.ee\/lv\/","logo":{"@type":"ImageObject","inLanguage":"lv-LV","@id":"https:\/\/dolores.ee\/lv\/#\/schema\/logo\/image\/","url":"https:\/\/dolores.ee\/wp-content\/uploads\/2025\/04\/logo-1.jpg","contentUrl":"https:\/\/dolores.ee\/wp-content\/uploads\/2025\/04\/logo-1.jpg","width":1951,"height":660,"caption":"Dolores O\u00dc"},"image":{"@id":"https:\/\/dolores.ee\/lv\/#\/schema\/logo\/image\/"},"sameAs":["https:\/\/www.facebook.com\/doloresepood\/"],"description":"Dolores.ee on kaasaegne veebipood, kust leiad tuntud kaubam\u00e4rkide \u2013 GIGI, Anna Lotan, Hikari, Hlavin \u2013 originaalkosmeetikat. Pakume kvaliteetseid hooldustooteid taskukohaste hindadega ja kiire kohaletoimetamisega \u00fcle Eesti. Nahahooldus pole kunagi olnud nii lihtne ja soodne!","email":"dolores@dolores.ee","telephone":"372 644 2440","legalName":"Dolores O\u00dc","foundingDate":"1998-02-09","vatID":"EE100050280","numberOfEmployees":{"@type":"QuantitativeValue","minValue":"11","maxValue":"50"}}]}},"_links":{"self":[{"href":"https:\/\/dolores.ee\/lv\/wp-json\/wp\/v2\/product\/998219","targetHints":{"allow":["GET"]}}],"collection":[{"href":"https:\/\/dolores.ee\/lv\/wp-json\/wp\/v2\/product"}],"about":[{"href":"https:\/\/dolores.ee\/lv\/wp-json\/wp\/v2\/types\/product"}],"replies":[{"embeddable":true,"href":"https:\/\/dolores.ee\/lv\/wp-json\/wp\/v2\/comments?post=998219"}],"version-history":[{"count":0,"href":"https:\/\/dolores.ee\/lv\/wp-json\/wp\/v2\/product\/998219\/revisions"}],"wp:featuredmedia":[{"embeddable":true,"href":"https:\/\/dolores.ee\/lv\/wp-json\/wp\/v2\/media\/1002284"}],"wp:attachment":[{"href":"https:\/\/dolores.ee\/lv\/wp-json\/wp\/v2\/media?parent=998219"}],"wp:term":[{"taxonomy":"product_brand","embeddable":true,"href":"https:\/\/dolores.ee\/lv\/wp-json\/wp\/v2\/product_brand?post=998219"},{"taxonomy":"product_cat","embeddable":true,"href":"https:\/\/dolores.ee\/lv\/wp-json\/wp\/v2\/product_cat?post=998219"},{"taxonomy":"product_tag","embeddable":true,"href":"https:\/\/dolores.ee\/lv\/wp-json\/wp\/v2\/product_tag?post=998219"},{"taxonomy":"giftcard-category","embeddable":true,"href":"https:\/\/dolores.ee\/lv\/wp-json\/wp\/v2\/giftcard-category?post=998219"}],"curies":[{"name":"wp","href":"https:\/\/api.w.org\/{rel}","templated":true}]}}