{"id":998221,"date":"2020-08-13T13:01:04","date_gmt":"2020-08-13T10:01:04","guid":{"rendered":"https:\/\/dolores.ee\/product\/hikari-sunblock-spf30-60-ml\/"},"modified":"2025-07-01T11:06:13","modified_gmt":"2025-07-01T08:06:13","slug":"hikari-sunblock-spf30-60-ml","status":"publish","type":"product","link":"https:\/\/dolores.ee\/lv\/product\/hikari-sunblock-spf30-60-ml\/","title":{"rendered":"HIKARI SUNBLOCK SPF30 60 ml"},"content":{"rendered":"<div class=\"vgblk-rw-wrapper limit-wrapper\">\n<p data-start=\"69\" data-end=\"417\"><strong data-start=\"69\" data-end=\"147\">Sp\u0113c\u012bgs divi vien\u0101 kr\u0113ms: pretnoveco\u0161an\u0101s efekts un aizsardz\u012bba pret sauli<\/strong><br data-start=\"147\" data-end=\"150\" \/>\u0160im <strong data-start=\"154\" data-end=\"178\">saules aizsargkr\u0113mam<\/strong> ir unik\u0101la \u012bpa\u0161\u012bba \u2013 tas ne tikai pasarg\u0101 \u0101du no saules starojuma rad\u012btajiem boj\u0101jumiem, bet vienlaikus ar\u012b to baro. \u0160\u0101da kombin\u0101cija pal\u012bdz nov\u0113rst pigment\u0101cijas plankumu un krunci\u0146u veido\u0161anos, k\u0101 ar\u012b uzlabo \u0101das maigumu un dz\u012bv\u012bgumu.<\/p>\n<p data-start=\"419\" data-end=\"659\">Efekt\u012bvie filtri blo\u0137\u0113 gan <strong data-start=\"446\" data-end=\"453\">UVB<\/strong>, gan <strong data-start=\"459\" data-end=\"476\">UVA starojumu<\/strong>, un kr\u0113ma sast\u0101vs ir dab\u012bgs \u2013 tas nesatur \u0137\u012bmiskos filtrus vai met\u0101lu oks\u012bdus.<br data-start=\"555\" data-end=\"558\" \/>P\u0113c <strong data-start=\"562\" data-end=\"594\">Lielbrit\u0101nijas Boots Company<\/strong> stingrajiem testiem kr\u0113ms ieguva <strong data-start=\"628\" data-end=\"646\">\u010detru zvaig\u017e\u0146u<\/strong> nov\u0113rt\u0113jumu.<\/p>\n<p data-start=\"661\" data-end=\"855\">Kr\u0113ms satur akt\u012bv\u0101s sast\u0101vda\u013cas, kas:<br data-start=\"698\" data-end=\"701\" \/>\u2013 <strong data-start=\"703\" data-end=\"741\">pal\u0113nina \u0101das noveco\u0161an\u0101s procesus<\/strong>,<br data-start=\"742\" data-end=\"745\" \/>\u2013 <strong data-start=\"747\" data-end=\"808\">bag\u0101tina \u0101du ar draudz\u012bgiem vitam\u012bniem un antioksidantiem<\/strong>,<br data-start=\"809\" data-end=\"812\" \/>\u2013 <strong data-start=\"814\" data-end=\"854\">stimul\u0113 \u0101das atjauno\u0161an\u0101s meh\u0101nismus<\/strong>.<\/p>\n<p data-start=\"857\" data-end=\"1015\"><strong data-start=\"857\" data-end=\"871\">Lieto\u0161ana:<\/strong> Uzkl\u0101jiet bag\u0101t\u012bgu daudzumu kr\u0113ma uz \u0101das <strong data-start=\"914\" data-end=\"937\">15\u201320 min\u016btes pirms<\/strong> saules iedarb\u012bbas. Var lietot <strong data-start=\"968\" data-end=\"992\">p\u0113c \u0101das att\u012br\u012b\u0161anas<\/strong> vai virs dienas kr\u0113ma.<\/p>\n<p data-start=\"1017\" data-end=\"1110\"><strong data-start=\"1017\" data-end=\"1029\">Sast\u0101vs:<\/strong> <em data-start=\"1030\" data-end=\"1110\">(l\u016bdzu, pievienojiet pilnu sast\u0101vda\u013cu sarakstu, ja nepiecie\u0161ams tulkot ar\u012b to)<\/em><\/p>\n<\/div>\n<p><!-- .vgblk-rw-wrapper --><\/p>\n","protected":false},"excerpt":{"rendered":"<p>HIKARI SUNBLOCK SPF 30 30ml<\/p>\n","protected":false},"featured_media":998223,"comment_status":"open","ping_status":"closed","template":"","meta":[],"product_brand":[],"product_cat":[688,725,687,716,676,704,718],"product_tag":[],"giftcard-category":[],"class_list":{"0":"post-998221","1":"product","2":"type-product","3":"status-publish","4":"has-post-thumbnail","6":"product_cat-dermis-direct-lv","7":"product_cat-dienas-krems","8":"product_cat-hikari-lv","9":"product_cat-mitrinosi-produkti","10":"product_cat-sale-lv","11":"product_cat-saules-aizsardziba","12":"product_cat-sejas-kopsana","14":"first","15":"instock","16":"taxable","17":"shipping-taxable","18":"purchasable","19":"product-type-simple"},"yoast_head":"<!-- This site is optimized with the Yoast SEO Premium plugin v25.1 (Yoast SEO v25.7) - https:\/\/yoast.com\/wordpress\/plugins\/seo\/ -->\n<title>HIKARI SUNBLOCK SPF30 60 ml ~ Dolores<\/title>\n<meta name=\"robots\" content=\"index, follow, max-snippet:-1, max-image-preview:large, max-video-preview:-1\" \/>\n<link rel=\"canonical\" href=\"https:\/\/dolores.ee\/lv\/product\/hikari-sunblock-spf30-60-ml\/\" \/>\n<meta property=\"og:locale\" content=\"lv_LV\" \/>\n<meta property=\"og:type\" content=\"article\" \/>\n<meta property=\"og:title\" content=\"HIKARI SUNBLOCK SPF30 60 ml\" \/>\n<meta property=\"og:description\" content=\"HIKARI SUNBLOCK SPF 30 30ml\" \/>\n<meta property=\"og:url\" content=\"https:\/\/dolores.ee\/lv\/product\/hikari-sunblock-spf30-60-ml\/\" \/>\n<meta property=\"og:site_name\" content=\"Dolores\" \/>\n<meta property=\"article:publisher\" content=\"https:\/\/www.facebook.com\/doloresepood\/\" \/>\n<meta property=\"article:modified_time\" content=\"2025-07-01T08:06:13+00:00\" \/>\n<meta property=\"og:image\" content=\"https:\/\/dolores.ee\/wp-content\/uploads\/2020\/08\/spf30.jpg\" \/>\n\t<meta property=\"og:image:width\" content=\"1087\" \/>\n\t<meta property=\"og:image:height\" content=\"1600\" \/>\n\t<meta property=\"og:image:type\" content=\"image\/jpeg\" \/>\n<meta name=\"twitter:card\" content=\"summary_large_image\" \/>\n<meta name=\"twitter:label1\" content=\"Est. reading time\" \/>\n\t<meta name=\"twitter:data1\" content=\"1 minute\" \/>\n<script type=\"application\/ld+json\" class=\"yoast-schema-graph\">{\"@context\":\"https:\/\/schema.org\",\"@graph\":[{\"@type\":\"WebPage\",\"@id\":\"https:\/\/dolores.ee\/lv\/product\/hikari-sunblock-spf30-60-ml\/\",\"url\":\"https:\/\/dolores.ee\/lv\/product\/hikari-sunblock-spf30-60-ml\/\",\"name\":\"HIKARI SUNBLOCK SPF30 60 ml ~ Dolores\",\"isPartOf\":{\"@id\":\"https:\/\/dolores.ee\/lv\/#website\"},\"primaryImageOfPage\":{\"@id\":\"https:\/\/dolores.ee\/lv\/product\/hikari-sunblock-spf30-60-ml\/#primaryimage\"},\"image\":{\"@id\":\"https:\/\/dolores.ee\/lv\/product\/hikari-sunblock-spf30-60-ml\/#primaryimage\"},\"thumbnailUrl\":\"https:\/\/dolores.ee\/wp-content\/uploads\/2020\/08\/spf30.jpg\",\"datePublished\":\"2020-08-13T10:01:04+00:00\",\"dateModified\":\"2025-07-01T08:06:13+00:00\",\"breadcrumb\":{\"@id\":\"https:\/\/dolores.ee\/lv\/product\/hikari-sunblock-spf30-60-ml\/#breadcrumb\"},\"inLanguage\":\"lv-LV\",\"potentialAction\":[{\"@type\":\"ReadAction\",\"target\":[\"https:\/\/dolores.ee\/lv\/product\/hikari-sunblock-spf30-60-ml\/\"]}]},{\"@type\":\"ImageObject\",\"inLanguage\":\"lv-LV\",\"@id\":\"https:\/\/dolores.ee\/lv\/product\/hikari-sunblock-spf30-60-ml\/#primaryimage\",\"url\":\"https:\/\/dolores.ee\/wp-content\/uploads\/2020\/08\/spf30.jpg\",\"contentUrl\":\"https:\/\/dolores.ee\/wp-content\/uploads\/2020\/08\/spf30.jpg\",\"width\":1087,\"height\":1600},{\"@type\":\"BreadcrumbList\",\"@id\":\"https:\/\/dolores.ee\/lv\/product\/hikari-sunblock-spf30-60-ml\/#breadcrumb\",\"itemListElement\":[{\"@type\":\"ListItem\",\"position\":1,\"name\":\"Home\",\"item\":\"https:\/\/dolores.ee\/lv\/\"},{\"@type\":\"ListItem\",\"position\":2,\"name\":\"E-veikals\",\"item\":\"https:\/\/dolores.ee\/lv\/e-veikals\/\"},{\"@type\":\"ListItem\",\"position\":3,\"name\":\"HIKARI SUNBLOCK SPF30 60 ml\"}]},{\"@type\":\"WebSite\",\"@id\":\"https:\/\/dolores.ee\/lv\/#website\",\"url\":\"https:\/\/dolores.ee\/lv\/\",\"name\":\"Dolores e-pood\",\"description\":\"Beauty Shop\",\"publisher\":{\"@id\":\"https:\/\/dolores.ee\/lv\/#organization\"},\"alternateName\":\"Dolores\",\"potentialAction\":[{\"@type\":\"SearchAction\",\"target\":{\"@type\":\"EntryPoint\",\"urlTemplate\":\"https:\/\/dolores.ee\/lv\/?s={search_term_string}\"},\"query-input\":{\"@type\":\"PropertyValueSpecification\",\"valueRequired\":true,\"valueName\":\"search_term_string\"}}],\"inLanguage\":\"lv-LV\"},{\"@type\":\"Organization\",\"@id\":\"https:\/\/dolores.ee\/lv\/#organization\",\"name\":\"Dolores O\u00dc\",\"alternateName\":\"Dolores e-pood\",\"url\":\"https:\/\/dolores.ee\/lv\/\",\"logo\":{\"@type\":\"ImageObject\",\"inLanguage\":\"lv-LV\",\"@id\":\"https:\/\/dolores.ee\/lv\/#\/schema\/logo\/image\/\",\"url\":\"https:\/\/dolores.ee\/wp-content\/uploads\/2025\/04\/logo-1.jpg\",\"contentUrl\":\"https:\/\/dolores.ee\/wp-content\/uploads\/2025\/04\/logo-1.jpg\",\"width\":1951,\"height\":660,\"caption\":\"Dolores O\u00dc\"},\"image\":{\"@id\":\"https:\/\/dolores.ee\/lv\/#\/schema\/logo\/image\/\"},\"sameAs\":[\"https:\/\/www.facebook.com\/doloresepood\/\"],\"description\":\"Dolores.ee on kaasaegne veebipood, kust leiad tuntud kaubam\u00e4rkide \u2013 GIGI, Anna Lotan, Hikari, Hlavin \u2013 originaalkosmeetikat. Pakume kvaliteetseid hooldustooteid taskukohaste hindadega ja kiire kohaletoimetamisega \u00fcle Eesti. Nahahooldus pole kunagi olnud nii lihtne ja soodne!\",\"email\":\"dolores@dolores.ee\",\"telephone\":\"372 644 2440\",\"legalName\":\"Dolores O\u00dc\",\"foundingDate\":\"1998-02-09\",\"vatID\":\"EE100050280\",\"numberOfEmployees\":{\"@type\":\"QuantitativeValue\",\"minValue\":\"11\",\"maxValue\":\"50\"}}]}<\/script>\n<!-- \/ Yoast SEO Premium plugin. -->","yoast_head_json":{"title":"HIKARI SUNBLOCK SPF30 60 ml ~ Dolores","robots":{"index":"index","follow":"follow","max-snippet":"max-snippet:-1","max-image-preview":"max-image-preview:large","max-video-preview":"max-video-preview:-1"},"canonical":"https:\/\/dolores.ee\/lv\/product\/hikari-sunblock-spf30-60-ml\/","og_locale":"lv_LV","og_type":"article","og_title":"HIKARI SUNBLOCK SPF30 60 ml","og_description":"HIKARI SUNBLOCK SPF 30 30ml","og_url":"https:\/\/dolores.ee\/lv\/product\/hikari-sunblock-spf30-60-ml\/","og_site_name":"Dolores","article_publisher":"https:\/\/www.facebook.com\/doloresepood\/","article_modified_time":"2025-07-01T08:06:13+00:00","og_image":[{"width":1087,"height":1600,"url":"https:\/\/dolores.ee\/wp-content\/uploads\/2020\/08\/spf30.jpg","type":"image\/jpeg"}],"twitter_card":"summary_large_image","twitter_misc":{"Est. reading time":"1 minute"},"schema":{"@context":"https:\/\/schema.org","@graph":[{"@type":"WebPage","@id":"https:\/\/dolores.ee\/lv\/product\/hikari-sunblock-spf30-60-ml\/","url":"https:\/\/dolores.ee\/lv\/product\/hikari-sunblock-spf30-60-ml\/","name":"HIKARI SUNBLOCK SPF30 60 ml ~ Dolores","isPartOf":{"@id":"https:\/\/dolores.ee\/lv\/#website"},"primaryImageOfPage":{"@id":"https:\/\/dolores.ee\/lv\/product\/hikari-sunblock-spf30-60-ml\/#primaryimage"},"image":{"@id":"https:\/\/dolores.ee\/lv\/product\/hikari-sunblock-spf30-60-ml\/#primaryimage"},"thumbnailUrl":"https:\/\/dolores.ee\/wp-content\/uploads\/2020\/08\/spf30.jpg","datePublished":"2020-08-13T10:01:04+00:00","dateModified":"2025-07-01T08:06:13+00:00","breadcrumb":{"@id":"https:\/\/dolores.ee\/lv\/product\/hikari-sunblock-spf30-60-ml\/#breadcrumb"},"inLanguage":"lv-LV","potentialAction":[{"@type":"ReadAction","target":["https:\/\/dolores.ee\/lv\/product\/hikari-sunblock-spf30-60-ml\/"]}]},{"@type":"ImageObject","inLanguage":"lv-LV","@id":"https:\/\/dolores.ee\/lv\/product\/hikari-sunblock-spf30-60-ml\/#primaryimage","url":"https:\/\/dolores.ee\/wp-content\/uploads\/2020\/08\/spf30.jpg","contentUrl":"https:\/\/dolores.ee\/wp-content\/uploads\/2020\/08\/spf30.jpg","width":1087,"height":1600},{"@type":"BreadcrumbList","@id":"https:\/\/dolores.ee\/lv\/product\/hikari-sunblock-spf30-60-ml\/#breadcrumb","itemListElement":[{"@type":"ListItem","position":1,"name":"Home","item":"https:\/\/dolores.ee\/lv\/"},{"@type":"ListItem","position":2,"name":"E-veikals","item":"https:\/\/dolores.ee\/lv\/e-veikals\/"},{"@type":"ListItem","position":3,"name":"HIKARI SUNBLOCK SPF30 60 ml"}]},{"@type":"WebSite","@id":"https:\/\/dolores.ee\/lv\/#website","url":"https:\/\/dolores.ee\/lv\/","name":"Dolores e-pood","description":"Beauty Shop","publisher":{"@id":"https:\/\/dolores.ee\/lv\/#organization"},"alternateName":"Dolores","potentialAction":[{"@type":"SearchAction","target":{"@type":"EntryPoint","urlTemplate":"https:\/\/dolores.ee\/lv\/?s={search_term_string}"},"query-input":{"@type":"PropertyValueSpecification","valueRequired":true,"valueName":"search_term_string"}}],"inLanguage":"lv-LV"},{"@type":"Organization","@id":"https:\/\/dolores.ee\/lv\/#organization","name":"Dolores O\u00dc","alternateName":"Dolores e-pood","url":"https:\/\/dolores.ee\/lv\/","logo":{"@type":"ImageObject","inLanguage":"lv-LV","@id":"https:\/\/dolores.ee\/lv\/#\/schema\/logo\/image\/","url":"https:\/\/dolores.ee\/wp-content\/uploads\/2025\/04\/logo-1.jpg","contentUrl":"https:\/\/dolores.ee\/wp-content\/uploads\/2025\/04\/logo-1.jpg","width":1951,"height":660,"caption":"Dolores O\u00dc"},"image":{"@id":"https:\/\/dolores.ee\/lv\/#\/schema\/logo\/image\/"},"sameAs":["https:\/\/www.facebook.com\/doloresepood\/"],"description":"Dolores.ee on kaasaegne veebipood, kust leiad tuntud kaubam\u00e4rkide \u2013 GIGI, Anna Lotan, Hikari, Hlavin \u2013 originaalkosmeetikat. Pakume kvaliteetseid hooldustooteid taskukohaste hindadega ja kiire kohaletoimetamisega \u00fcle Eesti. Nahahooldus pole kunagi olnud nii lihtne ja soodne!","email":"dolores@dolores.ee","telephone":"372 644 2440","legalName":"Dolores O\u00dc","foundingDate":"1998-02-09","vatID":"EE100050280","numberOfEmployees":{"@type":"QuantitativeValue","minValue":"11","maxValue":"50"}}]}},"_links":{"self":[{"href":"https:\/\/dolores.ee\/lv\/wp-json\/wp\/v2\/product\/998221","targetHints":{"allow":["GET"]}}],"collection":[{"href":"https:\/\/dolores.ee\/lv\/wp-json\/wp\/v2\/product"}],"about":[{"href":"https:\/\/dolores.ee\/lv\/wp-json\/wp\/v2\/types\/product"}],"replies":[{"embeddable":true,"href":"https:\/\/dolores.ee\/lv\/wp-json\/wp\/v2\/comments?post=998221"}],"version-history":[{"count":0,"href":"https:\/\/dolores.ee\/lv\/wp-json\/wp\/v2\/product\/998221\/revisions"}],"wp:featuredmedia":[{"embeddable":true,"href":"https:\/\/dolores.ee\/lv\/wp-json\/wp\/v2\/media\/998223"}],"wp:attachment":[{"href":"https:\/\/dolores.ee\/lv\/wp-json\/wp\/v2\/media?parent=998221"}],"wp:term":[{"taxonomy":"product_brand","embeddable":true,"href":"https:\/\/dolores.ee\/lv\/wp-json\/wp\/v2\/product_brand?post=998221"},{"taxonomy":"product_cat","embeddable":true,"href":"https:\/\/dolores.ee\/lv\/wp-json\/wp\/v2\/product_cat?post=998221"},{"taxonomy":"product_tag","embeddable":true,"href":"https:\/\/dolores.ee\/lv\/wp-json\/wp\/v2\/product_tag?post=998221"},{"taxonomy":"giftcard-category","embeddable":true,"href":"https:\/\/dolores.ee\/lv\/wp-json\/wp\/v2\/giftcard-category?post=998221"}],"curies":[{"name":"wp","href":"https:\/\/api.w.org\/{rel}","templated":true}]}}