{"id":998225,"date":"2020-08-13T13:01:00","date_gmt":"2020-08-13T10:01:00","guid":{"rendered":"https:\/\/dolores.ee\/product\/hikari-time-travel-cream-mix-oily-skin-50-ml\/"},"modified":"2025-07-01T11:06:13","modified_gmt":"2025-07-01T08:06:13","slug":"hikari-time-travel-cream-mix-oily-skin-50-ml","status":"publish","type":"product","link":"https:\/\/dolores.ee\/lv\/product\/hikari-time-travel-cream-mix-oily-skin-50-ml\/","title":{"rendered":"HIKARI TIME TRAVEL Cream (mix\/oily skin) 50 ml"},"content":{"rendered":"<div class=\"vgblk-rw-wrapper limit-wrapper\">\n<p data-start=\"147\" data-end=\"193\"><strong data-start=\"147\" data-end=\"193\">TIME TRAVEL kr\u0113ms \u2013 84 akt\u012bv\u0101s sast\u0101vda\u013cas<\/strong><\/p>\n<p data-start=\"195\" data-end=\"622\">Inovat\u012bvs <strong data-start=\"205\" data-end=\"232\">pretgrumbu dienas kr\u0113ms<\/strong>, kas satur v\u0113rt\u012bgo akt\u012bvo vielu <strong data-start=\"265\" data-end=\"299\">GGP (geranil-geranilpropanols)<\/strong>, kura <strong data-start=\"306\" data-end=\"338\">pal\u0113nina noveco\u0161an\u0101s procesu<\/strong>, paildzinot \u0161\u016bnu dz\u012bves ciklu un pal\u012bdzot <strong data-start=\"381\" data-end=\"409\">saglab\u0101t telom\u0113ru garumu<\/strong>.<br data-start=\"410\" data-end=\"413\" \/>Kr\u0113ms ir bag\u0101tin\u0101ts ar <strong data-start=\"436\" data-end=\"480\">jaun\u0101s paaudzes biomim\u0113tiskiem pept\u012bdiem<\/strong>, kas <strong data-start=\"486\" data-end=\"526\">stimul\u0113 kolag\u0113na un elast\u012bna sint\u0113zi<\/strong>, t\u0101d\u0113j\u0101di <strong data-start=\"537\" data-end=\"579\">uzlabo \u0101das tvirtumu, samazina grumbas<\/strong> un pal\u012bdz saglab\u0101t <strong data-start=\"599\" data-end=\"621\">jaunekl\u012bgu izskatu<\/strong>.<\/p>\n<p data-start=\"624\" data-end=\"645\">T\u0101pat produkts satur:<\/p>\n<ul data-start=\"646\" data-end=\"850\">\n<li data-start=\"646\" data-end=\"690\">\n<p data-start=\"648\" data-end=\"690\"><strong data-start=\"648\" data-end=\"665\">Fitoskval\u0101nus<\/strong> (avokad\u012bnu, sojad\u012bnu),<\/p>\n<\/li>\n<li data-start=\"691\" data-end=\"713\">\n<p data-start=\"693\" data-end=\"713\"><strong data-start=\"693\" data-end=\"710\">Hialuronsk\u0101bi<\/strong>,<\/p>\n<\/li>\n<li data-start=\"714\" data-end=\"740\">\n<p data-start=\"716\" data-end=\"740\">Vitam\u012bnus <strong data-start=\"726\" data-end=\"737\">A, C, E<\/strong>,<\/p>\n<\/li>\n<li data-start=\"741\" data-end=\"850\">\n<p data-start=\"743\" data-end=\"850\">Sp\u0113c\u012bgus antioksidantus \u2013 <strong data-start=\"769\" data-end=\"785\">koenz\u012bmu Q10<\/strong> un <strong data-start=\"789\" data-end=\"805\">resveratrolu<\/strong>,<br data-start=\"806\" data-end=\"809\" \/>kas <strong data-start=\"813\" data-end=\"849\">mitrina, aizsarg\u0101 un atjauno \u0101du<\/strong>.<\/p>\n<\/li>\n<\/ul>\n<p data-start=\"852\" data-end=\"1059\"><strong data-start=\"852\" data-end=\"866\">Lieto\u0161ana:<\/strong> Uzkl\u0101jiet kr\u0113mu uz <strong data-start=\"886\" data-end=\"913\">iepriek\u0161 att\u012br\u012btas \u0101das<\/strong> no r\u012bta un vakar\u0101. <strong data-start=\"933\" data-end=\"988\">Iemas\u0113jiet ar viegliem pirkstu gali\u0146u piesk\u0101rieniem<\/strong>, l\u012bdz kr\u0113ms piln\u012bb\u0101 ies\u016bcas. Piem\u0113rots ar\u012b <strong data-start=\"1032\" data-end=\"1058\">kakla un dekolt\u0113 zonai<\/strong>.<\/p>\n<p data-start=\"1061\" data-end=\"1244\"><strong data-start=\"1061\" data-end=\"1077\">Br\u012bdin\u0101jums:<\/strong> Izmantojiet kr\u0113mu <strong data-start=\"1096\" data-end=\"1126\">tikai paredz\u0113tajam nol\u016bkam<\/strong>. Saskar\u0113 ar ac\u012bm \u2013 <strong data-start=\"1146\" data-end=\"1195\">nekav\u0113joties izskalot ar lielu \u016bdens daudzumu<\/strong>. <strong data-start=\"1197\" data-end=\"1224\">Tikai \u0101r\u012bgai lieto\u0161anai<\/strong>. Sarg\u0101t no b\u0113rniem.<\/p>\n<p data-start=\"1246\" data-end=\"1323\"><strong data-start=\"1246\" data-end=\"1258\">Sast\u0101vs:<\/strong><\/p>\n<\/div>\n<p><!-- .vgblk-rw-wrapper --><\/p>\n","protected":false},"excerpt":{"rendered":"<p>HIKARI TIME TRAVEL Cream (mix\/oily skin) 50 ml<\/p>\n","protected":false},"featured_media":343800,"comment_status":"open","ping_status":"closed","template":"","meta":[],"product_brand":[],"product_cat":[774,688,725,687,730,733,676],"product_tag":[],"giftcard-category":[],"class_list":{"0":"post-998225","1":"product","2":"type-product","3":"status-publish","4":"has-post-thumbnail","6":"product_cat-bf2025-lv","7":"product_cat-dermis-direct-lv","8":"product_cat-dienas-krems","9":"product_cat-hikari-lv","10":"product_cat-nakts-krems","11":"product_cat-retinols","12":"product_cat-sale-lv","14":"first","15":"instock","16":"taxable","17":"shipping-taxable","18":"purchasable","19":"product-type-simple"},"yoast_head":"<!-- This site is optimized with the Yoast SEO Premium plugin v25.1 (Yoast SEO v25.7) - https:\/\/yoast.com\/wordpress\/plugins\/seo\/ -->\n<title>HIKARI TIME TRAVEL Cream (mix\/oily skin) 50 ml ~ Dolores<\/title>\n<meta name=\"robots\" content=\"index, follow, max-snippet:-1, max-image-preview:large, max-video-preview:-1\" \/>\n<link rel=\"canonical\" href=\"https:\/\/dolores.ee\/lv\/product\/hikari-time-travel-cream-mix-oily-skin-50-ml\/\" \/>\n<meta property=\"og:locale\" content=\"lv_LV\" \/>\n<meta property=\"og:type\" content=\"article\" \/>\n<meta property=\"og:title\" content=\"HIKARI TIME TRAVEL Cream (mix\/oily skin) 50 ml\" \/>\n<meta property=\"og:description\" content=\"HIKARI TIME TRAVEL Cream (mix\/oily skin) 50 ml\" \/>\n<meta property=\"og:url\" content=\"https:\/\/dolores.ee\/lv\/product\/hikari-time-travel-cream-mix-oily-skin-50-ml\/\" \/>\n<meta property=\"og:site_name\" content=\"Dolores\" \/>\n<meta property=\"article:publisher\" content=\"https:\/\/www.facebook.com\/doloresepood\/\" \/>\n<meta property=\"article:modified_time\" content=\"2025-07-01T08:06:13+00:00\" \/>\n<meta property=\"og:image\" content=\"https:\/\/dolores.ee\/wp-content\/uploads\/2025\/05\/seo.jpg\" \/>\n\t<meta property=\"og:image:width\" content=\"1200\" \/>\n\t<meta property=\"og:image:height\" content=\"675\" \/>\n\t<meta property=\"og:image:type\" content=\"image\/jpeg\" \/>\n<meta name=\"twitter:card\" content=\"summary_large_image\" \/>\n<meta name=\"twitter:label1\" content=\"Est. reading time\" \/>\n\t<meta name=\"twitter:data1\" content=\"1 minute\" \/>\n<script type=\"application\/ld+json\" class=\"yoast-schema-graph\">{\"@context\":\"https:\/\/schema.org\",\"@graph\":[{\"@type\":\"WebPage\",\"@id\":\"https:\/\/dolores.ee\/lv\/product\/hikari-time-travel-cream-mix-oily-skin-50-ml\/\",\"url\":\"https:\/\/dolores.ee\/lv\/product\/hikari-time-travel-cream-mix-oily-skin-50-ml\/\",\"name\":\"HIKARI TIME TRAVEL Cream (mix\/oily skin) 50 ml ~ Dolores\",\"isPartOf\":{\"@id\":\"https:\/\/dolores.ee\/lv\/#website\"},\"primaryImageOfPage\":{\"@id\":\"https:\/\/dolores.ee\/lv\/product\/hikari-time-travel-cream-mix-oily-skin-50-ml\/#primaryimage\"},\"image\":{\"@id\":\"https:\/\/dolores.ee\/lv\/product\/hikari-time-travel-cream-mix-oily-skin-50-ml\/#primaryimage\"},\"thumbnailUrl\":\"https:\/\/dolores.ee\/wp-content\/uploads\/2020\/08\/7290013601827_TIME-TRAVEL-CREAM.jpg\",\"datePublished\":\"2020-08-13T10:01:00+00:00\",\"dateModified\":\"2025-07-01T08:06:13+00:00\",\"breadcrumb\":{\"@id\":\"https:\/\/dolores.ee\/lv\/product\/hikari-time-travel-cream-mix-oily-skin-50-ml\/#breadcrumb\"},\"inLanguage\":\"lv-LV\",\"potentialAction\":[{\"@type\":\"ReadAction\",\"target\":[\"https:\/\/dolores.ee\/lv\/product\/hikari-time-travel-cream-mix-oily-skin-50-ml\/\"]}]},{\"@type\":\"ImageObject\",\"inLanguage\":\"lv-LV\",\"@id\":\"https:\/\/dolores.ee\/lv\/product\/hikari-time-travel-cream-mix-oily-skin-50-ml\/#primaryimage\",\"url\":\"https:\/\/dolores.ee\/wp-content\/uploads\/2020\/08\/7290013601827_TIME-TRAVEL-CREAM.jpg\",\"contentUrl\":\"https:\/\/dolores.ee\/wp-content\/uploads\/2020\/08\/7290013601827_TIME-TRAVEL-CREAM.jpg\",\"width\":1531,\"height\":1920},{\"@type\":\"BreadcrumbList\",\"@id\":\"https:\/\/dolores.ee\/lv\/product\/hikari-time-travel-cream-mix-oily-skin-50-ml\/#breadcrumb\",\"itemListElement\":[{\"@type\":\"ListItem\",\"position\":1,\"name\":\"Home\",\"item\":\"https:\/\/dolores.ee\/lv\/\"},{\"@type\":\"ListItem\",\"position\":2,\"name\":\"E-veikals\",\"item\":\"https:\/\/dolores.ee\/lv\/e-veikals\/\"},{\"@type\":\"ListItem\",\"position\":3,\"name\":\"HIKARI TIME TRAVEL Cream (mix\/oily skin) 50 ml\"}]},{\"@type\":\"WebSite\",\"@id\":\"https:\/\/dolores.ee\/lv\/#website\",\"url\":\"https:\/\/dolores.ee\/lv\/\",\"name\":\"Dolores e-pood\",\"description\":\"Beauty Shop\",\"publisher\":{\"@id\":\"https:\/\/dolores.ee\/lv\/#organization\"},\"alternateName\":\"Dolores\",\"potentialAction\":[{\"@type\":\"SearchAction\",\"target\":{\"@type\":\"EntryPoint\",\"urlTemplate\":\"https:\/\/dolores.ee\/lv\/?s={search_term_string}\"},\"query-input\":{\"@type\":\"PropertyValueSpecification\",\"valueRequired\":true,\"valueName\":\"search_term_string\"}}],\"inLanguage\":\"lv-LV\"},{\"@type\":\"Organization\",\"@id\":\"https:\/\/dolores.ee\/lv\/#organization\",\"name\":\"Dolores O\u00dc\",\"alternateName\":\"Dolores e-pood\",\"url\":\"https:\/\/dolores.ee\/lv\/\",\"logo\":{\"@type\":\"ImageObject\",\"inLanguage\":\"lv-LV\",\"@id\":\"https:\/\/dolores.ee\/lv\/#\/schema\/logo\/image\/\",\"url\":\"https:\/\/dolores.ee\/wp-content\/uploads\/2025\/04\/logo-1.jpg\",\"contentUrl\":\"https:\/\/dolores.ee\/wp-content\/uploads\/2025\/04\/logo-1.jpg\",\"width\":1951,\"height\":660,\"caption\":\"Dolores O\u00dc\"},\"image\":{\"@id\":\"https:\/\/dolores.ee\/lv\/#\/schema\/logo\/image\/\"},\"sameAs\":[\"https:\/\/www.facebook.com\/doloresepood\/\"],\"description\":\"Dolores.ee on kaasaegne veebipood, kust leiad tuntud kaubam\u00e4rkide \u2013 GIGI, Anna Lotan, Hikari, Hlavin \u2013 originaalkosmeetikat. Pakume kvaliteetseid hooldustooteid taskukohaste hindadega ja kiire kohaletoimetamisega \u00fcle Eesti. Nahahooldus pole kunagi olnud nii lihtne ja soodne!\",\"email\":\"dolores@dolores.ee\",\"telephone\":\"372 644 2440\",\"legalName\":\"Dolores O\u00dc\",\"foundingDate\":\"1998-02-09\",\"vatID\":\"EE100050280\",\"numberOfEmployees\":{\"@type\":\"QuantitativeValue\",\"minValue\":\"11\",\"maxValue\":\"50\"}}]}<\/script>\n<!-- \/ Yoast SEO Premium plugin. -->","yoast_head_json":{"title":"HIKARI TIME TRAVEL Cream (mix\/oily skin) 50 ml ~ Dolores","robots":{"index":"index","follow":"follow","max-snippet":"max-snippet:-1","max-image-preview":"max-image-preview:large","max-video-preview":"max-video-preview:-1"},"canonical":"https:\/\/dolores.ee\/lv\/product\/hikari-time-travel-cream-mix-oily-skin-50-ml\/","og_locale":"lv_LV","og_type":"article","og_title":"HIKARI TIME TRAVEL Cream (mix\/oily skin) 50 ml","og_description":"HIKARI TIME TRAVEL Cream (mix\/oily skin) 50 ml","og_url":"https:\/\/dolores.ee\/lv\/product\/hikari-time-travel-cream-mix-oily-skin-50-ml\/","og_site_name":"Dolores","article_publisher":"https:\/\/www.facebook.com\/doloresepood\/","article_modified_time":"2025-07-01T08:06:13+00:00","og_image":[{"width":1200,"height":675,"url":"https:\/\/dolores.ee\/wp-content\/uploads\/2025\/05\/seo.jpg","type":"image\/jpeg"}],"twitter_card":"summary_large_image","twitter_misc":{"Est. reading time":"1 minute"},"schema":{"@context":"https:\/\/schema.org","@graph":[{"@type":"WebPage","@id":"https:\/\/dolores.ee\/lv\/product\/hikari-time-travel-cream-mix-oily-skin-50-ml\/","url":"https:\/\/dolores.ee\/lv\/product\/hikari-time-travel-cream-mix-oily-skin-50-ml\/","name":"HIKARI TIME TRAVEL Cream (mix\/oily skin) 50 ml ~ Dolores","isPartOf":{"@id":"https:\/\/dolores.ee\/lv\/#website"},"primaryImageOfPage":{"@id":"https:\/\/dolores.ee\/lv\/product\/hikari-time-travel-cream-mix-oily-skin-50-ml\/#primaryimage"},"image":{"@id":"https:\/\/dolores.ee\/lv\/product\/hikari-time-travel-cream-mix-oily-skin-50-ml\/#primaryimage"},"thumbnailUrl":"https:\/\/dolores.ee\/wp-content\/uploads\/2020\/08\/7290013601827_TIME-TRAVEL-CREAM.jpg","datePublished":"2020-08-13T10:01:00+00:00","dateModified":"2025-07-01T08:06:13+00:00","breadcrumb":{"@id":"https:\/\/dolores.ee\/lv\/product\/hikari-time-travel-cream-mix-oily-skin-50-ml\/#breadcrumb"},"inLanguage":"lv-LV","potentialAction":[{"@type":"ReadAction","target":["https:\/\/dolores.ee\/lv\/product\/hikari-time-travel-cream-mix-oily-skin-50-ml\/"]}]},{"@type":"ImageObject","inLanguage":"lv-LV","@id":"https:\/\/dolores.ee\/lv\/product\/hikari-time-travel-cream-mix-oily-skin-50-ml\/#primaryimage","url":"https:\/\/dolores.ee\/wp-content\/uploads\/2020\/08\/7290013601827_TIME-TRAVEL-CREAM.jpg","contentUrl":"https:\/\/dolores.ee\/wp-content\/uploads\/2020\/08\/7290013601827_TIME-TRAVEL-CREAM.jpg","width":1531,"height":1920},{"@type":"BreadcrumbList","@id":"https:\/\/dolores.ee\/lv\/product\/hikari-time-travel-cream-mix-oily-skin-50-ml\/#breadcrumb","itemListElement":[{"@type":"ListItem","position":1,"name":"Home","item":"https:\/\/dolores.ee\/lv\/"},{"@type":"ListItem","position":2,"name":"E-veikals","item":"https:\/\/dolores.ee\/lv\/e-veikals\/"},{"@type":"ListItem","position":3,"name":"HIKARI TIME TRAVEL Cream (mix\/oily skin) 50 ml"}]},{"@type":"WebSite","@id":"https:\/\/dolores.ee\/lv\/#website","url":"https:\/\/dolores.ee\/lv\/","name":"Dolores e-pood","description":"Beauty Shop","publisher":{"@id":"https:\/\/dolores.ee\/lv\/#organization"},"alternateName":"Dolores","potentialAction":[{"@type":"SearchAction","target":{"@type":"EntryPoint","urlTemplate":"https:\/\/dolores.ee\/lv\/?s={search_term_string}"},"query-input":{"@type":"PropertyValueSpecification","valueRequired":true,"valueName":"search_term_string"}}],"inLanguage":"lv-LV"},{"@type":"Organization","@id":"https:\/\/dolores.ee\/lv\/#organization","name":"Dolores O\u00dc","alternateName":"Dolores e-pood","url":"https:\/\/dolores.ee\/lv\/","logo":{"@type":"ImageObject","inLanguage":"lv-LV","@id":"https:\/\/dolores.ee\/lv\/#\/schema\/logo\/image\/","url":"https:\/\/dolores.ee\/wp-content\/uploads\/2025\/04\/logo-1.jpg","contentUrl":"https:\/\/dolores.ee\/wp-content\/uploads\/2025\/04\/logo-1.jpg","width":1951,"height":660,"caption":"Dolores O\u00dc"},"image":{"@id":"https:\/\/dolores.ee\/lv\/#\/schema\/logo\/image\/"},"sameAs":["https:\/\/www.facebook.com\/doloresepood\/"],"description":"Dolores.ee on kaasaegne veebipood, kust leiad tuntud kaubam\u00e4rkide \u2013 GIGI, Anna Lotan, Hikari, Hlavin \u2013 originaalkosmeetikat. Pakume kvaliteetseid hooldustooteid taskukohaste hindadega ja kiire kohaletoimetamisega \u00fcle Eesti. Nahahooldus pole kunagi olnud nii lihtne ja soodne!","email":"dolores@dolores.ee","telephone":"372 644 2440","legalName":"Dolores O\u00dc","foundingDate":"1998-02-09","vatID":"EE100050280","numberOfEmployees":{"@type":"QuantitativeValue","minValue":"11","maxValue":"50"}}]}},"_links":{"self":[{"href":"https:\/\/dolores.ee\/lv\/wp-json\/wp\/v2\/product\/998225","targetHints":{"allow":["GET"]}}],"collection":[{"href":"https:\/\/dolores.ee\/lv\/wp-json\/wp\/v2\/product"}],"about":[{"href":"https:\/\/dolores.ee\/lv\/wp-json\/wp\/v2\/types\/product"}],"replies":[{"embeddable":true,"href":"https:\/\/dolores.ee\/lv\/wp-json\/wp\/v2\/comments?post=998225"}],"version-history":[{"count":0,"href":"https:\/\/dolores.ee\/lv\/wp-json\/wp\/v2\/product\/998225\/revisions"}],"wp:featuredmedia":[{"embeddable":true,"href":"https:\/\/dolores.ee\/lv\/wp-json\/wp\/v2\/media\/343800"}],"wp:attachment":[{"href":"https:\/\/dolores.ee\/lv\/wp-json\/wp\/v2\/media?parent=998225"}],"wp:term":[{"taxonomy":"product_brand","embeddable":true,"href":"https:\/\/dolores.ee\/lv\/wp-json\/wp\/v2\/product_brand?post=998225"},{"taxonomy":"product_cat","embeddable":true,"href":"https:\/\/dolores.ee\/lv\/wp-json\/wp\/v2\/product_cat?post=998225"},{"taxonomy":"product_tag","embeddable":true,"href":"https:\/\/dolores.ee\/lv\/wp-json\/wp\/v2\/product_tag?post=998225"},{"taxonomy":"giftcard-category","embeddable":true,"href":"https:\/\/dolores.ee\/lv\/wp-json\/wp\/v2\/giftcard-category?post=998225"}],"curies":[{"name":"wp","href":"https:\/\/api.w.org\/{rel}","templated":true}]}}