{"id":998227,"date":"2020-08-13T13:01:00","date_gmt":"2020-08-13T10:01:00","guid":{"rendered":"https:\/\/dolores.ee\/product\/hikari-time-travel-cream-50-ml\/"},"modified":"2025-07-01T11:06:13","modified_gmt":"2025-07-01T08:06:13","slug":"hikari-time-travel-cream-50-ml","status":"publish","type":"product","link":"https:\/\/dolores.ee\/lv\/product\/hikari-time-travel-cream-50-ml\/","title":{"rendered":"HIKARI TIME TRAVEL Cream 50 ml"},"content":{"rendered":"<div class=\"vgblk-rw-wrapper limit-wrapper\">\n<h3 data-start=\"126\" data-end=\"176\"><strong data-start=\"130\" data-end=\"176\">TIME TRAVEL kr\u0113ms \u2013 84 akt\u012bv\u0101s sast\u0101vda\u013cas<\/strong><\/h3>\n<p data-start=\"178\" data-end=\"392\"><strong data-start=\"178\" data-end=\"215\">Inovat\u012bvs pretgrumbu dienas kr\u0113ms<\/strong>, kas satur v\u0113rt\u012bgo akt\u012bvo vielu <strong data-start=\"248\" data-end=\"282\">GGP (geranil-geranilpropanols)<\/strong>. T\u0101 pal\u012bdz <strong data-start=\"294\" data-end=\"327\">pal\u0113nin\u0101t noveco\u0161an\u0101s procesu<\/strong>, paildzinot \u0161\u016bnu dz\u012bves ciklu un <strong data-start=\"361\" data-end=\"391\">saglab\u0101jot telom\u0113ru garumu<\/strong>.<\/p>\n<p data-start=\"394\" data-end=\"467\">Kr\u0113ms ir bag\u0101tin\u0101ts ar <strong data-start=\"417\" data-end=\"461\">jaun\u0101s paaudzes biomim\u0113tiskiem pept\u012bdiem<\/strong>, kas:<\/p>\n<ul data-start=\"468\" data-end=\"623\">\n<li data-start=\"468\" data-end=\"513\">\n<p data-start=\"470\" data-end=\"513\"><strong data-start=\"470\" data-end=\"510\">Stimul\u0113 kolag\u0113na un elast\u012bna sint\u0113zi<\/strong>,<\/p>\n<\/li>\n<li data-start=\"514\" data-end=\"543\">\n<p data-start=\"516\" data-end=\"543\"><strong data-start=\"516\" data-end=\"540\">Uzlabo \u0101das elast\u012bbu<\/strong>,<\/p>\n<\/li>\n<li data-start=\"544\" data-end=\"576\">\n<p data-start=\"546\" data-end=\"576\"><strong data-start=\"546\" data-end=\"573\">Samazina grumbu dzi\u013cumu<\/strong>,<\/p>\n<\/li>\n<li data-start=\"577\" data-end=\"623\">\n<p data-start=\"579\" data-end=\"623\"><strong data-start=\"579\" data-end=\"622\">Pal\u012bdz saglab\u0101t jaunekl\u012bgu \u0101das izskatu<\/strong>.<\/p>\n<\/li>\n<\/ul>\n<p data-start=\"625\" data-end=\"644\">Turkl\u0101t sast\u0101v\u0101 ir:<\/p>\n<ul data-start=\"645\" data-end=\"854\">\n<li data-start=\"645\" data-end=\"688\">\n<p data-start=\"647\" data-end=\"688\"><strong data-start=\"647\" data-end=\"663\">Fitoskval\u0101ni<\/strong> (avokad\u012bns, sojad\u012bns),<\/p>\n<\/li>\n<li data-start=\"689\" data-end=\"711\">\n<p data-start=\"691\" data-end=\"711\"><strong data-start=\"691\" data-end=\"708\">Hialuronsk\u0101be<\/strong>,<\/p>\n<\/li>\n<li data-start=\"712\" data-end=\"737\">\n<p data-start=\"714\" data-end=\"737\">Vitam\u012bni <strong data-start=\"723\" data-end=\"734\">A, C, E<\/strong>,<\/p>\n<\/li>\n<li data-start=\"738\" data-end=\"854\">\n<p data-start=\"740\" data-end=\"854\"><strong data-start=\"740\" data-end=\"765\">Sp\u0113c\u012bgi antioksidanti<\/strong> \u2013 <strong data-start=\"768\" data-end=\"784\">koenz\u012bms Q10<\/strong> un <strong data-start=\"788\" data-end=\"804\">resveratrols<\/strong>,<br data-start=\"805\" data-end=\"808\" \/>kas kop\u0101 <strong data-start=\"817\" data-end=\"853\">mitrina, aizsarg\u0101 un atjauno \u0101du<\/strong>.<\/p>\n<\/li>\n<\/ul>\n<\/div>\n<p><!-- .vgblk-rw-wrapper --><\/p>\n","protected":false},"excerpt":{"rendered":"<p>Atjaunojo\u0161s sejas kr\u0113ms<\/p>\n","protected":false},"featured_media":982,"comment_status":"open","ping_status":"closed","template":"","meta":[],"product_brand":[],"product_cat":[774,688,725,687,730,733,676],"product_tag":[],"giftcard-category":[],"class_list":{"0":"post-998227","1":"product","2":"type-product","3":"status-publish","4":"has-post-thumbnail","6":"product_cat-bf2025-lv","7":"product_cat-dermis-direct-lv","8":"product_cat-dienas-krems","9":"product_cat-hikari-lv","10":"product_cat-nakts-krems","11":"product_cat-retinols","12":"product_cat-sale-lv","14":"first","15":"instock","16":"taxable","17":"shipping-taxable","18":"purchasable","19":"product-type-simple"},"yoast_head":"<!-- This site is optimized with the Yoast SEO Premium plugin v25.1 (Yoast SEO v25.7) - https:\/\/yoast.com\/wordpress\/plugins\/seo\/ -->\n<title>HIKARI TIME TRAVEL Cream 50 ml ~ Dolores<\/title>\n<meta name=\"robots\" content=\"index, follow, max-snippet:-1, max-image-preview:large, max-video-preview:-1\" \/>\n<link rel=\"canonical\" href=\"https:\/\/dolores.ee\/lv\/product\/hikari-time-travel-cream-50-ml\/\" \/>\n<meta property=\"og:locale\" content=\"lv_LV\" \/>\n<meta property=\"og:type\" content=\"article\" \/>\n<meta property=\"og:title\" content=\"HIKARI TIME TRAVEL Cream 50 ml\" \/>\n<meta property=\"og:description\" content=\"Atjaunojo\u0161s sejas kr\u0113ms\" \/>\n<meta property=\"og:url\" content=\"https:\/\/dolores.ee\/lv\/product\/hikari-time-travel-cream-50-ml\/\" \/>\n<meta property=\"og:site_name\" content=\"Dolores\" \/>\n<meta property=\"article:publisher\" content=\"https:\/\/www.facebook.com\/doloresepood\/\" \/>\n<meta property=\"article:modified_time\" content=\"2025-07-01T08:06:13+00:00\" \/>\n<meta property=\"og:image\" content=\"https:\/\/dolores.ee\/wp-content\/uploads\/2025\/05\/seo.jpg\" \/>\n\t<meta property=\"og:image:width\" content=\"1200\" \/>\n\t<meta property=\"og:image:height\" content=\"675\" \/>\n\t<meta property=\"og:image:type\" content=\"image\/jpeg\" \/>\n<meta name=\"twitter:card\" content=\"summary_large_image\" \/>\n<meta name=\"twitter:label1\" content=\"Est. reading time\" \/>\n\t<meta name=\"twitter:data1\" content=\"1 minute\" \/>\n<script type=\"application\/ld+json\" class=\"yoast-schema-graph\">{\"@context\":\"https:\/\/schema.org\",\"@graph\":[{\"@type\":\"WebPage\",\"@id\":\"https:\/\/dolores.ee\/lv\/product\/hikari-time-travel-cream-50-ml\/\",\"url\":\"https:\/\/dolores.ee\/lv\/product\/hikari-time-travel-cream-50-ml\/\",\"name\":\"HIKARI TIME TRAVEL Cream 50 ml ~ Dolores\",\"isPartOf\":{\"@id\":\"https:\/\/dolores.ee\/lv\/#website\"},\"primaryImageOfPage\":{\"@id\":\"https:\/\/dolores.ee\/lv\/product\/hikari-time-travel-cream-50-ml\/#primaryimage\"},\"image\":{\"@id\":\"https:\/\/dolores.ee\/lv\/product\/hikari-time-travel-cream-50-ml\/#primaryimage\"},\"thumbnailUrl\":\"https:\/\/dolores.ee\/wp-content\/uploads\/2020\/08\/TIME-TRAVEL-50ml-1.jpg\",\"datePublished\":\"2020-08-13T10:01:00+00:00\",\"dateModified\":\"2025-07-01T08:06:13+00:00\",\"breadcrumb\":{\"@id\":\"https:\/\/dolores.ee\/lv\/product\/hikari-time-travel-cream-50-ml\/#breadcrumb\"},\"inLanguage\":\"lv-LV\",\"potentialAction\":[{\"@type\":\"ReadAction\",\"target\":[\"https:\/\/dolores.ee\/lv\/product\/hikari-time-travel-cream-50-ml\/\"]}]},{\"@type\":\"ImageObject\",\"inLanguage\":\"lv-LV\",\"@id\":\"https:\/\/dolores.ee\/lv\/product\/hikari-time-travel-cream-50-ml\/#primaryimage\",\"url\":\"https:\/\/dolores.ee\/wp-content\/uploads\/2020\/08\/TIME-TRAVEL-50ml-1.jpg\",\"contentUrl\":\"https:\/\/dolores.ee\/wp-content\/uploads\/2020\/08\/TIME-TRAVEL-50ml-1.jpg\",\"width\":425,\"height\":510},{\"@type\":\"BreadcrumbList\",\"@id\":\"https:\/\/dolores.ee\/lv\/product\/hikari-time-travel-cream-50-ml\/#breadcrumb\",\"itemListElement\":[{\"@type\":\"ListItem\",\"position\":1,\"name\":\"Home\",\"item\":\"https:\/\/dolores.ee\/lv\/\"},{\"@type\":\"ListItem\",\"position\":2,\"name\":\"E-veikals\",\"item\":\"https:\/\/dolores.ee\/lv\/e-veikals\/\"},{\"@type\":\"ListItem\",\"position\":3,\"name\":\"HIKARI TIME TRAVEL Cream 50 ml\"}]},{\"@type\":\"WebSite\",\"@id\":\"https:\/\/dolores.ee\/lv\/#website\",\"url\":\"https:\/\/dolores.ee\/lv\/\",\"name\":\"Dolores e-pood\",\"description\":\"Beauty Shop\",\"publisher\":{\"@id\":\"https:\/\/dolores.ee\/lv\/#organization\"},\"alternateName\":\"Dolores\",\"potentialAction\":[{\"@type\":\"SearchAction\",\"target\":{\"@type\":\"EntryPoint\",\"urlTemplate\":\"https:\/\/dolores.ee\/lv\/?s={search_term_string}\"},\"query-input\":{\"@type\":\"PropertyValueSpecification\",\"valueRequired\":true,\"valueName\":\"search_term_string\"}}],\"inLanguage\":\"lv-LV\"},{\"@type\":\"Organization\",\"@id\":\"https:\/\/dolores.ee\/lv\/#organization\",\"name\":\"Dolores O\u00dc\",\"alternateName\":\"Dolores e-pood\",\"url\":\"https:\/\/dolores.ee\/lv\/\",\"logo\":{\"@type\":\"ImageObject\",\"inLanguage\":\"lv-LV\",\"@id\":\"https:\/\/dolores.ee\/lv\/#\/schema\/logo\/image\/\",\"url\":\"https:\/\/dolores.ee\/wp-content\/uploads\/2025\/04\/logo-1.jpg\",\"contentUrl\":\"https:\/\/dolores.ee\/wp-content\/uploads\/2025\/04\/logo-1.jpg\",\"width\":1951,\"height\":660,\"caption\":\"Dolores O\u00dc\"},\"image\":{\"@id\":\"https:\/\/dolores.ee\/lv\/#\/schema\/logo\/image\/\"},\"sameAs\":[\"https:\/\/www.facebook.com\/doloresepood\/\"],\"description\":\"Dolores.ee on kaasaegne veebipood, kust leiad tuntud kaubam\u00e4rkide \u2013 GIGI, Anna Lotan, Hikari, Hlavin \u2013 originaalkosmeetikat. Pakume kvaliteetseid hooldustooteid taskukohaste hindadega ja kiire kohaletoimetamisega \u00fcle Eesti. Nahahooldus pole kunagi olnud nii lihtne ja soodne!\",\"email\":\"dolores@dolores.ee\",\"telephone\":\"372 644 2440\",\"legalName\":\"Dolores O\u00dc\",\"foundingDate\":\"1998-02-09\",\"vatID\":\"EE100050280\",\"numberOfEmployees\":{\"@type\":\"QuantitativeValue\",\"minValue\":\"11\",\"maxValue\":\"50\"}}]}<\/script>\n<!-- \/ Yoast SEO Premium plugin. -->","yoast_head_json":{"title":"HIKARI TIME TRAVEL Cream 50 ml ~ Dolores","robots":{"index":"index","follow":"follow","max-snippet":"max-snippet:-1","max-image-preview":"max-image-preview:large","max-video-preview":"max-video-preview:-1"},"canonical":"https:\/\/dolores.ee\/lv\/product\/hikari-time-travel-cream-50-ml\/","og_locale":"lv_LV","og_type":"article","og_title":"HIKARI TIME TRAVEL Cream 50 ml","og_description":"Atjaunojo\u0161s sejas kr\u0113ms","og_url":"https:\/\/dolores.ee\/lv\/product\/hikari-time-travel-cream-50-ml\/","og_site_name":"Dolores","article_publisher":"https:\/\/www.facebook.com\/doloresepood\/","article_modified_time":"2025-07-01T08:06:13+00:00","og_image":[{"width":1200,"height":675,"url":"https:\/\/dolores.ee\/wp-content\/uploads\/2025\/05\/seo.jpg","type":"image\/jpeg"}],"twitter_card":"summary_large_image","twitter_misc":{"Est. reading time":"1 minute"},"schema":{"@context":"https:\/\/schema.org","@graph":[{"@type":"WebPage","@id":"https:\/\/dolores.ee\/lv\/product\/hikari-time-travel-cream-50-ml\/","url":"https:\/\/dolores.ee\/lv\/product\/hikari-time-travel-cream-50-ml\/","name":"HIKARI TIME TRAVEL Cream 50 ml ~ Dolores","isPartOf":{"@id":"https:\/\/dolores.ee\/lv\/#website"},"primaryImageOfPage":{"@id":"https:\/\/dolores.ee\/lv\/product\/hikari-time-travel-cream-50-ml\/#primaryimage"},"image":{"@id":"https:\/\/dolores.ee\/lv\/product\/hikari-time-travel-cream-50-ml\/#primaryimage"},"thumbnailUrl":"https:\/\/dolores.ee\/wp-content\/uploads\/2020\/08\/TIME-TRAVEL-50ml-1.jpg","datePublished":"2020-08-13T10:01:00+00:00","dateModified":"2025-07-01T08:06:13+00:00","breadcrumb":{"@id":"https:\/\/dolores.ee\/lv\/product\/hikari-time-travel-cream-50-ml\/#breadcrumb"},"inLanguage":"lv-LV","potentialAction":[{"@type":"ReadAction","target":["https:\/\/dolores.ee\/lv\/product\/hikari-time-travel-cream-50-ml\/"]}]},{"@type":"ImageObject","inLanguage":"lv-LV","@id":"https:\/\/dolores.ee\/lv\/product\/hikari-time-travel-cream-50-ml\/#primaryimage","url":"https:\/\/dolores.ee\/wp-content\/uploads\/2020\/08\/TIME-TRAVEL-50ml-1.jpg","contentUrl":"https:\/\/dolores.ee\/wp-content\/uploads\/2020\/08\/TIME-TRAVEL-50ml-1.jpg","width":425,"height":510},{"@type":"BreadcrumbList","@id":"https:\/\/dolores.ee\/lv\/product\/hikari-time-travel-cream-50-ml\/#breadcrumb","itemListElement":[{"@type":"ListItem","position":1,"name":"Home","item":"https:\/\/dolores.ee\/lv\/"},{"@type":"ListItem","position":2,"name":"E-veikals","item":"https:\/\/dolores.ee\/lv\/e-veikals\/"},{"@type":"ListItem","position":3,"name":"HIKARI TIME TRAVEL Cream 50 ml"}]},{"@type":"WebSite","@id":"https:\/\/dolores.ee\/lv\/#website","url":"https:\/\/dolores.ee\/lv\/","name":"Dolores e-pood","description":"Beauty Shop","publisher":{"@id":"https:\/\/dolores.ee\/lv\/#organization"},"alternateName":"Dolores","potentialAction":[{"@type":"SearchAction","target":{"@type":"EntryPoint","urlTemplate":"https:\/\/dolores.ee\/lv\/?s={search_term_string}"},"query-input":{"@type":"PropertyValueSpecification","valueRequired":true,"valueName":"search_term_string"}}],"inLanguage":"lv-LV"},{"@type":"Organization","@id":"https:\/\/dolores.ee\/lv\/#organization","name":"Dolores O\u00dc","alternateName":"Dolores e-pood","url":"https:\/\/dolores.ee\/lv\/","logo":{"@type":"ImageObject","inLanguage":"lv-LV","@id":"https:\/\/dolores.ee\/lv\/#\/schema\/logo\/image\/","url":"https:\/\/dolores.ee\/wp-content\/uploads\/2025\/04\/logo-1.jpg","contentUrl":"https:\/\/dolores.ee\/wp-content\/uploads\/2025\/04\/logo-1.jpg","width":1951,"height":660,"caption":"Dolores O\u00dc"},"image":{"@id":"https:\/\/dolores.ee\/lv\/#\/schema\/logo\/image\/"},"sameAs":["https:\/\/www.facebook.com\/doloresepood\/"],"description":"Dolores.ee on kaasaegne veebipood, kust leiad tuntud kaubam\u00e4rkide \u2013 GIGI, Anna Lotan, Hikari, Hlavin \u2013 originaalkosmeetikat. Pakume kvaliteetseid hooldustooteid taskukohaste hindadega ja kiire kohaletoimetamisega \u00fcle Eesti. Nahahooldus pole kunagi olnud nii lihtne ja soodne!","email":"dolores@dolores.ee","telephone":"372 644 2440","legalName":"Dolores O\u00dc","foundingDate":"1998-02-09","vatID":"EE100050280","numberOfEmployees":{"@type":"QuantitativeValue","minValue":"11","maxValue":"50"}}]}},"_links":{"self":[{"href":"https:\/\/dolores.ee\/lv\/wp-json\/wp\/v2\/product\/998227","targetHints":{"allow":["GET"]}}],"collection":[{"href":"https:\/\/dolores.ee\/lv\/wp-json\/wp\/v2\/product"}],"about":[{"href":"https:\/\/dolores.ee\/lv\/wp-json\/wp\/v2\/types\/product"}],"replies":[{"embeddable":true,"href":"https:\/\/dolores.ee\/lv\/wp-json\/wp\/v2\/comments?post=998227"}],"version-history":[{"count":0,"href":"https:\/\/dolores.ee\/lv\/wp-json\/wp\/v2\/product\/998227\/revisions"}],"wp:featuredmedia":[{"embeddable":true,"href":"https:\/\/dolores.ee\/lv\/wp-json\/wp\/v2\/media\/982"}],"wp:attachment":[{"href":"https:\/\/dolores.ee\/lv\/wp-json\/wp\/v2\/media?parent=998227"}],"wp:term":[{"taxonomy":"product_brand","embeddable":true,"href":"https:\/\/dolores.ee\/lv\/wp-json\/wp\/v2\/product_brand?post=998227"},{"taxonomy":"product_cat","embeddable":true,"href":"https:\/\/dolores.ee\/lv\/wp-json\/wp\/v2\/product_cat?post=998227"},{"taxonomy":"product_tag","embeddable":true,"href":"https:\/\/dolores.ee\/lv\/wp-json\/wp\/v2\/product_tag?post=998227"},{"taxonomy":"giftcard-category","embeddable":true,"href":"https:\/\/dolores.ee\/lv\/wp-json\/wp\/v2\/giftcard-category?post=998227"}],"curies":[{"name":"wp","href":"https:\/\/api.w.org\/{rel}","templated":true}]}}