{"id":998232,"date":"2020-08-13T13:00:57","date_gmt":"2020-08-13T10:00:57","guid":{"rendered":"https:\/\/dolores.ee\/product\/hikari-tight-firm-therapy-serum-30-ml\/"},"modified":"2025-07-01T11:06:13","modified_gmt":"2025-07-01T08:06:13","slug":"hikari-tight-firm-therapy-serum-30-ml","status":"publish","type":"product","link":"https:\/\/dolores.ee\/lv\/product\/hikari-tight-firm-therapy-serum-30-ml\/","title":{"rendered":"HIKARI TIGHT FIRM THERAPY Serum 30 ml"},"content":{"rendered":"<div class=\"vgblk-rw-wrapper limit-wrapper\">\n<h3 data-start=\"136\" data-end=\"178\"><strong data-start=\"140\" data-end=\"178\">TIGHT&amp;FIRM THERAPY liftinga serums<\/strong><\/h3>\n<p data-start=\"180\" data-end=\"305\">Intens\u012bvs liftinga serums sast\u0101v no virknes savstarp\u0113ji papildino\u0161u hibr\u012bdformulu, kas nostiprina \u0101du un uzlabo t\u0101s elast\u012bbu.<\/p>\n<p data-start=\"307\" data-end=\"317\"><strong data-start=\"307\" data-end=\"317\">Satur:<\/strong><\/p>\n<ol data-start=\"318\" data-end=\"616\">\n<li data-start=\"318\" data-end=\"396\">\n<p data-start=\"321\" data-end=\"396\">Tr\u012bs inovat\u012bvus biomim\u0113tiskus pept\u012bdus, kas <strong data-start=\"365\" data-end=\"393\">stimul\u0113 kolag\u0113na sint\u0113zi<\/strong>;<\/p>\n<\/li>\n<li data-start=\"397\" data-end=\"462\">\n<p data-start=\"400\" data-end=\"462\">Dekor\u012bna biomim\u0113tisku pept\u012bdu, kas <strong data-start=\"435\" data-end=\"459\">uzlabo \u0101das elast\u012bbu<\/strong>;<\/p>\n<\/li>\n<li data-start=\"463\" data-end=\"616\">\n<p data-start=\"466\" data-end=\"616\">Divas t\u016bl\u012bt\u0113ju iedarb\u012bbu sniedzo\u0161as liftinga sast\u0101vda\u013cas \u2013 <strong data-start=\"525\" data-end=\"567\">uz ak\u0101cijas sve\u0137iem un arg\u0101nijas b\u0101zes<\/strong>, kas <strong data-start=\"573\" data-end=\"591\">nostiprina \u0101du<\/strong> un pie\u0161\u0137ir tai tvirtumu.<\/p>\n<\/li>\n<\/ol>\n<p data-start=\"618\" data-end=\"799\">\u0160\u012bs akt\u012bv\u0101s vielas ir papildin\u0101tas ar klasisko <strong data-start=\"665\" data-end=\"691\">mezoterapijas kokteili<\/strong>, kas satur <strong data-start=\"703\" data-end=\"746\">vitam\u012bnus, aminosk\u0101bes un miner\u0101lvielas<\/strong> \u2013 visas \u0101das atjauno\u0161anai nepiecie\u0161am\u0101s sast\u0101vda\u013cas.<\/p>\n<hr data-start=\"801\" data-end=\"804\" \/>\n<p data-start=\"806\" data-end=\"999\"><strong data-start=\"806\" data-end=\"820\">Lieto\u0161ana:<\/strong><br data-start=\"820\" data-end=\"823\" \/>Uzkl\u0101jiet vienu pilienu seruma uz iepriek\u0161 att\u012br\u012btas \u0101das. Maigi iemas\u0113jiet ar ap\u013cveida kust\u012bb\u0101m l\u012bdz piln\u012bgai ies\u016bk\u0161an\u0101s br\u012bdim. Piem\u0113rots lieto\u0161anai <strong data-start=\"974\" data-end=\"998\">katru r\u012btu un vakaru<\/strong>.<\/p>\n<hr data-start=\"1001\" data-end=\"1004\" \/>\n<p data-start=\"1006\" data-end=\"1184\"><strong data-start=\"1006\" data-end=\"1022\">Br\u012bdin\u0101jums:<\/strong><br data-start=\"1022\" data-end=\"1025\" \/>Izmantojiet serumu tikai paredz\u0113tajam nol\u016bkam. Saskar\u0113 ar ac\u012bm \u2013 <strong data-start=\"1090\" data-end=\"1139\">nekav\u0113joties izskalot ar lielu \u016bdens daudzumu<\/strong>. Tikai \u0101r\u012bgai lieto\u0161anai. Sarg\u0101t no b\u0113rniem.<\/p>\n<\/div>\n<p><!-- .vgblk-rw-wrapper --><\/p>\n","protected":false},"excerpt":{"rendered":"<p>HIKARI TIGHT&amp;FIRM THERAPY SERUM 30 ml<\/p>\n","protected":false},"featured_media":966,"comment_status":"open","ping_status":"closed","template":"","meta":[],"product_brand":[],"product_cat":[688,687,716,733,676,718,727],"product_tag":[],"giftcard-category":[],"class_list":{"0":"post-998232","1":"product","2":"type-product","3":"status-publish","4":"has-post-thumbnail","6":"product_cat-dermis-direct-lv","7":"product_cat-hikari-lv","8":"product_cat-mitrinosi-produkti","9":"product_cat-retinols","10":"product_cat-sale-lv","11":"product_cat-sejas-kopsana","12":"product_cat-serumi-ellas","14":"first","15":"instock","16":"taxable","17":"shipping-taxable","18":"purchasable","19":"product-type-simple"},"yoast_head":"<!-- This site is optimized with the Yoast SEO Premium plugin v25.1 (Yoast SEO v25.7) - https:\/\/yoast.com\/wordpress\/plugins\/seo\/ -->\n<title>HIKARI TIGHT FIRM THERAPY Serum 30 ml ~ Dolores<\/title>\n<meta name=\"robots\" content=\"index, follow, max-snippet:-1, max-image-preview:large, max-video-preview:-1\" \/>\n<link rel=\"canonical\" href=\"https:\/\/dolores.ee\/lv\/product\/hikari-tight-firm-therapy-serum-30-ml\/\" \/>\n<meta property=\"og:locale\" content=\"lv_LV\" \/>\n<meta property=\"og:type\" content=\"article\" \/>\n<meta property=\"og:title\" content=\"HIKARI TIGHT FIRM THERAPY Serum 30 ml\" \/>\n<meta property=\"og:description\" content=\"HIKARI TIGHT&amp;FIRM THERAPY SERUM 30 ml\" \/>\n<meta property=\"og:url\" content=\"https:\/\/dolores.ee\/lv\/product\/hikari-tight-firm-therapy-serum-30-ml\/\" \/>\n<meta property=\"og:site_name\" content=\"Dolores\" \/>\n<meta property=\"article:publisher\" content=\"https:\/\/www.facebook.com\/doloresepood\/\" \/>\n<meta property=\"article:modified_time\" content=\"2025-07-01T08:06:13+00:00\" \/>\n<meta property=\"og:image\" content=\"https:\/\/dolores.ee\/wp-content\/uploads\/2025\/05\/seo.jpg\" \/>\n\t<meta property=\"og:image:width\" content=\"1200\" \/>\n\t<meta property=\"og:image:height\" content=\"675\" \/>\n\t<meta property=\"og:image:type\" content=\"image\/jpeg\" \/>\n<meta name=\"twitter:card\" content=\"summary_large_image\" \/>\n<meta name=\"twitter:label1\" content=\"Est. reading time\" \/>\n\t<meta name=\"twitter:data1\" content=\"1 minute\" \/>\n<script type=\"application\/ld+json\" class=\"yoast-schema-graph\">{\"@context\":\"https:\/\/schema.org\",\"@graph\":[{\"@type\":\"WebPage\",\"@id\":\"https:\/\/dolores.ee\/lv\/product\/hikari-tight-firm-therapy-serum-30-ml\/\",\"url\":\"https:\/\/dolores.ee\/lv\/product\/hikari-tight-firm-therapy-serum-30-ml\/\",\"name\":\"HIKARI TIGHT FIRM THERAPY Serum 30 ml ~ Dolores\",\"isPartOf\":{\"@id\":\"https:\/\/dolores.ee\/lv\/#website\"},\"primaryImageOfPage\":{\"@id\":\"https:\/\/dolores.ee\/lv\/product\/hikari-tight-firm-therapy-serum-30-ml\/#primaryimage\"},\"image\":{\"@id\":\"https:\/\/dolores.ee\/lv\/product\/hikari-tight-firm-therapy-serum-30-ml\/#primaryimage\"},\"thumbnailUrl\":\"https:\/\/dolores.ee\/wp-content\/uploads\/2020\/08\/Serum_tight_w2-1.jpg\",\"datePublished\":\"2020-08-13T10:00:57+00:00\",\"dateModified\":\"2025-07-01T08:06:13+00:00\",\"breadcrumb\":{\"@id\":\"https:\/\/dolores.ee\/lv\/product\/hikari-tight-firm-therapy-serum-30-ml\/#breadcrumb\"},\"inLanguage\":\"lv-LV\",\"potentialAction\":[{\"@type\":\"ReadAction\",\"target\":[\"https:\/\/dolores.ee\/lv\/product\/hikari-tight-firm-therapy-serum-30-ml\/\"]}]},{\"@type\":\"ImageObject\",\"inLanguage\":\"lv-LV\",\"@id\":\"https:\/\/dolores.ee\/lv\/product\/hikari-tight-firm-therapy-serum-30-ml\/#primaryimage\",\"url\":\"https:\/\/dolores.ee\/wp-content\/uploads\/2020\/08\/Serum_tight_w2-1.jpg\",\"contentUrl\":\"https:\/\/dolores.ee\/wp-content\/uploads\/2020\/08\/Serum_tight_w2-1.jpg\",\"width\":425,\"height\":510},{\"@type\":\"BreadcrumbList\",\"@id\":\"https:\/\/dolores.ee\/lv\/product\/hikari-tight-firm-therapy-serum-30-ml\/#breadcrumb\",\"itemListElement\":[{\"@type\":\"ListItem\",\"position\":1,\"name\":\"Home\",\"item\":\"https:\/\/dolores.ee\/lv\/\"},{\"@type\":\"ListItem\",\"position\":2,\"name\":\"E-veikals\",\"item\":\"https:\/\/dolores.ee\/lv\/e-veikals\/\"},{\"@type\":\"ListItem\",\"position\":3,\"name\":\"HIKARI TIGHT FIRM THERAPY Serum 30 ml\"}]},{\"@type\":\"WebSite\",\"@id\":\"https:\/\/dolores.ee\/lv\/#website\",\"url\":\"https:\/\/dolores.ee\/lv\/\",\"name\":\"Dolores e-pood\",\"description\":\"Beauty Shop\",\"publisher\":{\"@id\":\"https:\/\/dolores.ee\/lv\/#organization\"},\"alternateName\":\"Dolores\",\"potentialAction\":[{\"@type\":\"SearchAction\",\"target\":{\"@type\":\"EntryPoint\",\"urlTemplate\":\"https:\/\/dolores.ee\/lv\/?s={search_term_string}\"},\"query-input\":{\"@type\":\"PropertyValueSpecification\",\"valueRequired\":true,\"valueName\":\"search_term_string\"}}],\"inLanguage\":\"lv-LV\"},{\"@type\":\"Organization\",\"@id\":\"https:\/\/dolores.ee\/lv\/#organization\",\"name\":\"Dolores O\u00dc\",\"alternateName\":\"Dolores e-pood\",\"url\":\"https:\/\/dolores.ee\/lv\/\",\"logo\":{\"@type\":\"ImageObject\",\"inLanguage\":\"lv-LV\",\"@id\":\"https:\/\/dolores.ee\/lv\/#\/schema\/logo\/image\/\",\"url\":\"https:\/\/dolores.ee\/wp-content\/uploads\/2025\/04\/logo-1.jpg\",\"contentUrl\":\"https:\/\/dolores.ee\/wp-content\/uploads\/2025\/04\/logo-1.jpg\",\"width\":1951,\"height\":660,\"caption\":\"Dolores O\u00dc\"},\"image\":{\"@id\":\"https:\/\/dolores.ee\/lv\/#\/schema\/logo\/image\/\"},\"sameAs\":[\"https:\/\/www.facebook.com\/doloresepood\/\"],\"description\":\"Dolores.ee on kaasaegne veebipood, kust leiad tuntud kaubam\u00e4rkide \u2013 GIGI, Anna Lotan, Hikari, Hlavin \u2013 originaalkosmeetikat. Pakume kvaliteetseid hooldustooteid taskukohaste hindadega ja kiire kohaletoimetamisega \u00fcle Eesti. Nahahooldus pole kunagi olnud nii lihtne ja soodne!\",\"email\":\"dolores@dolores.ee\",\"telephone\":\"372 644 2440\",\"legalName\":\"Dolores O\u00dc\",\"foundingDate\":\"1998-02-09\",\"vatID\":\"EE100050280\",\"numberOfEmployees\":{\"@type\":\"QuantitativeValue\",\"minValue\":\"11\",\"maxValue\":\"50\"}}]}<\/script>\n<!-- \/ Yoast SEO Premium plugin. -->","yoast_head_json":{"title":"HIKARI TIGHT FIRM THERAPY Serum 30 ml ~ Dolores","robots":{"index":"index","follow":"follow","max-snippet":"max-snippet:-1","max-image-preview":"max-image-preview:large","max-video-preview":"max-video-preview:-1"},"canonical":"https:\/\/dolores.ee\/lv\/product\/hikari-tight-firm-therapy-serum-30-ml\/","og_locale":"lv_LV","og_type":"article","og_title":"HIKARI TIGHT FIRM THERAPY Serum 30 ml","og_description":"HIKARI TIGHT&amp;FIRM THERAPY SERUM 30 ml","og_url":"https:\/\/dolores.ee\/lv\/product\/hikari-tight-firm-therapy-serum-30-ml\/","og_site_name":"Dolores","article_publisher":"https:\/\/www.facebook.com\/doloresepood\/","article_modified_time":"2025-07-01T08:06:13+00:00","og_image":[{"width":1200,"height":675,"url":"https:\/\/dolores.ee\/wp-content\/uploads\/2025\/05\/seo.jpg","type":"image\/jpeg"}],"twitter_card":"summary_large_image","twitter_misc":{"Est. reading time":"1 minute"},"schema":{"@context":"https:\/\/schema.org","@graph":[{"@type":"WebPage","@id":"https:\/\/dolores.ee\/lv\/product\/hikari-tight-firm-therapy-serum-30-ml\/","url":"https:\/\/dolores.ee\/lv\/product\/hikari-tight-firm-therapy-serum-30-ml\/","name":"HIKARI TIGHT FIRM THERAPY Serum 30 ml ~ Dolores","isPartOf":{"@id":"https:\/\/dolores.ee\/lv\/#website"},"primaryImageOfPage":{"@id":"https:\/\/dolores.ee\/lv\/product\/hikari-tight-firm-therapy-serum-30-ml\/#primaryimage"},"image":{"@id":"https:\/\/dolores.ee\/lv\/product\/hikari-tight-firm-therapy-serum-30-ml\/#primaryimage"},"thumbnailUrl":"https:\/\/dolores.ee\/wp-content\/uploads\/2020\/08\/Serum_tight_w2-1.jpg","datePublished":"2020-08-13T10:00:57+00:00","dateModified":"2025-07-01T08:06:13+00:00","breadcrumb":{"@id":"https:\/\/dolores.ee\/lv\/product\/hikari-tight-firm-therapy-serum-30-ml\/#breadcrumb"},"inLanguage":"lv-LV","potentialAction":[{"@type":"ReadAction","target":["https:\/\/dolores.ee\/lv\/product\/hikari-tight-firm-therapy-serum-30-ml\/"]}]},{"@type":"ImageObject","inLanguage":"lv-LV","@id":"https:\/\/dolores.ee\/lv\/product\/hikari-tight-firm-therapy-serum-30-ml\/#primaryimage","url":"https:\/\/dolores.ee\/wp-content\/uploads\/2020\/08\/Serum_tight_w2-1.jpg","contentUrl":"https:\/\/dolores.ee\/wp-content\/uploads\/2020\/08\/Serum_tight_w2-1.jpg","width":425,"height":510},{"@type":"BreadcrumbList","@id":"https:\/\/dolores.ee\/lv\/product\/hikari-tight-firm-therapy-serum-30-ml\/#breadcrumb","itemListElement":[{"@type":"ListItem","position":1,"name":"Home","item":"https:\/\/dolores.ee\/lv\/"},{"@type":"ListItem","position":2,"name":"E-veikals","item":"https:\/\/dolores.ee\/lv\/e-veikals\/"},{"@type":"ListItem","position":3,"name":"HIKARI TIGHT FIRM THERAPY Serum 30 ml"}]},{"@type":"WebSite","@id":"https:\/\/dolores.ee\/lv\/#website","url":"https:\/\/dolores.ee\/lv\/","name":"Dolores e-pood","description":"Beauty Shop","publisher":{"@id":"https:\/\/dolores.ee\/lv\/#organization"},"alternateName":"Dolores","potentialAction":[{"@type":"SearchAction","target":{"@type":"EntryPoint","urlTemplate":"https:\/\/dolores.ee\/lv\/?s={search_term_string}"},"query-input":{"@type":"PropertyValueSpecification","valueRequired":true,"valueName":"search_term_string"}}],"inLanguage":"lv-LV"},{"@type":"Organization","@id":"https:\/\/dolores.ee\/lv\/#organization","name":"Dolores O\u00dc","alternateName":"Dolores e-pood","url":"https:\/\/dolores.ee\/lv\/","logo":{"@type":"ImageObject","inLanguage":"lv-LV","@id":"https:\/\/dolores.ee\/lv\/#\/schema\/logo\/image\/","url":"https:\/\/dolores.ee\/wp-content\/uploads\/2025\/04\/logo-1.jpg","contentUrl":"https:\/\/dolores.ee\/wp-content\/uploads\/2025\/04\/logo-1.jpg","width":1951,"height":660,"caption":"Dolores O\u00dc"},"image":{"@id":"https:\/\/dolores.ee\/lv\/#\/schema\/logo\/image\/"},"sameAs":["https:\/\/www.facebook.com\/doloresepood\/"],"description":"Dolores.ee on kaasaegne veebipood, kust leiad tuntud kaubam\u00e4rkide \u2013 GIGI, Anna Lotan, Hikari, Hlavin \u2013 originaalkosmeetikat. Pakume kvaliteetseid hooldustooteid taskukohaste hindadega ja kiire kohaletoimetamisega \u00fcle Eesti. Nahahooldus pole kunagi olnud nii lihtne ja soodne!","email":"dolores@dolores.ee","telephone":"372 644 2440","legalName":"Dolores O\u00dc","foundingDate":"1998-02-09","vatID":"EE100050280","numberOfEmployees":{"@type":"QuantitativeValue","minValue":"11","maxValue":"50"}}]}},"_links":{"self":[{"href":"https:\/\/dolores.ee\/lv\/wp-json\/wp\/v2\/product\/998232","targetHints":{"allow":["GET"]}}],"collection":[{"href":"https:\/\/dolores.ee\/lv\/wp-json\/wp\/v2\/product"}],"about":[{"href":"https:\/\/dolores.ee\/lv\/wp-json\/wp\/v2\/types\/product"}],"replies":[{"embeddable":true,"href":"https:\/\/dolores.ee\/lv\/wp-json\/wp\/v2\/comments?post=998232"}],"version-history":[{"count":0,"href":"https:\/\/dolores.ee\/lv\/wp-json\/wp\/v2\/product\/998232\/revisions"}],"wp:featuredmedia":[{"embeddable":true,"href":"https:\/\/dolores.ee\/lv\/wp-json\/wp\/v2\/media\/966"}],"wp:attachment":[{"href":"https:\/\/dolores.ee\/lv\/wp-json\/wp\/v2\/media?parent=998232"}],"wp:term":[{"taxonomy":"product_brand","embeddable":true,"href":"https:\/\/dolores.ee\/lv\/wp-json\/wp\/v2\/product_brand?post=998232"},{"taxonomy":"product_cat","embeddable":true,"href":"https:\/\/dolores.ee\/lv\/wp-json\/wp\/v2\/product_cat?post=998232"},{"taxonomy":"product_tag","embeddable":true,"href":"https:\/\/dolores.ee\/lv\/wp-json\/wp\/v2\/product_tag?post=998232"},{"taxonomy":"giftcard-category","embeddable":true,"href":"https:\/\/dolores.ee\/lv\/wp-json\/wp\/v2\/giftcard-category?post=998232"}],"curies":[{"name":"wp","href":"https:\/\/api.w.org\/{rel}","templated":true}]}}