{"id":998238,"date":"2020-08-13T13:00:54","date_gmt":"2020-08-13T10:00:54","guid":{"rendered":"https:\/\/dolores.ee\/product\/hikari-calm-master-cream-30-ml\/"},"modified":"2025-07-01T11:06:13","modified_gmt":"2025-07-01T08:06:13","slug":"hikari-calm-master-cream-30-ml","status":"publish","type":"product","link":"https:\/\/dolores.ee\/lv\/product\/hikari-calm-master-cream-30-ml\/","title":{"rendered":"HIKARI CALM-MASTER Cream 30 ml"},"content":{"rendered":"<div class=\"vgblk-rw-wrapper limit-wrapper\">\n<p data-start=\"89\" data-end=\"122\"><strong data-start=\"89\" data-end=\"122\">\u201e\u0100tr\u0101 pal\u012bdz\u012bba\u201c jut\u012bgai \u0101dai<\/strong><\/p>\n<p data-start=\"124\" data-end=\"432\">Kr\u0113ma izcili maig\u0101 formula atjauno \u0101das labsaj\u016btu saasin\u0101jumu laik\u0101, ko izraisa iek\u0161\u0113ji vai \u0101r\u0113ji faktori (straujas temperat\u016bras sv\u0101rst\u012bbas, gaisa sausums un citas nelabv\u0113l\u012bgas vides ietekmes). Produkts profesion\u0101li mitrina \u0101du, optimiz\u0113 t\u0101s aizsargsp\u0113jas un pal\u012bdz \u0101tri un efekt\u012bvi mazin\u0101t \u0101das kairin\u0101jumu.<\/p>\n<p data-start=\"434\" data-end=\"600\">Kr\u0113ms ir papildin\u0101ts ar jaun\u0101m akt\u012bv\u0101m sast\u0101vda\u013c\u0101m, \u0146emot v\u0113r\u0101 Covid-19 pand\u0113mijas ietekmi. \u0145emts v\u0113r\u0101 iesp\u0113jamais negat\u012bvais efekts uz sejas \u0101du no masku valk\u0101\u0161anas.<\/p>\n<p data-start=\"602\" data-end=\"616\"><strong data-start=\"602\" data-end=\"614\">Sast\u0101vs:<\/strong><\/p>\n<ul data-start=\"617\" data-end=\"1052\">\n<li data-start=\"617\" data-end=\"775\">\n<p data-start=\"619\" data-end=\"775\"><strong data-start=\"619\" data-end=\"650\">Palmit\u012bnsk\u0101bes neiropept\u012bds<\/strong> \u2014 augsto tehnolo\u0123iju jaun\u0101s paaudzes komponents ar sp\u0113c\u012bgu nomierino\u0161u un pretiekaisuma iedarb\u012bbu. Samazina \u0101das jut\u012bgumu;<\/p>\n<\/li>\n<li data-start=\"776\" data-end=\"936\">\n<p data-start=\"778\" data-end=\"936\"><strong data-start=\"778\" data-end=\"809\">Bioakt\u012bvais komplekss PN-47<\/strong> (balst\u012bts uz citrusaug\u013cu polifenoliem) \u2014 \u0101tri un efekt\u012bvi mazina \u0101das kairin\u0101jumu un aps\u0101rtumu. Atjauno \u0101das aizsargbarjeru;<\/p>\n<\/li>\n<li data-start=\"937\" data-end=\"1052\">\n<p data-start=\"939\" data-end=\"1052\"><strong data-start=\"939\" data-end=\"958\">Alfa bisabolols<\/strong> (no Braz\u012blijas candea e\u013c\u013cas) \u2014 veicina br\u016b\u010du dziedin\u0101\u0161anu un darbojas pretiekaisuma l\u012bdzek\u013ci.<\/p>\n<\/li>\n<\/ul>\n<p data-start=\"1054\" data-end=\"1131\"><strong data-start=\"1054\" data-end=\"1075\">Lieto\u0161anas veids:<\/strong><br data-start=\"1075\" data-end=\"1078\" \/>Uzkl\u0101t no r\u012bta un vakar\u0101 uz t\u012bras, sausas sejas \u0101das.<\/p>\n<\/div>\n<p><!-- .vgblk-rw-wrapper --><\/p>\n","protected":false},"excerpt":{"rendered":"<p data-start=\"39\" data-end=\"99\">\u0100tri iedarbojo\u0161s nomierino\u0161s kr\u0113ms jut\u012bgai \u0101dai, 30 ml<\/p>\n<p data-start=\"101\" data-end=\"157\" data-is-last-node=\"\" data-is-only-node=\"\">\n","protected":false},"featured_media":998240,"comment_status":"open","ping_status":"closed","template":"","meta":[],"product_brand":[],"product_cat":[712,688,687,716,730,709,676,718,724],"product_tag":[],"giftcard-category":[],"class_list":{"0":"post-998238","1":"product","2":"type-product","3":"status-publish","4":"has-post-thumbnail","6":"product_cat-aizsardziba-pret-aukstumu","7":"product_cat-dermis-direct-lv","8":"product_cat-hikari-lv","9":"product_cat-mitrinosi-produkti","10":"product_cat-nakts-krems","11":"product_cat-populari-produkti","12":"product_cat-sale-lv","13":"product_cat-sejas-kopsana","14":"product_cat-sejas-krems","16":"first","17":"instock","18":"taxable","19":"shipping-taxable","20":"purchasable","21":"product-type-simple"},"yoast_head":"<!-- This site is optimized with the Yoast SEO Premium plugin v25.1 (Yoast SEO v25.7) - https:\/\/yoast.com\/wordpress\/plugins\/seo\/ -->\n<title>HIKARI CALM-MASTER Cream 30 ml ~ Dolores<\/title>\n<meta name=\"robots\" content=\"index, follow, max-snippet:-1, max-image-preview:large, max-video-preview:-1\" \/>\n<link rel=\"canonical\" href=\"https:\/\/dolores.ee\/lv\/product\/hikari-calm-master-cream-30-ml\/\" \/>\n<meta property=\"og:locale\" content=\"lv_LV\" \/>\n<meta property=\"og:type\" content=\"article\" \/>\n<meta property=\"og:title\" content=\"HIKARI CALM-MASTER Cream 30 ml\" \/>\n<meta property=\"og:description\" content=\"\u0100tri iedarbojo\u0161s nomierino\u0161s kr\u0113ms jut\u012bgai \u0101dai, 30 ml\" \/>\n<meta property=\"og:url\" content=\"https:\/\/dolores.ee\/lv\/product\/hikari-calm-master-cream-30-ml\/\" \/>\n<meta property=\"og:site_name\" content=\"Dolores\" \/>\n<meta property=\"article:publisher\" content=\"https:\/\/www.facebook.com\/doloresepood\/\" \/>\n<meta property=\"article:modified_time\" content=\"2025-07-01T08:06:13+00:00\" \/>\n<meta property=\"og:image\" content=\"https:\/\/dolores.ee\/wp-content\/uploads\/2020\/08\/thumbnail_PHOTO-2021-01-22-13-01-15.jpg\" \/>\n\t<meta property=\"og:image:width\" content=\"1113\" \/>\n\t<meta property=\"og:image:height\" content=\"1600\" \/>\n\t<meta property=\"og:image:type\" content=\"image\/jpeg\" \/>\n<meta name=\"twitter:card\" content=\"summary_large_image\" \/>\n<meta name=\"twitter:label1\" content=\"Est. reading time\" \/>\n\t<meta name=\"twitter:data1\" content=\"1 minute\" \/>\n<script type=\"application\/ld+json\" class=\"yoast-schema-graph\">{\"@context\":\"https:\/\/schema.org\",\"@graph\":[{\"@type\":\"WebPage\",\"@id\":\"https:\/\/dolores.ee\/lv\/product\/hikari-calm-master-cream-30-ml\/\",\"url\":\"https:\/\/dolores.ee\/lv\/product\/hikari-calm-master-cream-30-ml\/\",\"name\":\"HIKARI CALM-MASTER Cream 30 ml ~ Dolores\",\"isPartOf\":{\"@id\":\"https:\/\/dolores.ee\/lv\/#website\"},\"primaryImageOfPage\":{\"@id\":\"https:\/\/dolores.ee\/lv\/product\/hikari-calm-master-cream-30-ml\/#primaryimage\"},\"image\":{\"@id\":\"https:\/\/dolores.ee\/lv\/product\/hikari-calm-master-cream-30-ml\/#primaryimage\"},\"thumbnailUrl\":\"https:\/\/dolores.ee\/wp-content\/uploads\/2020\/08\/thumbnail_PHOTO-2021-01-22-13-01-15.jpg\",\"datePublished\":\"2020-08-13T10:00:54+00:00\",\"dateModified\":\"2025-07-01T08:06:13+00:00\",\"breadcrumb\":{\"@id\":\"https:\/\/dolores.ee\/lv\/product\/hikari-calm-master-cream-30-ml\/#breadcrumb\"},\"inLanguage\":\"lv-LV\",\"potentialAction\":[{\"@type\":\"ReadAction\",\"target\":[\"https:\/\/dolores.ee\/lv\/product\/hikari-calm-master-cream-30-ml\/\"]}]},{\"@type\":\"ImageObject\",\"inLanguage\":\"lv-LV\",\"@id\":\"https:\/\/dolores.ee\/lv\/product\/hikari-calm-master-cream-30-ml\/#primaryimage\",\"url\":\"https:\/\/dolores.ee\/wp-content\/uploads\/2020\/08\/thumbnail_PHOTO-2021-01-22-13-01-15.jpg\",\"contentUrl\":\"https:\/\/dolores.ee\/wp-content\/uploads\/2020\/08\/thumbnail_PHOTO-2021-01-22-13-01-15.jpg\",\"width\":1113,\"height\":1600},{\"@type\":\"BreadcrumbList\",\"@id\":\"https:\/\/dolores.ee\/lv\/product\/hikari-calm-master-cream-30-ml\/#breadcrumb\",\"itemListElement\":[{\"@type\":\"ListItem\",\"position\":1,\"name\":\"Home\",\"item\":\"https:\/\/dolores.ee\/lv\/\"},{\"@type\":\"ListItem\",\"position\":2,\"name\":\"E-veikals\",\"item\":\"https:\/\/dolores.ee\/lv\/e-veikals\/\"},{\"@type\":\"ListItem\",\"position\":3,\"name\":\"HIKARI CALM-MASTER Cream 30 ml\"}]},{\"@type\":\"WebSite\",\"@id\":\"https:\/\/dolores.ee\/lv\/#website\",\"url\":\"https:\/\/dolores.ee\/lv\/\",\"name\":\"Dolores e-pood\",\"description\":\"Beauty Shop\",\"publisher\":{\"@id\":\"https:\/\/dolores.ee\/lv\/#organization\"},\"alternateName\":\"Dolores\",\"potentialAction\":[{\"@type\":\"SearchAction\",\"target\":{\"@type\":\"EntryPoint\",\"urlTemplate\":\"https:\/\/dolores.ee\/lv\/?s={search_term_string}\"},\"query-input\":{\"@type\":\"PropertyValueSpecification\",\"valueRequired\":true,\"valueName\":\"search_term_string\"}}],\"inLanguage\":\"lv-LV\"},{\"@type\":\"Organization\",\"@id\":\"https:\/\/dolores.ee\/lv\/#organization\",\"name\":\"Dolores O\u00dc\",\"alternateName\":\"Dolores e-pood\",\"url\":\"https:\/\/dolores.ee\/lv\/\",\"logo\":{\"@type\":\"ImageObject\",\"inLanguage\":\"lv-LV\",\"@id\":\"https:\/\/dolores.ee\/lv\/#\/schema\/logo\/image\/\",\"url\":\"https:\/\/dolores.ee\/wp-content\/uploads\/2025\/04\/logo-1.jpg\",\"contentUrl\":\"https:\/\/dolores.ee\/wp-content\/uploads\/2025\/04\/logo-1.jpg\",\"width\":1951,\"height\":660,\"caption\":\"Dolores O\u00dc\"},\"image\":{\"@id\":\"https:\/\/dolores.ee\/lv\/#\/schema\/logo\/image\/\"},\"sameAs\":[\"https:\/\/www.facebook.com\/doloresepood\/\"],\"description\":\"Dolores.ee on kaasaegne veebipood, kust leiad tuntud kaubam\u00e4rkide \u2013 GIGI, Anna Lotan, Hikari, Hlavin \u2013 originaalkosmeetikat. Pakume kvaliteetseid hooldustooteid taskukohaste hindadega ja kiire kohaletoimetamisega \u00fcle Eesti. Nahahooldus pole kunagi olnud nii lihtne ja soodne!\",\"email\":\"dolores@dolores.ee\",\"telephone\":\"372 644 2440\",\"legalName\":\"Dolores O\u00dc\",\"foundingDate\":\"1998-02-09\",\"vatID\":\"EE100050280\",\"numberOfEmployees\":{\"@type\":\"QuantitativeValue\",\"minValue\":\"11\",\"maxValue\":\"50\"}}]}<\/script>\n<!-- \/ Yoast SEO Premium plugin. -->","yoast_head_json":{"title":"HIKARI CALM-MASTER Cream 30 ml ~ Dolores","robots":{"index":"index","follow":"follow","max-snippet":"max-snippet:-1","max-image-preview":"max-image-preview:large","max-video-preview":"max-video-preview:-1"},"canonical":"https:\/\/dolores.ee\/lv\/product\/hikari-calm-master-cream-30-ml\/","og_locale":"lv_LV","og_type":"article","og_title":"HIKARI CALM-MASTER Cream 30 ml","og_description":"\u0100tri iedarbojo\u0161s nomierino\u0161s kr\u0113ms jut\u012bgai \u0101dai, 30 ml","og_url":"https:\/\/dolores.ee\/lv\/product\/hikari-calm-master-cream-30-ml\/","og_site_name":"Dolores","article_publisher":"https:\/\/www.facebook.com\/doloresepood\/","article_modified_time":"2025-07-01T08:06:13+00:00","og_image":[{"width":1113,"height":1600,"url":"https:\/\/dolores.ee\/wp-content\/uploads\/2020\/08\/thumbnail_PHOTO-2021-01-22-13-01-15.jpg","type":"image\/jpeg"}],"twitter_card":"summary_large_image","twitter_misc":{"Est. reading time":"1 minute"},"schema":{"@context":"https:\/\/schema.org","@graph":[{"@type":"WebPage","@id":"https:\/\/dolores.ee\/lv\/product\/hikari-calm-master-cream-30-ml\/","url":"https:\/\/dolores.ee\/lv\/product\/hikari-calm-master-cream-30-ml\/","name":"HIKARI CALM-MASTER Cream 30 ml ~ Dolores","isPartOf":{"@id":"https:\/\/dolores.ee\/lv\/#website"},"primaryImageOfPage":{"@id":"https:\/\/dolores.ee\/lv\/product\/hikari-calm-master-cream-30-ml\/#primaryimage"},"image":{"@id":"https:\/\/dolores.ee\/lv\/product\/hikari-calm-master-cream-30-ml\/#primaryimage"},"thumbnailUrl":"https:\/\/dolores.ee\/wp-content\/uploads\/2020\/08\/thumbnail_PHOTO-2021-01-22-13-01-15.jpg","datePublished":"2020-08-13T10:00:54+00:00","dateModified":"2025-07-01T08:06:13+00:00","breadcrumb":{"@id":"https:\/\/dolores.ee\/lv\/product\/hikari-calm-master-cream-30-ml\/#breadcrumb"},"inLanguage":"lv-LV","potentialAction":[{"@type":"ReadAction","target":["https:\/\/dolores.ee\/lv\/product\/hikari-calm-master-cream-30-ml\/"]}]},{"@type":"ImageObject","inLanguage":"lv-LV","@id":"https:\/\/dolores.ee\/lv\/product\/hikari-calm-master-cream-30-ml\/#primaryimage","url":"https:\/\/dolores.ee\/wp-content\/uploads\/2020\/08\/thumbnail_PHOTO-2021-01-22-13-01-15.jpg","contentUrl":"https:\/\/dolores.ee\/wp-content\/uploads\/2020\/08\/thumbnail_PHOTO-2021-01-22-13-01-15.jpg","width":1113,"height":1600},{"@type":"BreadcrumbList","@id":"https:\/\/dolores.ee\/lv\/product\/hikari-calm-master-cream-30-ml\/#breadcrumb","itemListElement":[{"@type":"ListItem","position":1,"name":"Home","item":"https:\/\/dolores.ee\/lv\/"},{"@type":"ListItem","position":2,"name":"E-veikals","item":"https:\/\/dolores.ee\/lv\/e-veikals\/"},{"@type":"ListItem","position":3,"name":"HIKARI CALM-MASTER Cream 30 ml"}]},{"@type":"WebSite","@id":"https:\/\/dolores.ee\/lv\/#website","url":"https:\/\/dolores.ee\/lv\/","name":"Dolores e-pood","description":"Beauty Shop","publisher":{"@id":"https:\/\/dolores.ee\/lv\/#organization"},"alternateName":"Dolores","potentialAction":[{"@type":"SearchAction","target":{"@type":"EntryPoint","urlTemplate":"https:\/\/dolores.ee\/lv\/?s={search_term_string}"},"query-input":{"@type":"PropertyValueSpecification","valueRequired":true,"valueName":"search_term_string"}}],"inLanguage":"lv-LV"},{"@type":"Organization","@id":"https:\/\/dolores.ee\/lv\/#organization","name":"Dolores O\u00dc","alternateName":"Dolores e-pood","url":"https:\/\/dolores.ee\/lv\/","logo":{"@type":"ImageObject","inLanguage":"lv-LV","@id":"https:\/\/dolores.ee\/lv\/#\/schema\/logo\/image\/","url":"https:\/\/dolores.ee\/wp-content\/uploads\/2025\/04\/logo-1.jpg","contentUrl":"https:\/\/dolores.ee\/wp-content\/uploads\/2025\/04\/logo-1.jpg","width":1951,"height":660,"caption":"Dolores O\u00dc"},"image":{"@id":"https:\/\/dolores.ee\/lv\/#\/schema\/logo\/image\/"},"sameAs":["https:\/\/www.facebook.com\/doloresepood\/"],"description":"Dolores.ee on kaasaegne veebipood, kust leiad tuntud kaubam\u00e4rkide \u2013 GIGI, Anna Lotan, Hikari, Hlavin \u2013 originaalkosmeetikat. Pakume kvaliteetseid hooldustooteid taskukohaste hindadega ja kiire kohaletoimetamisega \u00fcle Eesti. Nahahooldus pole kunagi olnud nii lihtne ja soodne!","email":"dolores@dolores.ee","telephone":"372 644 2440","legalName":"Dolores O\u00dc","foundingDate":"1998-02-09","vatID":"EE100050280","numberOfEmployees":{"@type":"QuantitativeValue","minValue":"11","maxValue":"50"}}]}},"_links":{"self":[{"href":"https:\/\/dolores.ee\/lv\/wp-json\/wp\/v2\/product\/998238","targetHints":{"allow":["GET"]}}],"collection":[{"href":"https:\/\/dolores.ee\/lv\/wp-json\/wp\/v2\/product"}],"about":[{"href":"https:\/\/dolores.ee\/lv\/wp-json\/wp\/v2\/types\/product"}],"replies":[{"embeddable":true,"href":"https:\/\/dolores.ee\/lv\/wp-json\/wp\/v2\/comments?post=998238"}],"version-history":[{"count":0,"href":"https:\/\/dolores.ee\/lv\/wp-json\/wp\/v2\/product\/998238\/revisions"}],"wp:featuredmedia":[{"embeddable":true,"href":"https:\/\/dolores.ee\/lv\/wp-json\/wp\/v2\/media\/998240"}],"wp:attachment":[{"href":"https:\/\/dolores.ee\/lv\/wp-json\/wp\/v2\/media?parent=998238"}],"wp:term":[{"taxonomy":"product_brand","embeddable":true,"href":"https:\/\/dolores.ee\/lv\/wp-json\/wp\/v2\/product_brand?post=998238"},{"taxonomy":"product_cat","embeddable":true,"href":"https:\/\/dolores.ee\/lv\/wp-json\/wp\/v2\/product_cat?post=998238"},{"taxonomy":"product_tag","embeddable":true,"href":"https:\/\/dolores.ee\/lv\/wp-json\/wp\/v2\/product_tag?post=998238"},{"taxonomy":"giftcard-category","embeddable":true,"href":"https:\/\/dolores.ee\/lv\/wp-json\/wp\/v2\/giftcard-category?post=998238"}],"curies":[{"name":"wp","href":"https:\/\/api.w.org\/{rel}","templated":true}]}}