{"id":998241,"date":"2020-08-13T13:00:53","date_gmt":"2020-08-13T10:00:53","guid":{"rendered":"https:\/\/dolores.ee\/product\/hikari-deep-moisture-cream-mix-oily-50ml\/"},"modified":"2025-07-01T11:06:13","modified_gmt":"2025-07-01T08:06:13","slug":"hikari-deep-moisture-cream-mix-oily-50ml","status":"publish","type":"product","link":"https:\/\/dolores.ee\/lv\/product\/hikari-deep-moisture-cream-mix-oily-50ml\/","title":{"rendered":"HIKARI DEEP MOISTURE Cream (mix-oily) 50ml"},"content":{"rendered":"<div class=\"vgblk-rw-wrapper limit-wrapper\">\n<p data-start=\"54\" data-end=\"594\">Intens\u012bvi mitrino\u0161s dienas kr\u0113ms pal\u012bdz saglab\u0101t \u0101das jaun\u012bbu. Unik\u0101li pept\u012bdu kompleksi veicina \u0101das dabisko mitruma notur\u0113\u0161anas meh\u0101nismu atjauno\u0161anos. Kr\u0113ms nov\u0113r\u0161 \u0101das dehidrat\u0101ciju un priek\u0161laic\u012bgu noveco\u0161anos. Intens\u012bva mitrin\u0101\u0161ana nodro\u0161ina maigumu un pat\u012bkamu saj\u016btu. SPF-15 aizsarg\u0101 \u0161\u016bnas no UV starojuma, neizmantojot \u0137\u012bmiskos filtrus. Kr\u0113ms pal\u012bdz \u0101dai kompens\u0113t kait\u012bgo vides ietekmi, stiprina aizsardz\u012bbas funkciju un lieliski kalpo k\u0101 grima b\u0101ze. Intens\u012bvi mitrino\u0161o dienas kr\u0113mu uzkl\u0101jiet no r\u012bta uz t\u012bras un sausas \u0101das.<\/p>\n<p data-start=\"596\" data-end=\"800\">Lai pan\u0101ktu vislab\u0101kos rezult\u0101tus, zem t\u0101 var lietot HYDRA THERAPY serumu un vair\u0101kas reizes ned\u0113\u013c\u0101 izmantot HYDRA BOOSTER MASKU. Papildu aizsardz\u012bbai pret UV starojumu lietojiet ar\u012b SUNBLOCK SPF50 kr\u0113mu.<\/p>\n<p data-start=\"802\" data-end=\"920\"><strong data-start=\"802\" data-end=\"814\">Sast\u0101vs:<\/strong> Glukuronsk\u0101be, Hialuronsk\u0101be \u2013 molekulmasa 1.3M Da, pildvielu sf\u0113ras, Tinosorb S \u2013 UVA filtrs, Parsol MCX<\/p>\n<\/div>\n<p><!-- .vgblk-rw-wrapper --><\/p>\n","protected":false},"excerpt":{"rendered":"<p>HIKARI Intens\u012bvi mitrino\u0161s dienas kr\u0113ms taukainai \u0101dai, 50 ml<\/p>\n","protected":false},"featured_media":329159,"comment_status":"open","ping_status":"closed","template":"","meta":[],"product_brand":[],"product_cat":[688,725,687,716,733,676],"product_tag":[],"giftcard-category":[],"class_list":{"0":"post-998241","1":"product","2":"type-product","3":"status-publish","4":"has-post-thumbnail","6":"product_cat-dermis-direct-lv","7":"product_cat-dienas-krems","8":"product_cat-hikari-lv","9":"product_cat-mitrinosi-produkti","10":"product_cat-retinols","11":"product_cat-sale-lv","13":"first","14":"instock","15":"taxable","16":"shipping-taxable","17":"purchasable","18":"product-type-simple"},"yoast_head":"<!-- This site is optimized with the Yoast SEO Premium plugin v25.1 (Yoast SEO v25.7) - https:\/\/yoast.com\/wordpress\/plugins\/seo\/ -->\n<title>HIKARI DEEP MOISTURE Cream (mix-oily) 50ml ~ Dolores<\/title>\n<meta name=\"robots\" content=\"index, follow, max-snippet:-1, max-image-preview:large, max-video-preview:-1\" \/>\n<link rel=\"canonical\" href=\"https:\/\/dolores.ee\/lv\/product\/hikari-deep-moisture-cream-mix-oily-50ml\/\" \/>\n<meta property=\"og:locale\" content=\"lv_LV\" \/>\n<meta property=\"og:type\" content=\"article\" \/>\n<meta property=\"og:title\" content=\"HIKARI DEEP MOISTURE Cream (mix-oily) 50ml\" \/>\n<meta property=\"og:description\" content=\"HIKARI Intens\u012bvi mitrino\u0161s dienas kr\u0113ms taukainai \u0101dai, 50 ml\" \/>\n<meta property=\"og:url\" content=\"https:\/\/dolores.ee\/lv\/product\/hikari-deep-moisture-cream-mix-oily-50ml\/\" \/>\n<meta property=\"og:site_name\" content=\"Dolores\" \/>\n<meta property=\"article:publisher\" content=\"https:\/\/www.facebook.com\/doloresepood\/\" \/>\n<meta property=\"article:modified_time\" content=\"2025-07-01T08:06:13+00:00\" \/>\n<meta property=\"og:image\" content=\"https:\/\/dolores.ee\/wp-content\/uploads\/2025\/05\/seo.jpg\" \/>\n\t<meta property=\"og:image:width\" content=\"1200\" \/>\n\t<meta property=\"og:image:height\" content=\"675\" \/>\n\t<meta property=\"og:image:type\" content=\"image\/jpeg\" \/>\n<meta name=\"twitter:card\" content=\"summary_large_image\" \/>\n<meta name=\"twitter:label1\" content=\"Est. reading time\" \/>\n\t<meta name=\"twitter:data1\" content=\"1 minute\" \/>\n<script type=\"application\/ld+json\" class=\"yoast-schema-graph\">{\"@context\":\"https:\/\/schema.org\",\"@graph\":[{\"@type\":\"WebPage\",\"@id\":\"https:\/\/dolores.ee\/lv\/product\/hikari-deep-moisture-cream-mix-oily-50ml\/\",\"url\":\"https:\/\/dolores.ee\/lv\/product\/hikari-deep-moisture-cream-mix-oily-50ml\/\",\"name\":\"HIKARI DEEP MOISTURE Cream (mix-oily) 50ml ~ Dolores\",\"isPartOf\":{\"@id\":\"https:\/\/dolores.ee\/lv\/#website\"},\"primaryImageOfPage\":{\"@id\":\"https:\/\/dolores.ee\/lv\/product\/hikari-deep-moisture-cream-mix-oily-50ml\/#primaryimage\"},\"image\":{\"@id\":\"https:\/\/dolores.ee\/lv\/product\/hikari-deep-moisture-cream-mix-oily-50ml\/#primaryimage\"},\"thumbnailUrl\":\"https:\/\/dolores.ee\/wp-content\/uploads\/2020\/08\/thumbnail_PHOTO-2021-04-05-10-41-49.jpg\",\"datePublished\":\"2020-08-13T10:00:53+00:00\",\"dateModified\":\"2025-07-01T08:06:13+00:00\",\"breadcrumb\":{\"@id\":\"https:\/\/dolores.ee\/lv\/product\/hikari-deep-moisture-cream-mix-oily-50ml\/#breadcrumb\"},\"inLanguage\":\"lv-LV\",\"potentialAction\":[{\"@type\":\"ReadAction\",\"target\":[\"https:\/\/dolores.ee\/lv\/product\/hikari-deep-moisture-cream-mix-oily-50ml\/\"]}]},{\"@type\":\"ImageObject\",\"inLanguage\":\"lv-LV\",\"@id\":\"https:\/\/dolores.ee\/lv\/product\/hikari-deep-moisture-cream-mix-oily-50ml\/#primaryimage\",\"url\":\"https:\/\/dolores.ee\/wp-content\/uploads\/2020\/08\/thumbnail_PHOTO-2021-04-05-10-41-49.jpg\",\"contentUrl\":\"https:\/\/dolores.ee\/wp-content\/uploads\/2020\/08\/thumbnail_PHOTO-2021-04-05-10-41-49.jpg\",\"width\":1280,\"height\":1081},{\"@type\":\"BreadcrumbList\",\"@id\":\"https:\/\/dolores.ee\/lv\/product\/hikari-deep-moisture-cream-mix-oily-50ml\/#breadcrumb\",\"itemListElement\":[{\"@type\":\"ListItem\",\"position\":1,\"name\":\"Home\",\"item\":\"https:\/\/dolores.ee\/lv\/\"},{\"@type\":\"ListItem\",\"position\":2,\"name\":\"E-veikals\",\"item\":\"https:\/\/dolores.ee\/lv\/e-veikals\/\"},{\"@type\":\"ListItem\",\"position\":3,\"name\":\"HIKARI DEEP MOISTURE Cream (mix-oily) 50ml\"}]},{\"@type\":\"WebSite\",\"@id\":\"https:\/\/dolores.ee\/lv\/#website\",\"url\":\"https:\/\/dolores.ee\/lv\/\",\"name\":\"Dolores e-pood\",\"description\":\"Beauty Shop\",\"publisher\":{\"@id\":\"https:\/\/dolores.ee\/lv\/#organization\"},\"alternateName\":\"Dolores\",\"potentialAction\":[{\"@type\":\"SearchAction\",\"target\":{\"@type\":\"EntryPoint\",\"urlTemplate\":\"https:\/\/dolores.ee\/lv\/?s={search_term_string}\"},\"query-input\":{\"@type\":\"PropertyValueSpecification\",\"valueRequired\":true,\"valueName\":\"search_term_string\"}}],\"inLanguage\":\"lv-LV\"},{\"@type\":\"Organization\",\"@id\":\"https:\/\/dolores.ee\/lv\/#organization\",\"name\":\"Dolores O\u00dc\",\"alternateName\":\"Dolores e-pood\",\"url\":\"https:\/\/dolores.ee\/lv\/\",\"logo\":{\"@type\":\"ImageObject\",\"inLanguage\":\"lv-LV\",\"@id\":\"https:\/\/dolores.ee\/lv\/#\/schema\/logo\/image\/\",\"url\":\"https:\/\/dolores.ee\/wp-content\/uploads\/2025\/04\/logo-1.jpg\",\"contentUrl\":\"https:\/\/dolores.ee\/wp-content\/uploads\/2025\/04\/logo-1.jpg\",\"width\":1951,\"height\":660,\"caption\":\"Dolores O\u00dc\"},\"image\":{\"@id\":\"https:\/\/dolores.ee\/lv\/#\/schema\/logo\/image\/\"},\"sameAs\":[\"https:\/\/www.facebook.com\/doloresepood\/\"],\"description\":\"Dolores.ee on kaasaegne veebipood, kust leiad tuntud kaubam\u00e4rkide \u2013 GIGI, Anna Lotan, Hikari, Hlavin \u2013 originaalkosmeetikat. Pakume kvaliteetseid hooldustooteid taskukohaste hindadega ja kiire kohaletoimetamisega \u00fcle Eesti. Nahahooldus pole kunagi olnud nii lihtne ja soodne!\",\"email\":\"dolores@dolores.ee\",\"telephone\":\"372 644 2440\",\"legalName\":\"Dolores O\u00dc\",\"foundingDate\":\"1998-02-09\",\"vatID\":\"EE100050280\",\"numberOfEmployees\":{\"@type\":\"QuantitativeValue\",\"minValue\":\"11\",\"maxValue\":\"50\"}}]}<\/script>\n<!-- \/ Yoast SEO Premium plugin. -->","yoast_head_json":{"title":"HIKARI DEEP MOISTURE Cream (mix-oily) 50ml ~ Dolores","robots":{"index":"index","follow":"follow","max-snippet":"max-snippet:-1","max-image-preview":"max-image-preview:large","max-video-preview":"max-video-preview:-1"},"canonical":"https:\/\/dolores.ee\/lv\/product\/hikari-deep-moisture-cream-mix-oily-50ml\/","og_locale":"lv_LV","og_type":"article","og_title":"HIKARI DEEP MOISTURE Cream (mix-oily) 50ml","og_description":"HIKARI Intens\u012bvi mitrino\u0161s dienas kr\u0113ms taukainai \u0101dai, 50 ml","og_url":"https:\/\/dolores.ee\/lv\/product\/hikari-deep-moisture-cream-mix-oily-50ml\/","og_site_name":"Dolores","article_publisher":"https:\/\/www.facebook.com\/doloresepood\/","article_modified_time":"2025-07-01T08:06:13+00:00","og_image":[{"width":1200,"height":675,"url":"https:\/\/dolores.ee\/wp-content\/uploads\/2025\/05\/seo.jpg","type":"image\/jpeg"}],"twitter_card":"summary_large_image","twitter_misc":{"Est. reading time":"1 minute"},"schema":{"@context":"https:\/\/schema.org","@graph":[{"@type":"WebPage","@id":"https:\/\/dolores.ee\/lv\/product\/hikari-deep-moisture-cream-mix-oily-50ml\/","url":"https:\/\/dolores.ee\/lv\/product\/hikari-deep-moisture-cream-mix-oily-50ml\/","name":"HIKARI DEEP MOISTURE Cream (mix-oily) 50ml ~ Dolores","isPartOf":{"@id":"https:\/\/dolores.ee\/lv\/#website"},"primaryImageOfPage":{"@id":"https:\/\/dolores.ee\/lv\/product\/hikari-deep-moisture-cream-mix-oily-50ml\/#primaryimage"},"image":{"@id":"https:\/\/dolores.ee\/lv\/product\/hikari-deep-moisture-cream-mix-oily-50ml\/#primaryimage"},"thumbnailUrl":"https:\/\/dolores.ee\/wp-content\/uploads\/2020\/08\/thumbnail_PHOTO-2021-04-05-10-41-49.jpg","datePublished":"2020-08-13T10:00:53+00:00","dateModified":"2025-07-01T08:06:13+00:00","breadcrumb":{"@id":"https:\/\/dolores.ee\/lv\/product\/hikari-deep-moisture-cream-mix-oily-50ml\/#breadcrumb"},"inLanguage":"lv-LV","potentialAction":[{"@type":"ReadAction","target":["https:\/\/dolores.ee\/lv\/product\/hikari-deep-moisture-cream-mix-oily-50ml\/"]}]},{"@type":"ImageObject","inLanguage":"lv-LV","@id":"https:\/\/dolores.ee\/lv\/product\/hikari-deep-moisture-cream-mix-oily-50ml\/#primaryimage","url":"https:\/\/dolores.ee\/wp-content\/uploads\/2020\/08\/thumbnail_PHOTO-2021-04-05-10-41-49.jpg","contentUrl":"https:\/\/dolores.ee\/wp-content\/uploads\/2020\/08\/thumbnail_PHOTO-2021-04-05-10-41-49.jpg","width":1280,"height":1081},{"@type":"BreadcrumbList","@id":"https:\/\/dolores.ee\/lv\/product\/hikari-deep-moisture-cream-mix-oily-50ml\/#breadcrumb","itemListElement":[{"@type":"ListItem","position":1,"name":"Home","item":"https:\/\/dolores.ee\/lv\/"},{"@type":"ListItem","position":2,"name":"E-veikals","item":"https:\/\/dolores.ee\/lv\/e-veikals\/"},{"@type":"ListItem","position":3,"name":"HIKARI DEEP MOISTURE Cream (mix-oily) 50ml"}]},{"@type":"WebSite","@id":"https:\/\/dolores.ee\/lv\/#website","url":"https:\/\/dolores.ee\/lv\/","name":"Dolores e-pood","description":"Beauty Shop","publisher":{"@id":"https:\/\/dolores.ee\/lv\/#organization"},"alternateName":"Dolores","potentialAction":[{"@type":"SearchAction","target":{"@type":"EntryPoint","urlTemplate":"https:\/\/dolores.ee\/lv\/?s={search_term_string}"},"query-input":{"@type":"PropertyValueSpecification","valueRequired":true,"valueName":"search_term_string"}}],"inLanguage":"lv-LV"},{"@type":"Organization","@id":"https:\/\/dolores.ee\/lv\/#organization","name":"Dolores O\u00dc","alternateName":"Dolores e-pood","url":"https:\/\/dolores.ee\/lv\/","logo":{"@type":"ImageObject","inLanguage":"lv-LV","@id":"https:\/\/dolores.ee\/lv\/#\/schema\/logo\/image\/","url":"https:\/\/dolores.ee\/wp-content\/uploads\/2025\/04\/logo-1.jpg","contentUrl":"https:\/\/dolores.ee\/wp-content\/uploads\/2025\/04\/logo-1.jpg","width":1951,"height":660,"caption":"Dolores O\u00dc"},"image":{"@id":"https:\/\/dolores.ee\/lv\/#\/schema\/logo\/image\/"},"sameAs":["https:\/\/www.facebook.com\/doloresepood\/"],"description":"Dolores.ee on kaasaegne veebipood, kust leiad tuntud kaubam\u00e4rkide \u2013 GIGI, Anna Lotan, Hikari, Hlavin \u2013 originaalkosmeetikat. Pakume kvaliteetseid hooldustooteid taskukohaste hindadega ja kiire kohaletoimetamisega \u00fcle Eesti. Nahahooldus pole kunagi olnud nii lihtne ja soodne!","email":"dolores@dolores.ee","telephone":"372 644 2440","legalName":"Dolores O\u00dc","foundingDate":"1998-02-09","vatID":"EE100050280","numberOfEmployees":{"@type":"QuantitativeValue","minValue":"11","maxValue":"50"}}]}},"_links":{"self":[{"href":"https:\/\/dolores.ee\/lv\/wp-json\/wp\/v2\/product\/998241","targetHints":{"allow":["GET"]}}],"collection":[{"href":"https:\/\/dolores.ee\/lv\/wp-json\/wp\/v2\/product"}],"about":[{"href":"https:\/\/dolores.ee\/lv\/wp-json\/wp\/v2\/types\/product"}],"replies":[{"embeddable":true,"href":"https:\/\/dolores.ee\/lv\/wp-json\/wp\/v2\/comments?post=998241"}],"version-history":[{"count":0,"href":"https:\/\/dolores.ee\/lv\/wp-json\/wp\/v2\/product\/998241\/revisions"}],"wp:featuredmedia":[{"embeddable":true,"href":"https:\/\/dolores.ee\/lv\/wp-json\/wp\/v2\/media\/329159"}],"wp:attachment":[{"href":"https:\/\/dolores.ee\/lv\/wp-json\/wp\/v2\/media?parent=998241"}],"wp:term":[{"taxonomy":"product_brand","embeddable":true,"href":"https:\/\/dolores.ee\/lv\/wp-json\/wp\/v2\/product_brand?post=998241"},{"taxonomy":"product_cat","embeddable":true,"href":"https:\/\/dolores.ee\/lv\/wp-json\/wp\/v2\/product_cat?post=998241"},{"taxonomy":"product_tag","embeddable":true,"href":"https:\/\/dolores.ee\/lv\/wp-json\/wp\/v2\/product_tag?post=998241"},{"taxonomy":"giftcard-category","embeddable":true,"href":"https:\/\/dolores.ee\/lv\/wp-json\/wp\/v2\/giftcard-category?post=998241"}],"curies":[{"name":"wp","href":"https:\/\/api.w.org\/{rel}","templated":true}]}}