{"id":998261,"date":"2020-08-13T13:00:44","date_gmt":"2020-08-13T10:00:44","guid":{"rendered":"https:\/\/dolores.ee\/product\/hikari-hydra-therapy-serum-30-ml\/"},"modified":"2025-07-01T11:06:13","modified_gmt":"2025-07-01T08:06:13","slug":"hikari-hydra-therapy-serum-30-ml","status":"publish","type":"product","link":"https:\/\/dolores.ee\/lv\/product\/hikari-hydra-therapy-serum-30-ml\/","title":{"rendered":"HIKARI HYDRA THERAPY SERUM 30 ml"},"content":{"rendered":"<div class=\"vgblk-rw-wrapper limit-wrapper\">\n<p data-start=\"0\" data-end=\"538\">Hydra Therapy mitrino\u0161s serums nodro\u0161ina intens\u012bvu mitrin\u0101\u0161anu, padarot \u0101du dz\u012bvotsp\u0113j\u012bgu un starojo\u0161u.<br data-start=\"103\" data-end=\"106\" \/>Sast\u0101v\u0101 ietilpst:<br data-start=\"123\" data-end=\"126\" \/>(1) mikrokapsulas, kas iek\u013c\u016bst \u0101d\u0101 un saskar\u0113 ar \u0101das \u016bdeni uzbriest, nodro\u0161inot ilgsto\u0161u mitrin\u0101\u0161anu un stimul\u0113jo\u0161u iedarb\u012bbu;<br data-start=\"253\" data-end=\"256\" \/>(2) \u0161\u0137\u0113rssavienojumu augstas molekulmasas hialuronsk\u0101be un<br data-start=\"314\" data-end=\"317\" \/>(3) specifiski l\u0101\u010di, kas efekt\u012bvi veicina \u0101das dabisk\u0101s hialuronsk\u0101bes ra\u017eo\u0161anu. \u0160\u012bs vielas papildina klasisko mezoterapijas kokteili, kur\u0101 ir vitam\u012bni, aminosk\u0101bes un miner\u0101lvielas \u2013 jebkura atjauno\u0161an\u0101s pamatelementi.<\/p>\n<p data-start=\"540\" data-end=\"696\">Uzkl\u0101jiet uz sejas \u0101das pilienu Therapy seruma un maigi iemas\u0113jiet ar ap\u013cveida kust\u012bb\u0101m l\u012bdz piln\u012bgai uzs\u016bk\u0161anai. Lietojiet katru dienu no r\u012bta un vakar\u0101.<\/p>\n<p data-start=\"698\" data-end=\"885\">Br\u012bdin\u0101jums: Lietojiet serumu tikai paredz\u0113taj\u0101 \u0101das zon\u0101. Saskar\u0113 ar ac\u012bm nekav\u0113joties izskalojiet ar lielu daudzumu \u016bdens. Tikai \u0101r\u0113jai lieto\u0161anai! Glab\u0101jiet b\u0113rniem nepieejam\u0101 viet\u0101.<\/p>\n<\/div>\n<p><!-- .vgblk-rw-wrapper --><\/p>\n","protected":false},"excerpt":{"rendered":"<p>HIKARI HYDRA THERAPY SERUM 30 ml<\/p>\n","protected":false},"featured_media":328695,"comment_status":"open","ping_status":"closed","template":"","meta":[],"product_brand":[],"product_cat":[688,687,716,733,676,718,727],"product_tag":[],"giftcard-category":[],"class_list":{"0":"post-998261","1":"product","2":"type-product","3":"status-publish","4":"has-post-thumbnail","6":"product_cat-dermis-direct-lv","7":"product_cat-hikari-lv","8":"product_cat-mitrinosi-produkti","9":"product_cat-retinols","10":"product_cat-sale-lv","11":"product_cat-sejas-kopsana","12":"product_cat-serumi-ellas","14":"first","15":"instock","16":"taxable","17":"shipping-taxable","18":"purchasable","19":"product-type-simple"},"yoast_head":"<!-- This site is optimized with the Yoast SEO Premium plugin v25.1 (Yoast SEO v25.7) - https:\/\/yoast.com\/wordpress\/plugins\/seo\/ -->\n<title>HIKARI HYDRA THERAPY SERUM 30 ml ~ Dolores<\/title>\n<meta name=\"robots\" content=\"index, follow, max-snippet:-1, max-image-preview:large, max-video-preview:-1\" \/>\n<link rel=\"canonical\" href=\"https:\/\/dolores.ee\/lv\/product\/hikari-hydra-therapy-serum-30-ml\/\" \/>\n<meta property=\"og:locale\" content=\"lv_LV\" \/>\n<meta property=\"og:type\" content=\"article\" \/>\n<meta property=\"og:title\" content=\"HIKARI HYDRA THERAPY SERUM 30 ml\" \/>\n<meta property=\"og:description\" content=\"HIKARI HYDRA THERAPY SERUM 30 ml\" \/>\n<meta property=\"og:url\" content=\"https:\/\/dolores.ee\/lv\/product\/hikari-hydra-therapy-serum-30-ml\/\" \/>\n<meta property=\"og:site_name\" content=\"Dolores\" \/>\n<meta property=\"article:publisher\" content=\"https:\/\/www.facebook.com\/doloresepood\/\" \/>\n<meta property=\"article:modified_time\" content=\"2025-07-01T08:06:13+00:00\" \/>\n<meta property=\"og:image\" content=\"https:\/\/dolores.ee\/wp-content\/uploads\/2025\/05\/seo.jpg\" \/>\n\t<meta property=\"og:image:width\" content=\"1200\" \/>\n\t<meta property=\"og:image:height\" content=\"675\" \/>\n\t<meta property=\"og:image:type\" content=\"image\/jpeg\" \/>\n<meta name=\"twitter:card\" content=\"summary_large_image\" \/>\n<meta name=\"twitter:label1\" content=\"Est. reading time\" \/>\n\t<meta name=\"twitter:data1\" content=\"1 minute\" \/>\n<script type=\"application\/ld+json\" class=\"yoast-schema-graph\">{\"@context\":\"https:\/\/schema.org\",\"@graph\":[{\"@type\":\"WebPage\",\"@id\":\"https:\/\/dolores.ee\/lv\/product\/hikari-hydra-therapy-serum-30-ml\/\",\"url\":\"https:\/\/dolores.ee\/lv\/product\/hikari-hydra-therapy-serum-30-ml\/\",\"name\":\"HIKARI HYDRA THERAPY SERUM 30 ml ~ Dolores\",\"isPartOf\":{\"@id\":\"https:\/\/dolores.ee\/lv\/#website\"},\"primaryImageOfPage\":{\"@id\":\"https:\/\/dolores.ee\/lv\/product\/hikari-hydra-therapy-serum-30-ml\/#primaryimage\"},\"image\":{\"@id\":\"https:\/\/dolores.ee\/lv\/product\/hikari-hydra-therapy-serum-30-ml\/#primaryimage\"},\"thumbnailUrl\":\"https:\/\/dolores.ee\/wp-content\/uploads\/2020\/08\/thumbnail_PHOTO-2021-01-22-13-00-40-1.jpg\",\"datePublished\":\"2020-08-13T10:00:44+00:00\",\"dateModified\":\"2025-07-01T08:06:13+00:00\",\"breadcrumb\":{\"@id\":\"https:\/\/dolores.ee\/lv\/product\/hikari-hydra-therapy-serum-30-ml\/#breadcrumb\"},\"inLanguage\":\"lv-LV\",\"potentialAction\":[{\"@type\":\"ReadAction\",\"target\":[\"https:\/\/dolores.ee\/lv\/product\/hikari-hydra-therapy-serum-30-ml\/\"]}]},{\"@type\":\"ImageObject\",\"inLanguage\":\"lv-LV\",\"@id\":\"https:\/\/dolores.ee\/lv\/product\/hikari-hydra-therapy-serum-30-ml\/#primaryimage\",\"url\":\"https:\/\/dolores.ee\/wp-content\/uploads\/2020\/08\/thumbnail_PHOTO-2021-01-22-13-00-40-1.jpg\",\"contentUrl\":\"https:\/\/dolores.ee\/wp-content\/uploads\/2020\/08\/thumbnail_PHOTO-2021-01-22-13-00-40-1.jpg\",\"width\":913,\"height\":1280},{\"@type\":\"BreadcrumbList\",\"@id\":\"https:\/\/dolores.ee\/lv\/product\/hikari-hydra-therapy-serum-30-ml\/#breadcrumb\",\"itemListElement\":[{\"@type\":\"ListItem\",\"position\":1,\"name\":\"Home\",\"item\":\"https:\/\/dolores.ee\/lv\/\"},{\"@type\":\"ListItem\",\"position\":2,\"name\":\"E-veikals\",\"item\":\"https:\/\/dolores.ee\/lv\/e-veikals\/\"},{\"@type\":\"ListItem\",\"position\":3,\"name\":\"HIKARI HYDRA THERAPY SERUM 30 ml\"}]},{\"@type\":\"WebSite\",\"@id\":\"https:\/\/dolores.ee\/lv\/#website\",\"url\":\"https:\/\/dolores.ee\/lv\/\",\"name\":\"Dolores e-pood\",\"description\":\"Beauty Shop\",\"publisher\":{\"@id\":\"https:\/\/dolores.ee\/lv\/#organization\"},\"alternateName\":\"Dolores\",\"potentialAction\":[{\"@type\":\"SearchAction\",\"target\":{\"@type\":\"EntryPoint\",\"urlTemplate\":\"https:\/\/dolores.ee\/lv\/?s={search_term_string}\"},\"query-input\":{\"@type\":\"PropertyValueSpecification\",\"valueRequired\":true,\"valueName\":\"search_term_string\"}}],\"inLanguage\":\"lv-LV\"},{\"@type\":\"Organization\",\"@id\":\"https:\/\/dolores.ee\/lv\/#organization\",\"name\":\"Dolores O\u00dc\",\"alternateName\":\"Dolores e-pood\",\"url\":\"https:\/\/dolores.ee\/lv\/\",\"logo\":{\"@type\":\"ImageObject\",\"inLanguage\":\"lv-LV\",\"@id\":\"https:\/\/dolores.ee\/lv\/#\/schema\/logo\/image\/\",\"url\":\"https:\/\/dolores.ee\/wp-content\/uploads\/2025\/04\/logo-1.jpg\",\"contentUrl\":\"https:\/\/dolores.ee\/wp-content\/uploads\/2025\/04\/logo-1.jpg\",\"width\":1951,\"height\":660,\"caption\":\"Dolores O\u00dc\"},\"image\":{\"@id\":\"https:\/\/dolores.ee\/lv\/#\/schema\/logo\/image\/\"},\"sameAs\":[\"https:\/\/www.facebook.com\/doloresepood\/\"],\"description\":\"Dolores.ee on kaasaegne veebipood, kust leiad tuntud kaubam\u00e4rkide \u2013 GIGI, Anna Lotan, Hikari, Hlavin \u2013 originaalkosmeetikat. Pakume kvaliteetseid hooldustooteid taskukohaste hindadega ja kiire kohaletoimetamisega \u00fcle Eesti. Nahahooldus pole kunagi olnud nii lihtne ja soodne!\",\"email\":\"dolores@dolores.ee\",\"telephone\":\"372 644 2440\",\"legalName\":\"Dolores O\u00dc\",\"foundingDate\":\"1998-02-09\",\"vatID\":\"EE100050280\",\"numberOfEmployees\":{\"@type\":\"QuantitativeValue\",\"minValue\":\"11\",\"maxValue\":\"50\"}}]}<\/script>\n<!-- \/ Yoast SEO Premium plugin. -->","yoast_head_json":{"title":"HIKARI HYDRA THERAPY SERUM 30 ml ~ Dolores","robots":{"index":"index","follow":"follow","max-snippet":"max-snippet:-1","max-image-preview":"max-image-preview:large","max-video-preview":"max-video-preview:-1"},"canonical":"https:\/\/dolores.ee\/lv\/product\/hikari-hydra-therapy-serum-30-ml\/","og_locale":"lv_LV","og_type":"article","og_title":"HIKARI HYDRA THERAPY SERUM 30 ml","og_description":"HIKARI HYDRA THERAPY SERUM 30 ml","og_url":"https:\/\/dolores.ee\/lv\/product\/hikari-hydra-therapy-serum-30-ml\/","og_site_name":"Dolores","article_publisher":"https:\/\/www.facebook.com\/doloresepood\/","article_modified_time":"2025-07-01T08:06:13+00:00","og_image":[{"width":1200,"height":675,"url":"https:\/\/dolores.ee\/wp-content\/uploads\/2025\/05\/seo.jpg","type":"image\/jpeg"}],"twitter_card":"summary_large_image","twitter_misc":{"Est. reading time":"1 minute"},"schema":{"@context":"https:\/\/schema.org","@graph":[{"@type":"WebPage","@id":"https:\/\/dolores.ee\/lv\/product\/hikari-hydra-therapy-serum-30-ml\/","url":"https:\/\/dolores.ee\/lv\/product\/hikari-hydra-therapy-serum-30-ml\/","name":"HIKARI HYDRA THERAPY SERUM 30 ml ~ Dolores","isPartOf":{"@id":"https:\/\/dolores.ee\/lv\/#website"},"primaryImageOfPage":{"@id":"https:\/\/dolores.ee\/lv\/product\/hikari-hydra-therapy-serum-30-ml\/#primaryimage"},"image":{"@id":"https:\/\/dolores.ee\/lv\/product\/hikari-hydra-therapy-serum-30-ml\/#primaryimage"},"thumbnailUrl":"https:\/\/dolores.ee\/wp-content\/uploads\/2020\/08\/thumbnail_PHOTO-2021-01-22-13-00-40-1.jpg","datePublished":"2020-08-13T10:00:44+00:00","dateModified":"2025-07-01T08:06:13+00:00","breadcrumb":{"@id":"https:\/\/dolores.ee\/lv\/product\/hikari-hydra-therapy-serum-30-ml\/#breadcrumb"},"inLanguage":"lv-LV","potentialAction":[{"@type":"ReadAction","target":["https:\/\/dolores.ee\/lv\/product\/hikari-hydra-therapy-serum-30-ml\/"]}]},{"@type":"ImageObject","inLanguage":"lv-LV","@id":"https:\/\/dolores.ee\/lv\/product\/hikari-hydra-therapy-serum-30-ml\/#primaryimage","url":"https:\/\/dolores.ee\/wp-content\/uploads\/2020\/08\/thumbnail_PHOTO-2021-01-22-13-00-40-1.jpg","contentUrl":"https:\/\/dolores.ee\/wp-content\/uploads\/2020\/08\/thumbnail_PHOTO-2021-01-22-13-00-40-1.jpg","width":913,"height":1280},{"@type":"BreadcrumbList","@id":"https:\/\/dolores.ee\/lv\/product\/hikari-hydra-therapy-serum-30-ml\/#breadcrumb","itemListElement":[{"@type":"ListItem","position":1,"name":"Home","item":"https:\/\/dolores.ee\/lv\/"},{"@type":"ListItem","position":2,"name":"E-veikals","item":"https:\/\/dolores.ee\/lv\/e-veikals\/"},{"@type":"ListItem","position":3,"name":"HIKARI HYDRA THERAPY SERUM 30 ml"}]},{"@type":"WebSite","@id":"https:\/\/dolores.ee\/lv\/#website","url":"https:\/\/dolores.ee\/lv\/","name":"Dolores e-pood","description":"Beauty Shop","publisher":{"@id":"https:\/\/dolores.ee\/lv\/#organization"},"alternateName":"Dolores","potentialAction":[{"@type":"SearchAction","target":{"@type":"EntryPoint","urlTemplate":"https:\/\/dolores.ee\/lv\/?s={search_term_string}"},"query-input":{"@type":"PropertyValueSpecification","valueRequired":true,"valueName":"search_term_string"}}],"inLanguage":"lv-LV"},{"@type":"Organization","@id":"https:\/\/dolores.ee\/lv\/#organization","name":"Dolores O\u00dc","alternateName":"Dolores e-pood","url":"https:\/\/dolores.ee\/lv\/","logo":{"@type":"ImageObject","inLanguage":"lv-LV","@id":"https:\/\/dolores.ee\/lv\/#\/schema\/logo\/image\/","url":"https:\/\/dolores.ee\/wp-content\/uploads\/2025\/04\/logo-1.jpg","contentUrl":"https:\/\/dolores.ee\/wp-content\/uploads\/2025\/04\/logo-1.jpg","width":1951,"height":660,"caption":"Dolores O\u00dc"},"image":{"@id":"https:\/\/dolores.ee\/lv\/#\/schema\/logo\/image\/"},"sameAs":["https:\/\/www.facebook.com\/doloresepood\/"],"description":"Dolores.ee on kaasaegne veebipood, kust leiad tuntud kaubam\u00e4rkide \u2013 GIGI, Anna Lotan, Hikari, Hlavin \u2013 originaalkosmeetikat. Pakume kvaliteetseid hooldustooteid taskukohaste hindadega ja kiire kohaletoimetamisega \u00fcle Eesti. Nahahooldus pole kunagi olnud nii lihtne ja soodne!","email":"dolores@dolores.ee","telephone":"372 644 2440","legalName":"Dolores O\u00dc","foundingDate":"1998-02-09","vatID":"EE100050280","numberOfEmployees":{"@type":"QuantitativeValue","minValue":"11","maxValue":"50"}}]}},"_links":{"self":[{"href":"https:\/\/dolores.ee\/lv\/wp-json\/wp\/v2\/product\/998261","targetHints":{"allow":["GET"]}}],"collection":[{"href":"https:\/\/dolores.ee\/lv\/wp-json\/wp\/v2\/product"}],"about":[{"href":"https:\/\/dolores.ee\/lv\/wp-json\/wp\/v2\/types\/product"}],"replies":[{"embeddable":true,"href":"https:\/\/dolores.ee\/lv\/wp-json\/wp\/v2\/comments?post=998261"}],"version-history":[{"count":0,"href":"https:\/\/dolores.ee\/lv\/wp-json\/wp\/v2\/product\/998261\/revisions"}],"wp:featuredmedia":[{"embeddable":true,"href":"https:\/\/dolores.ee\/lv\/wp-json\/wp\/v2\/media\/328695"}],"wp:attachment":[{"href":"https:\/\/dolores.ee\/lv\/wp-json\/wp\/v2\/media?parent=998261"}],"wp:term":[{"taxonomy":"product_brand","embeddable":true,"href":"https:\/\/dolores.ee\/lv\/wp-json\/wp\/v2\/product_brand?post=998261"},{"taxonomy":"product_cat","embeddable":true,"href":"https:\/\/dolores.ee\/lv\/wp-json\/wp\/v2\/product_cat?post=998261"},{"taxonomy":"product_tag","embeddable":true,"href":"https:\/\/dolores.ee\/lv\/wp-json\/wp\/v2\/product_tag?post=998261"},{"taxonomy":"giftcard-category","embeddable":true,"href":"https:\/\/dolores.ee\/lv\/wp-json\/wp\/v2\/giftcard-category?post=998261"}],"curies":[{"name":"wp","href":"https:\/\/api.w.org\/{rel}","templated":true}]}}