{"id":998262,"date":"2020-08-13T13:00:43","date_gmt":"2020-08-13T10:00:43","guid":{"rendered":"https:\/\/dolores.ee\/product\/hikari-fountain-of-youth-night-dream-cream-50ml\/"},"modified":"2025-07-01T11:06:13","modified_gmt":"2025-07-01T08:06:13","slug":"hikari-fountain-of-youth-night-dream-cream-50ml","status":"publish","type":"product","link":"https:\/\/dolores.ee\/lv\/product\/hikari-fountain-of-youth-night-dream-cream-50ml\/","title":{"rendered":"HIKARI Fountain Of Youth Night Dream Cream 50ml"},"content":{"rendered":"<div class=\"vgblk-rw-wrapper limit-wrapper\">\n<p data-start=\"0\" data-end=\"383\">NIGHT DREAM ir izstr\u0101d\u0101ts, lai darbotos saska\u0146\u0101 ar \u0101das dabisko atjauno\u0161an\u0101s ciklu, nodro\u0161inot dzi\u013cu atjauno\u0161anos miega laik\u0101. \u0160is luksusa nakts kr\u0113ms balst\u0101s uz m\u016bsu ekskluz\u012bvo NAD NOBEL kompleksu, kas izmanto kapsul\u0113tus NAD+ priek\u0161te\u010dus (NR un NMN), lai veicin\u0101tu \u0161\u016bnu atjauno\u0161anos. Kam\u0113r tu atp\u016bties, NIGHT DREAM atdz\u012bvina \u0101du, pal\u012bdzot atjaunot t\u0101s dabisko elast\u012bbu un starojumu.<\/p>\n<p data-start=\"385\" data-end=\"864\">Papildus NAD NOBEL kompleksam NIGHT DREAM satur sp\u0113c\u012bgus pept\u012bdus, b\u016btiskus vitam\u012bnus un unik\u0101lus augu ekstraktus, kas pastiprina t\u0101 atjaunojo\u0161o iedarb\u012bbu. Vara tripept\u012bds-1, viens no galvenajiem komponentiem, atbalsta kolag\u0113na ra\u017eo\u0161anu un uzlabo \u0101das elast\u012bbu, padarot to stipr\u0101ku un glud\u0101ku. B\u016btiski vitam\u012bni, piem\u0113ram, retinilpalmit\u0101ts (A vitam\u012bns), pal\u012bdz izl\u012bdzin\u0101t \u0101das tekst\u016bru un toni, samazinot smalk\u0101s l\u012bnijas un grumbi\u0146as, lai pan\u0101ktu svaig\u0101ku un jaunekl\u012bg\u0101ku izskatu.<\/p>\n<p data-start=\"866\" data-end=\"1258\">Kr\u0113m\u0101 ietilpst ar\u012b retas augu ekstrakti, piem\u0113ram, baobaba e\u013c\u013ca, kas ir paz\u012bstama ar barojo\u0161\u0101m un mitrino\u0161\u0101m \u012bpa\u0161\u012bb\u0101m, k\u0101 ar\u012b Draakonv\u0113ders (Croton Lechleri sve\u0137u ekstrakts), sp\u0113c\u012bgs antioksidants, kas nomierina \u0101du un aizsarg\u0101 to no apk\u0101rt\u0113j\u0101s vides ietekmes. \u0160\u012bs unik\u0101l\u0101s sast\u0101vda\u013cas darbojas siner\u0123iski, nodro\u0161inot \u0101dai mitrin\u0101\u0161anu, palielinot t\u0101s iztur\u012bbu un pie\u0161\u0137irot vesel\u012bgu starojumu.<\/p>\n<p data-start=\"1260\" data-end=\"1344\">Atp\u016bties, atjaunojies un \u013cauj NIGHT DREAM kr\u0113mam padar\u012bt tavu \u0101du skaistu p\u0101r nakti.<\/p>\n<p data-start=\"1346\" data-end=\"1621\">Lieto\u0161anas instrukcija: Uzkl\u0101j nelielu daudzumu uz att\u012br\u012btas un sausas \u0101das. Maigi iemas\u0113 ar ap\u013cveida kust\u012bb\u0101m l\u012bdz piln\u012bgai uzs\u016bk\u0161anai. Lieto vienu vai divas reizes dien\u0101 vai saska\u0146\u0101 ar \u0101das kop\u0161anas speci\u0101lista ieteikumiem. Piem\u0113rots lieto\u0161anai sej\u0101, kakl\u0101 un dekolt\u0113 zon\u0101.<\/p>\n<p data-start=\"1623\" data-end=\"1698\">Br\u012bdin\u0101jumi: Izvairies no saskares ar ac\u012bm. Glab\u0101 b\u0113rniem nepieejam\u0101 viet\u0101.<\/p>\n<p data-start=\"1700\" data-end=\"2683\" data-is-last-node=\"\" data-is-only-node=\"\">Sast\u0101vs: Aqua, Isononyl Isononanoate, Cyclomethicone, Cetearyl Alcohol, Propanediol, Glycerin, Cetearyl Ethylhexanoate, Cetyl Alcohol, Soybean (Glycine Soja) Oil, Cetearyl Glucoside, Shea Butter, Phytosterol, Phenoxyethanol, Persea Gratissima (Avocado) Oil, Phenyl Trimethicone, Potassium Cetyl Phosphate, Theobroma Grandiflorum Seed Butter, Tocopheryl Acetate, Wheat Germ Oil, Alpha Bisabolol, Olea Europea Fruit Oil, Soybean (Glycine Soja) Oil Unsaponifiables, Allantoin, Parfume, Ethylhexyglycerin, Adenosine, Echinacea Angustifolia Meristem Cell Culture, Niacinamide, Triethanolamine, Adansonia Digitata (Baobab) Oil, Pullulan, Sodium Hyaluronate, Croton Lechleri Resin Extract, Dead Sea Salt, Ubiquinone, Nannochloropsis Oculata Extract, Disodium Acetyl Glucosamine Phosphate, Sodium Glucuronate, Nicotinamide Adenine Dinucleotide, Artemia Extract, Silica, Xanthan Gum, Calcium Lactate, Magnesium Sulfate, Polyglyceryl-3 Polyricinoleate, Behenamidopropyl Dimethylamine Behenate.<\/p>\n<\/div>\n<p><!-- .vgblk-rw-wrapper --><\/p>\n","protected":false},"excerpt":{"rendered":"<p>HIKARI Fountain Of Youth Sap\u0146u Nakts Kr\u0113ms<\/p>\n","protected":false},"featured_media":996939,"comment_status":"open","ping_status":"closed","template":"","meta":[],"product_brand":[],"product_cat":[774,689,687,730,783,676,718],"product_tag":[],"giftcard-category":[],"class_list":{"0":"post-998262","1":"product","2":"type-product","3":"status-publish","4":"has-post-thumbnail","6":"product_cat-bf2025-lv","7":"product_cat-fountain-of-youth-lv","8":"product_cat-hikari-lv","9":"product_cat-nakts-krems","10":"product_cat-pavasara-adas-kopsana","11":"product_cat-sale-lv","12":"product_cat-sejas-kopsana","14":"first","15":"instock","16":"sale","17":"taxable","18":"shipping-taxable","19":"purchasable","20":"product-type-simple"},"yoast_head":"<!-- This site is optimized with the Yoast SEO Premium plugin v25.1 (Yoast SEO v25.7) - https:\/\/yoast.com\/wordpress\/plugins\/seo\/ -->\n<title>HIKARI Fountain Of Youth Night Dream Cream 50ml ~ Dolores<\/title>\n<meta name=\"robots\" content=\"index, follow, max-snippet:-1, max-image-preview:large, max-video-preview:-1\" \/>\n<link rel=\"canonical\" href=\"https:\/\/dolores.ee\/lv\/product\/hikari-fountain-of-youth-night-dream-cream-50ml\/\" \/>\n<meta property=\"og:locale\" content=\"lv_LV\" \/>\n<meta property=\"og:type\" content=\"article\" \/>\n<meta property=\"og:title\" content=\"HIKARI Fountain Of Youth Night Dream Cream 50ml\" \/>\n<meta property=\"og:description\" content=\"HIKARI Fountain Of Youth Sap\u0146u Nakts Kr\u0113ms\" \/>\n<meta property=\"og:url\" content=\"https:\/\/dolores.ee\/lv\/product\/hikari-fountain-of-youth-night-dream-cream-50ml\/\" \/>\n<meta property=\"og:site_name\" content=\"Dolores\" \/>\n<meta property=\"article:publisher\" content=\"https:\/\/www.facebook.com\/doloresepood\/\" \/>\n<meta property=\"article:modified_time\" content=\"2025-07-01T08:06:13+00:00\" \/>\n<meta property=\"og:image\" content=\"https:\/\/dolores.ee\/wp-content\/uploads\/2025\/05\/seo.jpg\" \/>\n\t<meta property=\"og:image:width\" content=\"1200\" \/>\n\t<meta property=\"og:image:height\" content=\"675\" \/>\n\t<meta property=\"og:image:type\" content=\"image\/jpeg\" \/>\n<meta name=\"twitter:card\" content=\"summary_large_image\" \/>\n<meta name=\"twitter:label1\" content=\"Est. reading time\" \/>\n\t<meta name=\"twitter:data1\" content=\"2 minutes\" \/>\n<script type=\"application\/ld+json\" class=\"yoast-schema-graph\">{\"@context\":\"https:\/\/schema.org\",\"@graph\":[{\"@type\":\"WebPage\",\"@id\":\"https:\/\/dolores.ee\/lv\/product\/hikari-fountain-of-youth-night-dream-cream-50ml\/\",\"url\":\"https:\/\/dolores.ee\/lv\/product\/hikari-fountain-of-youth-night-dream-cream-50ml\/\",\"name\":\"HIKARI Fountain Of Youth Night Dream Cream 50ml ~ Dolores\",\"isPartOf\":{\"@id\":\"https:\/\/dolores.ee\/lv\/#website\"},\"primaryImageOfPage\":{\"@id\":\"https:\/\/dolores.ee\/lv\/product\/hikari-fountain-of-youth-night-dream-cream-50ml\/#primaryimage\"},\"image\":{\"@id\":\"https:\/\/dolores.ee\/lv\/product\/hikari-fountain-of-youth-night-dream-cream-50ml\/#primaryimage\"},\"thumbnailUrl\":\"https:\/\/dolores.ee\/wp-content\/uploads\/2020\/08\/imgal_1_6698.webp\",\"datePublished\":\"2020-08-13T10:00:43+00:00\",\"dateModified\":\"2025-07-01T08:06:13+00:00\",\"breadcrumb\":{\"@id\":\"https:\/\/dolores.ee\/lv\/product\/hikari-fountain-of-youth-night-dream-cream-50ml\/#breadcrumb\"},\"inLanguage\":\"lv-LV\",\"potentialAction\":[{\"@type\":\"ReadAction\",\"target\":[\"https:\/\/dolores.ee\/lv\/product\/hikari-fountain-of-youth-night-dream-cream-50ml\/\"]}]},{\"@type\":\"ImageObject\",\"inLanguage\":\"lv-LV\",\"@id\":\"https:\/\/dolores.ee\/lv\/product\/hikari-fountain-of-youth-night-dream-cream-50ml\/#primaryimage\",\"url\":\"https:\/\/dolores.ee\/wp-content\/uploads\/2020\/08\/imgal_1_6698.webp\",\"contentUrl\":\"https:\/\/dolores.ee\/wp-content\/uploads\/2020\/08\/imgal_1_6698.webp\",\"width\":900,\"height\":900},{\"@type\":\"BreadcrumbList\",\"@id\":\"https:\/\/dolores.ee\/lv\/product\/hikari-fountain-of-youth-night-dream-cream-50ml\/#breadcrumb\",\"itemListElement\":[{\"@type\":\"ListItem\",\"position\":1,\"name\":\"Home\",\"item\":\"https:\/\/dolores.ee\/lv\/\"},{\"@type\":\"ListItem\",\"position\":2,\"name\":\"E-veikals\",\"item\":\"https:\/\/dolores.ee\/lv\/e-veikals\/\"},{\"@type\":\"ListItem\",\"position\":3,\"name\":\"HIKARI Fountain Of Youth Night Dream Cream 50ml\"}]},{\"@type\":\"WebSite\",\"@id\":\"https:\/\/dolores.ee\/lv\/#website\",\"url\":\"https:\/\/dolores.ee\/lv\/\",\"name\":\"Dolores e-pood\",\"description\":\"Beauty Shop\",\"publisher\":{\"@id\":\"https:\/\/dolores.ee\/lv\/#organization\"},\"alternateName\":\"Dolores\",\"potentialAction\":[{\"@type\":\"SearchAction\",\"target\":{\"@type\":\"EntryPoint\",\"urlTemplate\":\"https:\/\/dolores.ee\/lv\/?s={search_term_string}\"},\"query-input\":{\"@type\":\"PropertyValueSpecification\",\"valueRequired\":true,\"valueName\":\"search_term_string\"}}],\"inLanguage\":\"lv-LV\"},{\"@type\":\"Organization\",\"@id\":\"https:\/\/dolores.ee\/lv\/#organization\",\"name\":\"Dolores O\u00dc\",\"alternateName\":\"Dolores e-pood\",\"url\":\"https:\/\/dolores.ee\/lv\/\",\"logo\":{\"@type\":\"ImageObject\",\"inLanguage\":\"lv-LV\",\"@id\":\"https:\/\/dolores.ee\/lv\/#\/schema\/logo\/image\/\",\"url\":\"https:\/\/dolores.ee\/wp-content\/uploads\/2025\/04\/logo-1.jpg\",\"contentUrl\":\"https:\/\/dolores.ee\/wp-content\/uploads\/2025\/04\/logo-1.jpg\",\"width\":1951,\"height\":660,\"caption\":\"Dolores O\u00dc\"},\"image\":{\"@id\":\"https:\/\/dolores.ee\/lv\/#\/schema\/logo\/image\/\"},\"sameAs\":[\"https:\/\/www.facebook.com\/doloresepood\/\"],\"description\":\"Dolores.ee on kaasaegne veebipood, kust leiad tuntud kaubam\u00e4rkide \u2013 GIGI, Anna Lotan, Hikari, Hlavin \u2013 originaalkosmeetikat. Pakume kvaliteetseid hooldustooteid taskukohaste hindadega ja kiire kohaletoimetamisega \u00fcle Eesti. Nahahooldus pole kunagi olnud nii lihtne ja soodne!\",\"email\":\"dolores@dolores.ee\",\"telephone\":\"372 644 2440\",\"legalName\":\"Dolores O\u00dc\",\"foundingDate\":\"1998-02-09\",\"vatID\":\"EE100050280\",\"numberOfEmployees\":{\"@type\":\"QuantitativeValue\",\"minValue\":\"11\",\"maxValue\":\"50\"}}]}<\/script>\n<!-- \/ Yoast SEO Premium plugin. -->","yoast_head_json":{"title":"HIKARI Fountain Of Youth Night Dream Cream 50ml ~ Dolores","robots":{"index":"index","follow":"follow","max-snippet":"max-snippet:-1","max-image-preview":"max-image-preview:large","max-video-preview":"max-video-preview:-1"},"canonical":"https:\/\/dolores.ee\/lv\/product\/hikari-fountain-of-youth-night-dream-cream-50ml\/","og_locale":"lv_LV","og_type":"article","og_title":"HIKARI Fountain Of Youth Night Dream Cream 50ml","og_description":"HIKARI Fountain Of Youth Sap\u0146u Nakts Kr\u0113ms","og_url":"https:\/\/dolores.ee\/lv\/product\/hikari-fountain-of-youth-night-dream-cream-50ml\/","og_site_name":"Dolores","article_publisher":"https:\/\/www.facebook.com\/doloresepood\/","article_modified_time":"2025-07-01T08:06:13+00:00","og_image":[{"width":1200,"height":675,"url":"https:\/\/dolores.ee\/wp-content\/uploads\/2025\/05\/seo.jpg","type":"image\/jpeg"}],"twitter_card":"summary_large_image","twitter_misc":{"Est. reading time":"2 minutes"},"schema":{"@context":"https:\/\/schema.org","@graph":[{"@type":"WebPage","@id":"https:\/\/dolores.ee\/lv\/product\/hikari-fountain-of-youth-night-dream-cream-50ml\/","url":"https:\/\/dolores.ee\/lv\/product\/hikari-fountain-of-youth-night-dream-cream-50ml\/","name":"HIKARI Fountain Of Youth Night Dream Cream 50ml ~ Dolores","isPartOf":{"@id":"https:\/\/dolores.ee\/lv\/#website"},"primaryImageOfPage":{"@id":"https:\/\/dolores.ee\/lv\/product\/hikari-fountain-of-youth-night-dream-cream-50ml\/#primaryimage"},"image":{"@id":"https:\/\/dolores.ee\/lv\/product\/hikari-fountain-of-youth-night-dream-cream-50ml\/#primaryimage"},"thumbnailUrl":"https:\/\/dolores.ee\/wp-content\/uploads\/2020\/08\/imgal_1_6698.webp","datePublished":"2020-08-13T10:00:43+00:00","dateModified":"2025-07-01T08:06:13+00:00","breadcrumb":{"@id":"https:\/\/dolores.ee\/lv\/product\/hikari-fountain-of-youth-night-dream-cream-50ml\/#breadcrumb"},"inLanguage":"lv-LV","potentialAction":[{"@type":"ReadAction","target":["https:\/\/dolores.ee\/lv\/product\/hikari-fountain-of-youth-night-dream-cream-50ml\/"]}]},{"@type":"ImageObject","inLanguage":"lv-LV","@id":"https:\/\/dolores.ee\/lv\/product\/hikari-fountain-of-youth-night-dream-cream-50ml\/#primaryimage","url":"https:\/\/dolores.ee\/wp-content\/uploads\/2020\/08\/imgal_1_6698.webp","contentUrl":"https:\/\/dolores.ee\/wp-content\/uploads\/2020\/08\/imgal_1_6698.webp","width":900,"height":900},{"@type":"BreadcrumbList","@id":"https:\/\/dolores.ee\/lv\/product\/hikari-fountain-of-youth-night-dream-cream-50ml\/#breadcrumb","itemListElement":[{"@type":"ListItem","position":1,"name":"Home","item":"https:\/\/dolores.ee\/lv\/"},{"@type":"ListItem","position":2,"name":"E-veikals","item":"https:\/\/dolores.ee\/lv\/e-veikals\/"},{"@type":"ListItem","position":3,"name":"HIKARI Fountain Of Youth Night Dream Cream 50ml"}]},{"@type":"WebSite","@id":"https:\/\/dolores.ee\/lv\/#website","url":"https:\/\/dolores.ee\/lv\/","name":"Dolores e-pood","description":"Beauty Shop","publisher":{"@id":"https:\/\/dolores.ee\/lv\/#organization"},"alternateName":"Dolores","potentialAction":[{"@type":"SearchAction","target":{"@type":"EntryPoint","urlTemplate":"https:\/\/dolores.ee\/lv\/?s={search_term_string}"},"query-input":{"@type":"PropertyValueSpecification","valueRequired":true,"valueName":"search_term_string"}}],"inLanguage":"lv-LV"},{"@type":"Organization","@id":"https:\/\/dolores.ee\/lv\/#organization","name":"Dolores O\u00dc","alternateName":"Dolores e-pood","url":"https:\/\/dolores.ee\/lv\/","logo":{"@type":"ImageObject","inLanguage":"lv-LV","@id":"https:\/\/dolores.ee\/lv\/#\/schema\/logo\/image\/","url":"https:\/\/dolores.ee\/wp-content\/uploads\/2025\/04\/logo-1.jpg","contentUrl":"https:\/\/dolores.ee\/wp-content\/uploads\/2025\/04\/logo-1.jpg","width":1951,"height":660,"caption":"Dolores O\u00dc"},"image":{"@id":"https:\/\/dolores.ee\/lv\/#\/schema\/logo\/image\/"},"sameAs":["https:\/\/www.facebook.com\/doloresepood\/"],"description":"Dolores.ee on kaasaegne veebipood, kust leiad tuntud kaubam\u00e4rkide \u2013 GIGI, Anna Lotan, Hikari, Hlavin \u2013 originaalkosmeetikat. Pakume kvaliteetseid hooldustooteid taskukohaste hindadega ja kiire kohaletoimetamisega \u00fcle Eesti. Nahahooldus pole kunagi olnud nii lihtne ja soodne!","email":"dolores@dolores.ee","telephone":"372 644 2440","legalName":"Dolores O\u00dc","foundingDate":"1998-02-09","vatID":"EE100050280","numberOfEmployees":{"@type":"QuantitativeValue","minValue":"11","maxValue":"50"}}]}},"_links":{"self":[{"href":"https:\/\/dolores.ee\/lv\/wp-json\/wp\/v2\/product\/998262","targetHints":{"allow":["GET"]}}],"collection":[{"href":"https:\/\/dolores.ee\/lv\/wp-json\/wp\/v2\/product"}],"about":[{"href":"https:\/\/dolores.ee\/lv\/wp-json\/wp\/v2\/types\/product"}],"replies":[{"embeddable":true,"href":"https:\/\/dolores.ee\/lv\/wp-json\/wp\/v2\/comments?post=998262"}],"version-history":[{"count":0,"href":"https:\/\/dolores.ee\/lv\/wp-json\/wp\/v2\/product\/998262\/revisions"}],"wp:featuredmedia":[{"embeddable":true,"href":"https:\/\/dolores.ee\/lv\/wp-json\/wp\/v2\/media\/996939"}],"wp:attachment":[{"href":"https:\/\/dolores.ee\/lv\/wp-json\/wp\/v2\/media?parent=998262"}],"wp:term":[{"taxonomy":"product_brand","embeddable":true,"href":"https:\/\/dolores.ee\/lv\/wp-json\/wp\/v2\/product_brand?post=998262"},{"taxonomy":"product_cat","embeddable":true,"href":"https:\/\/dolores.ee\/lv\/wp-json\/wp\/v2\/product_cat?post=998262"},{"taxonomy":"product_tag","embeddable":true,"href":"https:\/\/dolores.ee\/lv\/wp-json\/wp\/v2\/product_tag?post=998262"},{"taxonomy":"giftcard-category","embeddable":true,"href":"https:\/\/dolores.ee\/lv\/wp-json\/wp\/v2\/giftcard-category?post=998262"}],"curies":[{"name":"wp","href":"https:\/\/api.w.org\/{rel}","templated":true}]}}