{"id":998264,"date":"2020-08-13T13:00:42","date_gmt":"2020-08-13T10:00:42","guid":{"rendered":"https:\/\/dolores.ee\/product\/hikari-bye-bye-wrinkles-cream-20-ml\/"},"modified":"2025-07-01T11:06:13","modified_gmt":"2025-07-01T08:06:13","slug":"hikari-bye-bye-wrinkles-cream-20-ml","status":"publish","type":"product","link":"https:\/\/dolores.ee\/lv\/product\/hikari-bye-bye-wrinkles-cream-20-ml\/","title":{"rendered":"HIKARI Bye Bye Wrinkles Cream 20 ml"},"content":{"rendered":"<div class=\"vgblk-rw-wrapper limit-wrapper\">\n<p data-start=\"0\" data-end=\"367\">Bye Bye Wrinkles kr\u0113ms ir ekspreskr\u0113ms, kas satur kompleksu ar akt\u012bv\u0101m viel\u0101m, kas pace\u013c grumbas pamatni, k\u0101 ar\u012b tr\u012bs neiropept\u012bdus, kas kav\u0113 mimisko musku\u013cu kust\u012bbas \u2013 t\u0101d\u0113j\u0101di samazin\u0101s mimikas grumbu daudzums. Kopum\u0101 sast\u0101v\u0101 ir 38 akt\u012bv\u0101s vielas, kuru m\u0113r\u0137is ir pagarin\u0101t \u0161\u016bnu m\u016b\u017eu, tostarp mezoterapeitisks kokteilis ar vitam\u012bniem, aminosk\u0101b\u0113m un antioksidantiem.<\/p>\n<p data-start=\"369\" data-end=\"611\" data-is-last-node=\"\" data-is-only-node=\"\">Lieto\u0161ana: Bye Bye Wrinkles kr\u0113mu lieto sejas kop\u0161anas nosl\u0113guma posm\u0101 p\u0113c seruma un pamatkr\u0113ma uzkl\u0101\u0161anas. Kr\u0113mu uzkl\u0101j tie\u0161i uz grumb\u0101m ar viegl\u0101m, uzs\u016bk\u0161anos veicino\u0161\u0101m kust\u012bb\u0101m.<br data-start=\"550\" data-end=\"553\" \/>Lab\u0101kam rezult\u0101tam ieteicams lietot ar\u012b grumbu pretserumu.<\/p>\n<\/div>\n<p><!-- .vgblk-rw-wrapper --><\/p>\n","protected":false},"excerpt":{"rendered":"<p>HIKARI Bye Bye Wrinkles Cream 20 ml<\/p>\n","protected":false},"featured_media":898,"comment_status":"open","ping_status":"closed","template":"","meta":[],"product_brand":[],"product_cat":[728,688,725,687,730,676,718],"product_tag":[],"giftcard-category":[],"class_list":{"0":"post-998264","1":"product","2":"type-product","3":"status-publish","4":"has-post-thumbnail","6":"product_cat-acu-kopsana","7":"product_cat-dermis-direct-lv","8":"product_cat-dienas-krems","9":"product_cat-hikari-lv","10":"product_cat-nakts-krems","11":"product_cat-sale-lv","12":"product_cat-sejas-kopsana","14":"first","15":"outofstock","16":"taxable","17":"shipping-taxable","18":"purchasable","19":"product-type-simple"},"yoast_head":"<!-- This site is optimized with the Yoast SEO Premium plugin v25.1 (Yoast SEO v25.7) - https:\/\/yoast.com\/wordpress\/plugins\/seo\/ -->\n<title>HIKARI Bye Bye Wrinkles Cream 20 ml ~ Dolores<\/title>\n<meta name=\"robots\" content=\"index, follow, max-snippet:-1, max-image-preview:large, max-video-preview:-1\" \/>\n<link rel=\"canonical\" href=\"https:\/\/dolores.ee\/lv\/product\/hikari-bye-bye-wrinkles-cream-20-ml\/\" \/>\n<meta property=\"og:locale\" content=\"lv_LV\" \/>\n<meta property=\"og:type\" content=\"article\" \/>\n<meta property=\"og:title\" content=\"HIKARI Bye Bye Wrinkles Cream 20 ml\" \/>\n<meta property=\"og:description\" content=\"HIKARI Bye Bye Wrinkles Cream 20 ml\" \/>\n<meta property=\"og:url\" content=\"https:\/\/dolores.ee\/lv\/product\/hikari-bye-bye-wrinkles-cream-20-ml\/\" \/>\n<meta property=\"og:site_name\" content=\"Dolores\" \/>\n<meta property=\"article:publisher\" content=\"https:\/\/www.facebook.com\/doloresepood\/\" \/>\n<meta property=\"article:modified_time\" content=\"2025-07-01T08:06:13+00:00\" \/>\n<meta property=\"og:image\" content=\"https:\/\/dolores.ee\/wp-content\/uploads\/2025\/05\/seo.jpg\" \/>\n\t<meta property=\"og:image:width\" content=\"1200\" \/>\n\t<meta property=\"og:image:height\" content=\"675\" \/>\n\t<meta property=\"og:image:type\" content=\"image\/jpeg\" \/>\n<meta name=\"twitter:card\" content=\"summary_large_image\" \/>\n<meta name=\"twitter:label1\" content=\"Est. reading time\" \/>\n\t<meta name=\"twitter:data1\" content=\"1 minute\" \/>\n<script type=\"application\/ld+json\" class=\"yoast-schema-graph\">{\"@context\":\"https:\/\/schema.org\",\"@graph\":[{\"@type\":\"WebPage\",\"@id\":\"https:\/\/dolores.ee\/lv\/product\/hikari-bye-bye-wrinkles-cream-20-ml\/\",\"url\":\"https:\/\/dolores.ee\/lv\/product\/hikari-bye-bye-wrinkles-cream-20-ml\/\",\"name\":\"HIKARI Bye Bye Wrinkles Cream 20 ml ~ Dolores\",\"isPartOf\":{\"@id\":\"https:\/\/dolores.ee\/lv\/#website\"},\"primaryImageOfPage\":{\"@id\":\"https:\/\/dolores.ee\/lv\/product\/hikari-bye-bye-wrinkles-cream-20-ml\/#primaryimage\"},\"image\":{\"@id\":\"https:\/\/dolores.ee\/lv\/product\/hikari-bye-bye-wrinkles-cream-20-ml\/#primaryimage\"},\"thumbnailUrl\":\"https:\/\/dolores.ee\/wp-content\/uploads\/2020\/08\/bye-bye-wrinkles_20ml_w2.jpg\",\"datePublished\":\"2020-08-13T10:00:42+00:00\",\"dateModified\":\"2025-07-01T08:06:13+00:00\",\"breadcrumb\":{\"@id\":\"https:\/\/dolores.ee\/lv\/product\/hikari-bye-bye-wrinkles-cream-20-ml\/#breadcrumb\"},\"inLanguage\":\"lv-LV\",\"potentialAction\":[{\"@type\":\"ReadAction\",\"target\":[\"https:\/\/dolores.ee\/lv\/product\/hikari-bye-bye-wrinkles-cream-20-ml\/\"]}]},{\"@type\":\"ImageObject\",\"inLanguage\":\"lv-LV\",\"@id\":\"https:\/\/dolores.ee\/lv\/product\/hikari-bye-bye-wrinkles-cream-20-ml\/#primaryimage\",\"url\":\"https:\/\/dolores.ee\/wp-content\/uploads\/2020\/08\/bye-bye-wrinkles_20ml_w2.jpg\",\"contentUrl\":\"https:\/\/dolores.ee\/wp-content\/uploads\/2020\/08\/bye-bye-wrinkles_20ml_w2.jpg\",\"width\":425,\"height\":510},{\"@type\":\"BreadcrumbList\",\"@id\":\"https:\/\/dolores.ee\/lv\/product\/hikari-bye-bye-wrinkles-cream-20-ml\/#breadcrumb\",\"itemListElement\":[{\"@type\":\"ListItem\",\"position\":1,\"name\":\"Home\",\"item\":\"https:\/\/dolores.ee\/lv\/\"},{\"@type\":\"ListItem\",\"position\":2,\"name\":\"E-veikals\",\"item\":\"https:\/\/dolores.ee\/lv\/e-veikals\/\"},{\"@type\":\"ListItem\",\"position\":3,\"name\":\"HIKARI Bye Bye Wrinkles Cream 20 ml\"}]},{\"@type\":\"WebSite\",\"@id\":\"https:\/\/dolores.ee\/lv\/#website\",\"url\":\"https:\/\/dolores.ee\/lv\/\",\"name\":\"Dolores e-pood\",\"description\":\"Beauty Shop\",\"publisher\":{\"@id\":\"https:\/\/dolores.ee\/lv\/#organization\"},\"alternateName\":\"Dolores\",\"potentialAction\":[{\"@type\":\"SearchAction\",\"target\":{\"@type\":\"EntryPoint\",\"urlTemplate\":\"https:\/\/dolores.ee\/lv\/?s={search_term_string}\"},\"query-input\":{\"@type\":\"PropertyValueSpecification\",\"valueRequired\":true,\"valueName\":\"search_term_string\"}}],\"inLanguage\":\"lv-LV\"},{\"@type\":\"Organization\",\"@id\":\"https:\/\/dolores.ee\/lv\/#organization\",\"name\":\"Dolores O\u00dc\",\"alternateName\":\"Dolores e-pood\",\"url\":\"https:\/\/dolores.ee\/lv\/\",\"logo\":{\"@type\":\"ImageObject\",\"inLanguage\":\"lv-LV\",\"@id\":\"https:\/\/dolores.ee\/lv\/#\/schema\/logo\/image\/\",\"url\":\"https:\/\/dolores.ee\/wp-content\/uploads\/2025\/04\/logo-1.jpg\",\"contentUrl\":\"https:\/\/dolores.ee\/wp-content\/uploads\/2025\/04\/logo-1.jpg\",\"width\":1951,\"height\":660,\"caption\":\"Dolores O\u00dc\"},\"image\":{\"@id\":\"https:\/\/dolores.ee\/lv\/#\/schema\/logo\/image\/\"},\"sameAs\":[\"https:\/\/www.facebook.com\/doloresepood\/\"],\"description\":\"Dolores.ee on kaasaegne veebipood, kust leiad tuntud kaubam\u00e4rkide \u2013 GIGI, Anna Lotan, Hikari, Hlavin \u2013 originaalkosmeetikat. Pakume kvaliteetseid hooldustooteid taskukohaste hindadega ja kiire kohaletoimetamisega \u00fcle Eesti. Nahahooldus pole kunagi olnud nii lihtne ja soodne!\",\"email\":\"dolores@dolores.ee\",\"telephone\":\"372 644 2440\",\"legalName\":\"Dolores O\u00dc\",\"foundingDate\":\"1998-02-09\",\"vatID\":\"EE100050280\",\"numberOfEmployees\":{\"@type\":\"QuantitativeValue\",\"minValue\":\"11\",\"maxValue\":\"50\"}}]}<\/script>\n<!-- \/ Yoast SEO Premium plugin. -->","yoast_head_json":{"title":"HIKARI Bye Bye Wrinkles Cream 20 ml ~ Dolores","robots":{"index":"index","follow":"follow","max-snippet":"max-snippet:-1","max-image-preview":"max-image-preview:large","max-video-preview":"max-video-preview:-1"},"canonical":"https:\/\/dolores.ee\/lv\/product\/hikari-bye-bye-wrinkles-cream-20-ml\/","og_locale":"lv_LV","og_type":"article","og_title":"HIKARI Bye Bye Wrinkles Cream 20 ml","og_description":"HIKARI Bye Bye Wrinkles Cream 20 ml","og_url":"https:\/\/dolores.ee\/lv\/product\/hikari-bye-bye-wrinkles-cream-20-ml\/","og_site_name":"Dolores","article_publisher":"https:\/\/www.facebook.com\/doloresepood\/","article_modified_time":"2025-07-01T08:06:13+00:00","og_image":[{"width":1200,"height":675,"url":"https:\/\/dolores.ee\/wp-content\/uploads\/2025\/05\/seo.jpg","type":"image\/jpeg"}],"twitter_card":"summary_large_image","twitter_misc":{"Est. reading time":"1 minute"},"schema":{"@context":"https:\/\/schema.org","@graph":[{"@type":"WebPage","@id":"https:\/\/dolores.ee\/lv\/product\/hikari-bye-bye-wrinkles-cream-20-ml\/","url":"https:\/\/dolores.ee\/lv\/product\/hikari-bye-bye-wrinkles-cream-20-ml\/","name":"HIKARI Bye Bye Wrinkles Cream 20 ml ~ Dolores","isPartOf":{"@id":"https:\/\/dolores.ee\/lv\/#website"},"primaryImageOfPage":{"@id":"https:\/\/dolores.ee\/lv\/product\/hikari-bye-bye-wrinkles-cream-20-ml\/#primaryimage"},"image":{"@id":"https:\/\/dolores.ee\/lv\/product\/hikari-bye-bye-wrinkles-cream-20-ml\/#primaryimage"},"thumbnailUrl":"https:\/\/dolores.ee\/wp-content\/uploads\/2020\/08\/bye-bye-wrinkles_20ml_w2.jpg","datePublished":"2020-08-13T10:00:42+00:00","dateModified":"2025-07-01T08:06:13+00:00","breadcrumb":{"@id":"https:\/\/dolores.ee\/lv\/product\/hikari-bye-bye-wrinkles-cream-20-ml\/#breadcrumb"},"inLanguage":"lv-LV","potentialAction":[{"@type":"ReadAction","target":["https:\/\/dolores.ee\/lv\/product\/hikari-bye-bye-wrinkles-cream-20-ml\/"]}]},{"@type":"ImageObject","inLanguage":"lv-LV","@id":"https:\/\/dolores.ee\/lv\/product\/hikari-bye-bye-wrinkles-cream-20-ml\/#primaryimage","url":"https:\/\/dolores.ee\/wp-content\/uploads\/2020\/08\/bye-bye-wrinkles_20ml_w2.jpg","contentUrl":"https:\/\/dolores.ee\/wp-content\/uploads\/2020\/08\/bye-bye-wrinkles_20ml_w2.jpg","width":425,"height":510},{"@type":"BreadcrumbList","@id":"https:\/\/dolores.ee\/lv\/product\/hikari-bye-bye-wrinkles-cream-20-ml\/#breadcrumb","itemListElement":[{"@type":"ListItem","position":1,"name":"Home","item":"https:\/\/dolores.ee\/lv\/"},{"@type":"ListItem","position":2,"name":"E-veikals","item":"https:\/\/dolores.ee\/lv\/e-veikals\/"},{"@type":"ListItem","position":3,"name":"HIKARI Bye Bye Wrinkles Cream 20 ml"}]},{"@type":"WebSite","@id":"https:\/\/dolores.ee\/lv\/#website","url":"https:\/\/dolores.ee\/lv\/","name":"Dolores e-pood","description":"Beauty Shop","publisher":{"@id":"https:\/\/dolores.ee\/lv\/#organization"},"alternateName":"Dolores","potentialAction":[{"@type":"SearchAction","target":{"@type":"EntryPoint","urlTemplate":"https:\/\/dolores.ee\/lv\/?s={search_term_string}"},"query-input":{"@type":"PropertyValueSpecification","valueRequired":true,"valueName":"search_term_string"}}],"inLanguage":"lv-LV"},{"@type":"Organization","@id":"https:\/\/dolores.ee\/lv\/#organization","name":"Dolores O\u00dc","alternateName":"Dolores e-pood","url":"https:\/\/dolores.ee\/lv\/","logo":{"@type":"ImageObject","inLanguage":"lv-LV","@id":"https:\/\/dolores.ee\/lv\/#\/schema\/logo\/image\/","url":"https:\/\/dolores.ee\/wp-content\/uploads\/2025\/04\/logo-1.jpg","contentUrl":"https:\/\/dolores.ee\/wp-content\/uploads\/2025\/04\/logo-1.jpg","width":1951,"height":660,"caption":"Dolores O\u00dc"},"image":{"@id":"https:\/\/dolores.ee\/lv\/#\/schema\/logo\/image\/"},"sameAs":["https:\/\/www.facebook.com\/doloresepood\/"],"description":"Dolores.ee on kaasaegne veebipood, kust leiad tuntud kaubam\u00e4rkide \u2013 GIGI, Anna Lotan, Hikari, Hlavin \u2013 originaalkosmeetikat. Pakume kvaliteetseid hooldustooteid taskukohaste hindadega ja kiire kohaletoimetamisega \u00fcle Eesti. Nahahooldus pole kunagi olnud nii lihtne ja soodne!","email":"dolores@dolores.ee","telephone":"372 644 2440","legalName":"Dolores O\u00dc","foundingDate":"1998-02-09","vatID":"EE100050280","numberOfEmployees":{"@type":"QuantitativeValue","minValue":"11","maxValue":"50"}}]}},"_links":{"self":[{"href":"https:\/\/dolores.ee\/lv\/wp-json\/wp\/v2\/product\/998264","targetHints":{"allow":["GET"]}}],"collection":[{"href":"https:\/\/dolores.ee\/lv\/wp-json\/wp\/v2\/product"}],"about":[{"href":"https:\/\/dolores.ee\/lv\/wp-json\/wp\/v2\/types\/product"}],"replies":[{"embeddable":true,"href":"https:\/\/dolores.ee\/lv\/wp-json\/wp\/v2\/comments?post=998264"}],"version-history":[{"count":0,"href":"https:\/\/dolores.ee\/lv\/wp-json\/wp\/v2\/product\/998264\/revisions"}],"wp:featuredmedia":[{"embeddable":true,"href":"https:\/\/dolores.ee\/lv\/wp-json\/wp\/v2\/media\/898"}],"wp:attachment":[{"href":"https:\/\/dolores.ee\/lv\/wp-json\/wp\/v2\/media?parent=998264"}],"wp:term":[{"taxonomy":"product_brand","embeddable":true,"href":"https:\/\/dolores.ee\/lv\/wp-json\/wp\/v2\/product_brand?post=998264"},{"taxonomy":"product_cat","embeddable":true,"href":"https:\/\/dolores.ee\/lv\/wp-json\/wp\/v2\/product_cat?post=998264"},{"taxonomy":"product_tag","embeddable":true,"href":"https:\/\/dolores.ee\/lv\/wp-json\/wp\/v2\/product_tag?post=998264"},{"taxonomy":"giftcard-category","embeddable":true,"href":"https:\/\/dolores.ee\/lv\/wp-json\/wp\/v2\/giftcard-category?post=998264"}],"curies":[{"name":"wp","href":"https:\/\/api.w.org\/{rel}","templated":true}]}}