{"id":998274,"date":"2020-08-13T13:00:17","date_gmt":"2020-08-13T10:00:17","guid":{"rendered":"https:\/\/dolores.ee\/product\/hikari-cellulite-therapy-serum-30-ml\/"},"modified":"2025-07-01T11:06:12","modified_gmt":"2025-07-01T08:06:12","slug":"hikari-cellulite-therapy-serum-30-ml","status":"publish","type":"product","link":"https:\/\/dolores.ee\/lv\/product\/hikari-cellulite-therapy-serum-30-ml\/","title":{"rendered":"HIKARI CELLULITE THERAPY SERUM 30 ml"},"content":{"rendered":"<div class=\"vgblk-rw-wrapper limit-wrapper\">\n<p data-start=\"54\" data-end=\"386\"><strong data-start=\"54\" data-end=\"104\">Inovat\u012bvs daudzfunkcion\u0101ls pretcelul\u012bta serums<\/strong> lieliski papildina citas pretcelul\u012bta terapijas, piem\u0113ram, mezoterapiju, speci\u0101las treni\u0146u programmas un \u0137erme\u0146a kontur\u0113\u0161anas proced\u016bras. Serums toniz\u0113 \u0101du, veicina tauksk\u0101bju izdal\u012b\u0161anos no taukaudiem, stimul\u0113 limfas cirkul\u0101ciju un kav\u0113 taukaudu \u0161\u016bnu (adipoc\u012btu) palielin\u0101\u0161anos.<\/p>\n<p data-start=\"388\" data-end=\"481\"><strong data-start=\"388\" data-end=\"409\">Lieto\u0161anas veids:<\/strong> Uzkl\u0101jiet serumu uz \u0101das un viegli iemas\u0113jiet l\u012bdz piln\u012bgai ies\u016bk\u0161anai.<\/p>\n<p data-start=\"483\" data-end=\"2200\"><strong data-start=\"483\" data-end=\"495\">Sast\u0101vs:<\/strong> <em data-start=\"496\" data-end=\"2200\">Aqua, ethoxydiglycol, glycerin, butylene glycol, cyclopentasiloxane, dimethiconol, cetearyl alcohol, caprylic\/capric triglyceride, glaucine, globularia cordifolia callus extract, zingiber zerumbet extract, carnitine, coco-glucoside, caprylyl glycol, spirulina platensis, polysorbate 20, jojoba oil, alpha bisabolol, collagen amino acids, retinyl palmitate, tocopheryl acetate, yeast extract, ascorbyl tetraisopalmitate (vitam\u012bns C), ubiquinone, kofe\u012bns, alcohol, phenyl trimethicone, propanediol, resveratrol, xanthan gum, phenoxyethanol, disodium EDTA, cetearyl glucoside, sodium chloride, ethylhexylglycerin, sodium hyaluronate, magnesium chloride, potassium chloride, calcium chloride, sorbitan tristearate, isononyl isononanoate, fragrance, arbutin, copper tripeptide-1, human oligopeptide-1 (EGF), magnesium ascorbyl phosphate, sinorhizobium meliloti ferment filtrate, hydrogenated lecithin, allantoin, dextran, palmitoyl hexapeptide-19, opuntia ficus-indica stem extract, xylitylglucoside, anhydroxylitol, gmelina sinensis leaf extract, hypericum perforatum flower\/leaf\/stem extract, nephelium longana seed extract, rumex occidentalis extract, tween 80, albizia, equisetum, arvensis extract, sodium PCA, ethanol abs, sodium lactate, plantago lanceolata leaf extract, xylitol, oligopeptide 68, sodium oleate, streareth-20, hesperidin methyl chalcone, cetyl hydroxyethyl cellulose, carbomer, lecithin, centella asiatica extract, urea, fructose, niacinamide, geranylgeranyl isopropanol, n-hydroxysuccinimide, humulus lupulus (api\u0146i) strobile, darutoside, genistein, dipeptide-2, inositol, palmitoyl tetrapeptide-2, potassium sorbate, chrysin, palmitoyl oligopeptide, palmitoyl tripeptide-1, sulfate.<\/em><\/p>\n<\/div>\n<p><!-- .vgblk-rw-wrapper --><\/p>\n","protected":false},"excerpt":{"rendered":"<p>HIKARI Pretcelul\u012bta serums 30 ml<\/p>\n","protected":false},"featured_media":0,"comment_status":"open","ping_status":"closed","template":"","meta":[],"product_brand":[],"product_cat":[706,688,687,698,676],"product_tag":[],"giftcard-category":[],"class_list":{"0":"post-998274","1":"product","2":"type-product","3":"status-publish","5":"product_cat-anticelulita","6":"product_cat-dermis-direct-lv","7":"product_cat-hikari-lv","8":"product_cat-kermena-kopsana","9":"product_cat-sale-lv","11":"first","12":"outofstock","13":"taxable","14":"shipping-taxable","15":"purchasable","16":"product-type-simple"},"yoast_head":"<!-- This site is optimized with the Yoast SEO Premium plugin v25.1 (Yoast SEO v25.7) - https:\/\/yoast.com\/wordpress\/plugins\/seo\/ -->\n<title>HIKARI CELLULITE THERAPY SERUM 30 ml ~ Dolores<\/title>\n<meta name=\"robots\" content=\"index, follow, max-snippet:-1, max-image-preview:large, max-video-preview:-1\" \/>\n<link rel=\"canonical\" href=\"https:\/\/dolores.ee\/lv\/product\/hikari-cellulite-therapy-serum-30-ml\/\" \/>\n<meta property=\"og:locale\" content=\"lv_LV\" \/>\n<meta property=\"og:type\" content=\"article\" \/>\n<meta property=\"og:title\" content=\"HIKARI CELLULITE THERAPY SERUM 30 ml\" \/>\n<meta property=\"og:description\" content=\"HIKARI Pretcelul\u012bta serums 30 ml\" \/>\n<meta property=\"og:url\" content=\"https:\/\/dolores.ee\/lv\/product\/hikari-cellulite-therapy-serum-30-ml\/\" \/>\n<meta property=\"og:site_name\" content=\"Dolores\" \/>\n<meta property=\"article:publisher\" content=\"https:\/\/www.facebook.com\/doloresepood\/\" \/>\n<meta property=\"article:modified_time\" content=\"2025-07-01T08:06:12+00:00\" \/>\n<meta property=\"og:image\" content=\"https:\/\/dolores.ee\/wp-content\/uploads\/2025\/05\/seo.jpg\" \/>\n\t<meta property=\"og:image:width\" content=\"1200\" \/>\n\t<meta property=\"og:image:height\" content=\"675\" \/>\n\t<meta property=\"og:image:type\" content=\"image\/jpeg\" \/>\n<meta name=\"twitter:card\" content=\"summary_large_image\" \/>\n<meta name=\"twitter:label1\" content=\"Est. reading time\" \/>\n\t<meta name=\"twitter:data1\" content=\"1 minute\" \/>\n<script type=\"application\/ld+json\" class=\"yoast-schema-graph\">{\"@context\":\"https:\/\/schema.org\",\"@graph\":[{\"@type\":\"WebPage\",\"@id\":\"https:\/\/dolores.ee\/lv\/product\/hikari-cellulite-therapy-serum-30-ml\/\",\"url\":\"https:\/\/dolores.ee\/lv\/product\/hikari-cellulite-therapy-serum-30-ml\/\",\"name\":\"HIKARI CELLULITE THERAPY SERUM 30 ml ~ Dolores\",\"isPartOf\":{\"@id\":\"https:\/\/dolores.ee\/lv\/#website\"},\"datePublished\":\"2020-08-13T10:00:17+00:00\",\"dateModified\":\"2025-07-01T08:06:12+00:00\",\"breadcrumb\":{\"@id\":\"https:\/\/dolores.ee\/lv\/product\/hikari-cellulite-therapy-serum-30-ml\/#breadcrumb\"},\"inLanguage\":\"lv-LV\",\"potentialAction\":[{\"@type\":\"ReadAction\",\"target\":[\"https:\/\/dolores.ee\/lv\/product\/hikari-cellulite-therapy-serum-30-ml\/\"]}]},{\"@type\":\"BreadcrumbList\",\"@id\":\"https:\/\/dolores.ee\/lv\/product\/hikari-cellulite-therapy-serum-30-ml\/#breadcrumb\",\"itemListElement\":[{\"@type\":\"ListItem\",\"position\":1,\"name\":\"Home\",\"item\":\"https:\/\/dolores.ee\/lv\/\"},{\"@type\":\"ListItem\",\"position\":2,\"name\":\"E-veikals\",\"item\":\"https:\/\/dolores.ee\/lv\/e-veikals\/\"},{\"@type\":\"ListItem\",\"position\":3,\"name\":\"HIKARI CELLULITE THERAPY SERUM 30 ml\"}]},{\"@type\":\"WebSite\",\"@id\":\"https:\/\/dolores.ee\/lv\/#website\",\"url\":\"https:\/\/dolores.ee\/lv\/\",\"name\":\"Dolores e-pood\",\"description\":\"Beauty Shop\",\"publisher\":{\"@id\":\"https:\/\/dolores.ee\/lv\/#organization\"},\"alternateName\":\"Dolores\",\"potentialAction\":[{\"@type\":\"SearchAction\",\"target\":{\"@type\":\"EntryPoint\",\"urlTemplate\":\"https:\/\/dolores.ee\/lv\/?s={search_term_string}\"},\"query-input\":{\"@type\":\"PropertyValueSpecification\",\"valueRequired\":true,\"valueName\":\"search_term_string\"}}],\"inLanguage\":\"lv-LV\"},{\"@type\":\"Organization\",\"@id\":\"https:\/\/dolores.ee\/lv\/#organization\",\"name\":\"Dolores O\u00dc\",\"alternateName\":\"Dolores e-pood\",\"url\":\"https:\/\/dolores.ee\/lv\/\",\"logo\":{\"@type\":\"ImageObject\",\"inLanguage\":\"lv-LV\",\"@id\":\"https:\/\/dolores.ee\/lv\/#\/schema\/logo\/image\/\",\"url\":\"https:\/\/dolores.ee\/wp-content\/uploads\/2025\/04\/logo-1.jpg\",\"contentUrl\":\"https:\/\/dolores.ee\/wp-content\/uploads\/2025\/04\/logo-1.jpg\",\"width\":1951,\"height\":660,\"caption\":\"Dolores O\u00dc\"},\"image\":{\"@id\":\"https:\/\/dolores.ee\/lv\/#\/schema\/logo\/image\/\"},\"sameAs\":[\"https:\/\/www.facebook.com\/doloresepood\/\"],\"description\":\"Dolores.ee on kaasaegne veebipood, kust leiad tuntud kaubam\u00e4rkide \u2013 GIGI, Anna Lotan, Hikari, Hlavin \u2013 originaalkosmeetikat. Pakume kvaliteetseid hooldustooteid taskukohaste hindadega ja kiire kohaletoimetamisega \u00fcle Eesti. Nahahooldus pole kunagi olnud nii lihtne ja soodne!\",\"email\":\"dolores@dolores.ee\",\"telephone\":\"372 644 2440\",\"legalName\":\"Dolores O\u00dc\",\"foundingDate\":\"1998-02-09\",\"vatID\":\"EE100050280\",\"numberOfEmployees\":{\"@type\":\"QuantitativeValue\",\"minValue\":\"11\",\"maxValue\":\"50\"}}]}<\/script>\n<!-- \/ Yoast SEO Premium plugin. -->","yoast_head_json":{"title":"HIKARI CELLULITE THERAPY SERUM 30 ml ~ Dolores","robots":{"index":"index","follow":"follow","max-snippet":"max-snippet:-1","max-image-preview":"max-image-preview:large","max-video-preview":"max-video-preview:-1"},"canonical":"https:\/\/dolores.ee\/lv\/product\/hikari-cellulite-therapy-serum-30-ml\/","og_locale":"lv_LV","og_type":"article","og_title":"HIKARI CELLULITE THERAPY SERUM 30 ml","og_description":"HIKARI Pretcelul\u012bta serums 30 ml","og_url":"https:\/\/dolores.ee\/lv\/product\/hikari-cellulite-therapy-serum-30-ml\/","og_site_name":"Dolores","article_publisher":"https:\/\/www.facebook.com\/doloresepood\/","article_modified_time":"2025-07-01T08:06:12+00:00","og_image":[{"width":1200,"height":675,"url":"https:\/\/dolores.ee\/wp-content\/uploads\/2025\/05\/seo.jpg","type":"image\/jpeg"}],"twitter_card":"summary_large_image","twitter_misc":{"Est. reading time":"1 minute"},"schema":{"@context":"https:\/\/schema.org","@graph":[{"@type":"WebPage","@id":"https:\/\/dolores.ee\/lv\/product\/hikari-cellulite-therapy-serum-30-ml\/","url":"https:\/\/dolores.ee\/lv\/product\/hikari-cellulite-therapy-serum-30-ml\/","name":"HIKARI CELLULITE THERAPY SERUM 30 ml ~ Dolores","isPartOf":{"@id":"https:\/\/dolores.ee\/lv\/#website"},"datePublished":"2020-08-13T10:00:17+00:00","dateModified":"2025-07-01T08:06:12+00:00","breadcrumb":{"@id":"https:\/\/dolores.ee\/lv\/product\/hikari-cellulite-therapy-serum-30-ml\/#breadcrumb"},"inLanguage":"lv-LV","potentialAction":[{"@type":"ReadAction","target":["https:\/\/dolores.ee\/lv\/product\/hikari-cellulite-therapy-serum-30-ml\/"]}]},{"@type":"BreadcrumbList","@id":"https:\/\/dolores.ee\/lv\/product\/hikari-cellulite-therapy-serum-30-ml\/#breadcrumb","itemListElement":[{"@type":"ListItem","position":1,"name":"Home","item":"https:\/\/dolores.ee\/lv\/"},{"@type":"ListItem","position":2,"name":"E-veikals","item":"https:\/\/dolores.ee\/lv\/e-veikals\/"},{"@type":"ListItem","position":3,"name":"HIKARI CELLULITE THERAPY SERUM 30 ml"}]},{"@type":"WebSite","@id":"https:\/\/dolores.ee\/lv\/#website","url":"https:\/\/dolores.ee\/lv\/","name":"Dolores e-pood","description":"Beauty Shop","publisher":{"@id":"https:\/\/dolores.ee\/lv\/#organization"},"alternateName":"Dolores","potentialAction":[{"@type":"SearchAction","target":{"@type":"EntryPoint","urlTemplate":"https:\/\/dolores.ee\/lv\/?s={search_term_string}"},"query-input":{"@type":"PropertyValueSpecification","valueRequired":true,"valueName":"search_term_string"}}],"inLanguage":"lv-LV"},{"@type":"Organization","@id":"https:\/\/dolores.ee\/lv\/#organization","name":"Dolores O\u00dc","alternateName":"Dolores e-pood","url":"https:\/\/dolores.ee\/lv\/","logo":{"@type":"ImageObject","inLanguage":"lv-LV","@id":"https:\/\/dolores.ee\/lv\/#\/schema\/logo\/image\/","url":"https:\/\/dolores.ee\/wp-content\/uploads\/2025\/04\/logo-1.jpg","contentUrl":"https:\/\/dolores.ee\/wp-content\/uploads\/2025\/04\/logo-1.jpg","width":1951,"height":660,"caption":"Dolores O\u00dc"},"image":{"@id":"https:\/\/dolores.ee\/lv\/#\/schema\/logo\/image\/"},"sameAs":["https:\/\/www.facebook.com\/doloresepood\/"],"description":"Dolores.ee on kaasaegne veebipood, kust leiad tuntud kaubam\u00e4rkide \u2013 GIGI, Anna Lotan, Hikari, Hlavin \u2013 originaalkosmeetikat. Pakume kvaliteetseid hooldustooteid taskukohaste hindadega ja kiire kohaletoimetamisega \u00fcle Eesti. Nahahooldus pole kunagi olnud nii lihtne ja soodne!","email":"dolores@dolores.ee","telephone":"372 644 2440","legalName":"Dolores O\u00dc","foundingDate":"1998-02-09","vatID":"EE100050280","numberOfEmployees":{"@type":"QuantitativeValue","minValue":"11","maxValue":"50"}}]}},"_links":{"self":[{"href":"https:\/\/dolores.ee\/lv\/wp-json\/wp\/v2\/product\/998274","targetHints":{"allow":["GET"]}}],"collection":[{"href":"https:\/\/dolores.ee\/lv\/wp-json\/wp\/v2\/product"}],"about":[{"href":"https:\/\/dolores.ee\/lv\/wp-json\/wp\/v2\/types\/product"}],"replies":[{"embeddable":true,"href":"https:\/\/dolores.ee\/lv\/wp-json\/wp\/v2\/comments?post=998274"}],"version-history":[{"count":0,"href":"https:\/\/dolores.ee\/lv\/wp-json\/wp\/v2\/product\/998274\/revisions"}],"wp:attachment":[{"href":"https:\/\/dolores.ee\/lv\/wp-json\/wp\/v2\/media?parent=998274"}],"wp:term":[{"taxonomy":"product_brand","embeddable":true,"href":"https:\/\/dolores.ee\/lv\/wp-json\/wp\/v2\/product_brand?post=998274"},{"taxonomy":"product_cat","embeddable":true,"href":"https:\/\/dolores.ee\/lv\/wp-json\/wp\/v2\/product_cat?post=998274"},{"taxonomy":"product_tag","embeddable":true,"href":"https:\/\/dolores.ee\/lv\/wp-json\/wp\/v2\/product_tag?post=998274"},{"taxonomy":"giftcard-category","embeddable":true,"href":"https:\/\/dolores.ee\/lv\/wp-json\/wp\/v2\/giftcard-category?post=998274"}],"curies":[{"name":"wp","href":"https:\/\/api.w.org\/{rel}","templated":true}]}}