{"id":998285,"date":"2020-08-13T13:00:01","date_gmt":"2020-08-13T10:00:01","guid":{"rendered":"https:\/\/dolores.ee\/product\/hlavin-lavilin-jojobas-krems-gels-100-ml\/"},"modified":"2025-07-01T11:06:12","modified_gmt":"2025-07-01T08:06:12","slug":"hlavin-lavilin-jojobas-krems-gels-100-ml","status":"publish","type":"product","link":"https:\/\/dolores.ee\/lv\/product\/hlavin-lavilin-jojobas-krems-gels-100-ml\/","title":{"rendered":"Hlavin Lavilin Jojobas kr\u0113ms-g\u0113ls 100 ml"},"content":{"rendered":"<div class=\"vgblk-rw-wrapper limit-wrapper\">\n<p data-start=\"139\" data-end=\"651\">\u013boti univers\u0101ls produkts. Efekt\u012bvi pal\u012bdz apdegumu gad\u012bjum\u0101, veicina dziedin\u0101\u0161anu, izl\u012bdzina apdegumu r\u0113tas. Piem\u0113rots p\u0113coperat\u012bvai apdegumu kop\u0161anai, dzied\u0113 skr\u0101p\u0113jumus un griezuma br\u016bces, pal\u012bdz nov\u0113rst br\u012bvo radik\u0101\u013cu veido\u0161anos un \u0101das noveco\u0161anos, saglab\u0101 \u0101das elast\u012bbu, samazina pigment\u0101cijas plankumu redzam\u012bbu, regul\u0113 \u0101das tauku veido\u0161anos, saglab\u0101 dabisko mitrumu, \u0101tri atjauno sausu un boj\u0101tu \u0101du.<br data-start=\"546\" data-end=\"549\" \/>Kr\u0113mam ir pretiekaisuma un niezi mazino\u0161a iedarb\u012bba, tas ide\u0101li piem\u0113rots \u013coti sausai un lob\u012btai \u0101dai.<\/p>\n<p data-start=\"653\" data-end=\"937\"><strong data-start=\"653\" data-end=\"665\">Sast\u0101vs:<\/strong><br data-start=\"665\" data-end=\"668\" \/><em data-start=\"668\" data-end=\"937\">Deioniz\u0113ts \u016bdens, Simmondsia Chinensis (jojobas) s\u0113klu e\u013c\u013ca, poliakrilam\u012bds, 13-14 izoparaf\u012bns, Laureth-7, laktoze, piena prote\u012bns, Bifida Ferment Lysate, tokoferila acet\u0101ts, Chamomilla Recutita (matric\u0101rijas) ziedu e\u013c\u013ca, dehidroeti\u0137sk\u0101be, benzo\u012bnsk\u0101be, benzilspirts.<\/em><\/p>\n<\/div>\n<p><!-- .vgblk-rw-wrapper --><\/p>\n","protected":false},"excerpt":{"rendered":"<p>Hlavin Lavilin Jojobas kr\u0113ms-g\u0113ls 100 ml<\/p>\n","protected":false},"featured_media":729,"comment_status":"open","ping_status":"closed","template":"","meta":[],"product_brand":[],"product_cat":[725,691,677,698,701,730,685,702,676,718],"product_tag":[],"giftcard-category":[],"class_list":{"0":"post-998285","1":"product","2":"type-product","3":"status-publish","4":"has-post-thumbnail","6":"product_cat-dienas-krems","7":"product_cat-hlavin-lv","8":"product_cat-home-body-care-lv","9":"product_cat-kermena-kopsana","10":"product_cat-kermena-kremi","11":"product_cat-nakts-krems","12":"product_cat-proceduras","13":"product_cat-rokas-nagi-un-pedas","14":"product_cat-sale-lv","15":"product_cat-sejas-kopsana","17":"first","18":"instock","19":"taxable","20":"shipping-taxable","21":"purchasable","22":"product-type-simple"},"yoast_head":"<!-- This site is optimized with the Yoast SEO Premium plugin v25.1 (Yoast SEO v25.7) - https:\/\/yoast.com\/wordpress\/plugins\/seo\/ -->\n<title>Hlavin Lavilin Jojobas kr\u0113ms-g\u0113ls 100 ml ~ Dolores<\/title>\n<meta name=\"robots\" content=\"index, follow, max-snippet:-1, max-image-preview:large, max-video-preview:-1\" \/>\n<link rel=\"canonical\" href=\"https:\/\/dolores.ee\/lv\/product\/hlavin-lavilin-jojobas-krems-gels-100-ml\/\" \/>\n<meta property=\"og:locale\" content=\"lv_LV\" \/>\n<meta property=\"og:type\" content=\"article\" \/>\n<meta property=\"og:title\" content=\"Hlavin Lavilin Jojobas kr\u0113ms-g\u0113ls 100 ml\" \/>\n<meta property=\"og:description\" content=\"Hlavin Lavilin Jojobas kr\u0113ms-g\u0113ls 100 ml\" \/>\n<meta property=\"og:url\" content=\"https:\/\/dolores.ee\/lv\/product\/hlavin-lavilin-jojobas-krems-gels-100-ml\/\" \/>\n<meta property=\"og:site_name\" content=\"Dolores\" \/>\n<meta property=\"article:publisher\" content=\"https:\/\/www.facebook.com\/doloresepood\/\" \/>\n<meta property=\"article:modified_time\" content=\"2025-07-01T08:06:12+00:00\" \/>\n<meta property=\"og:image\" content=\"https:\/\/dolores.ee\/wp-content\/uploads\/2025\/05\/seo.jpg\" \/>\n\t<meta property=\"og:image:width\" content=\"1200\" \/>\n\t<meta property=\"og:image:height\" content=\"675\" \/>\n\t<meta property=\"og:image:type\" content=\"image\/jpeg\" \/>\n<meta name=\"twitter:card\" content=\"summary_large_image\" \/>\n<meta name=\"twitter:label1\" content=\"Est. reading time\" \/>\n\t<meta name=\"twitter:data1\" content=\"1 minute\" \/>\n<script type=\"application\/ld+json\" class=\"yoast-schema-graph\">{\"@context\":\"https:\/\/schema.org\",\"@graph\":[{\"@type\":\"WebPage\",\"@id\":\"https:\/\/dolores.ee\/lv\/product\/hlavin-lavilin-jojobas-krems-gels-100-ml\/\",\"url\":\"https:\/\/dolores.ee\/lv\/product\/hlavin-lavilin-jojobas-krems-gels-100-ml\/\",\"name\":\"Hlavin Lavilin Jojobas kr\u0113ms-g\u0113ls 100 ml ~ Dolores\",\"isPartOf\":{\"@id\":\"https:\/\/dolores.ee\/lv\/#website\"},\"primaryImageOfPage\":{\"@id\":\"https:\/\/dolores.ee\/lv\/product\/hlavin-lavilin-jojobas-krems-gels-100-ml\/#primaryimage\"},\"image\":{\"@id\":\"https:\/\/dolores.ee\/lv\/product\/hlavin-lavilin-jojobas-krems-gels-100-ml\/#primaryimage\"},\"thumbnailUrl\":\"https:\/\/dolores.ee\/wp-content\/uploads\/2020\/08\/jojoba_gel25.jpg\",\"datePublished\":\"2020-08-13T10:00:01+00:00\",\"dateModified\":\"2025-07-01T08:06:12+00:00\",\"breadcrumb\":{\"@id\":\"https:\/\/dolores.ee\/lv\/product\/hlavin-lavilin-jojobas-krems-gels-100-ml\/#breadcrumb\"},\"inLanguage\":\"lv-LV\",\"potentialAction\":[{\"@type\":\"ReadAction\",\"target\":[\"https:\/\/dolores.ee\/lv\/product\/hlavin-lavilin-jojobas-krems-gels-100-ml\/\"]}]},{\"@type\":\"ImageObject\",\"inLanguage\":\"lv-LV\",\"@id\":\"https:\/\/dolores.ee\/lv\/product\/hlavin-lavilin-jojobas-krems-gels-100-ml\/#primaryimage\",\"url\":\"https:\/\/dolores.ee\/wp-content\/uploads\/2020\/08\/jojoba_gel25.jpg\",\"contentUrl\":\"https:\/\/dolores.ee\/wp-content\/uploads\/2020\/08\/jojoba_gel25.jpg\",\"width\":500,\"height\":500},{\"@type\":\"BreadcrumbList\",\"@id\":\"https:\/\/dolores.ee\/lv\/product\/hlavin-lavilin-jojobas-krems-gels-100-ml\/#breadcrumb\",\"itemListElement\":[{\"@type\":\"ListItem\",\"position\":1,\"name\":\"Home\",\"item\":\"https:\/\/dolores.ee\/lv\/\"},{\"@type\":\"ListItem\",\"position\":2,\"name\":\"E-veikals\",\"item\":\"https:\/\/dolores.ee\/lv\/e-veikals\/\"},{\"@type\":\"ListItem\",\"position\":3,\"name\":\"Hlavin Lavilin Jojobas kr\u0113ms-g\u0113ls 100 ml\"}]},{\"@type\":\"WebSite\",\"@id\":\"https:\/\/dolores.ee\/lv\/#website\",\"url\":\"https:\/\/dolores.ee\/lv\/\",\"name\":\"Dolores e-pood\",\"description\":\"Beauty Shop\",\"publisher\":{\"@id\":\"https:\/\/dolores.ee\/lv\/#organization\"},\"alternateName\":\"Dolores\",\"potentialAction\":[{\"@type\":\"SearchAction\",\"target\":{\"@type\":\"EntryPoint\",\"urlTemplate\":\"https:\/\/dolores.ee\/lv\/?s={search_term_string}\"},\"query-input\":{\"@type\":\"PropertyValueSpecification\",\"valueRequired\":true,\"valueName\":\"search_term_string\"}}],\"inLanguage\":\"lv-LV\"},{\"@type\":\"Organization\",\"@id\":\"https:\/\/dolores.ee\/lv\/#organization\",\"name\":\"Dolores O\u00dc\",\"alternateName\":\"Dolores e-pood\",\"url\":\"https:\/\/dolores.ee\/lv\/\",\"logo\":{\"@type\":\"ImageObject\",\"inLanguage\":\"lv-LV\",\"@id\":\"https:\/\/dolores.ee\/lv\/#\/schema\/logo\/image\/\",\"url\":\"https:\/\/dolores.ee\/wp-content\/uploads\/2025\/04\/logo-1.jpg\",\"contentUrl\":\"https:\/\/dolores.ee\/wp-content\/uploads\/2025\/04\/logo-1.jpg\",\"width\":1951,\"height\":660,\"caption\":\"Dolores O\u00dc\"},\"image\":{\"@id\":\"https:\/\/dolores.ee\/lv\/#\/schema\/logo\/image\/\"},\"sameAs\":[\"https:\/\/www.facebook.com\/doloresepood\/\"],\"description\":\"Dolores.ee on kaasaegne veebipood, kust leiad tuntud kaubam\u00e4rkide \u2013 GIGI, Anna Lotan, Hikari, Hlavin \u2013 originaalkosmeetikat. Pakume kvaliteetseid hooldustooteid taskukohaste hindadega ja kiire kohaletoimetamisega \u00fcle Eesti. Nahahooldus pole kunagi olnud nii lihtne ja soodne!\",\"email\":\"dolores@dolores.ee\",\"telephone\":\"372 644 2440\",\"legalName\":\"Dolores O\u00dc\",\"foundingDate\":\"1998-02-09\",\"vatID\":\"EE100050280\",\"numberOfEmployees\":{\"@type\":\"QuantitativeValue\",\"minValue\":\"11\",\"maxValue\":\"50\"}}]}<\/script>\n<!-- \/ Yoast SEO Premium plugin. -->","yoast_head_json":{"title":"Hlavin Lavilin Jojobas kr\u0113ms-g\u0113ls 100 ml ~ Dolores","robots":{"index":"index","follow":"follow","max-snippet":"max-snippet:-1","max-image-preview":"max-image-preview:large","max-video-preview":"max-video-preview:-1"},"canonical":"https:\/\/dolores.ee\/lv\/product\/hlavin-lavilin-jojobas-krems-gels-100-ml\/","og_locale":"lv_LV","og_type":"article","og_title":"Hlavin Lavilin Jojobas kr\u0113ms-g\u0113ls 100 ml","og_description":"Hlavin Lavilin Jojobas kr\u0113ms-g\u0113ls 100 ml","og_url":"https:\/\/dolores.ee\/lv\/product\/hlavin-lavilin-jojobas-krems-gels-100-ml\/","og_site_name":"Dolores","article_publisher":"https:\/\/www.facebook.com\/doloresepood\/","article_modified_time":"2025-07-01T08:06:12+00:00","og_image":[{"width":1200,"height":675,"url":"https:\/\/dolores.ee\/wp-content\/uploads\/2025\/05\/seo.jpg","type":"image\/jpeg"}],"twitter_card":"summary_large_image","twitter_misc":{"Est. reading time":"1 minute"},"schema":{"@context":"https:\/\/schema.org","@graph":[{"@type":"WebPage","@id":"https:\/\/dolores.ee\/lv\/product\/hlavin-lavilin-jojobas-krems-gels-100-ml\/","url":"https:\/\/dolores.ee\/lv\/product\/hlavin-lavilin-jojobas-krems-gels-100-ml\/","name":"Hlavin Lavilin Jojobas kr\u0113ms-g\u0113ls 100 ml ~ Dolores","isPartOf":{"@id":"https:\/\/dolores.ee\/lv\/#website"},"primaryImageOfPage":{"@id":"https:\/\/dolores.ee\/lv\/product\/hlavin-lavilin-jojobas-krems-gels-100-ml\/#primaryimage"},"image":{"@id":"https:\/\/dolores.ee\/lv\/product\/hlavin-lavilin-jojobas-krems-gels-100-ml\/#primaryimage"},"thumbnailUrl":"https:\/\/dolores.ee\/wp-content\/uploads\/2020\/08\/jojoba_gel25.jpg","datePublished":"2020-08-13T10:00:01+00:00","dateModified":"2025-07-01T08:06:12+00:00","breadcrumb":{"@id":"https:\/\/dolores.ee\/lv\/product\/hlavin-lavilin-jojobas-krems-gels-100-ml\/#breadcrumb"},"inLanguage":"lv-LV","potentialAction":[{"@type":"ReadAction","target":["https:\/\/dolores.ee\/lv\/product\/hlavin-lavilin-jojobas-krems-gels-100-ml\/"]}]},{"@type":"ImageObject","inLanguage":"lv-LV","@id":"https:\/\/dolores.ee\/lv\/product\/hlavin-lavilin-jojobas-krems-gels-100-ml\/#primaryimage","url":"https:\/\/dolores.ee\/wp-content\/uploads\/2020\/08\/jojoba_gel25.jpg","contentUrl":"https:\/\/dolores.ee\/wp-content\/uploads\/2020\/08\/jojoba_gel25.jpg","width":500,"height":500},{"@type":"BreadcrumbList","@id":"https:\/\/dolores.ee\/lv\/product\/hlavin-lavilin-jojobas-krems-gels-100-ml\/#breadcrumb","itemListElement":[{"@type":"ListItem","position":1,"name":"Home","item":"https:\/\/dolores.ee\/lv\/"},{"@type":"ListItem","position":2,"name":"E-veikals","item":"https:\/\/dolores.ee\/lv\/e-veikals\/"},{"@type":"ListItem","position":3,"name":"Hlavin Lavilin Jojobas kr\u0113ms-g\u0113ls 100 ml"}]},{"@type":"WebSite","@id":"https:\/\/dolores.ee\/lv\/#website","url":"https:\/\/dolores.ee\/lv\/","name":"Dolores e-pood","description":"Beauty Shop","publisher":{"@id":"https:\/\/dolores.ee\/lv\/#organization"},"alternateName":"Dolores","potentialAction":[{"@type":"SearchAction","target":{"@type":"EntryPoint","urlTemplate":"https:\/\/dolores.ee\/lv\/?s={search_term_string}"},"query-input":{"@type":"PropertyValueSpecification","valueRequired":true,"valueName":"search_term_string"}}],"inLanguage":"lv-LV"},{"@type":"Organization","@id":"https:\/\/dolores.ee\/lv\/#organization","name":"Dolores O\u00dc","alternateName":"Dolores e-pood","url":"https:\/\/dolores.ee\/lv\/","logo":{"@type":"ImageObject","inLanguage":"lv-LV","@id":"https:\/\/dolores.ee\/lv\/#\/schema\/logo\/image\/","url":"https:\/\/dolores.ee\/wp-content\/uploads\/2025\/04\/logo-1.jpg","contentUrl":"https:\/\/dolores.ee\/wp-content\/uploads\/2025\/04\/logo-1.jpg","width":1951,"height":660,"caption":"Dolores O\u00dc"},"image":{"@id":"https:\/\/dolores.ee\/lv\/#\/schema\/logo\/image\/"},"sameAs":["https:\/\/www.facebook.com\/doloresepood\/"],"description":"Dolores.ee on kaasaegne veebipood, kust leiad tuntud kaubam\u00e4rkide \u2013 GIGI, Anna Lotan, Hikari, Hlavin \u2013 originaalkosmeetikat. Pakume kvaliteetseid hooldustooteid taskukohaste hindadega ja kiire kohaletoimetamisega \u00fcle Eesti. Nahahooldus pole kunagi olnud nii lihtne ja soodne!","email":"dolores@dolores.ee","telephone":"372 644 2440","legalName":"Dolores O\u00dc","foundingDate":"1998-02-09","vatID":"EE100050280","numberOfEmployees":{"@type":"QuantitativeValue","minValue":"11","maxValue":"50"}}]}},"_links":{"self":[{"href":"https:\/\/dolores.ee\/lv\/wp-json\/wp\/v2\/product\/998285","targetHints":{"allow":["GET"]}}],"collection":[{"href":"https:\/\/dolores.ee\/lv\/wp-json\/wp\/v2\/product"}],"about":[{"href":"https:\/\/dolores.ee\/lv\/wp-json\/wp\/v2\/types\/product"}],"replies":[{"embeddable":true,"href":"https:\/\/dolores.ee\/lv\/wp-json\/wp\/v2\/comments?post=998285"}],"version-history":[{"count":0,"href":"https:\/\/dolores.ee\/lv\/wp-json\/wp\/v2\/product\/998285\/revisions"}],"wp:featuredmedia":[{"embeddable":true,"href":"https:\/\/dolores.ee\/lv\/wp-json\/wp\/v2\/media\/729"}],"wp:attachment":[{"href":"https:\/\/dolores.ee\/lv\/wp-json\/wp\/v2\/media?parent=998285"}],"wp:term":[{"taxonomy":"product_brand","embeddable":true,"href":"https:\/\/dolores.ee\/lv\/wp-json\/wp\/v2\/product_brand?post=998285"},{"taxonomy":"product_cat","embeddable":true,"href":"https:\/\/dolores.ee\/lv\/wp-json\/wp\/v2\/product_cat?post=998285"},{"taxonomy":"product_tag","embeddable":true,"href":"https:\/\/dolores.ee\/lv\/wp-json\/wp\/v2\/product_tag?post=998285"},{"taxonomy":"giftcard-category","embeddable":true,"href":"https:\/\/dolores.ee\/lv\/wp-json\/wp\/v2\/giftcard-category?post=998285"}],"curies":[{"name":"wp","href":"https:\/\/api.w.org\/{rel}","templated":true}]}}