{"id":998293,"date":"2020-08-13T12:59:55","date_gmt":"2020-08-13T09:59:55","guid":{"rendered":"https:\/\/dolores.ee\/product\/anna-lotan-clear-zustoss-lidzeklis-pret-pinnem-gaiss-30-ml\/"},"modified":"2025-07-01T11:06:12","modified_gmt":"2025-07-01T08:06:12","slug":"anna-lotan-clear-zustoss-lidzeklis-pret-pinnem-gaiss-30-ml","status":"publish","type":"product","link":"https:\/\/dolores.ee\/lv\/product\/anna-lotan-clear-zustoss-lidzeklis-pret-pinnem-gaiss-30-ml\/","title":{"rendered":"Anna Lotan Clear \u017d\u016bsto\u0161s l\u012bdzeklis pret pinn\u0113m (gai\u0161s) 30 ml"},"content":{"rendered":"<div class=\"vgblk-rw-wrapper limit-wrapper\">\n<p data-start=\"169\" data-end=\"367\">\u0100tri \u017e\u016bsto\u0161s losjons ar N\u0101ves j\u016bras miner\u0101liem problem\u0101tiskai un taukainai \u0101dai. Paredz\u0113ts lieto\u0161anai uz nakti tie\u0161i uz pinn\u0113m. Nomierina aps\u0101rtumu un pie\u0161\u0137ir \u0101dai mat\u0113tu izskatu. Nesatur parab\u0113nus.<\/p>\n<p data-start=\"369\" data-end=\"519\"><strong data-start=\"369\" data-end=\"383\">Lieto\u0161ana:<\/strong> Uzkl\u0101jiet vakar\u0101 uz nepiecie\u0161amaj\u0101m viet\u0101m un atst\u0101jiet uz nakti. Var izrais\u012bt vieglu tirp\u0161anas saj\u016btu. Pirms lieto\u0161anas labi sakrat\u012bt.<\/p>\n<p data-start=\"521\" data-end=\"975\"><strong data-start=\"521\" data-end=\"533\">Sast\u0101vs:<\/strong><br data-start=\"533\" data-end=\"536\" \/><em data-start=\"536\" data-end=\"975\">Water (Aqua), Calamine, Zinc Oxide, Alcohol, Kaolin, Sea Salt, PEG-40 Hydrogenated Castor Oil, Propylene Glycol, Phenoxyethanol, Echinacea Purpurea (Coneflower) Extract, Magnesium Aluminum Silicate, Hamamelis Virginiana (Witch Hazel) Bark Extract, Allantoin, Linalool, Ethylhexylglycerin, Lavandula Angustifolia (Lavender) Oil, Salvia Sclarea (Clary) Oil, Thymus Vulgaris (Thyme) Oil, Geraniol, Limonene, Titanium Dioxide, Iron Oxides.<\/em><\/p>\n<\/div>\n<p><!-- .vgblk-rw-wrapper --><\/p>\n","protected":false},"excerpt":{"rendered":"<p>Anna Lotan Clear \u017d\u016bsto\u0161s l\u012bdzeklis pret pinn\u0113m (gai\u0161s) 30 ml<\/p>\n","protected":false},"featured_media":0,"comment_status":"open","ping_status":"closed","template":"","meta":[],"product_brand":[],"product_cat":[660,665,685,676,718,705],"product_tag":[],"giftcard-category":[],"class_list":{"0":"post-998293","1":"product","2":"type-product","3":"status-publish","5":"product_cat-anna-lotan-lv","6":"product_cat-clear-lv","7":"product_cat-proceduras","8":"product_cat-sale-lv","9":"product_cat-sejas-kopsana","10":"product_cat-taukaina-ada","12":"first","13":"outofstock","14":"taxable","15":"shipping-taxable","16":"purchasable","17":"product-type-simple"},"yoast_head":"<!-- This site is optimized with the Yoast SEO Premium plugin v25.1 (Yoast SEO v25.7) - https:\/\/yoast.com\/wordpress\/plugins\/seo\/ -->\n<title>Anna Lotan Clear \u017d\u016bsto\u0161s l\u012bdzeklis pret pinn\u0113m (gai\u0161s) 30 ml ~ Dolores<\/title>\n<meta name=\"robots\" content=\"index, follow, max-snippet:-1, max-image-preview:large, max-video-preview:-1\" \/>\n<link rel=\"canonical\" href=\"https:\/\/dolores.ee\/lv\/product\/anna-lotan-clear-zustoss-lidzeklis-pret-pinnem-gaiss-30-ml\/\" \/>\n<meta property=\"og:locale\" content=\"lv_LV\" \/>\n<meta property=\"og:type\" content=\"article\" \/>\n<meta property=\"og:title\" content=\"Anna Lotan Clear \u017d\u016bsto\u0161s l\u012bdzeklis pret pinn\u0113m (gai\u0161s) 30 ml\" \/>\n<meta property=\"og:description\" content=\"Anna Lotan Clear \u017d\u016bsto\u0161s l\u012bdzeklis pret pinn\u0113m (gai\u0161s) 30 ml\" \/>\n<meta property=\"og:url\" content=\"https:\/\/dolores.ee\/lv\/product\/anna-lotan-clear-zustoss-lidzeklis-pret-pinnem-gaiss-30-ml\/\" \/>\n<meta property=\"og:site_name\" content=\"Dolores\" \/>\n<meta property=\"article:publisher\" content=\"https:\/\/www.facebook.com\/doloresepood\/\" \/>\n<meta property=\"article:modified_time\" content=\"2025-07-01T08:06:12+00:00\" \/>\n<meta property=\"og:image\" content=\"https:\/\/dolores.ee\/wp-content\/uploads\/2025\/05\/seo.jpg\" \/>\n\t<meta property=\"og:image:width\" content=\"1200\" \/>\n\t<meta property=\"og:image:height\" content=\"675\" \/>\n\t<meta property=\"og:image:type\" content=\"image\/jpeg\" \/>\n<meta name=\"twitter:card\" content=\"summary_large_image\" \/>\n<meta name=\"twitter:label1\" content=\"Est. reading time\" \/>\n\t<meta name=\"twitter:data1\" content=\"1 minute\" \/>\n<script type=\"application\/ld+json\" class=\"yoast-schema-graph\">{\"@context\":\"https:\/\/schema.org\",\"@graph\":[{\"@type\":\"WebPage\",\"@id\":\"https:\/\/dolores.ee\/lv\/product\/anna-lotan-clear-zustoss-lidzeklis-pret-pinnem-gaiss-30-ml\/\",\"url\":\"https:\/\/dolores.ee\/lv\/product\/anna-lotan-clear-zustoss-lidzeklis-pret-pinnem-gaiss-30-ml\/\",\"name\":\"Anna Lotan Clear \u017d\u016bsto\u0161s l\u012bdzeklis pret pinn\u0113m (gai\u0161s) 30 ml ~ Dolores\",\"isPartOf\":{\"@id\":\"https:\/\/dolores.ee\/lv\/#website\"},\"datePublished\":\"2020-08-13T09:59:55+00:00\",\"dateModified\":\"2025-07-01T08:06:12+00:00\",\"breadcrumb\":{\"@id\":\"https:\/\/dolores.ee\/lv\/product\/anna-lotan-clear-zustoss-lidzeklis-pret-pinnem-gaiss-30-ml\/#breadcrumb\"},\"inLanguage\":\"lv-LV\",\"potentialAction\":[{\"@type\":\"ReadAction\",\"target\":[\"https:\/\/dolores.ee\/lv\/product\/anna-lotan-clear-zustoss-lidzeklis-pret-pinnem-gaiss-30-ml\/\"]}]},{\"@type\":\"BreadcrumbList\",\"@id\":\"https:\/\/dolores.ee\/lv\/product\/anna-lotan-clear-zustoss-lidzeklis-pret-pinnem-gaiss-30-ml\/#breadcrumb\",\"itemListElement\":[{\"@type\":\"ListItem\",\"position\":1,\"name\":\"Home\",\"item\":\"https:\/\/dolores.ee\/lv\/\"},{\"@type\":\"ListItem\",\"position\":2,\"name\":\"E-veikals\",\"item\":\"https:\/\/dolores.ee\/lv\/e-veikals\/\"},{\"@type\":\"ListItem\",\"position\":3,\"name\":\"Anna Lotan Clear \u017d\u016bsto\u0161s l\u012bdzeklis pret pinn\u0113m (gai\u0161s) 30 ml\"}]},{\"@type\":\"WebSite\",\"@id\":\"https:\/\/dolores.ee\/lv\/#website\",\"url\":\"https:\/\/dolores.ee\/lv\/\",\"name\":\"Dolores e-pood\",\"description\":\"Beauty Shop\",\"publisher\":{\"@id\":\"https:\/\/dolores.ee\/lv\/#organization\"},\"alternateName\":\"Dolores\",\"potentialAction\":[{\"@type\":\"SearchAction\",\"target\":{\"@type\":\"EntryPoint\",\"urlTemplate\":\"https:\/\/dolores.ee\/lv\/?s={search_term_string}\"},\"query-input\":{\"@type\":\"PropertyValueSpecification\",\"valueRequired\":true,\"valueName\":\"search_term_string\"}}],\"inLanguage\":\"lv-LV\"},{\"@type\":\"Organization\",\"@id\":\"https:\/\/dolores.ee\/lv\/#organization\",\"name\":\"Dolores O\u00dc\",\"alternateName\":\"Dolores e-pood\",\"url\":\"https:\/\/dolores.ee\/lv\/\",\"logo\":{\"@type\":\"ImageObject\",\"inLanguage\":\"lv-LV\",\"@id\":\"https:\/\/dolores.ee\/lv\/#\/schema\/logo\/image\/\",\"url\":\"https:\/\/dolores.ee\/wp-content\/uploads\/2025\/04\/logo-1.jpg\",\"contentUrl\":\"https:\/\/dolores.ee\/wp-content\/uploads\/2025\/04\/logo-1.jpg\",\"width\":1951,\"height\":660,\"caption\":\"Dolores O\u00dc\"},\"image\":{\"@id\":\"https:\/\/dolores.ee\/lv\/#\/schema\/logo\/image\/\"},\"sameAs\":[\"https:\/\/www.facebook.com\/doloresepood\/\"],\"description\":\"Dolores.ee on kaasaegne veebipood, kust leiad tuntud kaubam\u00e4rkide \u2013 GIGI, Anna Lotan, Hikari, Hlavin \u2013 originaalkosmeetikat. Pakume kvaliteetseid hooldustooteid taskukohaste hindadega ja kiire kohaletoimetamisega \u00fcle Eesti. Nahahooldus pole kunagi olnud nii lihtne ja soodne!\",\"email\":\"dolores@dolores.ee\",\"telephone\":\"372 644 2440\",\"legalName\":\"Dolores O\u00dc\",\"foundingDate\":\"1998-02-09\",\"vatID\":\"EE100050280\",\"numberOfEmployees\":{\"@type\":\"QuantitativeValue\",\"minValue\":\"11\",\"maxValue\":\"50\"}}]}<\/script>\n<!-- \/ Yoast SEO Premium plugin. -->","yoast_head_json":{"title":"Anna Lotan Clear \u017d\u016bsto\u0161s l\u012bdzeklis pret pinn\u0113m (gai\u0161s) 30 ml ~ Dolores","robots":{"index":"index","follow":"follow","max-snippet":"max-snippet:-1","max-image-preview":"max-image-preview:large","max-video-preview":"max-video-preview:-1"},"canonical":"https:\/\/dolores.ee\/lv\/product\/anna-lotan-clear-zustoss-lidzeklis-pret-pinnem-gaiss-30-ml\/","og_locale":"lv_LV","og_type":"article","og_title":"Anna Lotan Clear \u017d\u016bsto\u0161s l\u012bdzeklis pret pinn\u0113m (gai\u0161s) 30 ml","og_description":"Anna Lotan Clear \u017d\u016bsto\u0161s l\u012bdzeklis pret pinn\u0113m (gai\u0161s) 30 ml","og_url":"https:\/\/dolores.ee\/lv\/product\/anna-lotan-clear-zustoss-lidzeklis-pret-pinnem-gaiss-30-ml\/","og_site_name":"Dolores","article_publisher":"https:\/\/www.facebook.com\/doloresepood\/","article_modified_time":"2025-07-01T08:06:12+00:00","og_image":[{"width":1200,"height":675,"url":"https:\/\/dolores.ee\/wp-content\/uploads\/2025\/05\/seo.jpg","type":"image\/jpeg"}],"twitter_card":"summary_large_image","twitter_misc":{"Est. reading time":"1 minute"},"schema":{"@context":"https:\/\/schema.org","@graph":[{"@type":"WebPage","@id":"https:\/\/dolores.ee\/lv\/product\/anna-lotan-clear-zustoss-lidzeklis-pret-pinnem-gaiss-30-ml\/","url":"https:\/\/dolores.ee\/lv\/product\/anna-lotan-clear-zustoss-lidzeklis-pret-pinnem-gaiss-30-ml\/","name":"Anna Lotan Clear \u017d\u016bsto\u0161s l\u012bdzeklis pret pinn\u0113m (gai\u0161s) 30 ml ~ Dolores","isPartOf":{"@id":"https:\/\/dolores.ee\/lv\/#website"},"datePublished":"2020-08-13T09:59:55+00:00","dateModified":"2025-07-01T08:06:12+00:00","breadcrumb":{"@id":"https:\/\/dolores.ee\/lv\/product\/anna-lotan-clear-zustoss-lidzeklis-pret-pinnem-gaiss-30-ml\/#breadcrumb"},"inLanguage":"lv-LV","potentialAction":[{"@type":"ReadAction","target":["https:\/\/dolores.ee\/lv\/product\/anna-lotan-clear-zustoss-lidzeklis-pret-pinnem-gaiss-30-ml\/"]}]},{"@type":"BreadcrumbList","@id":"https:\/\/dolores.ee\/lv\/product\/anna-lotan-clear-zustoss-lidzeklis-pret-pinnem-gaiss-30-ml\/#breadcrumb","itemListElement":[{"@type":"ListItem","position":1,"name":"Home","item":"https:\/\/dolores.ee\/lv\/"},{"@type":"ListItem","position":2,"name":"E-veikals","item":"https:\/\/dolores.ee\/lv\/e-veikals\/"},{"@type":"ListItem","position":3,"name":"Anna Lotan Clear \u017d\u016bsto\u0161s l\u012bdzeklis pret pinn\u0113m (gai\u0161s) 30 ml"}]},{"@type":"WebSite","@id":"https:\/\/dolores.ee\/lv\/#website","url":"https:\/\/dolores.ee\/lv\/","name":"Dolores e-pood","description":"Beauty Shop","publisher":{"@id":"https:\/\/dolores.ee\/lv\/#organization"},"alternateName":"Dolores","potentialAction":[{"@type":"SearchAction","target":{"@type":"EntryPoint","urlTemplate":"https:\/\/dolores.ee\/lv\/?s={search_term_string}"},"query-input":{"@type":"PropertyValueSpecification","valueRequired":true,"valueName":"search_term_string"}}],"inLanguage":"lv-LV"},{"@type":"Organization","@id":"https:\/\/dolores.ee\/lv\/#organization","name":"Dolores O\u00dc","alternateName":"Dolores e-pood","url":"https:\/\/dolores.ee\/lv\/","logo":{"@type":"ImageObject","inLanguage":"lv-LV","@id":"https:\/\/dolores.ee\/lv\/#\/schema\/logo\/image\/","url":"https:\/\/dolores.ee\/wp-content\/uploads\/2025\/04\/logo-1.jpg","contentUrl":"https:\/\/dolores.ee\/wp-content\/uploads\/2025\/04\/logo-1.jpg","width":1951,"height":660,"caption":"Dolores O\u00dc"},"image":{"@id":"https:\/\/dolores.ee\/lv\/#\/schema\/logo\/image\/"},"sameAs":["https:\/\/www.facebook.com\/doloresepood\/"],"description":"Dolores.ee on kaasaegne veebipood, kust leiad tuntud kaubam\u00e4rkide \u2013 GIGI, Anna Lotan, Hikari, Hlavin \u2013 originaalkosmeetikat. Pakume kvaliteetseid hooldustooteid taskukohaste hindadega ja kiire kohaletoimetamisega \u00fcle Eesti. Nahahooldus pole kunagi olnud nii lihtne ja soodne!","email":"dolores@dolores.ee","telephone":"372 644 2440","legalName":"Dolores O\u00dc","foundingDate":"1998-02-09","vatID":"EE100050280","numberOfEmployees":{"@type":"QuantitativeValue","minValue":"11","maxValue":"50"}}]}},"_links":{"self":[{"href":"https:\/\/dolores.ee\/lv\/wp-json\/wp\/v2\/product\/998293","targetHints":{"allow":["GET"]}}],"collection":[{"href":"https:\/\/dolores.ee\/lv\/wp-json\/wp\/v2\/product"}],"about":[{"href":"https:\/\/dolores.ee\/lv\/wp-json\/wp\/v2\/types\/product"}],"replies":[{"embeddable":true,"href":"https:\/\/dolores.ee\/lv\/wp-json\/wp\/v2\/comments?post=998293"}],"version-history":[{"count":0,"href":"https:\/\/dolores.ee\/lv\/wp-json\/wp\/v2\/product\/998293\/revisions"}],"wp:attachment":[{"href":"https:\/\/dolores.ee\/lv\/wp-json\/wp\/v2\/media?parent=998293"}],"wp:term":[{"taxonomy":"product_brand","embeddable":true,"href":"https:\/\/dolores.ee\/lv\/wp-json\/wp\/v2\/product_brand?post=998293"},{"taxonomy":"product_cat","embeddable":true,"href":"https:\/\/dolores.ee\/lv\/wp-json\/wp\/v2\/product_cat?post=998293"},{"taxonomy":"product_tag","embeddable":true,"href":"https:\/\/dolores.ee\/lv\/wp-json\/wp\/v2\/product_tag?post=998293"},{"taxonomy":"giftcard-category","embeddable":true,"href":"https:\/\/dolores.ee\/lv\/wp-json\/wp\/v2\/giftcard-category?post=998293"}],"curies":[{"name":"wp","href":"https:\/\/api.w.org\/{rel}","templated":true}]}}