{"id":998333,"date":"2020-08-13T12:59:23","date_gmt":"2020-08-13T09:59:23","guid":{"rendered":"https:\/\/dolores.ee\/product\/anna-lotan-makeup-premium-bb-cream-uva-uvb-spf30-pale-30-ml\/"},"modified":"2025-07-01T11:06:08","modified_gmt":"2025-07-01T08:06:08","slug":"anna-lotan-makeup-premium-bb-cream-uva-uvb-spf30-pale-30-ml","status":"publish","type":"product","link":"https:\/\/dolores.ee\/lv\/product\/anna-lotan-makeup-premium-bb-cream-uva-uvb-spf30-pale-30-ml\/","title":{"rendered":"Anna Lotan MakeUp Premium BB Cream UVA\/UVB SPF30 &#8211; Pale 30 ml"},"content":{"rendered":"<div class=\"vgblk-rw-wrapper limit-wrapper\">\n<p data-start=\"112\" data-end=\"307\"><strong data-start=\"112\" data-end=\"177\">\u201cTr\u012bs vien\u0101\u201d multifunkcion\u0101la kr\u0113ms, kas darbojas visu dienu.<\/strong> Piem\u0113rots norm\u0101lai un sausai \u0101dai. Nodro\u0161ina ilgsto\u0161u mitrin\u0101\u0161anu un sp\u0113c\u012bgu UV aizsardz\u012bbu (SPF 36), vienlaikus toniz\u0113jot \u0101du.<\/p>\n<p data-start=\"309\" data-end=\"574\">Koncentr\u0113tas sast\u0101vda\u013cas nodro\u0161ina ilgtsp\u0113j\u012bgu efektu. Uzkl\u0101jot kr\u0113mu no r\u012bta, \u0101da saglab\u0101 labu saj\u016btu un skaistu izskatu l\u012bdz pat vakaram p\u0113c nogurdino\u0161as dienas. Kr\u0113ms lieliski izl\u012bdzina un nodro\u0161ina optim\u0101lu p\u0101rkl\u0101jumu, labi mask\u0113jot ar\u012b tum\u0161os lokus zem ac\u012bm.<\/p>\n<p data-start=\"576\" data-end=\"898\">Bag\u0101tin\u0101ts ar m\u012bkstino\u0161\u0101m e\u013c\u013c\u0101m, kas izl\u012bdzina \u0101du un kav\u0113 grumbu veido\u0161anos. Kombin\u0113tais aminosk\u0101be Prol\u012bns un palmu e\u013c\u013ca uzlabo \u0101das strukt\u016bru un piepilda grumbas. Ide\u0101li piem\u0113rots sausai, nobriedu\u0161ai \u0101dai. E vitam\u012bns darbojas k\u0101 antioksidants, aizsarg\u0101jot no br\u012bvajiem radik\u0101\u013ciem un saglab\u0101jot dabisko e\u013c\u013cu kvalit\u0101ti.<\/p>\n<p data-start=\"900\" data-end=\"993\">Kr\u0113mam pieejamas \u010detras kr\u0101sas: Pale (329-0), Natural (329-1), Beige (329-2), Medium (329-3).<\/p>\n<p data-start=\"995\" data-end=\"1510\"><strong data-start=\"995\" data-end=\"1007\">Sast\u0101vs:<\/strong> <em>Aqua, Titanium Dioxide, Caprylic\/Capric Triglyceride, Ethylhexyl Methoxycinnamate, Cyclopentasiloxane, Dicaprylyl Ether, Talc, Cetyl PEG\/PPG-10\/1 Dimethicone, Dimethicone, Methyl Methacrylate Crosspolymer, Cetearyl Ethylhexanoate, Dipalmitoyl Hydroxyproline, Myristyl Myristate, Ozokerite, Stearic Acid, Sodium Chloride, Stearalkonium Hectorite, Propylene Carbonate, Squalene, Polysilicone-11, Tocopherol, Phenoxyethanol, Beta-Sitosterol, Fragrance, Ethylhexylglycerin, Aluminum Hydroxide, Iron Oxides.<\/em><\/p>\n<\/div>\n<p><!-- .vgblk-rw-wrapper --><\/p>\n","protected":false},"excerpt":{"rendered":"<p>Anna Lotan MakeUp Premium BB Cream UVA\/UVB SPF30 &#8211; Pale 30 ml<\/p>\n","protected":false},"featured_media":579,"comment_status":"open","ping_status":"closed","template":"","meta":[],"product_brand":[],"product_cat":[660,725,721,670,676,704],"product_tag":[],"giftcard-category":[],"class_list":{"0":"post-998333","1":"product","2":"type-product","3":"status-publish","4":"has-post-thumbnail","6":"product_cat-anna-lotan-lv","7":"product_cat-dienas-krems","8":"product_cat-grims","9":"product_cat-make-up-lv","10":"product_cat-sale-lv","11":"product_cat-saules-aizsardziba","13":"first","14":"instock","15":"taxable","16":"shipping-taxable","17":"purchasable","18":"product-type-simple"},"yoast_head":"<!-- This site is optimized with the Yoast SEO Premium plugin v25.1 (Yoast SEO v25.7) - https:\/\/yoast.com\/wordpress\/plugins\/seo\/ -->\n<title>Anna Lotan MakeUp Premium BB Cream UVA\/UVB SPF30 - Pale 30 ml ~ Dolores<\/title>\n<meta name=\"robots\" content=\"index, follow, max-snippet:-1, max-image-preview:large, max-video-preview:-1\" \/>\n<link rel=\"canonical\" href=\"https:\/\/dolores.ee\/lv\/product\/anna-lotan-makeup-premium-bb-cream-uva-uvb-spf30-pale-30-ml\/\" \/>\n<meta property=\"og:locale\" content=\"lv_LV\" \/>\n<meta property=\"og:type\" content=\"article\" \/>\n<meta property=\"og:title\" content=\"Anna Lotan MakeUp Premium BB Cream UVA\/UVB SPF30 - Pale 30 ml\" \/>\n<meta property=\"og:description\" content=\"Anna Lotan MakeUp Premium BB Cream UVA\/UVB SPF30 - Pale 30 ml\" \/>\n<meta property=\"og:url\" content=\"https:\/\/dolores.ee\/lv\/product\/anna-lotan-makeup-premium-bb-cream-uva-uvb-spf30-pale-30-ml\/\" \/>\n<meta property=\"og:site_name\" content=\"Dolores\" \/>\n<meta property=\"article:publisher\" content=\"https:\/\/www.facebook.com\/doloresepood\/\" \/>\n<meta property=\"article:modified_time\" content=\"2025-07-01T08:06:08+00:00\" \/>\n<meta property=\"og:image\" content=\"https:\/\/dolores.ee\/wp-content\/uploads\/2020\/08\/329.jpg\" \/>\n\t<meta property=\"og:image:width\" content=\"134\" \/>\n\t<meta property=\"og:image:height\" content=\"400\" \/>\n\t<meta property=\"og:image:type\" content=\"image\/jpeg\" \/>\n<meta name=\"twitter:card\" content=\"summary_large_image\" \/>\n<meta name=\"twitter:label1\" content=\"Est. reading time\" \/>\n\t<meta name=\"twitter:data1\" content=\"1 minute\" \/>\n<script type=\"application\/ld+json\" class=\"yoast-schema-graph\">{\"@context\":\"https:\/\/schema.org\",\"@graph\":[{\"@type\":\"WebPage\",\"@id\":\"https:\/\/dolores.ee\/lv\/product\/anna-lotan-makeup-premium-bb-cream-uva-uvb-spf30-pale-30-ml\/\",\"url\":\"https:\/\/dolores.ee\/lv\/product\/anna-lotan-makeup-premium-bb-cream-uva-uvb-spf30-pale-30-ml\/\",\"name\":\"Anna Lotan MakeUp Premium BB Cream UVA\/UVB SPF30 - Pale 30 ml ~ Dolores\",\"isPartOf\":{\"@id\":\"https:\/\/dolores.ee\/lv\/#website\"},\"primaryImageOfPage\":{\"@id\":\"https:\/\/dolores.ee\/lv\/product\/anna-lotan-makeup-premium-bb-cream-uva-uvb-spf30-pale-30-ml\/#primaryimage\"},\"image\":{\"@id\":\"https:\/\/dolores.ee\/lv\/product\/anna-lotan-makeup-premium-bb-cream-uva-uvb-spf30-pale-30-ml\/#primaryimage\"},\"thumbnailUrl\":\"https:\/\/dolores.ee\/wp-content\/uploads\/2020\/08\/329.jpg\",\"datePublished\":\"2020-08-13T09:59:23+00:00\",\"dateModified\":\"2025-07-01T08:06:08+00:00\",\"breadcrumb\":{\"@id\":\"https:\/\/dolores.ee\/lv\/product\/anna-lotan-makeup-premium-bb-cream-uva-uvb-spf30-pale-30-ml\/#breadcrumb\"},\"inLanguage\":\"lv-LV\",\"potentialAction\":[{\"@type\":\"ReadAction\",\"target\":[\"https:\/\/dolores.ee\/lv\/product\/anna-lotan-makeup-premium-bb-cream-uva-uvb-spf30-pale-30-ml\/\"]}]},{\"@type\":\"ImageObject\",\"inLanguage\":\"lv-LV\",\"@id\":\"https:\/\/dolores.ee\/lv\/product\/anna-lotan-makeup-premium-bb-cream-uva-uvb-spf30-pale-30-ml\/#primaryimage\",\"url\":\"https:\/\/dolores.ee\/wp-content\/uploads\/2020\/08\/329.jpg\",\"contentUrl\":\"https:\/\/dolores.ee\/wp-content\/uploads\/2020\/08\/329.jpg\",\"width\":134,\"height\":400},{\"@type\":\"BreadcrumbList\",\"@id\":\"https:\/\/dolores.ee\/lv\/product\/anna-lotan-makeup-premium-bb-cream-uva-uvb-spf30-pale-30-ml\/#breadcrumb\",\"itemListElement\":[{\"@type\":\"ListItem\",\"position\":1,\"name\":\"Home\",\"item\":\"https:\/\/dolores.ee\/lv\/\"},{\"@type\":\"ListItem\",\"position\":2,\"name\":\"E-veikals\",\"item\":\"https:\/\/dolores.ee\/lv\/e-veikals\/\"},{\"@type\":\"ListItem\",\"position\":3,\"name\":\"Anna Lotan MakeUp Premium BB Cream UVA\/UVB SPF30 &#8211; Pale 30 ml\"}]},{\"@type\":\"WebSite\",\"@id\":\"https:\/\/dolores.ee\/lv\/#website\",\"url\":\"https:\/\/dolores.ee\/lv\/\",\"name\":\"Dolores e-pood\",\"description\":\"Beauty Shop\",\"publisher\":{\"@id\":\"https:\/\/dolores.ee\/lv\/#organization\"},\"alternateName\":\"Dolores\",\"potentialAction\":[{\"@type\":\"SearchAction\",\"target\":{\"@type\":\"EntryPoint\",\"urlTemplate\":\"https:\/\/dolores.ee\/lv\/?s={search_term_string}\"},\"query-input\":{\"@type\":\"PropertyValueSpecification\",\"valueRequired\":true,\"valueName\":\"search_term_string\"}}],\"inLanguage\":\"lv-LV\"},{\"@type\":\"Organization\",\"@id\":\"https:\/\/dolores.ee\/lv\/#organization\",\"name\":\"Dolores O\u00dc\",\"alternateName\":\"Dolores e-pood\",\"url\":\"https:\/\/dolores.ee\/lv\/\",\"logo\":{\"@type\":\"ImageObject\",\"inLanguage\":\"lv-LV\",\"@id\":\"https:\/\/dolores.ee\/lv\/#\/schema\/logo\/image\/\",\"url\":\"https:\/\/dolores.ee\/wp-content\/uploads\/2025\/04\/logo-1.jpg\",\"contentUrl\":\"https:\/\/dolores.ee\/wp-content\/uploads\/2025\/04\/logo-1.jpg\",\"width\":1951,\"height\":660,\"caption\":\"Dolores O\u00dc\"},\"image\":{\"@id\":\"https:\/\/dolores.ee\/lv\/#\/schema\/logo\/image\/\"},\"sameAs\":[\"https:\/\/www.facebook.com\/doloresepood\/\"],\"description\":\"Dolores.ee on kaasaegne veebipood, kust leiad tuntud kaubam\u00e4rkide \u2013 GIGI, Anna Lotan, Hikari, Hlavin \u2013 originaalkosmeetikat. Pakume kvaliteetseid hooldustooteid taskukohaste hindadega ja kiire kohaletoimetamisega \u00fcle Eesti. Nahahooldus pole kunagi olnud nii lihtne ja soodne!\",\"email\":\"dolores@dolores.ee\",\"telephone\":\"372 644 2440\",\"legalName\":\"Dolores O\u00dc\",\"foundingDate\":\"1998-02-09\",\"vatID\":\"EE100050280\",\"numberOfEmployees\":{\"@type\":\"QuantitativeValue\",\"minValue\":\"11\",\"maxValue\":\"50\"}}]}<\/script>\n<!-- \/ Yoast SEO Premium plugin. -->","yoast_head_json":{"title":"Anna Lotan MakeUp Premium BB Cream UVA\/UVB SPF30 - Pale 30 ml ~ Dolores","robots":{"index":"index","follow":"follow","max-snippet":"max-snippet:-1","max-image-preview":"max-image-preview:large","max-video-preview":"max-video-preview:-1"},"canonical":"https:\/\/dolores.ee\/lv\/product\/anna-lotan-makeup-premium-bb-cream-uva-uvb-spf30-pale-30-ml\/","og_locale":"lv_LV","og_type":"article","og_title":"Anna Lotan MakeUp Premium BB Cream UVA\/UVB SPF30 - Pale 30 ml","og_description":"Anna Lotan MakeUp Premium BB Cream UVA\/UVB SPF30 - Pale 30 ml","og_url":"https:\/\/dolores.ee\/lv\/product\/anna-lotan-makeup-premium-bb-cream-uva-uvb-spf30-pale-30-ml\/","og_site_name":"Dolores","article_publisher":"https:\/\/www.facebook.com\/doloresepood\/","article_modified_time":"2025-07-01T08:06:08+00:00","og_image":[{"width":134,"height":400,"url":"https:\/\/dolores.ee\/wp-content\/uploads\/2020\/08\/329.jpg","type":"image\/jpeg"}],"twitter_card":"summary_large_image","twitter_misc":{"Est. reading time":"1 minute"},"schema":{"@context":"https:\/\/schema.org","@graph":[{"@type":"WebPage","@id":"https:\/\/dolores.ee\/lv\/product\/anna-lotan-makeup-premium-bb-cream-uva-uvb-spf30-pale-30-ml\/","url":"https:\/\/dolores.ee\/lv\/product\/anna-lotan-makeup-premium-bb-cream-uva-uvb-spf30-pale-30-ml\/","name":"Anna Lotan MakeUp Premium BB Cream UVA\/UVB SPF30 - Pale 30 ml ~ Dolores","isPartOf":{"@id":"https:\/\/dolores.ee\/lv\/#website"},"primaryImageOfPage":{"@id":"https:\/\/dolores.ee\/lv\/product\/anna-lotan-makeup-premium-bb-cream-uva-uvb-spf30-pale-30-ml\/#primaryimage"},"image":{"@id":"https:\/\/dolores.ee\/lv\/product\/anna-lotan-makeup-premium-bb-cream-uva-uvb-spf30-pale-30-ml\/#primaryimage"},"thumbnailUrl":"https:\/\/dolores.ee\/wp-content\/uploads\/2020\/08\/329.jpg","datePublished":"2020-08-13T09:59:23+00:00","dateModified":"2025-07-01T08:06:08+00:00","breadcrumb":{"@id":"https:\/\/dolores.ee\/lv\/product\/anna-lotan-makeup-premium-bb-cream-uva-uvb-spf30-pale-30-ml\/#breadcrumb"},"inLanguage":"lv-LV","potentialAction":[{"@type":"ReadAction","target":["https:\/\/dolores.ee\/lv\/product\/anna-lotan-makeup-premium-bb-cream-uva-uvb-spf30-pale-30-ml\/"]}]},{"@type":"ImageObject","inLanguage":"lv-LV","@id":"https:\/\/dolores.ee\/lv\/product\/anna-lotan-makeup-premium-bb-cream-uva-uvb-spf30-pale-30-ml\/#primaryimage","url":"https:\/\/dolores.ee\/wp-content\/uploads\/2020\/08\/329.jpg","contentUrl":"https:\/\/dolores.ee\/wp-content\/uploads\/2020\/08\/329.jpg","width":134,"height":400},{"@type":"BreadcrumbList","@id":"https:\/\/dolores.ee\/lv\/product\/anna-lotan-makeup-premium-bb-cream-uva-uvb-spf30-pale-30-ml\/#breadcrumb","itemListElement":[{"@type":"ListItem","position":1,"name":"Home","item":"https:\/\/dolores.ee\/lv\/"},{"@type":"ListItem","position":2,"name":"E-veikals","item":"https:\/\/dolores.ee\/lv\/e-veikals\/"},{"@type":"ListItem","position":3,"name":"Anna Lotan MakeUp Premium BB Cream UVA\/UVB SPF30 &#8211; Pale 30 ml"}]},{"@type":"WebSite","@id":"https:\/\/dolores.ee\/lv\/#website","url":"https:\/\/dolores.ee\/lv\/","name":"Dolores e-pood","description":"Beauty Shop","publisher":{"@id":"https:\/\/dolores.ee\/lv\/#organization"},"alternateName":"Dolores","potentialAction":[{"@type":"SearchAction","target":{"@type":"EntryPoint","urlTemplate":"https:\/\/dolores.ee\/lv\/?s={search_term_string}"},"query-input":{"@type":"PropertyValueSpecification","valueRequired":true,"valueName":"search_term_string"}}],"inLanguage":"lv-LV"},{"@type":"Organization","@id":"https:\/\/dolores.ee\/lv\/#organization","name":"Dolores O\u00dc","alternateName":"Dolores e-pood","url":"https:\/\/dolores.ee\/lv\/","logo":{"@type":"ImageObject","inLanguage":"lv-LV","@id":"https:\/\/dolores.ee\/lv\/#\/schema\/logo\/image\/","url":"https:\/\/dolores.ee\/wp-content\/uploads\/2025\/04\/logo-1.jpg","contentUrl":"https:\/\/dolores.ee\/wp-content\/uploads\/2025\/04\/logo-1.jpg","width":1951,"height":660,"caption":"Dolores O\u00dc"},"image":{"@id":"https:\/\/dolores.ee\/lv\/#\/schema\/logo\/image\/"},"sameAs":["https:\/\/www.facebook.com\/doloresepood\/"],"description":"Dolores.ee on kaasaegne veebipood, kust leiad tuntud kaubam\u00e4rkide \u2013 GIGI, Anna Lotan, Hikari, Hlavin \u2013 originaalkosmeetikat. Pakume kvaliteetseid hooldustooteid taskukohaste hindadega ja kiire kohaletoimetamisega \u00fcle Eesti. Nahahooldus pole kunagi olnud nii lihtne ja soodne!","email":"dolores@dolores.ee","telephone":"372 644 2440","legalName":"Dolores O\u00dc","foundingDate":"1998-02-09","vatID":"EE100050280","numberOfEmployees":{"@type":"QuantitativeValue","minValue":"11","maxValue":"50"}}]}},"_links":{"self":[{"href":"https:\/\/dolores.ee\/lv\/wp-json\/wp\/v2\/product\/998333","targetHints":{"allow":["GET"]}}],"collection":[{"href":"https:\/\/dolores.ee\/lv\/wp-json\/wp\/v2\/product"}],"about":[{"href":"https:\/\/dolores.ee\/lv\/wp-json\/wp\/v2\/types\/product"}],"replies":[{"embeddable":true,"href":"https:\/\/dolores.ee\/lv\/wp-json\/wp\/v2\/comments?post=998333"}],"version-history":[{"count":0,"href":"https:\/\/dolores.ee\/lv\/wp-json\/wp\/v2\/product\/998333\/revisions"}],"wp:featuredmedia":[{"embeddable":true,"href":"https:\/\/dolores.ee\/lv\/wp-json\/wp\/v2\/media\/579"}],"wp:attachment":[{"href":"https:\/\/dolores.ee\/lv\/wp-json\/wp\/v2\/media?parent=998333"}],"wp:term":[{"taxonomy":"product_brand","embeddable":true,"href":"https:\/\/dolores.ee\/lv\/wp-json\/wp\/v2\/product_brand?post=998333"},{"taxonomy":"product_cat","embeddable":true,"href":"https:\/\/dolores.ee\/lv\/wp-json\/wp\/v2\/product_cat?post=998333"},{"taxonomy":"product_tag","embeddable":true,"href":"https:\/\/dolores.ee\/lv\/wp-json\/wp\/v2\/product_tag?post=998333"},{"taxonomy":"giftcard-category","embeddable":true,"href":"https:\/\/dolores.ee\/lv\/wp-json\/wp\/v2\/giftcard-category?post=998333"}],"curies":[{"name":"wp","href":"https:\/\/api.w.org\/{rel}","templated":true}]}}