{"id":998334,"date":"2020-08-13T12:59:22","date_gmt":"2020-08-13T09:59:22","guid":{"rendered":"https:\/\/dolores.ee\/product\/anna-lotan-greens-barojoss-nakts-balzams-50-ml\/"},"modified":"2025-07-01T11:06:08","modified_gmt":"2025-07-01T08:06:08","slug":"anna-lotan-greens-barojoss-nakts-balzams-50-ml","status":"publish","type":"product","link":"https:\/\/dolores.ee\/lv\/product\/anna-lotan-greens-barojoss-nakts-balzams-50-ml\/","title":{"rendered":"Anna Lotan Greens Barojo\u0161s nakts balzams 50 ml"},"content":{"rendered":"<div class=\"vgblk-rw-wrapper limit-wrapper\">\n<p data-start=\"0\" data-end=\"466\">Akt\u012bvs, viegli p\u012blinga efekts kr\u0113ms sejas \u0101das m\u012bkstin\u0101\u0161anai un \u0101das atjauno\u0161anas veicin\u0101\u0161anai. Baro \u0101du ar dab\u012bgo mitruma faktoru (NMF) l\u012bdz\u012bgu svar\u012bgu mitrino\u0161u kompleksu. T\u0101 efekt\u012bv\u0101 mitrin\u0101\u0161ana un bag\u0101t\u012bgais alvejas ekstrakta saturs atvieglo atmiru\u0161o \u0101das \u0161\u016bnu no\u0146em\u0161anu, gandr\u012bz izsl\u0113dzot jebk\u0101du k\u0146udo\u0146u vai diskomfortu. D\u012bgstu ekstraktu koncentr\u0101ts (dadzis un gri\u0137is) pieg\u0101d\u0101 svar\u012bgas uzturvielas un remineraliz\u0113jo\u0161us mikroelementus \u0101das jaunekl\u012bgai izskatam.<\/p>\n<p data-start=\"468\" data-end=\"759\">Formul\u0101 ir dro\u0161a botul\u012bna toks\u012bna A (Botoksa) aizvietot\u0101ja viet\u0101 izmantot\u0101 rudzupu\u0137es s\u0113klu oligopept\u012bda, kas samazina sejas izteiksmes l\u012bnijas, padarot \u0101du glud\u0101ku un mirdzo\u0161\u0101ku. Nakts lieto\u0161ana pak\u0101peniski pal\u012bdz atbr\u012bvot \u0101du no svaigas, glud\u0101kas, maig\u0101kas un mitruma piln\u0101kas pamatk\u0101rtas.<\/p>\n<p data-start=\"761\" data-end=\"1759\" data-is-last-node=\"\" data-is-only-node=\"\"><strong>Sast\u0101vs:<\/strong> <em>Aqua (\u016bdens), Aloe Barbadensis lapu sula, Camellia Sinensis lapu ekstrakts, Caprylic\/Capric Triglyceride, Glicer\u012bns, Glicer\u012blstear\u0101ts, PEG-100 Stear\u0101ts, Simmondsia Sinensis (Jojobas) e\u013c\u013ca, Cetilspirts, Skval\u0101ns, Dicaprylyl \u0113teris, Polisorbat 60, Glikola sk\u0101be, Butil\u0113nglikols, Lonicera Caprifolium ekstrakts, Stear\u012bnsk\u0101be, Magnija alum\u012bnija silik\u0101ts, Glukonolaktons, N\u0101trija benzo\u0101ts, Polygonum Aviculare ekstrakts, Piensk\u0101be, Dimetikons, Izopropilmirist\u0101ts, Sojas e\u013c\u013ca, Linolsk\u0101be, Tokoferilacet\u0101ts, Retinilpalmit\u0101ts, Carthamus Tinctorius, N\u0101trija lakt\u0101ts, N\u0101trija PCA, Glic\u012bns, Fruktoze, Ureja, Niacinam\u012bds, Inozitols, Hidroliz\u0113ts rudzupu\u0137es ekstrakts, Dekstr\u012bns, N\u0101trija hidroks\u012bds, Hidroksietilceluloze, Benzilspirts, Benzoisk\u0101be, Sorb\u012bnsk\u0101be, Dehidroaceit\u0101sk\u0101be, Acetilheksapept\u012bds-8, Smar\u017eviela, Benzilsalicil\u0101ts, Benzilbenzo\u0101ts, Heksilcinam\u0101ls, Linalools, Limon\u0113ns, Hidroksiizoheksil-3-cikloheks\u0113na karboksaldeh\u012bds, Disn\u0101trija EDTA, Tokoferols, Hidrogen\u0113ti palmas glicer\u012bdu citr\u0101ti.<\/em><\/p>\n<\/div>\n<p><!-- .vgblk-rw-wrapper --><\/p>\n","protected":false},"excerpt":{"rendered":"<p>Anna Lotan Greens Barojo\u0161s nakts balzams 50 ml<\/p>\n","protected":false},"featured_media":575,"comment_status":"open","ping_status":"closed","template":"","meta":[],"product_brand":[],"product_cat":[660,668,730,709,676],"product_tag":[],"giftcard-category":[],"class_list":{"0":"post-998334","1":"product","2":"type-product","3":"status-publish","4":"has-post-thumbnail","6":"product_cat-anna-lotan-lv","7":"product_cat-greens-lv","8":"product_cat-nakts-krems","9":"product_cat-populari-produkti","10":"product_cat-sale-lv","12":"first","13":"instock","14":"taxable","15":"shipping-taxable","16":"purchasable","17":"product-type-simple"},"yoast_head":"<!-- This site is optimized with the Yoast SEO Premium plugin v25.1 (Yoast SEO v25.7) - https:\/\/yoast.com\/wordpress\/plugins\/seo\/ -->\n<title>Anna Lotan Greens Barojo\u0161s nakts balzams 50 ml ~ Dolores<\/title>\n<meta name=\"robots\" content=\"index, follow, max-snippet:-1, max-image-preview:large, max-video-preview:-1\" \/>\n<link rel=\"canonical\" href=\"https:\/\/dolores.ee\/lv\/product\/anna-lotan-greens-barojoss-nakts-balzams-50-ml\/\" \/>\n<meta property=\"og:locale\" content=\"lv_LV\" \/>\n<meta property=\"og:type\" content=\"article\" \/>\n<meta property=\"og:title\" content=\"Anna Lotan Greens Barojo\u0161s nakts balzams 50 ml\" \/>\n<meta property=\"og:description\" content=\"Anna Lotan Greens Barojo\u0161s nakts balzams 50 ml\" \/>\n<meta property=\"og:url\" content=\"https:\/\/dolores.ee\/lv\/product\/anna-lotan-greens-barojoss-nakts-balzams-50-ml\/\" \/>\n<meta property=\"og:site_name\" content=\"Dolores\" \/>\n<meta property=\"article:publisher\" content=\"https:\/\/www.facebook.com\/doloresepood\/\" \/>\n<meta property=\"article:modified_time\" content=\"2025-07-01T08:06:08+00:00\" \/>\n<meta property=\"og:image\" content=\"https:\/\/dolores.ee\/wp-content\/uploads\/2025\/05\/seo.jpg\" \/>\n\t<meta property=\"og:image:width\" content=\"1200\" \/>\n\t<meta property=\"og:image:height\" content=\"675\" \/>\n\t<meta property=\"og:image:type\" content=\"image\/jpeg\" \/>\n<meta name=\"twitter:card\" content=\"summary_large_image\" \/>\n<meta name=\"twitter:label1\" content=\"Est. reading time\" \/>\n\t<meta name=\"twitter:data1\" content=\"1 minute\" \/>\n<script type=\"application\/ld+json\" class=\"yoast-schema-graph\">{\"@context\":\"https:\/\/schema.org\",\"@graph\":[{\"@type\":\"WebPage\",\"@id\":\"https:\/\/dolores.ee\/lv\/product\/anna-lotan-greens-barojoss-nakts-balzams-50-ml\/\",\"url\":\"https:\/\/dolores.ee\/lv\/product\/anna-lotan-greens-barojoss-nakts-balzams-50-ml\/\",\"name\":\"Anna Lotan Greens Barojo\u0161s nakts balzams 50 ml ~ Dolores\",\"isPartOf\":{\"@id\":\"https:\/\/dolores.ee\/lv\/#website\"},\"primaryImageOfPage\":{\"@id\":\"https:\/\/dolores.ee\/lv\/product\/anna-lotan-greens-barojoss-nakts-balzams-50-ml\/#primaryimage\"},\"image\":{\"@id\":\"https:\/\/dolores.ee\/lv\/product\/anna-lotan-greens-barojoss-nakts-balzams-50-ml\/#primaryimage\"},\"thumbnailUrl\":\"https:\/\/dolores.ee\/wp-content\/uploads\/2020\/08\/404.jpg\",\"datePublished\":\"2020-08-13T09:59:22+00:00\",\"dateModified\":\"2025-07-01T08:06:08+00:00\",\"breadcrumb\":{\"@id\":\"https:\/\/dolores.ee\/lv\/product\/anna-lotan-greens-barojoss-nakts-balzams-50-ml\/#breadcrumb\"},\"inLanguage\":\"lv-LV\",\"potentialAction\":[{\"@type\":\"ReadAction\",\"target\":[\"https:\/\/dolores.ee\/lv\/product\/anna-lotan-greens-barojoss-nakts-balzams-50-ml\/\"]}]},{\"@type\":\"ImageObject\",\"inLanguage\":\"lv-LV\",\"@id\":\"https:\/\/dolores.ee\/lv\/product\/anna-lotan-greens-barojoss-nakts-balzams-50-ml\/#primaryimage\",\"url\":\"https:\/\/dolores.ee\/wp-content\/uploads\/2020\/08\/404.jpg\",\"contentUrl\":\"https:\/\/dolores.ee\/wp-content\/uploads\/2020\/08\/404.jpg\",\"width\":303,\"height\":400},{\"@type\":\"BreadcrumbList\",\"@id\":\"https:\/\/dolores.ee\/lv\/product\/anna-lotan-greens-barojoss-nakts-balzams-50-ml\/#breadcrumb\",\"itemListElement\":[{\"@type\":\"ListItem\",\"position\":1,\"name\":\"Home\",\"item\":\"https:\/\/dolores.ee\/lv\/\"},{\"@type\":\"ListItem\",\"position\":2,\"name\":\"E-veikals\",\"item\":\"https:\/\/dolores.ee\/lv\/e-veikals\/\"},{\"@type\":\"ListItem\",\"position\":3,\"name\":\"Anna Lotan Greens Barojo\u0161s nakts balzams 50 ml\"}]},{\"@type\":\"WebSite\",\"@id\":\"https:\/\/dolores.ee\/lv\/#website\",\"url\":\"https:\/\/dolores.ee\/lv\/\",\"name\":\"Dolores e-pood\",\"description\":\"Beauty Shop\",\"publisher\":{\"@id\":\"https:\/\/dolores.ee\/lv\/#organization\"},\"alternateName\":\"Dolores\",\"potentialAction\":[{\"@type\":\"SearchAction\",\"target\":{\"@type\":\"EntryPoint\",\"urlTemplate\":\"https:\/\/dolores.ee\/lv\/?s={search_term_string}\"},\"query-input\":{\"@type\":\"PropertyValueSpecification\",\"valueRequired\":true,\"valueName\":\"search_term_string\"}}],\"inLanguage\":\"lv-LV\"},{\"@type\":\"Organization\",\"@id\":\"https:\/\/dolores.ee\/lv\/#organization\",\"name\":\"Dolores O\u00dc\",\"alternateName\":\"Dolores e-pood\",\"url\":\"https:\/\/dolores.ee\/lv\/\",\"logo\":{\"@type\":\"ImageObject\",\"inLanguage\":\"lv-LV\",\"@id\":\"https:\/\/dolores.ee\/lv\/#\/schema\/logo\/image\/\",\"url\":\"https:\/\/dolores.ee\/wp-content\/uploads\/2025\/04\/logo-1.jpg\",\"contentUrl\":\"https:\/\/dolores.ee\/wp-content\/uploads\/2025\/04\/logo-1.jpg\",\"width\":1951,\"height\":660,\"caption\":\"Dolores O\u00dc\"},\"image\":{\"@id\":\"https:\/\/dolores.ee\/lv\/#\/schema\/logo\/image\/\"},\"sameAs\":[\"https:\/\/www.facebook.com\/doloresepood\/\"],\"description\":\"Dolores.ee on kaasaegne veebipood, kust leiad tuntud kaubam\u00e4rkide \u2013 GIGI, Anna Lotan, Hikari, Hlavin \u2013 originaalkosmeetikat. Pakume kvaliteetseid hooldustooteid taskukohaste hindadega ja kiire kohaletoimetamisega \u00fcle Eesti. Nahahooldus pole kunagi olnud nii lihtne ja soodne!\",\"email\":\"dolores@dolores.ee\",\"telephone\":\"372 644 2440\",\"legalName\":\"Dolores O\u00dc\",\"foundingDate\":\"1998-02-09\",\"vatID\":\"EE100050280\",\"numberOfEmployees\":{\"@type\":\"QuantitativeValue\",\"minValue\":\"11\",\"maxValue\":\"50\"}}]}<\/script>\n<!-- \/ Yoast SEO Premium plugin. -->","yoast_head_json":{"title":"Anna Lotan Greens Barojo\u0161s nakts balzams 50 ml ~ Dolores","robots":{"index":"index","follow":"follow","max-snippet":"max-snippet:-1","max-image-preview":"max-image-preview:large","max-video-preview":"max-video-preview:-1"},"canonical":"https:\/\/dolores.ee\/lv\/product\/anna-lotan-greens-barojoss-nakts-balzams-50-ml\/","og_locale":"lv_LV","og_type":"article","og_title":"Anna Lotan Greens Barojo\u0161s nakts balzams 50 ml","og_description":"Anna Lotan Greens Barojo\u0161s nakts balzams 50 ml","og_url":"https:\/\/dolores.ee\/lv\/product\/anna-lotan-greens-barojoss-nakts-balzams-50-ml\/","og_site_name":"Dolores","article_publisher":"https:\/\/www.facebook.com\/doloresepood\/","article_modified_time":"2025-07-01T08:06:08+00:00","og_image":[{"width":1200,"height":675,"url":"https:\/\/dolores.ee\/wp-content\/uploads\/2025\/05\/seo.jpg","type":"image\/jpeg"}],"twitter_card":"summary_large_image","twitter_misc":{"Est. reading time":"1 minute"},"schema":{"@context":"https:\/\/schema.org","@graph":[{"@type":"WebPage","@id":"https:\/\/dolores.ee\/lv\/product\/anna-lotan-greens-barojoss-nakts-balzams-50-ml\/","url":"https:\/\/dolores.ee\/lv\/product\/anna-lotan-greens-barojoss-nakts-balzams-50-ml\/","name":"Anna Lotan Greens Barojo\u0161s nakts balzams 50 ml ~ Dolores","isPartOf":{"@id":"https:\/\/dolores.ee\/lv\/#website"},"primaryImageOfPage":{"@id":"https:\/\/dolores.ee\/lv\/product\/anna-lotan-greens-barojoss-nakts-balzams-50-ml\/#primaryimage"},"image":{"@id":"https:\/\/dolores.ee\/lv\/product\/anna-lotan-greens-barojoss-nakts-balzams-50-ml\/#primaryimage"},"thumbnailUrl":"https:\/\/dolores.ee\/wp-content\/uploads\/2020\/08\/404.jpg","datePublished":"2020-08-13T09:59:22+00:00","dateModified":"2025-07-01T08:06:08+00:00","breadcrumb":{"@id":"https:\/\/dolores.ee\/lv\/product\/anna-lotan-greens-barojoss-nakts-balzams-50-ml\/#breadcrumb"},"inLanguage":"lv-LV","potentialAction":[{"@type":"ReadAction","target":["https:\/\/dolores.ee\/lv\/product\/anna-lotan-greens-barojoss-nakts-balzams-50-ml\/"]}]},{"@type":"ImageObject","inLanguage":"lv-LV","@id":"https:\/\/dolores.ee\/lv\/product\/anna-lotan-greens-barojoss-nakts-balzams-50-ml\/#primaryimage","url":"https:\/\/dolores.ee\/wp-content\/uploads\/2020\/08\/404.jpg","contentUrl":"https:\/\/dolores.ee\/wp-content\/uploads\/2020\/08\/404.jpg","width":303,"height":400},{"@type":"BreadcrumbList","@id":"https:\/\/dolores.ee\/lv\/product\/anna-lotan-greens-barojoss-nakts-balzams-50-ml\/#breadcrumb","itemListElement":[{"@type":"ListItem","position":1,"name":"Home","item":"https:\/\/dolores.ee\/lv\/"},{"@type":"ListItem","position":2,"name":"E-veikals","item":"https:\/\/dolores.ee\/lv\/e-veikals\/"},{"@type":"ListItem","position":3,"name":"Anna Lotan Greens Barojo\u0161s nakts balzams 50 ml"}]},{"@type":"WebSite","@id":"https:\/\/dolores.ee\/lv\/#website","url":"https:\/\/dolores.ee\/lv\/","name":"Dolores e-pood","description":"Beauty Shop","publisher":{"@id":"https:\/\/dolores.ee\/lv\/#organization"},"alternateName":"Dolores","potentialAction":[{"@type":"SearchAction","target":{"@type":"EntryPoint","urlTemplate":"https:\/\/dolores.ee\/lv\/?s={search_term_string}"},"query-input":{"@type":"PropertyValueSpecification","valueRequired":true,"valueName":"search_term_string"}}],"inLanguage":"lv-LV"},{"@type":"Organization","@id":"https:\/\/dolores.ee\/lv\/#organization","name":"Dolores O\u00dc","alternateName":"Dolores e-pood","url":"https:\/\/dolores.ee\/lv\/","logo":{"@type":"ImageObject","inLanguage":"lv-LV","@id":"https:\/\/dolores.ee\/lv\/#\/schema\/logo\/image\/","url":"https:\/\/dolores.ee\/wp-content\/uploads\/2025\/04\/logo-1.jpg","contentUrl":"https:\/\/dolores.ee\/wp-content\/uploads\/2025\/04\/logo-1.jpg","width":1951,"height":660,"caption":"Dolores O\u00dc"},"image":{"@id":"https:\/\/dolores.ee\/lv\/#\/schema\/logo\/image\/"},"sameAs":["https:\/\/www.facebook.com\/doloresepood\/"],"description":"Dolores.ee on kaasaegne veebipood, kust leiad tuntud kaubam\u00e4rkide \u2013 GIGI, Anna Lotan, Hikari, Hlavin \u2013 originaalkosmeetikat. Pakume kvaliteetseid hooldustooteid taskukohaste hindadega ja kiire kohaletoimetamisega \u00fcle Eesti. Nahahooldus pole kunagi olnud nii lihtne ja soodne!","email":"dolores@dolores.ee","telephone":"372 644 2440","legalName":"Dolores O\u00dc","foundingDate":"1998-02-09","vatID":"EE100050280","numberOfEmployees":{"@type":"QuantitativeValue","minValue":"11","maxValue":"50"}}]}},"_links":{"self":[{"href":"https:\/\/dolores.ee\/lv\/wp-json\/wp\/v2\/product\/998334","targetHints":{"allow":["GET"]}}],"collection":[{"href":"https:\/\/dolores.ee\/lv\/wp-json\/wp\/v2\/product"}],"about":[{"href":"https:\/\/dolores.ee\/lv\/wp-json\/wp\/v2\/types\/product"}],"replies":[{"embeddable":true,"href":"https:\/\/dolores.ee\/lv\/wp-json\/wp\/v2\/comments?post=998334"}],"version-history":[{"count":0,"href":"https:\/\/dolores.ee\/lv\/wp-json\/wp\/v2\/product\/998334\/revisions"}],"wp:featuredmedia":[{"embeddable":true,"href":"https:\/\/dolores.ee\/lv\/wp-json\/wp\/v2\/media\/575"}],"wp:attachment":[{"href":"https:\/\/dolores.ee\/lv\/wp-json\/wp\/v2\/media?parent=998334"}],"wp:term":[{"taxonomy":"product_brand","embeddable":true,"href":"https:\/\/dolores.ee\/lv\/wp-json\/wp\/v2\/product_brand?post=998334"},{"taxonomy":"product_cat","embeddable":true,"href":"https:\/\/dolores.ee\/lv\/wp-json\/wp\/v2\/product_cat?post=998334"},{"taxonomy":"product_tag","embeddable":true,"href":"https:\/\/dolores.ee\/lv\/wp-json\/wp\/v2\/product_tag?post=998334"},{"taxonomy":"giftcard-category","embeddable":true,"href":"https:\/\/dolores.ee\/lv\/wp-json\/wp\/v2\/giftcard-category?post=998334"}],"curies":[{"name":"wp","href":"https:\/\/api.w.org\/{rel}","templated":true}]}}