{"id":998339,"date":"2020-08-13T12:59:20","date_gmt":"2020-08-13T09:59:20","guid":{"rendered":"https:\/\/dolores.ee\/product\/anna-lotan-greens-tender-eye-contour-balm-30-ml\/"},"modified":"2025-09-10T11:44:36","modified_gmt":"2025-09-10T08:44:36","slug":"anna-lotan-greens-tender-eye-contour-balm-30-ml","status":"publish","type":"product","link":"https:\/\/dolores.ee\/lv\/product\/anna-lotan-greens-tender-eye-contour-balm-30-ml\/","title":{"rendered":"Anna Lotan Greens Tender Eye Contour Balm, 30 ml"},"content":{"rendered":"<div class=\"vgblk-rw-wrapper limit-wrapper\">\n<p data-start=\"117\" data-end=\"806\">\u0160im jaunajam pretgrumbu sast\u0101vam \u012bpa\u0161u efektivit\u0101ti pie\u0161\u0137ir dab\u012bgo graudaugu, piem\u0113ram, kvie\u0161u un gri\u0137u s\u0113klu d\u012bgtsp\u0113j\u0101 eso\u0161o funkcion\u0101lo uzturvielu bag\u0101t\u012bba. No hibiska s\u0113kl\u0101m ieg\u016btie oligopept\u012bdi dro\u0161i darbojas k\u0101 alternat\u012bva injekcij\u0101m, kas kav\u0113 grumbu veido\u0161anos, samazinot sejas izteiksmes l\u012bniju un grumbu ra\u0161anos. No kumel\u012btes s\u0113kl\u0101m ieg\u016bt\u0101 \u03b3-linol\u0113nsk\u0101bes pievieno\u0161ana fosfolip\u012bdu veid\u0101 stiprina \u0101das aizsargbarjeru pret stresu un mitruma zudumu, palielinot pretgrumbu iedarb\u012bbu. Bag\u0101t\u012bgs augu izcelsmes skval\u0113ns p\u0113c sast\u0101va l\u012bdzin\u0101s \u0101das dabiskajiem lip\u012bdiem. Grie\u0137u valodas nosaukums <em data-start=\"711\" data-end=\"722\">Euphrasia<\/em> (kas noz\u012bm\u0113 \u201eprieks, priec\u012bgums\u201d) labi raksturo \u0161\u012b ekstrakta nomierino\u0161o iedarb\u012bbu.<\/p>\n<p data-start=\"808\" data-end=\"2583\"><strong data-start=\"808\" data-end=\"820\">Sast\u0101vs:<\/strong> <em>Aqua (\u016bdens), Simmondsia Chinensis Seed Oil (\u017e\u0101v\u0113tas jojobas s\u0113klu e\u013c\u013ca), Caprylic\/Capric Triglyceride (kaprils\/kapr\u012bl triglicer\u012bds), Aluminum Starch Octenylsuccinate (alum\u012bnija ciete okt\u0113nilsukcin\u0101ts), Dicaprylyl Ether (dikaprils \u0113ters), Cetearyl Ethylhexanoate (cetearil etilheksano\u0101ts), Squalane (skval\u0101ns), PEG-30 Dipolyhydroxystearate (PEG-30 dipolihidroksistear\u0101ts), Glycerin (glicer\u012bns), Euphrasia Officinalis (silmarohu) ekstrakts, Polygonum Aviculare ekstrakts, Butyrospermum Parkii (\u0161\u012b sviests), Glyceryl Dibehenate, Tribehenin, Glyceryl Behenate, Borago Officinalis Seed Oil (gur\u0137u s\u0113klu e\u013c\u013ca), Isopropyl Myristate (izopropilmirist\u0101ts), Soybean (Glycine Soja) Oil (sojas e\u013c\u013ca), Linoleic Acid (linol\u0113nsk\u0101be), Tocopheryl Acetate &amp; Retinyl Palmitate &amp; Carthamus Tinctorius (tokof\u0113rola acet\u0101ts, retinilpalmit\u0101ts, safr\u0101na e\u013c\u013ca), Olus (augu e\u013c\u013ca), Hydrogenated Vegetable Oil (hidrogen\u0113ta augu e\u013c\u013ca), Candelilla Cera (Euphorbia Cerifera) vask, Hydrogenated Castor Oil (hidrogen\u0113ta r\u012bcine\u013c\u013ca), Phenoxyethanol (fenoksietanols), Chloroxylenol (hloroksil\u0113nols), Caprylyl Glycol (kaprililglicols), Phospholipids (fosfolip\u012bdi), Sphingolipids (sfingolip\u012bdi), Quaternium-90 Bentonite, Magnesium Sulfate (magnija sulf\u0101ts), Hydrolized Hibiscus Esculentus Extract (hidroliz\u0113ts hibiska ekstrakts), Dextrin (dekstr\u012bns), Sea Water (j\u016bras \u016bdens), Sodium Lactate (n\u0101trija lakt\u0101ts), Sodium PCA, Glycine (gliz\u012bns), Fructose (fruktoze), Urea (ureja), Niacinamide (niacinam\u012bds), Inositol (inoz\u012btols), Sodium Benzoate (n\u0101trija benzo\u0101ts), Lactic Acid (piensk\u0101be), Parfum (smar\u017eviela), Bisabolol, Phenethyl Alcohol (fenetilalkohols), Tocopherol (tokof\u0113rols), Hydrogenated Palm Glycerides Citrate (hidrogen\u0113ti palmas glicer\u012bdu citr\u0101ti), Acetyl Hexapeptide-8 (acetil heksapept\u012bds-8).<\/em><\/p>\n<\/div>\n<p><!-- .vgblk-rw-wrapper --><\/p>\n","protected":false},"excerpt":{"rendered":"<p>Anna Lotan Greens Maigs pretgrumbu acu kont\u016bru kr\u0113ms<\/p>\n","protected":false},"featured_media":567,"comment_status":"open","ping_status":"closed","template":"","meta":[],"product_brand":[],"product_cat":[728,660,668,716,709,676],"product_tag":[],"giftcard-category":[],"class_list":{"0":"post-998339","1":"product","2":"type-product","3":"status-publish","4":"has-post-thumbnail","6":"product_cat-acu-kopsana","7":"product_cat-anna-lotan-lv","8":"product_cat-greens-lv","9":"product_cat-mitrinosi-produkti","10":"product_cat-populari-produkti","11":"product_cat-sale-lv","13":"first","14":"instock","15":"taxable","16":"shipping-taxable","17":"purchasable","18":"product-type-simple"},"yoast_head":"<!-- This site is optimized with the Yoast SEO Premium plugin v25.1 (Yoast SEO v25.7) - https:\/\/yoast.com\/wordpress\/plugins\/seo\/ -->\n<title>Anna Lotan Greens Tender Eye Contour Balm, 30 ml ~ Dolores<\/title>\n<meta name=\"robots\" content=\"index, follow, max-snippet:-1, max-image-preview:large, max-video-preview:-1\" \/>\n<link rel=\"canonical\" href=\"https:\/\/dolores.ee\/lv\/product\/anna-lotan-greens-tender-eye-contour-balm-30-ml\/\" \/>\n<meta property=\"og:locale\" content=\"lv_LV\" \/>\n<meta property=\"og:type\" content=\"article\" \/>\n<meta property=\"og:title\" content=\"Anna Lotan Greens Tender Eye Contour Balm, 30 ml\" \/>\n<meta property=\"og:description\" content=\"Anna Lotan Greens Maigs pretgrumbu acu kont\u016bru kr\u0113ms\" \/>\n<meta property=\"og:url\" content=\"https:\/\/dolores.ee\/lv\/product\/anna-lotan-greens-tender-eye-contour-balm-30-ml\/\" \/>\n<meta property=\"og:site_name\" content=\"Dolores\" \/>\n<meta property=\"article:publisher\" content=\"https:\/\/www.facebook.com\/doloresepood\/\" \/>\n<meta property=\"article:modified_time\" content=\"2025-09-10T08:44:36+00:00\" \/>\n<meta property=\"og:image\" content=\"https:\/\/dolores.ee\/wp-content\/uploads\/2020\/08\/403a_Tender_Eye_Contour_Cream_30ml.jpg\" \/>\n\t<meta property=\"og:image:width\" content=\"1429\" \/>\n\t<meta property=\"og:image:height\" content=\"1718\" \/>\n\t<meta property=\"og:image:type\" content=\"image\/jpeg\" \/>\n<meta name=\"twitter:card\" content=\"summary_large_image\" \/>\n<meta name=\"twitter:label1\" content=\"Est. reading time\" \/>\n\t<meta name=\"twitter:data1\" content=\"2 minutes\" \/>\n<script type=\"application\/ld+json\" class=\"yoast-schema-graph\">{\"@context\":\"https:\/\/schema.org\",\"@graph\":[{\"@type\":\"WebPage\",\"@id\":\"https:\/\/dolores.ee\/lv\/product\/anna-lotan-greens-tender-eye-contour-balm-30-ml\/\",\"url\":\"https:\/\/dolores.ee\/lv\/product\/anna-lotan-greens-tender-eye-contour-balm-30-ml\/\",\"name\":\"Anna Lotan Greens Tender Eye Contour Balm, 30 ml ~ Dolores\",\"isPartOf\":{\"@id\":\"https:\/\/dolores.ee\/lv\/#website\"},\"primaryImageOfPage\":{\"@id\":\"https:\/\/dolores.ee\/lv\/product\/anna-lotan-greens-tender-eye-contour-balm-30-ml\/#primaryimage\"},\"image\":{\"@id\":\"https:\/\/dolores.ee\/lv\/product\/anna-lotan-greens-tender-eye-contour-balm-30-ml\/#primaryimage\"},\"thumbnailUrl\":\"https:\/\/dolores.ee\/wp-content\/uploads\/2020\/08\/403a_Tender_Eye_Contour_Cream_30ml.jpg\",\"datePublished\":\"2020-08-13T09:59:20+00:00\",\"dateModified\":\"2025-09-10T08:44:36+00:00\",\"breadcrumb\":{\"@id\":\"https:\/\/dolores.ee\/lv\/product\/anna-lotan-greens-tender-eye-contour-balm-30-ml\/#breadcrumb\"},\"inLanguage\":\"lv-LV\",\"potentialAction\":[{\"@type\":\"ReadAction\",\"target\":[\"https:\/\/dolores.ee\/lv\/product\/anna-lotan-greens-tender-eye-contour-balm-30-ml\/\"]}]},{\"@type\":\"ImageObject\",\"inLanguage\":\"lv-LV\",\"@id\":\"https:\/\/dolores.ee\/lv\/product\/anna-lotan-greens-tender-eye-contour-balm-30-ml\/#primaryimage\",\"url\":\"https:\/\/dolores.ee\/wp-content\/uploads\/2020\/08\/403a_Tender_Eye_Contour_Cream_30ml.jpg\",\"contentUrl\":\"https:\/\/dolores.ee\/wp-content\/uploads\/2020\/08\/403a_Tender_Eye_Contour_Cream_30ml.jpg\",\"width\":1429,\"height\":1718},{\"@type\":\"BreadcrumbList\",\"@id\":\"https:\/\/dolores.ee\/lv\/product\/anna-lotan-greens-tender-eye-contour-balm-30-ml\/#breadcrumb\",\"itemListElement\":[{\"@type\":\"ListItem\",\"position\":1,\"name\":\"Home\",\"item\":\"https:\/\/dolores.ee\/lv\/\"},{\"@type\":\"ListItem\",\"position\":2,\"name\":\"E-veikals\",\"item\":\"https:\/\/dolores.ee\/lv\/e-veikals\/\"},{\"@type\":\"ListItem\",\"position\":3,\"name\":\"Anna Lotan Greens Tender Eye Contour Balm, 30 ml\"}]},{\"@type\":\"WebSite\",\"@id\":\"https:\/\/dolores.ee\/lv\/#website\",\"url\":\"https:\/\/dolores.ee\/lv\/\",\"name\":\"Dolores e-pood\",\"description\":\"Beauty Shop\",\"publisher\":{\"@id\":\"https:\/\/dolores.ee\/lv\/#organization\"},\"alternateName\":\"Dolores\",\"potentialAction\":[{\"@type\":\"SearchAction\",\"target\":{\"@type\":\"EntryPoint\",\"urlTemplate\":\"https:\/\/dolores.ee\/lv\/?s={search_term_string}\"},\"query-input\":{\"@type\":\"PropertyValueSpecification\",\"valueRequired\":true,\"valueName\":\"search_term_string\"}}],\"inLanguage\":\"lv-LV\"},{\"@type\":\"Organization\",\"@id\":\"https:\/\/dolores.ee\/lv\/#organization\",\"name\":\"Dolores O\u00dc\",\"alternateName\":\"Dolores e-pood\",\"url\":\"https:\/\/dolores.ee\/lv\/\",\"logo\":{\"@type\":\"ImageObject\",\"inLanguage\":\"lv-LV\",\"@id\":\"https:\/\/dolores.ee\/lv\/#\/schema\/logo\/image\/\",\"url\":\"https:\/\/dolores.ee\/wp-content\/uploads\/2025\/04\/logo-1.jpg\",\"contentUrl\":\"https:\/\/dolores.ee\/wp-content\/uploads\/2025\/04\/logo-1.jpg\",\"width\":1951,\"height\":660,\"caption\":\"Dolores O\u00dc\"},\"image\":{\"@id\":\"https:\/\/dolores.ee\/lv\/#\/schema\/logo\/image\/\"},\"sameAs\":[\"https:\/\/www.facebook.com\/doloresepood\/\"],\"description\":\"Dolores.ee on kaasaegne veebipood, kust leiad tuntud kaubam\u00e4rkide \u2013 GIGI, Anna Lotan, Hikari, Hlavin \u2013 originaalkosmeetikat. Pakume kvaliteetseid hooldustooteid taskukohaste hindadega ja kiire kohaletoimetamisega \u00fcle Eesti. Nahahooldus pole kunagi olnud nii lihtne ja soodne!\",\"email\":\"dolores@dolores.ee\",\"telephone\":\"372 644 2440\",\"legalName\":\"Dolores O\u00dc\",\"foundingDate\":\"1998-02-09\",\"vatID\":\"EE100050280\",\"numberOfEmployees\":{\"@type\":\"QuantitativeValue\",\"minValue\":\"11\",\"maxValue\":\"50\"}}]}<\/script>\n<!-- \/ Yoast SEO Premium plugin. -->","yoast_head_json":{"title":"Anna Lotan Greens Tender Eye Contour Balm, 30 ml ~ Dolores","robots":{"index":"index","follow":"follow","max-snippet":"max-snippet:-1","max-image-preview":"max-image-preview:large","max-video-preview":"max-video-preview:-1"},"canonical":"https:\/\/dolores.ee\/lv\/product\/anna-lotan-greens-tender-eye-contour-balm-30-ml\/","og_locale":"lv_LV","og_type":"article","og_title":"Anna Lotan Greens Tender Eye Contour Balm, 30 ml","og_description":"Anna Lotan Greens Maigs pretgrumbu acu kont\u016bru kr\u0113ms","og_url":"https:\/\/dolores.ee\/lv\/product\/anna-lotan-greens-tender-eye-contour-balm-30-ml\/","og_site_name":"Dolores","article_publisher":"https:\/\/www.facebook.com\/doloresepood\/","article_modified_time":"2025-09-10T08:44:36+00:00","og_image":[{"width":1429,"height":1718,"url":"https:\/\/dolores.ee\/wp-content\/uploads\/2020\/08\/403a_Tender_Eye_Contour_Cream_30ml.jpg","type":"image\/jpeg"}],"twitter_card":"summary_large_image","twitter_misc":{"Est. reading time":"2 minutes"},"schema":{"@context":"https:\/\/schema.org","@graph":[{"@type":"WebPage","@id":"https:\/\/dolores.ee\/lv\/product\/anna-lotan-greens-tender-eye-contour-balm-30-ml\/","url":"https:\/\/dolores.ee\/lv\/product\/anna-lotan-greens-tender-eye-contour-balm-30-ml\/","name":"Anna Lotan Greens Tender Eye Contour Balm, 30 ml ~ Dolores","isPartOf":{"@id":"https:\/\/dolores.ee\/lv\/#website"},"primaryImageOfPage":{"@id":"https:\/\/dolores.ee\/lv\/product\/anna-lotan-greens-tender-eye-contour-balm-30-ml\/#primaryimage"},"image":{"@id":"https:\/\/dolores.ee\/lv\/product\/anna-lotan-greens-tender-eye-contour-balm-30-ml\/#primaryimage"},"thumbnailUrl":"https:\/\/dolores.ee\/wp-content\/uploads\/2020\/08\/403a_Tender_Eye_Contour_Cream_30ml.jpg","datePublished":"2020-08-13T09:59:20+00:00","dateModified":"2025-09-10T08:44:36+00:00","breadcrumb":{"@id":"https:\/\/dolores.ee\/lv\/product\/anna-lotan-greens-tender-eye-contour-balm-30-ml\/#breadcrumb"},"inLanguage":"lv-LV","potentialAction":[{"@type":"ReadAction","target":["https:\/\/dolores.ee\/lv\/product\/anna-lotan-greens-tender-eye-contour-balm-30-ml\/"]}]},{"@type":"ImageObject","inLanguage":"lv-LV","@id":"https:\/\/dolores.ee\/lv\/product\/anna-lotan-greens-tender-eye-contour-balm-30-ml\/#primaryimage","url":"https:\/\/dolores.ee\/wp-content\/uploads\/2020\/08\/403a_Tender_Eye_Contour_Cream_30ml.jpg","contentUrl":"https:\/\/dolores.ee\/wp-content\/uploads\/2020\/08\/403a_Tender_Eye_Contour_Cream_30ml.jpg","width":1429,"height":1718},{"@type":"BreadcrumbList","@id":"https:\/\/dolores.ee\/lv\/product\/anna-lotan-greens-tender-eye-contour-balm-30-ml\/#breadcrumb","itemListElement":[{"@type":"ListItem","position":1,"name":"Home","item":"https:\/\/dolores.ee\/lv\/"},{"@type":"ListItem","position":2,"name":"E-veikals","item":"https:\/\/dolores.ee\/lv\/e-veikals\/"},{"@type":"ListItem","position":3,"name":"Anna Lotan Greens Tender Eye Contour Balm, 30 ml"}]},{"@type":"WebSite","@id":"https:\/\/dolores.ee\/lv\/#website","url":"https:\/\/dolores.ee\/lv\/","name":"Dolores e-pood","description":"Beauty Shop","publisher":{"@id":"https:\/\/dolores.ee\/lv\/#organization"},"alternateName":"Dolores","potentialAction":[{"@type":"SearchAction","target":{"@type":"EntryPoint","urlTemplate":"https:\/\/dolores.ee\/lv\/?s={search_term_string}"},"query-input":{"@type":"PropertyValueSpecification","valueRequired":true,"valueName":"search_term_string"}}],"inLanguage":"lv-LV"},{"@type":"Organization","@id":"https:\/\/dolores.ee\/lv\/#organization","name":"Dolores O\u00dc","alternateName":"Dolores e-pood","url":"https:\/\/dolores.ee\/lv\/","logo":{"@type":"ImageObject","inLanguage":"lv-LV","@id":"https:\/\/dolores.ee\/lv\/#\/schema\/logo\/image\/","url":"https:\/\/dolores.ee\/wp-content\/uploads\/2025\/04\/logo-1.jpg","contentUrl":"https:\/\/dolores.ee\/wp-content\/uploads\/2025\/04\/logo-1.jpg","width":1951,"height":660,"caption":"Dolores O\u00dc"},"image":{"@id":"https:\/\/dolores.ee\/lv\/#\/schema\/logo\/image\/"},"sameAs":["https:\/\/www.facebook.com\/doloresepood\/"],"description":"Dolores.ee on kaasaegne veebipood, kust leiad tuntud kaubam\u00e4rkide \u2013 GIGI, Anna Lotan, Hikari, Hlavin \u2013 originaalkosmeetikat. Pakume kvaliteetseid hooldustooteid taskukohaste hindadega ja kiire kohaletoimetamisega \u00fcle Eesti. Nahahooldus pole kunagi olnud nii lihtne ja soodne!","email":"dolores@dolores.ee","telephone":"372 644 2440","legalName":"Dolores O\u00dc","foundingDate":"1998-02-09","vatID":"EE100050280","numberOfEmployees":{"@type":"QuantitativeValue","minValue":"11","maxValue":"50"}}]}},"_links":{"self":[{"href":"https:\/\/dolores.ee\/lv\/wp-json\/wp\/v2\/product\/998339","targetHints":{"allow":["GET"]}}],"collection":[{"href":"https:\/\/dolores.ee\/lv\/wp-json\/wp\/v2\/product"}],"about":[{"href":"https:\/\/dolores.ee\/lv\/wp-json\/wp\/v2\/types\/product"}],"replies":[{"embeddable":true,"href":"https:\/\/dolores.ee\/lv\/wp-json\/wp\/v2\/comments?post=998339"}],"version-history":[{"count":0,"href":"https:\/\/dolores.ee\/lv\/wp-json\/wp\/v2\/product\/998339\/revisions"}],"wp:featuredmedia":[{"embeddable":true,"href":"https:\/\/dolores.ee\/lv\/wp-json\/wp\/v2\/media\/567"}],"wp:attachment":[{"href":"https:\/\/dolores.ee\/lv\/wp-json\/wp\/v2\/media?parent=998339"}],"wp:term":[{"taxonomy":"product_brand","embeddable":true,"href":"https:\/\/dolores.ee\/lv\/wp-json\/wp\/v2\/product_brand?post=998339"},{"taxonomy":"product_cat","embeddable":true,"href":"https:\/\/dolores.ee\/lv\/wp-json\/wp\/v2\/product_cat?post=998339"},{"taxonomy":"product_tag","embeddable":true,"href":"https:\/\/dolores.ee\/lv\/wp-json\/wp\/v2\/product_tag?post=998339"},{"taxonomy":"giftcard-category","embeddable":true,"href":"https:\/\/dolores.ee\/lv\/wp-json\/wp\/v2\/giftcard-category?post=998339"}],"curies":[{"name":"wp","href":"https:\/\/api.w.org\/{rel}","templated":true}]}}