{"id":998363,"date":"2020-08-13T12:59:15","date_gmt":"2020-08-13T09:59:15","guid":{"rendered":"https:\/\/dolores.ee\/product\/anna-lotan-greens-camellia-tonejoss-dienas-krems-ar-spf30-70-ml\/"},"modified":"2025-07-01T11:06:08","modified_gmt":"2025-07-01T08:06:08","slug":"anna-lotan-greens-camellia-tonejoss-dienas-krems-ar-spf30-70-ml","status":"publish","type":"product","link":"https:\/\/dolores.ee\/lv\/product\/anna-lotan-greens-camellia-tonejoss-dienas-krems-ar-spf30-70-ml\/","title":{"rendered":"Anna Lotan Greens Camellia ton\u0113jo\u0161s dienas kr\u0113ms ar SPF30, 70 ml"},"content":{"rendered":"<div class=\"vgblk-rw-wrapper limit-wrapper\">\n<p data-start=\"62\" data-end=\"569\">Camellia ton\u0113jo\u0161s dienas kr\u0113ms ar SPF30+ ir augst\u0101k\u0101s kvalit\u0101tes mitrino\u0161s kr\u0113ms ar pla\u0161a spektra UVA\/UVB aizsardz\u012bbu. Vieglais ton\u0113jo\u0161ais sast\u0101vs ir bag\u0101tin\u0101ts ar E vitam\u012bnu un za\u013c\u0101s t\u0113jas ekstraktu, kas darbojas k\u0101 sp\u0113c\u012bgi antioksidanti. Mikropigmenti pal\u012bdz uzlabot aizsardz\u012bbu pret UV stariem un vienlaikus dabiski mask\u0113 \u0101das toni un nel\u012bdzenumus. Nodro\u0161ina maksim\u0101lu aizsardz\u012bbu pret saules apdegumiem un priek\u0161laic\u012bgu noveco\u0161anos.<\/p>\n<p data-start=\"571\" data-end=\"794\">Piem\u0113rots ikdienas lieto\u0161anai visa gada garum\u0101. Lai v\u0113l vair\u0101k pastiprin\u0101tu aizsardz\u012bbu un uzlabotu kr\u0113ma notur\u012bbu, ieteicams papildus lietot <strong data-start=\"713\" data-end=\"743\">Anna Lotan p\u016bderi ar SPF17<\/strong>, uzkl\u0101jot to uz kr\u0113ma, pirms tas piln\u012bb\u0101 uzs\u016bcies.<\/p>\n<p data-start=\"796\" data-end=\"1359\"><strong data-start=\"796\" data-end=\"808\">Sast\u0101vs:<\/strong> <em>Aqua (\u016bdens), Ethylhexyl Methoxycinnamate, Titanium Dioxide, C12-15 Alkyl Benzoate, Camellia Sinensis lapu ekstrakts, glicer\u012bns, Cetearyl Alcohol \/ Cetearyl Glucoside, Ethylhexyl Stearate, Benzophenone-3, Simmondsia Chinensis (jojobas) s\u0113klu e\u013c\u013ca, Lonicera Caprifolium ekstrakts, Galactoarabinan, Hippophae Rhamnoides (smilts\u0113rk\u0161\u0137u) aug\u013cu ekstrakts, Glyceryl Stearate, Gluconolactone \/ Sodium Benzoate, Iron Oxides, Tocopheryl Acetate, Sodium Hyaluronate, Xanthan Gum, Sodium Stearoyl Glutamate, Dimethicone, Sodium Polyacrylate, Parfum (smar\u017eviela).<\/em><\/p>\n<\/div>\n<p><!-- .vgblk-rw-wrapper --><\/p>\n","protected":false},"excerpt":{"rendered":"<p>Anna Lotan Greens Camellia ton\u0113jo\u0161s dienas kr\u0113ms ar SPF30, 70 ml<\/p>\n","protected":false},"featured_media":343923,"comment_status":"open","ping_status":"closed","template":"","meta":[],"product_brand":[],"product_cat":[660,725,668,716,783,709,676,704],"product_tag":[],"giftcard-category":[],"class_list":{"0":"post-998363","1":"product","2":"type-product","3":"status-publish","4":"has-post-thumbnail","6":"product_cat-anna-lotan-lv","7":"product_cat-dienas-krems","8":"product_cat-greens-lv","9":"product_cat-mitrinosi-produkti","10":"product_cat-pavasara-adas-kopsana","11":"product_cat-populari-produkti","12":"product_cat-sale-lv","13":"product_cat-saules-aizsardziba","15":"first","16":"instock","17":"taxable","18":"shipping-taxable","19":"purchasable","20":"product-type-simple"},"yoast_head":"<!-- This site is optimized with the Yoast SEO Premium plugin v25.1 (Yoast SEO v25.7) - https:\/\/yoast.com\/wordpress\/plugins\/seo\/ -->\n<title>Anna Lotan Greens Camellia ton\u0113jo\u0161s dienas kr\u0113ms ar SPF30, 70 ml ~ Dolores<\/title>\n<meta name=\"robots\" content=\"index, follow, max-snippet:-1, max-image-preview:large, max-video-preview:-1\" \/>\n<link rel=\"canonical\" href=\"https:\/\/dolores.ee\/lv\/product\/anna-lotan-greens-camellia-tonejoss-dienas-krems-ar-spf30-70-ml\/\" \/>\n<meta property=\"og:locale\" content=\"lv_LV\" \/>\n<meta property=\"og:type\" content=\"article\" \/>\n<meta property=\"og:title\" content=\"Anna Lotan Greens Camellia ton\u0113jo\u0161s dienas kr\u0113ms ar SPF30, 70 ml\" \/>\n<meta property=\"og:description\" content=\"Anna Lotan Greens Camellia ton\u0113jo\u0161s dienas kr\u0113ms ar SPF30, 70 ml\" \/>\n<meta property=\"og:url\" content=\"https:\/\/dolores.ee\/lv\/product\/anna-lotan-greens-camellia-tonejoss-dienas-krems-ar-spf30-70-ml\/\" \/>\n<meta property=\"og:site_name\" content=\"Dolores\" \/>\n<meta property=\"article:publisher\" content=\"https:\/\/www.facebook.com\/doloresepood\/\" \/>\n<meta property=\"article:modified_time\" content=\"2025-07-01T08:06:08+00:00\" \/>\n<meta property=\"og:image\" content=\"https:\/\/dolores.ee\/wp-content\/uploads\/2025\/05\/seo.jpg\" \/>\n\t<meta property=\"og:image:width\" content=\"1200\" \/>\n\t<meta property=\"og:image:height\" content=\"675\" \/>\n\t<meta property=\"og:image:type\" content=\"image\/jpeg\" \/>\n<meta name=\"twitter:card\" content=\"summary_large_image\" \/>\n<meta name=\"twitter:label1\" content=\"Est. reading time\" \/>\n\t<meta name=\"twitter:data1\" content=\"1 minute\" \/>\n<script type=\"application\/ld+json\" class=\"yoast-schema-graph\">{\"@context\":\"https:\/\/schema.org\",\"@graph\":[{\"@type\":\"WebPage\",\"@id\":\"https:\/\/dolores.ee\/lv\/product\/anna-lotan-greens-camellia-tonejoss-dienas-krems-ar-spf30-70-ml\/\",\"url\":\"https:\/\/dolores.ee\/lv\/product\/anna-lotan-greens-camellia-tonejoss-dienas-krems-ar-spf30-70-ml\/\",\"name\":\"Anna Lotan Greens Camellia ton\u0113jo\u0161s dienas kr\u0113ms ar SPF30, 70 ml ~ Dolores\",\"isPartOf\":{\"@id\":\"https:\/\/dolores.ee\/lv\/#website\"},\"primaryImageOfPage\":{\"@id\":\"https:\/\/dolores.ee\/lv\/product\/anna-lotan-greens-camellia-tonejoss-dienas-krems-ar-spf30-70-ml\/#primaryimage\"},\"image\":{\"@id\":\"https:\/\/dolores.ee\/lv\/product\/anna-lotan-greens-camellia-tonejoss-dienas-krems-ar-spf30-70-ml\/#primaryimage\"},\"thumbnailUrl\":\"https:\/\/dolores.ee\/wp-content\/uploads\/2020\/08\/al302gr_1.jpg\",\"datePublished\":\"2020-08-13T09:59:15+00:00\",\"dateModified\":\"2025-07-01T08:06:08+00:00\",\"breadcrumb\":{\"@id\":\"https:\/\/dolores.ee\/lv\/product\/anna-lotan-greens-camellia-tonejoss-dienas-krems-ar-spf30-70-ml\/#breadcrumb\"},\"inLanguage\":\"lv-LV\",\"potentialAction\":[{\"@type\":\"ReadAction\",\"target\":[\"https:\/\/dolores.ee\/lv\/product\/anna-lotan-greens-camellia-tonejoss-dienas-krems-ar-spf30-70-ml\/\"]}]},{\"@type\":\"ImageObject\",\"inLanguage\":\"lv-LV\",\"@id\":\"https:\/\/dolores.ee\/lv\/product\/anna-lotan-greens-camellia-tonejoss-dienas-krems-ar-spf30-70-ml\/#primaryimage\",\"url\":\"https:\/\/dolores.ee\/wp-content\/uploads\/2020\/08\/al302gr_1.jpg\",\"contentUrl\":\"https:\/\/dolores.ee\/wp-content\/uploads\/2020\/08\/al302gr_1.jpg\",\"width\":600,\"height\":600},{\"@type\":\"BreadcrumbList\",\"@id\":\"https:\/\/dolores.ee\/lv\/product\/anna-lotan-greens-camellia-tonejoss-dienas-krems-ar-spf30-70-ml\/#breadcrumb\",\"itemListElement\":[{\"@type\":\"ListItem\",\"position\":1,\"name\":\"Home\",\"item\":\"https:\/\/dolores.ee\/lv\/\"},{\"@type\":\"ListItem\",\"position\":2,\"name\":\"E-veikals\",\"item\":\"https:\/\/dolores.ee\/lv\/e-veikals\/\"},{\"@type\":\"ListItem\",\"position\":3,\"name\":\"Anna Lotan Greens Camellia ton\u0113jo\u0161s dienas kr\u0113ms ar SPF30, 70 ml\"}]},{\"@type\":\"WebSite\",\"@id\":\"https:\/\/dolores.ee\/lv\/#website\",\"url\":\"https:\/\/dolores.ee\/lv\/\",\"name\":\"Dolores e-pood\",\"description\":\"Beauty Shop\",\"publisher\":{\"@id\":\"https:\/\/dolores.ee\/lv\/#organization\"},\"alternateName\":\"Dolores\",\"potentialAction\":[{\"@type\":\"SearchAction\",\"target\":{\"@type\":\"EntryPoint\",\"urlTemplate\":\"https:\/\/dolores.ee\/lv\/?s={search_term_string}\"},\"query-input\":{\"@type\":\"PropertyValueSpecification\",\"valueRequired\":true,\"valueName\":\"search_term_string\"}}],\"inLanguage\":\"lv-LV\"},{\"@type\":\"Organization\",\"@id\":\"https:\/\/dolores.ee\/lv\/#organization\",\"name\":\"Dolores O\u00dc\",\"alternateName\":\"Dolores e-pood\",\"url\":\"https:\/\/dolores.ee\/lv\/\",\"logo\":{\"@type\":\"ImageObject\",\"inLanguage\":\"lv-LV\",\"@id\":\"https:\/\/dolores.ee\/lv\/#\/schema\/logo\/image\/\",\"url\":\"https:\/\/dolores.ee\/wp-content\/uploads\/2025\/04\/logo-1.jpg\",\"contentUrl\":\"https:\/\/dolores.ee\/wp-content\/uploads\/2025\/04\/logo-1.jpg\",\"width\":1951,\"height\":660,\"caption\":\"Dolores O\u00dc\"},\"image\":{\"@id\":\"https:\/\/dolores.ee\/lv\/#\/schema\/logo\/image\/\"},\"sameAs\":[\"https:\/\/www.facebook.com\/doloresepood\/\"],\"description\":\"Dolores.ee on kaasaegne veebipood, kust leiad tuntud kaubam\u00e4rkide \u2013 GIGI, Anna Lotan, Hikari, Hlavin \u2013 originaalkosmeetikat. Pakume kvaliteetseid hooldustooteid taskukohaste hindadega ja kiire kohaletoimetamisega \u00fcle Eesti. Nahahooldus pole kunagi olnud nii lihtne ja soodne!\",\"email\":\"dolores@dolores.ee\",\"telephone\":\"372 644 2440\",\"legalName\":\"Dolores O\u00dc\",\"foundingDate\":\"1998-02-09\",\"vatID\":\"EE100050280\",\"numberOfEmployees\":{\"@type\":\"QuantitativeValue\",\"minValue\":\"11\",\"maxValue\":\"50\"}}]}<\/script>\n<!-- \/ Yoast SEO Premium plugin. -->","yoast_head_json":{"title":"Anna Lotan Greens Camellia ton\u0113jo\u0161s dienas kr\u0113ms ar SPF30, 70 ml ~ Dolores","robots":{"index":"index","follow":"follow","max-snippet":"max-snippet:-1","max-image-preview":"max-image-preview:large","max-video-preview":"max-video-preview:-1"},"canonical":"https:\/\/dolores.ee\/lv\/product\/anna-lotan-greens-camellia-tonejoss-dienas-krems-ar-spf30-70-ml\/","og_locale":"lv_LV","og_type":"article","og_title":"Anna Lotan Greens Camellia ton\u0113jo\u0161s dienas kr\u0113ms ar SPF30, 70 ml","og_description":"Anna Lotan Greens Camellia ton\u0113jo\u0161s dienas kr\u0113ms ar SPF30, 70 ml","og_url":"https:\/\/dolores.ee\/lv\/product\/anna-lotan-greens-camellia-tonejoss-dienas-krems-ar-spf30-70-ml\/","og_site_name":"Dolores","article_publisher":"https:\/\/www.facebook.com\/doloresepood\/","article_modified_time":"2025-07-01T08:06:08+00:00","og_image":[{"width":1200,"height":675,"url":"https:\/\/dolores.ee\/wp-content\/uploads\/2025\/05\/seo.jpg","type":"image\/jpeg"}],"twitter_card":"summary_large_image","twitter_misc":{"Est. reading time":"1 minute"},"schema":{"@context":"https:\/\/schema.org","@graph":[{"@type":"WebPage","@id":"https:\/\/dolores.ee\/lv\/product\/anna-lotan-greens-camellia-tonejoss-dienas-krems-ar-spf30-70-ml\/","url":"https:\/\/dolores.ee\/lv\/product\/anna-lotan-greens-camellia-tonejoss-dienas-krems-ar-spf30-70-ml\/","name":"Anna Lotan Greens Camellia ton\u0113jo\u0161s dienas kr\u0113ms ar SPF30, 70 ml ~ Dolores","isPartOf":{"@id":"https:\/\/dolores.ee\/lv\/#website"},"primaryImageOfPage":{"@id":"https:\/\/dolores.ee\/lv\/product\/anna-lotan-greens-camellia-tonejoss-dienas-krems-ar-spf30-70-ml\/#primaryimage"},"image":{"@id":"https:\/\/dolores.ee\/lv\/product\/anna-lotan-greens-camellia-tonejoss-dienas-krems-ar-spf30-70-ml\/#primaryimage"},"thumbnailUrl":"https:\/\/dolores.ee\/wp-content\/uploads\/2020\/08\/al302gr_1.jpg","datePublished":"2020-08-13T09:59:15+00:00","dateModified":"2025-07-01T08:06:08+00:00","breadcrumb":{"@id":"https:\/\/dolores.ee\/lv\/product\/anna-lotan-greens-camellia-tonejoss-dienas-krems-ar-spf30-70-ml\/#breadcrumb"},"inLanguage":"lv-LV","potentialAction":[{"@type":"ReadAction","target":["https:\/\/dolores.ee\/lv\/product\/anna-lotan-greens-camellia-tonejoss-dienas-krems-ar-spf30-70-ml\/"]}]},{"@type":"ImageObject","inLanguage":"lv-LV","@id":"https:\/\/dolores.ee\/lv\/product\/anna-lotan-greens-camellia-tonejoss-dienas-krems-ar-spf30-70-ml\/#primaryimage","url":"https:\/\/dolores.ee\/wp-content\/uploads\/2020\/08\/al302gr_1.jpg","contentUrl":"https:\/\/dolores.ee\/wp-content\/uploads\/2020\/08\/al302gr_1.jpg","width":600,"height":600},{"@type":"BreadcrumbList","@id":"https:\/\/dolores.ee\/lv\/product\/anna-lotan-greens-camellia-tonejoss-dienas-krems-ar-spf30-70-ml\/#breadcrumb","itemListElement":[{"@type":"ListItem","position":1,"name":"Home","item":"https:\/\/dolores.ee\/lv\/"},{"@type":"ListItem","position":2,"name":"E-veikals","item":"https:\/\/dolores.ee\/lv\/e-veikals\/"},{"@type":"ListItem","position":3,"name":"Anna Lotan Greens Camellia ton\u0113jo\u0161s dienas kr\u0113ms ar SPF30, 70 ml"}]},{"@type":"WebSite","@id":"https:\/\/dolores.ee\/lv\/#website","url":"https:\/\/dolores.ee\/lv\/","name":"Dolores e-pood","description":"Beauty Shop","publisher":{"@id":"https:\/\/dolores.ee\/lv\/#organization"},"alternateName":"Dolores","potentialAction":[{"@type":"SearchAction","target":{"@type":"EntryPoint","urlTemplate":"https:\/\/dolores.ee\/lv\/?s={search_term_string}"},"query-input":{"@type":"PropertyValueSpecification","valueRequired":true,"valueName":"search_term_string"}}],"inLanguage":"lv-LV"},{"@type":"Organization","@id":"https:\/\/dolores.ee\/lv\/#organization","name":"Dolores O\u00dc","alternateName":"Dolores e-pood","url":"https:\/\/dolores.ee\/lv\/","logo":{"@type":"ImageObject","inLanguage":"lv-LV","@id":"https:\/\/dolores.ee\/lv\/#\/schema\/logo\/image\/","url":"https:\/\/dolores.ee\/wp-content\/uploads\/2025\/04\/logo-1.jpg","contentUrl":"https:\/\/dolores.ee\/wp-content\/uploads\/2025\/04\/logo-1.jpg","width":1951,"height":660,"caption":"Dolores O\u00dc"},"image":{"@id":"https:\/\/dolores.ee\/lv\/#\/schema\/logo\/image\/"},"sameAs":["https:\/\/www.facebook.com\/doloresepood\/"],"description":"Dolores.ee on kaasaegne veebipood, kust leiad tuntud kaubam\u00e4rkide \u2013 GIGI, Anna Lotan, Hikari, Hlavin \u2013 originaalkosmeetikat. Pakume kvaliteetseid hooldustooteid taskukohaste hindadega ja kiire kohaletoimetamisega \u00fcle Eesti. Nahahooldus pole kunagi olnud nii lihtne ja soodne!","email":"dolores@dolores.ee","telephone":"372 644 2440","legalName":"Dolores O\u00dc","foundingDate":"1998-02-09","vatID":"EE100050280","numberOfEmployees":{"@type":"QuantitativeValue","minValue":"11","maxValue":"50"}}]}},"_links":{"self":[{"href":"https:\/\/dolores.ee\/lv\/wp-json\/wp\/v2\/product\/998363","targetHints":{"allow":["GET"]}}],"collection":[{"href":"https:\/\/dolores.ee\/lv\/wp-json\/wp\/v2\/product"}],"about":[{"href":"https:\/\/dolores.ee\/lv\/wp-json\/wp\/v2\/types\/product"}],"replies":[{"embeddable":true,"href":"https:\/\/dolores.ee\/lv\/wp-json\/wp\/v2\/comments?post=998363"}],"version-history":[{"count":0,"href":"https:\/\/dolores.ee\/lv\/wp-json\/wp\/v2\/product\/998363\/revisions"}],"wp:featuredmedia":[{"embeddable":true,"href":"https:\/\/dolores.ee\/lv\/wp-json\/wp\/v2\/media\/343923"}],"wp:attachment":[{"href":"https:\/\/dolores.ee\/lv\/wp-json\/wp\/v2\/media?parent=998363"}],"wp:term":[{"taxonomy":"product_brand","embeddable":true,"href":"https:\/\/dolores.ee\/lv\/wp-json\/wp\/v2\/product_brand?post=998363"},{"taxonomy":"product_cat","embeddable":true,"href":"https:\/\/dolores.ee\/lv\/wp-json\/wp\/v2\/product_cat?post=998363"},{"taxonomy":"product_tag","embeddable":true,"href":"https:\/\/dolores.ee\/lv\/wp-json\/wp\/v2\/product_tag?post=998363"},{"taxonomy":"giftcard-category","embeddable":true,"href":"https:\/\/dolores.ee\/lv\/wp-json\/wp\/v2\/giftcard-category?post=998363"}],"curies":[{"name":"wp","href":"https:\/\/api.w.org\/{rel}","templated":true}]}}