{"id":998365,"date":"2020-08-13T12:59:14","date_gmt":"2020-08-13T09:59:14","guid":{"rendered":"https:\/\/dolores.ee\/product\/anna-lotan-clear-aktiva-maska-ar-dabigiem-naves-juras-dunam-90-g\/"},"modified":"2025-07-01T11:06:08","modified_gmt":"2025-07-01T08:06:08","slug":"anna-lotan-clear-aktiva-maska-ar-dabigiem-naves-juras-dunam-90-g","status":"publish","type":"product","link":"https:\/\/dolores.ee\/lv\/product\/anna-lotan-clear-aktiva-maska-ar-dabigiem-naves-juras-dunam-90-g\/","title":{"rendered":"Anna Lotan Clear Akt\u012bv\u0101 maska ar dab\u012bgiem N\u0101ves j\u016bras d\u016b\u0146\u0101m, 90 g"},"content":{"rendered":"<div class=\"vgblk-rw-wrapper limit-wrapper\">\n<p data-start=\"70\" data-end=\"465\">Augstas kvalit\u0101tes maska ar augu izcelsmes mitrin\u0101t\u0101jiem, kurai ir unik\u0101la maiga tekst\u016bra \u2013 to ir viegli uzkl\u0101t un v\u0113l viegl\u0101k noskalot. Piem\u0113rota visiem \u0101das tipiem \u2013 savelk \u0101du un atst\u0101j svaigu, toniz\u0113tu izskatu. Efekt\u012bvi att\u012bra taukainu un problem\u0101tisku \u0101du. Noguru\u0161ai un nobriedu\u0161ai \u0101dai pie\u0161\u0137ir svaigumu un vitalit\u0101ti.<\/p>\n<p data-start=\"467\" data-end=\"647\"><strong data-start=\"467\" data-end=\"481\">Lieto\u0161ana:<\/strong> Uzkl\u0101t pl\u0101nu k\u0101rtu uz sejas, izvairoties no acu un kakla zonas. Atst\u0101t masku no\u017e\u016bt 15\u201320 min\u016btes. R\u016bp\u012bgi noskalot ar \u016bdeni. P\u0113c tam uzkl\u0101t piem\u0113rotu mitrino\u0161u kr\u0113mu.<\/p>\n<p data-start=\"649\" data-end=\"1151\"><strong data-start=\"649\" data-end=\"661\">Sast\u0101vs:<\/strong> <em>N\u0101ves j\u016bras meln\u0101s d\u016b\u0146as (Silt), glicer\u012bns, Acacia Senegal sve\u0137i, Aloe Barbadensis lapu sula, Simmondsia Chinensis (jojobas) s\u0113klu e\u013c\u013ca, Caprylic\/Capric Triglycerides, Punica Granatum (gran\u0101t\u0101bola) s\u0113klu ekstrakts, Lavandula Angustifolia (lavandas) e\u013c\u013ca, Salvia Sclarea (v\u012bbotnes) e\u013c\u013ca, Mentha Piperita (piparm\u0113tras) e\u013c\u013ca, Polyglyceryl-5 Oleate, Rosmarinus Officinalis (rozmar\u012bna) lapu ekstrakts, Aqua (\u016bdens), skval\u0101ns, tokoferols, Hydrogenated Palm Glycerides Citrate, Phenethyl Alcohol.<\/em><\/p>\n<\/div>\n<p><!-- .vgblk-rw-wrapper --><\/p>\n","protected":false},"excerpt":{"rendered":"<p>Anna Lotan Clear Akt\u012bv\u0101 maska ar dab\u012bgiem N\u0101ves j\u016bras d\u016b\u0146\u0101m, 90 g<\/p>\n","protected":false},"featured_media":539,"comment_status":"open","ping_status":"closed","template":"","meta":[],"product_brand":[],"product_cat":[660,665,676,722,705],"product_tag":[],"giftcard-category":[],"class_list":{"0":"post-998365","1":"product","2":"type-product","3":"status-publish","4":"has-post-thumbnail","6":"product_cat-anna-lotan-lv","7":"product_cat-clear-lv","8":"product_cat-sale-lv","9":"product_cat-sejas-maska","10":"product_cat-taukaina-ada","12":"first","13":"instock","14":"taxable","15":"shipping-taxable","16":"purchasable","17":"product-type-simple"},"yoast_head":"<!-- This site is optimized with the Yoast SEO Premium plugin v25.1 (Yoast SEO v25.7) - https:\/\/yoast.com\/wordpress\/plugins\/seo\/ -->\n<title>Anna Lotan Clear Akt\u012bv\u0101 maska ar dab\u012bgiem N\u0101ves j\u016bras d\u016b\u0146\u0101m, 90 g ~ Dolores<\/title>\n<meta name=\"robots\" content=\"index, follow, max-snippet:-1, max-image-preview:large, max-video-preview:-1\" \/>\n<link rel=\"canonical\" href=\"https:\/\/dolores.ee\/lv\/product\/anna-lotan-clear-aktiva-maska-ar-dabigiem-naves-juras-dunam-90-g\/\" \/>\n<meta property=\"og:locale\" content=\"lv_LV\" \/>\n<meta property=\"og:type\" content=\"article\" \/>\n<meta property=\"og:title\" content=\"Anna Lotan Clear Akt\u012bv\u0101 maska ar dab\u012bgiem N\u0101ves j\u016bras d\u016b\u0146\u0101m, 90 g\" \/>\n<meta property=\"og:description\" content=\"Anna Lotan Clear Akt\u012bv\u0101 maska ar dab\u012bgiem N\u0101ves j\u016bras d\u016b\u0146\u0101m, 90 g\" \/>\n<meta property=\"og:url\" content=\"https:\/\/dolores.ee\/lv\/product\/anna-lotan-clear-aktiva-maska-ar-dabigiem-naves-juras-dunam-90-g\/\" \/>\n<meta property=\"og:site_name\" content=\"Dolores\" \/>\n<meta property=\"article:publisher\" content=\"https:\/\/www.facebook.com\/doloresepood\/\" \/>\n<meta property=\"article:modified_time\" content=\"2025-07-01T08:06:08+00:00\" \/>\n<meta property=\"og:image\" content=\"https:\/\/dolores.ee\/wp-content\/uploads\/2025\/05\/seo.jpg\" \/>\n\t<meta property=\"og:image:width\" content=\"1200\" \/>\n\t<meta property=\"og:image:height\" content=\"675\" \/>\n\t<meta property=\"og:image:type\" content=\"image\/jpeg\" \/>\n<meta name=\"twitter:card\" content=\"summary_large_image\" \/>\n<meta name=\"twitter:label1\" content=\"Est. reading time\" \/>\n\t<meta name=\"twitter:data1\" content=\"1 minute\" \/>\n<script type=\"application\/ld+json\" class=\"yoast-schema-graph\">{\"@context\":\"https:\/\/schema.org\",\"@graph\":[{\"@type\":\"WebPage\",\"@id\":\"https:\/\/dolores.ee\/lv\/product\/anna-lotan-clear-aktiva-maska-ar-dabigiem-naves-juras-dunam-90-g\/\",\"url\":\"https:\/\/dolores.ee\/lv\/product\/anna-lotan-clear-aktiva-maska-ar-dabigiem-naves-juras-dunam-90-g\/\",\"name\":\"Anna Lotan Clear Akt\u012bv\u0101 maska ar dab\u012bgiem N\u0101ves j\u016bras d\u016b\u0146\u0101m, 90 g ~ Dolores\",\"isPartOf\":{\"@id\":\"https:\/\/dolores.ee\/lv\/#website\"},\"primaryImageOfPage\":{\"@id\":\"https:\/\/dolores.ee\/lv\/product\/anna-lotan-clear-aktiva-maska-ar-dabigiem-naves-juras-dunam-90-g\/#primaryimage\"},\"image\":{\"@id\":\"https:\/\/dolores.ee\/lv\/product\/anna-lotan-clear-aktiva-maska-ar-dabigiem-naves-juras-dunam-90-g\/#primaryimage\"},\"thumbnailUrl\":\"https:\/\/dolores.ee\/wp-content\/uploads\/2020\/08\/767a_Black_Silt_90gr-scaled.jpg\",\"datePublished\":\"2020-08-13T09:59:14+00:00\",\"dateModified\":\"2025-07-01T08:06:08+00:00\",\"breadcrumb\":{\"@id\":\"https:\/\/dolores.ee\/lv\/product\/anna-lotan-clear-aktiva-maska-ar-dabigiem-naves-juras-dunam-90-g\/#breadcrumb\"},\"inLanguage\":\"lv-LV\",\"potentialAction\":[{\"@type\":\"ReadAction\",\"target\":[\"https:\/\/dolores.ee\/lv\/product\/anna-lotan-clear-aktiva-maska-ar-dabigiem-naves-juras-dunam-90-g\/\"]}]},{\"@type\":\"ImageObject\",\"inLanguage\":\"lv-LV\",\"@id\":\"https:\/\/dolores.ee\/lv\/product\/anna-lotan-clear-aktiva-maska-ar-dabigiem-naves-juras-dunam-90-g\/#primaryimage\",\"url\":\"https:\/\/dolores.ee\/wp-content\/uploads\/2020\/08\/767a_Black_Silt_90gr-scaled.jpg\",\"contentUrl\":\"https:\/\/dolores.ee\/wp-content\/uploads\/2020\/08\/767a_Black_Silt_90gr-scaled.jpg\",\"width\":863,\"height\":1920},{\"@type\":\"BreadcrumbList\",\"@id\":\"https:\/\/dolores.ee\/lv\/product\/anna-lotan-clear-aktiva-maska-ar-dabigiem-naves-juras-dunam-90-g\/#breadcrumb\",\"itemListElement\":[{\"@type\":\"ListItem\",\"position\":1,\"name\":\"Home\",\"item\":\"https:\/\/dolores.ee\/lv\/\"},{\"@type\":\"ListItem\",\"position\":2,\"name\":\"E-veikals\",\"item\":\"https:\/\/dolores.ee\/lv\/e-veikals\/\"},{\"@type\":\"ListItem\",\"position\":3,\"name\":\"Anna Lotan Clear Akt\u012bv\u0101 maska ar dab\u012bgiem N\u0101ves j\u016bras d\u016b\u0146\u0101m, 90 g\"}]},{\"@type\":\"WebSite\",\"@id\":\"https:\/\/dolores.ee\/lv\/#website\",\"url\":\"https:\/\/dolores.ee\/lv\/\",\"name\":\"Dolores e-pood\",\"description\":\"Beauty Shop\",\"publisher\":{\"@id\":\"https:\/\/dolores.ee\/lv\/#organization\"},\"alternateName\":\"Dolores\",\"potentialAction\":[{\"@type\":\"SearchAction\",\"target\":{\"@type\":\"EntryPoint\",\"urlTemplate\":\"https:\/\/dolores.ee\/lv\/?s={search_term_string}\"},\"query-input\":{\"@type\":\"PropertyValueSpecification\",\"valueRequired\":true,\"valueName\":\"search_term_string\"}}],\"inLanguage\":\"lv-LV\"},{\"@type\":\"Organization\",\"@id\":\"https:\/\/dolores.ee\/lv\/#organization\",\"name\":\"Dolores O\u00dc\",\"alternateName\":\"Dolores e-pood\",\"url\":\"https:\/\/dolores.ee\/lv\/\",\"logo\":{\"@type\":\"ImageObject\",\"inLanguage\":\"lv-LV\",\"@id\":\"https:\/\/dolores.ee\/lv\/#\/schema\/logo\/image\/\",\"url\":\"https:\/\/dolores.ee\/wp-content\/uploads\/2025\/04\/logo-1.jpg\",\"contentUrl\":\"https:\/\/dolores.ee\/wp-content\/uploads\/2025\/04\/logo-1.jpg\",\"width\":1951,\"height\":660,\"caption\":\"Dolores O\u00dc\"},\"image\":{\"@id\":\"https:\/\/dolores.ee\/lv\/#\/schema\/logo\/image\/\"},\"sameAs\":[\"https:\/\/www.facebook.com\/doloresepood\/\"],\"description\":\"Dolores.ee on kaasaegne veebipood, kust leiad tuntud kaubam\u00e4rkide \u2013 GIGI, Anna Lotan, Hikari, Hlavin \u2013 originaalkosmeetikat. Pakume kvaliteetseid hooldustooteid taskukohaste hindadega ja kiire kohaletoimetamisega \u00fcle Eesti. Nahahooldus pole kunagi olnud nii lihtne ja soodne!\",\"email\":\"dolores@dolores.ee\",\"telephone\":\"372 644 2440\",\"legalName\":\"Dolores O\u00dc\",\"foundingDate\":\"1998-02-09\",\"vatID\":\"EE100050280\",\"numberOfEmployees\":{\"@type\":\"QuantitativeValue\",\"minValue\":\"11\",\"maxValue\":\"50\"}}]}<\/script>\n<!-- \/ Yoast SEO Premium plugin. -->","yoast_head_json":{"title":"Anna Lotan Clear Akt\u012bv\u0101 maska ar dab\u012bgiem N\u0101ves j\u016bras d\u016b\u0146\u0101m, 90 g ~ Dolores","robots":{"index":"index","follow":"follow","max-snippet":"max-snippet:-1","max-image-preview":"max-image-preview:large","max-video-preview":"max-video-preview:-1"},"canonical":"https:\/\/dolores.ee\/lv\/product\/anna-lotan-clear-aktiva-maska-ar-dabigiem-naves-juras-dunam-90-g\/","og_locale":"lv_LV","og_type":"article","og_title":"Anna Lotan Clear Akt\u012bv\u0101 maska ar dab\u012bgiem N\u0101ves j\u016bras d\u016b\u0146\u0101m, 90 g","og_description":"Anna Lotan Clear Akt\u012bv\u0101 maska ar dab\u012bgiem N\u0101ves j\u016bras d\u016b\u0146\u0101m, 90 g","og_url":"https:\/\/dolores.ee\/lv\/product\/anna-lotan-clear-aktiva-maska-ar-dabigiem-naves-juras-dunam-90-g\/","og_site_name":"Dolores","article_publisher":"https:\/\/www.facebook.com\/doloresepood\/","article_modified_time":"2025-07-01T08:06:08+00:00","og_image":[{"width":1200,"height":675,"url":"https:\/\/dolores.ee\/wp-content\/uploads\/2025\/05\/seo.jpg","type":"image\/jpeg"}],"twitter_card":"summary_large_image","twitter_misc":{"Est. reading time":"1 minute"},"schema":{"@context":"https:\/\/schema.org","@graph":[{"@type":"WebPage","@id":"https:\/\/dolores.ee\/lv\/product\/anna-lotan-clear-aktiva-maska-ar-dabigiem-naves-juras-dunam-90-g\/","url":"https:\/\/dolores.ee\/lv\/product\/anna-lotan-clear-aktiva-maska-ar-dabigiem-naves-juras-dunam-90-g\/","name":"Anna Lotan Clear Akt\u012bv\u0101 maska ar dab\u012bgiem N\u0101ves j\u016bras d\u016b\u0146\u0101m, 90 g ~ Dolores","isPartOf":{"@id":"https:\/\/dolores.ee\/lv\/#website"},"primaryImageOfPage":{"@id":"https:\/\/dolores.ee\/lv\/product\/anna-lotan-clear-aktiva-maska-ar-dabigiem-naves-juras-dunam-90-g\/#primaryimage"},"image":{"@id":"https:\/\/dolores.ee\/lv\/product\/anna-lotan-clear-aktiva-maska-ar-dabigiem-naves-juras-dunam-90-g\/#primaryimage"},"thumbnailUrl":"https:\/\/dolores.ee\/wp-content\/uploads\/2020\/08\/767a_Black_Silt_90gr-scaled.jpg","datePublished":"2020-08-13T09:59:14+00:00","dateModified":"2025-07-01T08:06:08+00:00","breadcrumb":{"@id":"https:\/\/dolores.ee\/lv\/product\/anna-lotan-clear-aktiva-maska-ar-dabigiem-naves-juras-dunam-90-g\/#breadcrumb"},"inLanguage":"lv-LV","potentialAction":[{"@type":"ReadAction","target":["https:\/\/dolores.ee\/lv\/product\/anna-lotan-clear-aktiva-maska-ar-dabigiem-naves-juras-dunam-90-g\/"]}]},{"@type":"ImageObject","inLanguage":"lv-LV","@id":"https:\/\/dolores.ee\/lv\/product\/anna-lotan-clear-aktiva-maska-ar-dabigiem-naves-juras-dunam-90-g\/#primaryimage","url":"https:\/\/dolores.ee\/wp-content\/uploads\/2020\/08\/767a_Black_Silt_90gr-scaled.jpg","contentUrl":"https:\/\/dolores.ee\/wp-content\/uploads\/2020\/08\/767a_Black_Silt_90gr-scaled.jpg","width":863,"height":1920},{"@type":"BreadcrumbList","@id":"https:\/\/dolores.ee\/lv\/product\/anna-lotan-clear-aktiva-maska-ar-dabigiem-naves-juras-dunam-90-g\/#breadcrumb","itemListElement":[{"@type":"ListItem","position":1,"name":"Home","item":"https:\/\/dolores.ee\/lv\/"},{"@type":"ListItem","position":2,"name":"E-veikals","item":"https:\/\/dolores.ee\/lv\/e-veikals\/"},{"@type":"ListItem","position":3,"name":"Anna Lotan Clear Akt\u012bv\u0101 maska ar dab\u012bgiem N\u0101ves j\u016bras d\u016b\u0146\u0101m, 90 g"}]},{"@type":"WebSite","@id":"https:\/\/dolores.ee\/lv\/#website","url":"https:\/\/dolores.ee\/lv\/","name":"Dolores e-pood","description":"Beauty Shop","publisher":{"@id":"https:\/\/dolores.ee\/lv\/#organization"},"alternateName":"Dolores","potentialAction":[{"@type":"SearchAction","target":{"@type":"EntryPoint","urlTemplate":"https:\/\/dolores.ee\/lv\/?s={search_term_string}"},"query-input":{"@type":"PropertyValueSpecification","valueRequired":true,"valueName":"search_term_string"}}],"inLanguage":"lv-LV"},{"@type":"Organization","@id":"https:\/\/dolores.ee\/lv\/#organization","name":"Dolores O\u00dc","alternateName":"Dolores e-pood","url":"https:\/\/dolores.ee\/lv\/","logo":{"@type":"ImageObject","inLanguage":"lv-LV","@id":"https:\/\/dolores.ee\/lv\/#\/schema\/logo\/image\/","url":"https:\/\/dolores.ee\/wp-content\/uploads\/2025\/04\/logo-1.jpg","contentUrl":"https:\/\/dolores.ee\/wp-content\/uploads\/2025\/04\/logo-1.jpg","width":1951,"height":660,"caption":"Dolores O\u00dc"},"image":{"@id":"https:\/\/dolores.ee\/lv\/#\/schema\/logo\/image\/"},"sameAs":["https:\/\/www.facebook.com\/doloresepood\/"],"description":"Dolores.ee on kaasaegne veebipood, kust leiad tuntud kaubam\u00e4rkide \u2013 GIGI, Anna Lotan, Hikari, Hlavin \u2013 originaalkosmeetikat. Pakume kvaliteetseid hooldustooteid taskukohaste hindadega ja kiire kohaletoimetamisega \u00fcle Eesti. Nahahooldus pole kunagi olnud nii lihtne ja soodne!","email":"dolores@dolores.ee","telephone":"372 644 2440","legalName":"Dolores O\u00dc","foundingDate":"1998-02-09","vatID":"EE100050280","numberOfEmployees":{"@type":"QuantitativeValue","minValue":"11","maxValue":"50"}}]}},"_links":{"self":[{"href":"https:\/\/dolores.ee\/lv\/wp-json\/wp\/v2\/product\/998365","targetHints":{"allow":["GET"]}}],"collection":[{"href":"https:\/\/dolores.ee\/lv\/wp-json\/wp\/v2\/product"}],"about":[{"href":"https:\/\/dolores.ee\/lv\/wp-json\/wp\/v2\/types\/product"}],"replies":[{"embeddable":true,"href":"https:\/\/dolores.ee\/lv\/wp-json\/wp\/v2\/comments?post=998365"}],"version-history":[{"count":0,"href":"https:\/\/dolores.ee\/lv\/wp-json\/wp\/v2\/product\/998365\/revisions"}],"wp:featuredmedia":[{"embeddable":true,"href":"https:\/\/dolores.ee\/lv\/wp-json\/wp\/v2\/media\/539"}],"wp:attachment":[{"href":"https:\/\/dolores.ee\/lv\/wp-json\/wp\/v2\/media?parent=998365"}],"wp:term":[{"taxonomy":"product_brand","embeddable":true,"href":"https:\/\/dolores.ee\/lv\/wp-json\/wp\/v2\/product_brand?post=998365"},{"taxonomy":"product_cat","embeddable":true,"href":"https:\/\/dolores.ee\/lv\/wp-json\/wp\/v2\/product_cat?post=998365"},{"taxonomy":"product_tag","embeddable":true,"href":"https:\/\/dolores.ee\/lv\/wp-json\/wp\/v2\/product_tag?post=998365"},{"taxonomy":"giftcard-category","embeddable":true,"href":"https:\/\/dolores.ee\/lv\/wp-json\/wp\/v2\/giftcard-category?post=998365"}],"curies":[{"name":"wp","href":"https:\/\/api.w.org\/{rel}","templated":true}]}}