{"id":998373,"date":"2020-08-13T12:59:11","date_gmt":"2020-08-13T09:59:11","guid":{"rendered":"https:\/\/dolores.ee\/product\/anna-lotan-clear-sejas-skrubis-ar-ananasu-kristaliem-60-ml\/"},"modified":"2025-07-01T11:06:08","modified_gmt":"2025-07-01T08:06:08","slug":"anna-lotan-clear-sejas-skrubis-ar-ananasu-kristaliem-60-ml","status":"publish","type":"product","link":"https:\/\/dolores.ee\/lv\/product\/anna-lotan-clear-sejas-skrubis-ar-ananasu-kristaliem-60-ml\/","title":{"rendered":"Anna Lotan Clear sejas skrubis ar anan\u0101su krist\u0101liem, 60 ml"},"content":{"rendered":"<div class=\"vgblk-rw-wrapper limit-wrapper\">\n<p data-start=\"59\" data-end=\"429\">Patent\u0113ts dab\u012bgs produkts, kas ieg\u016bts no N\u0101ves j\u016bras miner\u0101liem. Paredz\u0113ts \u0101das virs\u0113jo sl\u0101\u0146u eksfoli\u0101cijai. Piem\u0113rots visiem \u0101das tipiem. Modul\u0101rs skrubis \u2013 t\u0101 t\u012bro\u0161o iedarb\u012bbu var piel\u0101got atkar\u012bb\u0101 no \u0101das jut\u012bguma, pievienojot \u016bdeni. Jojobas vasks ap\u0146em krist\u0101lus, m\u012bkstina \u0101du un regul\u0113 abrazivit\u0101ti.<\/p>\n<p data-start=\"431\" data-end=\"542\">S\u0101\u013cu eksfoli\u0113jo\u0161\u0101 iedarb\u012bba tiek aktiviz\u0113ta ar anan\u0101sa ekstraktu. Viegli \u0161\u0137\u012bst \u016bden\u012b, \u0101tri un \u0113rti nomazg\u0101jams.<\/p>\n<p data-start=\"544\" data-end=\"681\"><strong data-start=\"544\" data-end=\"558\">Lieto\u0161ana:<\/strong> Uzkl\u0101t nelielu daudzumu skrubja uz mitras sejas \u0101das, maigi mas\u0113t l\u012bdz krist\u0101li iz\u0161\u0137\u012bst. Noskalot ar lielu daudzumu \u016bdens.<\/p>\n<p data-start=\"683\" data-end=\"1151\"><strong data-start=\"683\" data-end=\"695\">Sast\u0101vs:<\/strong> <em>Maris Sal (N\u0101ves j\u016bras s\u0101\u013ci), Olus, Caprylic\/Capric Triglyceride, Cetyl Alcohol, Zea Mays (kukur\u016bzas) ciete, Cocos Nucifera (kokosriekstu) e\u013c\u013ca, Cetearyl Alcohol, Glyceryl Oleate, PEG-40 Sorbitan Peroleate, Laureth-4, Plantago Psyllium (ce\u013ctekas) s\u0113klu ekstrakts, Ananas Sativus (anan\u0101sa) aug\u013cu ekstrakts, Polygonum Fagopyrum (gri\u0137u) lapu ekstrakts, Calendula Officinalis (kli\u0146\u0123er\u012b\u0161u) ziedu ekstrakts, Tocopheryl Acetate (E vitam\u012bns), Parfum (smar\u017eviela).<\/em><\/p>\n<\/div>\n<p><!-- .vgblk-rw-wrapper --><\/p>\n","protected":false},"excerpt":{"rendered":"<p>Anna Lotan Clear sejas skrubis ar anan\u0101su krist\u0101liem, 60 ml<\/p>\n","protected":false},"featured_media":527,"comment_status":"open","ping_status":"closed","template":"","meta":[],"product_brand":[],"product_cat":[660,665,723,676,705],"product_tag":[],"giftcard-category":[],"class_list":{"0":"post-998373","1":"product","2":"type-product","3":"status-publish","4":"has-post-thumbnail","6":"product_cat-anna-lotan-lv","7":"product_cat-clear-lv","8":"product_cat-peelings","9":"product_cat-sale-lv","10":"product_cat-taukaina-ada","12":"first","13":"instock","14":"taxable","15":"shipping-taxable","16":"purchasable","17":"product-type-simple"},"yoast_head":"<!-- This site is optimized with the Yoast SEO Premium plugin v25.1 (Yoast SEO v25.7) - https:\/\/yoast.com\/wordpress\/plugins\/seo\/ -->\n<title>Anna Lotan Clear sejas skrubis ar anan\u0101su krist\u0101liem, 60 ml ~ Dolores<\/title>\n<meta name=\"robots\" content=\"index, follow, max-snippet:-1, max-image-preview:large, max-video-preview:-1\" \/>\n<link rel=\"canonical\" href=\"https:\/\/dolores.ee\/lv\/product\/anna-lotan-clear-sejas-skrubis-ar-ananasu-kristaliem-60-ml\/\" \/>\n<meta property=\"og:locale\" content=\"lv_LV\" \/>\n<meta property=\"og:type\" content=\"article\" \/>\n<meta property=\"og:title\" content=\"Anna Lotan Clear sejas skrubis ar anan\u0101su krist\u0101liem, 60 ml\" \/>\n<meta property=\"og:description\" content=\"Anna Lotan Clear sejas skrubis ar anan\u0101su krist\u0101liem, 60 ml\" \/>\n<meta property=\"og:url\" content=\"https:\/\/dolores.ee\/lv\/product\/anna-lotan-clear-sejas-skrubis-ar-ananasu-kristaliem-60-ml\/\" \/>\n<meta property=\"og:site_name\" content=\"Dolores\" \/>\n<meta property=\"article:publisher\" content=\"https:\/\/www.facebook.com\/doloresepood\/\" \/>\n<meta property=\"article:modified_time\" content=\"2025-07-01T08:06:08+00:00\" \/>\n<meta property=\"og:image\" content=\"https:\/\/dolores.ee\/wp-content\/uploads\/2025\/05\/seo.jpg\" \/>\n\t<meta property=\"og:image:width\" content=\"1200\" \/>\n\t<meta property=\"og:image:height\" content=\"675\" \/>\n\t<meta property=\"og:image:type\" content=\"image\/jpeg\" \/>\n<meta name=\"twitter:card\" content=\"summary_large_image\" \/>\n<meta name=\"twitter:label1\" content=\"Est. reading time\" \/>\n\t<meta name=\"twitter:data1\" content=\"1 minute\" \/>\n<script type=\"application\/ld+json\" class=\"yoast-schema-graph\">{\"@context\":\"https:\/\/schema.org\",\"@graph\":[{\"@type\":\"WebPage\",\"@id\":\"https:\/\/dolores.ee\/lv\/product\/anna-lotan-clear-sejas-skrubis-ar-ananasu-kristaliem-60-ml\/\",\"url\":\"https:\/\/dolores.ee\/lv\/product\/anna-lotan-clear-sejas-skrubis-ar-ananasu-kristaliem-60-ml\/\",\"name\":\"Anna Lotan Clear sejas skrubis ar anan\u0101su krist\u0101liem, 60 ml ~ Dolores\",\"isPartOf\":{\"@id\":\"https:\/\/dolores.ee\/lv\/#website\"},\"primaryImageOfPage\":{\"@id\":\"https:\/\/dolores.ee\/lv\/product\/anna-lotan-clear-sejas-skrubis-ar-ananasu-kristaliem-60-ml\/#primaryimage\"},\"image\":{\"@id\":\"https:\/\/dolores.ee\/lv\/product\/anna-lotan-clear-sejas-skrubis-ar-ananasu-kristaliem-60-ml\/#primaryimage\"},\"thumbnailUrl\":\"https:\/\/dolores.ee\/wp-content\/uploads\/2020\/08\/096a_Ananas_Crystal_Peel_60ml-scaled.jpg\",\"datePublished\":\"2020-08-13T09:59:11+00:00\",\"dateModified\":\"2025-07-01T08:06:08+00:00\",\"breadcrumb\":{\"@id\":\"https:\/\/dolores.ee\/lv\/product\/anna-lotan-clear-sejas-skrubis-ar-ananasu-kristaliem-60-ml\/#breadcrumb\"},\"inLanguage\":\"lv-LV\",\"potentialAction\":[{\"@type\":\"ReadAction\",\"target\":[\"https:\/\/dolores.ee\/lv\/product\/anna-lotan-clear-sejas-skrubis-ar-ananasu-kristaliem-60-ml\/\"]}]},{\"@type\":\"ImageObject\",\"inLanguage\":\"lv-LV\",\"@id\":\"https:\/\/dolores.ee\/lv\/product\/anna-lotan-clear-sejas-skrubis-ar-ananasu-kristaliem-60-ml\/#primaryimage\",\"url\":\"https:\/\/dolores.ee\/wp-content\/uploads\/2020\/08\/096a_Ananas_Crystal_Peel_60ml-scaled.jpg\",\"contentUrl\":\"https:\/\/dolores.ee\/wp-content\/uploads\/2020\/08\/096a_Ananas_Crystal_Peel_60ml-scaled.jpg\",\"width\":856,\"height\":1920},{\"@type\":\"BreadcrumbList\",\"@id\":\"https:\/\/dolores.ee\/lv\/product\/anna-lotan-clear-sejas-skrubis-ar-ananasu-kristaliem-60-ml\/#breadcrumb\",\"itemListElement\":[{\"@type\":\"ListItem\",\"position\":1,\"name\":\"Home\",\"item\":\"https:\/\/dolores.ee\/lv\/\"},{\"@type\":\"ListItem\",\"position\":2,\"name\":\"E-veikals\",\"item\":\"https:\/\/dolores.ee\/lv\/e-veikals\/\"},{\"@type\":\"ListItem\",\"position\":3,\"name\":\"Anna Lotan Clear sejas skrubis ar anan\u0101su krist\u0101liem, 60 ml\"}]},{\"@type\":\"WebSite\",\"@id\":\"https:\/\/dolores.ee\/lv\/#website\",\"url\":\"https:\/\/dolores.ee\/lv\/\",\"name\":\"Dolores e-pood\",\"description\":\"Beauty Shop\",\"publisher\":{\"@id\":\"https:\/\/dolores.ee\/lv\/#organization\"},\"alternateName\":\"Dolores\",\"potentialAction\":[{\"@type\":\"SearchAction\",\"target\":{\"@type\":\"EntryPoint\",\"urlTemplate\":\"https:\/\/dolores.ee\/lv\/?s={search_term_string}\"},\"query-input\":{\"@type\":\"PropertyValueSpecification\",\"valueRequired\":true,\"valueName\":\"search_term_string\"}}],\"inLanguage\":\"lv-LV\"},{\"@type\":\"Organization\",\"@id\":\"https:\/\/dolores.ee\/lv\/#organization\",\"name\":\"Dolores O\u00dc\",\"alternateName\":\"Dolores e-pood\",\"url\":\"https:\/\/dolores.ee\/lv\/\",\"logo\":{\"@type\":\"ImageObject\",\"inLanguage\":\"lv-LV\",\"@id\":\"https:\/\/dolores.ee\/lv\/#\/schema\/logo\/image\/\",\"url\":\"https:\/\/dolores.ee\/wp-content\/uploads\/2025\/04\/logo-1.jpg\",\"contentUrl\":\"https:\/\/dolores.ee\/wp-content\/uploads\/2025\/04\/logo-1.jpg\",\"width\":1951,\"height\":660,\"caption\":\"Dolores O\u00dc\"},\"image\":{\"@id\":\"https:\/\/dolores.ee\/lv\/#\/schema\/logo\/image\/\"},\"sameAs\":[\"https:\/\/www.facebook.com\/doloresepood\/\"],\"description\":\"Dolores.ee on kaasaegne veebipood, kust leiad tuntud kaubam\u00e4rkide \u2013 GIGI, Anna Lotan, Hikari, Hlavin \u2013 originaalkosmeetikat. Pakume kvaliteetseid hooldustooteid taskukohaste hindadega ja kiire kohaletoimetamisega \u00fcle Eesti. Nahahooldus pole kunagi olnud nii lihtne ja soodne!\",\"email\":\"dolores@dolores.ee\",\"telephone\":\"372 644 2440\",\"legalName\":\"Dolores O\u00dc\",\"foundingDate\":\"1998-02-09\",\"vatID\":\"EE100050280\",\"numberOfEmployees\":{\"@type\":\"QuantitativeValue\",\"minValue\":\"11\",\"maxValue\":\"50\"}}]}<\/script>\n<!-- \/ Yoast SEO Premium plugin. -->","yoast_head_json":{"title":"Anna Lotan Clear sejas skrubis ar anan\u0101su krist\u0101liem, 60 ml ~ Dolores","robots":{"index":"index","follow":"follow","max-snippet":"max-snippet:-1","max-image-preview":"max-image-preview:large","max-video-preview":"max-video-preview:-1"},"canonical":"https:\/\/dolores.ee\/lv\/product\/anna-lotan-clear-sejas-skrubis-ar-ananasu-kristaliem-60-ml\/","og_locale":"lv_LV","og_type":"article","og_title":"Anna Lotan Clear sejas skrubis ar anan\u0101su krist\u0101liem, 60 ml","og_description":"Anna Lotan Clear sejas skrubis ar anan\u0101su krist\u0101liem, 60 ml","og_url":"https:\/\/dolores.ee\/lv\/product\/anna-lotan-clear-sejas-skrubis-ar-ananasu-kristaliem-60-ml\/","og_site_name":"Dolores","article_publisher":"https:\/\/www.facebook.com\/doloresepood\/","article_modified_time":"2025-07-01T08:06:08+00:00","og_image":[{"width":1200,"height":675,"url":"https:\/\/dolores.ee\/wp-content\/uploads\/2025\/05\/seo.jpg","type":"image\/jpeg"}],"twitter_card":"summary_large_image","twitter_misc":{"Est. reading time":"1 minute"},"schema":{"@context":"https:\/\/schema.org","@graph":[{"@type":"WebPage","@id":"https:\/\/dolores.ee\/lv\/product\/anna-lotan-clear-sejas-skrubis-ar-ananasu-kristaliem-60-ml\/","url":"https:\/\/dolores.ee\/lv\/product\/anna-lotan-clear-sejas-skrubis-ar-ananasu-kristaliem-60-ml\/","name":"Anna Lotan Clear sejas skrubis ar anan\u0101su krist\u0101liem, 60 ml ~ Dolores","isPartOf":{"@id":"https:\/\/dolores.ee\/lv\/#website"},"primaryImageOfPage":{"@id":"https:\/\/dolores.ee\/lv\/product\/anna-lotan-clear-sejas-skrubis-ar-ananasu-kristaliem-60-ml\/#primaryimage"},"image":{"@id":"https:\/\/dolores.ee\/lv\/product\/anna-lotan-clear-sejas-skrubis-ar-ananasu-kristaliem-60-ml\/#primaryimage"},"thumbnailUrl":"https:\/\/dolores.ee\/wp-content\/uploads\/2020\/08\/096a_Ananas_Crystal_Peel_60ml-scaled.jpg","datePublished":"2020-08-13T09:59:11+00:00","dateModified":"2025-07-01T08:06:08+00:00","breadcrumb":{"@id":"https:\/\/dolores.ee\/lv\/product\/anna-lotan-clear-sejas-skrubis-ar-ananasu-kristaliem-60-ml\/#breadcrumb"},"inLanguage":"lv-LV","potentialAction":[{"@type":"ReadAction","target":["https:\/\/dolores.ee\/lv\/product\/anna-lotan-clear-sejas-skrubis-ar-ananasu-kristaliem-60-ml\/"]}]},{"@type":"ImageObject","inLanguage":"lv-LV","@id":"https:\/\/dolores.ee\/lv\/product\/anna-lotan-clear-sejas-skrubis-ar-ananasu-kristaliem-60-ml\/#primaryimage","url":"https:\/\/dolores.ee\/wp-content\/uploads\/2020\/08\/096a_Ananas_Crystal_Peel_60ml-scaled.jpg","contentUrl":"https:\/\/dolores.ee\/wp-content\/uploads\/2020\/08\/096a_Ananas_Crystal_Peel_60ml-scaled.jpg","width":856,"height":1920},{"@type":"BreadcrumbList","@id":"https:\/\/dolores.ee\/lv\/product\/anna-lotan-clear-sejas-skrubis-ar-ananasu-kristaliem-60-ml\/#breadcrumb","itemListElement":[{"@type":"ListItem","position":1,"name":"Home","item":"https:\/\/dolores.ee\/lv\/"},{"@type":"ListItem","position":2,"name":"E-veikals","item":"https:\/\/dolores.ee\/lv\/e-veikals\/"},{"@type":"ListItem","position":3,"name":"Anna Lotan Clear sejas skrubis ar anan\u0101su krist\u0101liem, 60 ml"}]},{"@type":"WebSite","@id":"https:\/\/dolores.ee\/lv\/#website","url":"https:\/\/dolores.ee\/lv\/","name":"Dolores e-pood","description":"Beauty Shop","publisher":{"@id":"https:\/\/dolores.ee\/lv\/#organization"},"alternateName":"Dolores","potentialAction":[{"@type":"SearchAction","target":{"@type":"EntryPoint","urlTemplate":"https:\/\/dolores.ee\/lv\/?s={search_term_string}"},"query-input":{"@type":"PropertyValueSpecification","valueRequired":true,"valueName":"search_term_string"}}],"inLanguage":"lv-LV"},{"@type":"Organization","@id":"https:\/\/dolores.ee\/lv\/#organization","name":"Dolores O\u00dc","alternateName":"Dolores e-pood","url":"https:\/\/dolores.ee\/lv\/","logo":{"@type":"ImageObject","inLanguage":"lv-LV","@id":"https:\/\/dolores.ee\/lv\/#\/schema\/logo\/image\/","url":"https:\/\/dolores.ee\/wp-content\/uploads\/2025\/04\/logo-1.jpg","contentUrl":"https:\/\/dolores.ee\/wp-content\/uploads\/2025\/04\/logo-1.jpg","width":1951,"height":660,"caption":"Dolores O\u00dc"},"image":{"@id":"https:\/\/dolores.ee\/lv\/#\/schema\/logo\/image\/"},"sameAs":["https:\/\/www.facebook.com\/doloresepood\/"],"description":"Dolores.ee on kaasaegne veebipood, kust leiad tuntud kaubam\u00e4rkide \u2013 GIGI, Anna Lotan, Hikari, Hlavin \u2013 originaalkosmeetikat. Pakume kvaliteetseid hooldustooteid taskukohaste hindadega ja kiire kohaletoimetamisega \u00fcle Eesti. Nahahooldus pole kunagi olnud nii lihtne ja soodne!","email":"dolores@dolores.ee","telephone":"372 644 2440","legalName":"Dolores O\u00dc","foundingDate":"1998-02-09","vatID":"EE100050280","numberOfEmployees":{"@type":"QuantitativeValue","minValue":"11","maxValue":"50"}}]}},"_links":{"self":[{"href":"https:\/\/dolores.ee\/lv\/wp-json\/wp\/v2\/product\/998373","targetHints":{"allow":["GET"]}}],"collection":[{"href":"https:\/\/dolores.ee\/lv\/wp-json\/wp\/v2\/product"}],"about":[{"href":"https:\/\/dolores.ee\/lv\/wp-json\/wp\/v2\/types\/product"}],"replies":[{"embeddable":true,"href":"https:\/\/dolores.ee\/lv\/wp-json\/wp\/v2\/comments?post=998373"}],"version-history":[{"count":0,"href":"https:\/\/dolores.ee\/lv\/wp-json\/wp\/v2\/product\/998373\/revisions"}],"wp:featuredmedia":[{"embeddable":true,"href":"https:\/\/dolores.ee\/lv\/wp-json\/wp\/v2\/media\/527"}],"wp:attachment":[{"href":"https:\/\/dolores.ee\/lv\/wp-json\/wp\/v2\/media?parent=998373"}],"wp:term":[{"taxonomy":"product_brand","embeddable":true,"href":"https:\/\/dolores.ee\/lv\/wp-json\/wp\/v2\/product_brand?post=998373"},{"taxonomy":"product_cat","embeddable":true,"href":"https:\/\/dolores.ee\/lv\/wp-json\/wp\/v2\/product_cat?post=998373"},{"taxonomy":"product_tag","embeddable":true,"href":"https:\/\/dolores.ee\/lv\/wp-json\/wp\/v2\/product_tag?post=998373"},{"taxonomy":"giftcard-category","embeddable":true,"href":"https:\/\/dolores.ee\/lv\/wp-json\/wp\/v2\/giftcard-category?post=998373"}],"curies":[{"name":"wp","href":"https:\/\/api.w.org\/{rel}","templated":true}]}}