{"id":998375,"date":"2020-08-13T12:59:10","date_gmt":"2020-08-13T09:59:10","guid":{"rendered":"https:\/\/dolores.ee\/product\/anna-lotan-clear-sejas-toniks-ar-propolisu-200-ml\/"},"modified":"2025-07-01T11:06:08","modified_gmt":"2025-07-01T08:06:08","slug":"anna-lotan-clear-sejas-toniks-ar-propolisu-200-ml","status":"publish","type":"product","link":"https:\/\/dolores.ee\/lv\/product\/anna-lotan-clear-sejas-toniks-ar-propolisu-200-ml\/","title":{"rendered":"Anna Lotan Clear sejas toniks ar propolisu, 200 ml"},"content":{"rendered":"<div class=\"vgblk-rw-wrapper limit-wrapper\">\n<p data-start=\"100\" data-end=\"332\">Sejas toniks ar propolisu ir lieliski piem\u0113rots problem\u0101tiskai \u0101dai. Piem\u0113rots gan aknes \u0101rst\u0113\u0161anai, gan profilaksei. Nesatur alkoholu, sint\u0113tiskas kr\u0101svielas vai smar\u017evielas.<\/p>\n<p data-start=\"334\" data-end=\"519\"><strong data-start=\"334\" data-end=\"347\">\u012apa\u0161\u012bbas:<\/strong> Propoliss darbojas antiseptiski, pal\u012bdz regul\u0113t tauku dziedzeru darb\u012bbu. \u012apa\u0161i \u0113rts produkts lieto\u0161anai m\u0101jas apst\u0101k\u013cos, \u012bpa\u0161i jaunie\u0161iem ar noslieci uz problem\u0101tisku \u0101du.<\/p>\n<p data-start=\"521\" data-end=\"605\"><strong data-start=\"521\" data-end=\"535\">Lieto\u0161ana:<\/strong> Uzkl\u0101t uz problem\u0101tiskaj\u0101m zon\u0101m 3\u20134 reizes dien\u0101 ar vates pl\u0101ksn\u012bti.<\/p>\n<p data-start=\"607\" data-end=\"910\"><strong data-start=\"607\" data-end=\"619\">Sast\u0101vs:<\/strong> <em>Aqua (\u016bdens), j\u016bras \u016bdens (N\u0101ves j\u016bras miner\u0101l\u016bdens), glicer\u012bns, butil\u0113nglikols, Hamamelis Virginiana (burvjlazdas) ekstrakts, Polygonum Aviculare (putraimu s\u012bpeste) ekstrakts, Camellia Sinensis (za\u013c\u0101s t\u0113jas) lapu ekstrakts, Propolisa ekstrakts, Gluconolactone, Sodium Benzoate, Allanto\u012bns.<\/em><\/p>\n<\/div>\n<p><!-- .vgblk-rw-wrapper --><\/p>\n","protected":false},"excerpt":{"rendered":"<p>Anna Lotan Clear sejas toniks ar propolisu, 200 ml<\/p>\n","protected":false},"featured_media":519,"comment_status":"open","ping_status":"closed","template":"","meta":[],"product_brand":[],"product_cat":[660,665,676,705,729],"product_tag":[],"giftcard-category":[],"class_list":{"0":"post-998375","1":"product","2":"type-product","3":"status-publish","4":"has-post-thumbnail","6":"product_cat-anna-lotan-lv","7":"product_cat-clear-lv","8":"product_cat-sale-lv","9":"product_cat-taukaina-ada","10":"product_cat-toneri-losjoni","12":"first","13":"instock","14":"taxable","15":"shipping-taxable","16":"purchasable","17":"product-type-simple"},"yoast_head":"<!-- This site is optimized with the Yoast SEO Premium plugin v25.1 (Yoast SEO v25.7) - https:\/\/yoast.com\/wordpress\/plugins\/seo\/ -->\n<title>Anna Lotan Clear sejas toniks ar propolisu, 200 ml ~ Dolores<\/title>\n<meta name=\"robots\" content=\"index, follow, max-snippet:-1, max-image-preview:large, max-video-preview:-1\" \/>\n<link rel=\"canonical\" href=\"https:\/\/dolores.ee\/lv\/product\/anna-lotan-clear-sejas-toniks-ar-propolisu-200-ml\/\" \/>\n<meta property=\"og:locale\" content=\"lv_LV\" \/>\n<meta property=\"og:type\" content=\"article\" \/>\n<meta property=\"og:title\" content=\"Anna Lotan Clear sejas toniks ar propolisu, 200 ml\" \/>\n<meta property=\"og:description\" content=\"Anna Lotan Clear sejas toniks ar propolisu, 200 ml\" \/>\n<meta property=\"og:url\" content=\"https:\/\/dolores.ee\/lv\/product\/anna-lotan-clear-sejas-toniks-ar-propolisu-200-ml\/\" \/>\n<meta property=\"og:site_name\" content=\"Dolores\" \/>\n<meta property=\"article:publisher\" content=\"https:\/\/www.facebook.com\/doloresepood\/\" \/>\n<meta property=\"article:modified_time\" content=\"2025-07-01T08:06:08+00:00\" \/>\n<meta property=\"og:image\" content=\"https:\/\/dolores.ee\/wp-content\/uploads\/2025\/05\/seo.jpg\" \/>\n\t<meta property=\"og:image:width\" content=\"1200\" \/>\n\t<meta property=\"og:image:height\" content=\"675\" \/>\n\t<meta property=\"og:image:type\" content=\"image\/jpeg\" \/>\n<meta name=\"twitter:card\" content=\"summary_large_image\" \/>\n<meta name=\"twitter:label1\" content=\"Est. reading time\" \/>\n\t<meta name=\"twitter:data1\" content=\"1 minute\" \/>\n<script type=\"application\/ld+json\" class=\"yoast-schema-graph\">{\"@context\":\"https:\/\/schema.org\",\"@graph\":[{\"@type\":\"WebPage\",\"@id\":\"https:\/\/dolores.ee\/lv\/product\/anna-lotan-clear-sejas-toniks-ar-propolisu-200-ml\/\",\"url\":\"https:\/\/dolores.ee\/lv\/product\/anna-lotan-clear-sejas-toniks-ar-propolisu-200-ml\/\",\"name\":\"Anna Lotan Clear sejas toniks ar propolisu, 200 ml ~ Dolores\",\"isPartOf\":{\"@id\":\"https:\/\/dolores.ee\/lv\/#website\"},\"primaryImageOfPage\":{\"@id\":\"https:\/\/dolores.ee\/lv\/product\/anna-lotan-clear-sejas-toniks-ar-propolisu-200-ml\/#primaryimage\"},\"image\":{\"@id\":\"https:\/\/dolores.ee\/lv\/product\/anna-lotan-clear-sejas-toniks-ar-propolisu-200-ml\/#primaryimage\"},\"thumbnailUrl\":\"https:\/\/dolores.ee\/wp-content\/uploads\/2020\/08\/013a_Propolis_Lotion_200ml-scaled.jpg\",\"datePublished\":\"2020-08-13T09:59:10+00:00\",\"dateModified\":\"2025-07-01T08:06:08+00:00\",\"breadcrumb\":{\"@id\":\"https:\/\/dolores.ee\/lv\/product\/anna-lotan-clear-sejas-toniks-ar-propolisu-200-ml\/#breadcrumb\"},\"inLanguage\":\"lv-LV\",\"potentialAction\":[{\"@type\":\"ReadAction\",\"target\":[\"https:\/\/dolores.ee\/lv\/product\/anna-lotan-clear-sejas-toniks-ar-propolisu-200-ml\/\"]}]},{\"@type\":\"ImageObject\",\"inLanguage\":\"lv-LV\",\"@id\":\"https:\/\/dolores.ee\/lv\/product\/anna-lotan-clear-sejas-toniks-ar-propolisu-200-ml\/#primaryimage\",\"url\":\"https:\/\/dolores.ee\/wp-content\/uploads\/2020\/08\/013a_Propolis_Lotion_200ml-scaled.jpg\",\"contentUrl\":\"https:\/\/dolores.ee\/wp-content\/uploads\/2020\/08\/013a_Propolis_Lotion_200ml-scaled.jpg\",\"width\":758,\"height\":1920},{\"@type\":\"BreadcrumbList\",\"@id\":\"https:\/\/dolores.ee\/lv\/product\/anna-lotan-clear-sejas-toniks-ar-propolisu-200-ml\/#breadcrumb\",\"itemListElement\":[{\"@type\":\"ListItem\",\"position\":1,\"name\":\"Home\",\"item\":\"https:\/\/dolores.ee\/lv\/\"},{\"@type\":\"ListItem\",\"position\":2,\"name\":\"E-veikals\",\"item\":\"https:\/\/dolores.ee\/lv\/e-veikals\/\"},{\"@type\":\"ListItem\",\"position\":3,\"name\":\"Anna Lotan Clear sejas toniks ar propolisu, 200 ml\"}]},{\"@type\":\"WebSite\",\"@id\":\"https:\/\/dolores.ee\/lv\/#website\",\"url\":\"https:\/\/dolores.ee\/lv\/\",\"name\":\"Dolores e-pood\",\"description\":\"Beauty Shop\",\"publisher\":{\"@id\":\"https:\/\/dolores.ee\/lv\/#organization\"},\"alternateName\":\"Dolores\",\"potentialAction\":[{\"@type\":\"SearchAction\",\"target\":{\"@type\":\"EntryPoint\",\"urlTemplate\":\"https:\/\/dolores.ee\/lv\/?s={search_term_string}\"},\"query-input\":{\"@type\":\"PropertyValueSpecification\",\"valueRequired\":true,\"valueName\":\"search_term_string\"}}],\"inLanguage\":\"lv-LV\"},{\"@type\":\"Organization\",\"@id\":\"https:\/\/dolores.ee\/lv\/#organization\",\"name\":\"Dolores O\u00dc\",\"alternateName\":\"Dolores e-pood\",\"url\":\"https:\/\/dolores.ee\/lv\/\",\"logo\":{\"@type\":\"ImageObject\",\"inLanguage\":\"lv-LV\",\"@id\":\"https:\/\/dolores.ee\/lv\/#\/schema\/logo\/image\/\",\"url\":\"https:\/\/dolores.ee\/wp-content\/uploads\/2025\/04\/logo-1.jpg\",\"contentUrl\":\"https:\/\/dolores.ee\/wp-content\/uploads\/2025\/04\/logo-1.jpg\",\"width\":1951,\"height\":660,\"caption\":\"Dolores O\u00dc\"},\"image\":{\"@id\":\"https:\/\/dolores.ee\/lv\/#\/schema\/logo\/image\/\"},\"sameAs\":[\"https:\/\/www.facebook.com\/doloresepood\/\"],\"description\":\"Dolores.ee on kaasaegne veebipood, kust leiad tuntud kaubam\u00e4rkide \u2013 GIGI, Anna Lotan, Hikari, Hlavin \u2013 originaalkosmeetikat. Pakume kvaliteetseid hooldustooteid taskukohaste hindadega ja kiire kohaletoimetamisega \u00fcle Eesti. Nahahooldus pole kunagi olnud nii lihtne ja soodne!\",\"email\":\"dolores@dolores.ee\",\"telephone\":\"372 644 2440\",\"legalName\":\"Dolores O\u00dc\",\"foundingDate\":\"1998-02-09\",\"vatID\":\"EE100050280\",\"numberOfEmployees\":{\"@type\":\"QuantitativeValue\",\"minValue\":\"11\",\"maxValue\":\"50\"}}]}<\/script>\n<!-- \/ Yoast SEO Premium plugin. -->","yoast_head_json":{"title":"Anna Lotan Clear sejas toniks ar propolisu, 200 ml ~ Dolores","robots":{"index":"index","follow":"follow","max-snippet":"max-snippet:-1","max-image-preview":"max-image-preview:large","max-video-preview":"max-video-preview:-1"},"canonical":"https:\/\/dolores.ee\/lv\/product\/anna-lotan-clear-sejas-toniks-ar-propolisu-200-ml\/","og_locale":"lv_LV","og_type":"article","og_title":"Anna Lotan Clear sejas toniks ar propolisu, 200 ml","og_description":"Anna Lotan Clear sejas toniks ar propolisu, 200 ml","og_url":"https:\/\/dolores.ee\/lv\/product\/anna-lotan-clear-sejas-toniks-ar-propolisu-200-ml\/","og_site_name":"Dolores","article_publisher":"https:\/\/www.facebook.com\/doloresepood\/","article_modified_time":"2025-07-01T08:06:08+00:00","og_image":[{"width":1200,"height":675,"url":"https:\/\/dolores.ee\/wp-content\/uploads\/2025\/05\/seo.jpg","type":"image\/jpeg"}],"twitter_card":"summary_large_image","twitter_misc":{"Est. reading time":"1 minute"},"schema":{"@context":"https:\/\/schema.org","@graph":[{"@type":"WebPage","@id":"https:\/\/dolores.ee\/lv\/product\/anna-lotan-clear-sejas-toniks-ar-propolisu-200-ml\/","url":"https:\/\/dolores.ee\/lv\/product\/anna-lotan-clear-sejas-toniks-ar-propolisu-200-ml\/","name":"Anna Lotan Clear sejas toniks ar propolisu, 200 ml ~ Dolores","isPartOf":{"@id":"https:\/\/dolores.ee\/lv\/#website"},"primaryImageOfPage":{"@id":"https:\/\/dolores.ee\/lv\/product\/anna-lotan-clear-sejas-toniks-ar-propolisu-200-ml\/#primaryimage"},"image":{"@id":"https:\/\/dolores.ee\/lv\/product\/anna-lotan-clear-sejas-toniks-ar-propolisu-200-ml\/#primaryimage"},"thumbnailUrl":"https:\/\/dolores.ee\/wp-content\/uploads\/2020\/08\/013a_Propolis_Lotion_200ml-scaled.jpg","datePublished":"2020-08-13T09:59:10+00:00","dateModified":"2025-07-01T08:06:08+00:00","breadcrumb":{"@id":"https:\/\/dolores.ee\/lv\/product\/anna-lotan-clear-sejas-toniks-ar-propolisu-200-ml\/#breadcrumb"},"inLanguage":"lv-LV","potentialAction":[{"@type":"ReadAction","target":["https:\/\/dolores.ee\/lv\/product\/anna-lotan-clear-sejas-toniks-ar-propolisu-200-ml\/"]}]},{"@type":"ImageObject","inLanguage":"lv-LV","@id":"https:\/\/dolores.ee\/lv\/product\/anna-lotan-clear-sejas-toniks-ar-propolisu-200-ml\/#primaryimage","url":"https:\/\/dolores.ee\/wp-content\/uploads\/2020\/08\/013a_Propolis_Lotion_200ml-scaled.jpg","contentUrl":"https:\/\/dolores.ee\/wp-content\/uploads\/2020\/08\/013a_Propolis_Lotion_200ml-scaled.jpg","width":758,"height":1920},{"@type":"BreadcrumbList","@id":"https:\/\/dolores.ee\/lv\/product\/anna-lotan-clear-sejas-toniks-ar-propolisu-200-ml\/#breadcrumb","itemListElement":[{"@type":"ListItem","position":1,"name":"Home","item":"https:\/\/dolores.ee\/lv\/"},{"@type":"ListItem","position":2,"name":"E-veikals","item":"https:\/\/dolores.ee\/lv\/e-veikals\/"},{"@type":"ListItem","position":3,"name":"Anna Lotan Clear sejas toniks ar propolisu, 200 ml"}]},{"@type":"WebSite","@id":"https:\/\/dolores.ee\/lv\/#website","url":"https:\/\/dolores.ee\/lv\/","name":"Dolores e-pood","description":"Beauty Shop","publisher":{"@id":"https:\/\/dolores.ee\/lv\/#organization"},"alternateName":"Dolores","potentialAction":[{"@type":"SearchAction","target":{"@type":"EntryPoint","urlTemplate":"https:\/\/dolores.ee\/lv\/?s={search_term_string}"},"query-input":{"@type":"PropertyValueSpecification","valueRequired":true,"valueName":"search_term_string"}}],"inLanguage":"lv-LV"},{"@type":"Organization","@id":"https:\/\/dolores.ee\/lv\/#organization","name":"Dolores O\u00dc","alternateName":"Dolores e-pood","url":"https:\/\/dolores.ee\/lv\/","logo":{"@type":"ImageObject","inLanguage":"lv-LV","@id":"https:\/\/dolores.ee\/lv\/#\/schema\/logo\/image\/","url":"https:\/\/dolores.ee\/wp-content\/uploads\/2025\/04\/logo-1.jpg","contentUrl":"https:\/\/dolores.ee\/wp-content\/uploads\/2025\/04\/logo-1.jpg","width":1951,"height":660,"caption":"Dolores O\u00dc"},"image":{"@id":"https:\/\/dolores.ee\/lv\/#\/schema\/logo\/image\/"},"sameAs":["https:\/\/www.facebook.com\/doloresepood\/"],"description":"Dolores.ee on kaasaegne veebipood, kust leiad tuntud kaubam\u00e4rkide \u2013 GIGI, Anna Lotan, Hikari, Hlavin \u2013 originaalkosmeetikat. Pakume kvaliteetseid hooldustooteid taskukohaste hindadega ja kiire kohaletoimetamisega \u00fcle Eesti. Nahahooldus pole kunagi olnud nii lihtne ja soodne!","email":"dolores@dolores.ee","telephone":"372 644 2440","legalName":"Dolores O\u00dc","foundingDate":"1998-02-09","vatID":"EE100050280","numberOfEmployees":{"@type":"QuantitativeValue","minValue":"11","maxValue":"50"}}]}},"_links":{"self":[{"href":"https:\/\/dolores.ee\/lv\/wp-json\/wp\/v2\/product\/998375","targetHints":{"allow":["GET"]}}],"collection":[{"href":"https:\/\/dolores.ee\/lv\/wp-json\/wp\/v2\/product"}],"about":[{"href":"https:\/\/dolores.ee\/lv\/wp-json\/wp\/v2\/types\/product"}],"replies":[{"embeddable":true,"href":"https:\/\/dolores.ee\/lv\/wp-json\/wp\/v2\/comments?post=998375"}],"version-history":[{"count":0,"href":"https:\/\/dolores.ee\/lv\/wp-json\/wp\/v2\/product\/998375\/revisions"}],"wp:featuredmedia":[{"embeddable":true,"href":"https:\/\/dolores.ee\/lv\/wp-json\/wp\/v2\/media\/519"}],"wp:attachment":[{"href":"https:\/\/dolores.ee\/lv\/wp-json\/wp\/v2\/media?parent=998375"}],"wp:term":[{"taxonomy":"product_brand","embeddable":true,"href":"https:\/\/dolores.ee\/lv\/wp-json\/wp\/v2\/product_brand?post=998375"},{"taxonomy":"product_cat","embeddable":true,"href":"https:\/\/dolores.ee\/lv\/wp-json\/wp\/v2\/product_cat?post=998375"},{"taxonomy":"product_tag","embeddable":true,"href":"https:\/\/dolores.ee\/lv\/wp-json\/wp\/v2\/product_tag?post=998375"},{"taxonomy":"giftcard-category","embeddable":true,"href":"https:\/\/dolores.ee\/lv\/wp-json\/wp\/v2\/giftcard-category?post=998375"}],"curies":[{"name":"wp","href":"https:\/\/api.w.org\/{rel}","templated":true}]}}