{"id":998379,"date":"2020-08-13T12:59:08","date_gmt":"2020-08-13T09:59:08","guid":{"rendered":"https:\/\/dolores.ee\/product\/anna-lotan-clear-atri-zustoss-putisu-pretpiedeguma-lidzeklis-tumss-30-ml\/"},"modified":"2025-12-01T13:42:45","modified_gmt":"2025-12-01T11:42:45","slug":"anna-lotan-clear-atri-zustoss-putisu-pretpiedeguma-lidzeklis-tumss-30-ml","status":"publish","type":"product","link":"https:\/\/dolores.ee\/lv\/product\/anna-lotan-clear-atri-zustoss-putisu-pretpiedeguma-lidzeklis-tumss-30-ml\/","title":{"rendered":"Anna Lotan Clear \u0100tri \u017e\u016bsto\u0161s p\u016bt\u012b\u0161u pretpiedeguma l\u012bdzeklis (tum\u0161s), 30 ml"},"content":{"rendered":"<div class=\"vgblk-rw-wrapper limit-wrapper\">\n<p data-start=\"66\" data-end=\"330\">\u0100tri \u017e\u016bsto\u0161s losjons problem\u0101tiskai un taukainai \u0101dai ar N\u0101ves j\u016bras miner\u0101liem, paredz\u0113ts p\u016bt\u012b\u0161u \u0101rst\u0113\u0161anai nakts laik\u0101. Nomierina aps\u0101rtumu un atst\u0101j \u0101du mat\u0113tu. Nesatur parab\u0113nus.<\/p>\n<p data-start=\"332\" data-end=\"466\"><strong data-start=\"332\" data-end=\"346\">Lieto\u0161ana:<\/strong> Uzkl\u0101t vakar\u0101 uz attiec\u012bgaj\u0101m viet\u0101m un atst\u0101t uz nakti. Var izjust vieglu k\u0146ud\u0113\u0161anu. Pirms lieto\u0161anas r\u016bp\u012bgi sakrat\u012bt.<\/p>\n<p data-start=\"468\" data-end=\"950\"><strong data-start=\"468\" data-end=\"480\">Sast\u0101vs:<\/strong> <em>Aqua (\u016bdens), Kalam\u012bns, Cinka oks\u012bds, Alkohols, Kaol\u012bns, J\u016bras s\u0101ls, PEG-40 Hidrogen\u0113ts raga e\u013c\u013cas esters, Propil\u0113nglikols, Fenoksietanols, Ehin\u0101cejas purpurs (Echinacea purpurea) ekstrakts, Magnija alum\u012bnija silik\u0101ts, Hamamelis virginiana (burvjlazdas) miza ekstrakts, Allanto\u012bns, Linalools, Etilheksilglicer\u012bns, Lavandas (Lavandula angustifolia) e\u013c\u013ca, Salvia sclarea (kl\u0113rija) e\u013c\u013ca, Timi\u0101na (Thymus vulgaris) e\u013c\u013ca, Geraniols, Limon\u0113ns, Tit\u0101na dioks\u012bds, Dzelzs oks\u012bdi.<\/em><\/p>\n<\/div>\n<p><!-- .vgblk-rw-wrapper --><\/p>\n","protected":false},"excerpt":{"rendered":"<p>Anna Lotan Clear \u0100tri \u017e\u016bsto\u0161s p\u016bt\u012b\u0161u pretpiedeguma l\u012bdzeklis (tum\u0161s), 30 ml<\/p>\n","protected":false},"featured_media":511,"comment_status":"open","ping_status":"closed","template":"","meta":[],"product_brand":[],"product_cat":[660,665,685,676,705],"product_tag":[],"giftcard-category":[],"class_list":{"0":"post-998379","1":"product","2":"type-product","3":"status-publish","4":"has-post-thumbnail","6":"product_cat-anna-lotan-lv","7":"product_cat-clear-lv","8":"product_cat-proceduras","9":"product_cat-sale-lv","10":"product_cat-taukaina-ada","12":"first","13":"instock","14":"taxable","15":"shipping-taxable","16":"purchasable","17":"product-type-simple"},"yoast_head":"<!-- This site is optimized with the Yoast SEO Premium plugin v25.1 (Yoast SEO v25.7) - https:\/\/yoast.com\/wordpress\/plugins\/seo\/ -->\n<title>Anna Lotan Clear \u0100tri \u017e\u016bsto\u0161s p\u016bt\u012b\u0161u pretpiedeguma l\u012bdzeklis (tum\u0161s), 30 ml ~ Dolores<\/title>\n<meta name=\"robots\" content=\"index, follow, max-snippet:-1, max-image-preview:large, max-video-preview:-1\" \/>\n<link rel=\"canonical\" href=\"https:\/\/dolores.ee\/lv\/product\/anna-lotan-clear-atri-zustoss-putisu-pretpiedeguma-lidzeklis-tumss-30-ml\/\" \/>\n<meta property=\"og:locale\" content=\"lv_LV\" \/>\n<meta property=\"og:type\" content=\"article\" \/>\n<meta property=\"og:title\" content=\"Anna Lotan Clear \u0100tri \u017e\u016bsto\u0161s p\u016bt\u012b\u0161u pretpiedeguma l\u012bdzeklis (tum\u0161s), 30 ml\" \/>\n<meta property=\"og:description\" content=\"Anna Lotan Clear \u0100tri \u017e\u016bsto\u0161s p\u016bt\u012b\u0161u pretpiedeguma l\u012bdzeklis (tum\u0161s), 30 ml\" \/>\n<meta property=\"og:url\" content=\"https:\/\/dolores.ee\/lv\/product\/anna-lotan-clear-atri-zustoss-putisu-pretpiedeguma-lidzeklis-tumss-30-ml\/\" \/>\n<meta property=\"og:site_name\" content=\"Dolores\" \/>\n<meta property=\"article:publisher\" content=\"https:\/\/www.facebook.com\/doloresepood\/\" \/>\n<meta property=\"article:modified_time\" content=\"2025-12-01T11:42:45+00:00\" \/>\n<meta property=\"og:image\" content=\"https:\/\/dolores.ee\/wp-content\/uploads\/2025\/05\/seo.jpg\" \/>\n\t<meta property=\"og:image:width\" content=\"1200\" \/>\n\t<meta property=\"og:image:height\" content=\"675\" \/>\n\t<meta property=\"og:image:type\" content=\"image\/jpeg\" \/>\n<meta name=\"twitter:card\" content=\"summary_large_image\" \/>\n<meta name=\"twitter:label1\" content=\"Est. reading time\" \/>\n\t<meta name=\"twitter:data1\" content=\"1 minute\" \/>\n<script type=\"application\/ld+json\" class=\"yoast-schema-graph\">{\"@context\":\"https:\/\/schema.org\",\"@graph\":[{\"@type\":\"WebPage\",\"@id\":\"https:\/\/dolores.ee\/lv\/product\/anna-lotan-clear-atri-zustoss-putisu-pretpiedeguma-lidzeklis-tumss-30-ml\/\",\"url\":\"https:\/\/dolores.ee\/lv\/product\/anna-lotan-clear-atri-zustoss-putisu-pretpiedeguma-lidzeklis-tumss-30-ml\/\",\"name\":\"Anna Lotan Clear \u0100tri \u017e\u016bsto\u0161s p\u016bt\u012b\u0161u pretpiedeguma l\u012bdzeklis (tum\u0161s), 30 ml ~ Dolores\",\"isPartOf\":{\"@id\":\"https:\/\/dolores.ee\/lv\/#website\"},\"primaryImageOfPage\":{\"@id\":\"https:\/\/dolores.ee\/lv\/product\/anna-lotan-clear-atri-zustoss-putisu-pretpiedeguma-lidzeklis-tumss-30-ml\/#primaryimage\"},\"image\":{\"@id\":\"https:\/\/dolores.ee\/lv\/product\/anna-lotan-clear-atri-zustoss-putisu-pretpiedeguma-lidzeklis-tumss-30-ml\/#primaryimage\"},\"thumbnailUrl\":\"https:\/\/dolores.ee\/wp-content\/uploads\/2020\/08\/010.jpg\",\"datePublished\":\"2020-08-13T09:59:08+00:00\",\"dateModified\":\"2025-12-01T11:42:45+00:00\",\"breadcrumb\":{\"@id\":\"https:\/\/dolores.ee\/lv\/product\/anna-lotan-clear-atri-zustoss-putisu-pretpiedeguma-lidzeklis-tumss-30-ml\/#breadcrumb\"},\"inLanguage\":\"lv-LV\",\"potentialAction\":[{\"@type\":\"ReadAction\",\"target\":[\"https:\/\/dolores.ee\/lv\/product\/anna-lotan-clear-atri-zustoss-putisu-pretpiedeguma-lidzeklis-tumss-30-ml\/\"]}]},{\"@type\":\"ImageObject\",\"inLanguage\":\"lv-LV\",\"@id\":\"https:\/\/dolores.ee\/lv\/product\/anna-lotan-clear-atri-zustoss-putisu-pretpiedeguma-lidzeklis-tumss-30-ml\/#primaryimage\",\"url\":\"https:\/\/dolores.ee\/wp-content\/uploads\/2020\/08\/010.jpg\",\"contentUrl\":\"https:\/\/dolores.ee\/wp-content\/uploads\/2020\/08\/010.jpg\",\"width\":330,\"height\":400},{\"@type\":\"BreadcrumbList\",\"@id\":\"https:\/\/dolores.ee\/lv\/product\/anna-lotan-clear-atri-zustoss-putisu-pretpiedeguma-lidzeklis-tumss-30-ml\/#breadcrumb\",\"itemListElement\":[{\"@type\":\"ListItem\",\"position\":1,\"name\":\"Home\",\"item\":\"https:\/\/dolores.ee\/lv\/\"},{\"@type\":\"ListItem\",\"position\":2,\"name\":\"E-veikals\",\"item\":\"https:\/\/dolores.ee\/lv\/e-veikals\/\"},{\"@type\":\"ListItem\",\"position\":3,\"name\":\"Anna Lotan Clear \u0100tri \u017e\u016bsto\u0161s p\u016bt\u012b\u0161u pretpiedeguma l\u012bdzeklis (tum\u0161s), 30 ml\"}]},{\"@type\":\"WebSite\",\"@id\":\"https:\/\/dolores.ee\/lv\/#website\",\"url\":\"https:\/\/dolores.ee\/lv\/\",\"name\":\"Dolores e-pood\",\"description\":\"Beauty Shop\",\"publisher\":{\"@id\":\"https:\/\/dolores.ee\/lv\/#organization\"},\"alternateName\":\"Dolores\",\"potentialAction\":[{\"@type\":\"SearchAction\",\"target\":{\"@type\":\"EntryPoint\",\"urlTemplate\":\"https:\/\/dolores.ee\/lv\/?s={search_term_string}\"},\"query-input\":{\"@type\":\"PropertyValueSpecification\",\"valueRequired\":true,\"valueName\":\"search_term_string\"}}],\"inLanguage\":\"lv-LV\"},{\"@type\":\"Organization\",\"@id\":\"https:\/\/dolores.ee\/lv\/#organization\",\"name\":\"Dolores O\u00dc\",\"alternateName\":\"Dolores e-pood\",\"url\":\"https:\/\/dolores.ee\/lv\/\",\"logo\":{\"@type\":\"ImageObject\",\"inLanguage\":\"lv-LV\",\"@id\":\"https:\/\/dolores.ee\/lv\/#\/schema\/logo\/image\/\",\"url\":\"https:\/\/dolores.ee\/wp-content\/uploads\/2025\/04\/logo-1.jpg\",\"contentUrl\":\"https:\/\/dolores.ee\/wp-content\/uploads\/2025\/04\/logo-1.jpg\",\"width\":1951,\"height\":660,\"caption\":\"Dolores O\u00dc\"},\"image\":{\"@id\":\"https:\/\/dolores.ee\/lv\/#\/schema\/logo\/image\/\"},\"sameAs\":[\"https:\/\/www.facebook.com\/doloresepood\/\"],\"description\":\"Dolores.ee on kaasaegne veebipood, kust leiad tuntud kaubam\u00e4rkide \u2013 GIGI, Anna Lotan, Hikari, Hlavin \u2013 originaalkosmeetikat. Pakume kvaliteetseid hooldustooteid taskukohaste hindadega ja kiire kohaletoimetamisega \u00fcle Eesti. Nahahooldus pole kunagi olnud nii lihtne ja soodne!\",\"email\":\"dolores@dolores.ee\",\"telephone\":\"372 644 2440\",\"legalName\":\"Dolores O\u00dc\",\"foundingDate\":\"1998-02-09\",\"vatID\":\"EE100050280\",\"numberOfEmployees\":{\"@type\":\"QuantitativeValue\",\"minValue\":\"11\",\"maxValue\":\"50\"}}]}<\/script>\n<!-- \/ Yoast SEO Premium plugin. -->","yoast_head_json":{"title":"Anna Lotan Clear \u0100tri \u017e\u016bsto\u0161s p\u016bt\u012b\u0161u pretpiedeguma l\u012bdzeklis (tum\u0161s), 30 ml ~ Dolores","robots":{"index":"index","follow":"follow","max-snippet":"max-snippet:-1","max-image-preview":"max-image-preview:large","max-video-preview":"max-video-preview:-1"},"canonical":"https:\/\/dolores.ee\/lv\/product\/anna-lotan-clear-atri-zustoss-putisu-pretpiedeguma-lidzeklis-tumss-30-ml\/","og_locale":"lv_LV","og_type":"article","og_title":"Anna Lotan Clear \u0100tri \u017e\u016bsto\u0161s p\u016bt\u012b\u0161u pretpiedeguma l\u012bdzeklis (tum\u0161s), 30 ml","og_description":"Anna Lotan Clear \u0100tri \u017e\u016bsto\u0161s p\u016bt\u012b\u0161u pretpiedeguma l\u012bdzeklis (tum\u0161s), 30 ml","og_url":"https:\/\/dolores.ee\/lv\/product\/anna-lotan-clear-atri-zustoss-putisu-pretpiedeguma-lidzeklis-tumss-30-ml\/","og_site_name":"Dolores","article_publisher":"https:\/\/www.facebook.com\/doloresepood\/","article_modified_time":"2025-12-01T11:42:45+00:00","og_image":[{"width":1200,"height":675,"url":"https:\/\/dolores.ee\/wp-content\/uploads\/2025\/05\/seo.jpg","type":"image\/jpeg"}],"twitter_card":"summary_large_image","twitter_misc":{"Est. reading time":"1 minute"},"schema":{"@context":"https:\/\/schema.org","@graph":[{"@type":"WebPage","@id":"https:\/\/dolores.ee\/lv\/product\/anna-lotan-clear-atri-zustoss-putisu-pretpiedeguma-lidzeklis-tumss-30-ml\/","url":"https:\/\/dolores.ee\/lv\/product\/anna-lotan-clear-atri-zustoss-putisu-pretpiedeguma-lidzeklis-tumss-30-ml\/","name":"Anna Lotan Clear \u0100tri \u017e\u016bsto\u0161s p\u016bt\u012b\u0161u pretpiedeguma l\u012bdzeklis (tum\u0161s), 30 ml ~ Dolores","isPartOf":{"@id":"https:\/\/dolores.ee\/lv\/#website"},"primaryImageOfPage":{"@id":"https:\/\/dolores.ee\/lv\/product\/anna-lotan-clear-atri-zustoss-putisu-pretpiedeguma-lidzeklis-tumss-30-ml\/#primaryimage"},"image":{"@id":"https:\/\/dolores.ee\/lv\/product\/anna-lotan-clear-atri-zustoss-putisu-pretpiedeguma-lidzeklis-tumss-30-ml\/#primaryimage"},"thumbnailUrl":"https:\/\/dolores.ee\/wp-content\/uploads\/2020\/08\/010.jpg","datePublished":"2020-08-13T09:59:08+00:00","dateModified":"2025-12-01T11:42:45+00:00","breadcrumb":{"@id":"https:\/\/dolores.ee\/lv\/product\/anna-lotan-clear-atri-zustoss-putisu-pretpiedeguma-lidzeklis-tumss-30-ml\/#breadcrumb"},"inLanguage":"lv-LV","potentialAction":[{"@type":"ReadAction","target":["https:\/\/dolores.ee\/lv\/product\/anna-lotan-clear-atri-zustoss-putisu-pretpiedeguma-lidzeklis-tumss-30-ml\/"]}]},{"@type":"ImageObject","inLanguage":"lv-LV","@id":"https:\/\/dolores.ee\/lv\/product\/anna-lotan-clear-atri-zustoss-putisu-pretpiedeguma-lidzeklis-tumss-30-ml\/#primaryimage","url":"https:\/\/dolores.ee\/wp-content\/uploads\/2020\/08\/010.jpg","contentUrl":"https:\/\/dolores.ee\/wp-content\/uploads\/2020\/08\/010.jpg","width":330,"height":400},{"@type":"BreadcrumbList","@id":"https:\/\/dolores.ee\/lv\/product\/anna-lotan-clear-atri-zustoss-putisu-pretpiedeguma-lidzeklis-tumss-30-ml\/#breadcrumb","itemListElement":[{"@type":"ListItem","position":1,"name":"Home","item":"https:\/\/dolores.ee\/lv\/"},{"@type":"ListItem","position":2,"name":"E-veikals","item":"https:\/\/dolores.ee\/lv\/e-veikals\/"},{"@type":"ListItem","position":3,"name":"Anna Lotan Clear \u0100tri \u017e\u016bsto\u0161s p\u016bt\u012b\u0161u pretpiedeguma l\u012bdzeklis (tum\u0161s), 30 ml"}]},{"@type":"WebSite","@id":"https:\/\/dolores.ee\/lv\/#website","url":"https:\/\/dolores.ee\/lv\/","name":"Dolores e-pood","description":"Beauty Shop","publisher":{"@id":"https:\/\/dolores.ee\/lv\/#organization"},"alternateName":"Dolores","potentialAction":[{"@type":"SearchAction","target":{"@type":"EntryPoint","urlTemplate":"https:\/\/dolores.ee\/lv\/?s={search_term_string}"},"query-input":{"@type":"PropertyValueSpecification","valueRequired":true,"valueName":"search_term_string"}}],"inLanguage":"lv-LV"},{"@type":"Organization","@id":"https:\/\/dolores.ee\/lv\/#organization","name":"Dolores O\u00dc","alternateName":"Dolores e-pood","url":"https:\/\/dolores.ee\/lv\/","logo":{"@type":"ImageObject","inLanguage":"lv-LV","@id":"https:\/\/dolores.ee\/lv\/#\/schema\/logo\/image\/","url":"https:\/\/dolores.ee\/wp-content\/uploads\/2025\/04\/logo-1.jpg","contentUrl":"https:\/\/dolores.ee\/wp-content\/uploads\/2025\/04\/logo-1.jpg","width":1951,"height":660,"caption":"Dolores O\u00dc"},"image":{"@id":"https:\/\/dolores.ee\/lv\/#\/schema\/logo\/image\/"},"sameAs":["https:\/\/www.facebook.com\/doloresepood\/"],"description":"Dolores.ee on kaasaegne veebipood, kust leiad tuntud kaubam\u00e4rkide \u2013 GIGI, Anna Lotan, Hikari, Hlavin \u2013 originaalkosmeetikat. Pakume kvaliteetseid hooldustooteid taskukohaste hindadega ja kiire kohaletoimetamisega \u00fcle Eesti. Nahahooldus pole kunagi olnud nii lihtne ja soodne!","email":"dolores@dolores.ee","telephone":"372 644 2440","legalName":"Dolores O\u00dc","foundingDate":"1998-02-09","vatID":"EE100050280","numberOfEmployees":{"@type":"QuantitativeValue","minValue":"11","maxValue":"50"}}]}},"_links":{"self":[{"href":"https:\/\/dolores.ee\/lv\/wp-json\/wp\/v2\/product\/998379","targetHints":{"allow":["GET"]}}],"collection":[{"href":"https:\/\/dolores.ee\/lv\/wp-json\/wp\/v2\/product"}],"about":[{"href":"https:\/\/dolores.ee\/lv\/wp-json\/wp\/v2\/types\/product"}],"replies":[{"embeddable":true,"href":"https:\/\/dolores.ee\/lv\/wp-json\/wp\/v2\/comments?post=998379"}],"version-history":[{"count":0,"href":"https:\/\/dolores.ee\/lv\/wp-json\/wp\/v2\/product\/998379\/revisions"}],"wp:featuredmedia":[{"embeddable":true,"href":"https:\/\/dolores.ee\/lv\/wp-json\/wp\/v2\/media\/511"}],"wp:attachment":[{"href":"https:\/\/dolores.ee\/lv\/wp-json\/wp\/v2\/media?parent=998379"}],"wp:term":[{"taxonomy":"product_brand","embeddable":true,"href":"https:\/\/dolores.ee\/lv\/wp-json\/wp\/v2\/product_brand?post=998379"},{"taxonomy":"product_cat","embeddable":true,"href":"https:\/\/dolores.ee\/lv\/wp-json\/wp\/v2\/product_cat?post=998379"},{"taxonomy":"product_tag","embeddable":true,"href":"https:\/\/dolores.ee\/lv\/wp-json\/wp\/v2\/product_tag?post=998379"},{"taxonomy":"giftcard-category","embeddable":true,"href":"https:\/\/dolores.ee\/lv\/wp-json\/wp\/v2\/giftcard-category?post=998379"}],"curies":[{"name":"wp","href":"https:\/\/api.w.org\/{rel}","templated":true}]}}