{"id":998384,"date":"2020-08-13T12:59:05","date_gmt":"2020-08-13T09:59:05","guid":{"rendered":"https:\/\/dolores.ee\/product\/anna-lotan-clear-naturalais-attirosais-skrubis-100-ml\/"},"modified":"2025-09-04T15:45:40","modified_gmt":"2025-09-04T12:45:40","slug":"anna-lotan-clear-naturalais-attirosais-skrubis-100-ml","status":"publish","type":"product","link":"https:\/\/dolores.ee\/lv\/product\/anna-lotan-clear-naturalais-attirosais-skrubis-100-ml\/","title":{"rendered":"Anna Lotan Clear Natur\u0101lais Att\u012bro\u0161ais Skrubis, 100 ml"},"content":{"rendered":"<div class=\"vgblk-rw-wrapper limit-wrapper\">\n<p data-start=\"115\" data-end=\"465\">100 % dab\u012bgs att\u012bro\u0161s skrubis jut\u012bgai \u0101dai. Hipoaler\u0123isks, kl\u012bniski test\u0113ts. Dzi\u013ci att\u012bro\u0161s, maigi p\u012blingojo\u0161s skrubis, kas atst\u0101j \u0101du t\u012bru un maigu. N\u0101ves j\u016bras miner\u0101lu da\u013ci\u0146as satur abraz\u012bvas da\u013ci\u0146as, kas \u016bdens ietekm\u0113 iz\u0161\u0137\u012bst, \u013caujot lietot\u0101jam kontrol\u0113t p\u012blinga intensit\u0101ti un ilgumu.<\/p>\n<p data-start=\"467\" data-end=\"767\">Sast\u0101v\u0101 ir dab\u012bgi att\u012bro\u0161ie l\u012bdzek\u013ci (jojoba, kokosrieksts, kvie\u0161u d\u012bgsti, alveja), kas m\u012bkstina \u0101du, no\u0146em net\u012brumus un miru\u0161\u0101s \u0101das \u0161\u016bnas, izbalina pigmenta plankumus un uzlabo \u0101das vienm\u0113r\u012bgumu. Ekonomisks lieto\u0161an\u0101, var izmantot ikdien\u0101 taukainai un problem\u0101tiskai \u0101dai, jo nesausina to p\u0101rlieku.<\/p>\n<p data-start=\"769\" data-end=\"892\"><strong data-start=\"769\" data-end=\"783\">Lieto\u0161ana:<\/strong> Nelielu daudzumu skrubja uzkl\u0101t ar pirkstu gali\u0146iem vis\u0101 sej\u0101, iemas\u0113t un pievienot nedaudz \u016bdens. Noskalot.<\/p>\n<p data-start=\"894\" data-end=\"1518\"><strong data-start=\"894\" data-end=\"906\">Sast\u0101vs:<\/strong> <em>N\u0101ves j\u016bras s\u0101ls (Sea Salt), \u016bdens (Aqua), Cetearyl Alcohol, Glyceryl Stearate, Lauryl Glucoside, Aloe Barbadensis Leaf Juice, Sodium Lauryl Glucose Carboxylate &amp; Lauryl Glucoside, Cetearyl Alcohol &amp; Coco-Glucoside, Simmondsia Chinensis (Jojoba) Seed Oil, Medus ekstrakts (Honey, Water, Glycerin), Cetyl Phosphate, Sodium Cocoyl Hydrolyzed Wheat Protein Glutamate, Hamamelis Virginiana Leaf Extract, Lonicera Caprifolium Extract, Citrus Aurantium Dulcis (Apels\u012bna) mizas e\u013c\u013ca, Mentha Viridis (Spearmint) lapu e\u013c\u013ca, Citrus Medica Limonum (Citrona) mizas e\u013c\u013ca, Citrus Aurantiafolia (Laima) e\u013c\u013ca, Limonene, Citral.<\/em><\/p>\n<\/div>\n<p><!-- .vgblk-rw-wrapper --><\/p>\n","protected":false},"excerpt":{"rendered":"<p>Anna Lotan Clear Natur\u0101lais Att\u012bro\u0161ais Skrubis, 100 ml<\/p>\n","protected":false},"featured_media":0,"comment_status":"open","ping_status":"closed","template":"","meta":[],"product_brand":[],"product_cat":[660,665,723,676,718,705],"product_tag":[],"giftcard-category":[],"class_list":{"0":"post-998384","1":"product","2":"type-product","3":"status-publish","5":"product_cat-anna-lotan-lv","6":"product_cat-clear-lv","7":"product_cat-peelings","8":"product_cat-sale-lv","9":"product_cat-sejas-kopsana","10":"product_cat-taukaina-ada","12":"first","13":"outofstock","14":"taxable","15":"shipping-taxable","16":"purchasable","17":"product-type-simple"},"yoast_head":"<!-- This site is optimized with the Yoast SEO Premium plugin v25.1 (Yoast SEO v25.7) - https:\/\/yoast.com\/wordpress\/plugins\/seo\/ -->\n<title>Anna Lotan Clear Natur\u0101lais Att\u012bro\u0161ais Skrubis, 100 ml ~ Dolores<\/title>\n<meta name=\"robots\" content=\"index, follow, max-snippet:-1, max-image-preview:large, max-video-preview:-1\" \/>\n<link rel=\"canonical\" href=\"https:\/\/dolores.ee\/lv\/product\/anna-lotan-clear-naturalais-attirosais-skrubis-100-ml\/\" \/>\n<meta property=\"og:locale\" content=\"lv_LV\" \/>\n<meta property=\"og:type\" content=\"article\" \/>\n<meta property=\"og:title\" content=\"Anna Lotan Clear Natur\u0101lais Att\u012bro\u0161ais Skrubis, 100 ml\" \/>\n<meta property=\"og:description\" content=\"Anna Lotan Clear Natur\u0101lais Att\u012bro\u0161ais Skrubis, 100 ml\" \/>\n<meta property=\"og:url\" content=\"https:\/\/dolores.ee\/lv\/product\/anna-lotan-clear-naturalais-attirosais-skrubis-100-ml\/\" \/>\n<meta property=\"og:site_name\" content=\"Dolores\" \/>\n<meta property=\"article:publisher\" content=\"https:\/\/www.facebook.com\/doloresepood\/\" \/>\n<meta property=\"article:modified_time\" content=\"2025-09-04T12:45:40+00:00\" \/>\n<meta property=\"og:image\" content=\"https:\/\/dolores.ee\/wp-content\/uploads\/2025\/05\/seo.jpg\" \/>\n\t<meta property=\"og:image:width\" content=\"1200\" \/>\n\t<meta property=\"og:image:height\" content=\"675\" \/>\n\t<meta property=\"og:image:type\" content=\"image\/jpeg\" \/>\n<meta name=\"twitter:card\" content=\"summary_large_image\" \/>\n<meta name=\"twitter:label1\" content=\"Est. reading time\" \/>\n\t<meta name=\"twitter:data1\" content=\"1 minute\" \/>\n<script type=\"application\/ld+json\" class=\"yoast-schema-graph\">{\"@context\":\"https:\/\/schema.org\",\"@graph\":[{\"@type\":\"WebPage\",\"@id\":\"https:\/\/dolores.ee\/lv\/product\/anna-lotan-clear-naturalais-attirosais-skrubis-100-ml\/\",\"url\":\"https:\/\/dolores.ee\/lv\/product\/anna-lotan-clear-naturalais-attirosais-skrubis-100-ml\/\",\"name\":\"Anna Lotan Clear Natur\u0101lais Att\u012bro\u0161ais Skrubis, 100 ml ~ Dolores\",\"isPartOf\":{\"@id\":\"https:\/\/dolores.ee\/lv\/#website\"},\"datePublished\":\"2020-08-13T09:59:05+00:00\",\"dateModified\":\"2025-09-04T12:45:40+00:00\",\"breadcrumb\":{\"@id\":\"https:\/\/dolores.ee\/lv\/product\/anna-lotan-clear-naturalais-attirosais-skrubis-100-ml\/#breadcrumb\"},\"inLanguage\":\"lv-LV\",\"potentialAction\":[{\"@type\":\"ReadAction\",\"target\":[\"https:\/\/dolores.ee\/lv\/product\/anna-lotan-clear-naturalais-attirosais-skrubis-100-ml\/\"]}]},{\"@type\":\"BreadcrumbList\",\"@id\":\"https:\/\/dolores.ee\/lv\/product\/anna-lotan-clear-naturalais-attirosais-skrubis-100-ml\/#breadcrumb\",\"itemListElement\":[{\"@type\":\"ListItem\",\"position\":1,\"name\":\"Home\",\"item\":\"https:\/\/dolores.ee\/lv\/\"},{\"@type\":\"ListItem\",\"position\":2,\"name\":\"E-veikals\",\"item\":\"https:\/\/dolores.ee\/lv\/e-veikals\/\"},{\"@type\":\"ListItem\",\"position\":3,\"name\":\"Anna Lotan Clear Natur\u0101lais Att\u012bro\u0161ais Skrubis, 100 ml\"}]},{\"@type\":\"WebSite\",\"@id\":\"https:\/\/dolores.ee\/lv\/#website\",\"url\":\"https:\/\/dolores.ee\/lv\/\",\"name\":\"Dolores e-pood\",\"description\":\"Beauty Shop\",\"publisher\":{\"@id\":\"https:\/\/dolores.ee\/lv\/#organization\"},\"alternateName\":\"Dolores\",\"potentialAction\":[{\"@type\":\"SearchAction\",\"target\":{\"@type\":\"EntryPoint\",\"urlTemplate\":\"https:\/\/dolores.ee\/lv\/?s={search_term_string}\"},\"query-input\":{\"@type\":\"PropertyValueSpecification\",\"valueRequired\":true,\"valueName\":\"search_term_string\"}}],\"inLanguage\":\"lv-LV\"},{\"@type\":\"Organization\",\"@id\":\"https:\/\/dolores.ee\/lv\/#organization\",\"name\":\"Dolores O\u00dc\",\"alternateName\":\"Dolores e-pood\",\"url\":\"https:\/\/dolores.ee\/lv\/\",\"logo\":{\"@type\":\"ImageObject\",\"inLanguage\":\"lv-LV\",\"@id\":\"https:\/\/dolores.ee\/lv\/#\/schema\/logo\/image\/\",\"url\":\"https:\/\/dolores.ee\/wp-content\/uploads\/2025\/04\/logo-1.jpg\",\"contentUrl\":\"https:\/\/dolores.ee\/wp-content\/uploads\/2025\/04\/logo-1.jpg\",\"width\":1951,\"height\":660,\"caption\":\"Dolores O\u00dc\"},\"image\":{\"@id\":\"https:\/\/dolores.ee\/lv\/#\/schema\/logo\/image\/\"},\"sameAs\":[\"https:\/\/www.facebook.com\/doloresepood\/\"],\"description\":\"Dolores.ee on kaasaegne veebipood, kust leiad tuntud kaubam\u00e4rkide \u2013 GIGI, Anna Lotan, Hikari, Hlavin \u2013 originaalkosmeetikat. Pakume kvaliteetseid hooldustooteid taskukohaste hindadega ja kiire kohaletoimetamisega \u00fcle Eesti. Nahahooldus pole kunagi olnud nii lihtne ja soodne!\",\"email\":\"dolores@dolores.ee\",\"telephone\":\"372 644 2440\",\"legalName\":\"Dolores O\u00dc\",\"foundingDate\":\"1998-02-09\",\"vatID\":\"EE100050280\",\"numberOfEmployees\":{\"@type\":\"QuantitativeValue\",\"minValue\":\"11\",\"maxValue\":\"50\"}}]}<\/script>\n<!-- \/ Yoast SEO Premium plugin. -->","yoast_head_json":{"title":"Anna Lotan Clear Natur\u0101lais Att\u012bro\u0161ais Skrubis, 100 ml ~ Dolores","robots":{"index":"index","follow":"follow","max-snippet":"max-snippet:-1","max-image-preview":"max-image-preview:large","max-video-preview":"max-video-preview:-1"},"canonical":"https:\/\/dolores.ee\/lv\/product\/anna-lotan-clear-naturalais-attirosais-skrubis-100-ml\/","og_locale":"lv_LV","og_type":"article","og_title":"Anna Lotan Clear Natur\u0101lais Att\u012bro\u0161ais Skrubis, 100 ml","og_description":"Anna Lotan Clear Natur\u0101lais Att\u012bro\u0161ais Skrubis, 100 ml","og_url":"https:\/\/dolores.ee\/lv\/product\/anna-lotan-clear-naturalais-attirosais-skrubis-100-ml\/","og_site_name":"Dolores","article_publisher":"https:\/\/www.facebook.com\/doloresepood\/","article_modified_time":"2025-09-04T12:45:40+00:00","og_image":[{"width":1200,"height":675,"url":"https:\/\/dolores.ee\/wp-content\/uploads\/2025\/05\/seo.jpg","type":"image\/jpeg"}],"twitter_card":"summary_large_image","twitter_misc":{"Est. reading time":"1 minute"},"schema":{"@context":"https:\/\/schema.org","@graph":[{"@type":"WebPage","@id":"https:\/\/dolores.ee\/lv\/product\/anna-lotan-clear-naturalais-attirosais-skrubis-100-ml\/","url":"https:\/\/dolores.ee\/lv\/product\/anna-lotan-clear-naturalais-attirosais-skrubis-100-ml\/","name":"Anna Lotan Clear Natur\u0101lais Att\u012bro\u0161ais Skrubis, 100 ml ~ Dolores","isPartOf":{"@id":"https:\/\/dolores.ee\/lv\/#website"},"datePublished":"2020-08-13T09:59:05+00:00","dateModified":"2025-09-04T12:45:40+00:00","breadcrumb":{"@id":"https:\/\/dolores.ee\/lv\/product\/anna-lotan-clear-naturalais-attirosais-skrubis-100-ml\/#breadcrumb"},"inLanguage":"lv-LV","potentialAction":[{"@type":"ReadAction","target":["https:\/\/dolores.ee\/lv\/product\/anna-lotan-clear-naturalais-attirosais-skrubis-100-ml\/"]}]},{"@type":"BreadcrumbList","@id":"https:\/\/dolores.ee\/lv\/product\/anna-lotan-clear-naturalais-attirosais-skrubis-100-ml\/#breadcrumb","itemListElement":[{"@type":"ListItem","position":1,"name":"Home","item":"https:\/\/dolores.ee\/lv\/"},{"@type":"ListItem","position":2,"name":"E-veikals","item":"https:\/\/dolores.ee\/lv\/e-veikals\/"},{"@type":"ListItem","position":3,"name":"Anna Lotan Clear Natur\u0101lais Att\u012bro\u0161ais Skrubis, 100 ml"}]},{"@type":"WebSite","@id":"https:\/\/dolores.ee\/lv\/#website","url":"https:\/\/dolores.ee\/lv\/","name":"Dolores e-pood","description":"Beauty Shop","publisher":{"@id":"https:\/\/dolores.ee\/lv\/#organization"},"alternateName":"Dolores","potentialAction":[{"@type":"SearchAction","target":{"@type":"EntryPoint","urlTemplate":"https:\/\/dolores.ee\/lv\/?s={search_term_string}"},"query-input":{"@type":"PropertyValueSpecification","valueRequired":true,"valueName":"search_term_string"}}],"inLanguage":"lv-LV"},{"@type":"Organization","@id":"https:\/\/dolores.ee\/lv\/#organization","name":"Dolores O\u00dc","alternateName":"Dolores e-pood","url":"https:\/\/dolores.ee\/lv\/","logo":{"@type":"ImageObject","inLanguage":"lv-LV","@id":"https:\/\/dolores.ee\/lv\/#\/schema\/logo\/image\/","url":"https:\/\/dolores.ee\/wp-content\/uploads\/2025\/04\/logo-1.jpg","contentUrl":"https:\/\/dolores.ee\/wp-content\/uploads\/2025\/04\/logo-1.jpg","width":1951,"height":660,"caption":"Dolores O\u00dc"},"image":{"@id":"https:\/\/dolores.ee\/lv\/#\/schema\/logo\/image\/"},"sameAs":["https:\/\/www.facebook.com\/doloresepood\/"],"description":"Dolores.ee on kaasaegne veebipood, kust leiad tuntud kaubam\u00e4rkide \u2013 GIGI, Anna Lotan, Hikari, Hlavin \u2013 originaalkosmeetikat. Pakume kvaliteetseid hooldustooteid taskukohaste hindadega ja kiire kohaletoimetamisega \u00fcle Eesti. Nahahooldus pole kunagi olnud nii lihtne ja soodne!","email":"dolores@dolores.ee","telephone":"372 644 2440","legalName":"Dolores O\u00dc","foundingDate":"1998-02-09","vatID":"EE100050280","numberOfEmployees":{"@type":"QuantitativeValue","minValue":"11","maxValue":"50"}}]}},"_links":{"self":[{"href":"https:\/\/dolores.ee\/lv\/wp-json\/wp\/v2\/product\/998384","targetHints":{"allow":["GET"]}}],"collection":[{"href":"https:\/\/dolores.ee\/lv\/wp-json\/wp\/v2\/product"}],"about":[{"href":"https:\/\/dolores.ee\/lv\/wp-json\/wp\/v2\/types\/product"}],"replies":[{"embeddable":true,"href":"https:\/\/dolores.ee\/lv\/wp-json\/wp\/v2\/comments?post=998384"}],"version-history":[{"count":0,"href":"https:\/\/dolores.ee\/lv\/wp-json\/wp\/v2\/product\/998384\/revisions"}],"wp:attachment":[{"href":"https:\/\/dolores.ee\/lv\/wp-json\/wp\/v2\/media?parent=998384"}],"wp:term":[{"taxonomy":"product_brand","embeddable":true,"href":"https:\/\/dolores.ee\/lv\/wp-json\/wp\/v2\/product_brand?post=998384"},{"taxonomy":"product_cat","embeddable":true,"href":"https:\/\/dolores.ee\/lv\/wp-json\/wp\/v2\/product_cat?post=998384"},{"taxonomy":"product_tag","embeddable":true,"href":"https:\/\/dolores.ee\/lv\/wp-json\/wp\/v2\/product_tag?post=998384"},{"taxonomy":"giftcard-category","embeddable":true,"href":"https:\/\/dolores.ee\/lv\/wp-json\/wp\/v2\/giftcard-category?post=998384"}],"curies":[{"name":"wp","href":"https:\/\/api.w.org\/{rel}","templated":true}]}}