{"id":998390,"date":"2020-08-13T12:58:58","date_gmt":"2020-08-13T09:58:58","guid":{"rendered":"https:\/\/dolores.ee\/product\/hlavin-lavilin-pulkdeodorants-viriesiem-lidz-48-stundam-60-ml\/"},"modified":"2025-07-01T11:06:08","modified_gmt":"2025-07-01T08:06:08","slug":"hlavin-lavilin-pulkdeodorants-viriesiem-lidz-48-stundam-60-ml","status":"publish","type":"product","link":"https:\/\/dolores.ee\/lv\/product\/hlavin-lavilin-pulkdeodorants-viriesiem-lidz-48-stundam-60-ml\/","title":{"rendered":"Hlavin Lavilin Pulkdeodorants V\u012brie\u0161iem l\u012bdz 48 stund\u0101m, 60 ml"},"content":{"rendered":"<div class=\"vgblk-rw-wrapper limit-wrapper\">\n<p data-start=\"119\" data-end=\"313\">48 stundu deodorants v\u012brie\u0161iem. Viena kust\u012bba neitraliz\u0113 sviedru smaku l\u012bdz pat 48 stund\u0101m. \u016adensiztur\u012bgs un \u013coti ekonomisks!<\/p>\n<p data-start=\"315\" data-end=\"538\"><strong data-start=\"315\" data-end=\"341\">Lieto\u0161anas nor\u0101d\u012bjumi:<\/strong> Pirms lieto\u0161anas k\u0101rt\u012bgi sakrat\u012bt! Uzkl\u0101t uz t\u012bras, sausas \u0101das. Lab\u0101kam efektam lietot uz t\u012bras, sausas \u0101das pirms gul\u0113tie\u0161anas. Nelietot uz kairin\u0101tas, saplais\u0101ju\u0161as \u0101das vai t\u016bl\u012bt p\u0113c sk\u016b\u0161an\u0101s.<\/p>\n<p data-start=\"540\" data-end=\"727\"><strong data-start=\"540\" data-end=\"556\">Br\u012bdin\u0101jumi:<\/strong> Produktu lietot tikai \u0101r\u0113ji. Nelietot iek\u0161\u0137\u012bgi. Izvair\u012bties no kontakta ar ac\u012bm. Glab\u0101t b\u0113rniem nepieejam\u0101 viet\u0101. Nelietot, ja zin\u0101t, ka ir aler\u0123ija pret k\u0101du sast\u0101vda\u013cu.<\/p>\n<p data-start=\"729\" data-end=\"1296\"><strong data-start=\"729\" data-end=\"741\">Sast\u0101vs:<\/strong> <em>Propil\u0113nglikols, \u016adens (Aqua), Dimetilimidazolino rice ciete, N\u0101trija stear\u0101ts, Sojas pupi\u0146u e\u013c\u013ca (Glycine Soja), Kapriloil glic\u012bns, Laktoze, Laktozes prote\u012bns, Bifida fermenta liz\u0101ts, Kli\u0146\u0123er\u012b\u0161u ziedu ekstrakts (Calendula Officinalis), Tokoferols, Arnicas ziedu ekstrakts (Arnica Montana), Kokojl prol\u012bns, Kumel\u012btes zied\u016bdens (Chamomilla Recutita), Benzilspirts, N\u0101trija benzo\u0101ts, K\u0101lija sorb\u0101ts, Maltodekstr\u012bns, Dzelten\u0101 salvija ekstrakts (Hyssopus Officinalis), Krustnagli\u0146u ziedu ekstrakts (Eugenia Caryophyllus), Smar\u017eviela (Perfume), O-Cimen-5-Ols.<\/em><\/p>\n<\/div>\n<p><!-- .vgblk-rw-wrapper --><\/p>\n","protected":false},"excerpt":{"rendered":"<p>Hlavin Lavilin Pulkdeodorants V\u012brie\u0161iem l\u012bdz 48 stund\u0101m, 60 ml<\/p>\n","protected":false},"featured_media":467,"comment_status":"open","ping_status":"closed","template":"","meta":[],"product_brand":[],"product_cat":[699,714,691,698,709,676,713],"product_tag":[],"giftcard-category":[],"class_list":{"0":"post-998390","1":"product","2":"type-product","3":"status-publish","4":"has-post-thumbnail","6":"product_cat-deodoranti","7":"product_cat-deodoranti-viriesiem-lv","8":"product_cat-hlavin-lv","9":"product_cat-kermena-kopsana","10":"product_cat-populari-produkti","11":"product_cat-sale-lv","12":"product_cat-viriesiem","14":"first","15":"instock","16":"taxable","17":"shipping-taxable","18":"purchasable","19":"product-type-simple"},"yoast_head":"<!-- This site is optimized with the Yoast SEO Premium plugin v25.1 (Yoast SEO v25.7) - https:\/\/yoast.com\/wordpress\/plugins\/seo\/ -->\n<title>Hlavin Lavilin Pulkdeodorants V\u012brie\u0161iem l\u012bdz 48 stund\u0101m, 60 ml ~ Dolores<\/title>\n<meta name=\"robots\" content=\"index, follow, max-snippet:-1, max-image-preview:large, max-video-preview:-1\" \/>\n<link rel=\"canonical\" href=\"https:\/\/dolores.ee\/lv\/product\/hlavin-lavilin-pulkdeodorants-viriesiem-lidz-48-stundam-60-ml\/\" \/>\n<meta property=\"og:locale\" content=\"lv_LV\" \/>\n<meta property=\"og:type\" content=\"article\" \/>\n<meta property=\"og:title\" content=\"Hlavin Lavilin Pulkdeodorants V\u012brie\u0161iem l\u012bdz 48 stund\u0101m, 60 ml\" \/>\n<meta property=\"og:description\" content=\"Hlavin Lavilin Pulkdeodorants V\u012brie\u0161iem l\u012bdz 48 stund\u0101m, 60 ml\" \/>\n<meta property=\"og:url\" content=\"https:\/\/dolores.ee\/lv\/product\/hlavin-lavilin-pulkdeodorants-viriesiem-lidz-48-stundam-60-ml\/\" \/>\n<meta property=\"og:site_name\" content=\"Dolores\" \/>\n<meta property=\"article:publisher\" content=\"https:\/\/www.facebook.com\/doloresepood\/\" \/>\n<meta property=\"article:modified_time\" content=\"2025-07-01T08:06:08+00:00\" \/>\n<meta property=\"og:image\" content=\"https:\/\/dolores.ee\/wp-content\/uploads\/2025\/05\/seo.jpg\" \/>\n\t<meta property=\"og:image:width\" content=\"1200\" \/>\n\t<meta property=\"og:image:height\" content=\"675\" \/>\n\t<meta property=\"og:image:type\" content=\"image\/jpeg\" \/>\n<meta name=\"twitter:card\" content=\"summary_large_image\" \/>\n<meta name=\"twitter:label1\" content=\"Est. reading time\" \/>\n\t<meta name=\"twitter:data1\" content=\"1 minute\" \/>\n<script type=\"application\/ld+json\" class=\"yoast-schema-graph\">{\"@context\":\"https:\/\/schema.org\",\"@graph\":[{\"@type\":\"WebPage\",\"@id\":\"https:\/\/dolores.ee\/lv\/product\/hlavin-lavilin-pulkdeodorants-viriesiem-lidz-48-stundam-60-ml\/\",\"url\":\"https:\/\/dolores.ee\/lv\/product\/hlavin-lavilin-pulkdeodorants-viriesiem-lidz-48-stundam-60-ml\/\",\"name\":\"Hlavin Lavilin Pulkdeodorants V\u012brie\u0161iem l\u012bdz 48 stund\u0101m, 60 ml ~ Dolores\",\"isPartOf\":{\"@id\":\"https:\/\/dolores.ee\/lv\/#website\"},\"primaryImageOfPage\":{\"@id\":\"https:\/\/dolores.ee\/lv\/product\/hlavin-lavilin-pulkdeodorants-viriesiem-lidz-48-stundam-60-ml\/#primaryimage\"},\"image\":{\"@id\":\"https:\/\/dolores.ee\/lv\/product\/hlavin-lavilin-pulkdeodorants-viriesiem-lidz-48-stundam-60-ml\/#primaryimage\"},\"thumbnailUrl\":\"https:\/\/dolores.ee\/wp-content\/uploads\/2020\/08\/GGE_0021aa-scaled.jpg\",\"datePublished\":\"2020-08-13T09:58:58+00:00\",\"dateModified\":\"2025-07-01T08:06:08+00:00\",\"breadcrumb\":{\"@id\":\"https:\/\/dolores.ee\/lv\/product\/hlavin-lavilin-pulkdeodorants-viriesiem-lidz-48-stundam-60-ml\/#breadcrumb\"},\"inLanguage\":\"lv-LV\",\"potentialAction\":[{\"@type\":\"ReadAction\",\"target\":[\"https:\/\/dolores.ee\/lv\/product\/hlavin-lavilin-pulkdeodorants-viriesiem-lidz-48-stundam-60-ml\/\"]}]},{\"@type\":\"ImageObject\",\"inLanguage\":\"lv-LV\",\"@id\":\"https:\/\/dolores.ee\/lv\/product\/hlavin-lavilin-pulkdeodorants-viriesiem-lidz-48-stundam-60-ml\/#primaryimage\",\"url\":\"https:\/\/dolores.ee\/wp-content\/uploads\/2020\/08\/GGE_0021aa-scaled.jpg\",\"contentUrl\":\"https:\/\/dolores.ee\/wp-content\/uploads\/2020\/08\/GGE_0021aa-scaled.jpg\",\"width\":927,\"height\":1920},{\"@type\":\"BreadcrumbList\",\"@id\":\"https:\/\/dolores.ee\/lv\/product\/hlavin-lavilin-pulkdeodorants-viriesiem-lidz-48-stundam-60-ml\/#breadcrumb\",\"itemListElement\":[{\"@type\":\"ListItem\",\"position\":1,\"name\":\"Home\",\"item\":\"https:\/\/dolores.ee\/lv\/\"},{\"@type\":\"ListItem\",\"position\":2,\"name\":\"E-veikals\",\"item\":\"https:\/\/dolores.ee\/lv\/e-veikals\/\"},{\"@type\":\"ListItem\",\"position\":3,\"name\":\"Hlavin Lavilin Pulkdeodorants V\u012brie\u0161iem l\u012bdz 48 stund\u0101m, 60 ml\"}]},{\"@type\":\"WebSite\",\"@id\":\"https:\/\/dolores.ee\/lv\/#website\",\"url\":\"https:\/\/dolores.ee\/lv\/\",\"name\":\"Dolores e-pood\",\"description\":\"Beauty Shop\",\"publisher\":{\"@id\":\"https:\/\/dolores.ee\/lv\/#organization\"},\"alternateName\":\"Dolores\",\"potentialAction\":[{\"@type\":\"SearchAction\",\"target\":{\"@type\":\"EntryPoint\",\"urlTemplate\":\"https:\/\/dolores.ee\/lv\/?s={search_term_string}\"},\"query-input\":{\"@type\":\"PropertyValueSpecification\",\"valueRequired\":true,\"valueName\":\"search_term_string\"}}],\"inLanguage\":\"lv-LV\"},{\"@type\":\"Organization\",\"@id\":\"https:\/\/dolores.ee\/lv\/#organization\",\"name\":\"Dolores O\u00dc\",\"alternateName\":\"Dolores e-pood\",\"url\":\"https:\/\/dolores.ee\/lv\/\",\"logo\":{\"@type\":\"ImageObject\",\"inLanguage\":\"lv-LV\",\"@id\":\"https:\/\/dolores.ee\/lv\/#\/schema\/logo\/image\/\",\"url\":\"https:\/\/dolores.ee\/wp-content\/uploads\/2025\/04\/logo-1.jpg\",\"contentUrl\":\"https:\/\/dolores.ee\/wp-content\/uploads\/2025\/04\/logo-1.jpg\",\"width\":1951,\"height\":660,\"caption\":\"Dolores O\u00dc\"},\"image\":{\"@id\":\"https:\/\/dolores.ee\/lv\/#\/schema\/logo\/image\/\"},\"sameAs\":[\"https:\/\/www.facebook.com\/doloresepood\/\"],\"description\":\"Dolores.ee on kaasaegne veebipood, kust leiad tuntud kaubam\u00e4rkide \u2013 GIGI, Anna Lotan, Hikari, Hlavin \u2013 originaalkosmeetikat. Pakume kvaliteetseid hooldustooteid taskukohaste hindadega ja kiire kohaletoimetamisega \u00fcle Eesti. Nahahooldus pole kunagi olnud nii lihtne ja soodne!\",\"email\":\"dolores@dolores.ee\",\"telephone\":\"372 644 2440\",\"legalName\":\"Dolores O\u00dc\",\"foundingDate\":\"1998-02-09\",\"vatID\":\"EE100050280\",\"numberOfEmployees\":{\"@type\":\"QuantitativeValue\",\"minValue\":\"11\",\"maxValue\":\"50\"}}]}<\/script>\n<!-- \/ Yoast SEO Premium plugin. -->","yoast_head_json":{"title":"Hlavin Lavilin Pulkdeodorants V\u012brie\u0161iem l\u012bdz 48 stund\u0101m, 60 ml ~ Dolores","robots":{"index":"index","follow":"follow","max-snippet":"max-snippet:-1","max-image-preview":"max-image-preview:large","max-video-preview":"max-video-preview:-1"},"canonical":"https:\/\/dolores.ee\/lv\/product\/hlavin-lavilin-pulkdeodorants-viriesiem-lidz-48-stundam-60-ml\/","og_locale":"lv_LV","og_type":"article","og_title":"Hlavin Lavilin Pulkdeodorants V\u012brie\u0161iem l\u012bdz 48 stund\u0101m, 60 ml","og_description":"Hlavin Lavilin Pulkdeodorants V\u012brie\u0161iem l\u012bdz 48 stund\u0101m, 60 ml","og_url":"https:\/\/dolores.ee\/lv\/product\/hlavin-lavilin-pulkdeodorants-viriesiem-lidz-48-stundam-60-ml\/","og_site_name":"Dolores","article_publisher":"https:\/\/www.facebook.com\/doloresepood\/","article_modified_time":"2025-07-01T08:06:08+00:00","og_image":[{"width":1200,"height":675,"url":"https:\/\/dolores.ee\/wp-content\/uploads\/2025\/05\/seo.jpg","type":"image\/jpeg"}],"twitter_card":"summary_large_image","twitter_misc":{"Est. reading time":"1 minute"},"schema":{"@context":"https:\/\/schema.org","@graph":[{"@type":"WebPage","@id":"https:\/\/dolores.ee\/lv\/product\/hlavin-lavilin-pulkdeodorants-viriesiem-lidz-48-stundam-60-ml\/","url":"https:\/\/dolores.ee\/lv\/product\/hlavin-lavilin-pulkdeodorants-viriesiem-lidz-48-stundam-60-ml\/","name":"Hlavin Lavilin Pulkdeodorants V\u012brie\u0161iem l\u012bdz 48 stund\u0101m, 60 ml ~ Dolores","isPartOf":{"@id":"https:\/\/dolores.ee\/lv\/#website"},"primaryImageOfPage":{"@id":"https:\/\/dolores.ee\/lv\/product\/hlavin-lavilin-pulkdeodorants-viriesiem-lidz-48-stundam-60-ml\/#primaryimage"},"image":{"@id":"https:\/\/dolores.ee\/lv\/product\/hlavin-lavilin-pulkdeodorants-viriesiem-lidz-48-stundam-60-ml\/#primaryimage"},"thumbnailUrl":"https:\/\/dolores.ee\/wp-content\/uploads\/2020\/08\/GGE_0021aa-scaled.jpg","datePublished":"2020-08-13T09:58:58+00:00","dateModified":"2025-07-01T08:06:08+00:00","breadcrumb":{"@id":"https:\/\/dolores.ee\/lv\/product\/hlavin-lavilin-pulkdeodorants-viriesiem-lidz-48-stundam-60-ml\/#breadcrumb"},"inLanguage":"lv-LV","potentialAction":[{"@type":"ReadAction","target":["https:\/\/dolores.ee\/lv\/product\/hlavin-lavilin-pulkdeodorants-viriesiem-lidz-48-stundam-60-ml\/"]}]},{"@type":"ImageObject","inLanguage":"lv-LV","@id":"https:\/\/dolores.ee\/lv\/product\/hlavin-lavilin-pulkdeodorants-viriesiem-lidz-48-stundam-60-ml\/#primaryimage","url":"https:\/\/dolores.ee\/wp-content\/uploads\/2020\/08\/GGE_0021aa-scaled.jpg","contentUrl":"https:\/\/dolores.ee\/wp-content\/uploads\/2020\/08\/GGE_0021aa-scaled.jpg","width":927,"height":1920},{"@type":"BreadcrumbList","@id":"https:\/\/dolores.ee\/lv\/product\/hlavin-lavilin-pulkdeodorants-viriesiem-lidz-48-stundam-60-ml\/#breadcrumb","itemListElement":[{"@type":"ListItem","position":1,"name":"Home","item":"https:\/\/dolores.ee\/lv\/"},{"@type":"ListItem","position":2,"name":"E-veikals","item":"https:\/\/dolores.ee\/lv\/e-veikals\/"},{"@type":"ListItem","position":3,"name":"Hlavin Lavilin Pulkdeodorants V\u012brie\u0161iem l\u012bdz 48 stund\u0101m, 60 ml"}]},{"@type":"WebSite","@id":"https:\/\/dolores.ee\/lv\/#website","url":"https:\/\/dolores.ee\/lv\/","name":"Dolores e-pood","description":"Beauty Shop","publisher":{"@id":"https:\/\/dolores.ee\/lv\/#organization"},"alternateName":"Dolores","potentialAction":[{"@type":"SearchAction","target":{"@type":"EntryPoint","urlTemplate":"https:\/\/dolores.ee\/lv\/?s={search_term_string}"},"query-input":{"@type":"PropertyValueSpecification","valueRequired":true,"valueName":"search_term_string"}}],"inLanguage":"lv-LV"},{"@type":"Organization","@id":"https:\/\/dolores.ee\/lv\/#organization","name":"Dolores O\u00dc","alternateName":"Dolores e-pood","url":"https:\/\/dolores.ee\/lv\/","logo":{"@type":"ImageObject","inLanguage":"lv-LV","@id":"https:\/\/dolores.ee\/lv\/#\/schema\/logo\/image\/","url":"https:\/\/dolores.ee\/wp-content\/uploads\/2025\/04\/logo-1.jpg","contentUrl":"https:\/\/dolores.ee\/wp-content\/uploads\/2025\/04\/logo-1.jpg","width":1951,"height":660,"caption":"Dolores O\u00dc"},"image":{"@id":"https:\/\/dolores.ee\/lv\/#\/schema\/logo\/image\/"},"sameAs":["https:\/\/www.facebook.com\/doloresepood\/"],"description":"Dolores.ee on kaasaegne veebipood, kust leiad tuntud kaubam\u00e4rkide \u2013 GIGI, Anna Lotan, Hikari, Hlavin \u2013 originaalkosmeetikat. Pakume kvaliteetseid hooldustooteid taskukohaste hindadega ja kiire kohaletoimetamisega \u00fcle Eesti. Nahahooldus pole kunagi olnud nii lihtne ja soodne!","email":"dolores@dolores.ee","telephone":"372 644 2440","legalName":"Dolores O\u00dc","foundingDate":"1998-02-09","vatID":"EE100050280","numberOfEmployees":{"@type":"QuantitativeValue","minValue":"11","maxValue":"50"}}]}},"_links":{"self":[{"href":"https:\/\/dolores.ee\/lv\/wp-json\/wp\/v2\/product\/998390","targetHints":{"allow":["GET"]}}],"collection":[{"href":"https:\/\/dolores.ee\/lv\/wp-json\/wp\/v2\/product"}],"about":[{"href":"https:\/\/dolores.ee\/lv\/wp-json\/wp\/v2\/types\/product"}],"replies":[{"embeddable":true,"href":"https:\/\/dolores.ee\/lv\/wp-json\/wp\/v2\/comments?post=998390"}],"version-history":[{"count":0,"href":"https:\/\/dolores.ee\/lv\/wp-json\/wp\/v2\/product\/998390\/revisions"}],"wp:featuredmedia":[{"embeddable":true,"href":"https:\/\/dolores.ee\/lv\/wp-json\/wp\/v2\/media\/467"}],"wp:attachment":[{"href":"https:\/\/dolores.ee\/lv\/wp-json\/wp\/v2\/media?parent=998390"}],"wp:term":[{"taxonomy":"product_brand","embeddable":true,"href":"https:\/\/dolores.ee\/lv\/wp-json\/wp\/v2\/product_brand?post=998390"},{"taxonomy":"product_cat","embeddable":true,"href":"https:\/\/dolores.ee\/lv\/wp-json\/wp\/v2\/product_cat?post=998390"},{"taxonomy":"product_tag","embeddable":true,"href":"https:\/\/dolores.ee\/lv\/wp-json\/wp\/v2\/product_tag?post=998390"},{"taxonomy":"giftcard-category","embeddable":true,"href":"https:\/\/dolores.ee\/lv\/wp-json\/wp\/v2\/giftcard-category?post=998390"}],"curies":[{"name":"wp","href":"https:\/\/api.w.org\/{rel}","templated":true}]}}