{"id":998396,"date":"2020-08-13T12:58:48","date_gmt":"2020-08-13T09:58:48","guid":{"rendered":"https:\/\/dolores.ee\/product\/anna-lotan-classic-white-pearl-brightening-day-cream-spf25-75-ml\/"},"modified":"2026-02-11T15:22:15","modified_gmt":"2026-02-11T13:22:15","slug":"anna-lotan-classic-white-pearl-brightening-day-cream-spf25-75-ml","status":"publish","type":"product","link":"https:\/\/dolores.ee\/lv\/product\/anna-lotan-classic-white-pearl-brightening-day-cream-spf25-75-ml\/","title":{"rendered":"Anna Lotan Classic White Pearl Brightening Day Cream SPF25 75 ml"},"content":{"rendered":"<div class=\"vgblk-rw-wrapper limit-wrapper\">\n<p data-start=\"92\" data-end=\"826\"><strong data-start=\"92\" data-end=\"177\">Z\u012bdaini viegli uzs\u016bco\u0161s dienas kr\u0113ms ar augstu UV aizsardz\u012bbu visiem \u0101das tipiem.<\/strong><br data-start=\"177\" data-end=\"180\" \/>Bag\u0101tin\u0101ts ar p\u0113rlputek\u013ca ekstraktu un hialuronsk\u0101bi, kas saista mitrumu un uzlabo \u0101das mitruma l\u012bmeni. Za\u013c\u0101 t\u0113ja un E vitam\u012bna atvasin\u0101jumi darbojas k\u0101 antioksidanti, aizsarg\u0101jot pret br\u012bvo radik\u0101\u013cu kait\u012bgo iedarb\u012bbu.<br data-start=\"398\" data-end=\"401\" \/>Kr\u0113mu ir viegli uzkl\u0101t, tas \u0101tri ies\u016bcas \u0101d\u0101 un neatst\u0101j taukainu saj\u016btu. Uzkl\u0101jot kr\u0113ms s\u0101kum\u0101 \u0161\u0137iet gai\u0161\u0101ks, jo satur mikroniz\u0113tu tit\u0101ndioks\u012bdu, kas nodro\u0161ina fizisku aizsardz\u012bbu pret saules stariem. Kr\u0113ma baltais tonis paz\u016bd, kad tas ies\u016bcas \u0101d\u0101.<br data-start=\"650\" data-end=\"653\" \/>Kr\u0113ms ir lieliski piem\u0113rots lieto\u0161anai visu gadu, to var uzkl\u0101t ar\u012b zem dekorat\u012bv\u0101s kosm\u0113tikas.<br data-start=\"748\" data-end=\"751\" data-is-only-node=\"\" \/>Produkts ir kl\u012bniski test\u0113ts, hipoaler\u0123isks un \u013coti piem\u0113rots jut\u012bgai \u0101dai.<\/p>\n<p data-start=\"828\" data-end=\"1403\"><strong data-start=\"828\" data-end=\"840\">Sast\u0101vs:<\/strong> <em>Aqua (\u016bdens), etilheksil metoksicinam\u0101ts, tit\u0101ndioks\u012bds, C12-15 alkil benzoi\u0101ts, Camellia sinensis lapu ekstrakts, glicer\u012bns, cetearil spirts \/ cetearil glikoz\u012bds, etilheksil stear\u0101ts, benzofenons-3, Simmondsia chinensis (jojoaba) s\u0113klu e\u013c\u013ca, Lonicera caprifolium ekstrakts, galaktoarabin\u0101ns, Hippophae rhamnoides ogu ekstrakts, glicer\u012bl stear\u0101ts, glukonolaktons \/ n\u0101trija benzo\u0101ts, glicer\u012bns, hidroliz\u0113tas p\u0113rl\u012btes, j\u016bras s\u0101ls, tokoferil acet\u0101ts, n\u0101trija hialuron\u0101ts, ksant\u0101na gumija, n\u0101trija stearoil glutam\u0101ts, dimetikons, n\u0101trija poliakril\u0101ts, aromatiz\u0113t\u0101js.<\/em><\/p>\n<\/div>\n<p><!-- .vgblk-rw-wrapper --><\/p>\n","protected":false},"excerpt":{"rendered":"<p data-start=\"0\" data-end=\"41\">\n<p data-start=\"43\" data-end=\"97\"><strong data-start=\"43\" data-end=\"95\">Balino\u0161s dienas kr\u0113ms ar SPF 25 un balt\u0101m p\u0113rl\u0113m<\/strong><\/p>\n<p data-start=\"99\" data-end=\"175\" data-is-last-node=\"\" data-is-only-node=\"\">\n","protected":false},"featured_media":419,"comment_status":"open","ping_status":"closed","template":"","meta":[],"product_brand":[],"product_cat":[660,664,725,716,783,676,704,718],"product_tag":[],"giftcard-category":[],"class_list":{"0":"post-998396","1":"product","2":"type-product","3":"status-publish","4":"has-post-thumbnail","6":"product_cat-anna-lotan-lv","7":"product_cat-classic-lv","8":"product_cat-dienas-krems","9":"product_cat-mitrinosi-produkti","10":"product_cat-pavasara-adas-kopsana","11":"product_cat-sale-lv","12":"product_cat-saules-aizsardziba","13":"product_cat-sejas-kopsana","15":"first","16":"instock","17":"taxable","18":"shipping-taxable","19":"purchasable","20":"product-type-simple"},"yoast_head":"<!-- This site is optimized with the Yoast SEO Premium plugin v25.1 (Yoast SEO v25.7) - https:\/\/yoast.com\/wordpress\/plugins\/seo\/ -->\n<title>Anna Lotan Classic White Pearl Brightening Day Cream SPF25 75 ml ~ Dolores<\/title>\n<meta name=\"robots\" content=\"index, follow, max-snippet:-1, max-image-preview:large, max-video-preview:-1\" \/>\n<link rel=\"canonical\" href=\"https:\/\/dolores.ee\/lv\/product\/anna-lotan-classic-white-pearl-brightening-day-cream-spf25-75-ml\/\" \/>\n<meta property=\"og:locale\" content=\"lv_LV\" \/>\n<meta property=\"og:type\" content=\"article\" \/>\n<meta property=\"og:title\" content=\"Anna Lotan Classic White Pearl Brightening Day Cream SPF25 75 ml\" \/>\n<meta property=\"og:description\" content=\"Balino\u0161s dienas kr\u0113ms ar SPF 25 un balt\u0101m p\u0113rl\u0113m\" \/>\n<meta property=\"og:url\" content=\"https:\/\/dolores.ee\/lv\/product\/anna-lotan-classic-white-pearl-brightening-day-cream-spf25-75-ml\/\" \/>\n<meta property=\"og:site_name\" content=\"Dolores\" \/>\n<meta property=\"article:publisher\" content=\"https:\/\/www.facebook.com\/doloresepood\/\" \/>\n<meta property=\"article:modified_time\" content=\"2026-02-11T13:22:15+00:00\" \/>\n<meta property=\"og:image\" content=\"https:\/\/dolores.ee\/wp-content\/uploads\/2025\/05\/seo.jpg\" \/>\n\t<meta property=\"og:image:width\" content=\"1200\" \/>\n\t<meta property=\"og:image:height\" content=\"675\" \/>\n\t<meta property=\"og:image:type\" content=\"image\/jpeg\" \/>\n<meta name=\"twitter:card\" content=\"summary_large_image\" \/>\n<meta name=\"twitter:label1\" content=\"Est. reading time\" \/>\n\t<meta name=\"twitter:data1\" content=\"1 minute\" \/>\n<script type=\"application\/ld+json\" class=\"yoast-schema-graph\">{\"@context\":\"https:\/\/schema.org\",\"@graph\":[{\"@type\":\"WebPage\",\"@id\":\"https:\/\/dolores.ee\/lv\/product\/anna-lotan-classic-white-pearl-brightening-day-cream-spf25-75-ml\/\",\"url\":\"https:\/\/dolores.ee\/lv\/product\/anna-lotan-classic-white-pearl-brightening-day-cream-spf25-75-ml\/\",\"name\":\"Anna Lotan Classic White Pearl Brightening Day Cream SPF25 75 ml ~ Dolores\",\"isPartOf\":{\"@id\":\"https:\/\/dolores.ee\/lv\/#website\"},\"primaryImageOfPage\":{\"@id\":\"https:\/\/dolores.ee\/lv\/product\/anna-lotan-classic-white-pearl-brightening-day-cream-spf25-75-ml\/#primaryimage\"},\"image\":{\"@id\":\"https:\/\/dolores.ee\/lv\/product\/anna-lotan-classic-white-pearl-brightening-day-cream-spf25-75-ml\/#primaryimage\"},\"thumbnailUrl\":\"https:\/\/dolores.ee\/wp-content\/uploads\/2020\/08\/185.jpg\",\"datePublished\":\"2020-08-13T09:58:48+00:00\",\"dateModified\":\"2026-02-11T13:22:15+00:00\",\"breadcrumb\":{\"@id\":\"https:\/\/dolores.ee\/lv\/product\/anna-lotan-classic-white-pearl-brightening-day-cream-spf25-75-ml\/#breadcrumb\"},\"inLanguage\":\"lv-LV\",\"potentialAction\":[{\"@type\":\"ReadAction\",\"target\":[\"https:\/\/dolores.ee\/lv\/product\/anna-lotan-classic-white-pearl-brightening-day-cream-spf25-75-ml\/\"]}]},{\"@type\":\"ImageObject\",\"inLanguage\":\"lv-LV\",\"@id\":\"https:\/\/dolores.ee\/lv\/product\/anna-lotan-classic-white-pearl-brightening-day-cream-spf25-75-ml\/#primaryimage\",\"url\":\"https:\/\/dolores.ee\/wp-content\/uploads\/2020\/08\/185.jpg\",\"contentUrl\":\"https:\/\/dolores.ee\/wp-content\/uploads\/2020\/08\/185.jpg\",\"width\":300,\"height\":599},{\"@type\":\"BreadcrumbList\",\"@id\":\"https:\/\/dolores.ee\/lv\/product\/anna-lotan-classic-white-pearl-brightening-day-cream-spf25-75-ml\/#breadcrumb\",\"itemListElement\":[{\"@type\":\"ListItem\",\"position\":1,\"name\":\"Home\",\"item\":\"https:\/\/dolores.ee\/lv\/\"},{\"@type\":\"ListItem\",\"position\":2,\"name\":\"E-veikals\",\"item\":\"https:\/\/dolores.ee\/lv\/e-veikals\/\"},{\"@type\":\"ListItem\",\"position\":3,\"name\":\"Anna Lotan Classic White Pearl Brightening Day Cream SPF25 75 ml\"}]},{\"@type\":\"WebSite\",\"@id\":\"https:\/\/dolores.ee\/lv\/#website\",\"url\":\"https:\/\/dolores.ee\/lv\/\",\"name\":\"Dolores e-pood\",\"description\":\"Beauty Shop\",\"publisher\":{\"@id\":\"https:\/\/dolores.ee\/lv\/#organization\"},\"alternateName\":\"Dolores\",\"potentialAction\":[{\"@type\":\"SearchAction\",\"target\":{\"@type\":\"EntryPoint\",\"urlTemplate\":\"https:\/\/dolores.ee\/lv\/?s={search_term_string}\"},\"query-input\":{\"@type\":\"PropertyValueSpecification\",\"valueRequired\":true,\"valueName\":\"search_term_string\"}}],\"inLanguage\":\"lv-LV\"},{\"@type\":\"Organization\",\"@id\":\"https:\/\/dolores.ee\/lv\/#organization\",\"name\":\"Dolores O\u00dc\",\"alternateName\":\"Dolores e-pood\",\"url\":\"https:\/\/dolores.ee\/lv\/\",\"logo\":{\"@type\":\"ImageObject\",\"inLanguage\":\"lv-LV\",\"@id\":\"https:\/\/dolores.ee\/lv\/#\/schema\/logo\/image\/\",\"url\":\"https:\/\/dolores.ee\/wp-content\/uploads\/2025\/04\/logo-1.jpg\",\"contentUrl\":\"https:\/\/dolores.ee\/wp-content\/uploads\/2025\/04\/logo-1.jpg\",\"width\":1951,\"height\":660,\"caption\":\"Dolores O\u00dc\"},\"image\":{\"@id\":\"https:\/\/dolores.ee\/lv\/#\/schema\/logo\/image\/\"},\"sameAs\":[\"https:\/\/www.facebook.com\/doloresepood\/\"],\"description\":\"Dolores.ee on kaasaegne veebipood, kust leiad tuntud kaubam\u00e4rkide \u2013 GIGI, Anna Lotan, Hikari, Hlavin \u2013 originaalkosmeetikat. Pakume kvaliteetseid hooldustooteid taskukohaste hindadega ja kiire kohaletoimetamisega \u00fcle Eesti. Nahahooldus pole kunagi olnud nii lihtne ja soodne!\",\"email\":\"dolores@dolores.ee\",\"telephone\":\"372 644 2440\",\"legalName\":\"Dolores O\u00dc\",\"foundingDate\":\"1998-02-09\",\"vatID\":\"EE100050280\",\"numberOfEmployees\":{\"@type\":\"QuantitativeValue\",\"minValue\":\"11\",\"maxValue\":\"50\"}}]}<\/script>\n<!-- \/ Yoast SEO Premium plugin. -->","yoast_head_json":{"title":"Anna Lotan Classic White Pearl Brightening Day Cream SPF25 75 ml ~ Dolores","robots":{"index":"index","follow":"follow","max-snippet":"max-snippet:-1","max-image-preview":"max-image-preview:large","max-video-preview":"max-video-preview:-1"},"canonical":"https:\/\/dolores.ee\/lv\/product\/anna-lotan-classic-white-pearl-brightening-day-cream-spf25-75-ml\/","og_locale":"lv_LV","og_type":"article","og_title":"Anna Lotan Classic White Pearl Brightening Day Cream SPF25 75 ml","og_description":"Balino\u0161s dienas kr\u0113ms ar SPF 25 un balt\u0101m p\u0113rl\u0113m","og_url":"https:\/\/dolores.ee\/lv\/product\/anna-lotan-classic-white-pearl-brightening-day-cream-spf25-75-ml\/","og_site_name":"Dolores","article_publisher":"https:\/\/www.facebook.com\/doloresepood\/","article_modified_time":"2026-02-11T13:22:15+00:00","og_image":[{"width":1200,"height":675,"url":"https:\/\/dolores.ee\/wp-content\/uploads\/2025\/05\/seo.jpg","type":"image\/jpeg"}],"twitter_card":"summary_large_image","twitter_misc":{"Est. reading time":"1 minute"},"schema":{"@context":"https:\/\/schema.org","@graph":[{"@type":"WebPage","@id":"https:\/\/dolores.ee\/lv\/product\/anna-lotan-classic-white-pearl-brightening-day-cream-spf25-75-ml\/","url":"https:\/\/dolores.ee\/lv\/product\/anna-lotan-classic-white-pearl-brightening-day-cream-spf25-75-ml\/","name":"Anna Lotan Classic White Pearl Brightening Day Cream SPF25 75 ml ~ Dolores","isPartOf":{"@id":"https:\/\/dolores.ee\/lv\/#website"},"primaryImageOfPage":{"@id":"https:\/\/dolores.ee\/lv\/product\/anna-lotan-classic-white-pearl-brightening-day-cream-spf25-75-ml\/#primaryimage"},"image":{"@id":"https:\/\/dolores.ee\/lv\/product\/anna-lotan-classic-white-pearl-brightening-day-cream-spf25-75-ml\/#primaryimage"},"thumbnailUrl":"https:\/\/dolores.ee\/wp-content\/uploads\/2020\/08\/185.jpg","datePublished":"2020-08-13T09:58:48+00:00","dateModified":"2026-02-11T13:22:15+00:00","breadcrumb":{"@id":"https:\/\/dolores.ee\/lv\/product\/anna-lotan-classic-white-pearl-brightening-day-cream-spf25-75-ml\/#breadcrumb"},"inLanguage":"lv-LV","potentialAction":[{"@type":"ReadAction","target":["https:\/\/dolores.ee\/lv\/product\/anna-lotan-classic-white-pearl-brightening-day-cream-spf25-75-ml\/"]}]},{"@type":"ImageObject","inLanguage":"lv-LV","@id":"https:\/\/dolores.ee\/lv\/product\/anna-lotan-classic-white-pearl-brightening-day-cream-spf25-75-ml\/#primaryimage","url":"https:\/\/dolores.ee\/wp-content\/uploads\/2020\/08\/185.jpg","contentUrl":"https:\/\/dolores.ee\/wp-content\/uploads\/2020\/08\/185.jpg","width":300,"height":599},{"@type":"BreadcrumbList","@id":"https:\/\/dolores.ee\/lv\/product\/anna-lotan-classic-white-pearl-brightening-day-cream-spf25-75-ml\/#breadcrumb","itemListElement":[{"@type":"ListItem","position":1,"name":"Home","item":"https:\/\/dolores.ee\/lv\/"},{"@type":"ListItem","position":2,"name":"E-veikals","item":"https:\/\/dolores.ee\/lv\/e-veikals\/"},{"@type":"ListItem","position":3,"name":"Anna Lotan Classic White Pearl Brightening Day Cream SPF25 75 ml"}]},{"@type":"WebSite","@id":"https:\/\/dolores.ee\/lv\/#website","url":"https:\/\/dolores.ee\/lv\/","name":"Dolores e-pood","description":"Beauty Shop","publisher":{"@id":"https:\/\/dolores.ee\/lv\/#organization"},"alternateName":"Dolores","potentialAction":[{"@type":"SearchAction","target":{"@type":"EntryPoint","urlTemplate":"https:\/\/dolores.ee\/lv\/?s={search_term_string}"},"query-input":{"@type":"PropertyValueSpecification","valueRequired":true,"valueName":"search_term_string"}}],"inLanguage":"lv-LV"},{"@type":"Organization","@id":"https:\/\/dolores.ee\/lv\/#organization","name":"Dolores O\u00dc","alternateName":"Dolores e-pood","url":"https:\/\/dolores.ee\/lv\/","logo":{"@type":"ImageObject","inLanguage":"lv-LV","@id":"https:\/\/dolores.ee\/lv\/#\/schema\/logo\/image\/","url":"https:\/\/dolores.ee\/wp-content\/uploads\/2025\/04\/logo-1.jpg","contentUrl":"https:\/\/dolores.ee\/wp-content\/uploads\/2025\/04\/logo-1.jpg","width":1951,"height":660,"caption":"Dolores O\u00dc"},"image":{"@id":"https:\/\/dolores.ee\/lv\/#\/schema\/logo\/image\/"},"sameAs":["https:\/\/www.facebook.com\/doloresepood\/"],"description":"Dolores.ee on kaasaegne veebipood, kust leiad tuntud kaubam\u00e4rkide \u2013 GIGI, Anna Lotan, Hikari, Hlavin \u2013 originaalkosmeetikat. Pakume kvaliteetseid hooldustooteid taskukohaste hindadega ja kiire kohaletoimetamisega \u00fcle Eesti. Nahahooldus pole kunagi olnud nii lihtne ja soodne!","email":"dolores@dolores.ee","telephone":"372 644 2440","legalName":"Dolores O\u00dc","foundingDate":"1998-02-09","vatID":"EE100050280","numberOfEmployees":{"@type":"QuantitativeValue","minValue":"11","maxValue":"50"}}]}},"_links":{"self":[{"href":"https:\/\/dolores.ee\/lv\/wp-json\/wp\/v2\/product\/998396","targetHints":{"allow":["GET"]}}],"collection":[{"href":"https:\/\/dolores.ee\/lv\/wp-json\/wp\/v2\/product"}],"about":[{"href":"https:\/\/dolores.ee\/lv\/wp-json\/wp\/v2\/types\/product"}],"replies":[{"embeddable":true,"href":"https:\/\/dolores.ee\/lv\/wp-json\/wp\/v2\/comments?post=998396"}],"version-history":[{"count":0,"href":"https:\/\/dolores.ee\/lv\/wp-json\/wp\/v2\/product\/998396\/revisions"}],"wp:featuredmedia":[{"embeddable":true,"href":"https:\/\/dolores.ee\/lv\/wp-json\/wp\/v2\/media\/419"}],"wp:attachment":[{"href":"https:\/\/dolores.ee\/lv\/wp-json\/wp\/v2\/media?parent=998396"}],"wp:term":[{"taxonomy":"product_brand","embeddable":true,"href":"https:\/\/dolores.ee\/lv\/wp-json\/wp\/v2\/product_brand?post=998396"},{"taxonomy":"product_cat","embeddable":true,"href":"https:\/\/dolores.ee\/lv\/wp-json\/wp\/v2\/product_cat?post=998396"},{"taxonomy":"product_tag","embeddable":true,"href":"https:\/\/dolores.ee\/lv\/wp-json\/wp\/v2\/product_tag?post=998396"},{"taxonomy":"giftcard-category","embeddable":true,"href":"https:\/\/dolores.ee\/lv\/wp-json\/wp\/v2\/giftcard-category?post=998396"}],"curies":[{"name":"wp","href":"https:\/\/api.w.org\/{rel}","templated":true}]}}