{"id":998402,"date":"2020-08-13T12:58:44","date_gmt":"2020-08-13T09:58:44","guid":{"rendered":"https:\/\/dolores.ee\/product\/anna-lotan-classic-lipo-soft-cream-50-ml\/"},"modified":"2025-12-30T15:38:18","modified_gmt":"2025-12-30T13:38:18","slug":"anna-lotan-classic-lipo-soft-cream-50-ml","status":"publish","type":"product","link":"https:\/\/dolores.ee\/lv\/product\/anna-lotan-classic-lipo-soft-cream-50-ml\/","title":{"rendered":"Anna Lotan Classic Lipo Soft Cream 50 ml"},"content":{"rendered":"<div class=\"vgblk-rw-wrapper limit-wrapper\">\n<p data-start=\"80\" data-end=\"112\"><strong data-start=\"80\" data-end=\"112\">Ieteicams visiem \u0101das tipiem<\/strong><\/p>\n<p data-start=\"114\" data-end=\"218\">Piem\u0113rots kr\u0113ms jebkur\u0101 vecum\u0101 \u2014 akt\u012bv\u0101s sast\u0101vda\u013cas dzi\u013ci iek\u013c\u016bst \u0101d\u0101, neradot \u201ctaukainas \u0101das\u201d saj\u016btu.<\/p>\n<p data-start=\"220\" data-end=\"896\">Ilgsto\u0161as iedarb\u012bbas vieglas tekst\u016bras maigs kr\u0113ms, kas bag\u0101tin\u0101ts ar e\u013c\u013c\u0101m un fitosteroliem. T\u0101 sast\u0101vs ir unik\u0101ls, jo nesatur vaskus. Lietojams sausai, nov\u0101jin\u0101tai \u0101dai, k\u0101 ar\u012b \u0101das barjerfunkcijas trauc\u0113jumiem (sausuma un taukain\u012bbas sajaukumam).<br data-start=\"469\" data-end=\"472\" \/>Ieteicams lietot visos \u0101das tipos jebkuros laika apst\u0101k\u013cos \u2014 gan zem\u0101s temperat\u016br\u0101s, gan saus\u0101 gais\u0101.<br data-start=\"573\" data-end=\"576\" \/>Premium klases sast\u0101vda\u013cas (fitoster\u012bni, burk\u0101nu e\u013c\u013ca, neaizvietojam\u0101s tauksk\u0101bes un vitam\u012bnu A un E atvasin\u0101jumi) maigi, bet intens\u012bvi atjauno epidermas lip\u012bdu strukt\u016bru, stiprinot \u0101das aizsargfunkciju.<br data-start=\"779\" data-end=\"782\" \/>Ide\u0101li piem\u0113rots k\u0101 grima pamatkr\u0113ms. Dienas kr\u0113ma lieto\u0161anas gad\u012bjum\u0101 ieteicams papildus lietot l\u012bdzek\u013cus ar SPF.<\/p>\n<p data-start=\"898\" data-end=\"1004\"><strong data-start=\"898\" data-end=\"912\">Lieto\u0161ana:<\/strong><br data-start=\"912\" data-end=\"915\" \/>Uzkl\u0101t uz att\u012br\u012btas \u0101das ar mas\u0113jo\u0161\u0101m kust\u012bb\u0101m. Lietot p\u0113c vajadz\u012bbas vai k\u0101 nakts kr\u0113mu.<\/p>\n<p data-start=\"1006\" data-end=\"1768\"><strong data-start=\"1006\" data-end=\"1018\">Sast\u0101vs:<\/strong><br data-start=\"1018\" data-end=\"1021\" \/><em>Aqua (\u016bdens), Coco-Caprylate\/Caprate, Glycerin, Glyceryl Stearate, Phospholipids, Sphingolipids, Octyldodecanol, Cetyl Palmitate, Cocoglycerides, Butylene Glycol, Calendula Officinalis Flower Extract, Glycine Soja (Sojas) Sterol, PEG-16 Soy Sterol, Phenoxyethanol, Caprylyl Glycol, Chlorphenesin, Isopropyl Myristate, Glycine Soja (Sojas) E\u013c\u013ca, Retinyl Palmitate, Carthamus Tinctorius (\u010cerme\u013cu) S\u0113klu E\u013c\u013ca, Linoleic Acid, Tocopherol, Glycol Palmitate, Glycine Soja (Sojas) E\u013c\u013ca, Daucus Carota Sativa (Burk\u0101nu) Saknes Ekstrakts, Beta-Carotene, Tocopherol, Dimethicone, Acrylates\/C10-30 Alkyl Acrylate Crosspolymer, Sodium Hyaluronate, Allantoin, Tocopheryl Acetate, Sodium Hydroxide, Hydrogenated Palm Glycerides Citrate, Parfum, Benzyl Salicylate.<\/em><\/p>\n<\/div>\n<p><!-- .vgblk-rw-wrapper --><\/p>\n","protected":false},"excerpt":{"rendered":"<p>Intens\u012bvi mitrino\u0161s sejas kr\u0113ms ar liposom\u0101m<\/p>\n","protected":false},"featured_media":403,"comment_status":"open","ping_status":"closed","template":"","meta":[],"product_brand":[],"product_cat":[712,660,664,725,716,730,783,676,718],"product_tag":[],"giftcard-category":[],"class_list":{"0":"post-998402","1":"product","2":"type-product","3":"status-publish","4":"has-post-thumbnail","6":"product_cat-aizsardziba-pret-aukstumu","7":"product_cat-anna-lotan-lv","8":"product_cat-classic-lv","9":"product_cat-dienas-krems","10":"product_cat-mitrinosi-produkti","11":"product_cat-nakts-krems","12":"product_cat-pavasara-adas-kopsana","13":"product_cat-sale-lv","14":"product_cat-sejas-kopsana","16":"first","17":"instock","18":"taxable","19":"shipping-taxable","20":"purchasable","21":"product-type-simple"},"yoast_head":"<!-- This site is optimized with the Yoast SEO Premium plugin v25.1 (Yoast SEO v25.7) - https:\/\/yoast.com\/wordpress\/plugins\/seo\/ -->\n<title>Anna Lotan Classic Lipo Soft Cream 50 ml ~ Dolores<\/title>\n<meta name=\"robots\" content=\"index, follow, max-snippet:-1, max-image-preview:large, max-video-preview:-1\" \/>\n<link rel=\"canonical\" href=\"https:\/\/dolores.ee\/lv\/product\/anna-lotan-classic-lipo-soft-cream-50-ml\/\" \/>\n<meta property=\"og:locale\" content=\"lv_LV\" \/>\n<meta property=\"og:type\" content=\"article\" \/>\n<meta property=\"og:title\" content=\"Anna Lotan Classic Lipo Soft Cream 50 ml\" \/>\n<meta property=\"og:description\" content=\"Intens\u012bvi mitrino\u0161s sejas kr\u0113ms ar liposom\u0101m\" \/>\n<meta property=\"og:url\" content=\"https:\/\/dolores.ee\/lv\/product\/anna-lotan-classic-lipo-soft-cream-50-ml\/\" \/>\n<meta property=\"og:site_name\" content=\"Dolores\" \/>\n<meta property=\"article:publisher\" content=\"https:\/\/www.facebook.com\/doloresepood\/\" \/>\n<meta property=\"article:modified_time\" content=\"2025-12-30T13:38:18+00:00\" \/>\n<meta property=\"og:image\" content=\"https:\/\/dolores.ee\/wp-content\/uploads\/2025\/05\/seo.jpg\" \/>\n\t<meta property=\"og:image:width\" content=\"1200\" \/>\n\t<meta property=\"og:image:height\" content=\"675\" \/>\n\t<meta property=\"og:image:type\" content=\"image\/jpeg\" \/>\n<meta name=\"twitter:card\" content=\"summary_large_image\" \/>\n<meta name=\"twitter:label1\" content=\"Est. reading time\" \/>\n\t<meta name=\"twitter:data1\" content=\"1 minute\" \/>\n<script type=\"application\/ld+json\" class=\"yoast-schema-graph\">{\"@context\":\"https:\/\/schema.org\",\"@graph\":[{\"@type\":\"WebPage\",\"@id\":\"https:\/\/dolores.ee\/lv\/product\/anna-lotan-classic-lipo-soft-cream-50-ml\/\",\"url\":\"https:\/\/dolores.ee\/lv\/product\/anna-lotan-classic-lipo-soft-cream-50-ml\/\",\"name\":\"Anna Lotan Classic Lipo Soft Cream 50 ml ~ Dolores\",\"isPartOf\":{\"@id\":\"https:\/\/dolores.ee\/lv\/#website\"},\"primaryImageOfPage\":{\"@id\":\"https:\/\/dolores.ee\/lv\/product\/anna-lotan-classic-lipo-soft-cream-50-ml\/#primaryimage\"},\"image\":{\"@id\":\"https:\/\/dolores.ee\/lv\/product\/anna-lotan-classic-lipo-soft-cream-50-ml\/#primaryimage\"},\"thumbnailUrl\":\"https:\/\/dolores.ee\/wp-content\/uploads\/2020\/08\/053a_Lipo_Soft_Cream_50ml.jpg\",\"datePublished\":\"2020-08-13T09:58:44+00:00\",\"dateModified\":\"2025-12-30T13:38:18+00:00\",\"breadcrumb\":{\"@id\":\"https:\/\/dolores.ee\/lv\/product\/anna-lotan-classic-lipo-soft-cream-50-ml\/#breadcrumb\"},\"inLanguage\":\"lv-LV\",\"potentialAction\":[{\"@type\":\"ReadAction\",\"target\":[\"https:\/\/dolores.ee\/lv\/product\/anna-lotan-classic-lipo-soft-cream-50-ml\/\"]}]},{\"@type\":\"ImageObject\",\"inLanguage\":\"lv-LV\",\"@id\":\"https:\/\/dolores.ee\/lv\/product\/anna-lotan-classic-lipo-soft-cream-50-ml\/#primaryimage\",\"url\":\"https:\/\/dolores.ee\/wp-content\/uploads\/2020\/08\/053a_Lipo_Soft_Cream_50ml.jpg\",\"contentUrl\":\"https:\/\/dolores.ee\/wp-content\/uploads\/2020\/08\/053a_Lipo_Soft_Cream_50ml.jpg\",\"width\":1904,\"height\":2257},{\"@type\":\"BreadcrumbList\",\"@id\":\"https:\/\/dolores.ee\/lv\/product\/anna-lotan-classic-lipo-soft-cream-50-ml\/#breadcrumb\",\"itemListElement\":[{\"@type\":\"ListItem\",\"position\":1,\"name\":\"Home\",\"item\":\"https:\/\/dolores.ee\/lv\/\"},{\"@type\":\"ListItem\",\"position\":2,\"name\":\"E-veikals\",\"item\":\"https:\/\/dolores.ee\/lv\/e-veikals\/\"},{\"@type\":\"ListItem\",\"position\":3,\"name\":\"Anna Lotan Classic Lipo Soft Cream 50 ml\"}]},{\"@type\":\"WebSite\",\"@id\":\"https:\/\/dolores.ee\/lv\/#website\",\"url\":\"https:\/\/dolores.ee\/lv\/\",\"name\":\"Dolores e-pood\",\"description\":\"Beauty Shop\",\"publisher\":{\"@id\":\"https:\/\/dolores.ee\/lv\/#organization\"},\"alternateName\":\"Dolores\",\"potentialAction\":[{\"@type\":\"SearchAction\",\"target\":{\"@type\":\"EntryPoint\",\"urlTemplate\":\"https:\/\/dolores.ee\/lv\/?s={search_term_string}\"},\"query-input\":{\"@type\":\"PropertyValueSpecification\",\"valueRequired\":true,\"valueName\":\"search_term_string\"}}],\"inLanguage\":\"lv-LV\"},{\"@type\":\"Organization\",\"@id\":\"https:\/\/dolores.ee\/lv\/#organization\",\"name\":\"Dolores O\u00dc\",\"alternateName\":\"Dolores e-pood\",\"url\":\"https:\/\/dolores.ee\/lv\/\",\"logo\":{\"@type\":\"ImageObject\",\"inLanguage\":\"lv-LV\",\"@id\":\"https:\/\/dolores.ee\/lv\/#\/schema\/logo\/image\/\",\"url\":\"https:\/\/dolores.ee\/wp-content\/uploads\/2025\/04\/logo-1.jpg\",\"contentUrl\":\"https:\/\/dolores.ee\/wp-content\/uploads\/2025\/04\/logo-1.jpg\",\"width\":1951,\"height\":660,\"caption\":\"Dolores O\u00dc\"},\"image\":{\"@id\":\"https:\/\/dolores.ee\/lv\/#\/schema\/logo\/image\/\"},\"sameAs\":[\"https:\/\/www.facebook.com\/doloresepood\/\"],\"description\":\"Dolores.ee on kaasaegne veebipood, kust leiad tuntud kaubam\u00e4rkide \u2013 GIGI, Anna Lotan, Hikari, Hlavin \u2013 originaalkosmeetikat. Pakume kvaliteetseid hooldustooteid taskukohaste hindadega ja kiire kohaletoimetamisega \u00fcle Eesti. Nahahooldus pole kunagi olnud nii lihtne ja soodne!\",\"email\":\"dolores@dolores.ee\",\"telephone\":\"372 644 2440\",\"legalName\":\"Dolores O\u00dc\",\"foundingDate\":\"1998-02-09\",\"vatID\":\"EE100050280\",\"numberOfEmployees\":{\"@type\":\"QuantitativeValue\",\"minValue\":\"11\",\"maxValue\":\"50\"}}]}<\/script>\n<!-- \/ Yoast SEO Premium plugin. -->","yoast_head_json":{"title":"Anna Lotan Classic Lipo Soft Cream 50 ml ~ Dolores","robots":{"index":"index","follow":"follow","max-snippet":"max-snippet:-1","max-image-preview":"max-image-preview:large","max-video-preview":"max-video-preview:-1"},"canonical":"https:\/\/dolores.ee\/lv\/product\/anna-lotan-classic-lipo-soft-cream-50-ml\/","og_locale":"lv_LV","og_type":"article","og_title":"Anna Lotan Classic Lipo Soft Cream 50 ml","og_description":"Intens\u012bvi mitrino\u0161s sejas kr\u0113ms ar liposom\u0101m","og_url":"https:\/\/dolores.ee\/lv\/product\/anna-lotan-classic-lipo-soft-cream-50-ml\/","og_site_name":"Dolores","article_publisher":"https:\/\/www.facebook.com\/doloresepood\/","article_modified_time":"2025-12-30T13:38:18+00:00","og_image":[{"width":1200,"height":675,"url":"https:\/\/dolores.ee\/wp-content\/uploads\/2025\/05\/seo.jpg","type":"image\/jpeg"}],"twitter_card":"summary_large_image","twitter_misc":{"Est. reading time":"1 minute"},"schema":{"@context":"https:\/\/schema.org","@graph":[{"@type":"WebPage","@id":"https:\/\/dolores.ee\/lv\/product\/anna-lotan-classic-lipo-soft-cream-50-ml\/","url":"https:\/\/dolores.ee\/lv\/product\/anna-lotan-classic-lipo-soft-cream-50-ml\/","name":"Anna Lotan Classic Lipo Soft Cream 50 ml ~ Dolores","isPartOf":{"@id":"https:\/\/dolores.ee\/lv\/#website"},"primaryImageOfPage":{"@id":"https:\/\/dolores.ee\/lv\/product\/anna-lotan-classic-lipo-soft-cream-50-ml\/#primaryimage"},"image":{"@id":"https:\/\/dolores.ee\/lv\/product\/anna-lotan-classic-lipo-soft-cream-50-ml\/#primaryimage"},"thumbnailUrl":"https:\/\/dolores.ee\/wp-content\/uploads\/2020\/08\/053a_Lipo_Soft_Cream_50ml.jpg","datePublished":"2020-08-13T09:58:44+00:00","dateModified":"2025-12-30T13:38:18+00:00","breadcrumb":{"@id":"https:\/\/dolores.ee\/lv\/product\/anna-lotan-classic-lipo-soft-cream-50-ml\/#breadcrumb"},"inLanguage":"lv-LV","potentialAction":[{"@type":"ReadAction","target":["https:\/\/dolores.ee\/lv\/product\/anna-lotan-classic-lipo-soft-cream-50-ml\/"]}]},{"@type":"ImageObject","inLanguage":"lv-LV","@id":"https:\/\/dolores.ee\/lv\/product\/anna-lotan-classic-lipo-soft-cream-50-ml\/#primaryimage","url":"https:\/\/dolores.ee\/wp-content\/uploads\/2020\/08\/053a_Lipo_Soft_Cream_50ml.jpg","contentUrl":"https:\/\/dolores.ee\/wp-content\/uploads\/2020\/08\/053a_Lipo_Soft_Cream_50ml.jpg","width":1904,"height":2257},{"@type":"BreadcrumbList","@id":"https:\/\/dolores.ee\/lv\/product\/anna-lotan-classic-lipo-soft-cream-50-ml\/#breadcrumb","itemListElement":[{"@type":"ListItem","position":1,"name":"Home","item":"https:\/\/dolores.ee\/lv\/"},{"@type":"ListItem","position":2,"name":"E-veikals","item":"https:\/\/dolores.ee\/lv\/e-veikals\/"},{"@type":"ListItem","position":3,"name":"Anna Lotan Classic Lipo Soft Cream 50 ml"}]},{"@type":"WebSite","@id":"https:\/\/dolores.ee\/lv\/#website","url":"https:\/\/dolores.ee\/lv\/","name":"Dolores e-pood","description":"Beauty Shop","publisher":{"@id":"https:\/\/dolores.ee\/lv\/#organization"},"alternateName":"Dolores","potentialAction":[{"@type":"SearchAction","target":{"@type":"EntryPoint","urlTemplate":"https:\/\/dolores.ee\/lv\/?s={search_term_string}"},"query-input":{"@type":"PropertyValueSpecification","valueRequired":true,"valueName":"search_term_string"}}],"inLanguage":"lv-LV"},{"@type":"Organization","@id":"https:\/\/dolores.ee\/lv\/#organization","name":"Dolores O\u00dc","alternateName":"Dolores e-pood","url":"https:\/\/dolores.ee\/lv\/","logo":{"@type":"ImageObject","inLanguage":"lv-LV","@id":"https:\/\/dolores.ee\/lv\/#\/schema\/logo\/image\/","url":"https:\/\/dolores.ee\/wp-content\/uploads\/2025\/04\/logo-1.jpg","contentUrl":"https:\/\/dolores.ee\/wp-content\/uploads\/2025\/04\/logo-1.jpg","width":1951,"height":660,"caption":"Dolores O\u00dc"},"image":{"@id":"https:\/\/dolores.ee\/lv\/#\/schema\/logo\/image\/"},"sameAs":["https:\/\/www.facebook.com\/doloresepood\/"],"description":"Dolores.ee on kaasaegne veebipood, kust leiad tuntud kaubam\u00e4rkide \u2013 GIGI, Anna Lotan, Hikari, Hlavin \u2013 originaalkosmeetikat. Pakume kvaliteetseid hooldustooteid taskukohaste hindadega ja kiire kohaletoimetamisega \u00fcle Eesti. Nahahooldus pole kunagi olnud nii lihtne ja soodne!","email":"dolores@dolores.ee","telephone":"372 644 2440","legalName":"Dolores O\u00dc","foundingDate":"1998-02-09","vatID":"EE100050280","numberOfEmployees":{"@type":"QuantitativeValue","minValue":"11","maxValue":"50"}}]}},"_links":{"self":[{"href":"https:\/\/dolores.ee\/lv\/wp-json\/wp\/v2\/product\/998402","targetHints":{"allow":["GET"]}}],"collection":[{"href":"https:\/\/dolores.ee\/lv\/wp-json\/wp\/v2\/product"}],"about":[{"href":"https:\/\/dolores.ee\/lv\/wp-json\/wp\/v2\/types\/product"}],"replies":[{"embeddable":true,"href":"https:\/\/dolores.ee\/lv\/wp-json\/wp\/v2\/comments?post=998402"}],"version-history":[{"count":0,"href":"https:\/\/dolores.ee\/lv\/wp-json\/wp\/v2\/product\/998402\/revisions"}],"wp:featuredmedia":[{"embeddable":true,"href":"https:\/\/dolores.ee\/lv\/wp-json\/wp\/v2\/media\/403"}],"wp:attachment":[{"href":"https:\/\/dolores.ee\/lv\/wp-json\/wp\/v2\/media?parent=998402"}],"wp:term":[{"taxonomy":"product_brand","embeddable":true,"href":"https:\/\/dolores.ee\/lv\/wp-json\/wp\/v2\/product_brand?post=998402"},{"taxonomy":"product_cat","embeddable":true,"href":"https:\/\/dolores.ee\/lv\/wp-json\/wp\/v2\/product_cat?post=998402"},{"taxonomy":"product_tag","embeddable":true,"href":"https:\/\/dolores.ee\/lv\/wp-json\/wp\/v2\/product_tag?post=998402"},{"taxonomy":"giftcard-category","embeddable":true,"href":"https:\/\/dolores.ee\/lv\/wp-json\/wp\/v2\/giftcard-category?post=998402"}],"curies":[{"name":"wp","href":"https:\/\/api.w.org\/{rel}","templated":true}]}}