{"id":998427,"date":"2020-08-13T12:58:33","date_gmt":"2020-08-13T09:58:33","guid":{"rendered":"https:\/\/dolores.ee\/product\/anna-lotan-new-age-control-atjaunojoss-dienas-krems-spf25-75-ml\/"},"modified":"2025-07-01T11:06:05","modified_gmt":"2025-07-01T08:06:05","slug":"anna-lotan-new-age-control-atjaunojoss-dienas-krems-spf25-75-ml","status":"publish","type":"product","link":"https:\/\/dolores.ee\/lv\/product\/anna-lotan-new-age-control-atjaunojoss-dienas-krems-spf25-75-ml\/","title":{"rendered":"Anna Lotan New Age Control Atjaunojo\u0161s dienas kr\u0113ms SPF25 75 ml"},"content":{"rendered":"<div class=\"vgblk-rw-wrapper limit-wrapper\">\n<p data-start=\"0\" data-end=\"604\">Atjaunojo\u0161s dienas kr\u0113ms ar UV aizsardz\u012bbas faktoru SPF 29. Mitrino\u0161s pret grumb\u0101m v\u0113rsts dienas kr\u0113ms ar UVA un UVB staru aizsardz\u012bbu visiem \u0101das tipiem. Bag\u0101tin\u0101ts ar Sepilift DPHP kompleksu, kas apvienots ar proli\u0146a aminosk\u0101bi un palmu e\u013c\u013cu, kas pastiprina t\u0101 iedarb\u012bbu. \u0160is komplekss akt\u012bvi samazina grumbas.<br data-start=\"378\" data-end=\"381\" data-is-only-node=\"\" \/>Papildus tam mitrino\u0161s komplekss AQUAXYL uzlabo \u0101das mitruma l\u012bmeni.<br data-start=\"449\" data-end=\"452\" \/>Jojobas e\u013c\u013ca un \u0161\u012b sviests samazina \u016bdens zudumu \u0101d\u0101 un m\u012bkstina \u0101du. E vitam\u012bns darbojas k\u0101 antioksidants un samazina br\u012bvo radik\u0101\u013cu kait\u012bgo ietekmi.<\/p>\n<p data-start=\"606\" data-end=\"951\"><strong data-start=\"606\" data-end=\"620\">Lieto\u0161ana:<\/strong><br data-start=\"620\" data-end=\"623\" \/>Lietot k\u0101 dienas kr\u0113mu ikdien\u0101 pirms do\u0161an\u0101s saul\u0113.<br data-start=\"674\" data-end=\"677\" data-is-only-node=\"\" \/>Uzkl\u0101t uz sejas un kakla l\u012bdz kr\u0113ms piln\u012bb\u0101 uzs\u016bcas. Nepiecie\u0161am\u012bbas gad\u012bjum\u0101 dienas laik\u0101 atk\u0101rtoti uzkl\u0101t, lai aizsarg\u0101tu \u0101du no UV starojuma.<br data-start=\"821\" data-end=\"824\" \/>Tikai \u0101r\u012bgai lieto\u0161anai. Glab\u0101t \u0101rpus acu sasniedzam\u012bbas. Nelietot boj\u0101t\u0101 vai iekaisu\u0161\u0101 \u0101d\u0101! Glab\u0101t b\u0113rniem nepieejam\u0101 viet\u0101!<\/p>\n<p data-start=\"953\" data-end=\"1684\" data-is-last-node=\"\" data-is-only-node=\"\"><strong data-start=\"953\" data-end=\"965\">Sast\u0101vs:<\/strong><br data-start=\"965\" data-end=\"968\" \/><em>Aqua (\u016bdens), Ethylhexyl Methoxycinnamate, Caprylic\/Capric Triglyceride, Cetearyl Isononanoate, C12-15 Alkyl Benzoate, Titanium Dioxide, Simmondsia Chinensis (Jojoba) Seed Oil, Propanediol, Cetearyl Alcohol, Arachidyl Alcohol, Butyrospermum Parkii (\u0160\u012b sviests), Dipalmitoyl Hydroxyproline, Betaine, Behenyl Alcohol, Glyceryl Stearate, PEG-100 Stearate, Glycine Soja (Sojas) Sterols, Squalane, Phenoxyethanol, Dimethicone, Polyacrylate-13, Cetearyl Glucoside, Triethanolamine, Alumina, Arachidyl Glucoside, Xylitylglucoside, Polyisobutene, Parfum (smar\u017eviela), Caprylyl Glycol, Anhydroxylitol, Chlorphenesin, Cetyl Phosphate, Disodium EDTA, Simethicone, Xylitol, Polysorbate 20, Tocopherol, Beta-Sitosterol, Squalene.<\/em><\/p>\n<\/div>\n<p><!-- .vgblk-rw-wrapper --><\/p>\n","protected":false},"excerpt":{"rendered":"<p>Anna Lotan New Age Control Atjaunojo\u0161s dienas kr\u0113ms SPF25 75 ml<\/p>\n","protected":false},"featured_media":0,"comment_status":"open","ping_status":"closed","template":"","meta":[],"product_brand":[],"product_cat":[725,716,671,684,676,704],"product_tag":[],"giftcard-category":[],"class_list":{"0":"post-998427","1":"product","2":"type-product","3":"status-publish","5":"product_cat-dienas-krems","6":"product_cat-mitrinosi-produkti","7":"product_cat-new-age-lv","8":"product_cat-pirms-pilinga","9":"product_cat-sale-lv","10":"product_cat-saules-aizsardziba","12":"first","13":"outofstock","14":"taxable","15":"shipping-taxable","16":"purchasable","17":"product-type-simple"},"yoast_head":"<!-- This site is optimized with the Yoast SEO Premium plugin v25.1 (Yoast SEO v25.7) - https:\/\/yoast.com\/wordpress\/plugins\/seo\/ -->\n<title>Anna Lotan New Age Control Atjaunojo\u0161s dienas kr\u0113ms SPF25 75 ml ~ Dolores<\/title>\n<meta name=\"robots\" content=\"index, follow, max-snippet:-1, max-image-preview:large, max-video-preview:-1\" \/>\n<link rel=\"canonical\" href=\"https:\/\/dolores.ee\/lv\/product\/anna-lotan-new-age-control-atjaunojoss-dienas-krems-spf25-75-ml\/\" \/>\n<meta property=\"og:locale\" content=\"lv_LV\" \/>\n<meta property=\"og:type\" content=\"article\" \/>\n<meta property=\"og:title\" content=\"Anna Lotan New Age Control Atjaunojo\u0161s dienas kr\u0113ms SPF25 75 ml\" \/>\n<meta property=\"og:description\" content=\"Anna Lotan New Age Control Atjaunojo\u0161s dienas kr\u0113ms SPF25 75 ml\" \/>\n<meta property=\"og:url\" content=\"https:\/\/dolores.ee\/lv\/product\/anna-lotan-new-age-control-atjaunojoss-dienas-krems-spf25-75-ml\/\" \/>\n<meta property=\"og:site_name\" content=\"Dolores\" \/>\n<meta property=\"article:publisher\" content=\"https:\/\/www.facebook.com\/doloresepood\/\" \/>\n<meta property=\"article:modified_time\" content=\"2025-07-01T08:06:05+00:00\" \/>\n<meta property=\"og:image\" content=\"https:\/\/dolores.ee\/wp-content\/uploads\/2025\/05\/seo.jpg\" \/>\n\t<meta property=\"og:image:width\" content=\"1200\" \/>\n\t<meta property=\"og:image:height\" content=\"675\" \/>\n\t<meta property=\"og:image:type\" content=\"image\/jpeg\" \/>\n<meta name=\"twitter:card\" content=\"summary_large_image\" \/>\n<meta name=\"twitter:label1\" content=\"Est. reading time\" \/>\n\t<meta name=\"twitter:data1\" content=\"1 minute\" \/>\n<script type=\"application\/ld+json\" class=\"yoast-schema-graph\">{\"@context\":\"https:\/\/schema.org\",\"@graph\":[{\"@type\":\"WebPage\",\"@id\":\"https:\/\/dolores.ee\/lv\/product\/anna-lotan-new-age-control-atjaunojoss-dienas-krems-spf25-75-ml\/\",\"url\":\"https:\/\/dolores.ee\/lv\/product\/anna-lotan-new-age-control-atjaunojoss-dienas-krems-spf25-75-ml\/\",\"name\":\"Anna Lotan New Age Control Atjaunojo\u0161s dienas kr\u0113ms SPF25 75 ml ~ Dolores\",\"isPartOf\":{\"@id\":\"https:\/\/dolores.ee\/lv\/#website\"},\"datePublished\":\"2020-08-13T09:58:33+00:00\",\"dateModified\":\"2025-07-01T08:06:05+00:00\",\"breadcrumb\":{\"@id\":\"https:\/\/dolores.ee\/lv\/product\/anna-lotan-new-age-control-atjaunojoss-dienas-krems-spf25-75-ml\/#breadcrumb\"},\"inLanguage\":\"lv-LV\",\"potentialAction\":[{\"@type\":\"ReadAction\",\"target\":[\"https:\/\/dolores.ee\/lv\/product\/anna-lotan-new-age-control-atjaunojoss-dienas-krems-spf25-75-ml\/\"]}]},{\"@type\":\"BreadcrumbList\",\"@id\":\"https:\/\/dolores.ee\/lv\/product\/anna-lotan-new-age-control-atjaunojoss-dienas-krems-spf25-75-ml\/#breadcrumb\",\"itemListElement\":[{\"@type\":\"ListItem\",\"position\":1,\"name\":\"Home\",\"item\":\"https:\/\/dolores.ee\/lv\/\"},{\"@type\":\"ListItem\",\"position\":2,\"name\":\"E-veikals\",\"item\":\"https:\/\/dolores.ee\/lv\/e-veikals\/\"},{\"@type\":\"ListItem\",\"position\":3,\"name\":\"Anna Lotan New Age Control Atjaunojo\u0161s dienas kr\u0113ms SPF25 75 ml\"}]},{\"@type\":\"WebSite\",\"@id\":\"https:\/\/dolores.ee\/lv\/#website\",\"url\":\"https:\/\/dolores.ee\/lv\/\",\"name\":\"Dolores e-pood\",\"description\":\"Beauty Shop\",\"publisher\":{\"@id\":\"https:\/\/dolores.ee\/lv\/#organization\"},\"alternateName\":\"Dolores\",\"potentialAction\":[{\"@type\":\"SearchAction\",\"target\":{\"@type\":\"EntryPoint\",\"urlTemplate\":\"https:\/\/dolores.ee\/lv\/?s={search_term_string}\"},\"query-input\":{\"@type\":\"PropertyValueSpecification\",\"valueRequired\":true,\"valueName\":\"search_term_string\"}}],\"inLanguage\":\"lv-LV\"},{\"@type\":\"Organization\",\"@id\":\"https:\/\/dolores.ee\/lv\/#organization\",\"name\":\"Dolores O\u00dc\",\"alternateName\":\"Dolores e-pood\",\"url\":\"https:\/\/dolores.ee\/lv\/\",\"logo\":{\"@type\":\"ImageObject\",\"inLanguage\":\"lv-LV\",\"@id\":\"https:\/\/dolores.ee\/lv\/#\/schema\/logo\/image\/\",\"url\":\"https:\/\/dolores.ee\/wp-content\/uploads\/2025\/04\/logo-1.jpg\",\"contentUrl\":\"https:\/\/dolores.ee\/wp-content\/uploads\/2025\/04\/logo-1.jpg\",\"width\":1951,\"height\":660,\"caption\":\"Dolores O\u00dc\"},\"image\":{\"@id\":\"https:\/\/dolores.ee\/lv\/#\/schema\/logo\/image\/\"},\"sameAs\":[\"https:\/\/www.facebook.com\/doloresepood\/\"],\"description\":\"Dolores.ee on kaasaegne veebipood, kust leiad tuntud kaubam\u00e4rkide \u2013 GIGI, Anna Lotan, Hikari, Hlavin \u2013 originaalkosmeetikat. Pakume kvaliteetseid hooldustooteid taskukohaste hindadega ja kiire kohaletoimetamisega \u00fcle Eesti. Nahahooldus pole kunagi olnud nii lihtne ja soodne!\",\"email\":\"dolores@dolores.ee\",\"telephone\":\"372 644 2440\",\"legalName\":\"Dolores O\u00dc\",\"foundingDate\":\"1998-02-09\",\"vatID\":\"EE100050280\",\"numberOfEmployees\":{\"@type\":\"QuantitativeValue\",\"minValue\":\"11\",\"maxValue\":\"50\"}}]}<\/script>\n<!-- \/ Yoast SEO Premium plugin. -->","yoast_head_json":{"title":"Anna Lotan New Age Control Atjaunojo\u0161s dienas kr\u0113ms SPF25 75 ml ~ Dolores","robots":{"index":"index","follow":"follow","max-snippet":"max-snippet:-1","max-image-preview":"max-image-preview:large","max-video-preview":"max-video-preview:-1"},"canonical":"https:\/\/dolores.ee\/lv\/product\/anna-lotan-new-age-control-atjaunojoss-dienas-krems-spf25-75-ml\/","og_locale":"lv_LV","og_type":"article","og_title":"Anna Lotan New Age Control Atjaunojo\u0161s dienas kr\u0113ms SPF25 75 ml","og_description":"Anna Lotan New Age Control Atjaunojo\u0161s dienas kr\u0113ms SPF25 75 ml","og_url":"https:\/\/dolores.ee\/lv\/product\/anna-lotan-new-age-control-atjaunojoss-dienas-krems-spf25-75-ml\/","og_site_name":"Dolores","article_publisher":"https:\/\/www.facebook.com\/doloresepood\/","article_modified_time":"2025-07-01T08:06:05+00:00","og_image":[{"width":1200,"height":675,"url":"https:\/\/dolores.ee\/wp-content\/uploads\/2025\/05\/seo.jpg","type":"image\/jpeg"}],"twitter_card":"summary_large_image","twitter_misc":{"Est. reading time":"1 minute"},"schema":{"@context":"https:\/\/schema.org","@graph":[{"@type":"WebPage","@id":"https:\/\/dolores.ee\/lv\/product\/anna-lotan-new-age-control-atjaunojoss-dienas-krems-spf25-75-ml\/","url":"https:\/\/dolores.ee\/lv\/product\/anna-lotan-new-age-control-atjaunojoss-dienas-krems-spf25-75-ml\/","name":"Anna Lotan New Age Control Atjaunojo\u0161s dienas kr\u0113ms SPF25 75 ml ~ Dolores","isPartOf":{"@id":"https:\/\/dolores.ee\/lv\/#website"},"datePublished":"2020-08-13T09:58:33+00:00","dateModified":"2025-07-01T08:06:05+00:00","breadcrumb":{"@id":"https:\/\/dolores.ee\/lv\/product\/anna-lotan-new-age-control-atjaunojoss-dienas-krems-spf25-75-ml\/#breadcrumb"},"inLanguage":"lv-LV","potentialAction":[{"@type":"ReadAction","target":["https:\/\/dolores.ee\/lv\/product\/anna-lotan-new-age-control-atjaunojoss-dienas-krems-spf25-75-ml\/"]}]},{"@type":"BreadcrumbList","@id":"https:\/\/dolores.ee\/lv\/product\/anna-lotan-new-age-control-atjaunojoss-dienas-krems-spf25-75-ml\/#breadcrumb","itemListElement":[{"@type":"ListItem","position":1,"name":"Home","item":"https:\/\/dolores.ee\/lv\/"},{"@type":"ListItem","position":2,"name":"E-veikals","item":"https:\/\/dolores.ee\/lv\/e-veikals\/"},{"@type":"ListItem","position":3,"name":"Anna Lotan New Age Control Atjaunojo\u0161s dienas kr\u0113ms SPF25 75 ml"}]},{"@type":"WebSite","@id":"https:\/\/dolores.ee\/lv\/#website","url":"https:\/\/dolores.ee\/lv\/","name":"Dolores e-pood","description":"Beauty Shop","publisher":{"@id":"https:\/\/dolores.ee\/lv\/#organization"},"alternateName":"Dolores","potentialAction":[{"@type":"SearchAction","target":{"@type":"EntryPoint","urlTemplate":"https:\/\/dolores.ee\/lv\/?s={search_term_string}"},"query-input":{"@type":"PropertyValueSpecification","valueRequired":true,"valueName":"search_term_string"}}],"inLanguage":"lv-LV"},{"@type":"Organization","@id":"https:\/\/dolores.ee\/lv\/#organization","name":"Dolores O\u00dc","alternateName":"Dolores e-pood","url":"https:\/\/dolores.ee\/lv\/","logo":{"@type":"ImageObject","inLanguage":"lv-LV","@id":"https:\/\/dolores.ee\/lv\/#\/schema\/logo\/image\/","url":"https:\/\/dolores.ee\/wp-content\/uploads\/2025\/04\/logo-1.jpg","contentUrl":"https:\/\/dolores.ee\/wp-content\/uploads\/2025\/04\/logo-1.jpg","width":1951,"height":660,"caption":"Dolores O\u00dc"},"image":{"@id":"https:\/\/dolores.ee\/lv\/#\/schema\/logo\/image\/"},"sameAs":["https:\/\/www.facebook.com\/doloresepood\/"],"description":"Dolores.ee on kaasaegne veebipood, kust leiad tuntud kaubam\u00e4rkide \u2013 GIGI, Anna Lotan, Hikari, Hlavin \u2013 originaalkosmeetikat. Pakume kvaliteetseid hooldustooteid taskukohaste hindadega ja kiire kohaletoimetamisega \u00fcle Eesti. Nahahooldus pole kunagi olnud nii lihtne ja soodne!","email":"dolores@dolores.ee","telephone":"372 644 2440","legalName":"Dolores O\u00dc","foundingDate":"1998-02-09","vatID":"EE100050280","numberOfEmployees":{"@type":"QuantitativeValue","minValue":"11","maxValue":"50"}}]}},"_links":{"self":[{"href":"https:\/\/dolores.ee\/lv\/wp-json\/wp\/v2\/product\/998427","targetHints":{"allow":["GET"]}}],"collection":[{"href":"https:\/\/dolores.ee\/lv\/wp-json\/wp\/v2\/product"}],"about":[{"href":"https:\/\/dolores.ee\/lv\/wp-json\/wp\/v2\/types\/product"}],"replies":[{"embeddable":true,"href":"https:\/\/dolores.ee\/lv\/wp-json\/wp\/v2\/comments?post=998427"}],"version-history":[{"count":0,"href":"https:\/\/dolores.ee\/lv\/wp-json\/wp\/v2\/product\/998427\/revisions"}],"wp:attachment":[{"href":"https:\/\/dolores.ee\/lv\/wp-json\/wp\/v2\/media?parent=998427"}],"wp:term":[{"taxonomy":"product_brand","embeddable":true,"href":"https:\/\/dolores.ee\/lv\/wp-json\/wp\/v2\/product_brand?post=998427"},{"taxonomy":"product_cat","embeddable":true,"href":"https:\/\/dolores.ee\/lv\/wp-json\/wp\/v2\/product_cat?post=998427"},{"taxonomy":"product_tag","embeddable":true,"href":"https:\/\/dolores.ee\/lv\/wp-json\/wp\/v2\/product_tag?post=998427"},{"taxonomy":"giftcard-category","embeddable":true,"href":"https:\/\/dolores.ee\/lv\/wp-json\/wp\/v2\/giftcard-category?post=998427"}],"curies":[{"name":"wp","href":"https:\/\/api.w.org\/{rel}","templated":true}]}}