{"id":998429,"date":"2020-08-13T12:58:33","date_gmt":"2020-08-13T09:58:33","guid":{"rendered":"https:\/\/dolores.ee\/product\/anna-lotan-new-age-control-aktiva-skrubja-emulsija-50-ml\/"},"modified":"2025-07-01T11:06:05","modified_gmt":"2025-07-01T08:06:05","slug":"anna-lotan-new-age-control-aktiva-skrubja-emulsija-50-ml","status":"publish","type":"product","link":"https:\/\/dolores.ee\/lv\/product\/anna-lotan-new-age-control-aktiva-skrubja-emulsija-50-ml\/","title":{"rendered":"Anna Lotan New Age Control Akt\u012bv\u0101 skrubja emulsija 50 ml"},"content":{"rendered":"<div class=\"vgblk-rw-wrapper limit-wrapper\">\n<p data-start=\"58\" data-end=\"367\">Maiga skrubja emulsija ar aug\u013csk\u0101b\u0113m. Uzlabo \u0101das atjauno\u0161an\u0101s procesus. Palielina \u0101das mitruma l\u012bmeni. Veicina miru\u0161o \u0101das \u0161\u016bnu no\u0146em\u0161anu. Rezult\u0101ts \u2014 maiga, svaiga un z\u012bdaina \u0101da.<br \/>\n<br data-start=\"239\" data-end=\"242\" \/><strong>Lieto\u0161ana:<\/strong> vakar\u0101 uzkl\u0101t uz sejas ar vat\u012bti. Ja lieto skrubjo\u0161o emulsiju, dienas laik\u0101 oblig\u0101ti lietot saules aizsargkr\u0113mu.<\/p>\n<p data-start=\"369\" data-end=\"808\" data-is-last-node=\"\" data-is-only-node=\"\"><strong>Sast\u0101vs:<\/strong> Water (Aqua), Isohexadecane, Camellia Sinensis Leaf Extract, Steareth-2 \/ PEG-8 Distearate, Glycolic Acid, Glycerin, Steareth-21, Aluminum Starch Octenylsuccinate, Squalane, Cyclopentasiloxane, Dimethiconol, Glyceryl Stearate, PEG-100 Stearate, Polygonum Aviculare Extract, Cyclopentasiloxane, Benzyl Alcohol, Benzoic Acid, Sorbic Acid, Dehydroacetic Acid, Gluconolactone, Sodium Benzoate, Allantoin, Parfum, Xanthan Gum, Glucose.<\/p>\n<\/div>\n<p><!-- .vgblk-rw-wrapper --><\/p>\n","protected":false},"excerpt":{"rendered":"<p>Anna Lotan New Age Control Akt\u012bv\u0101 skrubja emulsija 50 ml<\/p>\n","protected":false},"featured_media":0,"comment_status":"open","ping_status":"closed","template":"","meta":[],"product_brand":[],"product_cat":[660,730,671,723,684,676],"product_tag":[],"giftcard-category":[],"class_list":{"0":"post-998429","1":"product","2":"type-product","3":"status-publish","5":"product_cat-anna-lotan-lv","6":"product_cat-nakts-krems","7":"product_cat-new-age-lv","8":"product_cat-peelings","9":"product_cat-pirms-pilinga","10":"product_cat-sale-lv","12":"first","13":"outofstock","14":"taxable","15":"shipping-taxable","16":"purchasable","17":"product-type-simple"},"yoast_head":"<!-- This site is optimized with the Yoast SEO Premium plugin v25.1 (Yoast SEO v25.7) - https:\/\/yoast.com\/wordpress\/plugins\/seo\/ -->\n<title>Anna Lotan New Age Control Akt\u012bv\u0101 skrubja emulsija 50 ml ~ Dolores<\/title>\n<meta name=\"robots\" content=\"index, follow, max-snippet:-1, max-image-preview:large, max-video-preview:-1\" \/>\n<link rel=\"canonical\" href=\"https:\/\/dolores.ee\/lv\/product\/anna-lotan-new-age-control-aktiva-skrubja-emulsija-50-ml\/\" \/>\n<meta property=\"og:locale\" content=\"lv_LV\" \/>\n<meta property=\"og:type\" content=\"article\" \/>\n<meta property=\"og:title\" content=\"Anna Lotan New Age Control Akt\u012bv\u0101 skrubja emulsija 50 ml\" \/>\n<meta property=\"og:description\" content=\"Anna Lotan New Age Control Akt\u012bv\u0101 skrubja emulsija 50 ml\" \/>\n<meta property=\"og:url\" content=\"https:\/\/dolores.ee\/lv\/product\/anna-lotan-new-age-control-aktiva-skrubja-emulsija-50-ml\/\" \/>\n<meta property=\"og:site_name\" content=\"Dolores\" \/>\n<meta property=\"article:publisher\" content=\"https:\/\/www.facebook.com\/doloresepood\/\" \/>\n<meta property=\"article:modified_time\" content=\"2025-07-01T08:06:05+00:00\" \/>\n<meta property=\"og:image\" content=\"https:\/\/dolores.ee\/wp-content\/uploads\/2025\/05\/seo.jpg\" \/>\n\t<meta property=\"og:image:width\" content=\"1200\" \/>\n\t<meta property=\"og:image:height\" content=\"675\" \/>\n\t<meta property=\"og:image:type\" content=\"image\/jpeg\" \/>\n<meta name=\"twitter:card\" content=\"summary_large_image\" \/>\n<meta name=\"twitter:label1\" content=\"Est. reading time\" \/>\n\t<meta name=\"twitter:data1\" content=\"1 minute\" \/>\n<script type=\"application\/ld+json\" class=\"yoast-schema-graph\">{\"@context\":\"https:\/\/schema.org\",\"@graph\":[{\"@type\":\"WebPage\",\"@id\":\"https:\/\/dolores.ee\/lv\/product\/anna-lotan-new-age-control-aktiva-skrubja-emulsija-50-ml\/\",\"url\":\"https:\/\/dolores.ee\/lv\/product\/anna-lotan-new-age-control-aktiva-skrubja-emulsija-50-ml\/\",\"name\":\"Anna Lotan New Age Control Akt\u012bv\u0101 skrubja emulsija 50 ml ~ Dolores\",\"isPartOf\":{\"@id\":\"https:\/\/dolores.ee\/lv\/#website\"},\"datePublished\":\"2020-08-13T09:58:33+00:00\",\"dateModified\":\"2025-07-01T08:06:05+00:00\",\"breadcrumb\":{\"@id\":\"https:\/\/dolores.ee\/lv\/product\/anna-lotan-new-age-control-aktiva-skrubja-emulsija-50-ml\/#breadcrumb\"},\"inLanguage\":\"lv-LV\",\"potentialAction\":[{\"@type\":\"ReadAction\",\"target\":[\"https:\/\/dolores.ee\/lv\/product\/anna-lotan-new-age-control-aktiva-skrubja-emulsija-50-ml\/\"]}]},{\"@type\":\"BreadcrumbList\",\"@id\":\"https:\/\/dolores.ee\/lv\/product\/anna-lotan-new-age-control-aktiva-skrubja-emulsija-50-ml\/#breadcrumb\",\"itemListElement\":[{\"@type\":\"ListItem\",\"position\":1,\"name\":\"Home\",\"item\":\"https:\/\/dolores.ee\/lv\/\"},{\"@type\":\"ListItem\",\"position\":2,\"name\":\"E-veikals\",\"item\":\"https:\/\/dolores.ee\/lv\/e-veikals\/\"},{\"@type\":\"ListItem\",\"position\":3,\"name\":\"Anna Lotan New Age Control Akt\u012bv\u0101 skrubja emulsija 50 ml\"}]},{\"@type\":\"WebSite\",\"@id\":\"https:\/\/dolores.ee\/lv\/#website\",\"url\":\"https:\/\/dolores.ee\/lv\/\",\"name\":\"Dolores e-pood\",\"description\":\"Beauty Shop\",\"publisher\":{\"@id\":\"https:\/\/dolores.ee\/lv\/#organization\"},\"alternateName\":\"Dolores\",\"potentialAction\":[{\"@type\":\"SearchAction\",\"target\":{\"@type\":\"EntryPoint\",\"urlTemplate\":\"https:\/\/dolores.ee\/lv\/?s={search_term_string}\"},\"query-input\":{\"@type\":\"PropertyValueSpecification\",\"valueRequired\":true,\"valueName\":\"search_term_string\"}}],\"inLanguage\":\"lv-LV\"},{\"@type\":\"Organization\",\"@id\":\"https:\/\/dolores.ee\/lv\/#organization\",\"name\":\"Dolores O\u00dc\",\"alternateName\":\"Dolores e-pood\",\"url\":\"https:\/\/dolores.ee\/lv\/\",\"logo\":{\"@type\":\"ImageObject\",\"inLanguage\":\"lv-LV\",\"@id\":\"https:\/\/dolores.ee\/lv\/#\/schema\/logo\/image\/\",\"url\":\"https:\/\/dolores.ee\/wp-content\/uploads\/2025\/04\/logo-1.jpg\",\"contentUrl\":\"https:\/\/dolores.ee\/wp-content\/uploads\/2025\/04\/logo-1.jpg\",\"width\":1951,\"height\":660,\"caption\":\"Dolores O\u00dc\"},\"image\":{\"@id\":\"https:\/\/dolores.ee\/lv\/#\/schema\/logo\/image\/\"},\"sameAs\":[\"https:\/\/www.facebook.com\/doloresepood\/\"],\"description\":\"Dolores.ee on kaasaegne veebipood, kust leiad tuntud kaubam\u00e4rkide \u2013 GIGI, Anna Lotan, Hikari, Hlavin \u2013 originaalkosmeetikat. Pakume kvaliteetseid hooldustooteid taskukohaste hindadega ja kiire kohaletoimetamisega \u00fcle Eesti. Nahahooldus pole kunagi olnud nii lihtne ja soodne!\",\"email\":\"dolores@dolores.ee\",\"telephone\":\"372 644 2440\",\"legalName\":\"Dolores O\u00dc\",\"foundingDate\":\"1998-02-09\",\"vatID\":\"EE100050280\",\"numberOfEmployees\":{\"@type\":\"QuantitativeValue\",\"minValue\":\"11\",\"maxValue\":\"50\"}}]}<\/script>\n<!-- \/ Yoast SEO Premium plugin. -->","yoast_head_json":{"title":"Anna Lotan New Age Control Akt\u012bv\u0101 skrubja emulsija 50 ml ~ Dolores","robots":{"index":"index","follow":"follow","max-snippet":"max-snippet:-1","max-image-preview":"max-image-preview:large","max-video-preview":"max-video-preview:-1"},"canonical":"https:\/\/dolores.ee\/lv\/product\/anna-lotan-new-age-control-aktiva-skrubja-emulsija-50-ml\/","og_locale":"lv_LV","og_type":"article","og_title":"Anna Lotan New Age Control Akt\u012bv\u0101 skrubja emulsija 50 ml","og_description":"Anna Lotan New Age Control Akt\u012bv\u0101 skrubja emulsija 50 ml","og_url":"https:\/\/dolores.ee\/lv\/product\/anna-lotan-new-age-control-aktiva-skrubja-emulsija-50-ml\/","og_site_name":"Dolores","article_publisher":"https:\/\/www.facebook.com\/doloresepood\/","article_modified_time":"2025-07-01T08:06:05+00:00","og_image":[{"width":1200,"height":675,"url":"https:\/\/dolores.ee\/wp-content\/uploads\/2025\/05\/seo.jpg","type":"image\/jpeg"}],"twitter_card":"summary_large_image","twitter_misc":{"Est. reading time":"1 minute"},"schema":{"@context":"https:\/\/schema.org","@graph":[{"@type":"WebPage","@id":"https:\/\/dolores.ee\/lv\/product\/anna-lotan-new-age-control-aktiva-skrubja-emulsija-50-ml\/","url":"https:\/\/dolores.ee\/lv\/product\/anna-lotan-new-age-control-aktiva-skrubja-emulsija-50-ml\/","name":"Anna Lotan New Age Control Akt\u012bv\u0101 skrubja emulsija 50 ml ~ Dolores","isPartOf":{"@id":"https:\/\/dolores.ee\/lv\/#website"},"datePublished":"2020-08-13T09:58:33+00:00","dateModified":"2025-07-01T08:06:05+00:00","breadcrumb":{"@id":"https:\/\/dolores.ee\/lv\/product\/anna-lotan-new-age-control-aktiva-skrubja-emulsija-50-ml\/#breadcrumb"},"inLanguage":"lv-LV","potentialAction":[{"@type":"ReadAction","target":["https:\/\/dolores.ee\/lv\/product\/anna-lotan-new-age-control-aktiva-skrubja-emulsija-50-ml\/"]}]},{"@type":"BreadcrumbList","@id":"https:\/\/dolores.ee\/lv\/product\/anna-lotan-new-age-control-aktiva-skrubja-emulsija-50-ml\/#breadcrumb","itemListElement":[{"@type":"ListItem","position":1,"name":"Home","item":"https:\/\/dolores.ee\/lv\/"},{"@type":"ListItem","position":2,"name":"E-veikals","item":"https:\/\/dolores.ee\/lv\/e-veikals\/"},{"@type":"ListItem","position":3,"name":"Anna Lotan New Age Control Akt\u012bv\u0101 skrubja emulsija 50 ml"}]},{"@type":"WebSite","@id":"https:\/\/dolores.ee\/lv\/#website","url":"https:\/\/dolores.ee\/lv\/","name":"Dolores e-pood","description":"Beauty Shop","publisher":{"@id":"https:\/\/dolores.ee\/lv\/#organization"},"alternateName":"Dolores","potentialAction":[{"@type":"SearchAction","target":{"@type":"EntryPoint","urlTemplate":"https:\/\/dolores.ee\/lv\/?s={search_term_string}"},"query-input":{"@type":"PropertyValueSpecification","valueRequired":true,"valueName":"search_term_string"}}],"inLanguage":"lv-LV"},{"@type":"Organization","@id":"https:\/\/dolores.ee\/lv\/#organization","name":"Dolores O\u00dc","alternateName":"Dolores e-pood","url":"https:\/\/dolores.ee\/lv\/","logo":{"@type":"ImageObject","inLanguage":"lv-LV","@id":"https:\/\/dolores.ee\/lv\/#\/schema\/logo\/image\/","url":"https:\/\/dolores.ee\/wp-content\/uploads\/2025\/04\/logo-1.jpg","contentUrl":"https:\/\/dolores.ee\/wp-content\/uploads\/2025\/04\/logo-1.jpg","width":1951,"height":660,"caption":"Dolores O\u00dc"},"image":{"@id":"https:\/\/dolores.ee\/lv\/#\/schema\/logo\/image\/"},"sameAs":["https:\/\/www.facebook.com\/doloresepood\/"],"description":"Dolores.ee on kaasaegne veebipood, kust leiad tuntud kaubam\u00e4rkide \u2013 GIGI, Anna Lotan, Hikari, Hlavin \u2013 originaalkosmeetikat. Pakume kvaliteetseid hooldustooteid taskukohaste hindadega ja kiire kohaletoimetamisega \u00fcle Eesti. Nahahooldus pole kunagi olnud nii lihtne ja soodne!","email":"dolores@dolores.ee","telephone":"372 644 2440","legalName":"Dolores O\u00dc","foundingDate":"1998-02-09","vatID":"EE100050280","numberOfEmployees":{"@type":"QuantitativeValue","minValue":"11","maxValue":"50"}}]}},"_links":{"self":[{"href":"https:\/\/dolores.ee\/lv\/wp-json\/wp\/v2\/product\/998429","targetHints":{"allow":["GET"]}}],"collection":[{"href":"https:\/\/dolores.ee\/lv\/wp-json\/wp\/v2\/product"}],"about":[{"href":"https:\/\/dolores.ee\/lv\/wp-json\/wp\/v2\/types\/product"}],"replies":[{"embeddable":true,"href":"https:\/\/dolores.ee\/lv\/wp-json\/wp\/v2\/comments?post=998429"}],"version-history":[{"count":0,"href":"https:\/\/dolores.ee\/lv\/wp-json\/wp\/v2\/product\/998429\/revisions"}],"wp:attachment":[{"href":"https:\/\/dolores.ee\/lv\/wp-json\/wp\/v2\/media?parent=998429"}],"wp:term":[{"taxonomy":"product_brand","embeddable":true,"href":"https:\/\/dolores.ee\/lv\/wp-json\/wp\/v2\/product_brand?post=998429"},{"taxonomy":"product_cat","embeddable":true,"href":"https:\/\/dolores.ee\/lv\/wp-json\/wp\/v2\/product_cat?post=998429"},{"taxonomy":"product_tag","embeddable":true,"href":"https:\/\/dolores.ee\/lv\/wp-json\/wp\/v2\/product_tag?post=998429"},{"taxonomy":"giftcard-category","embeddable":true,"href":"https:\/\/dolores.ee\/lv\/wp-json\/wp\/v2\/giftcard-category?post=998429"}],"curies":[{"name":"wp","href":"https:\/\/api.w.org\/{rel}","templated":true}]}}