{"id":998433,"date":"2020-08-13T12:58:31","date_gmt":"2020-08-13T09:58:31","guid":{"rendered":"https:\/\/dolores.ee\/product\/anna-lotan-new-age-control-aktiva-skaistumkopsanas-nakts-krems-50-ml\/"},"modified":"2025-07-01T11:06:05","modified_gmt":"2025-07-01T08:06:05","slug":"anna-lotan-new-age-control-aktiva-skaistumkopsanas-nakts-krems-50-ml","status":"publish","type":"product","link":"https:\/\/dolores.ee\/lv\/product\/anna-lotan-new-age-control-aktiva-skaistumkopsanas-nakts-krems-50-ml\/","title":{"rendered":"Anna Lotan New Age Control Akt\u012bv\u0101 skaistumkop\u0161anas nakts kr\u0113ms 50 ml"},"content":{"rendered":"<div class=\"vgblk-rw-wrapper limit-wrapper\">\n<p data-start=\"0\" data-end=\"643\">Atjaunojo\u0161s nakts kr\u0113ms. P\u012blinga \u0101bolsk\u0101bes (AHA) nakts kr\u0113ms, kas veicina \u0101das atjauno\u0161anos, bag\u0101tin\u0101ts ar prim\u0101rajiem mitrin\u0101t\u0101jiem (hialuronsk\u0101be, N\u0101ves j\u016bras miner\u0101l\u016bdens, akt\u012bvs mitrin\u0101t\u0101js Gluconolaktons, kas darbojas k\u0101 akt\u012bvs aizsargs).<br data-start=\"315\" data-end=\"318\" data-is-only-node=\"\" \/>Bag\u0101t\u012bgie mitrin\u0101t\u0101ji intens\u012bvi mitrina \u0101du un uzlabo t\u0101s iztur\u012bbu, lai nov\u0113rstu ar AHA kr\u0113miem saist\u012bto \u0101das diskomfortu un dedzin\u0101\u0161anu. Dabiski m\u012bkstin\u0101t\u0101ji (fitoskval\u0101ns un neitr\u0101li triglicer\u012bdi) aizsarg\u0101 un m\u012bkstina \u0101du. E vitam\u012bns kop\u0101 ar za\u013co t\u0113ju darbojas k\u0101 antioksidants un samazina br\u012bvo radik\u0101\u013cu kait\u012bgo ietekmi.<\/p>\n<p data-start=\"645\" data-end=\"924\"><strong>Lieto\u0161anas veids:<\/strong> Lietot ikdien\u0101 p\u0113c \u0101das att\u012br\u012b\u0161anas, uzkl\u0101jot uz sejas, kakla un dekolt\u0113 zonas. Var lietot ar\u012b uz rok\u0101m un cit\u0101m saules boj\u0101t\u0101m viet\u0101m. Ja \u0161o kr\u0113mu izmanto k\u0101 atjaunojo\u0161u kop\u0161anu vakaros, vienm\u0113r j\u0101lieto dienas kr\u0113ms ar SPF 20 vai augst\u0101ku saules aizsardz\u012bbu.<\/p>\n<p data-start=\"926\" data-end=\"1398\" data-is-last-node=\"\" data-is-only-node=\"\"><strong>Sast\u0101vs:<\/strong> Water, Caprylic\/Capric Triglyceride, Glycerin, Camellia Sinensis Leaf Extract, Glyceryl Stearate, PEG-100 Stearate, Cetyl Alcohol, Squalane, Glycolic Acid, Polysorbate 60, Stearic Acid, Magnesium Aluminum Silicate, Butylene Glycol, Gluconolactone, Sodium Benzoate, Lactic Acid, Maris Aqua, Sodium Hyaluronate, Dimethicone, Tocopherol, Hydrogenated Palm Glycerides Citrate, Xanthan Gum, Sodium Lactate, Parfum, Hexyl, Cinnamal, Benzyl Salicylate, Sodium Hydroxide.<\/p>\n<\/div>\n<p><!-- .vgblk-rw-wrapper --><\/p>\n","protected":false},"excerpt":{"rendered":"<p>Anna Lotan New Age Control Akt\u012bv\u0101 skaistumkop\u0161anas nakts kr\u0113ms 50 ml<\/p>\n","protected":false},"featured_media":346,"comment_status":"open","ping_status":"closed","template":"","meta":[],"product_brand":[],"product_cat":[660,730,671,684,676],"product_tag":[],"giftcard-category":[],"class_list":{"0":"post-998433","1":"product","2":"type-product","3":"status-publish","4":"has-post-thumbnail","6":"product_cat-anna-lotan-lv","7":"product_cat-nakts-krems","8":"product_cat-new-age-lv","9":"product_cat-pirms-pilinga","10":"product_cat-sale-lv","12":"first","13":"instock","14":"taxable","15":"shipping-taxable","16":"purchasable","17":"product-type-simple"},"yoast_head":"<!-- This site is optimized with the Yoast SEO Premium plugin v25.1 (Yoast SEO v25.7) - https:\/\/yoast.com\/wordpress\/plugins\/seo\/ -->\n<title>Anna Lotan New Age Control Akt\u012bv\u0101 skaistumkop\u0161anas nakts kr\u0113ms 50 ml ~ Dolores<\/title>\n<meta name=\"robots\" content=\"index, follow, max-snippet:-1, max-image-preview:large, max-video-preview:-1\" \/>\n<link rel=\"canonical\" href=\"https:\/\/dolores.ee\/lv\/product\/anna-lotan-new-age-control-aktiva-skaistumkopsanas-nakts-krems-50-ml\/\" \/>\n<meta property=\"og:locale\" content=\"lv_LV\" \/>\n<meta property=\"og:type\" content=\"article\" \/>\n<meta property=\"og:title\" content=\"Anna Lotan New Age Control Akt\u012bv\u0101 skaistumkop\u0161anas nakts kr\u0113ms 50 ml\" \/>\n<meta property=\"og:description\" content=\"Anna Lotan New Age Control Akt\u012bv\u0101 skaistumkop\u0161anas nakts kr\u0113ms 50 ml\" \/>\n<meta property=\"og:url\" content=\"https:\/\/dolores.ee\/lv\/product\/anna-lotan-new-age-control-aktiva-skaistumkopsanas-nakts-krems-50-ml\/\" \/>\n<meta property=\"og:site_name\" content=\"Dolores\" \/>\n<meta property=\"article:publisher\" content=\"https:\/\/www.facebook.com\/doloresepood\/\" \/>\n<meta property=\"article:modified_time\" content=\"2025-07-01T08:06:05+00:00\" \/>\n<meta property=\"og:image\" content=\"https:\/\/dolores.ee\/wp-content\/uploads\/2025\/05\/seo.jpg\" \/>\n\t<meta property=\"og:image:width\" content=\"1200\" \/>\n\t<meta property=\"og:image:height\" content=\"675\" \/>\n\t<meta property=\"og:image:type\" content=\"image\/jpeg\" \/>\n<meta name=\"twitter:card\" content=\"summary_large_image\" \/>\n<meta name=\"twitter:label1\" content=\"Est. reading time\" \/>\n\t<meta name=\"twitter:data1\" content=\"1 minute\" \/>\n<script type=\"application\/ld+json\" class=\"yoast-schema-graph\">{\"@context\":\"https:\/\/schema.org\",\"@graph\":[{\"@type\":\"WebPage\",\"@id\":\"https:\/\/dolores.ee\/lv\/product\/anna-lotan-new-age-control-aktiva-skaistumkopsanas-nakts-krems-50-ml\/\",\"url\":\"https:\/\/dolores.ee\/lv\/product\/anna-lotan-new-age-control-aktiva-skaistumkopsanas-nakts-krems-50-ml\/\",\"name\":\"Anna Lotan New Age Control Akt\u012bv\u0101 skaistumkop\u0161anas nakts kr\u0113ms 50 ml ~ Dolores\",\"isPartOf\":{\"@id\":\"https:\/\/dolores.ee\/lv\/#website\"},\"primaryImageOfPage\":{\"@id\":\"https:\/\/dolores.ee\/lv\/product\/anna-lotan-new-age-control-aktiva-skaistumkopsanas-nakts-krems-50-ml\/#primaryimage\"},\"image\":{\"@id\":\"https:\/\/dolores.ee\/lv\/product\/anna-lotan-new-age-control-aktiva-skaistumkopsanas-nakts-krems-50-ml\/#primaryimage\"},\"thumbnailUrl\":\"https:\/\/dolores.ee\/wp-content\/uploads\/2020\/08\/050a_Active_Beautifying_Cream_50ml-scaled.jpg\",\"datePublished\":\"2020-08-13T09:58:31+00:00\",\"dateModified\":\"2025-07-01T08:06:05+00:00\",\"breadcrumb\":{\"@id\":\"https:\/\/dolores.ee\/lv\/product\/anna-lotan-new-age-control-aktiva-skaistumkopsanas-nakts-krems-50-ml\/#breadcrumb\"},\"inLanguage\":\"lv-LV\",\"potentialAction\":[{\"@type\":\"ReadAction\",\"target\":[\"https:\/\/dolores.ee\/lv\/product\/anna-lotan-new-age-control-aktiva-skaistumkopsanas-nakts-krems-50-ml\/\"]}]},{\"@type\":\"ImageObject\",\"inLanguage\":\"lv-LV\",\"@id\":\"https:\/\/dolores.ee\/lv\/product\/anna-lotan-new-age-control-aktiva-skaistumkopsanas-nakts-krems-50-ml\/#primaryimage\",\"url\":\"https:\/\/dolores.ee\/wp-content\/uploads\/2020\/08\/050a_Active_Beautifying_Cream_50ml-scaled.jpg\",\"contentUrl\":\"https:\/\/dolores.ee\/wp-content\/uploads\/2020\/08\/050a_Active_Beautifying_Cream_50ml-scaled.jpg\",\"width\":1721,\"height\":1920},{\"@type\":\"BreadcrumbList\",\"@id\":\"https:\/\/dolores.ee\/lv\/product\/anna-lotan-new-age-control-aktiva-skaistumkopsanas-nakts-krems-50-ml\/#breadcrumb\",\"itemListElement\":[{\"@type\":\"ListItem\",\"position\":1,\"name\":\"Home\",\"item\":\"https:\/\/dolores.ee\/lv\/\"},{\"@type\":\"ListItem\",\"position\":2,\"name\":\"E-veikals\",\"item\":\"https:\/\/dolores.ee\/lv\/e-veikals\/\"},{\"@type\":\"ListItem\",\"position\":3,\"name\":\"Anna Lotan New Age Control Akt\u012bv\u0101 skaistumkop\u0161anas nakts kr\u0113ms 50 ml\"}]},{\"@type\":\"WebSite\",\"@id\":\"https:\/\/dolores.ee\/lv\/#website\",\"url\":\"https:\/\/dolores.ee\/lv\/\",\"name\":\"Dolores e-pood\",\"description\":\"Beauty Shop\",\"publisher\":{\"@id\":\"https:\/\/dolores.ee\/lv\/#organization\"},\"alternateName\":\"Dolores\",\"potentialAction\":[{\"@type\":\"SearchAction\",\"target\":{\"@type\":\"EntryPoint\",\"urlTemplate\":\"https:\/\/dolores.ee\/lv\/?s={search_term_string}\"},\"query-input\":{\"@type\":\"PropertyValueSpecification\",\"valueRequired\":true,\"valueName\":\"search_term_string\"}}],\"inLanguage\":\"lv-LV\"},{\"@type\":\"Organization\",\"@id\":\"https:\/\/dolores.ee\/lv\/#organization\",\"name\":\"Dolores O\u00dc\",\"alternateName\":\"Dolores e-pood\",\"url\":\"https:\/\/dolores.ee\/lv\/\",\"logo\":{\"@type\":\"ImageObject\",\"inLanguage\":\"lv-LV\",\"@id\":\"https:\/\/dolores.ee\/lv\/#\/schema\/logo\/image\/\",\"url\":\"https:\/\/dolores.ee\/wp-content\/uploads\/2025\/04\/logo-1.jpg\",\"contentUrl\":\"https:\/\/dolores.ee\/wp-content\/uploads\/2025\/04\/logo-1.jpg\",\"width\":1951,\"height\":660,\"caption\":\"Dolores O\u00dc\"},\"image\":{\"@id\":\"https:\/\/dolores.ee\/lv\/#\/schema\/logo\/image\/\"},\"sameAs\":[\"https:\/\/www.facebook.com\/doloresepood\/\"],\"description\":\"Dolores.ee on kaasaegne veebipood, kust leiad tuntud kaubam\u00e4rkide \u2013 GIGI, Anna Lotan, Hikari, Hlavin \u2013 originaalkosmeetikat. Pakume kvaliteetseid hooldustooteid taskukohaste hindadega ja kiire kohaletoimetamisega \u00fcle Eesti. Nahahooldus pole kunagi olnud nii lihtne ja soodne!\",\"email\":\"dolores@dolores.ee\",\"telephone\":\"372 644 2440\",\"legalName\":\"Dolores O\u00dc\",\"foundingDate\":\"1998-02-09\",\"vatID\":\"EE100050280\",\"numberOfEmployees\":{\"@type\":\"QuantitativeValue\",\"minValue\":\"11\",\"maxValue\":\"50\"}}]}<\/script>\n<!-- \/ Yoast SEO Premium plugin. -->","yoast_head_json":{"title":"Anna Lotan New Age Control Akt\u012bv\u0101 skaistumkop\u0161anas nakts kr\u0113ms 50 ml ~ Dolores","robots":{"index":"index","follow":"follow","max-snippet":"max-snippet:-1","max-image-preview":"max-image-preview:large","max-video-preview":"max-video-preview:-1"},"canonical":"https:\/\/dolores.ee\/lv\/product\/anna-lotan-new-age-control-aktiva-skaistumkopsanas-nakts-krems-50-ml\/","og_locale":"lv_LV","og_type":"article","og_title":"Anna Lotan New Age Control Akt\u012bv\u0101 skaistumkop\u0161anas nakts kr\u0113ms 50 ml","og_description":"Anna Lotan New Age Control Akt\u012bv\u0101 skaistumkop\u0161anas nakts kr\u0113ms 50 ml","og_url":"https:\/\/dolores.ee\/lv\/product\/anna-lotan-new-age-control-aktiva-skaistumkopsanas-nakts-krems-50-ml\/","og_site_name":"Dolores","article_publisher":"https:\/\/www.facebook.com\/doloresepood\/","article_modified_time":"2025-07-01T08:06:05+00:00","og_image":[{"width":1200,"height":675,"url":"https:\/\/dolores.ee\/wp-content\/uploads\/2025\/05\/seo.jpg","type":"image\/jpeg"}],"twitter_card":"summary_large_image","twitter_misc":{"Est. reading time":"1 minute"},"schema":{"@context":"https:\/\/schema.org","@graph":[{"@type":"WebPage","@id":"https:\/\/dolores.ee\/lv\/product\/anna-lotan-new-age-control-aktiva-skaistumkopsanas-nakts-krems-50-ml\/","url":"https:\/\/dolores.ee\/lv\/product\/anna-lotan-new-age-control-aktiva-skaistumkopsanas-nakts-krems-50-ml\/","name":"Anna Lotan New Age Control Akt\u012bv\u0101 skaistumkop\u0161anas nakts kr\u0113ms 50 ml ~ Dolores","isPartOf":{"@id":"https:\/\/dolores.ee\/lv\/#website"},"primaryImageOfPage":{"@id":"https:\/\/dolores.ee\/lv\/product\/anna-lotan-new-age-control-aktiva-skaistumkopsanas-nakts-krems-50-ml\/#primaryimage"},"image":{"@id":"https:\/\/dolores.ee\/lv\/product\/anna-lotan-new-age-control-aktiva-skaistumkopsanas-nakts-krems-50-ml\/#primaryimage"},"thumbnailUrl":"https:\/\/dolores.ee\/wp-content\/uploads\/2020\/08\/050a_Active_Beautifying_Cream_50ml-scaled.jpg","datePublished":"2020-08-13T09:58:31+00:00","dateModified":"2025-07-01T08:06:05+00:00","breadcrumb":{"@id":"https:\/\/dolores.ee\/lv\/product\/anna-lotan-new-age-control-aktiva-skaistumkopsanas-nakts-krems-50-ml\/#breadcrumb"},"inLanguage":"lv-LV","potentialAction":[{"@type":"ReadAction","target":["https:\/\/dolores.ee\/lv\/product\/anna-lotan-new-age-control-aktiva-skaistumkopsanas-nakts-krems-50-ml\/"]}]},{"@type":"ImageObject","inLanguage":"lv-LV","@id":"https:\/\/dolores.ee\/lv\/product\/anna-lotan-new-age-control-aktiva-skaistumkopsanas-nakts-krems-50-ml\/#primaryimage","url":"https:\/\/dolores.ee\/wp-content\/uploads\/2020\/08\/050a_Active_Beautifying_Cream_50ml-scaled.jpg","contentUrl":"https:\/\/dolores.ee\/wp-content\/uploads\/2020\/08\/050a_Active_Beautifying_Cream_50ml-scaled.jpg","width":1721,"height":1920},{"@type":"BreadcrumbList","@id":"https:\/\/dolores.ee\/lv\/product\/anna-lotan-new-age-control-aktiva-skaistumkopsanas-nakts-krems-50-ml\/#breadcrumb","itemListElement":[{"@type":"ListItem","position":1,"name":"Home","item":"https:\/\/dolores.ee\/lv\/"},{"@type":"ListItem","position":2,"name":"E-veikals","item":"https:\/\/dolores.ee\/lv\/e-veikals\/"},{"@type":"ListItem","position":3,"name":"Anna Lotan New Age Control Akt\u012bv\u0101 skaistumkop\u0161anas nakts kr\u0113ms 50 ml"}]},{"@type":"WebSite","@id":"https:\/\/dolores.ee\/lv\/#website","url":"https:\/\/dolores.ee\/lv\/","name":"Dolores e-pood","description":"Beauty Shop","publisher":{"@id":"https:\/\/dolores.ee\/lv\/#organization"},"alternateName":"Dolores","potentialAction":[{"@type":"SearchAction","target":{"@type":"EntryPoint","urlTemplate":"https:\/\/dolores.ee\/lv\/?s={search_term_string}"},"query-input":{"@type":"PropertyValueSpecification","valueRequired":true,"valueName":"search_term_string"}}],"inLanguage":"lv-LV"},{"@type":"Organization","@id":"https:\/\/dolores.ee\/lv\/#organization","name":"Dolores O\u00dc","alternateName":"Dolores e-pood","url":"https:\/\/dolores.ee\/lv\/","logo":{"@type":"ImageObject","inLanguage":"lv-LV","@id":"https:\/\/dolores.ee\/lv\/#\/schema\/logo\/image\/","url":"https:\/\/dolores.ee\/wp-content\/uploads\/2025\/04\/logo-1.jpg","contentUrl":"https:\/\/dolores.ee\/wp-content\/uploads\/2025\/04\/logo-1.jpg","width":1951,"height":660,"caption":"Dolores O\u00dc"},"image":{"@id":"https:\/\/dolores.ee\/lv\/#\/schema\/logo\/image\/"},"sameAs":["https:\/\/www.facebook.com\/doloresepood\/"],"description":"Dolores.ee on kaasaegne veebipood, kust leiad tuntud kaubam\u00e4rkide \u2013 GIGI, Anna Lotan, Hikari, Hlavin \u2013 originaalkosmeetikat. Pakume kvaliteetseid hooldustooteid taskukohaste hindadega ja kiire kohaletoimetamisega \u00fcle Eesti. Nahahooldus pole kunagi olnud nii lihtne ja soodne!","email":"dolores@dolores.ee","telephone":"372 644 2440","legalName":"Dolores O\u00dc","foundingDate":"1998-02-09","vatID":"EE100050280","numberOfEmployees":{"@type":"QuantitativeValue","minValue":"11","maxValue":"50"}}]}},"_links":{"self":[{"href":"https:\/\/dolores.ee\/lv\/wp-json\/wp\/v2\/product\/998433","targetHints":{"allow":["GET"]}}],"collection":[{"href":"https:\/\/dolores.ee\/lv\/wp-json\/wp\/v2\/product"}],"about":[{"href":"https:\/\/dolores.ee\/lv\/wp-json\/wp\/v2\/types\/product"}],"replies":[{"embeddable":true,"href":"https:\/\/dolores.ee\/lv\/wp-json\/wp\/v2\/comments?post=998433"}],"version-history":[{"count":0,"href":"https:\/\/dolores.ee\/lv\/wp-json\/wp\/v2\/product\/998433\/revisions"}],"wp:featuredmedia":[{"embeddable":true,"href":"https:\/\/dolores.ee\/lv\/wp-json\/wp\/v2\/media\/346"}],"wp:attachment":[{"href":"https:\/\/dolores.ee\/lv\/wp-json\/wp\/v2\/media?parent=998433"}],"wp:term":[{"taxonomy":"product_brand","embeddable":true,"href":"https:\/\/dolores.ee\/lv\/wp-json\/wp\/v2\/product_brand?post=998433"},{"taxonomy":"product_cat","embeddable":true,"href":"https:\/\/dolores.ee\/lv\/wp-json\/wp\/v2\/product_cat?post=998433"},{"taxonomy":"product_tag","embeddable":true,"href":"https:\/\/dolores.ee\/lv\/wp-json\/wp\/v2\/product_tag?post=998433"},{"taxonomy":"giftcard-category","embeddable":true,"href":"https:\/\/dolores.ee\/lv\/wp-json\/wp\/v2\/giftcard-category?post=998433"}],"curies":[{"name":"wp","href":"https:\/\/api.w.org\/{rel}","templated":true}]}}