{"id":998435,"date":"2020-08-13T12:58:29","date_gmt":"2020-08-13T09:58:29","guid":{"rendered":"https:\/\/dolores.ee\/product\/anna-lotan-renova-sausas-adas-balzams-50-ml\/"},"modified":"2025-07-01T11:06:05","modified_gmt":"2025-07-01T08:06:05","slug":"anna-lotan-renova-sausas-adas-balzams-50-ml","status":"publish","type":"product","link":"https:\/\/dolores.ee\/lv\/product\/anna-lotan-renova-sausas-adas-balzams-50-ml\/","title":{"rendered":"Anna Lotan R\u00e9nova Sausas \u0101das balzams 50 ml"},"content":{"rendered":"<div class=\"vgblk-rw-wrapper limit-wrapper\">\n<p data-start=\"0\" data-end=\"245\">Bag\u0101t\u012bgs, daudzfunkcion\u0101ls kr\u0113mbalzams sausai, dehidr\u0113tai un nobriedu\u0161ai \u0101dai. Piem\u0113rots visiem \u0101das tipiem, nodro\u0161ina aizsardz\u012bbu pret saules kait\u012bgo iedarb\u012bbu un aukst\u0101 ziemas period\u0101. Satur daudz e\u013c\u013cu, mitrino\u0161us augu ekstraktus un vitam\u012bnus.<\/p>\n<p data-start=\"247\" data-end=\"420\"><strong>Lieto\u0161ana:<\/strong> M\u012bkstini balzamu starp pirkstu galiem un ar mas\u0113jo\u0161\u0101m kust\u012bb\u0101m uzkl\u0101j uz sejas, acu apk\u0101rti un \u0137ermenim. Samazina s\u012bkas grumbi\u0146as, var izmantot ar\u012b k\u0101 grima b\u0101zi.<\/p>\n<p data-start=\"422\" data-end=\"1256\" data-is-last-node=\"\" data-is-only-node=\"\"><strong>Sast\u0101vs:<\/strong> <em>Aqua, Caprylic\/Capric Triglyceride, Dicaprylyl Ether, Aluminum Starch Octenylsuccinate, Squalane, Glycerin, Isopropyl Myristate, Simmondsia Chinensis (Jojoba) Seed Oil, PEG-30 Dipolyhydroxystearate, Butyrospermum Parkii (Shea Butter), Glyceryl Dibehenate, Tribehenin, Glyceryl Behenate, Isopropyl Myristate, Soybean (Glycine Soja) Oil, Linoleic Acid, Tocopheryl Acetate, Retinyl Palmitate, Carthamus Tinctorius, Olus (Vegetable Oil), Hydrogenated Vegetable Oil, Candelilla Cera (Euphorbia Cerifera) Wax, Hydrogenated Castor Oil, Phenoxyethanol, Chlorphenesin, Caprylyl Glycol, Quaternium-90 Bentonite, Magnesium Sulfate, Sea Water, Sodium Lactate, Sodium PCA, Glycine, Fructose, Urea, Niacinamide, Inositol, Sodium Benzoate, Lactic Acid, Parfum, Bisabolol, Phenethyl Alcohol, Tocopherol, Hydrogenated Palm Glycerides Citrate.<\/em><\/p>\n<\/div>\n<p><!-- .vgblk-rw-wrapper --><\/p>\n","protected":false},"excerpt":{"rendered":"<p>Anna Lotan R\u00e9nova Sausas \u0101das balzams 50 ml<\/p>\n","protected":false},"featured_media":338,"comment_status":"open","ping_status":"closed","template":"","meta":[],"product_brand":[],"product_cat":[712,660,725,716,730,672,676],"product_tag":[],"giftcard-category":[],"class_list":{"0":"post-998435","1":"product","2":"type-product","3":"status-publish","4":"has-post-thumbnail","6":"product_cat-aizsardziba-pret-aukstumu","7":"product_cat-anna-lotan-lv","8":"product_cat-dienas-krems","9":"product_cat-mitrinosi-produkti","10":"product_cat-nakts-krems","11":"product_cat-renova-lv","12":"product_cat-sale-lv","14":"first","15":"instock","16":"taxable","17":"shipping-taxable","18":"purchasable","19":"product-type-simple"},"yoast_head":"<!-- This site is optimized with the Yoast SEO Premium plugin v25.1 (Yoast SEO v25.7) - https:\/\/yoast.com\/wordpress\/plugins\/seo\/ -->\n<title>Anna Lotan R\u00e9nova Sausas \u0101das balzams 50 ml ~ Dolores<\/title>\n<meta name=\"robots\" content=\"index, follow, max-snippet:-1, max-image-preview:large, max-video-preview:-1\" \/>\n<link rel=\"canonical\" href=\"https:\/\/dolores.ee\/lv\/product\/anna-lotan-renova-sausas-adas-balzams-50-ml\/\" \/>\n<meta property=\"og:locale\" content=\"lv_LV\" \/>\n<meta property=\"og:type\" content=\"article\" \/>\n<meta property=\"og:title\" content=\"Anna Lotan R\u00e9nova Sausas \u0101das balzams 50 ml\" \/>\n<meta property=\"og:description\" content=\"Anna Lotan R\u00e9nova Sausas \u0101das balzams 50 ml\" \/>\n<meta property=\"og:url\" content=\"https:\/\/dolores.ee\/lv\/product\/anna-lotan-renova-sausas-adas-balzams-50-ml\/\" \/>\n<meta property=\"og:site_name\" content=\"Dolores\" \/>\n<meta property=\"article:publisher\" content=\"https:\/\/www.facebook.com\/doloresepood\/\" \/>\n<meta property=\"article:modified_time\" content=\"2025-07-01T08:06:05+00:00\" \/>\n<meta property=\"og:image\" content=\"https:\/\/dolores.ee\/wp-content\/uploads\/2025\/05\/seo.jpg\" \/>\n\t<meta property=\"og:image:width\" content=\"1200\" \/>\n\t<meta property=\"og:image:height\" content=\"675\" \/>\n\t<meta property=\"og:image:type\" content=\"image\/jpeg\" \/>\n<meta name=\"twitter:card\" content=\"summary_large_image\" \/>\n<meta name=\"twitter:label1\" content=\"Est. reading time\" \/>\n\t<meta name=\"twitter:data1\" content=\"1 minute\" \/>\n<script type=\"application\/ld+json\" class=\"yoast-schema-graph\">{\"@context\":\"https:\/\/schema.org\",\"@graph\":[{\"@type\":\"WebPage\",\"@id\":\"https:\/\/dolores.ee\/lv\/product\/anna-lotan-renova-sausas-adas-balzams-50-ml\/\",\"url\":\"https:\/\/dolores.ee\/lv\/product\/anna-lotan-renova-sausas-adas-balzams-50-ml\/\",\"name\":\"Anna Lotan R\u00e9nova Sausas \u0101das balzams 50 ml ~ Dolores\",\"isPartOf\":{\"@id\":\"https:\/\/dolores.ee\/lv\/#website\"},\"primaryImageOfPage\":{\"@id\":\"https:\/\/dolores.ee\/lv\/product\/anna-lotan-renova-sausas-adas-balzams-50-ml\/#primaryimage\"},\"image\":{\"@id\":\"https:\/\/dolores.ee\/lv\/product\/anna-lotan-renova-sausas-adas-balzams-50-ml\/#primaryimage\"},\"thumbnailUrl\":\"https:\/\/dolores.ee\/wp-content\/uploads\/2020\/08\/057a_Renova_Dry_Skin_Balm_50_ml.jpg\",\"datePublished\":\"2020-08-13T09:58:29+00:00\",\"dateModified\":\"2025-07-01T08:06:05+00:00\",\"breadcrumb\":{\"@id\":\"https:\/\/dolores.ee\/lv\/product\/anna-lotan-renova-sausas-adas-balzams-50-ml\/#breadcrumb\"},\"inLanguage\":\"lv-LV\",\"potentialAction\":[{\"@type\":\"ReadAction\",\"target\":[\"https:\/\/dolores.ee\/lv\/product\/anna-lotan-renova-sausas-adas-balzams-50-ml\/\"]}]},{\"@type\":\"ImageObject\",\"inLanguage\":\"lv-LV\",\"@id\":\"https:\/\/dolores.ee\/lv\/product\/anna-lotan-renova-sausas-adas-balzams-50-ml\/#primaryimage\",\"url\":\"https:\/\/dolores.ee\/wp-content\/uploads\/2020\/08\/057a_Renova_Dry_Skin_Balm_50_ml.jpg\",\"contentUrl\":\"https:\/\/dolores.ee\/wp-content\/uploads\/2020\/08\/057a_Renova_Dry_Skin_Balm_50_ml.jpg\",\"width\":2082,\"height\":2229},{\"@type\":\"BreadcrumbList\",\"@id\":\"https:\/\/dolores.ee\/lv\/product\/anna-lotan-renova-sausas-adas-balzams-50-ml\/#breadcrumb\",\"itemListElement\":[{\"@type\":\"ListItem\",\"position\":1,\"name\":\"Home\",\"item\":\"https:\/\/dolores.ee\/lv\/\"},{\"@type\":\"ListItem\",\"position\":2,\"name\":\"E-veikals\",\"item\":\"https:\/\/dolores.ee\/lv\/e-veikals\/\"},{\"@type\":\"ListItem\",\"position\":3,\"name\":\"Anna Lotan R\u00e9nova Sausas \u0101das balzams 50 ml\"}]},{\"@type\":\"WebSite\",\"@id\":\"https:\/\/dolores.ee\/lv\/#website\",\"url\":\"https:\/\/dolores.ee\/lv\/\",\"name\":\"Dolores e-pood\",\"description\":\"Beauty Shop\",\"publisher\":{\"@id\":\"https:\/\/dolores.ee\/lv\/#organization\"},\"alternateName\":\"Dolores\",\"potentialAction\":[{\"@type\":\"SearchAction\",\"target\":{\"@type\":\"EntryPoint\",\"urlTemplate\":\"https:\/\/dolores.ee\/lv\/?s={search_term_string}\"},\"query-input\":{\"@type\":\"PropertyValueSpecification\",\"valueRequired\":true,\"valueName\":\"search_term_string\"}}],\"inLanguage\":\"lv-LV\"},{\"@type\":\"Organization\",\"@id\":\"https:\/\/dolores.ee\/lv\/#organization\",\"name\":\"Dolores O\u00dc\",\"alternateName\":\"Dolores e-pood\",\"url\":\"https:\/\/dolores.ee\/lv\/\",\"logo\":{\"@type\":\"ImageObject\",\"inLanguage\":\"lv-LV\",\"@id\":\"https:\/\/dolores.ee\/lv\/#\/schema\/logo\/image\/\",\"url\":\"https:\/\/dolores.ee\/wp-content\/uploads\/2025\/04\/logo-1.jpg\",\"contentUrl\":\"https:\/\/dolores.ee\/wp-content\/uploads\/2025\/04\/logo-1.jpg\",\"width\":1951,\"height\":660,\"caption\":\"Dolores O\u00dc\"},\"image\":{\"@id\":\"https:\/\/dolores.ee\/lv\/#\/schema\/logo\/image\/\"},\"sameAs\":[\"https:\/\/www.facebook.com\/doloresepood\/\"],\"description\":\"Dolores.ee on kaasaegne veebipood, kust leiad tuntud kaubam\u00e4rkide \u2013 GIGI, Anna Lotan, Hikari, Hlavin \u2013 originaalkosmeetikat. Pakume kvaliteetseid hooldustooteid taskukohaste hindadega ja kiire kohaletoimetamisega \u00fcle Eesti. Nahahooldus pole kunagi olnud nii lihtne ja soodne!\",\"email\":\"dolores@dolores.ee\",\"telephone\":\"372 644 2440\",\"legalName\":\"Dolores O\u00dc\",\"foundingDate\":\"1998-02-09\",\"vatID\":\"EE100050280\",\"numberOfEmployees\":{\"@type\":\"QuantitativeValue\",\"minValue\":\"11\",\"maxValue\":\"50\"}}]}<\/script>\n<!-- \/ Yoast SEO Premium plugin. -->","yoast_head_json":{"title":"Anna Lotan R\u00e9nova Sausas \u0101das balzams 50 ml ~ Dolores","robots":{"index":"index","follow":"follow","max-snippet":"max-snippet:-1","max-image-preview":"max-image-preview:large","max-video-preview":"max-video-preview:-1"},"canonical":"https:\/\/dolores.ee\/lv\/product\/anna-lotan-renova-sausas-adas-balzams-50-ml\/","og_locale":"lv_LV","og_type":"article","og_title":"Anna Lotan R\u00e9nova Sausas \u0101das balzams 50 ml","og_description":"Anna Lotan R\u00e9nova Sausas \u0101das balzams 50 ml","og_url":"https:\/\/dolores.ee\/lv\/product\/anna-lotan-renova-sausas-adas-balzams-50-ml\/","og_site_name":"Dolores","article_publisher":"https:\/\/www.facebook.com\/doloresepood\/","article_modified_time":"2025-07-01T08:06:05+00:00","og_image":[{"width":1200,"height":675,"url":"https:\/\/dolores.ee\/wp-content\/uploads\/2025\/05\/seo.jpg","type":"image\/jpeg"}],"twitter_card":"summary_large_image","twitter_misc":{"Est. reading time":"1 minute"},"schema":{"@context":"https:\/\/schema.org","@graph":[{"@type":"WebPage","@id":"https:\/\/dolores.ee\/lv\/product\/anna-lotan-renova-sausas-adas-balzams-50-ml\/","url":"https:\/\/dolores.ee\/lv\/product\/anna-lotan-renova-sausas-adas-balzams-50-ml\/","name":"Anna Lotan R\u00e9nova Sausas \u0101das balzams 50 ml ~ Dolores","isPartOf":{"@id":"https:\/\/dolores.ee\/lv\/#website"},"primaryImageOfPage":{"@id":"https:\/\/dolores.ee\/lv\/product\/anna-lotan-renova-sausas-adas-balzams-50-ml\/#primaryimage"},"image":{"@id":"https:\/\/dolores.ee\/lv\/product\/anna-lotan-renova-sausas-adas-balzams-50-ml\/#primaryimage"},"thumbnailUrl":"https:\/\/dolores.ee\/wp-content\/uploads\/2020\/08\/057a_Renova_Dry_Skin_Balm_50_ml.jpg","datePublished":"2020-08-13T09:58:29+00:00","dateModified":"2025-07-01T08:06:05+00:00","breadcrumb":{"@id":"https:\/\/dolores.ee\/lv\/product\/anna-lotan-renova-sausas-adas-balzams-50-ml\/#breadcrumb"},"inLanguage":"lv-LV","potentialAction":[{"@type":"ReadAction","target":["https:\/\/dolores.ee\/lv\/product\/anna-lotan-renova-sausas-adas-balzams-50-ml\/"]}]},{"@type":"ImageObject","inLanguage":"lv-LV","@id":"https:\/\/dolores.ee\/lv\/product\/anna-lotan-renova-sausas-adas-balzams-50-ml\/#primaryimage","url":"https:\/\/dolores.ee\/wp-content\/uploads\/2020\/08\/057a_Renova_Dry_Skin_Balm_50_ml.jpg","contentUrl":"https:\/\/dolores.ee\/wp-content\/uploads\/2020\/08\/057a_Renova_Dry_Skin_Balm_50_ml.jpg","width":2082,"height":2229},{"@type":"BreadcrumbList","@id":"https:\/\/dolores.ee\/lv\/product\/anna-lotan-renova-sausas-adas-balzams-50-ml\/#breadcrumb","itemListElement":[{"@type":"ListItem","position":1,"name":"Home","item":"https:\/\/dolores.ee\/lv\/"},{"@type":"ListItem","position":2,"name":"E-veikals","item":"https:\/\/dolores.ee\/lv\/e-veikals\/"},{"@type":"ListItem","position":3,"name":"Anna Lotan R\u00e9nova Sausas \u0101das balzams 50 ml"}]},{"@type":"WebSite","@id":"https:\/\/dolores.ee\/lv\/#website","url":"https:\/\/dolores.ee\/lv\/","name":"Dolores e-pood","description":"Beauty Shop","publisher":{"@id":"https:\/\/dolores.ee\/lv\/#organization"},"alternateName":"Dolores","potentialAction":[{"@type":"SearchAction","target":{"@type":"EntryPoint","urlTemplate":"https:\/\/dolores.ee\/lv\/?s={search_term_string}"},"query-input":{"@type":"PropertyValueSpecification","valueRequired":true,"valueName":"search_term_string"}}],"inLanguage":"lv-LV"},{"@type":"Organization","@id":"https:\/\/dolores.ee\/lv\/#organization","name":"Dolores O\u00dc","alternateName":"Dolores e-pood","url":"https:\/\/dolores.ee\/lv\/","logo":{"@type":"ImageObject","inLanguage":"lv-LV","@id":"https:\/\/dolores.ee\/lv\/#\/schema\/logo\/image\/","url":"https:\/\/dolores.ee\/wp-content\/uploads\/2025\/04\/logo-1.jpg","contentUrl":"https:\/\/dolores.ee\/wp-content\/uploads\/2025\/04\/logo-1.jpg","width":1951,"height":660,"caption":"Dolores O\u00dc"},"image":{"@id":"https:\/\/dolores.ee\/lv\/#\/schema\/logo\/image\/"},"sameAs":["https:\/\/www.facebook.com\/doloresepood\/"],"description":"Dolores.ee on kaasaegne veebipood, kust leiad tuntud kaubam\u00e4rkide \u2013 GIGI, Anna Lotan, Hikari, Hlavin \u2013 originaalkosmeetikat. Pakume kvaliteetseid hooldustooteid taskukohaste hindadega ja kiire kohaletoimetamisega \u00fcle Eesti. Nahahooldus pole kunagi olnud nii lihtne ja soodne!","email":"dolores@dolores.ee","telephone":"372 644 2440","legalName":"Dolores O\u00dc","foundingDate":"1998-02-09","vatID":"EE100050280","numberOfEmployees":{"@type":"QuantitativeValue","minValue":"11","maxValue":"50"}}]}},"_links":{"self":[{"href":"https:\/\/dolores.ee\/lv\/wp-json\/wp\/v2\/product\/998435","targetHints":{"allow":["GET"]}}],"collection":[{"href":"https:\/\/dolores.ee\/lv\/wp-json\/wp\/v2\/product"}],"about":[{"href":"https:\/\/dolores.ee\/lv\/wp-json\/wp\/v2\/types\/product"}],"replies":[{"embeddable":true,"href":"https:\/\/dolores.ee\/lv\/wp-json\/wp\/v2\/comments?post=998435"}],"version-history":[{"count":0,"href":"https:\/\/dolores.ee\/lv\/wp-json\/wp\/v2\/product\/998435\/revisions"}],"wp:featuredmedia":[{"embeddable":true,"href":"https:\/\/dolores.ee\/lv\/wp-json\/wp\/v2\/media\/338"}],"wp:attachment":[{"href":"https:\/\/dolores.ee\/lv\/wp-json\/wp\/v2\/media?parent=998435"}],"wp:term":[{"taxonomy":"product_brand","embeddable":true,"href":"https:\/\/dolores.ee\/lv\/wp-json\/wp\/v2\/product_brand?post=998435"},{"taxonomy":"product_cat","embeddable":true,"href":"https:\/\/dolores.ee\/lv\/wp-json\/wp\/v2\/product_cat?post=998435"},{"taxonomy":"product_tag","embeddable":true,"href":"https:\/\/dolores.ee\/lv\/wp-json\/wp\/v2\/product_tag?post=998435"},{"taxonomy":"giftcard-category","embeddable":true,"href":"https:\/\/dolores.ee\/lv\/wp-json\/wp\/v2\/giftcard-category?post=998435"}],"curies":[{"name":"wp","href":"https:\/\/api.w.org\/{rel}","templated":true}]}}