{"id":998439,"date":"2020-08-13T12:58:27","date_gmt":"2020-08-13T09:58:27","guid":{"rendered":"https:\/\/dolores.ee\/product\/anna-lotan-renova-enriched-shea-butter-100-ml\/"},"modified":"2025-12-01T13:50:00","modified_gmt":"2025-12-01T11:50:00","slug":"anna-lotan-renova-enriched-shea-butter-100-ml","status":"publish","type":"product","link":"https:\/\/dolores.ee\/lv\/product\/anna-lotan-renova-enriched-shea-butter-100-ml\/","title":{"rendered":"Anna Lotan R\u00e9nova Enriched Shea Butter 100 ml"},"content":{"rendered":"<div class=\"vgblk-rw-wrapper limit-wrapper\">\n<p data-start=\"0\" data-end=\"192\">Fenomen\u0101ls, piln\u012bgi dabisks l\u012bdzeklis, kas j\u0101b\u016bt katr\u0101 m\u0101j\u0101!<br data-start=\"60\" data-end=\"63\" \/>Bag\u0101tin\u0101ts ar \u0161\u012b sviestu, satur \u0161\u012b, jojobas, makad\u0101mijas riekstu un kakao e\u013c\u013cu kompleksu kop\u0101 ar vitam\u012bniem un antioksidantiem.<\/p>\n<p data-start=\"194\" data-end=\"327\">Aizsarg\u0101 \u0101du no nelabv\u0113l\u012bgiem laika apst\u0101k\u013ciem, tam ir re\u0123ener\u0113jo\u0161a iedarb\u012bba, stimul\u0113 kolag\u0113na sint\u0113zi un satur dabisku UV filtru.<\/p>\n<p data-start=\"329\" data-end=\"778\">Mitrina un baro \u0101du ar mitruma zudumu, c\u012bn\u0101s pret sausumu, grumb\u0101m un lob\u012b\u0161anos.<br data-start=\"409\" data-end=\"412\" \/>Nov\u0113r\u0161 mitruma iztvaiko\u0161anu, atjauno \u0101das gludo virsmu un vesel\u012bgu izskatu. Piem\u0113rots gan sejai, gan \u0137ermenim, to var lietot visi \u0123imenes locek\u013ci no maz\u0101k\u0101 l\u012bdz liel\u0101kajam.<br data-start=\"584\" data-end=\"587\" \/>E\u013c\u013ca veicina \u0101das mitrin\u0101\u0161anu un nov\u0113r\u0161 t\u0101s sausumu \u012bpa\u0161i problem\u0101tiskaj\u0101s zon\u0101s: acu apvid\u016b, elko\u0146os, ce\u013cos, p\u0113du zol\u0113s u.c.<br data-start=\"712\" data-end=\"715\" \/>Satur tikai 100% dab\u012bgas akt\u012bv\u0101s sast\u0101vda\u013cas un konservantus!<\/p>\n<p data-start=\"780\" data-end=\"1284\"><strong data-start=\"780\" data-end=\"792\">Sast\u0101vs:<\/strong><br data-start=\"792\" data-end=\"795\" \/><em>Butyrospermum Parkii (Shea) Butter, Caprylic\/Capric Triglyceride, Beeswax (Cera Alba), Tapioca Starch, Dicaprylyl Ether, Myristyl Myristate, Theobroma Cacao (Cocoa) Seed Butter, Olus (Vegetable Oil), Stearalkonium Hectorite, Euphorbia Cerifera (Candelilla) Wax, Simmondsia Chinensis (Jojoba) Seed Oil, Lecithin, Tocopherol, Ascorbyl Palmitate, Hydrogenated Palm Glycerides Citrate, Hydrogenated Vegetable Oil, Propylene Carbonate, Squalane, Parfum (Fragrance), Dunaliella Salina Extract.<\/em><\/p>\n<p data-start=\"1286\" data-end=\"1521\" data-is-last-node=\"\" data-is-only-node=\"\"><strong data-start=\"1286\" data-end=\"1307\">Lieto\u0161anas veids:<\/strong><br data-start=\"1307\" data-end=\"1310\" \/>Sasildiet un m\u012bkstiniet nepiecie\u0161amo daudzumu Enriched Shea Butter e\u013c\u013cas plaukst\u0101, p\u0113c tam uzkl\u0101jiet to sev un b\u0113rniem uz sejas un rok\u0101m pirms katras aukstuma iest\u0101\u0161an\u0101s, lai kvalitat\u012bvi un dro\u0161i aizsarg\u0101tu \u0101du.<\/p>\n<\/div>\n<p><!-- .vgblk-rw-wrapper --><\/p>\n","protected":false},"excerpt":{"rendered":"<p>R\u00e9nova s\u0113rijas univers\u0101ls mitrino\u0161s \u0101das kr\u0113ms ar \u0161\u012b sviestu, kakao un makad\u0101mijas e\u013c\u013c\u0101m.<\/p>\n","protected":false},"featured_media":328725,"comment_status":"open","ping_status":"closed","template":"","meta":[],"product_brand":[],"product_cat":[712,660,774,725,719,709,672,676,727],"product_tag":[],"giftcard-category":[],"class_list":{"0":"post-998439","1":"product","2":"type-product","3":"status-publish","4":"has-post-thumbnail","6":"product_cat-aizsardziba-pret-aukstumu","7":"product_cat-anna-lotan-lv","8":"product_cat-bf2025-lv","9":"product_cat-dienas-krems","10":"product_cat-lupu-kopsana","11":"product_cat-populari-produkti","12":"product_cat-renova-lv","13":"product_cat-sale-lv","14":"product_cat-serumi-ellas","16":"first","17":"instock","18":"sale","19":"taxable","20":"shipping-taxable","21":"purchasable","22":"product-type-simple"},"yoast_head":"<!-- This site is optimized with the Yoast SEO Premium plugin v25.1 (Yoast SEO v25.7) - https:\/\/yoast.com\/wordpress\/plugins\/seo\/ -->\n<title>Anna Lotan R\u00e9nova Enriched Shea Butter 100 ml ~ Dolores<\/title>\n<meta name=\"robots\" content=\"index, follow, max-snippet:-1, max-image-preview:large, max-video-preview:-1\" \/>\n<link rel=\"canonical\" href=\"https:\/\/dolores.ee\/lv\/product\/anna-lotan-renova-enriched-shea-butter-100-ml\/\" \/>\n<meta property=\"og:locale\" content=\"lv_LV\" \/>\n<meta property=\"og:type\" content=\"article\" \/>\n<meta property=\"og:title\" content=\"Anna Lotan R\u00e9nova Enriched Shea Butter 100 ml\" \/>\n<meta property=\"og:description\" content=\"R\u00e9nova s\u0113rijas univers\u0101ls mitrino\u0161s \u0101das kr\u0113ms ar \u0161\u012b sviestu, kakao un makad\u0101mijas e\u013c\u013c\u0101m.\" \/>\n<meta property=\"og:url\" content=\"https:\/\/dolores.ee\/lv\/product\/anna-lotan-renova-enriched-shea-butter-100-ml\/\" \/>\n<meta property=\"og:site_name\" content=\"Dolores\" \/>\n<meta property=\"article:publisher\" content=\"https:\/\/www.facebook.com\/doloresepood\/\" \/>\n<meta property=\"article:modified_time\" content=\"2025-12-01T11:50:00+00:00\" \/>\n<meta property=\"og:image\" content=\"https:\/\/dolores.ee\/wp-content\/uploads\/2025\/05\/seo.jpg\" \/>\n\t<meta property=\"og:image:width\" content=\"1200\" \/>\n\t<meta property=\"og:image:height\" content=\"675\" \/>\n\t<meta property=\"og:image:type\" content=\"image\/jpeg\" \/>\n<meta name=\"twitter:card\" content=\"summary_large_image\" \/>\n<meta name=\"twitter:label1\" content=\"Est. reading time\" \/>\n\t<meta name=\"twitter:data1\" content=\"1 minute\" \/>\n<script type=\"application\/ld+json\" class=\"yoast-schema-graph\">{\"@context\":\"https:\/\/schema.org\",\"@graph\":[{\"@type\":\"WebPage\",\"@id\":\"https:\/\/dolores.ee\/lv\/product\/anna-lotan-renova-enriched-shea-butter-100-ml\/\",\"url\":\"https:\/\/dolores.ee\/lv\/product\/anna-lotan-renova-enriched-shea-butter-100-ml\/\",\"name\":\"Anna Lotan R\u00e9nova Enriched Shea Butter 100 ml ~ Dolores\",\"isPartOf\":{\"@id\":\"https:\/\/dolores.ee\/lv\/#website\"},\"primaryImageOfPage\":{\"@id\":\"https:\/\/dolores.ee\/lv\/product\/anna-lotan-renova-enriched-shea-butter-100-ml\/#primaryimage\"},\"image\":{\"@id\":\"https:\/\/dolores.ee\/lv\/product\/anna-lotan-renova-enriched-shea-butter-100-ml\/#primaryimage\"},\"thumbnailUrl\":\"https:\/\/dolores.ee\/wp-content\/uploads\/2021\/02\/RenovaSheaButter.jpg\",\"datePublished\":\"2020-08-13T09:58:27+00:00\",\"dateModified\":\"2025-12-01T11:50:00+00:00\",\"breadcrumb\":{\"@id\":\"https:\/\/dolores.ee\/lv\/product\/anna-lotan-renova-enriched-shea-butter-100-ml\/#breadcrumb\"},\"inLanguage\":\"lv-LV\",\"potentialAction\":[{\"@type\":\"ReadAction\",\"target\":[\"https:\/\/dolores.ee\/lv\/product\/anna-lotan-renova-enriched-shea-butter-100-ml\/\"]}]},{\"@type\":\"ImageObject\",\"inLanguage\":\"lv-LV\",\"@id\":\"https:\/\/dolores.ee\/lv\/product\/anna-lotan-renova-enriched-shea-butter-100-ml\/#primaryimage\",\"url\":\"https:\/\/dolores.ee\/wp-content\/uploads\/2021\/02\/RenovaSheaButter.jpg\",\"contentUrl\":\"https:\/\/dolores.ee\/wp-content\/uploads\/2021\/02\/RenovaSheaButter.jpg\",\"width\":1024,\"height\":1024},{\"@type\":\"BreadcrumbList\",\"@id\":\"https:\/\/dolores.ee\/lv\/product\/anna-lotan-renova-enriched-shea-butter-100-ml\/#breadcrumb\",\"itemListElement\":[{\"@type\":\"ListItem\",\"position\":1,\"name\":\"Home\",\"item\":\"https:\/\/dolores.ee\/lv\/\"},{\"@type\":\"ListItem\",\"position\":2,\"name\":\"E-veikals\",\"item\":\"https:\/\/dolores.ee\/lv\/e-veikals\/\"},{\"@type\":\"ListItem\",\"position\":3,\"name\":\"Anna Lotan R\u00e9nova Enriched Shea Butter 100 ml\"}]},{\"@type\":\"WebSite\",\"@id\":\"https:\/\/dolores.ee\/lv\/#website\",\"url\":\"https:\/\/dolores.ee\/lv\/\",\"name\":\"Dolores e-pood\",\"description\":\"Beauty Shop\",\"publisher\":{\"@id\":\"https:\/\/dolores.ee\/lv\/#organization\"},\"alternateName\":\"Dolores\",\"potentialAction\":[{\"@type\":\"SearchAction\",\"target\":{\"@type\":\"EntryPoint\",\"urlTemplate\":\"https:\/\/dolores.ee\/lv\/?s={search_term_string}\"},\"query-input\":{\"@type\":\"PropertyValueSpecification\",\"valueRequired\":true,\"valueName\":\"search_term_string\"}}],\"inLanguage\":\"lv-LV\"},{\"@type\":\"Organization\",\"@id\":\"https:\/\/dolores.ee\/lv\/#organization\",\"name\":\"Dolores O\u00dc\",\"alternateName\":\"Dolores e-pood\",\"url\":\"https:\/\/dolores.ee\/lv\/\",\"logo\":{\"@type\":\"ImageObject\",\"inLanguage\":\"lv-LV\",\"@id\":\"https:\/\/dolores.ee\/lv\/#\/schema\/logo\/image\/\",\"url\":\"https:\/\/dolores.ee\/wp-content\/uploads\/2025\/04\/logo-1.jpg\",\"contentUrl\":\"https:\/\/dolores.ee\/wp-content\/uploads\/2025\/04\/logo-1.jpg\",\"width\":1951,\"height\":660,\"caption\":\"Dolores O\u00dc\"},\"image\":{\"@id\":\"https:\/\/dolores.ee\/lv\/#\/schema\/logo\/image\/\"},\"sameAs\":[\"https:\/\/www.facebook.com\/doloresepood\/\"],\"description\":\"Dolores.ee on kaasaegne veebipood, kust leiad tuntud kaubam\u00e4rkide \u2013 GIGI, Anna Lotan, Hikari, Hlavin \u2013 originaalkosmeetikat. Pakume kvaliteetseid hooldustooteid taskukohaste hindadega ja kiire kohaletoimetamisega \u00fcle Eesti. Nahahooldus pole kunagi olnud nii lihtne ja soodne!\",\"email\":\"dolores@dolores.ee\",\"telephone\":\"372 644 2440\",\"legalName\":\"Dolores O\u00dc\",\"foundingDate\":\"1998-02-09\",\"vatID\":\"EE100050280\",\"numberOfEmployees\":{\"@type\":\"QuantitativeValue\",\"minValue\":\"11\",\"maxValue\":\"50\"}}]}<\/script>\n<!-- \/ Yoast SEO Premium plugin. -->","yoast_head_json":{"title":"Anna Lotan R\u00e9nova Enriched Shea Butter 100 ml ~ Dolores","robots":{"index":"index","follow":"follow","max-snippet":"max-snippet:-1","max-image-preview":"max-image-preview:large","max-video-preview":"max-video-preview:-1"},"canonical":"https:\/\/dolores.ee\/lv\/product\/anna-lotan-renova-enriched-shea-butter-100-ml\/","og_locale":"lv_LV","og_type":"article","og_title":"Anna Lotan R\u00e9nova Enriched Shea Butter 100 ml","og_description":"R\u00e9nova s\u0113rijas univers\u0101ls mitrino\u0161s \u0101das kr\u0113ms ar \u0161\u012b sviestu, kakao un makad\u0101mijas e\u013c\u013c\u0101m.","og_url":"https:\/\/dolores.ee\/lv\/product\/anna-lotan-renova-enriched-shea-butter-100-ml\/","og_site_name":"Dolores","article_publisher":"https:\/\/www.facebook.com\/doloresepood\/","article_modified_time":"2025-12-01T11:50:00+00:00","og_image":[{"width":1200,"height":675,"url":"https:\/\/dolores.ee\/wp-content\/uploads\/2025\/05\/seo.jpg","type":"image\/jpeg"}],"twitter_card":"summary_large_image","twitter_misc":{"Est. reading time":"1 minute"},"schema":{"@context":"https:\/\/schema.org","@graph":[{"@type":"WebPage","@id":"https:\/\/dolores.ee\/lv\/product\/anna-lotan-renova-enriched-shea-butter-100-ml\/","url":"https:\/\/dolores.ee\/lv\/product\/anna-lotan-renova-enriched-shea-butter-100-ml\/","name":"Anna Lotan R\u00e9nova Enriched Shea Butter 100 ml ~ Dolores","isPartOf":{"@id":"https:\/\/dolores.ee\/lv\/#website"},"primaryImageOfPage":{"@id":"https:\/\/dolores.ee\/lv\/product\/anna-lotan-renova-enriched-shea-butter-100-ml\/#primaryimage"},"image":{"@id":"https:\/\/dolores.ee\/lv\/product\/anna-lotan-renova-enriched-shea-butter-100-ml\/#primaryimage"},"thumbnailUrl":"https:\/\/dolores.ee\/wp-content\/uploads\/2021\/02\/RenovaSheaButter.jpg","datePublished":"2020-08-13T09:58:27+00:00","dateModified":"2025-12-01T11:50:00+00:00","breadcrumb":{"@id":"https:\/\/dolores.ee\/lv\/product\/anna-lotan-renova-enriched-shea-butter-100-ml\/#breadcrumb"},"inLanguage":"lv-LV","potentialAction":[{"@type":"ReadAction","target":["https:\/\/dolores.ee\/lv\/product\/anna-lotan-renova-enriched-shea-butter-100-ml\/"]}]},{"@type":"ImageObject","inLanguage":"lv-LV","@id":"https:\/\/dolores.ee\/lv\/product\/anna-lotan-renova-enriched-shea-butter-100-ml\/#primaryimage","url":"https:\/\/dolores.ee\/wp-content\/uploads\/2021\/02\/RenovaSheaButter.jpg","contentUrl":"https:\/\/dolores.ee\/wp-content\/uploads\/2021\/02\/RenovaSheaButter.jpg","width":1024,"height":1024},{"@type":"BreadcrumbList","@id":"https:\/\/dolores.ee\/lv\/product\/anna-lotan-renova-enriched-shea-butter-100-ml\/#breadcrumb","itemListElement":[{"@type":"ListItem","position":1,"name":"Home","item":"https:\/\/dolores.ee\/lv\/"},{"@type":"ListItem","position":2,"name":"E-veikals","item":"https:\/\/dolores.ee\/lv\/e-veikals\/"},{"@type":"ListItem","position":3,"name":"Anna Lotan R\u00e9nova Enriched Shea Butter 100 ml"}]},{"@type":"WebSite","@id":"https:\/\/dolores.ee\/lv\/#website","url":"https:\/\/dolores.ee\/lv\/","name":"Dolores e-pood","description":"Beauty Shop","publisher":{"@id":"https:\/\/dolores.ee\/lv\/#organization"},"alternateName":"Dolores","potentialAction":[{"@type":"SearchAction","target":{"@type":"EntryPoint","urlTemplate":"https:\/\/dolores.ee\/lv\/?s={search_term_string}"},"query-input":{"@type":"PropertyValueSpecification","valueRequired":true,"valueName":"search_term_string"}}],"inLanguage":"lv-LV"},{"@type":"Organization","@id":"https:\/\/dolores.ee\/lv\/#organization","name":"Dolores O\u00dc","alternateName":"Dolores e-pood","url":"https:\/\/dolores.ee\/lv\/","logo":{"@type":"ImageObject","inLanguage":"lv-LV","@id":"https:\/\/dolores.ee\/lv\/#\/schema\/logo\/image\/","url":"https:\/\/dolores.ee\/wp-content\/uploads\/2025\/04\/logo-1.jpg","contentUrl":"https:\/\/dolores.ee\/wp-content\/uploads\/2025\/04\/logo-1.jpg","width":1951,"height":660,"caption":"Dolores O\u00dc"},"image":{"@id":"https:\/\/dolores.ee\/lv\/#\/schema\/logo\/image\/"},"sameAs":["https:\/\/www.facebook.com\/doloresepood\/"],"description":"Dolores.ee on kaasaegne veebipood, kust leiad tuntud kaubam\u00e4rkide \u2013 GIGI, Anna Lotan, Hikari, Hlavin \u2013 originaalkosmeetikat. Pakume kvaliteetseid hooldustooteid taskukohaste hindadega ja kiire kohaletoimetamisega \u00fcle Eesti. Nahahooldus pole kunagi olnud nii lihtne ja soodne!","email":"dolores@dolores.ee","telephone":"372 644 2440","legalName":"Dolores O\u00dc","foundingDate":"1998-02-09","vatID":"EE100050280","numberOfEmployees":{"@type":"QuantitativeValue","minValue":"11","maxValue":"50"}}]}},"_links":{"self":[{"href":"https:\/\/dolores.ee\/lv\/wp-json\/wp\/v2\/product\/998439","targetHints":{"allow":["GET"]}}],"collection":[{"href":"https:\/\/dolores.ee\/lv\/wp-json\/wp\/v2\/product"}],"about":[{"href":"https:\/\/dolores.ee\/lv\/wp-json\/wp\/v2\/types\/product"}],"replies":[{"embeddable":true,"href":"https:\/\/dolores.ee\/lv\/wp-json\/wp\/v2\/comments?post=998439"}],"version-history":[{"count":0,"href":"https:\/\/dolores.ee\/lv\/wp-json\/wp\/v2\/product\/998439\/revisions"}],"wp:featuredmedia":[{"embeddable":true,"href":"https:\/\/dolores.ee\/lv\/wp-json\/wp\/v2\/media\/328725"}],"wp:attachment":[{"href":"https:\/\/dolores.ee\/lv\/wp-json\/wp\/v2\/media?parent=998439"}],"wp:term":[{"taxonomy":"product_brand","embeddable":true,"href":"https:\/\/dolores.ee\/lv\/wp-json\/wp\/v2\/product_brand?post=998439"},{"taxonomy":"product_cat","embeddable":true,"href":"https:\/\/dolores.ee\/lv\/wp-json\/wp\/v2\/product_cat?post=998439"},{"taxonomy":"product_tag","embeddable":true,"href":"https:\/\/dolores.ee\/lv\/wp-json\/wp\/v2\/product_tag?post=998439"},{"taxonomy":"giftcard-category","embeddable":true,"href":"https:\/\/dolores.ee\/lv\/wp-json\/wp\/v2\/giftcard-category?post=998439"}],"curies":[{"name":"wp","href":"https:\/\/api.w.org\/{rel}","templated":true}]}}