{"id":998459,"date":"2020-08-13T12:58:19","date_gmt":"2020-08-13T09:58:19","guid":{"rendered":"https:\/\/dolores.ee\/product\/anna-lotan-barbados-mineralu-meslu-attiross-zels-200-ml\/"},"modified":"2025-08-11T15:04:40","modified_gmt":"2025-08-11T12:04:40","slug":"anna-lotan-barbados-mineralu-meslu-attiross-zels-200-ml","status":"publish","type":"product","link":"https:\/\/dolores.ee\/lv\/product\/anna-lotan-barbados-mineralu-meslu-attiross-zels-200-ml\/","title":{"rendered":"Anna Lotan Barbados Miner\u0101lu M\u0113slu Att\u012bro\u0161s \u017d\u0113ls 200 ml"},"content":{"rendered":"<div class=\"vgblk-rw-wrapper limit-wrapper\">\n<p data-start=\"42\" data-end=\"606\">Miner\u0101lu saturo\u0161s att\u012bro\u0161s \u017eelejveida g\u0113ls. Maigs, bag\u0101t\u012bgs att\u012bro\u0161s putojo\u0161s \u017eelejveida g\u0113ls ikdienas lieto\u0161anai jut\u012bgai, norm\u0101lai un taukainai \u0101dai.<br data-start=\"254\" data-end=\"257\" \/>Balans\u0113jo\u0161ais \u017eelejveida g\u0113ls satur efekt\u012bvus \u0101du m\u012bkstino\u0161us un att\u012bro\u0161us l\u012bdzek\u013cus, kas neveicina \u0101das sausumu. Sast\u0101v\u0101 ir N\u0101ves j\u016bras d\u016b\u0146as, smilts\u0113rk\u0161\u0137u un j\u016bras a\u013c\u0123u ekstrakti, k\u0101 ar\u012b kokosriekstu e\u013c\u013ca. Att\u012bra \u0101du, mitrina, aktiviz\u0113 \u0101das vielmai\u0146u, uzlabo mikrocirkul\u0101ciju, veicina \u0101das atjauno\u0161anos, absorb\u0113 un regul\u0113 \u0101das tauku izdal\u012b\u0161anos.<\/p>\n<p data-start=\"608\" data-end=\"731\"><strong data-start=\"608\" data-end=\"629\">Lieto\u0161anas veids:<\/strong> Uzkl\u0101t uz mitras \u0101das viegl\u0101m mas\u0101\u017eas kust\u012bb\u0101m (izvair\u012bties no acu zonas), noskalot ar siltu \u016bdeni.<\/p>\n<p data-start=\"733\" data-end=\"1230\"><strong data-start=\"733\" data-end=\"745\">Sast\u0101vs:<\/strong> <em>Water (Aqua), Sodium Trideceth Sulfate, Caprylic\/Capric Triglyceride, Sodium Chloride, Butyrospermum Parkii (Shea Butter), Sodium Lauroamphoacetate, Cocamide MEA, Cocamide DEA, Citric Acid, Cyamopsis Tetragonoloba (Guar) Gum, Sodium Benzoate, Guar Hydroxypropyltrimonium Chloride, Glycol Distearate, Sodium Laureth Sulfate, Disodium EDTA, Fragrance, Silt (Dead Sea Black Mud), Laureth-10, Iron Oxides, Tocopherol, Hexyl Cinnamal, Beta-Sitosterol, Linalool, Squalene, Propylene Glycol.<\/em><\/p>\n<\/div>\n<p><!-- .vgblk-rw-wrapper --><\/p>\n","protected":false},"excerpt":{"rendered":"<p>Minera\u0101lu Pies\u0101tin\u0101ts Att\u012bro\u0161s M\u0113slu \u017d\u0113ls<\/p>\n","protected":false},"featured_media":290,"comment_status":"open","ping_status":"closed","template":"","meta":[],"product_brand":[],"product_cat":[660,662,709,676,726],"product_tag":[],"giftcard-category":[],"class_list":{"0":"post-998459","1":"product","2":"type-product","3":"status-publish","4":"has-post-thumbnail","6":"product_cat-anna-lotan-lv","7":"product_cat-barbados-lv","8":"product_cat-populari-produkti","9":"product_cat-sale-lv","10":"product_cat-tirisana","12":"first","13":"instock","14":"taxable","15":"shipping-taxable","16":"purchasable","17":"product-type-simple"},"yoast_head":"<!-- This site is optimized with the Yoast SEO Premium plugin v25.1 (Yoast SEO v25.7) - https:\/\/yoast.com\/wordpress\/plugins\/seo\/ -->\n<title>Anna Lotan Barbados Miner\u0101lu M\u0113slu Att\u012bro\u0161s \u017d\u0113ls 200 ml ~ Dolores<\/title>\n<meta name=\"robots\" content=\"index, follow, max-snippet:-1, max-image-preview:large, max-video-preview:-1\" \/>\n<link rel=\"canonical\" href=\"https:\/\/dolores.ee\/lv\/product\/anna-lotan-barbados-mineralu-meslu-attiross-zels-200-ml\/\" \/>\n<meta property=\"og:locale\" content=\"lv_LV\" \/>\n<meta property=\"og:type\" content=\"article\" \/>\n<meta property=\"og:title\" content=\"Anna Lotan Barbados Miner\u0101lu M\u0113slu Att\u012bro\u0161s \u017d\u0113ls 200 ml\" \/>\n<meta property=\"og:description\" content=\"Minera\u0101lu Pies\u0101tin\u0101ts Att\u012bro\u0161s M\u0113slu \u017d\u0113ls\" \/>\n<meta property=\"og:url\" content=\"https:\/\/dolores.ee\/lv\/product\/anna-lotan-barbados-mineralu-meslu-attiross-zels-200-ml\/\" \/>\n<meta property=\"og:site_name\" content=\"Dolores\" \/>\n<meta property=\"article:publisher\" content=\"https:\/\/www.facebook.com\/doloresepood\/\" \/>\n<meta property=\"article:modified_time\" content=\"2025-08-11T12:04:40+00:00\" \/>\n<meta property=\"og:image\" content=\"https:\/\/dolores.ee\/wp-content\/uploads\/2025\/05\/seo.jpg\" \/>\n\t<meta property=\"og:image:width\" content=\"1200\" \/>\n\t<meta property=\"og:image:height\" content=\"675\" \/>\n\t<meta property=\"og:image:type\" content=\"image\/jpeg\" \/>\n<meta name=\"twitter:card\" content=\"summary_large_image\" \/>\n<meta name=\"twitter:label1\" content=\"Est. reading time\" \/>\n\t<meta name=\"twitter:data1\" content=\"1 minute\" \/>\n<script type=\"application\/ld+json\" class=\"yoast-schema-graph\">{\"@context\":\"https:\/\/schema.org\",\"@graph\":[{\"@type\":\"WebPage\",\"@id\":\"https:\/\/dolores.ee\/lv\/product\/anna-lotan-barbados-mineralu-meslu-attiross-zels-200-ml\/\",\"url\":\"https:\/\/dolores.ee\/lv\/product\/anna-lotan-barbados-mineralu-meslu-attiross-zels-200-ml\/\",\"name\":\"Anna Lotan Barbados Miner\u0101lu M\u0113slu Att\u012bro\u0161s \u017d\u0113ls 200 ml ~ Dolores\",\"isPartOf\":{\"@id\":\"https:\/\/dolores.ee\/lv\/#website\"},\"primaryImageOfPage\":{\"@id\":\"https:\/\/dolores.ee\/lv\/product\/anna-lotan-barbados-mineralu-meslu-attiross-zels-200-ml\/#primaryimage\"},\"image\":{\"@id\":\"https:\/\/dolores.ee\/lv\/product\/anna-lotan-barbados-mineralu-meslu-attiross-zels-200-ml\/#primaryimage\"},\"thumbnailUrl\":\"https:\/\/dolores.ee\/wp-content\/uploads\/2020\/08\/163a_Mineral_Cleansing_Gel_200ml-scaled.jpg\",\"datePublished\":\"2020-08-13T09:58:19+00:00\",\"dateModified\":\"2025-08-11T12:04:40+00:00\",\"breadcrumb\":{\"@id\":\"https:\/\/dolores.ee\/lv\/product\/anna-lotan-barbados-mineralu-meslu-attiross-zels-200-ml\/#breadcrumb\"},\"inLanguage\":\"lv-LV\",\"potentialAction\":[{\"@type\":\"ReadAction\",\"target\":[\"https:\/\/dolores.ee\/lv\/product\/anna-lotan-barbados-mineralu-meslu-attiross-zels-200-ml\/\"]}]},{\"@type\":\"ImageObject\",\"inLanguage\":\"lv-LV\",\"@id\":\"https:\/\/dolores.ee\/lv\/product\/anna-lotan-barbados-mineralu-meslu-attiross-zels-200-ml\/#primaryimage\",\"url\":\"https:\/\/dolores.ee\/wp-content\/uploads\/2020\/08\/163a_Mineral_Cleansing_Gel_200ml-scaled.jpg\",\"contentUrl\":\"https:\/\/dolores.ee\/wp-content\/uploads\/2020\/08\/163a_Mineral_Cleansing_Gel_200ml-scaled.jpg\",\"width\":881,\"height\":1920},{\"@type\":\"BreadcrumbList\",\"@id\":\"https:\/\/dolores.ee\/lv\/product\/anna-lotan-barbados-mineralu-meslu-attiross-zels-200-ml\/#breadcrumb\",\"itemListElement\":[{\"@type\":\"ListItem\",\"position\":1,\"name\":\"Home\",\"item\":\"https:\/\/dolores.ee\/lv\/\"},{\"@type\":\"ListItem\",\"position\":2,\"name\":\"E-veikals\",\"item\":\"https:\/\/dolores.ee\/lv\/e-veikals\/\"},{\"@type\":\"ListItem\",\"position\":3,\"name\":\"Anna Lotan Barbados Miner\u0101lu M\u0113slu Att\u012bro\u0161s \u017d\u0113ls 200 ml\"}]},{\"@type\":\"WebSite\",\"@id\":\"https:\/\/dolores.ee\/lv\/#website\",\"url\":\"https:\/\/dolores.ee\/lv\/\",\"name\":\"Dolores e-pood\",\"description\":\"Beauty Shop\",\"publisher\":{\"@id\":\"https:\/\/dolores.ee\/lv\/#organization\"},\"alternateName\":\"Dolores\",\"potentialAction\":[{\"@type\":\"SearchAction\",\"target\":{\"@type\":\"EntryPoint\",\"urlTemplate\":\"https:\/\/dolores.ee\/lv\/?s={search_term_string}\"},\"query-input\":{\"@type\":\"PropertyValueSpecification\",\"valueRequired\":true,\"valueName\":\"search_term_string\"}}],\"inLanguage\":\"lv-LV\"},{\"@type\":\"Organization\",\"@id\":\"https:\/\/dolores.ee\/lv\/#organization\",\"name\":\"Dolores O\u00dc\",\"alternateName\":\"Dolores e-pood\",\"url\":\"https:\/\/dolores.ee\/lv\/\",\"logo\":{\"@type\":\"ImageObject\",\"inLanguage\":\"lv-LV\",\"@id\":\"https:\/\/dolores.ee\/lv\/#\/schema\/logo\/image\/\",\"url\":\"https:\/\/dolores.ee\/wp-content\/uploads\/2025\/04\/logo-1.jpg\",\"contentUrl\":\"https:\/\/dolores.ee\/wp-content\/uploads\/2025\/04\/logo-1.jpg\",\"width\":1951,\"height\":660,\"caption\":\"Dolores O\u00dc\"},\"image\":{\"@id\":\"https:\/\/dolores.ee\/lv\/#\/schema\/logo\/image\/\"},\"sameAs\":[\"https:\/\/www.facebook.com\/doloresepood\/\"],\"description\":\"Dolores.ee on kaasaegne veebipood, kust leiad tuntud kaubam\u00e4rkide \u2013 GIGI, Anna Lotan, Hikari, Hlavin \u2013 originaalkosmeetikat. Pakume kvaliteetseid hooldustooteid taskukohaste hindadega ja kiire kohaletoimetamisega \u00fcle Eesti. Nahahooldus pole kunagi olnud nii lihtne ja soodne!\",\"email\":\"dolores@dolores.ee\",\"telephone\":\"372 644 2440\",\"legalName\":\"Dolores O\u00dc\",\"foundingDate\":\"1998-02-09\",\"vatID\":\"EE100050280\",\"numberOfEmployees\":{\"@type\":\"QuantitativeValue\",\"minValue\":\"11\",\"maxValue\":\"50\"}}]}<\/script>\n<!-- \/ Yoast SEO Premium plugin. -->","yoast_head_json":{"title":"Anna Lotan Barbados Miner\u0101lu M\u0113slu Att\u012bro\u0161s \u017d\u0113ls 200 ml ~ Dolores","robots":{"index":"index","follow":"follow","max-snippet":"max-snippet:-1","max-image-preview":"max-image-preview:large","max-video-preview":"max-video-preview:-1"},"canonical":"https:\/\/dolores.ee\/lv\/product\/anna-lotan-barbados-mineralu-meslu-attiross-zels-200-ml\/","og_locale":"lv_LV","og_type":"article","og_title":"Anna Lotan Barbados Miner\u0101lu M\u0113slu Att\u012bro\u0161s \u017d\u0113ls 200 ml","og_description":"Minera\u0101lu Pies\u0101tin\u0101ts Att\u012bro\u0161s M\u0113slu \u017d\u0113ls","og_url":"https:\/\/dolores.ee\/lv\/product\/anna-lotan-barbados-mineralu-meslu-attiross-zels-200-ml\/","og_site_name":"Dolores","article_publisher":"https:\/\/www.facebook.com\/doloresepood\/","article_modified_time":"2025-08-11T12:04:40+00:00","og_image":[{"width":1200,"height":675,"url":"https:\/\/dolores.ee\/wp-content\/uploads\/2025\/05\/seo.jpg","type":"image\/jpeg"}],"twitter_card":"summary_large_image","twitter_misc":{"Est. reading time":"1 minute"},"schema":{"@context":"https:\/\/schema.org","@graph":[{"@type":"WebPage","@id":"https:\/\/dolores.ee\/lv\/product\/anna-lotan-barbados-mineralu-meslu-attiross-zels-200-ml\/","url":"https:\/\/dolores.ee\/lv\/product\/anna-lotan-barbados-mineralu-meslu-attiross-zels-200-ml\/","name":"Anna Lotan Barbados Miner\u0101lu M\u0113slu Att\u012bro\u0161s \u017d\u0113ls 200 ml ~ Dolores","isPartOf":{"@id":"https:\/\/dolores.ee\/lv\/#website"},"primaryImageOfPage":{"@id":"https:\/\/dolores.ee\/lv\/product\/anna-lotan-barbados-mineralu-meslu-attiross-zels-200-ml\/#primaryimage"},"image":{"@id":"https:\/\/dolores.ee\/lv\/product\/anna-lotan-barbados-mineralu-meslu-attiross-zels-200-ml\/#primaryimage"},"thumbnailUrl":"https:\/\/dolores.ee\/wp-content\/uploads\/2020\/08\/163a_Mineral_Cleansing_Gel_200ml-scaled.jpg","datePublished":"2020-08-13T09:58:19+00:00","dateModified":"2025-08-11T12:04:40+00:00","breadcrumb":{"@id":"https:\/\/dolores.ee\/lv\/product\/anna-lotan-barbados-mineralu-meslu-attiross-zels-200-ml\/#breadcrumb"},"inLanguage":"lv-LV","potentialAction":[{"@type":"ReadAction","target":["https:\/\/dolores.ee\/lv\/product\/anna-lotan-barbados-mineralu-meslu-attiross-zels-200-ml\/"]}]},{"@type":"ImageObject","inLanguage":"lv-LV","@id":"https:\/\/dolores.ee\/lv\/product\/anna-lotan-barbados-mineralu-meslu-attiross-zels-200-ml\/#primaryimage","url":"https:\/\/dolores.ee\/wp-content\/uploads\/2020\/08\/163a_Mineral_Cleansing_Gel_200ml-scaled.jpg","contentUrl":"https:\/\/dolores.ee\/wp-content\/uploads\/2020\/08\/163a_Mineral_Cleansing_Gel_200ml-scaled.jpg","width":881,"height":1920},{"@type":"BreadcrumbList","@id":"https:\/\/dolores.ee\/lv\/product\/anna-lotan-barbados-mineralu-meslu-attiross-zels-200-ml\/#breadcrumb","itemListElement":[{"@type":"ListItem","position":1,"name":"Home","item":"https:\/\/dolores.ee\/lv\/"},{"@type":"ListItem","position":2,"name":"E-veikals","item":"https:\/\/dolores.ee\/lv\/e-veikals\/"},{"@type":"ListItem","position":3,"name":"Anna Lotan Barbados Miner\u0101lu M\u0113slu Att\u012bro\u0161s \u017d\u0113ls 200 ml"}]},{"@type":"WebSite","@id":"https:\/\/dolores.ee\/lv\/#website","url":"https:\/\/dolores.ee\/lv\/","name":"Dolores e-pood","description":"Beauty Shop","publisher":{"@id":"https:\/\/dolores.ee\/lv\/#organization"},"alternateName":"Dolores","potentialAction":[{"@type":"SearchAction","target":{"@type":"EntryPoint","urlTemplate":"https:\/\/dolores.ee\/lv\/?s={search_term_string}"},"query-input":{"@type":"PropertyValueSpecification","valueRequired":true,"valueName":"search_term_string"}}],"inLanguage":"lv-LV"},{"@type":"Organization","@id":"https:\/\/dolores.ee\/lv\/#organization","name":"Dolores O\u00dc","alternateName":"Dolores e-pood","url":"https:\/\/dolores.ee\/lv\/","logo":{"@type":"ImageObject","inLanguage":"lv-LV","@id":"https:\/\/dolores.ee\/lv\/#\/schema\/logo\/image\/","url":"https:\/\/dolores.ee\/wp-content\/uploads\/2025\/04\/logo-1.jpg","contentUrl":"https:\/\/dolores.ee\/wp-content\/uploads\/2025\/04\/logo-1.jpg","width":1951,"height":660,"caption":"Dolores O\u00dc"},"image":{"@id":"https:\/\/dolores.ee\/lv\/#\/schema\/logo\/image\/"},"sameAs":["https:\/\/www.facebook.com\/doloresepood\/"],"description":"Dolores.ee on kaasaegne veebipood, kust leiad tuntud kaubam\u00e4rkide \u2013 GIGI, Anna Lotan, Hikari, Hlavin \u2013 originaalkosmeetikat. Pakume kvaliteetseid hooldustooteid taskukohaste hindadega ja kiire kohaletoimetamisega \u00fcle Eesti. Nahahooldus pole kunagi olnud nii lihtne ja soodne!","email":"dolores@dolores.ee","telephone":"372 644 2440","legalName":"Dolores O\u00dc","foundingDate":"1998-02-09","vatID":"EE100050280","numberOfEmployees":{"@type":"QuantitativeValue","minValue":"11","maxValue":"50"}}]}},"_links":{"self":[{"href":"https:\/\/dolores.ee\/lv\/wp-json\/wp\/v2\/product\/998459","targetHints":{"allow":["GET"]}}],"collection":[{"href":"https:\/\/dolores.ee\/lv\/wp-json\/wp\/v2\/product"}],"about":[{"href":"https:\/\/dolores.ee\/lv\/wp-json\/wp\/v2\/types\/product"}],"replies":[{"embeddable":true,"href":"https:\/\/dolores.ee\/lv\/wp-json\/wp\/v2\/comments?post=998459"}],"version-history":[{"count":0,"href":"https:\/\/dolores.ee\/lv\/wp-json\/wp\/v2\/product\/998459\/revisions"}],"wp:featuredmedia":[{"embeddable":true,"href":"https:\/\/dolores.ee\/lv\/wp-json\/wp\/v2\/media\/290"}],"wp:attachment":[{"href":"https:\/\/dolores.ee\/lv\/wp-json\/wp\/v2\/media?parent=998459"}],"wp:term":[{"taxonomy":"product_brand","embeddable":true,"href":"https:\/\/dolores.ee\/lv\/wp-json\/wp\/v2\/product_brand?post=998459"},{"taxonomy":"product_cat","embeddable":true,"href":"https:\/\/dolores.ee\/lv\/wp-json\/wp\/v2\/product_cat?post=998459"},{"taxonomy":"product_tag","embeddable":true,"href":"https:\/\/dolores.ee\/lv\/wp-json\/wp\/v2\/product_tag?post=998459"},{"taxonomy":"giftcard-category","embeddable":true,"href":"https:\/\/dolores.ee\/lv\/wp-json\/wp\/v2\/giftcard-category?post=998459"}],"curies":[{"name":"wp","href":"https:\/\/api.w.org\/{rel}","templated":true}]}}